{"id":28417,"date":"2020-07-09T09:57:58","date_gmt":"2020-07-09T09:57:58","guid":{"rendered":"https:\/\/www.accuratereviews.com\/?page_id=28417"},"modified":"2020-07-09T09:57:58","modified_gmt":"2020-07-09T09:57:58","slug":"sap-litmos-recensione","status":"publish","type":"page","link":"https:\/\/www.accuratereviews.com\/it\/software-formazione-online\/sap-litmos-recensione\/","title":{"rendered":"SAP Litmos"},"content":{"rendered":"<p><strong>SAP Litmos<\/strong> \u00e8 uno dei principali <strong>sistemi di apprendimento<\/strong> aziendale sul mercato costruito per accelerare la formazione di team interni ed esterni. Semplice e facile da usare non richiede n\u00e9 formazione dedicata n\u00e9 installazioni costose. Il gruppo target dell&#8217;azienda comprende principalmente societ\u00e0 di fascia media e imprese affermate, mentre la sua base di clienti elenca gi\u00e0 un numero di importanti membri di Fortune 1000. Il sistema \u00e8 organizzato in maniera ordinata con dashboard di amministrazione standard, con un grafico centrale che compila accessi utente, attivit\u00e0 completate e collegamenti alle attivit\u00e0 dell&#8217;amministratore e una barra posizionata a sinistra che elenca i corsi, i gruppi, le conversazioni, i rapporti e le impostazioni di sistema. Questo si occupa di tutto il necessario per gestire con successo un programma di apprendimento. Il sistema ti consente di creare corsi interattivi e implementare classifiche, badge, punti e altre funzionalit\u00e0 di gamification per motivare il tuo team.<\/p>\n<h2>SAP LITMOS &#8211; TUTORIAL<\/h2>\n<p>Il tutorial che segue mostra come l&#8217;interfaccia di questo software di formazione online:<\/p>\n<div id=\"fluid-wrapper-counter-1\" class=\"g1-fluid-wrapper \" style=\"width:686px;\">\n<div style=\"padding-bottom:56.268221574344%;\"><iframe loading=\"lazy\" title=\"SAP LITMOS Presentacio\u0301n\" width=\"686\" height=\"386\" src=\"https:\/\/www.youtube.com\/embed\/hStkNNK41TA?feature=oembed&amp;wmode=transparent&amp;autohide=1&amp;autoplay=0&amp;disablekb=0&amp;fs=1&amp;loop=0&amp;enablejsapi=1&amp;rel=0&amp;controls=2&amp;showinfo=0&amp;wmode=transparent&amp;autohide=2&amp;autoplay=0&amp;disablekb=0&amp;fs=1&amp;loop=0&amp;enablejsapi=1&amp;rel=0&amp;controls=2&amp;showinfo=1\" frameborder=\"0\" allow=\"accelerometer; autoplay; encrypted-media; gyroscope; picture-in-picture\" allowfullscreen><\/iframe><\/div>\n<\/div>\n<h3>SAP LITMOS &#8211; CARATTERISTICHE<\/h3>\n<div class=\"vc_row wpb_row vc_inner vc_row-fluid\">\n<div class=\"wpb_column vc_column_container vc_col-sm-4\">\n<div class=\"vc_column-inner\">\n<div class=\"wpb_wrapper\">\n<div class=\"wpb_text_column wpb_content_element \">\n<div class=\"wpb_wrapper\">\n<p><strong>Strumento per la creazione di\u00a0corsi online e gestione dei contenuti<\/strong>: puoi usare gli strumenti di creazione dei contenuti integrati che supportano diversi formati. Tutti gli strumenti di cui hai bisogno sono sempre a portata di mano<\/p>\n<\/div>\n<\/div>\n<\/div>\n<\/div>\n<\/div>\n<div class=\"wpb_column vc_column_container vc_col-sm-4\">\n<div class=\"vc_column-inner\">\n<div class=\"wpb_wrapper\">\n<div class=\"wpb_text_column wpb_content_element \">\n<div class=\"wpb_wrapper\">\n<p><strong>Valutazioni video<\/strong>: consenti agli allievi di registrare e caricare video delle proprie esercitazioni con tecniche comunicative come presentazioni di prodotti o elevator pitch. I video vengono valutati tramite una funzionalit\u00e0 di IA che analizza le parole chiave (da usare e non) e la velocit\u00e0 del discorso. Inoltre, vengono sottoposti al giudizio di coach e manager<\/p>\n<\/div>\n<\/div>\n<\/div>\n<\/div>\n<\/div>\n<div class=\"wpb_column vc_column_container vc_col-sm-4\">\n<div class=\"vc_column-inner\">\n<div class=\"wpb_wrapper\">\n<div class=\"wpb_text_column wpb_content_element \">\n<div class=\"wpb_wrapper\">\n<p><strong>Monitoraggio e reportistica<\/strong>: se utilizzi un LMS, devi monitorare i progressi e l&#8217;attivit\u00e0 dei tuoi allievi. Il software ti consente di verificare i risultati e approfondire l&#8217;impatto della formazione tramite report e dashboard, oppure di creare report personalizzati e inviarli per email<\/p>\n<\/div>\n<\/div>\n<\/div>\n<\/div>\n<\/div>\n<\/div>\n<div class=\"vc_row wpb_row vc_inner vc_row-fluid\">\n<div class=\"wpb_column vc_column_container vc_col-sm-4\">\n<div class=\"vc_column-inner\">\n<div class=\"wpb_wrapper\">\n<div class=\"wpb_text_column wpb_content_element \">\n<div class=\"wpb_wrapper\">\n<p><strong>Formazione con istruttore (ILT): <\/strong>programma sessioni di formazione virtuali o in aula con l&#8217;intuitivo modulo ILT, pensato per essere semplice e alla portata di tutti. La soluzione fornisce feedback degli utenti, valutazioni dei corsi e un facile accesso ai progressi degli studenti. Per gli istruttori utilizzare un LMS non \u00e8 mai stato cos\u00ec facile<\/p>\n<\/div>\n<\/div>\n<\/div>\n<\/div>\n<\/div>\n<div class=\"wpb_column vc_column_container vc_col-sm-4\">\n<div class=\"vc_column-inner\">\n<div class=\"wpb_wrapper\">\n<div class=\"wpb_text_column wpb_content_element \">\n<div class=\"wpb_wrapper\">\n<p><strong>Ecommerce<\/strong>: ti permette di monetizzare i corsi offerti sfruttando le funzionalit\u00e0 di e-commerce gi\u00e0 pronte o di configurare una vetrina virtuale grazie alla potente integrazione con Shopify<\/p>\n<\/div>\n<\/div>\n<\/div>\n<\/div>\n<\/div>\n<div class=\"wpb_column vc_column_container vc_col-sm-4\">\n<div class=\"vc_column-inner\">\n<div class=\"wpb_wrapper\">\n<div class=\"wpb_text_column wpb_content_element \">\n<div class=\"wpb_wrapper\">\n<p><strong>Gamification<\/strong>: aumenta il coinvolgimento e la motivazione degli allievi riconoscendo i loro successi e assegnando punti e medaglie in base alla partecipazione di ciascuno sulla piattaforma. Stimola la competizione amichevole e incoraggia gli allievi a completare pi\u00f9 corsi per guadagnare posizioni in classifica<\/p>\n<\/div>\n<\/div>\n<\/div>\n<\/div>\n<\/div>\n<\/div>\n<div class=\"vc_row wpb_row vc_inner vc_row-fluid\">\n<div class=\"wpb_column vc_column_container vc_col-sm-4\">\n<div class=\"vc_column-inner\">\n<div class=\"wpb_wrapper\">\n<div class=\"wpb_text_column wpb_content_element \">\n<div class=\"wpb_wrapper\">\n<p><strong>Percorsi di apprendimento personalizzati<\/strong>: raggruppa pi\u00f9 corsi secondo un criterio logico per creare percorsi di apprendimento su misura per gli allievi<\/p>\n<\/div>\n<\/div>\n<\/div>\n<\/div>\n<\/div>\n<div class=\"wpb_column vc_column_container vc_col-sm-4\">\n<div class=\"vc_column-inner\">\n<div class=\"wpb_wrapper\">\n<div class=\"wpb_text_column wpb_content_element \">\n<div class=\"wpb_wrapper\">\n<p><strong>Formazione sui social e notifiche<\/strong>: ricevi notifiche in tempo reale relative all&#8217;attivit\u00e0 di team e allievi. Ottieni un tasso di completamento dei corsi pi\u00f9 \u00a0alto grazie a notifiche e strumenti di comunicazione senza pari. Con un LMS sarai sempre al passo con i tuoi studenti<\/p>\n<\/div>\n<\/div>\n<\/div>\n<\/div>\n<\/div>\n<div class=\"wpb_column vc_column_container vc_col-sm-4\">\n<div class=\"vc_column-inner\">\n<div class=\"wpb_wrapper\">\n<div class=\"wpb_text_column wpb_content_element \">\n<div class=\"wpb_wrapper\">\n<p><strong>Automazione delle attivit\u00e0<\/strong>: un LMS di alta qualit\u00e0 dovrebbe offrire ad amministratori e istruttori la possibilit\u00e0 di aggiungere o completare attivit\u00e0 in modo automatico, dando loro pi\u00f9 tempo per concentrarsi sull&#8217;insegnamento. \u00a0\u00c8 in grado di automatizzare diverse operazioni, ad esempio la registrazione di gruppi e l&#8217;assegnazione di attivit\u00e0<\/p>\n<h4>LE RECENSIONI DEGLI UTENTI<\/h4>\n<h4 class=\"font-weight-bold my-1 d-flex align-items-center\">Maurice G.&#8221;Litmos Heroes !!&#8221;<\/h4>\n<p><strong>Commenti: <\/strong>\u00c8 stata una nuova mossa da ci\u00f2 a cui eravamo abituati in origine. Ci ha fatto conoscere il concetto di microlearning e gamification che a sua volta ha migliorato sia la conservazione che la crescita delle conoscenze dei nostri studenti.<\/p>\n<p><strong>Vantaggi: <\/strong>Ti d\u00e0 la possibilit\u00e0 di annidare i tuoi contenuti in se stesso e non solo concentrarti su ci\u00f2 che ti forniscono.<\/p>\n<p><strong>Inconvenienti: <\/strong>Il supporto post-vendita della piattaforma \u00e8 di per s\u00e9 un problema. Sei un po &#8216;lasciato a badare a te stesso dopo aver completato la piena attuazione.<\/p>\n<h4 class=\"font-weight-bold my-1 d-flex align-items-center\">Jill M.&#8221;Continua a migliorare!&#8221;<\/h4>\n<p><strong>Commenti: <\/strong>Siamo in grado di fornire i nostri contenuti di e-learning ai nostri utenti molto rapidamente. E, dal momento che sono responsabile della comunicazione, mi piace anche la funzione Notizie e la possibilit\u00e0 di inviare email a tutti contemporaneamente!<\/p>\n<p><strong>Vantaggi: <\/strong>Mi piace il fatto che sia abbastanza intuitivo. Per la maggior parte, potresti capirlo da solo. In questo momento sta funzionando bene per noi. Stiamo riscontrando problemi con Flash Player e i blocchi popup, ma penso che questo sia pi\u00f9 un &#8220;prodotto&#8221; del nostro strumento di creazione che dell&#8217;LMS. Oltre a questo, siamo per lo pi\u00f9 fluidi a vela.<\/p>\n<p><strong>Inconvenienti: <\/strong>La segnalazione deve sicuramente diventare pi\u00f9 solida. Vorremmo vedere i rapporti che forniscono il tempo &#8211; il tempo speso per modulo, il tempo totale speso per imparare questo o quel corso, ecc. Abbiamo richieste da parte dei manager su questo ed \u00e8 molto difficile &#8211; se non impossibile &#8211; fornire.<\/p>\n<h4 class=\"font-weight-bold my-1 d-flex align-items-center\">Kim P.&#8221;Strumento prezioso per il prezzo&#8221;<\/h4>\n<p><strong>Vantaggi: <\/strong>Litmos \u00e8 facile da usare nel complesso. Siamo in grado di definire i nostri percorsi di apprendimento, rendere le lezioni attive o inattive e aggiungere o disattivare rapidamente gli utenti.<\/p>\n<p><strong>Inconvenienti: <\/strong>L&#8217;assistenza clienti non \u00e8 molto buona. Abbiamo avuto un problema con molti dei Litmos a condizione che i video non fossero riprodotti e abbiamo scoperto settimane dopo che quei video particolari erano stati abbandonati. Quelli che erano stati sostituiti andavano bene ma non erano buoni come quelli che abbiamo perso e ci \u00e8 voluto troppo tempo per scoprirlo. Presumibilmente abbiamo avuto un problema di accesso a causa di una fattura non pagata, ma avevamo la ricevuta pagata e fornita numerose volte prima che fosse concesso nuovamente l&#8217;accesso.<\/p>\n<\/div>\n<\/div>\n<\/div>\n<\/div>\n<\/div>\n<\/div>\n","protected":false},"excerpt":{"rendered":"<p>SAP Litmos \u00e8 uno dei principali sistemi di apprendimento aziendale sul mercato costruito per accelerare la formazione di team interni ed esterni. Semplice e facile da usare non richiede n\u00e9 formazione dedicata n\u00e9 installazioni costose.\u00a0Il gruppo target dell&#8217;azienda comprende principalmente societ\u00e0 di fascia media e imprese affermate, mentre la sua base di clienti elenca gi\u00e0 un numero di importanti membri di Fortune 1000.<\/p>\n","protected":false},"author":19,"featured_media":28418,"parent":28265,"menu_order":0,"comment_status":"open","ping_status":"closed","template":"g1_template_page_review_new.php","meta":{"_acf_changed":false,"cwp_meta_box_check":"Yes","cwp_rev_product_name":"","cwp_rev_product_image":"","wppr_links":[],"cwp_rev_price":"","wppr_options":[],"wppr_pros":[],"wppr_cons":[],"_monsterinsights_skip_tracking":false,"_monsterinsights_sitenote_active":false,"_monsterinsights_sitenote_note":"","_monsterinsights_sitenote_category":0,"footnotes":""},"categories":[3163],"tags":[3167,3166,3212,3172,3165],"features":[],"class_list":{"0":"post-28417","1":"page","2":"type-page","3":"status-publish","4":"has-post-thumbnail","6":"category-software-formazione-online","7":"tag-piattaforma-formazione-online","8":"tag-programma-formazione-online","9":"tag-sap-litmos","10":"tag-software-formazione-oline","11":"tag-soluzione-formazione-online"},"wppr_data":{"cwp_meta_box_check":"Yes","cwp_rev_product_name":"","cwp_rev_product_image":"","cwp_image_link":"image","cwp_rev_price":"","wppr_rating":"0.00"},"acf":[],"yoast_head":"<!-- This site is optimized with the Yoast SEO plugin v27.4 - https:\/\/yoast.com\/product\/yoast-seo-wordpress\/ -->\n<title>Sap Litmos: recensione software formazione oline - Accurate Reviews<\/title>\n<meta name=\"description\" content=\"SAP Litmos: recensione dei principali sistemi di apprendimento aziendale sul mercato costruito per accelerare la formazione di team interni ed esterni.\" \/>\n<meta name=\"robots\" content=\"index, follow, max-snippet:-1, max-image-preview:large, max-video-preview:-1\" \/>\n<link rel=\"canonical\" href=\"https:\/\/www.accuratereviews.com\/it\/software-formazione-online\/sap-litmos-recensione\/\" \/>\n<meta property=\"og:locale\" content=\"it_IT\" \/>\n<meta property=\"og:type\" content=\"article\" \/>\n<meta property=\"og:title\" content=\"Sap Litmos: recensione software formazione oline - Accurate Reviews\" \/>\n<meta property=\"og:description\" content=\"SAP Litmos: recensione dei principali sistemi di apprendimento aziendale sul mercato costruito per accelerare la formazione di team interni ed esterni.\" \/>\n<meta property=\"og:url\" content=\"https:\/\/www.accuratereviews.com\/it\/software-formazione-online\/sap-litmos-recensione\/\" \/>\n<meta property=\"og:site_name\" content=\"Accurate Reviews\" \/>\n<meta property=\"og:image\" content=\"https:\/\/www.accuratereviews.com\/wp-content\/uploads\/2020\/07\/sap-litmos.jpg\" \/>\n\t<meta property=\"og:image:width\" content=\"810\" \/>\n\t<meta property=\"og:image:height\" content=\"456\" \/>\n\t<meta property=\"og:image:type\" content=\"image\/jpeg\" \/>\n<meta name=\"twitter:card\" content=\"summary_large_image\" \/>\n<meta name=\"twitter:label1\" content=\"Tempo di lettura stimato\" \/>\n\t<meta name=\"twitter:data1\" content=\"5 minuti\" \/>\n<script type=\"application\/ld+json\" class=\"yoast-schema-graph\">{\"@context\":\"https:\\\/\\\/schema.org\",\"@graph\":[{\"@type\":\"WebPage\",\"@id\":\"https:\\\/\\\/www.accuratereviews.com\\\/it\\\/software-formazione-online\\\/sap-litmos-recensione\\\/\",\"url\":\"https:\\\/\\\/www.accuratereviews.com\\\/it\\\/software-formazione-online\\\/sap-litmos-recensione\\\/\",\"name\":\"Sap Litmos: recensione software formazione oline - Accurate Reviews\",\"isPartOf\":{\"@id\":\"https:\\\/\\\/www.accuratereviews.com\\\/it\\\/#website\"},\"primaryImageOfPage\":{\"@id\":\"https:\\\/\\\/www.accuratereviews.com\\\/it\\\/software-formazione-online\\\/sap-litmos-recensione\\\/#primaryimage\"},\"image\":{\"@id\":\"https:\\\/\\\/www.accuratereviews.com\\\/it\\\/software-formazione-online\\\/sap-litmos-recensione\\\/#primaryimage\"},\"thumbnailUrl\":\"https:\\\/\\\/www.accuratereviews.com\\\/wp-content\\\/uploads\\\/2020\\\/07\\\/sap-litmos.jpg\",\"datePublished\":\"2020-07-09T09:57:58+00:00\",\"description\":\"SAP Litmos: recensione dei principali sistemi di apprendimento aziendale sul mercato costruito per accelerare la formazione di team interni ed esterni.\",\"breadcrumb\":{\"@id\":\"https:\\\/\\\/www.accuratereviews.com\\\/it\\\/software-formazione-online\\\/sap-litmos-recensione\\\/#breadcrumb\"},\"inLanguage\":\"it-IT\",\"potentialAction\":[{\"@type\":\"ReadAction\",\"target\":[\"https:\\\/\\\/www.accuratereviews.com\\\/it\\\/software-formazione-online\\\/sap-litmos-recensione\\\/\"]}]},{\"@type\":\"ImageObject\",\"inLanguage\":\"it-IT\",\"@id\":\"https:\\\/\\\/www.accuratereviews.com\\\/it\\\/software-formazione-online\\\/sap-litmos-recensione\\\/#primaryimage\",\"url\":\"https:\\\/\\\/www.accuratereviews.com\\\/wp-content\\\/uploads\\\/2020\\\/07\\\/sap-litmos.jpg\",\"contentUrl\":\"https:\\\/\\\/www.accuratereviews.com\\\/wp-content\\\/uploads\\\/2020\\\/07\\\/sap-litmos.jpg\",\"width\":810,\"height\":456},{\"@type\":\"BreadcrumbList\",\"@id\":\"https:\\\/\\\/www.accuratereviews.com\\\/it\\\/software-formazione-online\\\/sap-litmos-recensione\\\/#breadcrumb\",\"itemListElement\":[{\"@type\":\"ListItem\",\"position\":1,\"name\":\"Home\",\"item\":\"https:\\\/\\\/www.accuratereviews.com\\\/it\\\/\"},{\"@type\":\"ListItem\",\"position\":2,\"name\":\"Software formazione online\",\"item\":\"https:\\\/\\\/www.accuratereviews.com\\\/it\\\/software-formazione-online\\\/\"},{\"@type\":\"ListItem\",\"position\":3,\"name\":\"SAP Litmos\"}]},{\"@type\":\"WebSite\",\"@id\":\"https:\\\/\\\/www.accuratereviews.com\\\/it\\\/#website\",\"url\":\"https:\\\/\\\/www.accuratereviews.com\\\/it\\\/\",\"name\":\"Accurate Reviews\",\"description\":\"\",\"potentialAction\":[{\"@type\":\"SearchAction\",\"target\":{\"@type\":\"EntryPoint\",\"urlTemplate\":\"https:\\\/\\\/www.accuratereviews.com\\\/it\\\/?s={search_term_string}\"},\"query-input\":{\"@type\":\"PropertyValueSpecification\",\"valueRequired\":true,\"valueName\":\"search_term_string\"}}],\"inLanguage\":\"it-IT\"}]}<\/script>\n<!-- \/ Yoast SEO plugin. -->","yoast_head_json":{"title":"Sap Litmos: recensione software formazione oline - Accurate Reviews","description":"SAP Litmos: recensione dei principali sistemi di apprendimento aziendale sul mercato costruito per accelerare la formazione di team interni ed esterni.","robots":{"index":"index","follow":"follow","max-snippet":"max-snippet:-1","max-image-preview":"max-image-preview:large","max-video-preview":"max-video-preview:-1"},"canonical":"https:\/\/www.accuratereviews.com\/it\/software-formazione-online\/sap-litmos-recensione\/","og_locale":"it_IT","og_type":"article","og_title":"Sap Litmos: recensione software formazione oline - Accurate Reviews","og_description":"SAP Litmos: recensione dei principali sistemi di apprendimento aziendale sul mercato costruito per accelerare la formazione di team interni ed esterni.","og_url":"https:\/\/www.accuratereviews.com\/it\/software-formazione-online\/sap-litmos-recensione\/","og_site_name":"Accurate Reviews","og_image":[{"width":810,"height":456,"url":"https:\/\/www.accuratereviews.com\/wp-content\/uploads\/2020\/07\/sap-litmos.jpg","type":"image\/jpeg"}],"twitter_card":"summary_large_image","twitter_misc":{"Tempo di lettura stimato":"5 minuti"},"schema":{"@context":"https:\/\/schema.org","@graph":[{"@type":"WebPage","@id":"https:\/\/www.accuratereviews.com\/it\/software-formazione-online\/sap-litmos-recensione\/","url":"https:\/\/www.accuratereviews.com\/it\/software-formazione-online\/sap-litmos-recensione\/","name":"Sap Litmos: recensione software formazione oline - Accurate Reviews","isPartOf":{"@id":"https:\/\/www.accuratereviews.com\/it\/#website"},"primaryImageOfPage":{"@id":"https:\/\/www.accuratereviews.com\/it\/software-formazione-online\/sap-litmos-recensione\/#primaryimage"},"image":{"@id":"https:\/\/www.accuratereviews.com\/it\/software-formazione-online\/sap-litmos-recensione\/#primaryimage"},"thumbnailUrl":"https:\/\/www.accuratereviews.com\/wp-content\/uploads\/2020\/07\/sap-litmos.jpg","datePublished":"2020-07-09T09:57:58+00:00","description":"SAP Litmos: recensione dei principali sistemi di apprendimento aziendale sul mercato costruito per accelerare la formazione di team interni ed esterni.","breadcrumb":{"@id":"https:\/\/www.accuratereviews.com\/it\/software-formazione-online\/sap-litmos-recensione\/#breadcrumb"},"inLanguage":"it-IT","potentialAction":[{"@type":"ReadAction","target":["https:\/\/www.accuratereviews.com\/it\/software-formazione-online\/sap-litmos-recensione\/"]}]},{"@type":"ImageObject","inLanguage":"it-IT","@id":"https:\/\/www.accuratereviews.com\/it\/software-formazione-online\/sap-litmos-recensione\/#primaryimage","url":"https:\/\/www.accuratereviews.com\/wp-content\/uploads\/2020\/07\/sap-litmos.jpg","contentUrl":"https:\/\/www.accuratereviews.com\/wp-content\/uploads\/2020\/07\/sap-litmos.jpg","width":810,"height":456},{"@type":"BreadcrumbList","@id":"https:\/\/www.accuratereviews.com\/it\/software-formazione-online\/sap-litmos-recensione\/#breadcrumb","itemListElement":[{"@type":"ListItem","position":1,"name":"Home","item":"https:\/\/www.accuratereviews.com\/it\/"},{"@type":"ListItem","position":2,"name":"Software formazione online","item":"https:\/\/www.accuratereviews.com\/it\/software-formazione-online\/"},{"@type":"ListItem","position":3,"name":"SAP Litmos"}]},{"@type":"WebSite","@id":"https:\/\/www.accuratereviews.com\/it\/#website","url":"https:\/\/www.accuratereviews.com\/it\/","name":"Accurate Reviews","description":"","potentialAction":[{"@type":"SearchAction","target":{"@type":"EntryPoint","urlTemplate":"https:\/\/www.accuratereviews.com\/it\/?s={search_term_string}"},"query-input":{"@type":"PropertyValueSpecification","valueRequired":true,"valueName":"search_term_string"}}],"inLanguage":"it-IT"}]}},"_links":{"self":[{"href":"https:\/\/www.accuratereviews.com\/it\/wp-json\/wp\/v2\/pages\/28417","targetHints":{"allow":["GET"]}}],"collection":[{"href":"https:\/\/www.accuratereviews.com\/it\/wp-json\/wp\/v2\/pages"}],"about":[{"href":"https:\/\/www.accuratereviews.com\/it\/wp-json\/wp\/v2\/types\/page"}],"author":[{"embeddable":true,"href":"https:\/\/www.accuratereviews.com\/it\/wp-json\/wp\/v2\/users\/19"}],"replies":[{"embeddable":true,"href":"https:\/\/www.accuratereviews.com\/it\/wp-json\/wp\/v2\/comments?post=28417"}],"version-history":[{"count":5,"href":"https:\/\/www.accuratereviews.com\/it\/wp-json\/wp\/v2\/pages\/28417\/revisions"}],"predecessor-version":[{"id":28435,"href":"https:\/\/www.accuratereviews.com\/it\/wp-json\/wp\/v2\/pages\/28417\/revisions\/28435"}],"up":[{"embeddable":true,"href":"https:\/\/www.accuratereviews.com\/it\/wp-json\/wp\/v2\/pages\/28265"}],"wp:featuredmedia":[{"embeddable":true,"href":"https:\/\/www.accuratereviews.com\/it\/wp-json\/wp\/v2\/media\/28418"}],"wp:attachment":[{"href":"https:\/\/www.accuratereviews.com\/it\/wp-json\/wp\/v2\/media?parent=28417"}],"wp:term":[{"taxonomy":"category","embeddable":true,"href":"https:\/\/www.accuratereviews.com\/it\/wp-json\/wp\/v2\/categories?post=28417"},{"taxonomy":"post_tag","embeddable":true,"href":"https:\/\/www.accuratereviews.com\/it\/wp-json\/wp\/v2\/tags?post=28417"},{"taxonomy":"features","embeddable":true,"href":"https:\/\/www.accuratereviews.com\/it\/wp-json\/wp\/v2\/features?post=28417"}],"curies":[{"name":"wp","href":"https:\/\/api.w.org\/{rel}","templated":true}]}}