{"id":28479,"date":"2020-07-10T10:45:14","date_gmt":"2020-07-10T10:45:14","guid":{"rendered":"https:\/\/www.accuratereviews.com\/?page_id=28479"},"modified":"2020-07-10T10:45:14","modified_gmt":"2020-07-10T10:45:14","slug":"absorb-lms-recensione","status":"publish","type":"page","link":"https:\/\/www.accuratereviews.com\/it\/software-formazione-online\/absorb-lms-recensione\/","title":{"rendered":"Absorb LMS"},"content":{"rendered":"<p><strong>Absorb LMS<\/strong> \u00e8 una <strong>piattaforma<\/strong> che aiuta a<strong> promuovere l&#8217;apprendimento<\/strong> continuo dei dipendenti. Con la sua scalabilit\u00e0, pu\u00f2 crescere con le tue esigenze. La soluzione\u00a0ha librerie di contenuti in cui \u00e8 possibile trovare corsi pronti all&#8217;uso. Puoi anche abilitare l&#8217;apprendimento sociale fornendo agli amministratori strumenti di collaborazione per interagire con gli studenti. Inoltre, puoi massimizzare l&#8217;efficienza automatizzando determinate attivit\u00e0, consentendo a te e agli istruttori di concentrarsi maggiormente sulle discussioni con gli studenti.\u00a0E se miri a monetizzare i tuoi corsi, <strong>Absorb LMS<\/strong> ha un modulo di ecommerce. Con questo, sarebbe facile per te gestire i corsi che stai vendendo, dai prezzi e gli sconti alla configurazione fiscale. Il software\u00a0ha molto altro da offrire e puoi adattarlo ai tuoi bisogni.<\/p>\n<h2>ABSORB LMS &#8211; TUTORIAL<\/h2>\n<p>Migliora il tuo programma di apprendimento utilizzando i dati di reporting e analisi di questo <strong>software formazione online<\/strong> per guidare il processo decisionale.<\/p>\n<div id=\"fluid-wrapper-counter-1\" class=\"g1-fluid-wrapper \" style=\"width:686px;\">\n<div style=\"padding-bottom:56.268221574344%;\"><iframe loading=\"lazy\" title=\"Gain Deep Learning Insights with Absorb LMS Reporting and Analytics\" width=\"686\" height=\"386\" src=\"https:\/\/www.youtube.com\/embed\/eJ-c6EU-MCY?feature=oembed&amp;wmode=transparent&amp;autohide=1&amp;autoplay=0&amp;disablekb=0&amp;fs=1&amp;loop=0&amp;enablejsapi=1&amp;rel=0&amp;controls=2&amp;showinfo=0&amp;wmode=transparent&amp;autohide=2&amp;autoplay=0&amp;disablekb=0&amp;fs=1&amp;loop=0&amp;enablejsapi=1&amp;rel=0&amp;controls=2&amp;showinfo=1\" frameborder=\"0\" allow=\"accelerometer; autoplay; encrypted-media; gyroscope; picture-in-picture\" allowfullscreen><\/iframe><\/div>\n<\/div>\n<h3>ABSORB LMS &#8211; CARATTERISTICHE<\/h3>\n<ul>\n<li>Mostra i dati per dipartimento e corso<\/li>\n<li>Visualizza gli accessi nel tempo, interattivi per tutti gli amministratori<\/li>\n<li>Accedi rapidamente ai rapporti salvati, condivisi o condivisi con te.<\/li>\n<li>Tenere traccia delle competenze acquisite nell&#8217;LMS<\/li>\n<li>Utilizzare il testo normale o HTML per includere un messaggio o un&#8217;immagine su una dashboard.<\/li>\n<li>Formati di contenuti multimediali, come video, documenti e webinar<\/li>\n<li>Apprendimento in movimento tramite l&#8217;app mobile Absorb Learn<\/li>\n<li>Progettazione reattiva su piattaforme desktop e mobili<\/li>\n<li>Apprendimento social per creare connessione<\/li>\n<li>Interfacce e navigazione intuitive<\/li>\n<li>Corsi e programmi su cartelloni pubblicitari personalizzati<\/li>\n<li>Promuovi gamification e competizione con classifiche<\/li>\n<li>Ottieni partecipazione e feedback con sondaggi<\/li>\n<li>Collega gli studenti ai social media della tua organizzazione<\/li>\n<li>Aggiorna i tuoi studenti con notizie pertinenti<\/li>\n<li>Visualizzazione avanzata dei dati<\/li>\n<li>Dashboard di reporting personalizzati<\/li>\n<li>Accesso API per l&#8217;integrazione dei dati<\/li>\n<li>Analisi dei dati pi\u00f9 approfondita<\/li>\n<\/ul>\n<h4>LE RECENSIONE DEGLI UTENTI<\/h4>\n<h4 class=\"font-weight-bold my-1 d-flex align-items-center\">Everett A.&#8221;Absorb \u00e8 stata una piattaforma facile da usare per soddisfare le nostre esigenze di e-learning per la nostra comunit\u00e0.&#8221;<\/h4>\n<p><strong>Commenti: <\/strong>Ci consente di coinvolgere la nostra comunit\u00e0 attraverso l&#8217;eLearning mostrando corsi, webinar e lezioni pertinenti al nostro campo di lavoro. Ci consente di mantenere i nostri studenti impegnati, connessi e tenuti aggiornati con idee e buone pratiche. Ci offre l&#8217;opportunit\u00e0 di rappresentarci come esperti nel nostro campo.<\/p>\n<p><strong>Vantaggi: <\/strong>Creazione e sviluppo dei contenuti del corso in modo semplice e diretto. Divertiti a fare modifiche e aggiornamenti rapidi ai corsi pubblicati. Facilit\u00e0 di importazione di corsi da vari tipi di API. Il personale di supporto \u00e8 molto attento e disponibile con gli studenti e problemi di sistema. Il back-end dell&#8217;amministratore \u00e8 molto flessibile e facile da usare. Divertiti usando la funzione &#8220;impersonare&#8221;, che pu\u00f2 identificare rapidamente i problemi. In questo modo il framework di Absorb \u00e8 ancora in fase di sviluppo, il che consente nuove innovazioni, cercando modi per migliorare e rimanere pertinenti.<\/p>\n<p><strong>Inconvenienti: <\/strong>Le funzionalit\u00e0 di reporting richiedono ancora un po &#8216;di sviluppo per consentire un maggiore controllo e opzioni per ci\u00f2 che deve essere salvato nel documento di esportazione del report. Fornire pi\u00f9 opzioni per i dati visualizzati da una trascrizione dello studente. Alcune funzioni di estrazione dei dati dalle metriche possono essere un po &#8216;complicate.<\/p>\n<h5 class=\"font-weight-bold my-1 d-flex align-items-center\">Justin H.&#8221;Absorb LMS&#8221;<\/h5>\n<p><strong>Vantaggi: <\/strong>Rispetto ad altri sistemi di gestione dell&#8217;apprendimento simili ha una delle migliori interfacce utente e un fascino visivo. Grande livello di personalizzazione per varie esigenze o contesti.<\/p>\n<p><strong>Inconvenienti: <\/strong>Il problema pi\u00f9 grande \u00e8 il costo: a lungo termine non \u00e8 stato praticabile per la mia organizzazione pi\u00f9 piccola rispetto ad altre alternative.<\/p>\n<h4 class=\"font-weight-bold my-1 d-flex align-items-center\">Steve C.&#8221;Absorb ci ha fornito un mix unico di funzionalit\u00e0 e supporto di qualit\u00e0 che ci aiutano a raggiungere i nostri obiettivi.&#8221;<\/h4>\n<p><strong>Commenti: <\/strong>La velocit\u00e0 di consegna dei contenuti a clienti e utenti e con la facilit\u00e0 dell&#8217;utente mgmt, il tempo che dedico alla gestione del sistema \u00e8 ridotto al minimo.<\/p>\n<p><strong>Vantaggi: <\/strong>La facilit\u00e0 di aggiungere corsi, contenuti e allegare materiale pertinente a questo non pu\u00f2 essere trascurata e per me \u00e8 facilmente solo uno degli elementi pi\u00f9 apprezzati. Il flusso di lavoro integrato mi consente di prendere la mia produzione video e i documenti correlati e di collegarli a un corso che pu\u00f2 essere distribuito ai miei utenti in pochi minuti.<\/p>\n<p><strong>Inconvenienti: <\/strong>Niente si distingue davvero come negativo. Un&#8217;area da migliorare sarebbe l&#8217;esportazione dei report: sarebbe bello poter personalizzare l&#8217;aspetto dei report nello strumento prima dell&#8217;esportazione, ed \u00e8 un problema minore in quanto gran parte di questo pu\u00f2 essere fatto comunque tramite l&#8217;esportazione di Excel.<\/p>\n","protected":false},"excerpt":{"rendered":"<p>Absorb LMS \u00e8 una piattaforma che aiuta a promuovere l&#8217;apprendimento continuo dei dipendenti. Con la sua scalabilit\u00e0, pu\u00f2 crescere con le tue esigenze. La soluzione\u00a0ha librerie di contenuti in cui \u00e8 possibile trovare corsi pronti all&#8217;uso. Puoi anche abilitare l&#8217;apprendimento sociale fornendo agli amministratori strumenti di collaborazione per interagire con gli studenti.<\/p>\n","protected":false},"author":19,"featured_media":28480,"parent":28265,"menu_order":0,"comment_status":"open","ping_status":"closed","template":"g1_template_page_review_new.php","meta":{"_acf_changed":false,"cwp_meta_box_check":"Yes","cwp_rev_product_name":"","cwp_rev_product_image":"","wppr_links":[],"cwp_rev_price":"","wppr_options":[],"wppr_pros":[],"wppr_cons":[],"_monsterinsights_skip_tracking":false,"_monsterinsights_sitenote_active":false,"_monsterinsights_sitenote_note":"","_monsterinsights_sitenote_category":0,"footnotes":""},"categories":[3163],"tags":[3234,3237,3236,3235,3167,3166,3172,3210],"features":[],"class_list":{"0":"post-28479","1":"page","2":"type-page","3":"status-publish","4":"has-post-thumbnail","6":"category-software-formazione-online","7":"tag-absorb-lms","8":"tag-active-directory","9":"tag-bamboohr","10":"tag-g-suite","11":"tag-piattaforma-formazione-online","12":"tag-programma-formazione-online","13":"tag-software-formazione-oline","14":"tag-soluzione-formazione-oline"},"wppr_data":{"cwp_meta_box_check":"Yes","cwp_rev_product_name":"","cwp_rev_product_image":"","cwp_image_link":"image","cwp_rev_price":"","wppr_rating":"0.00"},"acf":[],"yoast_head":"<!-- This site is optimized with the Yoast SEO plugin v27.4 - https:\/\/yoast.com\/product\/yoast-seo-wordpress\/ -->\n<title>Absorb LMS: recensione software formazione online - Accurate Reviews<\/title>\n<meta name=\"description\" content=\"Absorb LMS: recensione piattaforma scalabile che aiuta a promuovere l&#039;apprendimento dei dipendenti in modo semplice e completo.\" \/>\n<meta name=\"robots\" content=\"index, follow, max-snippet:-1, max-image-preview:large, max-video-preview:-1\" \/>\n<link rel=\"canonical\" href=\"https:\/\/www.accuratereviews.com\/it\/software-formazione-online\/absorb-lms-recensione\/\" \/>\n<meta property=\"og:locale\" content=\"it_IT\" \/>\n<meta property=\"og:type\" content=\"article\" \/>\n<meta property=\"og:title\" content=\"Absorb LMS: recensione software formazione online - Accurate Reviews\" \/>\n<meta property=\"og:description\" content=\"Absorb LMS: recensione piattaforma scalabile che aiuta a promuovere l&#039;apprendimento dei dipendenti in modo semplice e completo.\" \/>\n<meta property=\"og:url\" content=\"https:\/\/www.accuratereviews.com\/it\/software-formazione-online\/absorb-lms-recensione\/\" \/>\n<meta property=\"og:site_name\" content=\"Accurate Reviews\" \/>\n<meta property=\"og:image\" content=\"https:\/\/www.accuratereviews.com\/wp-content\/uploads\/2020\/07\/absorb.png\" \/>\n\t<meta property=\"og:image:width\" content=\"780\" \/>\n\t<meta property=\"og:image:height\" content=\"336\" \/>\n\t<meta property=\"og:image:type\" content=\"image\/png\" \/>\n<meta name=\"twitter:card\" content=\"summary_large_image\" \/>\n<meta name=\"twitter:label1\" content=\"Tempo di lettura stimato\" \/>\n\t<meta name=\"twitter:data1\" content=\"4 minuti\" \/>\n<script type=\"application\/ld+json\" class=\"yoast-schema-graph\">{\"@context\":\"https:\\\/\\\/schema.org\",\"@graph\":[{\"@type\":\"WebPage\",\"@id\":\"https:\\\/\\\/www.accuratereviews.com\\\/it\\\/software-formazione-online\\\/absorb-lms-recensione\\\/\",\"url\":\"https:\\\/\\\/www.accuratereviews.com\\\/it\\\/software-formazione-online\\\/absorb-lms-recensione\\\/\",\"name\":\"Absorb LMS: recensione software formazione online - Accurate Reviews\",\"isPartOf\":{\"@id\":\"https:\\\/\\\/www.accuratereviews.com\\\/it\\\/#website\"},\"primaryImageOfPage\":{\"@id\":\"https:\\\/\\\/www.accuratereviews.com\\\/it\\\/software-formazione-online\\\/absorb-lms-recensione\\\/#primaryimage\"},\"image\":{\"@id\":\"https:\\\/\\\/www.accuratereviews.com\\\/it\\\/software-formazione-online\\\/absorb-lms-recensione\\\/#primaryimage\"},\"thumbnailUrl\":\"https:\\\/\\\/www.accuratereviews.com\\\/wp-content\\\/uploads\\\/2020\\\/07\\\/absorb.png\",\"datePublished\":\"2020-07-10T10:45:14+00:00\",\"description\":\"Absorb LMS: recensione piattaforma scalabile che aiuta a promuovere l'apprendimento dei dipendenti in modo semplice e completo.\",\"breadcrumb\":{\"@id\":\"https:\\\/\\\/www.accuratereviews.com\\\/it\\\/software-formazione-online\\\/absorb-lms-recensione\\\/#breadcrumb\"},\"inLanguage\":\"it-IT\",\"potentialAction\":[{\"@type\":\"ReadAction\",\"target\":[\"https:\\\/\\\/www.accuratereviews.com\\\/it\\\/software-formazione-online\\\/absorb-lms-recensione\\\/\"]}]},{\"@type\":\"ImageObject\",\"inLanguage\":\"it-IT\",\"@id\":\"https:\\\/\\\/www.accuratereviews.com\\\/it\\\/software-formazione-online\\\/absorb-lms-recensione\\\/#primaryimage\",\"url\":\"https:\\\/\\\/www.accuratereviews.com\\\/wp-content\\\/uploads\\\/2020\\\/07\\\/absorb.png\",\"contentUrl\":\"https:\\\/\\\/www.accuratereviews.com\\\/wp-content\\\/uploads\\\/2020\\\/07\\\/absorb.png\",\"width\":780,\"height\":336},{\"@type\":\"BreadcrumbList\",\"@id\":\"https:\\\/\\\/www.accuratereviews.com\\\/it\\\/software-formazione-online\\\/absorb-lms-recensione\\\/#breadcrumb\",\"itemListElement\":[{\"@type\":\"ListItem\",\"position\":1,\"name\":\"Home\",\"item\":\"https:\\\/\\\/www.accuratereviews.com\\\/it\\\/\"},{\"@type\":\"ListItem\",\"position\":2,\"name\":\"Software formazione online\",\"item\":\"https:\\\/\\\/www.accuratereviews.com\\\/it\\\/software-formazione-online\\\/\"},{\"@type\":\"ListItem\",\"position\":3,\"name\":\"Absorb LMS\"}]},{\"@type\":\"WebSite\",\"@id\":\"https:\\\/\\\/www.accuratereviews.com\\\/it\\\/#website\",\"url\":\"https:\\\/\\\/www.accuratereviews.com\\\/it\\\/\",\"name\":\"Accurate Reviews\",\"description\":\"\",\"potentialAction\":[{\"@type\":\"SearchAction\",\"target\":{\"@type\":\"EntryPoint\",\"urlTemplate\":\"https:\\\/\\\/www.accuratereviews.com\\\/it\\\/?s={search_term_string}\"},\"query-input\":{\"@type\":\"PropertyValueSpecification\",\"valueRequired\":true,\"valueName\":\"search_term_string\"}}],\"inLanguage\":\"it-IT\"}]}<\/script>\n<!-- \/ Yoast SEO plugin. -->","yoast_head_json":{"title":"Absorb LMS: recensione software formazione online - Accurate Reviews","description":"Absorb LMS: recensione piattaforma scalabile che aiuta a promuovere l'apprendimento dei dipendenti in modo semplice e completo.","robots":{"index":"index","follow":"follow","max-snippet":"max-snippet:-1","max-image-preview":"max-image-preview:large","max-video-preview":"max-video-preview:-1"},"canonical":"https:\/\/www.accuratereviews.com\/it\/software-formazione-online\/absorb-lms-recensione\/","og_locale":"it_IT","og_type":"article","og_title":"Absorb LMS: recensione software formazione online - Accurate Reviews","og_description":"Absorb LMS: recensione piattaforma scalabile che aiuta a promuovere l'apprendimento dei dipendenti in modo semplice e completo.","og_url":"https:\/\/www.accuratereviews.com\/it\/software-formazione-online\/absorb-lms-recensione\/","og_site_name":"Accurate Reviews","og_image":[{"width":780,"height":336,"url":"https:\/\/www.accuratereviews.com\/wp-content\/uploads\/2020\/07\/absorb.png","type":"image\/png"}],"twitter_card":"summary_large_image","twitter_misc":{"Tempo di lettura stimato":"4 minuti"},"schema":{"@context":"https:\/\/schema.org","@graph":[{"@type":"WebPage","@id":"https:\/\/www.accuratereviews.com\/it\/software-formazione-online\/absorb-lms-recensione\/","url":"https:\/\/www.accuratereviews.com\/it\/software-formazione-online\/absorb-lms-recensione\/","name":"Absorb LMS: recensione software formazione online - Accurate Reviews","isPartOf":{"@id":"https:\/\/www.accuratereviews.com\/it\/#website"},"primaryImageOfPage":{"@id":"https:\/\/www.accuratereviews.com\/it\/software-formazione-online\/absorb-lms-recensione\/#primaryimage"},"image":{"@id":"https:\/\/www.accuratereviews.com\/it\/software-formazione-online\/absorb-lms-recensione\/#primaryimage"},"thumbnailUrl":"https:\/\/www.accuratereviews.com\/wp-content\/uploads\/2020\/07\/absorb.png","datePublished":"2020-07-10T10:45:14+00:00","description":"Absorb LMS: recensione piattaforma scalabile che aiuta a promuovere l'apprendimento dei dipendenti in modo semplice e completo.","breadcrumb":{"@id":"https:\/\/www.accuratereviews.com\/it\/software-formazione-online\/absorb-lms-recensione\/#breadcrumb"},"inLanguage":"it-IT","potentialAction":[{"@type":"ReadAction","target":["https:\/\/www.accuratereviews.com\/it\/software-formazione-online\/absorb-lms-recensione\/"]}]},{"@type":"ImageObject","inLanguage":"it-IT","@id":"https:\/\/www.accuratereviews.com\/it\/software-formazione-online\/absorb-lms-recensione\/#primaryimage","url":"https:\/\/www.accuratereviews.com\/wp-content\/uploads\/2020\/07\/absorb.png","contentUrl":"https:\/\/www.accuratereviews.com\/wp-content\/uploads\/2020\/07\/absorb.png","width":780,"height":336},{"@type":"BreadcrumbList","@id":"https:\/\/www.accuratereviews.com\/it\/software-formazione-online\/absorb-lms-recensione\/#breadcrumb","itemListElement":[{"@type":"ListItem","position":1,"name":"Home","item":"https:\/\/www.accuratereviews.com\/it\/"},{"@type":"ListItem","position":2,"name":"Software formazione online","item":"https:\/\/www.accuratereviews.com\/it\/software-formazione-online\/"},{"@type":"ListItem","position":3,"name":"Absorb LMS"}]},{"@type":"WebSite","@id":"https:\/\/www.accuratereviews.com\/it\/#website","url":"https:\/\/www.accuratereviews.com\/it\/","name":"Accurate Reviews","description":"","potentialAction":[{"@type":"SearchAction","target":{"@type":"EntryPoint","urlTemplate":"https:\/\/www.accuratereviews.com\/it\/?s={search_term_string}"},"query-input":{"@type":"PropertyValueSpecification","valueRequired":true,"valueName":"search_term_string"}}],"inLanguage":"it-IT"}]}},"_links":{"self":[{"href":"https:\/\/www.accuratereviews.com\/it\/wp-json\/wp\/v2\/pages\/28479","targetHints":{"allow":["GET"]}}],"collection":[{"href":"https:\/\/www.accuratereviews.com\/it\/wp-json\/wp\/v2\/pages"}],"about":[{"href":"https:\/\/www.accuratereviews.com\/it\/wp-json\/wp\/v2\/types\/page"}],"author":[{"embeddable":true,"href":"https:\/\/www.accuratereviews.com\/it\/wp-json\/wp\/v2\/users\/19"}],"replies":[{"embeddable":true,"href":"https:\/\/www.accuratereviews.com\/it\/wp-json\/wp\/v2\/comments?post=28479"}],"version-history":[{"count":6,"href":"https:\/\/www.accuratereviews.com\/it\/wp-json\/wp\/v2\/pages\/28479\/revisions"}],"predecessor-version":[{"id":28508,"href":"https:\/\/www.accuratereviews.com\/it\/wp-json\/wp\/v2\/pages\/28479\/revisions\/28508"}],"up":[{"embeddable":true,"href":"https:\/\/www.accuratereviews.com\/it\/wp-json\/wp\/v2\/pages\/28265"}],"wp:featuredmedia":[{"embeddable":true,"href":"https:\/\/www.accuratereviews.com\/it\/wp-json\/wp\/v2\/media\/28480"}],"wp:attachment":[{"href":"https:\/\/www.accuratereviews.com\/it\/wp-json\/wp\/v2\/media?parent=28479"}],"wp:term":[{"taxonomy":"category","embeddable":true,"href":"https:\/\/www.accuratereviews.com\/it\/wp-json\/wp\/v2\/categories?post=28479"},{"taxonomy":"post_tag","embeddable":true,"href":"https:\/\/www.accuratereviews.com\/it\/wp-json\/wp\/v2\/tags?post=28479"},{"taxonomy":"features","embeddable":true,"href":"https:\/\/www.accuratereviews.com\/it\/wp-json\/wp\/v2\/features?post=28479"}],"curies":[{"name":"wp","href":"https:\/\/api.w.org\/{rel}","templated":true}]}}