{"id":28496,"date":"2020-07-10T10:43:43","date_gmt":"2020-07-10T10:43:43","guid":{"rendered":"https:\/\/www.accuratereviews.com\/?page_id=28496"},"modified":"2020-07-10T10:43:43","modified_gmt":"2020-07-10T10:43:43","slug":"latitudelearning-recensione","status":"publish","type":"page","link":"https:\/\/www.accuratereviews.com\/it\/software-formazione-online\/latitudelearning-recensione\/","title":{"rendered":"LatitudeLearning"},"content":{"rendered":"<p><strong>LatitudeLearning<\/strong> \u00e8 una <strong>soluzione di gestione dell&#8217;apprendimento<\/strong> basata su <strong>cloud<\/strong>. \u00c8 adatto per aziende di tutte le dimensioni, in svariati settori. La soluzione include moduli per la modifica dei messaggi, la gestione delle competenze, la creazione di valutazioni, la configurazione, l&#8217;e-learning, l&#8217;ecommerce, l&#8217;auto-registrazione degli utenti, la gestione degli abbonamenti, il marchio dell&#8217;organizzazione, la gestione dei contenuti dell&#8217;organizzazione e l&#8217;importazione degli utenti.\u00a0Gli strumenti di configurazione di <strong>LatitudeLearning<\/strong> consentono agli utenti di configurare LMS che include l&#8217;organizzazione dei contatti \/ profili, l&#8217;organizzazione dei contenuti e la gestione dell&#8217;esperienza utente. Mentre le funzioni LMS consentono agli utenti di gestire utenti, iscrizioni e tenere traccia dei progressi.\u00a0Gli utenti possono aggiungere e modificare corsi, cataloghi di corsi, major e fornitori di formazione. I corsi possono essere condivisi tra diversi cataloghi di corsi.<\/p>\n<h2>LATITUDELEARNING &#8211; TUTORIAL<\/h2>\n<p>Questo utile video didattico \u00e8 rivolto in particolare a istruttori, manager e amministratori. Ti mostrer\u00e0 come iscrivere gli utenti ai corsi all&#8217;interno del sistema di <strong>gestione dell&#8217;apprendimento<\/strong>:<\/p>\n<div id=\"fluid-wrapper-counter-1\" class=\"g1-fluid-wrapper \" style=\"width:686px;\">\n<div style=\"padding-bottom:56.268221574344%;\"><iframe loading=\"lazy\" title=\"Latitude Learning LMS: How to Enroll Others\" width=\"686\" height=\"386\" src=\"https:\/\/www.youtube.com\/embed\/8bD1WViL8Es?feature=oembed&amp;wmode=transparent&amp;autohide=1&amp;autoplay=0&amp;disablekb=0&amp;fs=1&amp;loop=0&amp;enablejsapi=1&amp;rel=0&amp;controls=2&amp;showinfo=0&amp;wmode=transparent&amp;autohide=2&amp;autoplay=0&amp;disablekb=0&amp;fs=1&amp;loop=0&amp;enablejsapi=1&amp;rel=0&amp;controls=2&amp;showinfo=1\" frameborder=\"0\" allow=\"accelerometer; autoplay; encrypted-media; gyroscope; picture-in-picture\" allowfullscreen><\/iframe><\/div>\n<\/div>\n<h2>LATITUDELEARNING &#8211; CARATTERISTICHE<\/h2>\n<p><strong>Canale specifico per la formazione: <\/strong>la formazione del canale presenta le proprie dinamiche e problemi, vale a dire: gli studenti non sono noti; Nessun controllo di gestione sulla formazione; Gli studenti si trovano in luoghi diversi; Gli studenti hanno ambienti di apprendimento diversi. Il software cerca di affrontare questi problemi con la Roadmap sulle prestazioni del canale specifica per la formazione del canale. Include l&#8217;onboarding dei partner che consente ai partner di gestire i propri studenti sotto la guida e i percorsi dei corsi.<\/p>\n<p><strong>Supporto end-to-end<\/strong>: supporto dall&#8217;onboarding alla manutenzione. Questi includono l&#8217;identificazione dei tipi di programmi di formazione che soddisfano le tue esigenze e la valutazione di obiettivi, flussi di lavoro e strategie misurabili. Il supporto include anche controlli regolari, aggiornamenti e supporto amministrativo.<\/p>\n<p><strong>Sviluppo aperto<\/strong>:partecipa a suggerimenti, sviluppo e introduzione di nuove funzionalit\u00e0 a LMS. Utilizzando un processo trasparente, il team di sviluppo prodotto del fornitore pu\u00f2 ascoltare le tue idee laddove meritato, condurre un processo di voto per le priorit\u00e0 e persino invitarti a finanziamenti per accelerare lo sviluppo specifico per le tue esigenze. Puoi anche partecipare alla codifica back-end (possono essere applicati termini) e al beta test per il miglioramento di LMS.<\/p>\n<p><strong>Studenti coinvolti:\u00a0<\/strong>sviluppa un catalogo di corsi tra cui l&#8217;amministratore della formazione e gli studenti possono scegliere per colmare le loro lacune di conoscenza. \u00c8 inoltre possibile creare una comunit\u00e0 all&#8217;interno dello spazio LMS in cui gli studenti condividano idee e conoscenze. Allo stesso modo, gli obiettivi possono essere incentivati \u200b\u200bper stimolare gli amministratori della formazione e i loro studenti a completare il programma di formazione.<\/p>\n<h4>LE RECENSIONI DEGLI UTENTI<\/h4>\n<h4 class=\"font-weight-bold my-1 d-flex align-items-center\">Anne L.&#8221;Ben progettato per unico proprietario con molti studenti, ma senza tempo di amministrazione!&#8221;<\/h4>\n<p><strong>Vantaggi: <\/strong>Questo era esattamente lo strumento di cui avevo bisogno per mettere il corso ONLINE, quindi i miei studenti non sono legati a un orario e un luogo specifici per le lezioni annuali continue.<\/p>\n<p><strong>Inconvenienti: <\/strong>Devo assumere una terza parte con un software specifico per convertire i miei corsi PowerPoint e Presentazioni Google in un formato che verr\u00e0 utilizzato dal sistema LMS &#8230;&#8230; Voglio essere in grado di fare da solo il caricamento di nuovi corsi.<\/p>\n<h4 class=\"font-weight-bold my-1 d-flex align-items-center\">Sandra S.&#8221;Strumento versatile&#8221;<\/h4>\n<p><strong>Vantaggi: <\/strong>Latitude consente alla mia azienda di coinvolgere diversi proprietari di dipartimenti nella personalizzazione dei corsi di formazione per i loro utenti. In un&#8217;azienda in crescita, questo \u00e8 indispensabile e aumenter\u00e0 solo nell&#8217;uso. Il personale addetto alla formazione era ben informato e in grado di guidare il nostro gruppo attraverso una migliore comprensione dello strumento.<\/p>\n<p><strong>Inconvenienti: <\/strong>La personalizzazione del portale \u00e8 goffa e difficile da usare facilmente e rapidamente. Gli utenti trarrebbero vantaggio da un&#8217;interfaccia utente di trascinamento della selezione per scopi di branding. Sembra anche difficile caricare rapidamente un gruppo di utenti o cambiare dove un utente segnala mentre l&#8217;azienda espande il suo utilizzo e le persone cambiano lavoro. Uso il software solo ogni mese o due, quindi gli utenti con pi\u00f9 tempo nella piattaforma potrebbero non avere questi problemi.<\/p>\n<h4 class=\"font-weight-bold my-1 d-flex align-items-center\">Candine R.&#8221;Latitude Learning ha un corso per soddisfare le esigenze di ogni livello dell&#8217;apprendimento post-adolescenziale.&#8221;<\/h4>\n<p><strong>Commenti: <\/strong>L&#8217;opportunit\u00e0 di fare diversi corsi per una tassa molto nominale. Questi corsi possono essere rinfrescanti di base in alcune aree che sono state coperte mentre ero al college. Inoltre, ci sono anche corsi in cui non ho avuto molta formazione, quindi c&#8217;\u00e8 l&#8217;opportunit\u00e0 di acquisire alcune conoscenze in quell&#8217;area.<\/p>\n<p><strong>Vantaggi: <\/strong>\u00c8 facile da usare. Molti siti Web non sono facili da usare e ci\u00f2 rende difficile scorrere i corsi.<\/p>\n<p><strong>Inconvenienti: <\/strong>Pu\u00f2 richiedere molto tempo per navigare nei corsi. Esistono diversi corsi che sono buoni in quanto ci\u00f2 consente opportunit\u00e0 di formazione multidisciplinare. Tuttavia, ci sono spesso cos\u00ec tanti corsi che sono di tuo gradimento che richiede molto tempo guardarli tutti.<\/p>\n","protected":false},"excerpt":{"rendered":"<p>LatitudeLearning \u00e8 una soluzione di gestione dell&#8217;apprendimento basata su cloud. \u00c8 adatto per aziende di tutte le dimensioni, in svariati settori. La soluzione include moduli per la modifica dei messaggi, la gestione delle competenze, la creazione di valutazioni ecc. ecc.<\/p>\n","protected":false},"author":19,"featured_media":28500,"parent":28265,"menu_order":0,"comment_status":"open","ping_status":"closed","template":"g1_template_page_review_new.php","meta":{"_acf_changed":false,"cwp_meta_box_check":"Yes","cwp_rev_product_name":"","cwp_rev_product_image":"","wppr_links":[],"cwp_rev_price":"","wppr_options":[],"wppr_pros":[],"wppr_cons":[],"_monsterinsights_skip_tracking":false,"_monsterinsights_sitenote_active":false,"_monsterinsights_sitenote_note":"","_monsterinsights_sitenote_category":0,"footnotes":""},"categories":[3163],"tags":[396,3242,3167,3166,3164,3165],"features":[],"class_list":{"0":"post-28496","1":"page","2":"type-page","3":"status-publish","4":"has-post-thumbnail","6":"category-software-formazione-online","7":"tag-cloud","8":"tag-latitudelearning","9":"tag-piattaforma-formazione-online","10":"tag-programma-formazione-online","11":"tag-software-formazione-online","12":"tag-soluzione-formazione-online"},"wppr_data":{"cwp_meta_box_check":"Yes","cwp_rev_product_name":"","cwp_rev_product_image":"","cwp_image_link":"image","cwp_rev_price":"","wppr_rating":"0.00"},"acf":[],"yoast_head":"<!-- This site is optimized with the Yoast SEO plugin v27.4 - https:\/\/yoast.com\/product\/yoast-seo-wordpress\/ -->\n<title>LatitudeLearning: recensione software formazione - Accurate Reviews<\/title>\n<meta name=\"description\" content=\"LatitudeLearning: recensione soluzione di gestione dell&#039;apprendimento basata su cloud adatto per aziende di tutte le dimensioni.\" \/>\n<meta name=\"robots\" content=\"index, follow, max-snippet:-1, max-image-preview:large, max-video-preview:-1\" \/>\n<link rel=\"canonical\" href=\"https:\/\/www.accuratereviews.com\/it\/software-formazione-online\/latitudelearning-recensione\/\" \/>\n<meta property=\"og:locale\" content=\"it_IT\" \/>\n<meta property=\"og:type\" content=\"article\" \/>\n<meta property=\"og:title\" content=\"LatitudeLearning: recensione software formazione - Accurate Reviews\" \/>\n<meta property=\"og:description\" content=\"LatitudeLearning: recensione soluzione di gestione dell&#039;apprendimento basata su cloud adatto per aziende di tutte le dimensioni.\" \/>\n<meta property=\"og:url\" content=\"https:\/\/www.accuratereviews.com\/it\/software-formazione-online\/latitudelearning-recensione\/\" \/>\n<meta property=\"og:site_name\" content=\"Accurate Reviews\" \/>\n<meta property=\"og:image\" content=\"https:\/\/www.accuratereviews.com\/wp-content\/uploads\/2020\/07\/LatitudeLearning.jpg\" \/>\n\t<meta property=\"og:image:width\" content=\"225\" \/>\n\t<meta property=\"og:image:height\" content=\"225\" \/>\n\t<meta property=\"og:image:type\" content=\"image\/jpeg\" \/>\n<meta name=\"twitter:card\" content=\"summary_large_image\" \/>\n<meta name=\"twitter:label1\" content=\"Tempo di lettura stimato\" \/>\n\t<meta name=\"twitter:data1\" content=\"4 minuti\" \/>\n<script type=\"application\/ld+json\" class=\"yoast-schema-graph\">{\"@context\":\"https:\\\/\\\/schema.org\",\"@graph\":[{\"@type\":\"WebPage\",\"@id\":\"https:\\\/\\\/www.accuratereviews.com\\\/it\\\/software-formazione-online\\\/latitudelearning-recensione\\\/\",\"url\":\"https:\\\/\\\/www.accuratereviews.com\\\/it\\\/software-formazione-online\\\/latitudelearning-recensione\\\/\",\"name\":\"LatitudeLearning: recensione software formazione - Accurate Reviews\",\"isPartOf\":{\"@id\":\"https:\\\/\\\/www.accuratereviews.com\\\/it\\\/#website\"},\"primaryImageOfPage\":{\"@id\":\"https:\\\/\\\/www.accuratereviews.com\\\/it\\\/software-formazione-online\\\/latitudelearning-recensione\\\/#primaryimage\"},\"image\":{\"@id\":\"https:\\\/\\\/www.accuratereviews.com\\\/it\\\/software-formazione-online\\\/latitudelearning-recensione\\\/#primaryimage\"},\"thumbnailUrl\":\"https:\\\/\\\/www.accuratereviews.com\\\/wp-content\\\/uploads\\\/2020\\\/07\\\/LatitudeLearning.jpg\",\"datePublished\":\"2020-07-10T10:43:43+00:00\",\"description\":\"LatitudeLearning: recensione soluzione di gestione dell'apprendimento basata su cloud adatto per aziende di tutte le dimensioni.\",\"breadcrumb\":{\"@id\":\"https:\\\/\\\/www.accuratereviews.com\\\/it\\\/software-formazione-online\\\/latitudelearning-recensione\\\/#breadcrumb\"},\"inLanguage\":\"it-IT\",\"potentialAction\":[{\"@type\":\"ReadAction\",\"target\":[\"https:\\\/\\\/www.accuratereviews.com\\\/it\\\/software-formazione-online\\\/latitudelearning-recensione\\\/\"]}]},{\"@type\":\"ImageObject\",\"inLanguage\":\"it-IT\",\"@id\":\"https:\\\/\\\/www.accuratereviews.com\\\/it\\\/software-formazione-online\\\/latitudelearning-recensione\\\/#primaryimage\",\"url\":\"https:\\\/\\\/www.accuratereviews.com\\\/wp-content\\\/uploads\\\/2020\\\/07\\\/LatitudeLearning.jpg\",\"contentUrl\":\"https:\\\/\\\/www.accuratereviews.com\\\/wp-content\\\/uploads\\\/2020\\\/07\\\/LatitudeLearning.jpg\",\"width\":225,\"height\":225},{\"@type\":\"BreadcrumbList\",\"@id\":\"https:\\\/\\\/www.accuratereviews.com\\\/it\\\/software-formazione-online\\\/latitudelearning-recensione\\\/#breadcrumb\",\"itemListElement\":[{\"@type\":\"ListItem\",\"position\":1,\"name\":\"Home\",\"item\":\"https:\\\/\\\/www.accuratereviews.com\\\/it\\\/\"},{\"@type\":\"ListItem\",\"position\":2,\"name\":\"Software formazione online\",\"item\":\"https:\\\/\\\/www.accuratereviews.com\\\/it\\\/software-formazione-online\\\/\"},{\"@type\":\"ListItem\",\"position\":3,\"name\":\"LatitudeLearning\"}]},{\"@type\":\"WebSite\",\"@id\":\"https:\\\/\\\/www.accuratereviews.com\\\/it\\\/#website\",\"url\":\"https:\\\/\\\/www.accuratereviews.com\\\/it\\\/\",\"name\":\"Accurate Reviews\",\"description\":\"\",\"potentialAction\":[{\"@type\":\"SearchAction\",\"target\":{\"@type\":\"EntryPoint\",\"urlTemplate\":\"https:\\\/\\\/www.accuratereviews.com\\\/it\\\/?s={search_term_string}\"},\"query-input\":{\"@type\":\"PropertyValueSpecification\",\"valueRequired\":true,\"valueName\":\"search_term_string\"}}],\"inLanguage\":\"it-IT\"}]}<\/script>\n<!-- \/ Yoast SEO plugin. -->","yoast_head_json":{"title":"LatitudeLearning: recensione software formazione - Accurate Reviews","description":"LatitudeLearning: recensione soluzione di gestione dell'apprendimento basata su cloud adatto per aziende di tutte le dimensioni.","robots":{"index":"index","follow":"follow","max-snippet":"max-snippet:-1","max-image-preview":"max-image-preview:large","max-video-preview":"max-video-preview:-1"},"canonical":"https:\/\/www.accuratereviews.com\/it\/software-formazione-online\/latitudelearning-recensione\/","og_locale":"it_IT","og_type":"article","og_title":"LatitudeLearning: recensione software formazione - Accurate Reviews","og_description":"LatitudeLearning: recensione soluzione di gestione dell'apprendimento basata su cloud adatto per aziende di tutte le dimensioni.","og_url":"https:\/\/www.accuratereviews.com\/it\/software-formazione-online\/latitudelearning-recensione\/","og_site_name":"Accurate Reviews","og_image":[{"width":225,"height":225,"url":"https:\/\/www.accuratereviews.com\/wp-content\/uploads\/2020\/07\/LatitudeLearning.jpg","type":"image\/jpeg"}],"twitter_card":"summary_large_image","twitter_misc":{"Tempo di lettura stimato":"4 minuti"},"schema":{"@context":"https:\/\/schema.org","@graph":[{"@type":"WebPage","@id":"https:\/\/www.accuratereviews.com\/it\/software-formazione-online\/latitudelearning-recensione\/","url":"https:\/\/www.accuratereviews.com\/it\/software-formazione-online\/latitudelearning-recensione\/","name":"LatitudeLearning: recensione software formazione - Accurate Reviews","isPartOf":{"@id":"https:\/\/www.accuratereviews.com\/it\/#website"},"primaryImageOfPage":{"@id":"https:\/\/www.accuratereviews.com\/it\/software-formazione-online\/latitudelearning-recensione\/#primaryimage"},"image":{"@id":"https:\/\/www.accuratereviews.com\/it\/software-formazione-online\/latitudelearning-recensione\/#primaryimage"},"thumbnailUrl":"https:\/\/www.accuratereviews.com\/wp-content\/uploads\/2020\/07\/LatitudeLearning.jpg","datePublished":"2020-07-10T10:43:43+00:00","description":"LatitudeLearning: recensione soluzione di gestione dell'apprendimento basata su cloud adatto per aziende di tutte le dimensioni.","breadcrumb":{"@id":"https:\/\/www.accuratereviews.com\/it\/software-formazione-online\/latitudelearning-recensione\/#breadcrumb"},"inLanguage":"it-IT","potentialAction":[{"@type":"ReadAction","target":["https:\/\/www.accuratereviews.com\/it\/software-formazione-online\/latitudelearning-recensione\/"]}]},{"@type":"ImageObject","inLanguage":"it-IT","@id":"https:\/\/www.accuratereviews.com\/it\/software-formazione-online\/latitudelearning-recensione\/#primaryimage","url":"https:\/\/www.accuratereviews.com\/wp-content\/uploads\/2020\/07\/LatitudeLearning.jpg","contentUrl":"https:\/\/www.accuratereviews.com\/wp-content\/uploads\/2020\/07\/LatitudeLearning.jpg","width":225,"height":225},{"@type":"BreadcrumbList","@id":"https:\/\/www.accuratereviews.com\/it\/software-formazione-online\/latitudelearning-recensione\/#breadcrumb","itemListElement":[{"@type":"ListItem","position":1,"name":"Home","item":"https:\/\/www.accuratereviews.com\/it\/"},{"@type":"ListItem","position":2,"name":"Software formazione online","item":"https:\/\/www.accuratereviews.com\/it\/software-formazione-online\/"},{"@type":"ListItem","position":3,"name":"LatitudeLearning"}]},{"@type":"WebSite","@id":"https:\/\/www.accuratereviews.com\/it\/#website","url":"https:\/\/www.accuratereviews.com\/it\/","name":"Accurate Reviews","description":"","potentialAction":[{"@type":"SearchAction","target":{"@type":"EntryPoint","urlTemplate":"https:\/\/www.accuratereviews.com\/it\/?s={search_term_string}"},"query-input":{"@type":"PropertyValueSpecification","valueRequired":true,"valueName":"search_term_string"}}],"inLanguage":"it-IT"}]}},"_links":{"self":[{"href":"https:\/\/www.accuratereviews.com\/it\/wp-json\/wp\/v2\/pages\/28496","targetHints":{"allow":["GET"]}}],"collection":[{"href":"https:\/\/www.accuratereviews.com\/it\/wp-json\/wp\/v2\/pages"}],"about":[{"href":"https:\/\/www.accuratereviews.com\/it\/wp-json\/wp\/v2\/types\/page"}],"author":[{"embeddable":true,"href":"https:\/\/www.accuratereviews.com\/it\/wp-json\/wp\/v2\/users\/19"}],"replies":[{"embeddable":true,"href":"https:\/\/www.accuratereviews.com\/it\/wp-json\/wp\/v2\/comments?post=28496"}],"version-history":[{"count":6,"href":"https:\/\/www.accuratereviews.com\/it\/wp-json\/wp\/v2\/pages\/28496\/revisions"}],"predecessor-version":[{"id":28510,"href":"https:\/\/www.accuratereviews.com\/it\/wp-json\/wp\/v2\/pages\/28496\/revisions\/28510"}],"up":[{"embeddable":true,"href":"https:\/\/www.accuratereviews.com\/it\/wp-json\/wp\/v2\/pages\/28265"}],"wp:featuredmedia":[{"embeddable":true,"href":"https:\/\/www.accuratereviews.com\/it\/wp-json\/wp\/v2\/media\/28500"}],"wp:attachment":[{"href":"https:\/\/www.accuratereviews.com\/it\/wp-json\/wp\/v2\/media?parent=28496"}],"wp:term":[{"taxonomy":"category","embeddable":true,"href":"https:\/\/www.accuratereviews.com\/it\/wp-json\/wp\/v2\/categories?post=28496"},{"taxonomy":"post_tag","embeddable":true,"href":"https:\/\/www.accuratereviews.com\/it\/wp-json\/wp\/v2\/tags?post=28496"},{"taxonomy":"features","embeddable":true,"href":"https:\/\/www.accuratereviews.com\/it\/wp-json\/wp\/v2\/features?post=28496"}],"curies":[{"name":"wp","href":"https:\/\/api.w.org\/{rel}","templated":true}]}}