{"id":28520,"date":"2020-07-13T12:32:48","date_gmt":"2020-07-13T12:32:48","guid":{"rendered":"https:\/\/www.accuratereviews.com\/?page_id=28520"},"modified":"2020-07-13T12:36:34","modified_gmt":"2020-07-13T12:36:34","slug":"trainual-recensione","status":"publish","type":"page","link":"https:\/\/www.accuratereviews.com\/it\/software-formazione-online\/trainual-recensione\/","title":{"rendered":"Trainual"},"content":{"rendered":"<p><strong>Trainual<\/strong> \u00e8 un <strong>sistema di gestione dell&#8217;apprendimento<\/strong> basato su cloud. La soluzione serve vari settori verticali e consente alle organizzazioni di automatizzare la formazione e il processo di onboarding. Aiuta a organizzare i moduli di formazione in un sistema centralizzato.\u00a0Il software offre personalizzazione con logo e colori aziendali. I manager possono aggiungere i loro team, assegnare ruoli e creare soggetti. Le conoscenze organizzative si trovano in un sistema centralizzato. I formatori possono utilizzare foto, video e documenti per istruire i dipendenti. Inoltre, i contenuti possono essere assegnati a nuovi dipendenti in ruoli specifici, automaticamente. <strong>Trainual<\/strong>\u00a0consente di automatizzare i <strong>processi di onboarding<\/strong> degli utenti associando contenuto e processi a ruoli, reparti o ubicazioni specifici. I dipendenti che hanno lavorato su argomenti vengono avvisati ogni volta che il contenuto di tali soggetti viene aggiornato.<\/p>\n<h2>TRAINUAL &#8211; TUTORIAL<\/h2>\n<p>Guarda il tutorial che illustra la relazione tra design e codice con un&#8217;analogia di facile comprensione:<\/p>\n<div id=\"fluid-wrapper-counter-1\" class=\"g1-fluid-wrapper \" style=\"width:686px;\">\n<div style=\"padding-bottom:56.268221574344%;\"><iframe loading=\"lazy\" title=\"What is the Relationship Between Design and Code?\" width=\"686\" height=\"386\" src=\"https:\/\/www.youtube.com\/embed\/9YhrtcWNYl4?feature=oembed&amp;wmode=transparent&amp;autohide=1&amp;autoplay=0&amp;disablekb=0&amp;fs=1&amp;loop=0&amp;enablejsapi=1&amp;rel=0&amp;controls=2&amp;showinfo=0&amp;wmode=transparent&amp;autohide=2&amp;autoplay=0&amp;disablekb=0&amp;fs=1&amp;loop=0&amp;enablejsapi=1&amp;rel=0&amp;controls=2&amp;showinfo=1\" frameborder=\"0\" allow=\"accelerometer; autoplay; encrypted-media; gyroscope; picture-in-picture\" allowfullscreen><\/iframe><\/div>\n<\/div>\n<h3>TRAINUAL &#8211; CARATTERISTICHE<\/h3>\n<ul>\n<li>Gestione della formazione<\/li>\n<li>Onboarding<\/li>\n<li>Portale self service<\/li>\n<li>Collaborazione<\/li>\n<li>Gestione delle regole aziendali<\/li>\n<li>Tracciamento delle modifiche al processo<\/li>\n<li>Gamification<\/li>\n<li>Apprendimento asincrono<\/li>\n<li>Creazione di corsi integrati<\/li>\n<li>Apprendimento mobile<\/li>\n<li>Societ\u00e0 di formazione<\/li>\n<li>Gestione della descrizione del lavoro<\/li>\n<li>LMS integrato<\/li>\n<li>Business aziendale<\/li>\n<li>Gestione dell&#8217;orientamento<\/li>\n<li>Portale per studenti<\/li>\n<\/ul>\n<h4>LE RECENSIONE DEGLI UTENTI<\/h4>\n<h4 class=\"font-weight-bold my-1 d-flex align-items-center\">Maggie D.&#8221;La migliore decisione che abbiamo preso quest&#8217;anno!&#8221;<\/h4>\n<p><strong>Commenti: <\/strong>Utilizzando Trainual siamo in grado di organizzare i contenuti con have e condividerli in modo coerente con i nostri collaboratori<br \/>\na tutte le propriet\u00e0.<\/p>\n<p><strong>Vantaggi: <\/strong>Trainual \u00e8 semplice, intuitivo e si adatta perfettamente alle esigenze della nostra azienda. Siamo in procinto di passare dalla formazione incoerente dei nostri team all&#8217;organizzazione e alla standardizzazione dei nostri processi con Trainual e non potremmo essere pi\u00f9 soddisfatti del prodotto e del servizio.<\/p>\n<p><strong>Inconvenienti: <\/strong>Abbiamo bisogno di pi\u00f9 supporto per &#8220;iniziare&#8221;: iniziare con una piattaforma vuota \u00e8 un po &#8216;travolgente.<\/p>\n<h4 class=\"font-weight-bold my-1 d-flex align-items-center\">Matt L.&#8221;Allenamento per cambiare il modo di lavorare&#8221;<\/h4>\n<p><strong>Commenti: <\/strong>Trainual \u00e8 stata un aggiunta preziosa che abbiamo fatto alla nostra rete di franchising lo scorso anno. Lo consiglio spesso.<\/p>\n<p><strong>Vantaggi: <\/strong>La piattaforma Trainual \u00e8 facile da usare e ci ha permesso di ridimensionare la nostra crescita che sarebbe stata impossibile con i sistemi di allenamento tradizionali.<\/p>\n<p><strong>Inconvenienti: <\/strong>Abbiamo bisogno di migliori opzioni di test e certificazione. Il test non \u00e8 abbastanza solido. Gli utenti hanno bisogno di certificazioni per dimostrare di aver raggiunto un certo livello. Questo \u00e8 importante per la motivazione. Sembra una facile aggiunta che aumento il suo valore. Attualmente stiamo cercando soluzioni di test e certificazione di terze parti, ma Trainual dovrebbe essere in grado di fornirle abbastanza facilmente.<\/p>\n<h4 class=\"font-weight-bold my-1 d-flex align-items-center\">Lynette G.&#8221;Ottimo sistema&#8221;<\/h4>\n<p><strong>Commenti: <\/strong>Trainual risolve quasi tutti i nostri dilemmi di onboarding e la libreria di modelli ti avvia rapidamente.<\/p>\n<p><strong>Vantaggi: <\/strong>Il sistema sembra assolutamente professionale e moderno con un&#8217;interfaccia utente pulita e ordinata, \u00e8 il motivo principale per cui stiamo selezionando questo prodotto. Una volta personalizzato con il nostro marchio, sembrava la nostra piattaforma.<br \/>\nIl sito web \u00e8 reattivo ed \u00e8 fantastico che sia disponibile come app scaricabile e sito mobile. Il prezzo \u00e8 ragionevole e flessibile in base al numero degli utenti e ha un&#8217;opzione di pagamento mensile rispetto a molti altri sistemi LMS che richiedono un pagamento anticipato annuale.<\/p>\n<p><strong>Inconvenienti: <\/strong>\u00c8 deludente che l&#8217;LMS non sia conforme a SCORM o che supporti l&#8217;aggiunta di materiale didattico esterno. Gli strumenti di contenuto richiedono espansione, caratteri a colori e sfondi personalizzati ecc. Se hai intenzione di limitare l&#8217;istruttore a compilare corsi per utilizzare solo i tuoi strumenti di contenuto, \u00e8 necessario che sia sufficientemente espansivo per rendere interessanti i tuoi corsi. Le gif non sono del tutto appropriate per molti corsi mentre ovviamente sono un buon differenziatore. La creativit\u00e0 \u00e8 quindi limitante. Mi piacerebbe anche vedere che sei in grado di caricare video direttamente dal tuo dispositivo, invece di essere costretto a utilizzare video di YouTube che sembra meno che professionale.<\/p>\n","protected":false},"excerpt":{"rendered":"<p>Trainual \u00e8 un sistema di gestione dell&#8217;apprendimento basato su cloud. La soluzione serve vari settori verticali e consente alle organizzazioni di automatizzare la formazione e il processo di onboarding. Aiuta a organizzare i moduli di formazione in un sistema centralizzato.\u00a0Il software offre personalizzazione con logo e colori aziendali.<\/p>\n","protected":false},"author":19,"featured_media":28521,"parent":28265,"menu_order":0,"comment_status":"open","ping_status":"closed","template":"g1_template_page_review_new.php","meta":{"_acf_changed":false,"cwp_meta_box_check":"Yes","cwp_rev_product_name":"","cwp_rev_product_image":"","wppr_links":[],"cwp_rev_price":"","wppr_options":[],"wppr_pros":[],"wppr_cons":[],"_monsterinsights_skip_tracking":false,"_monsterinsights_sitenote_active":false,"_monsterinsights_sitenote_note":"","_monsterinsights_sitenote_category":0,"footnotes":""},"categories":[3163],"tags":[396,3167,3166,3164,3165,3245,3246],"features":[],"class_list":{"0":"post-28520","1":"page","2":"type-page","3":"status-publish","4":"has-post-thumbnail","6":"category-software-formazione-online","7":"tag-cloud","8":"tag-piattaforma-formazione-online","9":"tag-programma-formazione-online","10":"tag-software-formazione-online","11":"tag-soluzione-formazione-online","12":"tag-trainual","13":"tag-zapier"},"wppr_data":{"cwp_meta_box_check":"Yes","cwp_rev_product_name":"","cwp_rev_product_image":"","cwp_image_link":"image","cwp_rev_price":"","wppr_rating":"0.00"},"acf":[],"yoast_head":"<!-- This site is optimized with the Yoast SEO plugin v27.4 - https:\/\/yoast.com\/product\/yoast-seo-wordpress\/ -->\n<title>Trainual: recensione software formazione online - Accurate Reviews<\/title>\n<meta name=\"description\" content=\"Trainual: recensione sistema di gestione dell&#039;apprendimento basato su cloud che consente alle aziende di automatizzare la formazione dei dipendenti.\" \/>\n<meta name=\"robots\" content=\"index, follow, max-snippet:-1, max-image-preview:large, max-video-preview:-1\" \/>\n<link rel=\"canonical\" href=\"https:\/\/www.accuratereviews.com\/it\/software-formazione-online\/trainual-recensione\/\" \/>\n<meta property=\"og:locale\" content=\"it_IT\" \/>\n<meta property=\"og:type\" content=\"article\" \/>\n<meta property=\"og:title\" content=\"Trainual: recensione software formazione online - Accurate Reviews\" \/>\n<meta property=\"og:description\" content=\"Trainual: recensione sistema di gestione dell&#039;apprendimento basato su cloud che consente alle aziende di automatizzare la formazione dei dipendenti.\" \/>\n<meta property=\"og:url\" content=\"https:\/\/www.accuratereviews.com\/it\/software-formazione-online\/trainual-recensione\/\" \/>\n<meta property=\"og:site_name\" content=\"Accurate Reviews\" \/>\n<meta property=\"article:modified_time\" content=\"2020-07-13T12:36:34+00:00\" \/>\n<meta property=\"og:image\" content=\"https:\/\/www.accuratereviews.com\/wp-content\/uploads\/2020\/07\/TRAINUAL.png\" \/>\n\t<meta property=\"og:image:width\" content=\"1200\" \/>\n\t<meta property=\"og:image:height\" content=\"628\" \/>\n\t<meta property=\"og:image:type\" content=\"image\/png\" \/>\n<meta name=\"twitter:card\" content=\"summary_large_image\" \/>\n<meta name=\"twitter:label1\" content=\"Tempo di lettura stimato\" \/>\n\t<meta name=\"twitter:data1\" content=\"3 minuti\" \/>\n<script type=\"application\/ld+json\" class=\"yoast-schema-graph\">{\"@context\":\"https:\\\/\\\/schema.org\",\"@graph\":[{\"@type\":\"WebPage\",\"@id\":\"https:\\\/\\\/www.accuratereviews.com\\\/it\\\/software-formazione-online\\\/trainual-recensione\\\/\",\"url\":\"https:\\\/\\\/www.accuratereviews.com\\\/it\\\/software-formazione-online\\\/trainual-recensione\\\/\",\"name\":\"Trainual: recensione software formazione online - Accurate Reviews\",\"isPartOf\":{\"@id\":\"https:\\\/\\\/www.accuratereviews.com\\\/it\\\/#website\"},\"primaryImageOfPage\":{\"@id\":\"https:\\\/\\\/www.accuratereviews.com\\\/it\\\/software-formazione-online\\\/trainual-recensione\\\/#primaryimage\"},\"image\":{\"@id\":\"https:\\\/\\\/www.accuratereviews.com\\\/it\\\/software-formazione-online\\\/trainual-recensione\\\/#primaryimage\"},\"thumbnailUrl\":\"https:\\\/\\\/www.accuratereviews.com\\\/wp-content\\\/uploads\\\/2020\\\/07\\\/TRAINUAL.png\",\"datePublished\":\"2020-07-13T12:32:48+00:00\",\"dateModified\":\"2020-07-13T12:36:34+00:00\",\"description\":\"Trainual: recensione sistema di gestione dell'apprendimento basato su cloud che consente alle aziende di automatizzare la formazione dei dipendenti.\",\"breadcrumb\":{\"@id\":\"https:\\\/\\\/www.accuratereviews.com\\\/it\\\/software-formazione-online\\\/trainual-recensione\\\/#breadcrumb\"},\"inLanguage\":\"it-IT\",\"potentialAction\":[{\"@type\":\"ReadAction\",\"target\":[\"https:\\\/\\\/www.accuratereviews.com\\\/it\\\/software-formazione-online\\\/trainual-recensione\\\/\"]}]},{\"@type\":\"ImageObject\",\"inLanguage\":\"it-IT\",\"@id\":\"https:\\\/\\\/www.accuratereviews.com\\\/it\\\/software-formazione-online\\\/trainual-recensione\\\/#primaryimage\",\"url\":\"https:\\\/\\\/www.accuratereviews.com\\\/wp-content\\\/uploads\\\/2020\\\/07\\\/TRAINUAL.png\",\"contentUrl\":\"https:\\\/\\\/www.accuratereviews.com\\\/wp-content\\\/uploads\\\/2020\\\/07\\\/TRAINUAL.png\",\"width\":1200,\"height\":628},{\"@type\":\"BreadcrumbList\",\"@id\":\"https:\\\/\\\/www.accuratereviews.com\\\/it\\\/software-formazione-online\\\/trainual-recensione\\\/#breadcrumb\",\"itemListElement\":[{\"@type\":\"ListItem\",\"position\":1,\"name\":\"Home\",\"item\":\"https:\\\/\\\/www.accuratereviews.com\\\/it\\\/\"},{\"@type\":\"ListItem\",\"position\":2,\"name\":\"Software formazione online\",\"item\":\"https:\\\/\\\/www.accuratereviews.com\\\/it\\\/software-formazione-online\\\/\"},{\"@type\":\"ListItem\",\"position\":3,\"name\":\"Trainual\"}]},{\"@type\":\"WebSite\",\"@id\":\"https:\\\/\\\/www.accuratereviews.com\\\/it\\\/#website\",\"url\":\"https:\\\/\\\/www.accuratereviews.com\\\/it\\\/\",\"name\":\"Accurate Reviews\",\"description\":\"\",\"potentialAction\":[{\"@type\":\"SearchAction\",\"target\":{\"@type\":\"EntryPoint\",\"urlTemplate\":\"https:\\\/\\\/www.accuratereviews.com\\\/it\\\/?s={search_term_string}\"},\"query-input\":{\"@type\":\"PropertyValueSpecification\",\"valueRequired\":true,\"valueName\":\"search_term_string\"}}],\"inLanguage\":\"it-IT\"}]}<\/script>\n<!-- \/ Yoast SEO plugin. -->","yoast_head_json":{"title":"Trainual: recensione software formazione online - Accurate Reviews","description":"Trainual: recensione sistema di gestione dell'apprendimento basato su cloud che consente alle aziende di automatizzare la formazione dei dipendenti.","robots":{"index":"index","follow":"follow","max-snippet":"max-snippet:-1","max-image-preview":"max-image-preview:large","max-video-preview":"max-video-preview:-1"},"canonical":"https:\/\/www.accuratereviews.com\/it\/software-formazione-online\/trainual-recensione\/","og_locale":"it_IT","og_type":"article","og_title":"Trainual: recensione software formazione online - Accurate Reviews","og_description":"Trainual: recensione sistema di gestione dell'apprendimento basato su cloud che consente alle aziende di automatizzare la formazione dei dipendenti.","og_url":"https:\/\/www.accuratereviews.com\/it\/software-formazione-online\/trainual-recensione\/","og_site_name":"Accurate Reviews","article_modified_time":"2020-07-13T12:36:34+00:00","og_image":[{"width":1200,"height":628,"url":"https:\/\/www.accuratereviews.com\/wp-content\/uploads\/2020\/07\/TRAINUAL.png","type":"image\/png"}],"twitter_card":"summary_large_image","twitter_misc":{"Tempo di lettura stimato":"3 minuti"},"schema":{"@context":"https:\/\/schema.org","@graph":[{"@type":"WebPage","@id":"https:\/\/www.accuratereviews.com\/it\/software-formazione-online\/trainual-recensione\/","url":"https:\/\/www.accuratereviews.com\/it\/software-formazione-online\/trainual-recensione\/","name":"Trainual: recensione software formazione online - Accurate Reviews","isPartOf":{"@id":"https:\/\/www.accuratereviews.com\/it\/#website"},"primaryImageOfPage":{"@id":"https:\/\/www.accuratereviews.com\/it\/software-formazione-online\/trainual-recensione\/#primaryimage"},"image":{"@id":"https:\/\/www.accuratereviews.com\/it\/software-formazione-online\/trainual-recensione\/#primaryimage"},"thumbnailUrl":"https:\/\/www.accuratereviews.com\/wp-content\/uploads\/2020\/07\/TRAINUAL.png","datePublished":"2020-07-13T12:32:48+00:00","dateModified":"2020-07-13T12:36:34+00:00","description":"Trainual: recensione sistema di gestione dell'apprendimento basato su cloud che consente alle aziende di automatizzare la formazione dei dipendenti.","breadcrumb":{"@id":"https:\/\/www.accuratereviews.com\/it\/software-formazione-online\/trainual-recensione\/#breadcrumb"},"inLanguage":"it-IT","potentialAction":[{"@type":"ReadAction","target":["https:\/\/www.accuratereviews.com\/it\/software-formazione-online\/trainual-recensione\/"]}]},{"@type":"ImageObject","inLanguage":"it-IT","@id":"https:\/\/www.accuratereviews.com\/it\/software-formazione-online\/trainual-recensione\/#primaryimage","url":"https:\/\/www.accuratereviews.com\/wp-content\/uploads\/2020\/07\/TRAINUAL.png","contentUrl":"https:\/\/www.accuratereviews.com\/wp-content\/uploads\/2020\/07\/TRAINUAL.png","width":1200,"height":628},{"@type":"BreadcrumbList","@id":"https:\/\/www.accuratereviews.com\/it\/software-formazione-online\/trainual-recensione\/#breadcrumb","itemListElement":[{"@type":"ListItem","position":1,"name":"Home","item":"https:\/\/www.accuratereviews.com\/it\/"},{"@type":"ListItem","position":2,"name":"Software formazione online","item":"https:\/\/www.accuratereviews.com\/it\/software-formazione-online\/"},{"@type":"ListItem","position":3,"name":"Trainual"}]},{"@type":"WebSite","@id":"https:\/\/www.accuratereviews.com\/it\/#website","url":"https:\/\/www.accuratereviews.com\/it\/","name":"Accurate Reviews","description":"","potentialAction":[{"@type":"SearchAction","target":{"@type":"EntryPoint","urlTemplate":"https:\/\/www.accuratereviews.com\/it\/?s={search_term_string}"},"query-input":{"@type":"PropertyValueSpecification","valueRequired":true,"valueName":"search_term_string"}}],"inLanguage":"it-IT"}]}},"_links":{"self":[{"href":"https:\/\/www.accuratereviews.com\/it\/wp-json\/wp\/v2\/pages\/28520","targetHints":{"allow":["GET"]}}],"collection":[{"href":"https:\/\/www.accuratereviews.com\/it\/wp-json\/wp\/v2\/pages"}],"about":[{"href":"https:\/\/www.accuratereviews.com\/it\/wp-json\/wp\/v2\/types\/page"}],"author":[{"embeddable":true,"href":"https:\/\/www.accuratereviews.com\/it\/wp-json\/wp\/v2\/users\/19"}],"replies":[{"embeddable":true,"href":"https:\/\/www.accuratereviews.com\/it\/wp-json\/wp\/v2\/comments?post=28520"}],"version-history":[{"count":8,"href":"https:\/\/www.accuratereviews.com\/it\/wp-json\/wp\/v2\/pages\/28520\/revisions"}],"predecessor-version":[{"id":28566,"href":"https:\/\/www.accuratereviews.com\/it\/wp-json\/wp\/v2\/pages\/28520\/revisions\/28566"}],"up":[{"embeddable":true,"href":"https:\/\/www.accuratereviews.com\/it\/wp-json\/wp\/v2\/pages\/28265"}],"wp:featuredmedia":[{"embeddable":true,"href":"https:\/\/www.accuratereviews.com\/it\/wp-json\/wp\/v2\/media\/28521"}],"wp:attachment":[{"href":"https:\/\/www.accuratereviews.com\/it\/wp-json\/wp\/v2\/media?parent=28520"}],"wp:term":[{"taxonomy":"category","embeddable":true,"href":"https:\/\/www.accuratereviews.com\/it\/wp-json\/wp\/v2\/categories?post=28520"},{"taxonomy":"post_tag","embeddable":true,"href":"https:\/\/www.accuratereviews.com\/it\/wp-json\/wp\/v2\/tags?post=28520"},{"taxonomy":"features","embeddable":true,"href":"https:\/\/www.accuratereviews.com\/it\/wp-json\/wp\/v2\/features?post=28520"}],"curies":[{"name":"wp","href":"https:\/\/api.w.org\/{rel}","templated":true}]}}