{"id":28530,"date":"2020-07-13T12:41:56","date_gmt":"2020-07-13T12:41:56","guid":{"rendered":"https:\/\/www.accuratereviews.com\/?page_id=28530"},"modified":"2020-07-13T12:41:56","modified_gmt":"2020-07-13T12:41:56","slug":"brightspace-recensione","status":"publish","type":"page","link":"https:\/\/www.accuratereviews.com\/it\/software-formazione-online\/brightspace-recensione\/","title":{"rendered":"Brightspace"},"content":{"rendered":"<p><strong>Brightspace<\/strong> di <strong>D2L<\/strong> \u00e8 un <strong>sistema di gestione dell&#8217;apprendimento<\/strong> basato sul <strong>cloud<\/strong> (LMS) che aiuta gli istituti di K 12. La soluzione comprende tre piattaforme integrate: ambiente di apprendimento, repository di apprendimento ed ePortfolio.\u00a0L&#8217;ambiente di apprendimento di <strong>Brightspace<\/strong> consente agli insegnanti e agli istruttori di progettare corsi di formazione interattivi e valutare i compiti. La soluzione offre un ambiente multimediale che consente ai creatori di contenuti di utilizzare immagini, video, file audio e altri contenuti digitali nei loro corsi. Il suo strumento di analisi facilita il monitoraggio delle prestazioni. Brightspace Learning Repository consente agli istituti e alle organizzazioni accademiche di creare, organizzare e trovare risorse di apprendimento in un database di contenuti centralizzato. Gli utenti possono cercare contenuti utilizzando parole chiave, valutazioni, commenti o altri criteri di ricerca definiti dall&#8217;azienda. L&#8217;ePortfolio di Brightspace \u00e8 una piattaforma comune in cui gli studenti possono condividere la loro esperienza con colleghi e tutor.<\/p>\n<h2>BRIGHTSPACE &#8211; TUTORIAL<\/h2>\n<p>Questo tutorial mostra come creare un nuovo argomento in un modulo o sotto-modulo e come inserire elementi e molto altro su questo <strong>software di formazione online<\/strong>:<\/p>\n<div id=\"fluid-wrapper-counter-1\" class=\"g1-fluid-wrapper \" style=\"width:686px;\">\n<div style=\"padding-bottom:56.268221574344%;\"><iframe loading=\"lazy\" title=\"Content - Create a File and Insert Stuff - Instructor\" width=\"686\" height=\"386\" src=\"https:\/\/www.youtube.com\/embed\/AjNUuBlWRL4?feature=oembed&amp;wmode=transparent&amp;autohide=1&amp;autoplay=0&amp;disablekb=0&amp;fs=1&amp;loop=0&amp;enablejsapi=1&amp;rel=0&amp;controls=2&amp;showinfo=0&amp;wmode=transparent&amp;autohide=2&amp;autoplay=0&amp;disablekb=0&amp;fs=1&amp;loop=0&amp;enablejsapi=1&amp;rel=0&amp;controls=2&amp;showinfo=1\" frameborder=\"0\" allow=\"accelerometer; autoplay; encrypted-media; gyroscope; picture-in-picture\" allowfullscreen><\/iframe><\/div>\n<\/div>\n<h3>BRIGHTSPACE &#8211; CARATTERISTICHE<\/h3>\n<ul>\n<li>Imposta rapidamente e facilmente percorsi di apprendimento personalizzati. Consentire agli studenti di apprendere secondo le loro condizioni, procedere attraverso i contenuti al proprio ritmo e accedere all&#8217;apprendimento da qualsiasi dispositivo<\/li>\n<li>Aumenta il coinvolgimento dello studente rendendo facile connettersi tra loro e scoprire i risultati mostrando le immagini e il profilo di ogni studente in tutto il sistema<\/li>\n<li>Fornisci facilmente feedback personalizzati per mantenere gli studenti motivati, sulla buona strada e coinvolti con i nudges automatizzati<\/li>\n<li>Usa i portafogli per riflettere sull&#8217;apprendimento, mostrare la crescita e celebrare i risultati<\/li>\n<li>Imposta regole per gestire le iscrizioni per cose come i gruppi di studio, tutte basate sulle attivit\u00e0 di uno studente all&#8217;interno dei corsi<\/li>\n<li>Identifica e monitora gli utenti ad alto rischio e lascia che la soluzione ti avvisi in modo proattivo quando \u00e8 il momento di intervenire e offrire aiuto<\/li>\n<li>Sviluppa capacit\u00e0 di presentazione e di pensiero critico utilizzando le funzionalit\u00e0 video integrate.<\/li>\n<li>Condividi e interagisci con gli altri attraverso la gamification, guadagnando premi e badge per progressi e risultati<\/li>\n<li>Consenti agli studenti di collaborare e interagire virtualmente con i loro istruttori e colleghi attraverso forum di discussione<\/li>\n<li>Offri un&#8217;esperienza di apprendimento moderna e ottimizzata per i dispositivi mobili.<\/li>\n<\/ul>\n<h4>LE RECENSIONI DEGLI UTENTI<\/h4>\n<h4 class=\"font-weight-bold my-1 d-flex align-items-center\">Jeffrey W.&#8221;Software di istruzione in grado di gestire compiti in classe e curriculum&#8221;<\/h4>\n<p><strong>Commenti: <\/strong>Devo utilizzare il software per il mio programma di master online presso la Eastern University e finora non ho riscontrato alcun bug o ritardo. Sembra per il compito!<\/p>\n<p><strong>Vantaggi: <\/strong>Mi piace il software in quanto \u00e8 la base per la mia formazione online alla Eastern University. Sono in grado di completare il mio Master senza mai mettere piede nel campus e posso fare tutto con Brightspace dietro le quinte tenendomi in pista. Sono in grado di vedere le scadenze, pubblicare post nei forum e inviare i miei compiti e quiz tra le altre cose. Ottimo software!<\/p>\n<p><strong>Inconvenienti: <\/strong>Mi sembra che il software sia un po &#8216;&#8221;work-in-progress&#8221; per me. Trovo spesso piccole notifiche per il professore di una classe sullo stesso schermo che non dovrei vedere da studente. Fondamentalmente \u00e8 solo l&#8217;interfaccia utente che potrebbe essere migliorata. Inoltre dovrebbe avere una funzione di sintesi vocale per la lettura di libri di testo. Non l&#8217;ho ancora trovato.<\/p>\n<h4 class=\"font-weight-bold my-1 d-flex align-items-center\">Natalie S.&#8221;Semplice per gli studenti, l&#8217;installazione richiede lavoro&#8221;<\/h4>\n<p><strong>Commenti: <\/strong>Molto contento da parte degli studenti quando la facolt\u00e0 si prende il tempo per installarlo. Ma creare una buona classe pu\u00f2 essere pi\u00f9 un lavoro che un insegnamento.<\/p>\n<p><strong>Vantaggi: <\/strong>Ho usato Brighspace come studente e come facolt\u00e0. Finch\u00e9 la facolt\u00e0 lo configura bene \u00e8 estremamente facile da navigare. Le funzionalit\u00e0 sono davvero utili per l&#8217;esperienza educativa.<\/p>\n<p><strong>Inconvenienti: <\/strong>La creazione del corso individuale richiede tempo. Mi sembrava di dover essere un programmatore per utilizzare effettivamente le funzionalit\u00e0. Abbiamo due impiegati assunti a tempo pieno per aiutare a mantenere le lezioni online in questo corso. Inoltre, l&#8217;email \u00e8 ridicolmente complicata.<\/p>\n<h4 class=\"font-weight-bold my-1 d-flex align-items-center\">Heather R.&#8221;La migliore opzione&#8221;<\/h4>\n<p><strong>Commenti: <\/strong>Ho avuto un&#8217;esperienza meravigliosa con Brightspace e continuer\u00f2 a usarlo.<\/p>\n<p><strong>Vantaggi: <\/strong>Adoro come sia tutto cos\u00ec facile da trovare. Puoi ricevere annunci dal tuo professore e avere tutto ci\u00f2 di cui hai bisogno per i tuoi incarichi nello stesso posto. Hanno anche l&#8217;app in cui posso svolgere i miei compiti sul mio cellulare.<\/p>\n<p><strong>Inconvenienti: <\/strong>Mi piace tutto di esso. Non c&#8217;\u00e8 niente che non mi piaccia di Brightspace. Non ho avuto problemi con questo.<\/p>\n","protected":false},"excerpt":{"rendered":"<p>Brightspace di D2L \u00e8 un sistema di gestione dell&#8217;apprendimento basato sul cloud (LMS) che aiuta gli istituti di K 12. La soluzione comprende tre piattaforme integrate: ambiente di apprendimento, repository di apprendimento ed ePortfolio. Viene fornita con assistenza clienti 24 ore su 24, 7 giorni su 7, via telefono ed email.<\/p>\n","protected":false},"author":19,"featured_media":28534,"parent":28265,"menu_order":0,"comment_status":"open","ping_status":"closed","template":"g1_template_page_review_new.php","meta":{"_acf_changed":false,"cwp_meta_box_check":"Yes","cwp_rev_product_name":"","cwp_rev_product_image":"","wppr_links":[],"cwp_rev_price":"","wppr_options":[],"wppr_pros":[],"wppr_cons":[],"_monsterinsights_skip_tracking":false,"_monsterinsights_sitenote_active":false,"_monsterinsights_sitenote_note":"","_monsterinsights_sitenote_category":0,"footnotes":""},"categories":[3163],"tags":[3247,3248,3167,3166,3164,3165],"features":[],"class_list":{"0":"post-28530","1":"page","2":"type-page","3":"status-publish","4":"has-post-thumbnail","6":"category-software-formazione-online","7":"tag-brightspace","8":"tag-d2l","9":"tag-piattaforma-formazione-online","10":"tag-programma-formazione-online","11":"tag-software-formazione-online","12":"tag-soluzione-formazione-online"},"wppr_data":{"cwp_meta_box_check":"Yes","cwp_rev_product_name":"","cwp_rev_product_image":"","cwp_image_link":"image","cwp_rev_price":"","wppr_rating":"0.00"},"acf":[],"yoast_head":"<!-- This site is optimized with the Yoast SEO plugin v27.4 - https:\/\/yoast.com\/product\/yoast-seo-wordpress\/ -->\n<title>Brightspace: recensione software formazione online - Accurate Reviews<\/title>\n<meta name=\"description\" content=\"Brightspace: sistema di gestione dell&#039;apprendimento sviluppato dalla societ\u00e0 D2L basato sul cloud (LMS) che aiuta gli istituti di K 12.\" \/>\n<meta name=\"robots\" content=\"index, follow, max-snippet:-1, max-image-preview:large, max-video-preview:-1\" \/>\n<link rel=\"canonical\" href=\"https:\/\/www.accuratereviews.com\/it\/software-formazione-online\/brightspace-recensione\/\" \/>\n<meta property=\"og:locale\" content=\"it_IT\" \/>\n<meta property=\"og:type\" content=\"article\" \/>\n<meta property=\"og:title\" content=\"Brightspace: recensione software formazione online - Accurate Reviews\" \/>\n<meta property=\"og:description\" content=\"Brightspace: sistema di gestione dell&#039;apprendimento sviluppato dalla societ\u00e0 D2L basato sul cloud (LMS) che aiuta gli istituti di K 12.\" \/>\n<meta property=\"og:url\" content=\"https:\/\/www.accuratereviews.com\/it\/software-formazione-online\/brightspace-recensione\/\" \/>\n<meta property=\"og:site_name\" content=\"Accurate Reviews\" \/>\n<meta property=\"og:image\" content=\"https:\/\/www.accuratereviews.com\/wp-content\/uploads\/2020\/07\/D2L_Brightspace.png\" \/>\n\t<meta property=\"og:image:width\" content=\"1000\" \/>\n\t<meta property=\"og:image:height\" content=\"248\" \/>\n\t<meta property=\"og:image:type\" content=\"image\/png\" \/>\n<meta name=\"twitter:card\" content=\"summary_large_image\" \/>\n<meta name=\"twitter:label1\" content=\"Tempo di lettura stimato\" \/>\n\t<meta name=\"twitter:data1\" content=\"4 minuti\" \/>\n<script type=\"application\/ld+json\" class=\"yoast-schema-graph\">{\"@context\":\"https:\\\/\\\/schema.org\",\"@graph\":[{\"@type\":\"WebPage\",\"@id\":\"https:\\\/\\\/www.accuratereviews.com\\\/it\\\/software-formazione-online\\\/brightspace-recensione\\\/\",\"url\":\"https:\\\/\\\/www.accuratereviews.com\\\/it\\\/software-formazione-online\\\/brightspace-recensione\\\/\",\"name\":\"Brightspace: recensione software formazione online - Accurate Reviews\",\"isPartOf\":{\"@id\":\"https:\\\/\\\/www.accuratereviews.com\\\/it\\\/#website\"},\"primaryImageOfPage\":{\"@id\":\"https:\\\/\\\/www.accuratereviews.com\\\/it\\\/software-formazione-online\\\/brightspace-recensione\\\/#primaryimage\"},\"image\":{\"@id\":\"https:\\\/\\\/www.accuratereviews.com\\\/it\\\/software-formazione-online\\\/brightspace-recensione\\\/#primaryimage\"},\"thumbnailUrl\":\"https:\\\/\\\/www.accuratereviews.com\\\/wp-content\\\/uploads\\\/2020\\\/07\\\/D2L_Brightspace.png\",\"datePublished\":\"2020-07-13T12:41:56+00:00\",\"description\":\"Brightspace: sistema di gestione dell'apprendimento sviluppato dalla societ\u00e0 D2L basato sul cloud (LMS) che aiuta gli istituti di K 12.\",\"breadcrumb\":{\"@id\":\"https:\\\/\\\/www.accuratereviews.com\\\/it\\\/software-formazione-online\\\/brightspace-recensione\\\/#breadcrumb\"},\"inLanguage\":\"it-IT\",\"potentialAction\":[{\"@type\":\"ReadAction\",\"target\":[\"https:\\\/\\\/www.accuratereviews.com\\\/it\\\/software-formazione-online\\\/brightspace-recensione\\\/\"]}]},{\"@type\":\"ImageObject\",\"inLanguage\":\"it-IT\",\"@id\":\"https:\\\/\\\/www.accuratereviews.com\\\/it\\\/software-formazione-online\\\/brightspace-recensione\\\/#primaryimage\",\"url\":\"https:\\\/\\\/www.accuratereviews.com\\\/wp-content\\\/uploads\\\/2020\\\/07\\\/D2L_Brightspace.png\",\"contentUrl\":\"https:\\\/\\\/www.accuratereviews.com\\\/wp-content\\\/uploads\\\/2020\\\/07\\\/D2L_Brightspace.png\",\"width\":1000,\"height\":248},{\"@type\":\"BreadcrumbList\",\"@id\":\"https:\\\/\\\/www.accuratereviews.com\\\/it\\\/software-formazione-online\\\/brightspace-recensione\\\/#breadcrumb\",\"itemListElement\":[{\"@type\":\"ListItem\",\"position\":1,\"name\":\"Home\",\"item\":\"https:\\\/\\\/www.accuratereviews.com\\\/it\\\/\"},{\"@type\":\"ListItem\",\"position\":2,\"name\":\"Software formazione online\",\"item\":\"https:\\\/\\\/www.accuratereviews.com\\\/it\\\/software-formazione-online\\\/\"},{\"@type\":\"ListItem\",\"position\":3,\"name\":\"Brightspace\"}]},{\"@type\":\"WebSite\",\"@id\":\"https:\\\/\\\/www.accuratereviews.com\\\/it\\\/#website\",\"url\":\"https:\\\/\\\/www.accuratereviews.com\\\/it\\\/\",\"name\":\"Accurate Reviews\",\"description\":\"\",\"potentialAction\":[{\"@type\":\"SearchAction\",\"target\":{\"@type\":\"EntryPoint\",\"urlTemplate\":\"https:\\\/\\\/www.accuratereviews.com\\\/it\\\/?s={search_term_string}\"},\"query-input\":{\"@type\":\"PropertyValueSpecification\",\"valueRequired\":true,\"valueName\":\"search_term_string\"}}],\"inLanguage\":\"it-IT\"}]}<\/script>\n<!-- \/ Yoast SEO plugin. -->","yoast_head_json":{"title":"Brightspace: recensione software formazione online - Accurate Reviews","description":"Brightspace: sistema di gestione dell'apprendimento sviluppato dalla societ\u00e0 D2L basato sul cloud (LMS) che aiuta gli istituti di K 12.","robots":{"index":"index","follow":"follow","max-snippet":"max-snippet:-1","max-image-preview":"max-image-preview:large","max-video-preview":"max-video-preview:-1"},"canonical":"https:\/\/www.accuratereviews.com\/it\/software-formazione-online\/brightspace-recensione\/","og_locale":"it_IT","og_type":"article","og_title":"Brightspace: recensione software formazione online - Accurate Reviews","og_description":"Brightspace: sistema di gestione dell'apprendimento sviluppato dalla societ\u00e0 D2L basato sul cloud (LMS) che aiuta gli istituti di K 12.","og_url":"https:\/\/www.accuratereviews.com\/it\/software-formazione-online\/brightspace-recensione\/","og_site_name":"Accurate Reviews","og_image":[{"width":1000,"height":248,"url":"https:\/\/www.accuratereviews.com\/wp-content\/uploads\/2020\/07\/D2L_Brightspace.png","type":"image\/png"}],"twitter_card":"summary_large_image","twitter_misc":{"Tempo di lettura stimato":"4 minuti"},"schema":{"@context":"https:\/\/schema.org","@graph":[{"@type":"WebPage","@id":"https:\/\/www.accuratereviews.com\/it\/software-formazione-online\/brightspace-recensione\/","url":"https:\/\/www.accuratereviews.com\/it\/software-formazione-online\/brightspace-recensione\/","name":"Brightspace: recensione software formazione online - Accurate Reviews","isPartOf":{"@id":"https:\/\/www.accuratereviews.com\/it\/#website"},"primaryImageOfPage":{"@id":"https:\/\/www.accuratereviews.com\/it\/software-formazione-online\/brightspace-recensione\/#primaryimage"},"image":{"@id":"https:\/\/www.accuratereviews.com\/it\/software-formazione-online\/brightspace-recensione\/#primaryimage"},"thumbnailUrl":"https:\/\/www.accuratereviews.com\/wp-content\/uploads\/2020\/07\/D2L_Brightspace.png","datePublished":"2020-07-13T12:41:56+00:00","description":"Brightspace: sistema di gestione dell'apprendimento sviluppato dalla societ\u00e0 D2L basato sul cloud (LMS) che aiuta gli istituti di K 12.","breadcrumb":{"@id":"https:\/\/www.accuratereviews.com\/it\/software-formazione-online\/brightspace-recensione\/#breadcrumb"},"inLanguage":"it-IT","potentialAction":[{"@type":"ReadAction","target":["https:\/\/www.accuratereviews.com\/it\/software-formazione-online\/brightspace-recensione\/"]}]},{"@type":"ImageObject","inLanguage":"it-IT","@id":"https:\/\/www.accuratereviews.com\/it\/software-formazione-online\/brightspace-recensione\/#primaryimage","url":"https:\/\/www.accuratereviews.com\/wp-content\/uploads\/2020\/07\/D2L_Brightspace.png","contentUrl":"https:\/\/www.accuratereviews.com\/wp-content\/uploads\/2020\/07\/D2L_Brightspace.png","width":1000,"height":248},{"@type":"BreadcrumbList","@id":"https:\/\/www.accuratereviews.com\/it\/software-formazione-online\/brightspace-recensione\/#breadcrumb","itemListElement":[{"@type":"ListItem","position":1,"name":"Home","item":"https:\/\/www.accuratereviews.com\/it\/"},{"@type":"ListItem","position":2,"name":"Software formazione online","item":"https:\/\/www.accuratereviews.com\/it\/software-formazione-online\/"},{"@type":"ListItem","position":3,"name":"Brightspace"}]},{"@type":"WebSite","@id":"https:\/\/www.accuratereviews.com\/it\/#website","url":"https:\/\/www.accuratereviews.com\/it\/","name":"Accurate Reviews","description":"","potentialAction":[{"@type":"SearchAction","target":{"@type":"EntryPoint","urlTemplate":"https:\/\/www.accuratereviews.com\/it\/?s={search_term_string}"},"query-input":{"@type":"PropertyValueSpecification","valueRequired":true,"valueName":"search_term_string"}}],"inLanguage":"it-IT"}]}},"_links":{"self":[{"href":"https:\/\/www.accuratereviews.com\/it\/wp-json\/wp\/v2\/pages\/28530","targetHints":{"allow":["GET"]}}],"collection":[{"href":"https:\/\/www.accuratereviews.com\/it\/wp-json\/wp\/v2\/pages"}],"about":[{"href":"https:\/\/www.accuratereviews.com\/it\/wp-json\/wp\/v2\/types\/page"}],"author":[{"embeddable":true,"href":"https:\/\/www.accuratereviews.com\/it\/wp-json\/wp\/v2\/users\/19"}],"replies":[{"embeddable":true,"href":"https:\/\/www.accuratereviews.com\/it\/wp-json\/wp\/v2\/comments?post=28530"}],"version-history":[{"count":7,"href":"https:\/\/www.accuratereviews.com\/it\/wp-json\/wp\/v2\/pages\/28530\/revisions"}],"predecessor-version":[{"id":28568,"href":"https:\/\/www.accuratereviews.com\/it\/wp-json\/wp\/v2\/pages\/28530\/revisions\/28568"}],"up":[{"embeddable":true,"href":"https:\/\/www.accuratereviews.com\/it\/wp-json\/wp\/v2\/pages\/28265"}],"wp:featuredmedia":[{"embeddable":true,"href":"https:\/\/www.accuratereviews.com\/it\/wp-json\/wp\/v2\/media\/28534"}],"wp:attachment":[{"href":"https:\/\/www.accuratereviews.com\/it\/wp-json\/wp\/v2\/media?parent=28530"}],"wp:term":[{"taxonomy":"category","embeddable":true,"href":"https:\/\/www.accuratereviews.com\/it\/wp-json\/wp\/v2\/categories?post=28530"},{"taxonomy":"post_tag","embeddable":true,"href":"https:\/\/www.accuratereviews.com\/it\/wp-json\/wp\/v2\/tags?post=28530"},{"taxonomy":"features","embeddable":true,"href":"https:\/\/www.accuratereviews.com\/it\/wp-json\/wp\/v2\/features?post=28530"}],"curies":[{"name":"wp","href":"https:\/\/api.w.org\/{rel}","templated":true}]}}