{"id":28545,"date":"2020-07-14T11:01:31","date_gmt":"2020-07-14T11:01:31","guid":{"rendered":"https:\/\/www.accuratereviews.com\/?page_id=28545"},"modified":"2020-07-13T12:56:22","modified_gmt":"2020-07-13T12:56:22","slug":"lessonly-recensione","status":"publish","type":"page","link":"https:\/\/www.accuratereviews.com\/it\/software-formazione-online\/lessonly-recensione\/","title":{"rendered":"Lessonly"},"content":{"rendered":"<p><strong>Lessonly<\/strong> \u00e8 un <strong>sistema di gestione dell&#8217;apprendimento<\/strong> basato su <strong>cloud<\/strong> creato e sviluppato per team di supporto, di vendita e personale delle risorse umane. Semplice e facile da usare, \u00e8 un software di formazione utilizzato dalle aziende per creare e distribuire materiali di formazione e risorse di apprendimento, fornendo ai propri dipendenti le conoscenze e le competenze necessarie per svolgere meglio il proprio lavoro. Inoltre con\u00a0<strong>Lessonly<\/strong> le conoscenze e le informazioni relative al lavoro possono essere rese disponibili ovunque, in qualsiasi momento e su qualsiasi dispositivo. Il software consente ai dipendenti di sviluppare le proprie competenze professionali attraverso la pratica, la ripetizione e il feedback. Infine, fornisce metriche volte a misurare l&#8217;apprendimento, la produttivit\u00e0 e l&#8217;impegno dei dipendenti.<\/p>\n<h2>LESSONLY &#8211; TUTORIAL<\/h2>\n<p>Ecco 3 parametri specifici che possono aiutarti a creare una migliore<strong> formazione online<\/strong>:<\/p>\n<div id=\"fluid-wrapper-counter-1\" class=\"g1-fluid-wrapper \" style=\"width:686px;\">\n<div style=\"padding-bottom:56.268221574344%;\"><iframe loading=\"lazy\" title=\"3 Training Improvements to Make Today\" width=\"686\" height=\"386\" src=\"https:\/\/www.youtube.com\/embed\/FDSbpHdMGf8?feature=oembed&amp;wmode=transparent&amp;autohide=1&amp;autoplay=0&amp;disablekb=0&amp;fs=1&amp;loop=0&amp;enablejsapi=1&amp;rel=0&amp;controls=2&amp;showinfo=0&amp;wmode=transparent&amp;autohide=2&amp;autoplay=0&amp;disablekb=0&amp;fs=1&amp;loop=0&amp;enablejsapi=1&amp;rel=0&amp;controls=2&amp;showinfo=1\" frameborder=\"0\" allow=\"accelerometer; autoplay; encrypted-media; gyroscope; picture-in-picture\" allowfullscreen><\/iframe><\/div>\n<\/div>\n<h3>LESSONLY &#8211; CARATTERISTICHE<\/h3>\n<ul>\n<li><strong>Registrazione webcam<\/strong>: prova un pitch o l&#8217;interazione del cliente sul video per perfezionare le tue capacit\u00e0 di presentazione<\/li>\n<li><strong>Pratica email<\/strong>: allena il tuo team a scrivere e-mail ponderate che stupiscono i clienti e i potenziali clienti<\/li>\n<li><strong>Registrazione dello schermo<\/strong>: cattura il tuo schermo per padroneggiare processi passo-passo come dimostrazioni o procedure dettagliate sui prodotti<\/li>\n<li><strong>Pratica di chat<\/strong>: diventa guru della chat praticando scenari di vita reale dietro le quinte<\/li>\n<li><strong>Registrazione audio<\/strong>: simula le telefonate per aumentare la sicurezza e la chiarezza quando parli con clienti o potenziali clienti<\/li>\n<li><strong>Esercitazione di biglietteria<\/strong>: assegna ticket fittizi in modo che i rappresentanti si esercitino nella risoluzione delle richieste dei clienti<\/li>\n<li><strong>Risposta scritta<\/strong>: potrai dare ai rappresentanti uno spazio per porre domande o fornire risposte scritte di lunga durata<\/li>\n<li><strong>Competenze Hone<\/strong>: valuta le ripetizioni su criteri come chiarezza, fiducia e credibilit\u00e0 nelle interazioni con clienti e potenziali clienti<\/li>\n<li><strong>Comunicare pi\u00f9 velocemente<\/strong>: crea loop di feedback con i compagni di squadra in prima linea per evidenziare ci\u00f2 che funziona e migliorare ci\u00f2 che non funziona<\/li>\n<li><strong>Misurare l&#8217;impatto<\/strong>: analizza i dati di tutta l&#8217;organizzazione per quantificare l&#8217;impatto della pratica sui comportamenti in prima linea.<\/li>\n<\/ul>\n<h4>LE RECENSIONI DEGLI UTENTI<\/h4>\n<h4 class=\"font-weight-bold my-1 d-flex align-items-center\">Olivia C.&#8221;Super user friendly&#8221;<\/h4>\n<p><strong>Commenti: <\/strong>Abbiamo lanciato un nuovo programma di formazione con Lessonly. Il loro onboarding con noi \u00e8 stato eccellente. Il loro supporto clienti \u00e8 super reattivo e ottimo per lavorare.<\/p>\n<p><strong>Vantaggi: <\/strong>Realizzare lezioni davvero facili senza molto know-how tecnico. \u00c8 rapido ottenere contenuti, pubblicare e assegnare agli utenti.<br \/>\nL&#8217;interfaccia \u00e8 molto pulita e intuitiva da usare.<\/p>\n<p><strong>Inconvenienti: <\/strong>Alcune delle opzioni di testo sono limitate (colori, dimensioni).\u00a0Non \u00e8 possibile copiare e incollare intere sezioni di contenuto da un corso all&#8217;altro facilmente.<\/p>\n<h4 class=\"font-weight-bold my-1 d-flex align-items-center\">Jessica H.&#8221;Ottima piattaforma di e-learning&#8221;<\/h4>\n<p><strong>Vantaggi: <\/strong>Lessonly ci consente di condividere i contenuti esternamente con i team che vendono i nostri prodotti in modo facile e divertente. Non solo le persone possono conoscere i nostri prodotti, ma possono anche ricevere consigli e formazione extra. Questo \u00e8 importante per noi per mantenere ottimi rapporti di lavoro con i nostri partner esterni. Utilizziamo inoltre Lessonly internamente per garantire che il nostro personale sia aggiornato con i requisiti di conformit\u00e0 del settore.<\/p>\n<p><strong>Inconvenienti: <\/strong>Non c&#8217;\u00e8 niente che non mi piace. Lo strumento \u00e8 eccellente e il team di supporto dei clienti \u00e8 incredibile!<\/p>\n<h4 class=\"font-weight-bold my-1 d-flex align-items-center\">Brian C.&#8221;Ottimo per diffondere informazioni&#8221;<\/h4>\n<p><strong>Commenti: <\/strong>Nel complesso, mi piace lo strumento. Lo abbiamo anche usato per determinate certificazioni.<\/p>\n<p><strong>Vantaggi: <\/strong>Mi piace l&#8217;utilizzo della Lessonly da parte della mia azienda, invieranno informazioni sulla conformit\u00e0 e sulle risorse umane. Alla fine della presentazione c&#8217;\u00e8 un controllo per la comprensione. Puoi sempre tornare a Lezione per rivedere gli elementi completati. Questo \u00e8 fantastico!<\/p>\n<p><strong>Inconvenienti: <\/strong>Non c&#8217;\u00e8 nulla che non mi piace di Lessonly. \u00c8 molto facile da usare ed \u00e8 un buon posto per archiviare dati importanti, ma non quotidiani.<\/p>\n","protected":false},"excerpt":{"rendered":"<p>Lessonly \u00e8 un sistema di gestione dell&#8217;apprendimento basato su cloud creato e sviluppato per team di supporto, di vendita e personale delle risorse umane. Semplice e facile da usare, \u00e8 un software di formazione utilizzato dalle aziende per creare e distribuire materiali di formazione e risorse di apprendimento, fornendo ai propri dipendenti le conoscenze e le competenze necessarie per svolgere meglio il proprio lavoro.<\/p>\n","protected":false},"author":19,"featured_media":28546,"parent":28265,"menu_order":0,"comment_status":"open","ping_status":"closed","template":"g1_template_page_review_new.php","meta":{"_acf_changed":false,"cwp_meta_box_check":"Yes","cwp_rev_product_name":"","cwp_rev_product_image":"","wppr_links":[],"cwp_rev_price":"","wppr_options":[],"wppr_pros":[],"wppr_cons":[],"_monsterinsights_skip_tracking":false,"_monsterinsights_sitenote_active":false,"_monsterinsights_sitenote_note":"","_monsterinsights_sitenote_category":0,"footnotes":""},"categories":[3163],"tags":[396,3252,3167,3166,3249,3250,3165,3251],"features":[],"class_list":{"0":"post-28545","1":"page","2":"type-page","3":"status-publish","4":"has-post-thumbnail","6":"category-software-formazione-online","7":"tag-cloud","8":"tag-lessonly","9":"tag-piattaforma-formazione-online","10":"tag-programma-formazione-online","11":"tag-software-formazione-onlie","12":"tag-software-per-apprendimento","13":"tag-soluzione-formazione-online","14":"tag-soluzione-per-apprendimento"},"wppr_data":{"cwp_meta_box_check":"Yes","cwp_rev_product_name":"","cwp_rev_product_image":"","cwp_image_link":"image","cwp_rev_price":"","wppr_rating":"0.00"},"acf":[],"yoast_head":"<!-- This site is optimized with the Yoast SEO plugin v27.4 - https:\/\/yoast.com\/product\/yoast-seo-wordpress\/ -->\n<title>Lessonly: recensione software formazione online - Accurate Reviews<\/title>\n<meta name=\"description\" content=\"Lessonly: recensione del sistema di gestione dell&#039;apprendimento basato su cloud sviluppato per team di supporto, di vendita e personale delle risorse umane.\" \/>\n<meta name=\"robots\" content=\"index, follow, max-snippet:-1, max-image-preview:large, max-video-preview:-1\" \/>\n<link rel=\"canonical\" href=\"https:\/\/www.accuratereviews.com\/it\/software-formazione-online\/lessonly-recensione\/\" \/>\n<meta property=\"og:locale\" content=\"it_IT\" \/>\n<meta property=\"og:type\" content=\"article\" \/>\n<meta property=\"og:title\" content=\"Lessonly: recensione software formazione online - Accurate Reviews\" \/>\n<meta property=\"og:description\" content=\"Lessonly: recensione del sistema di gestione dell&#039;apprendimento basato su cloud sviluppato per team di supporto, di vendita e personale delle risorse umane.\" \/>\n<meta property=\"og:url\" content=\"https:\/\/www.accuratereviews.com\/it\/software-formazione-online\/lessonly-recensione\/\" \/>\n<meta property=\"og:site_name\" content=\"Accurate Reviews\" \/>\n<meta property=\"og:image\" content=\"https:\/\/www.accuratereviews.com\/wp-content\/uploads\/2020\/07\/Lessonly_Logo.png\" \/>\n\t<meta property=\"og:image:width\" content=\"477\" \/>\n\t<meta property=\"og:image:height\" content=\"478\" \/>\n\t<meta property=\"og:image:type\" content=\"image\/png\" \/>\n<meta name=\"twitter:card\" content=\"summary_large_image\" \/>\n<meta name=\"twitter:label1\" content=\"Tempo di lettura stimato\" \/>\n\t<meta name=\"twitter:data1\" content=\"3 minuti\" \/>\n<script type=\"application\/ld+json\" class=\"yoast-schema-graph\">{\"@context\":\"https:\\\/\\\/schema.org\",\"@graph\":[{\"@type\":\"WebPage\",\"@id\":\"https:\\\/\\\/www.accuratereviews.com\\\/it\\\/software-formazione-online\\\/lessonly-recensione\\\/\",\"url\":\"https:\\\/\\\/www.accuratereviews.com\\\/it\\\/software-formazione-online\\\/lessonly-recensione\\\/\",\"name\":\"Lessonly: recensione software formazione online - Accurate Reviews\",\"isPartOf\":{\"@id\":\"https:\\\/\\\/www.accuratereviews.com\\\/it\\\/#website\"},\"primaryImageOfPage\":{\"@id\":\"https:\\\/\\\/www.accuratereviews.com\\\/it\\\/software-formazione-online\\\/lessonly-recensione\\\/#primaryimage\"},\"image\":{\"@id\":\"https:\\\/\\\/www.accuratereviews.com\\\/it\\\/software-formazione-online\\\/lessonly-recensione\\\/#primaryimage\"},\"thumbnailUrl\":\"https:\\\/\\\/www.accuratereviews.com\\\/wp-content\\\/uploads\\\/2020\\\/07\\\/Lessonly_Logo.png\",\"datePublished\":\"2020-07-14T11:01:31+00:00\",\"description\":\"Lessonly: recensione del sistema di gestione dell'apprendimento basato su cloud sviluppato per team di supporto, di vendita e personale delle risorse umane.\",\"breadcrumb\":{\"@id\":\"https:\\\/\\\/www.accuratereviews.com\\\/it\\\/software-formazione-online\\\/lessonly-recensione\\\/#breadcrumb\"},\"inLanguage\":\"it-IT\",\"potentialAction\":[{\"@type\":\"ReadAction\",\"target\":[\"https:\\\/\\\/www.accuratereviews.com\\\/it\\\/software-formazione-online\\\/lessonly-recensione\\\/\"]}]},{\"@type\":\"ImageObject\",\"inLanguage\":\"it-IT\",\"@id\":\"https:\\\/\\\/www.accuratereviews.com\\\/it\\\/software-formazione-online\\\/lessonly-recensione\\\/#primaryimage\",\"url\":\"https:\\\/\\\/www.accuratereviews.com\\\/wp-content\\\/uploads\\\/2020\\\/07\\\/Lessonly_Logo.png\",\"contentUrl\":\"https:\\\/\\\/www.accuratereviews.com\\\/wp-content\\\/uploads\\\/2020\\\/07\\\/Lessonly_Logo.png\",\"width\":477,\"height\":478},{\"@type\":\"BreadcrumbList\",\"@id\":\"https:\\\/\\\/www.accuratereviews.com\\\/it\\\/software-formazione-online\\\/lessonly-recensione\\\/#breadcrumb\",\"itemListElement\":[{\"@type\":\"ListItem\",\"position\":1,\"name\":\"Home\",\"item\":\"https:\\\/\\\/www.accuratereviews.com\\\/it\\\/\"},{\"@type\":\"ListItem\",\"position\":2,\"name\":\"Software formazione online\",\"item\":\"https:\\\/\\\/www.accuratereviews.com\\\/it\\\/software-formazione-online\\\/\"},{\"@type\":\"ListItem\",\"position\":3,\"name\":\"Lessonly\"}]},{\"@type\":\"WebSite\",\"@id\":\"https:\\\/\\\/www.accuratereviews.com\\\/it\\\/#website\",\"url\":\"https:\\\/\\\/www.accuratereviews.com\\\/it\\\/\",\"name\":\"Accurate Reviews\",\"description\":\"\",\"potentialAction\":[{\"@type\":\"SearchAction\",\"target\":{\"@type\":\"EntryPoint\",\"urlTemplate\":\"https:\\\/\\\/www.accuratereviews.com\\\/it\\\/?s={search_term_string}\"},\"query-input\":{\"@type\":\"PropertyValueSpecification\",\"valueRequired\":true,\"valueName\":\"search_term_string\"}}],\"inLanguage\":\"it-IT\"}]}<\/script>\n<!-- \/ Yoast SEO plugin. -->","yoast_head_json":{"title":"Lessonly: recensione software formazione online - Accurate Reviews","description":"Lessonly: recensione del sistema di gestione dell'apprendimento basato su cloud sviluppato per team di supporto, di vendita e personale delle risorse umane.","robots":{"index":"index","follow":"follow","max-snippet":"max-snippet:-1","max-image-preview":"max-image-preview:large","max-video-preview":"max-video-preview:-1"},"canonical":"https:\/\/www.accuratereviews.com\/it\/software-formazione-online\/lessonly-recensione\/","og_locale":"it_IT","og_type":"article","og_title":"Lessonly: recensione software formazione online - Accurate Reviews","og_description":"Lessonly: recensione del sistema di gestione dell'apprendimento basato su cloud sviluppato per team di supporto, di vendita e personale delle risorse umane.","og_url":"https:\/\/www.accuratereviews.com\/it\/software-formazione-online\/lessonly-recensione\/","og_site_name":"Accurate Reviews","og_image":[{"width":477,"height":478,"url":"https:\/\/www.accuratereviews.com\/wp-content\/uploads\/2020\/07\/Lessonly_Logo.png","type":"image\/png"}],"twitter_card":"summary_large_image","twitter_misc":{"Tempo di lettura stimato":"3 minuti"},"schema":{"@context":"https:\/\/schema.org","@graph":[{"@type":"WebPage","@id":"https:\/\/www.accuratereviews.com\/it\/software-formazione-online\/lessonly-recensione\/","url":"https:\/\/www.accuratereviews.com\/it\/software-formazione-online\/lessonly-recensione\/","name":"Lessonly: recensione software formazione online - Accurate Reviews","isPartOf":{"@id":"https:\/\/www.accuratereviews.com\/it\/#website"},"primaryImageOfPage":{"@id":"https:\/\/www.accuratereviews.com\/it\/software-formazione-online\/lessonly-recensione\/#primaryimage"},"image":{"@id":"https:\/\/www.accuratereviews.com\/it\/software-formazione-online\/lessonly-recensione\/#primaryimage"},"thumbnailUrl":"https:\/\/www.accuratereviews.com\/wp-content\/uploads\/2020\/07\/Lessonly_Logo.png","datePublished":"2020-07-14T11:01:31+00:00","description":"Lessonly: recensione del sistema di gestione dell'apprendimento basato su cloud sviluppato per team di supporto, di vendita e personale delle risorse umane.","breadcrumb":{"@id":"https:\/\/www.accuratereviews.com\/it\/software-formazione-online\/lessonly-recensione\/#breadcrumb"},"inLanguage":"it-IT","potentialAction":[{"@type":"ReadAction","target":["https:\/\/www.accuratereviews.com\/it\/software-formazione-online\/lessonly-recensione\/"]}]},{"@type":"ImageObject","inLanguage":"it-IT","@id":"https:\/\/www.accuratereviews.com\/it\/software-formazione-online\/lessonly-recensione\/#primaryimage","url":"https:\/\/www.accuratereviews.com\/wp-content\/uploads\/2020\/07\/Lessonly_Logo.png","contentUrl":"https:\/\/www.accuratereviews.com\/wp-content\/uploads\/2020\/07\/Lessonly_Logo.png","width":477,"height":478},{"@type":"BreadcrumbList","@id":"https:\/\/www.accuratereviews.com\/it\/software-formazione-online\/lessonly-recensione\/#breadcrumb","itemListElement":[{"@type":"ListItem","position":1,"name":"Home","item":"https:\/\/www.accuratereviews.com\/it\/"},{"@type":"ListItem","position":2,"name":"Software formazione online","item":"https:\/\/www.accuratereviews.com\/it\/software-formazione-online\/"},{"@type":"ListItem","position":3,"name":"Lessonly"}]},{"@type":"WebSite","@id":"https:\/\/www.accuratereviews.com\/it\/#website","url":"https:\/\/www.accuratereviews.com\/it\/","name":"Accurate Reviews","description":"","potentialAction":[{"@type":"SearchAction","target":{"@type":"EntryPoint","urlTemplate":"https:\/\/www.accuratereviews.com\/it\/?s={search_term_string}"},"query-input":{"@type":"PropertyValueSpecification","valueRequired":true,"valueName":"search_term_string"}}],"inLanguage":"it-IT"}]}},"_links":{"self":[{"href":"https:\/\/www.accuratereviews.com\/it\/wp-json\/wp\/v2\/pages\/28545","targetHints":{"allow":["GET"]}}],"collection":[{"href":"https:\/\/www.accuratereviews.com\/it\/wp-json\/wp\/v2\/pages"}],"about":[{"href":"https:\/\/www.accuratereviews.com\/it\/wp-json\/wp\/v2\/types\/page"}],"author":[{"embeddable":true,"href":"https:\/\/www.accuratereviews.com\/it\/wp-json\/wp\/v2\/users\/19"}],"replies":[{"embeddable":true,"href":"https:\/\/www.accuratereviews.com\/it\/wp-json\/wp\/v2\/comments?post=28545"}],"version-history":[{"count":6,"href":"https:\/\/www.accuratereviews.com\/it\/wp-json\/wp\/v2\/pages\/28545\/revisions"}],"predecessor-version":[{"id":28572,"href":"https:\/\/www.accuratereviews.com\/it\/wp-json\/wp\/v2\/pages\/28545\/revisions\/28572"}],"up":[{"embeddable":true,"href":"https:\/\/www.accuratereviews.com\/it\/wp-json\/wp\/v2\/pages\/28265"}],"wp:featuredmedia":[{"embeddable":true,"href":"https:\/\/www.accuratereviews.com\/it\/wp-json\/wp\/v2\/media\/28546"}],"wp:attachment":[{"href":"https:\/\/www.accuratereviews.com\/it\/wp-json\/wp\/v2\/media?parent=28545"}],"wp:term":[{"taxonomy":"category","embeddable":true,"href":"https:\/\/www.accuratereviews.com\/it\/wp-json\/wp\/v2\/categories?post=28545"},{"taxonomy":"post_tag","embeddable":true,"href":"https:\/\/www.accuratereviews.com\/it\/wp-json\/wp\/v2\/tags?post=28545"},{"taxonomy":"features","embeddable":true,"href":"https:\/\/www.accuratereviews.com\/it\/wp-json\/wp\/v2\/features?post=28545"}],"curies":[{"name":"wp","href":"https:\/\/api.w.org\/{rel}","templated":true}]}}