{"id":28553,"date":"2020-07-14T11:00:41","date_gmt":"2020-07-14T11:00:41","guid":{"rendered":"https:\/\/www.accuratereviews.com\/?page_id=28553"},"modified":"2020-07-13T12:53:20","modified_gmt":"2020-07-13T12:53:20","slug":"wiziq-recensione","status":"publish","type":"page","link":"https:\/\/www.accuratereviews.com\/it\/software-formazione-online\/wiziq-recensione\/","title":{"rendered":"WizIQ"},"content":{"rendered":"<p><strong>WizIQ<\/strong> \u00e8 classificato tra le pi\u00f9 grandi <strong>piattaforme di formazione<\/strong> ospitate su <strong>cloud<\/strong> al mondo. Oltre 400.000 insegnanti hanno utilizzato il programma per offrire servizi di apprendimento a oltre quattro milioni di studenti in 200 paesi. La soluzione rappresenta un grande passo nella tecnologia dell&#8217;istruzione aiutando i fornitori di servizi a creare i propri centri di apprendimento personalizzati in pochi minuti. Aumenta il coinvolgimento degli studenti con l&#8217;uso di strumenti all&#8217;avanguardia, come streaming video, apprendimento mobile, forum di discussione, aula online in diretta, valutazioni, approfondimenti e analisi. Gli studenti troveranno facile accedere ai corsi che hanno frequentato finora e persino condividere le loro idee e opinioni su un argomento specifico. Grazie a questa funzione, gli insegnanti possono ottenere approfondimenti dai propri studenti e avere una migliore comprensione di come migliorare i loro corsi e i metodi di insegnamento.<\/p>\n<h2>WIZIQ &#8211; TUTORIAL<\/h2>\n<p>Il tutorial mostra come creare una classe online live interattiva con funzionalit\u00e0 come ad esempio lavagna interattiva, chat dal vivo, sondaggi, editor di codice e videoconferenza:<\/p>\n<div id=\"fluid-wrapper-counter-1\" class=\"g1-fluid-wrapper \" style=\"width:686px;\">\n<div style=\"padding-bottom:56.268221574344%;\"><iframe loading=\"lazy\" title=\"How to create live class using Moodle\" width=\"686\" height=\"386\" src=\"https:\/\/www.youtube.com\/embed\/fHQIfEVIQmk?feature=oembed&amp;wmode=transparent&amp;autohide=1&amp;autoplay=0&amp;disablekb=0&amp;fs=1&amp;loop=0&amp;enablejsapi=1&amp;rel=0&amp;controls=2&amp;showinfo=0&amp;wmode=transparent&amp;autohide=2&amp;autoplay=0&amp;disablekb=0&amp;fs=1&amp;loop=0&amp;enablejsapi=1&amp;rel=0&amp;controls=2&amp;showinfo=1\" frameborder=\"0\" allow=\"accelerometer; autoplay; encrypted-media; gyroscope; picture-in-picture\" allowfullscreen><\/iframe><\/div>\n<\/div>\n<h3>WIZIQ &#8211; CARATTERISTICHE<\/h3>\n<ul>\n<li>Offri l&#8217;apprendimento dal vivo con videoconferenza HD, lavagna online e messaggistica in tempo reale con partecipanti illimitati<\/li>\n<li>Carica contenuti in qualsiasi formato e crea corsi di e-learning interattivi e ritmati in pochi minuti<\/li>\n<li>Crea test e valutazioni multimediali online in 9 diversi formati<\/li>\n<li>Tieni traccia delle tue prestazioni di insegnamento e dei progressi dei tuoi studenti con analisi relative alle lezioni e ai corsi<\/li>\n<li>Consenti ai tuoi studenti di accedere ai tuoi contenuti e-learning con l&#8217;applicazione mobile e per tablet WizIQ per dispositivi Android e iOS<\/li>\n<li>Vendi corsi guidati da istruttori e personalizzati con un gateway di pagamento integrato nel tuo portale di apprendimento<\/li>\n<li>Definisci il ruolo dei partecipanti e condurre lezioni dal vivo con istruttore con risoluzione HQ e layout audio-video a 5 vie<\/li>\n<li>Collabora in tempo reale con i tuoi studenti utilizzando la chat dal vivo, il flusso video YouTube in diretta, la condivisione dello schermo e delle applicazioni, i breakout room e le funzionalit\u00e0 di polling<\/li>\n<li>Integra l&#8217;API \/ Plugin Virtual Classroom con il tuo LMS esistente (WordPress, Moodle, Canvas, Blackboard, Joomla e molto altro) o il sito web per aggiungere una funzionalit\u00e0 di classe live<\/li>\n<li>Imposta il tuo portale di apprendimento in pochi clic e carica contenuti in pi\u00f9 formati<\/li>\n<li>Carica tutto il contenuto che desideri con spazio di archiviazione illimitato e crea diverse sezioni in base alla struttura del corso integrata<\/li>\n<li>Aggiungi il tuo logo e il colore del marchio e ottieni un portale di apprendimento personalizzato con etichetta bianca per la tua azienda<\/li>\n<li>Naviga facilmente con un&#8217;interfaccia fluida e intuitiva<\/li>\n<li>Crea test online in 9 diversi formati<\/li>\n<li>Inserisci immagini per rendere i tuoi test coinvolgenti e interattivi<\/li>\n<li>Imposta regole e linee guida per personalizzare i tuoi test<\/li>\n<li>Crea set diversi, randomizza le opzioni MCQ e assegna i limiti di tempo per rendere i tuoi test imbroglio<\/li>\n<li>Genera rapporti di prova completi e scorecard per analizzare le prestazioni<\/li>\n<li>Misura le prestazioni della classe e del corso con i rapporti di frequenza e completamento del corso<\/li>\n<li>Offri un apprendimento personalizzato identificando gli studenti deboli e intraprendendo azioni correttive<\/li>\n<li>Apporta modifiche al contenuto del corso e allo stile di insegnamento individuando le aree deboli del tuo programma<\/li>\n<li>Ottieni un ROI pi\u00f9 rapido e assicurati il \u200b\u200bsuccesso del corso con sforzi mirati per affrontare questioni specifiche<\/li>\n<li>Genera report automatici e scaricali in formato CSV per la conservazione dei record<\/li>\n<li>Accedi al contenuto del tuo corso (corsi personalizzati e lezioni dal vivo) dai loro smartphone e tablet<\/li>\n<li>Controlla notifiche, messaggi, programma del corso e invia messaggi<\/li>\n<li>Inizia subito a imparare su dispositivi mobili senza investire in costosi laptop e computer<\/li>\n<li>Ottieni un portale di pagamento integrato conforme PCI nella tua accademia online per transazioni pi\u00f9 facili e veloci<\/li>\n<li>Crea e vendi i tuoi corsi online senza costi aggiuntivi per le transazioni di pagamento degli utenti<\/li>\n<li>Garantisci la sicurezza delle informazioni sensibili con la tokenizzazione<\/li>\n<li>Visualizza e scarica i report relativi alle transazioni di pagamento<\/li>\n<\/ul>\n<h4>LE RECENSIONI DEGLI UTENTI<\/h4>\n<h4 class=\"font-weight-bold my-1 d-flex align-items-center\">Hudha I.&#8221;L&#8217;insegnamento online \u00e8 il migliore tramite wiziq&#8221;<\/h4>\n<p><strong>Commenti: <\/strong>Da quando ho usato Wiziq non ho avuto problemi nello svolgimento di lezioni online, offre un facile accesso agli studenti senza iscrizione o registrazione. Tutto quello che devono usare \u00e8 un link di invito, che pu\u00f2 essere una tantum o ricorrente. La piattaforma \u00e8 facile da usare e il servizio clienti \u00e8 il migliore. Sono molto cordiali e si prendono cura di ogni cliente, ma a volte pu\u00f2 essere difficile raggiungere soluzioni immediate.<\/p>\n<p><strong>Vantaggi: <\/strong>Lo strumento migliore di WizIQ \u00e8 che fornisce pi\u00f9 classi in una singola sessione, il che \u00e8 molto utile per condurre test ed esami.<\/p>\n<p><strong>Inconvenienti: <\/strong>La piattaforma non supporta molte lingue.<\/p>\n<h4 class=\"font-weight-bold my-1 d-flex align-items-center\">Gregory D.&#8221;Sapere cosa vuoi da un LMS&#8221;<\/h4>\n<p><strong>Commenti: <\/strong>L&#8217;esperienza complessiva \u00e8 stata buona. Sottolineo ancora che saggiamente scegli il tuo LMS.<\/p>\n<p><strong>Vantaggi: <\/strong>Estetica molto interessante e facilit\u00e0 d&#8217;uso per gli utenti finali. La capacit\u00e0 di creare e vendere corsi online \u00e8 davvero interessante.<\/p>\n<p><strong>Inconvenienti: <\/strong>I MOOC sono un po &#8216;antiquati secondo me e il software LMS \u00e8 un centesimo al giorno d&#8217;oggi. Assicurati di sapere esattamente come prevedi di implementare, utilizzare e valutare il successo.<\/p>\n<h4 class=\"font-weight-bold my-1 d-flex align-items-center\">Alain F.\u00a0&#8220;Solo un semplice Woww!&#8221;<\/h4>\n<p><strong>Commenti: <\/strong>Formazione a distanza<\/p>\n<p><strong>Vantaggi: <\/strong>Facile da usare. Molto prezioso per il prezzo. Studenti e professori si divertono a lavorare utilizzando questa piattaforma in quanto ha molti chiari vantaggi.<\/p>\n<p><strong>Inconvenienti: <\/strong>Forse ce l&#8217;ha gi\u00e0, ma non era possibile caricare video da altre fonti diverse da Youtube.<\/p>\n","protected":false},"excerpt":{"rendered":"<p>WizIQ \u00e8 classificato tra le pi\u00f9 grandi piattaforme di formazione ospitate su cloud al mondo. Oltre 400.000 insegnanti hanno utilizzato il programma per offrire servizi di apprendimento a oltre quattro milioni di studenti in 200 paesi.<\/p>\n","protected":false},"author":19,"featured_media":28558,"parent":28265,"menu_order":0,"comment_status":"open","ping_status":"closed","template":"g1_template_page_review_new.php","meta":{"_acf_changed":false,"cwp_meta_box_check":"Yes","cwp_rev_product_name":"","cwp_rev_product_image":"","wppr_links":[],"cwp_rev_price":"","wppr_options":[],"wppr_pros":[],"wppr_cons":[],"_monsterinsights_skip_tracking":false,"_monsterinsights_sitenote_active":false,"_monsterinsights_sitenote_note":"","_monsterinsights_sitenote_category":0,"footnotes":""},"categories":[3163],"tags":[396,3167,3166,3254,3164,3253,3255],"features":[],"class_list":{"0":"post-28553","1":"page","2":"type-page","3":"status-publish","4":"has-post-thumbnail","6":"category-software-formazione-online","7":"tag-cloud","8":"tag-piattaforma-formazione-online","9":"tag-programma-formazione-online","10":"tag-software-apprendimento-online","11":"tag-software-formazione-online","12":"tag-soluzione-apprendimento-online","13":"tag-wiziq"},"wppr_data":{"cwp_meta_box_check":"Yes","cwp_rev_product_name":"","cwp_rev_product_image":"","cwp_image_link":"image","cwp_rev_price":"","wppr_rating":"0.00"},"acf":[],"yoast_head":"<!-- This site is optimized with the Yoast SEO plugin v27.4 - https:\/\/yoast.com\/product\/yoast-seo-wordpress\/ -->\n<title>WizIq: recensione software formazione online - Accurate Reviews<\/title>\n<meta name=\"description\" content=\"WizIQ: recensione del software di formazione ospitato su cloud che vanta oltre 400.000 insegnanti che utilizzato i suoi strumenti interattivi.\" \/>\n<meta name=\"robots\" content=\"index, follow, max-snippet:-1, max-image-preview:large, max-video-preview:-1\" \/>\n<link rel=\"canonical\" href=\"https:\/\/www.accuratereviews.com\/it\/software-formazione-online\/wiziq-recensione\/\" \/>\n<meta property=\"og:locale\" content=\"it_IT\" \/>\n<meta property=\"og:type\" content=\"article\" \/>\n<meta property=\"og:title\" content=\"WizIq: recensione software formazione online - Accurate Reviews\" \/>\n<meta property=\"og:description\" content=\"WizIQ: recensione del software di formazione ospitato su cloud che vanta oltre 400.000 insegnanti che utilizzato i suoi strumenti interattivi.\" \/>\n<meta property=\"og:url\" content=\"https:\/\/www.accuratereviews.com\/it\/software-formazione-online\/wiziq-recensione\/\" \/>\n<meta property=\"og:site_name\" content=\"Accurate Reviews\" \/>\n<meta property=\"og:image\" content=\"https:\/\/www.accuratereviews.com\/wp-content\/uploads\/2020\/07\/WIZIQ.jpg\" \/>\n\t<meta property=\"og:image:width\" content=\"264\" \/>\n\t<meta property=\"og:image:height\" content=\"264\" \/>\n\t<meta property=\"og:image:type\" content=\"image\/jpeg\" \/>\n<meta name=\"twitter:card\" content=\"summary_large_image\" \/>\n<meta name=\"twitter:label1\" content=\"Tempo di lettura stimato\" \/>\n\t<meta name=\"twitter:data1\" content=\"4 minuti\" \/>\n<script type=\"application\/ld+json\" class=\"yoast-schema-graph\">{\"@context\":\"https:\\\/\\\/schema.org\",\"@graph\":[{\"@type\":\"WebPage\",\"@id\":\"https:\\\/\\\/www.accuratereviews.com\\\/it\\\/software-formazione-online\\\/wiziq-recensione\\\/\",\"url\":\"https:\\\/\\\/www.accuratereviews.com\\\/it\\\/software-formazione-online\\\/wiziq-recensione\\\/\",\"name\":\"WizIq: recensione software formazione online - Accurate Reviews\",\"isPartOf\":{\"@id\":\"https:\\\/\\\/www.accuratereviews.com\\\/it\\\/#website\"},\"primaryImageOfPage\":{\"@id\":\"https:\\\/\\\/www.accuratereviews.com\\\/it\\\/software-formazione-online\\\/wiziq-recensione\\\/#primaryimage\"},\"image\":{\"@id\":\"https:\\\/\\\/www.accuratereviews.com\\\/it\\\/software-formazione-online\\\/wiziq-recensione\\\/#primaryimage\"},\"thumbnailUrl\":\"https:\\\/\\\/www.accuratereviews.com\\\/wp-content\\\/uploads\\\/2020\\\/07\\\/WIZIQ.jpg\",\"datePublished\":\"2020-07-14T11:00:41+00:00\",\"description\":\"WizIQ: recensione del software di formazione ospitato su cloud che vanta oltre 400.000 insegnanti che utilizzato i suoi strumenti interattivi.\",\"breadcrumb\":{\"@id\":\"https:\\\/\\\/www.accuratereviews.com\\\/it\\\/software-formazione-online\\\/wiziq-recensione\\\/#breadcrumb\"},\"inLanguage\":\"it-IT\",\"potentialAction\":[{\"@type\":\"ReadAction\",\"target\":[\"https:\\\/\\\/www.accuratereviews.com\\\/it\\\/software-formazione-online\\\/wiziq-recensione\\\/\"]}]},{\"@type\":\"ImageObject\",\"inLanguage\":\"it-IT\",\"@id\":\"https:\\\/\\\/www.accuratereviews.com\\\/it\\\/software-formazione-online\\\/wiziq-recensione\\\/#primaryimage\",\"url\":\"https:\\\/\\\/www.accuratereviews.com\\\/wp-content\\\/uploads\\\/2020\\\/07\\\/WIZIQ.jpg\",\"contentUrl\":\"https:\\\/\\\/www.accuratereviews.com\\\/wp-content\\\/uploads\\\/2020\\\/07\\\/WIZIQ.jpg\",\"width\":264,\"height\":264},{\"@type\":\"BreadcrumbList\",\"@id\":\"https:\\\/\\\/www.accuratereviews.com\\\/it\\\/software-formazione-online\\\/wiziq-recensione\\\/#breadcrumb\",\"itemListElement\":[{\"@type\":\"ListItem\",\"position\":1,\"name\":\"Home\",\"item\":\"https:\\\/\\\/www.accuratereviews.com\\\/it\\\/\"},{\"@type\":\"ListItem\",\"position\":2,\"name\":\"Software formazione online\",\"item\":\"https:\\\/\\\/www.accuratereviews.com\\\/it\\\/software-formazione-online\\\/\"},{\"@type\":\"ListItem\",\"position\":3,\"name\":\"WizIQ\"}]},{\"@type\":\"WebSite\",\"@id\":\"https:\\\/\\\/www.accuratereviews.com\\\/it\\\/#website\",\"url\":\"https:\\\/\\\/www.accuratereviews.com\\\/it\\\/\",\"name\":\"Accurate Reviews\",\"description\":\"\",\"potentialAction\":[{\"@type\":\"SearchAction\",\"target\":{\"@type\":\"EntryPoint\",\"urlTemplate\":\"https:\\\/\\\/www.accuratereviews.com\\\/it\\\/?s={search_term_string}\"},\"query-input\":{\"@type\":\"PropertyValueSpecification\",\"valueRequired\":true,\"valueName\":\"search_term_string\"}}],\"inLanguage\":\"it-IT\"}]}<\/script>\n<!-- \/ Yoast SEO plugin. -->","yoast_head_json":{"title":"WizIq: recensione software formazione online - Accurate Reviews","description":"WizIQ: recensione del software di formazione ospitato su cloud che vanta oltre 400.000 insegnanti che utilizzato i suoi strumenti interattivi.","robots":{"index":"index","follow":"follow","max-snippet":"max-snippet:-1","max-image-preview":"max-image-preview:large","max-video-preview":"max-video-preview:-1"},"canonical":"https:\/\/www.accuratereviews.com\/it\/software-formazione-online\/wiziq-recensione\/","og_locale":"it_IT","og_type":"article","og_title":"WizIq: recensione software formazione online - Accurate Reviews","og_description":"WizIQ: recensione del software di formazione ospitato su cloud che vanta oltre 400.000 insegnanti che utilizzato i suoi strumenti interattivi.","og_url":"https:\/\/www.accuratereviews.com\/it\/software-formazione-online\/wiziq-recensione\/","og_site_name":"Accurate Reviews","og_image":[{"width":264,"height":264,"url":"https:\/\/www.accuratereviews.com\/wp-content\/uploads\/2020\/07\/WIZIQ.jpg","type":"image\/jpeg"}],"twitter_card":"summary_large_image","twitter_misc":{"Tempo di lettura stimato":"4 minuti"},"schema":{"@context":"https:\/\/schema.org","@graph":[{"@type":"WebPage","@id":"https:\/\/www.accuratereviews.com\/it\/software-formazione-online\/wiziq-recensione\/","url":"https:\/\/www.accuratereviews.com\/it\/software-formazione-online\/wiziq-recensione\/","name":"WizIq: recensione software formazione online - Accurate Reviews","isPartOf":{"@id":"https:\/\/www.accuratereviews.com\/it\/#website"},"primaryImageOfPage":{"@id":"https:\/\/www.accuratereviews.com\/it\/software-formazione-online\/wiziq-recensione\/#primaryimage"},"image":{"@id":"https:\/\/www.accuratereviews.com\/it\/software-formazione-online\/wiziq-recensione\/#primaryimage"},"thumbnailUrl":"https:\/\/www.accuratereviews.com\/wp-content\/uploads\/2020\/07\/WIZIQ.jpg","datePublished":"2020-07-14T11:00:41+00:00","description":"WizIQ: recensione del software di formazione ospitato su cloud che vanta oltre 400.000 insegnanti che utilizzato i suoi strumenti interattivi.","breadcrumb":{"@id":"https:\/\/www.accuratereviews.com\/it\/software-formazione-online\/wiziq-recensione\/#breadcrumb"},"inLanguage":"it-IT","potentialAction":[{"@type":"ReadAction","target":["https:\/\/www.accuratereviews.com\/it\/software-formazione-online\/wiziq-recensione\/"]}]},{"@type":"ImageObject","inLanguage":"it-IT","@id":"https:\/\/www.accuratereviews.com\/it\/software-formazione-online\/wiziq-recensione\/#primaryimage","url":"https:\/\/www.accuratereviews.com\/wp-content\/uploads\/2020\/07\/WIZIQ.jpg","contentUrl":"https:\/\/www.accuratereviews.com\/wp-content\/uploads\/2020\/07\/WIZIQ.jpg","width":264,"height":264},{"@type":"BreadcrumbList","@id":"https:\/\/www.accuratereviews.com\/it\/software-formazione-online\/wiziq-recensione\/#breadcrumb","itemListElement":[{"@type":"ListItem","position":1,"name":"Home","item":"https:\/\/www.accuratereviews.com\/it\/"},{"@type":"ListItem","position":2,"name":"Software formazione online","item":"https:\/\/www.accuratereviews.com\/it\/software-formazione-online\/"},{"@type":"ListItem","position":3,"name":"WizIQ"}]},{"@type":"WebSite","@id":"https:\/\/www.accuratereviews.com\/it\/#website","url":"https:\/\/www.accuratereviews.com\/it\/","name":"Accurate Reviews","description":"","potentialAction":[{"@type":"SearchAction","target":{"@type":"EntryPoint","urlTemplate":"https:\/\/www.accuratereviews.com\/it\/?s={search_term_string}"},"query-input":{"@type":"PropertyValueSpecification","valueRequired":true,"valueName":"search_term_string"}}],"inLanguage":"it-IT"}]}},"_links":{"self":[{"href":"https:\/\/www.accuratereviews.com\/it\/wp-json\/wp\/v2\/pages\/28553","targetHints":{"allow":["GET"]}}],"collection":[{"href":"https:\/\/www.accuratereviews.com\/it\/wp-json\/wp\/v2\/pages"}],"about":[{"href":"https:\/\/www.accuratereviews.com\/it\/wp-json\/wp\/v2\/types\/page"}],"author":[{"embeddable":true,"href":"https:\/\/www.accuratereviews.com\/it\/wp-json\/wp\/v2\/users\/19"}],"replies":[{"embeddable":true,"href":"https:\/\/www.accuratereviews.com\/it\/wp-json\/wp\/v2\/comments?post=28553"}],"version-history":[{"count":6,"href":"https:\/\/www.accuratereviews.com\/it\/wp-json\/wp\/v2\/pages\/28553\/revisions"}],"predecessor-version":[{"id":28570,"href":"https:\/\/www.accuratereviews.com\/it\/wp-json\/wp\/v2\/pages\/28553\/revisions\/28570"}],"up":[{"embeddable":true,"href":"https:\/\/www.accuratereviews.com\/it\/wp-json\/wp\/v2\/pages\/28265"}],"wp:featuredmedia":[{"embeddable":true,"href":"https:\/\/www.accuratereviews.com\/it\/wp-json\/wp\/v2\/media\/28558"}],"wp:attachment":[{"href":"https:\/\/www.accuratereviews.com\/it\/wp-json\/wp\/v2\/media?parent=28553"}],"wp:term":[{"taxonomy":"category","embeddable":true,"href":"https:\/\/www.accuratereviews.com\/it\/wp-json\/wp\/v2\/categories?post=28553"},{"taxonomy":"post_tag","embeddable":true,"href":"https:\/\/www.accuratereviews.com\/it\/wp-json\/wp\/v2\/tags?post=28553"},{"taxonomy":"features","embeddable":true,"href":"https:\/\/www.accuratereviews.com\/it\/wp-json\/wp\/v2\/features?post=28553"}],"curies":[{"name":"wp","href":"https:\/\/api.w.org\/{rel}","templated":true}]}}