{"id":28573,"date":"2020-07-15T10:03:58","date_gmt":"2020-07-15T10:03:58","guid":{"rendered":"https:\/\/www.accuratereviews.com\/?page_id=28573"},"modified":"2020-07-15T10:03:58","modified_gmt":"2020-07-15T10:03:58","slug":"edvance360-recensione","status":"publish","type":"page","link":"https:\/\/www.accuratereviews.com\/it\/software-formazione-online\/edvance360-recensione\/","title":{"rendered":"Edvance360"},"content":{"rendered":"<p><strong>Edvance360<\/strong>\u00a0\u00e8 un <strong>sistema di gestione dell&#8217;apprendimento<\/strong> basato su <strong>cloud<\/strong> che fornisce programmi di apprendimento online per i dipartimenti K-12, istruzione superiore e formazione aziendale. Il sistema include la gestione delle lezioni online, il monitoraggio dei progressi, la generazione di certificati online e un social network interno. Le funzioni di amministrazione includono la personalizzazione della homepage, che consente il monitoraggio dei progressi per gli studenti. La procedura guidata per la creazione di corsi inclusa, Lite Wizard, consente agli utenti amministratori di interagire, creare corsi e aggiornare i materiali di test in tempo reale. Gli utenti possono anche impostare promemoria automatici e messaggi per comunicare con gli studenti o dipendenti e creare e condividere eventi utilizzando la funzione di calendario interna. La funzione di report genera rapporti sullo stato della lezione, dettagli del test e tracciamento dell&#8217;avanzamento di singoli utenti o gruppi.<\/p>\n<h2>EDVANCE360 &#8211; TUTORIAL<\/h2>\n<p>Ecco un tutorial in cui illustra le principali funzioni di questo <strong>software per la formazione online<\/strong>:<\/p>\n<div id=\"fluid-wrapper-counter-1\" class=\"g1-fluid-wrapper \" style=\"width:686px;\">\n<div style=\"padding-bottom:56.268221574344%;\"><iframe loading=\"lazy\" title=\"Edvance360 Online Orientation\" width=\"686\" height=\"386\" src=\"https:\/\/www.youtube.com\/embed\/kph8sYNeg-c?feature=oembed&amp;wmode=transparent&amp;autohide=1&amp;autoplay=0&amp;disablekb=0&amp;fs=1&amp;loop=0&amp;enablejsapi=1&amp;rel=0&amp;controls=2&amp;showinfo=0&amp;wmode=transparent&amp;autohide=2&amp;autoplay=0&amp;disablekb=0&amp;fs=1&amp;loop=0&amp;enablejsapi=1&amp;rel=0&amp;controls=2&amp;showinfo=1\" frameborder=\"0\" allow=\"accelerometer; autoplay; encrypted-media; gyroscope; picture-in-picture\" allowfullscreen><\/iframe><\/div>\n<\/div>\n<h3>EDVANCE360 &#8211; CARATTERISTICHE<\/h3>\n<p><strong>Risultati di apprendimento\/Competenze\/Nucleo comune<\/strong>: la soluzione supporta i risultati di apprendimento basati sui dati assicurando che gli obiettivi creati dall&#8217;insegnante (o creati dall&#8217;amministratore) siano allineati alle assegnazioni dei libri di valutazione. LMS interpreta i passaggi di uno studente impostando le linee guida di assegnazione come conformi all&#8217;obiettivo\/competenza. Sono inclusi anche i rapporti dell&#8217;amministratore.<br \/>\n<strong>Lezioni interattive\/Percorsi di apprendimento: <\/strong>lo strumento di creazione delle lezioni drag-and-drop\u00a0consente agli insegnanti di fare spazio a una &#8220;classe capovolta&#8221;, percorsi divergenti e apprendimento. Utilizzando LTI e altri strumenti con un clic, gli insegnanti possono integrare fornitori e materiale di terze parti; pienamente compatibile SCORM.<br \/>\n<strong>Sistema\/avvisi di allarme rapido<\/strong>: i\u00a0progressi degli studenti sono monitorati all&#8217;interno del sistema di gestione dell&#8217;apprendimento &#8211; avvisi e report possono essere creati sulla base di criteri stabiliti da educatori e amministratori.<br \/>\nCoinvolgere i genitori: fornisci ai genitori l&#8217;accesso a comunicazioni, avvisi\/promemoria\/annunci e un calendario condiviso con le attivit\u00e0 dei loro figli sulla piattaforma LMS K-12 di Edvance360. Inoltre, i genitori possono ricevere accesso diretto al materiale e alle risorse del corso da insegnanti, rapporti sui progressi degli studenti, comunit\u00e0, altri genitori e altro ancora.<br \/>\n<strong>Gestire i distretti\/ESA: <\/strong>la gestione di diversi siti LMS per pi\u00f9 scuole richiede tempo. Approfondisci la gestione dei risultati di apprendimento, le revisioni del curriculum\/il controllo delle versioni e la creazione di report nei campus e diventa ancora pi\u00f9 impegnativo. La soluzione consente agli amministratori di gestire le proprie attivit\u00e0 su pi\u00f9 siti da un&#8217;unica posizione.<\/p>\n<h4>LE RECENSIONI DEGLI UTENTI<\/h4>\n<h4 class=\"font-weight-bold my-1 d-flex align-items-center\">Toshiki H.&#8221;Un modo indolore per imparare.&#8221;<\/h4>\n<p><strong>Vantaggi: <\/strong>Usando questo software, \u00e8 stato facile imparare le mie lezioni programmate. In realt\u00e0 preferisco imparare in questo modo e spero che user\u00f2 questo software l&#8217;anno prossimo.<\/p>\n<p><strong>Inconvenienti: <\/strong>L&#8217;unica cosa che non mi \u00e8 piaciuta di questo software \u00e8 stata l&#8217;interfaccia utente sul mio telefono. A parte questo, non ho avuto problemi.<\/p>\n<h4 class=\"font-weight-bold my-1 d-flex align-items-center\">Pam K.&#8221;Edvance 360 ci ha permesso di costruire un&#8217;universit\u00e0 online!&#8221;<\/h4>\n<p><strong>Commenti: <\/strong>Edvance 360 ci ha fornito le risorse necessarie per costruire la nostra prima universit\u00e0 online. La loro continua assistenza e supporto continua ad essere eccellente. Non abbiamo mai riscontrato problemi tecnici e siamo estremamente soddisfatti della nostra scelta di Edvance 360. Se stai cercando un LMS che offra qualit\u00e0 e valore, questa \u00e8 la scelta migliore per te.<\/p>\n<p><strong>Vantaggi: <\/strong>\u00c8 molto facile navigare e creare corsi dal lato Amministratore. Il team di supporto e il team creativo di Edvance 360 sono fantastici con cui lavorare.<\/p>\n<p><strong>Inconvenienti: <\/strong>Vorrei che potessimo costruire corsi e lezioni che non richiedessero cos\u00ec tanti passaggi per consentire all&#8217;utente di raggiungere il contenuto desiderato.<\/p>\n<h4 class=\"font-weight-bold my-1 d-flex align-items-center\">Andrew H.&#8221;Il miglior supporto clienti di sempre&#8221;<\/h4>\n<p><strong>Vantaggi: <\/strong>Mi \u00e8 davvero piaciuto lavorare con edvance360: offrono il miglior supporto che abbia mai visto. Lo uso per aumentare le vendite e ora che li stiamo usando non sono sicuro di come non l&#8217;abbiamo usato prima.<\/p>\n<p><strong>Inconvenienti: <\/strong>L&#8217;interfaccia utente non chiarisce i processi agli amministratori o ai dipendenti. Penso che con processi pi\u00f9 chiari sarebbe d&#8217;aiuto al mio team di professionisti.<\/p>\n","protected":false},"excerpt":{"rendered":"<p>Edvance360\u00a0\u00e8 un sistema di gestione dell&#8217;apprendimento basato su cloud che fornisce programmi di apprendimento online per i dipartimenti K-12, istruzione superiore e formazione aziendale. Il sistema include la gestione delle lezioni online, il monitoraggio dei progressi, la generazione di certificati online e un social network interno.<\/p>\n","protected":false},"author":19,"featured_media":28574,"parent":28265,"menu_order":0,"comment_status":"open","ping_status":"closed","template":"g1_template_page_review_new.php","meta":{"_acf_changed":false,"cwp_meta_box_check":"Yes","cwp_rev_product_name":"","cwp_rev_product_image":"","wppr_links":[],"cwp_rev_price":"","wppr_options":[],"wppr_pros":[],"wppr_cons":[],"_monsterinsights_skip_tracking":false,"_monsterinsights_sitenote_active":false,"_monsterinsights_sitenote_note":"","_monsterinsights_sitenote_category":0,"footnotes":""},"categories":[3163],"tags":[3258,3256,3257,3167,3166,3254,3164,3253,3165],"features":[],"class_list":{"0":"post-28573","1":"page","2":"type-page","3":"status-publish","4":"has-post-thumbnail","6":"category-software-formazione-online","7":"tag-edvance360","8":"tag-learning-management-system","9":"tag-lms","10":"tag-piattaforma-formazione-online","11":"tag-programma-formazione-online","12":"tag-software-apprendimento-online","13":"tag-software-formazione-online","14":"tag-soluzione-apprendimento-online","15":"tag-soluzione-formazione-online"},"wppr_data":{"cwp_meta_box_check":"Yes","cwp_rev_product_name":"","cwp_rev_product_image":"","cwp_image_link":"image","cwp_rev_price":"","wppr_rating":"0.00"},"acf":[],"yoast_head":"<!-- This site is optimized with the Yoast SEO plugin v27.4 - https:\/\/yoast.com\/product\/yoast-seo-wordpress\/ -->\n<title>Edvance360: recensione software formazione online - Accurate Reviews<\/title>\n<meta name=\"description\" content=\"Edvance360: recenione del sistema di gestione dell&#039;apprendimento basato su cloud che fornisce strumenti per gli istituri superiori e formazione aziendale.\" \/>\n<meta name=\"robots\" content=\"index, follow, max-snippet:-1, max-image-preview:large, max-video-preview:-1\" \/>\n<link rel=\"canonical\" href=\"https:\/\/www.accuratereviews.com\/it\/software-formazione-online\/edvance360-recensione\/\" \/>\n<meta property=\"og:locale\" content=\"it_IT\" \/>\n<meta property=\"og:type\" content=\"article\" \/>\n<meta property=\"og:title\" content=\"Edvance360: recensione software formazione online - Accurate Reviews\" \/>\n<meta property=\"og:description\" content=\"Edvance360: recenione del sistema di gestione dell&#039;apprendimento basato su cloud che fornisce strumenti per gli istituri superiori e formazione aziendale.\" \/>\n<meta property=\"og:url\" content=\"https:\/\/www.accuratereviews.com\/it\/software-formazione-online\/edvance360-recensione\/\" \/>\n<meta property=\"og:site_name\" content=\"Accurate Reviews\" \/>\n<meta property=\"og:image\" content=\"https:\/\/www.accuratereviews.com\/wp-content\/uploads\/2020\/07\/Edvance360.png\" \/>\n\t<meta property=\"og:image:width\" content=\"1005\" \/>\n\t<meta property=\"og:image:height\" content=\"417\" \/>\n\t<meta property=\"og:image:type\" content=\"image\/png\" \/>\n<meta name=\"twitter:card\" content=\"summary_large_image\" \/>\n<meta name=\"twitter:label1\" content=\"Tempo di lettura stimato\" \/>\n\t<meta name=\"twitter:data1\" content=\"3 minuti\" \/>\n<script type=\"application\/ld+json\" class=\"yoast-schema-graph\">{\"@context\":\"https:\\\/\\\/schema.org\",\"@graph\":[{\"@type\":\"WebPage\",\"@id\":\"https:\\\/\\\/www.accuratereviews.com\\\/it\\\/software-formazione-online\\\/edvance360-recensione\\\/\",\"url\":\"https:\\\/\\\/www.accuratereviews.com\\\/it\\\/software-formazione-online\\\/edvance360-recensione\\\/\",\"name\":\"Edvance360: recensione software formazione online - Accurate Reviews\",\"isPartOf\":{\"@id\":\"https:\\\/\\\/www.accuratereviews.com\\\/it\\\/#website\"},\"primaryImageOfPage\":{\"@id\":\"https:\\\/\\\/www.accuratereviews.com\\\/it\\\/software-formazione-online\\\/edvance360-recensione\\\/#primaryimage\"},\"image\":{\"@id\":\"https:\\\/\\\/www.accuratereviews.com\\\/it\\\/software-formazione-online\\\/edvance360-recensione\\\/#primaryimage\"},\"thumbnailUrl\":\"https:\\\/\\\/www.accuratereviews.com\\\/wp-content\\\/uploads\\\/2020\\\/07\\\/Edvance360.png\",\"datePublished\":\"2020-07-15T10:03:58+00:00\",\"description\":\"Edvance360: recenione del sistema di gestione dell'apprendimento basato su cloud che fornisce strumenti per gli istituri superiori e formazione aziendale.\",\"breadcrumb\":{\"@id\":\"https:\\\/\\\/www.accuratereviews.com\\\/it\\\/software-formazione-online\\\/edvance360-recensione\\\/#breadcrumb\"},\"inLanguage\":\"it-IT\",\"potentialAction\":[{\"@type\":\"ReadAction\",\"target\":[\"https:\\\/\\\/www.accuratereviews.com\\\/it\\\/software-formazione-online\\\/edvance360-recensione\\\/\"]}]},{\"@type\":\"ImageObject\",\"inLanguage\":\"it-IT\",\"@id\":\"https:\\\/\\\/www.accuratereviews.com\\\/it\\\/software-formazione-online\\\/edvance360-recensione\\\/#primaryimage\",\"url\":\"https:\\\/\\\/www.accuratereviews.com\\\/wp-content\\\/uploads\\\/2020\\\/07\\\/Edvance360.png\",\"contentUrl\":\"https:\\\/\\\/www.accuratereviews.com\\\/wp-content\\\/uploads\\\/2020\\\/07\\\/Edvance360.png\",\"width\":1005,\"height\":417},{\"@type\":\"BreadcrumbList\",\"@id\":\"https:\\\/\\\/www.accuratereviews.com\\\/it\\\/software-formazione-online\\\/edvance360-recensione\\\/#breadcrumb\",\"itemListElement\":[{\"@type\":\"ListItem\",\"position\":1,\"name\":\"Home\",\"item\":\"https:\\\/\\\/www.accuratereviews.com\\\/it\\\/\"},{\"@type\":\"ListItem\",\"position\":2,\"name\":\"Software formazione online\",\"item\":\"https:\\\/\\\/www.accuratereviews.com\\\/it\\\/software-formazione-online\\\/\"},{\"@type\":\"ListItem\",\"position\":3,\"name\":\"Edvance360\"}]},{\"@type\":\"WebSite\",\"@id\":\"https:\\\/\\\/www.accuratereviews.com\\\/it\\\/#website\",\"url\":\"https:\\\/\\\/www.accuratereviews.com\\\/it\\\/\",\"name\":\"Accurate Reviews\",\"description\":\"\",\"potentialAction\":[{\"@type\":\"SearchAction\",\"target\":{\"@type\":\"EntryPoint\",\"urlTemplate\":\"https:\\\/\\\/www.accuratereviews.com\\\/it\\\/?s={search_term_string}\"},\"query-input\":{\"@type\":\"PropertyValueSpecification\",\"valueRequired\":true,\"valueName\":\"search_term_string\"}}],\"inLanguage\":\"it-IT\"}]}<\/script>\n<!-- \/ Yoast SEO plugin. -->","yoast_head_json":{"title":"Edvance360: recensione software formazione online - Accurate Reviews","description":"Edvance360: recenione del sistema di gestione dell'apprendimento basato su cloud che fornisce strumenti per gli istituri superiori e formazione aziendale.","robots":{"index":"index","follow":"follow","max-snippet":"max-snippet:-1","max-image-preview":"max-image-preview:large","max-video-preview":"max-video-preview:-1"},"canonical":"https:\/\/www.accuratereviews.com\/it\/software-formazione-online\/edvance360-recensione\/","og_locale":"it_IT","og_type":"article","og_title":"Edvance360: recensione software formazione online - Accurate Reviews","og_description":"Edvance360: recenione del sistema di gestione dell'apprendimento basato su cloud che fornisce strumenti per gli istituri superiori e formazione aziendale.","og_url":"https:\/\/www.accuratereviews.com\/it\/software-formazione-online\/edvance360-recensione\/","og_site_name":"Accurate Reviews","og_image":[{"width":1005,"height":417,"url":"https:\/\/www.accuratereviews.com\/wp-content\/uploads\/2020\/07\/Edvance360.png","type":"image\/png"}],"twitter_card":"summary_large_image","twitter_misc":{"Tempo di lettura stimato":"3 minuti"},"schema":{"@context":"https:\/\/schema.org","@graph":[{"@type":"WebPage","@id":"https:\/\/www.accuratereviews.com\/it\/software-formazione-online\/edvance360-recensione\/","url":"https:\/\/www.accuratereviews.com\/it\/software-formazione-online\/edvance360-recensione\/","name":"Edvance360: recensione software formazione online - Accurate Reviews","isPartOf":{"@id":"https:\/\/www.accuratereviews.com\/it\/#website"},"primaryImageOfPage":{"@id":"https:\/\/www.accuratereviews.com\/it\/software-formazione-online\/edvance360-recensione\/#primaryimage"},"image":{"@id":"https:\/\/www.accuratereviews.com\/it\/software-formazione-online\/edvance360-recensione\/#primaryimage"},"thumbnailUrl":"https:\/\/www.accuratereviews.com\/wp-content\/uploads\/2020\/07\/Edvance360.png","datePublished":"2020-07-15T10:03:58+00:00","description":"Edvance360: recenione del sistema di gestione dell'apprendimento basato su cloud che fornisce strumenti per gli istituri superiori e formazione aziendale.","breadcrumb":{"@id":"https:\/\/www.accuratereviews.com\/it\/software-formazione-online\/edvance360-recensione\/#breadcrumb"},"inLanguage":"it-IT","potentialAction":[{"@type":"ReadAction","target":["https:\/\/www.accuratereviews.com\/it\/software-formazione-online\/edvance360-recensione\/"]}]},{"@type":"ImageObject","inLanguage":"it-IT","@id":"https:\/\/www.accuratereviews.com\/it\/software-formazione-online\/edvance360-recensione\/#primaryimage","url":"https:\/\/www.accuratereviews.com\/wp-content\/uploads\/2020\/07\/Edvance360.png","contentUrl":"https:\/\/www.accuratereviews.com\/wp-content\/uploads\/2020\/07\/Edvance360.png","width":1005,"height":417},{"@type":"BreadcrumbList","@id":"https:\/\/www.accuratereviews.com\/it\/software-formazione-online\/edvance360-recensione\/#breadcrumb","itemListElement":[{"@type":"ListItem","position":1,"name":"Home","item":"https:\/\/www.accuratereviews.com\/it\/"},{"@type":"ListItem","position":2,"name":"Software formazione online","item":"https:\/\/www.accuratereviews.com\/it\/software-formazione-online\/"},{"@type":"ListItem","position":3,"name":"Edvance360"}]},{"@type":"WebSite","@id":"https:\/\/www.accuratereviews.com\/it\/#website","url":"https:\/\/www.accuratereviews.com\/it\/","name":"Accurate Reviews","description":"","potentialAction":[{"@type":"SearchAction","target":{"@type":"EntryPoint","urlTemplate":"https:\/\/www.accuratereviews.com\/it\/?s={search_term_string}"},"query-input":{"@type":"PropertyValueSpecification","valueRequired":true,"valueName":"search_term_string"}}],"inLanguage":"it-IT"}]}},"_links":{"self":[{"href":"https:\/\/www.accuratereviews.com\/it\/wp-json\/wp\/v2\/pages\/28573","targetHints":{"allow":["GET"]}}],"collection":[{"href":"https:\/\/www.accuratereviews.com\/it\/wp-json\/wp\/v2\/pages"}],"about":[{"href":"https:\/\/www.accuratereviews.com\/it\/wp-json\/wp\/v2\/types\/page"}],"author":[{"embeddable":true,"href":"https:\/\/www.accuratereviews.com\/it\/wp-json\/wp\/v2\/users\/19"}],"replies":[{"embeddable":true,"href":"https:\/\/www.accuratereviews.com\/it\/wp-json\/wp\/v2\/comments?post=28573"}],"version-history":[{"count":7,"href":"https:\/\/www.accuratereviews.com\/it\/wp-json\/wp\/v2\/pages\/28573\/revisions"}],"predecessor-version":[{"id":28603,"href":"https:\/\/www.accuratereviews.com\/it\/wp-json\/wp\/v2\/pages\/28573\/revisions\/28603"}],"up":[{"embeddable":true,"href":"https:\/\/www.accuratereviews.com\/it\/wp-json\/wp\/v2\/pages\/28265"}],"wp:featuredmedia":[{"embeddable":true,"href":"https:\/\/www.accuratereviews.com\/it\/wp-json\/wp\/v2\/media\/28574"}],"wp:attachment":[{"href":"https:\/\/www.accuratereviews.com\/it\/wp-json\/wp\/v2\/media?parent=28573"}],"wp:term":[{"taxonomy":"category","embeddable":true,"href":"https:\/\/www.accuratereviews.com\/it\/wp-json\/wp\/v2\/categories?post=28573"},{"taxonomy":"post_tag","embeddable":true,"href":"https:\/\/www.accuratereviews.com\/it\/wp-json\/wp\/v2\/tags?post=28573"},{"taxonomy":"features","embeddable":true,"href":"https:\/\/www.accuratereviews.com\/it\/wp-json\/wp\/v2\/features?post=28573"}],"curies":[{"name":"wp","href":"https:\/\/api.w.org\/{rel}","templated":true}]}}