{"id":28582,"date":"2020-07-15T10:00:09","date_gmt":"2020-07-15T10:00:09","guid":{"rendered":"https:\/\/www.accuratereviews.com\/?page_id=28582"},"modified":"2020-07-15T10:00:09","modified_gmt":"2020-07-15T10:00:09","slug":"arlo-recensione","status":"publish","type":"page","link":"https:\/\/www.accuratereviews.com\/it\/software-formazione-online\/arlo-recensione\/","title":{"rendered":"Arlo"},"content":{"rendered":"<p><strong>Arlo<\/strong> \u00e8 una <strong>piattaforma di formazione<\/strong> e gestione degli eventi basata su <strong>cloud<\/strong> progettata per aiutare gli utenti a promuovere, vendere e distribuire corsi ed eventi. La soluzione aiuta gli utenti ad automatizzare i processi manuali fornendo pianificazione, comunicazione automatica, report personalizzati, pagamenti e fatturazione.\u00a0Gli amministratori possono tenere aggiornati i record dei clienti all&#8217;interno del modulo <strong>CRM (Customer Relationship Management)<\/strong> di <strong>Arlo<\/strong>. I corsi e gli eventi sono gestiti all&#8217;interno della piattaforma e la registrazione online pu\u00f2 essere configurata con moduli personalizzabili.\u00a0Le informazioni immesse o modificate sulla piattaforma vengono visualizzate sui siti web degli utenti. La soluzione si integra con altri software per estendere ulteriormente la funzionalit\u00e0 della soluzione.<\/p>\n<h2>ARLO &#8211; TUTORIAL<\/h2>\n<p>Guardiamo insieme il tutorial su questo <strong>software di formazione online<\/strong>:<\/p>\n<div id=\"fluid-wrapper-counter-1\" class=\"g1-fluid-wrapper \" style=\"width:686px;\">\n<div style=\"padding-bottom:56.268221574344%;\"><iframe loading=\"lazy\" title=\"Managing orders in Arlo and Xero\" width=\"686\" height=\"386\" src=\"https:\/\/www.youtube.com\/embed\/KVrrC26XpQk?feature=oembed&amp;wmode=transparent&amp;autohide=1&amp;autoplay=0&amp;disablekb=0&amp;fs=1&amp;loop=0&amp;enablejsapi=1&amp;rel=0&amp;controls=2&amp;showinfo=0&amp;wmode=transparent&amp;autohide=2&amp;autoplay=0&amp;disablekb=0&amp;fs=1&amp;loop=0&amp;enablejsapi=1&amp;rel=0&amp;controls=2&amp;showinfo=1\" frameborder=\"0\" allow=\"accelerometer; autoplay; encrypted-media; gyroscope; picture-in-picture\" allowfullscreen><\/iframe><\/div>\n<\/div>\n<h3>ARLO &#8211; CARATTERISTICHE<\/h3>\n<ul>\n<li><strong>Sito web<\/strong>: crea il tuo sito web di formazione in un attimo o integra perfettamente la soluzione nel tuo sito esistente.<\/li>\n<li><strong>Registrazione online<\/strong>: personalizza i moduli di registrazione e accetta pagamenti tramite carta di credito, bonifico bancario e fattura.<\/li>\n<li><strong>Gestione del corso<\/strong>: gestisci le tue informazioni e risorse da un unico posto e lascia che il software automatizzi le semplici attivit\u00e0.<\/li>\n<li><strong>Live online<\/strong>: offri corsi dal vivo e interattivi tramite web conferencing (webinar).<\/li>\n<li><strong>Gestione di eventi<\/strong>: gestisci eventi ricorrenti e conferenze una tantum con sessioni e opzioni.<\/li>\n<li><strong>Elearning<\/strong>:\u00a0proponi apprendimento online personalizzato e apprendimento misto.<\/li>\n<li><strong>Finanza e fatturazione<\/strong>: emetti fatture personalizzate, tieni traccia dei pagamenti e integra i record con il tuo sistema contabile.<\/li>\n<li><strong>CRM<\/strong>: archivia le informazioni sui clienti e gestisci le relazioni nel database o integralo con Salesforce.<\/li>\n<li><strong>Marketing<\/strong>: cattura lead dal tuo sito web, pubblica campagne intelligenti basate sulla formazione passata dei tuoi clienti.<\/li>\n<li><strong>Portale clienti<\/strong>: semplifica le attivit\u00e0 di ripetizione con portali self-service sia per privati \u200b\u200bche per aziende.<\/li>\n<li><strong>Reporting e Business Intelligence<\/strong>: visualizza le informazioni sulla tua attivit\u00e0 in tempo reale e crea rapporti per le parti interessate.<\/li>\n<\/ul>\n<h4>LE RECENSIONI DEGLI UTENTI<\/h4>\n<h4 class=\"font-weight-bold my-1 d-flex align-items-center\">Allison W.&#8221;Recensione di Arlo&#8221;<\/h4>\n<p><strong>Commenti: <\/strong>Il nostro ufficio lo adora e i nostri utenti godono della possibilit\u00e0 di vedere come si presentano i loro corsi fino alla data dell&#8217;evento. Arlo \u00e8 diventata la risorsa base e globale per la gestione dei nostri corsi.<\/p>\n<p><strong>Vantaggi: <\/strong>Uno dei maggiori aspetti positivi del software Arlo \u00e8 rappresentato dalle funzionalit\u00e0 automatizzate. Il nostro ufficio passava molto tempo extra a comunicare piccoli dettagli e a seguire solo per assicurarsi che le informazioni fossero condivise con i nostri registranti nei momenti giusti. Per fortuna con cose come una lista d&#8217;attesa con un processo programmato non dobbiamo tenere traccia di quei dettagli manualmente.<\/p>\n<p><strong>Inconvenienti: <\/strong>Forse \u00e8 solo una fase iniziale, e nemmeno una spiegazione &#8220;minima&#8221; negativa, ma il mio aspetto meno preferito di Arlo riguarda tutte le funzionalit\u00e0 che dobbiamo ancora utilizzare e configurare. Da quando l&#8217;abbiamo avviato anche pochi mesi dopo, siamo ancora costantemente alla ricerca di nuove (fantastiche) cose da implementare.<\/p>\n<h4 class=\"font-weight-bold my-1 d-flex align-items-center\">Bentley B.&#8221;Software di gestione degli eventi Arlo&#8221;<\/h4>\n<p><strong>Commenti: <\/strong>Amministrazione quotidiana delle nostre sessioni di allenamento. Possiamo aggiungere e rimuovere istruttori dalle sessioni in base alla disponibilit\u00e0 o &#8220;I migliori&#8221; per un corso. Trasferisci gli studenti da una classe all&#8217;altra per essere in grado di monitorare tale movimento.<\/p>\n<p><strong>Vantaggi: <\/strong>La facilit\u00e0 con cui tutti i dipendenti hanno iniziato a utilizzare il software \u00e8 stata straordinaria. Credo che da quando ho iniziato a utilizzare questo software, la mia produttivit\u00e0 e la gestione quotidiana delle lezioni, degli studenti e delle mie risorse sono state notevolmente migliorate. Mi piacciono anche le funzionalit\u00e0 che vengono di volta in volta implementate, ma ti viene sempre data la possibilit\u00e0 di rivedere queste modifiche prima che vengano implementate. Pi\u00f9 importante per me, la rapida svolta dal team di assistenza clienti nella risoluzione di eventuali problemi (pochissimi) che compaiono di tanto in tanto.<\/p>\n<p><strong>Inconvenienti: <\/strong>Non c&#8217;\u00e8 assolutamente niente che posso mettere qui per dire che non mi piace.<\/p>\n<h4 class=\"font-weight-bold my-1 d-flex align-items-center\">Steph F\u00a0&#8220;Ottimo sistema, facile da usare e costantemente aggiornato per soddisfare le esigenze degli utenti&#8221;<\/h4>\n<p><strong>Commenti: <\/strong>Incredibile, ero preoccupato perch\u00e9 eravamo nel Regno Unito ed \u00e8 una nostra societ\u00e0 \u00e8 in Nuova Zelanda e pensavo di avere difficolt\u00e0 a comunicare a causa della differenza di fuso orario, ma questo non \u00e8 stato un problema ed \u00e8 ancora meglio ora che Jerrod \u00e8 finito nel Regno Unito , non che ho avuto bisogno di contattarlo riguardo a qualcosa di recente dato che Arlo ha lavorato perfettamente per noi.<\/p>\n<p><strong>Vantaggi: <\/strong>\u00c8 cos\u00ec facile da usare e navigare, semplifica la fatturazione e fa risparmiare molto tempo quando si tratta di inviare istruzioni di partecipazione ai nostri clienti.<\/p>\n<p><strong>Inconvenienti: <\/strong>\u00c8 un po &#8216;caro, ma se non usassimo Arlo avremmo potenzialmente bisogno di 2 sistemi per fare quello che ora possiamo fare con 1.<\/p>\n","protected":false},"excerpt":{"rendered":"<p>Arlo \u00e8 una piattaforma di formazione e gestione degli eventi basata su cloud progettata per aiutare gli utenti a promuovere, vendere e distribuire corsi ed eventi. La soluzione aiuta gli utenti ad automatizzare i processi manuali fornendo pianificazione, comunicazione automatica, report personalizzati, pagamenti e fatturazione.\u00a0<\/p>\n","protected":false},"author":19,"featured_media":28588,"parent":28265,"menu_order":0,"comment_status":"open","ping_status":"closed","template":"g1_template_page_review_new.php","meta":{"_acf_changed":false,"cwp_meta_box_check":"Yes","cwp_rev_product_name":"","cwp_rev_product_image":"","wppr_links":[],"cwp_rev_price":"","wppr_options":[],"wppr_pros":[],"wppr_cons":[],"_monsterinsights_skip_tracking":false,"_monsterinsights_sitenote_active":false,"_monsterinsights_sitenote_note":"","_monsterinsights_sitenote_category":0,"footnotes":""},"categories":[3163],"tags":[3259,396,3261,3167,3260,3166,3262,3254,3164,3253,3165],"features":[],"class_list":{"0":"post-28582","1":"page","2":"type-page","3":"status-publish","4":"has-post-thumbnail","6":"category-software-formazione-online","7":"tag-arlo","8":"tag-cloud","9":"tag-piattaforma-apprendimento-online","10":"tag-piattaforma-formazione-online","11":"tag-programma-apprendimento-online","12":"tag-programma-formazione-online","13":"tag-salesforce-it","14":"tag-software-apprendimento-online","15":"tag-software-formazione-online","16":"tag-soluzione-apprendimento-online","17":"tag-soluzione-formazione-online"},"wppr_data":{"cwp_meta_box_check":"Yes","cwp_rev_product_name":"","cwp_rev_product_image":"","cwp_image_link":"image","cwp_rev_price":"","wppr_rating":"0.00"},"acf":[],"yoast_head":"<!-- This site is optimized with the Yoast SEO plugin v27.4 - https:\/\/yoast.com\/product\/yoast-seo-wordpress\/ -->\n<title>Arlo: recensione software formazione online - Accurate Reviews<\/title>\n<meta name=\"description\" content=\"Arlo: recensione della piattaforma di formazione e gestione degli eventi basata su cloud progettata per aiutare gli utenti a promuovere e distribuire corsi.\" \/>\n<meta name=\"robots\" content=\"index, follow, max-snippet:-1, max-image-preview:large, max-video-preview:-1\" \/>\n<link rel=\"canonical\" href=\"https:\/\/www.accuratereviews.com\/it\/software-formazione-online\/arlo-recensione\/\" \/>\n<meta property=\"og:locale\" content=\"it_IT\" \/>\n<meta property=\"og:type\" content=\"article\" \/>\n<meta property=\"og:title\" content=\"Arlo: recensione software formazione online - Accurate Reviews\" \/>\n<meta property=\"og:description\" content=\"Arlo: recensione della piattaforma di formazione e gestione degli eventi basata su cloud progettata per aiutare gli utenti a promuovere e distribuire corsi.\" \/>\n<meta property=\"og:url\" content=\"https:\/\/www.accuratereviews.com\/it\/software-formazione-online\/arlo-recensione\/\" \/>\n<meta property=\"og:site_name\" content=\"Accurate Reviews\" \/>\n<meta property=\"og:image\" content=\"https:\/\/www.accuratereviews.com\/wp-content\/uploads\/2020\/07\/arlo.png\" \/>\n\t<meta property=\"og:image:width\" content=\"225\" \/>\n\t<meta property=\"og:image:height\" content=\"225\" \/>\n\t<meta property=\"og:image:type\" content=\"image\/png\" \/>\n<meta name=\"twitter:card\" content=\"summary_large_image\" \/>\n<meta name=\"twitter:label1\" content=\"Tempo di lettura stimato\" \/>\n\t<meta name=\"twitter:data1\" content=\"4 minuti\" \/>\n<script type=\"application\/ld+json\" class=\"yoast-schema-graph\">{\"@context\":\"https:\\\/\\\/schema.org\",\"@graph\":[{\"@type\":\"WebPage\",\"@id\":\"https:\\\/\\\/www.accuratereviews.com\\\/it\\\/software-formazione-online\\\/arlo-recensione\\\/\",\"url\":\"https:\\\/\\\/www.accuratereviews.com\\\/it\\\/software-formazione-online\\\/arlo-recensione\\\/\",\"name\":\"Arlo: recensione software formazione online - Accurate Reviews\",\"isPartOf\":{\"@id\":\"https:\\\/\\\/www.accuratereviews.com\\\/it\\\/#website\"},\"primaryImageOfPage\":{\"@id\":\"https:\\\/\\\/www.accuratereviews.com\\\/it\\\/software-formazione-online\\\/arlo-recensione\\\/#primaryimage\"},\"image\":{\"@id\":\"https:\\\/\\\/www.accuratereviews.com\\\/it\\\/software-formazione-online\\\/arlo-recensione\\\/#primaryimage\"},\"thumbnailUrl\":\"https:\\\/\\\/www.accuratereviews.com\\\/wp-content\\\/uploads\\\/2020\\\/07\\\/arlo.png\",\"datePublished\":\"2020-07-15T10:00:09+00:00\",\"description\":\"Arlo: recensione della piattaforma di formazione e gestione degli eventi basata su cloud progettata per aiutare gli utenti a promuovere e distribuire corsi.\",\"breadcrumb\":{\"@id\":\"https:\\\/\\\/www.accuratereviews.com\\\/it\\\/software-formazione-online\\\/arlo-recensione\\\/#breadcrumb\"},\"inLanguage\":\"it-IT\",\"potentialAction\":[{\"@type\":\"ReadAction\",\"target\":[\"https:\\\/\\\/www.accuratereviews.com\\\/it\\\/software-formazione-online\\\/arlo-recensione\\\/\"]}]},{\"@type\":\"ImageObject\",\"inLanguage\":\"it-IT\",\"@id\":\"https:\\\/\\\/www.accuratereviews.com\\\/it\\\/software-formazione-online\\\/arlo-recensione\\\/#primaryimage\",\"url\":\"https:\\\/\\\/www.accuratereviews.com\\\/wp-content\\\/uploads\\\/2020\\\/07\\\/arlo.png\",\"contentUrl\":\"https:\\\/\\\/www.accuratereviews.com\\\/wp-content\\\/uploads\\\/2020\\\/07\\\/arlo.png\",\"width\":225,\"height\":225},{\"@type\":\"BreadcrumbList\",\"@id\":\"https:\\\/\\\/www.accuratereviews.com\\\/it\\\/software-formazione-online\\\/arlo-recensione\\\/#breadcrumb\",\"itemListElement\":[{\"@type\":\"ListItem\",\"position\":1,\"name\":\"Home\",\"item\":\"https:\\\/\\\/www.accuratereviews.com\\\/it\\\/\"},{\"@type\":\"ListItem\",\"position\":2,\"name\":\"Software formazione online\",\"item\":\"https:\\\/\\\/www.accuratereviews.com\\\/it\\\/software-formazione-online\\\/\"},{\"@type\":\"ListItem\",\"position\":3,\"name\":\"Arlo\"}]},{\"@type\":\"WebSite\",\"@id\":\"https:\\\/\\\/www.accuratereviews.com\\\/it\\\/#website\",\"url\":\"https:\\\/\\\/www.accuratereviews.com\\\/it\\\/\",\"name\":\"Accurate Reviews\",\"description\":\"\",\"potentialAction\":[{\"@type\":\"SearchAction\",\"target\":{\"@type\":\"EntryPoint\",\"urlTemplate\":\"https:\\\/\\\/www.accuratereviews.com\\\/it\\\/?s={search_term_string}\"},\"query-input\":{\"@type\":\"PropertyValueSpecification\",\"valueRequired\":true,\"valueName\":\"search_term_string\"}}],\"inLanguage\":\"it-IT\"}]}<\/script>\n<!-- \/ Yoast SEO plugin. -->","yoast_head_json":{"title":"Arlo: recensione software formazione online - Accurate Reviews","description":"Arlo: recensione della piattaforma di formazione e gestione degli eventi basata su cloud progettata per aiutare gli utenti a promuovere e distribuire corsi.","robots":{"index":"index","follow":"follow","max-snippet":"max-snippet:-1","max-image-preview":"max-image-preview:large","max-video-preview":"max-video-preview:-1"},"canonical":"https:\/\/www.accuratereviews.com\/it\/software-formazione-online\/arlo-recensione\/","og_locale":"it_IT","og_type":"article","og_title":"Arlo: recensione software formazione online - Accurate Reviews","og_description":"Arlo: recensione della piattaforma di formazione e gestione degli eventi basata su cloud progettata per aiutare gli utenti a promuovere e distribuire corsi.","og_url":"https:\/\/www.accuratereviews.com\/it\/software-formazione-online\/arlo-recensione\/","og_site_name":"Accurate Reviews","og_image":[{"width":225,"height":225,"url":"https:\/\/www.accuratereviews.com\/wp-content\/uploads\/2020\/07\/arlo.png","type":"image\/png"}],"twitter_card":"summary_large_image","twitter_misc":{"Tempo di lettura stimato":"4 minuti"},"schema":{"@context":"https:\/\/schema.org","@graph":[{"@type":"WebPage","@id":"https:\/\/www.accuratereviews.com\/it\/software-formazione-online\/arlo-recensione\/","url":"https:\/\/www.accuratereviews.com\/it\/software-formazione-online\/arlo-recensione\/","name":"Arlo: recensione software formazione online - Accurate Reviews","isPartOf":{"@id":"https:\/\/www.accuratereviews.com\/it\/#website"},"primaryImageOfPage":{"@id":"https:\/\/www.accuratereviews.com\/it\/software-formazione-online\/arlo-recensione\/#primaryimage"},"image":{"@id":"https:\/\/www.accuratereviews.com\/it\/software-formazione-online\/arlo-recensione\/#primaryimage"},"thumbnailUrl":"https:\/\/www.accuratereviews.com\/wp-content\/uploads\/2020\/07\/arlo.png","datePublished":"2020-07-15T10:00:09+00:00","description":"Arlo: recensione della piattaforma di formazione e gestione degli eventi basata su cloud progettata per aiutare gli utenti a promuovere e distribuire corsi.","breadcrumb":{"@id":"https:\/\/www.accuratereviews.com\/it\/software-formazione-online\/arlo-recensione\/#breadcrumb"},"inLanguage":"it-IT","potentialAction":[{"@type":"ReadAction","target":["https:\/\/www.accuratereviews.com\/it\/software-formazione-online\/arlo-recensione\/"]}]},{"@type":"ImageObject","inLanguage":"it-IT","@id":"https:\/\/www.accuratereviews.com\/it\/software-formazione-online\/arlo-recensione\/#primaryimage","url":"https:\/\/www.accuratereviews.com\/wp-content\/uploads\/2020\/07\/arlo.png","contentUrl":"https:\/\/www.accuratereviews.com\/wp-content\/uploads\/2020\/07\/arlo.png","width":225,"height":225},{"@type":"BreadcrumbList","@id":"https:\/\/www.accuratereviews.com\/it\/software-formazione-online\/arlo-recensione\/#breadcrumb","itemListElement":[{"@type":"ListItem","position":1,"name":"Home","item":"https:\/\/www.accuratereviews.com\/it\/"},{"@type":"ListItem","position":2,"name":"Software formazione online","item":"https:\/\/www.accuratereviews.com\/it\/software-formazione-online\/"},{"@type":"ListItem","position":3,"name":"Arlo"}]},{"@type":"WebSite","@id":"https:\/\/www.accuratereviews.com\/it\/#website","url":"https:\/\/www.accuratereviews.com\/it\/","name":"Accurate Reviews","description":"","potentialAction":[{"@type":"SearchAction","target":{"@type":"EntryPoint","urlTemplate":"https:\/\/www.accuratereviews.com\/it\/?s={search_term_string}"},"query-input":{"@type":"PropertyValueSpecification","valueRequired":true,"valueName":"search_term_string"}}],"inLanguage":"it-IT"}]}},"_links":{"self":[{"href":"https:\/\/www.accuratereviews.com\/it\/wp-json\/wp\/v2\/pages\/28582","targetHints":{"allow":["GET"]}}],"collection":[{"href":"https:\/\/www.accuratereviews.com\/it\/wp-json\/wp\/v2\/pages"}],"about":[{"href":"https:\/\/www.accuratereviews.com\/it\/wp-json\/wp\/v2\/types\/page"}],"author":[{"embeddable":true,"href":"https:\/\/www.accuratereviews.com\/it\/wp-json\/wp\/v2\/users\/19"}],"replies":[{"embeddable":true,"href":"https:\/\/www.accuratereviews.com\/it\/wp-json\/wp\/v2\/comments?post=28582"}],"version-history":[{"count":7,"href":"https:\/\/www.accuratereviews.com\/it\/wp-json\/wp\/v2\/pages\/28582\/revisions"}],"predecessor-version":[{"id":28601,"href":"https:\/\/www.accuratereviews.com\/it\/wp-json\/wp\/v2\/pages\/28582\/revisions\/28601"}],"up":[{"embeddable":true,"href":"https:\/\/www.accuratereviews.com\/it\/wp-json\/wp\/v2\/pages\/28265"}],"wp:featuredmedia":[{"embeddable":true,"href":"https:\/\/www.accuratereviews.com\/it\/wp-json\/wp\/v2\/media\/28588"}],"wp:attachment":[{"href":"https:\/\/www.accuratereviews.com\/it\/wp-json\/wp\/v2\/media?parent=28582"}],"wp:term":[{"taxonomy":"category","embeddable":true,"href":"https:\/\/www.accuratereviews.com\/it\/wp-json\/wp\/v2\/categories?post=28582"},{"taxonomy":"post_tag","embeddable":true,"href":"https:\/\/www.accuratereviews.com\/it\/wp-json\/wp\/v2\/tags?post=28582"},{"taxonomy":"features","embeddable":true,"href":"https:\/\/www.accuratereviews.com\/it\/wp-json\/wp\/v2\/features?post=28582"}],"curies":[{"name":"wp","href":"https:\/\/api.w.org\/{rel}","templated":true}]}}