{"id":28593,"date":"2020-07-16T13:01:29","date_gmt":"2020-07-16T13:01:29","guid":{"rendered":"https:\/\/www.accuratereviews.com\/?page_id=28593"},"modified":"2020-07-16T13:01:29","modified_gmt":"2020-07-16T13:01:29","slug":"mindflash-recensione","status":"publish","type":"page","link":"https:\/\/www.accuratereviews.com\/it\/software-formazione-online\/mindflash-recensione\/","title":{"rendered":"Mindflash"},"content":{"rendered":"<p><strong>Mindflash<\/strong> \u00e8 un <strong>sistema di gestione dell&#8217;apprendimento<\/strong> basato sul <strong>cloud<\/strong> (LMS) che semplifica i processi di formazione dei dipendenti delle aziende e consente loro di misurare la loro spesa annuale in formazione. Il software \u00e8 semplice da usare ed \u00e8 robusto, la sua funzionalit\u00e0 basata su cloud ti aiuta a creare e gestire facilmente i programmi di formazione della tua organizzazione. Pertanto, \u00e8 possibile risparmiare un sacco di tempo e denaro in questa attivit\u00e0. Inoltre, \u00e8 possibile produrre corsi utilizzando programmi di uso comune come Word, PowerPoint e PDF e caricare materiale audio e video. <strong>Mindflash<\/strong> ti aiuta anche a monitorare senza fatica i progressi degli studenti in tempo reale per soddisfare la conformit\u00e0 o impostare promemoria automatici via mail per coloro che devono ancora completare i loro corsi di formazione.<\/p>\n<h2>MINDFLASH &#8211; TUTORIAL<\/h2>\n<p>Il seguente tutorial, in soli 30 minuti, ti guider\u00e0 nella creazione di corsi con questo <strong>software di formazione online<\/strong>:<\/p>\n<div id=\"fluid-wrapper-counter-1\" class=\"g1-fluid-wrapper \" style=\"width:686px;\">\n<div style=\"padding-bottom:56.268221574344%;\"><iframe loading=\"lazy\" title=\"Let&#039;s Mindflash! Build and Launch a Course in 30 Mintues\" width=\"686\" height=\"386\" src=\"https:\/\/www.youtube.com\/embed\/beKWqm72E9w?feature=oembed&amp;wmode=transparent&amp;autohide=1&amp;autoplay=0&amp;disablekb=0&amp;fs=1&amp;loop=0&amp;enablejsapi=1&amp;rel=0&amp;controls=2&amp;showinfo=0&amp;wmode=transparent&amp;autohide=2&amp;autoplay=0&amp;disablekb=0&amp;fs=1&amp;loop=0&amp;enablejsapi=1&amp;rel=0&amp;controls=2&amp;showinfo=1\" frameborder=\"0\" allow=\"accelerometer; autoplay; encrypted-media; gyroscope; picture-in-picture\" allowfullscreen><\/iframe><\/div>\n<\/div>\n<h3>MINDFLASH &#8211; CARATTERISTICHE<\/h3>\n<ul>\n<li><strong>Crea corsi rapidamente e facilmente<\/strong>:\u00a0ti consente di creare corsi online senza sforzo e rapidamente. Carica semplicemente i tuoi file di apprendimento esistenti e il software li converte in un corso online. Supporta\u00a0i principali tipi di video, MP3, SCORM, video di Youtube, presentazioni PowerPoint con animazioni e altro.<\/li>\n<li><strong>Il programma gestisce tutto:<\/strong> utilizza modelli semplici per aggiungere domande al tuo corso. Il software gestisce tutto il resto: cura i report e la valutazione a livello di corso e fornisce i risultati ai tirocinanti. I report indicano quali necessitano di un follow-up e quali sono pronti.<\/li>\n<li><strong>Traccia i progressi degli studenti in tempo reale:<\/strong>\u00a0puoi classificare gli utenti o i tirocinanti in gruppi in base al tipo di formazione di cui hanno bisogno, creare facilmente corsi e quiz su misura per ciascuno di essi e monitorare facilmente i risultati su tutti i gruppi di utenti. Inoltre, puoi utilizzare lo strumento di valutazione automatica dei quiz per tenere traccia dei progressi degli studenti in tempo reale.<\/li>\n<li><strong>Modifica corsi dal vivo<\/strong>: mantieni i corsi aggiornati senza dover ricominciare da capo. Basta andare al corso esistente e apportare le modifiche necessarie e il corso verr\u00e0 aggiornato su tutta la linea per tutti i tirocinanti che hanno accesso ad esso.<\/li>\n<li><strong>Archiviazione gratuita dei dati:<\/strong>\u00a0archiviazione e conservazione dei dati dei clienti.<\/li>\n<\/ul>\n<h4>LA RECENSIONE DEGLI UTENTI<\/h4>\n<h4 class=\"font-weight-bold my-1 d-flex align-items-center\">Julie D.&#8221;Nel complesso felice&#8221;<\/h4>\n<p><strong>Vantaggi: <\/strong>Adoro la facilit\u00e0 d&#8217;uso. Abbiamo esaminato diversi LMS e il mindflash \u00e8 stato il modo pi\u00f9 semplice per caricare l&#8217;allenamento, creare quiz e mantenere registri. Se ho bisogno di recuperare una formazione specifica per persone, posso ottenere rapidamente i punteggi invece di rintracciare i nostri vecchi registri cartacei. Se devo aggiornare una diapositiva nella presentazione, posso cambiarla nel modulo invece di dover creare un nuovo modulo come alcuni che abbiamo visto. A parte qualche confusione minore, la maggior parte degli utenti ama il programma. Lo hanno trovano facile da usare.<\/p>\n<p><strong>Inconvenienti: <\/strong>Non esiste un&#8217;app e la visualizzazione per dispositivi mobili non \u00e8 buona. Se sono fuori ufficio e devo ripristinare un modulo, devo estrarre il mio laptop invece di poterlo fare dal telefono. Non riesco a scorrere i singoli moduli e posso solo vedere resettare l&#8217;intero allenamento dal mio telefono.<\/p>\n<h4 class=\"font-weight-bold my-1 d-flex align-items-center\">Zarella S.\u00a0&#8220;Ottimo per iniziare.&#8221;<\/h4>\n<p><strong>Commenti: <\/strong>Usiamo i DVD di addestramento sulla sicurezza che fluttuano attorno ai nostri magazzini multipli aumentando la probabilit\u00e0 che vengano persi o rotti, ma MindFlash ci aiuta a risolvere questo problema con questa piattaforma di addestramento basata sul web. Non c&#8217;\u00e8 pi\u00f9 bisogno di DVD obsoleti!<\/p>\n<p><strong>Vantaggi: <\/strong>Se stai cercando di sbarazzarti della carta e dell&#8217;immissione manuale dei record di allenamento tramite un utile strumento di formazione video, MindFlash lavorer\u00e0 per te.<\/p>\n<p><strong>Inconvenienti: <\/strong>Una volta c he inizi a crescere, questo potrebbe non essere un ottimo software da utilizzare poich\u00e9 la formazione di centinaia di dipendenti ogni mese su un computer potrebbe richiedere pi\u00f9 tempo.<\/p>\n<h4 class=\"font-weight-bold my-1 d-flex align-items-center\">Matt C.&#8221;Ottimo strumento per le operazioni&#8221;<\/h4>\n<p><strong>Commenti: <\/strong>\u00c8 stato un piacere lavorare con il personale di supporto e il sistema.\u00a0Il rappresentante ha svolto un ottimo lavoro con noi.<\/p>\n<p><strong>Vantaggi: <\/strong>Questo sistema ha dimostrato di essere facile da usare, facile da addestrare ed \u00e8 semplice farlo accettare dalla gente grazie alla sua facilit\u00e0 d&#8217;uso.<\/p>\n<p><strong>Inconvenienti: <\/strong>Manca un timer (per il timeout &#8211; non una data di scadenza) per le valutazioni (come l&#8217;esame NMLS, SAT, ecc.).<\/p>\n","protected":false},"excerpt":{"rendered":"<p>Mindflash \u00e8 un sistema di gestione dell&#8217;apprendimento basato sul cloud (LMS) che semplifica i processi di formazione dei dipendenti delle aziende e consente loro di misurare la loro spesa annuale in formazione. Il software \u00e8 semplice da usare ed \u00e8 robusto, la sua funzionalit\u00e0 basata su cloud ti aiuta a creare e gestire facilmente i programmi di formazione della tua organizzazione.<\/p>\n","protected":false},"author":19,"featured_media":28594,"parent":28265,"menu_order":0,"comment_status":"open","ping_status":"closed","template":"g1_template_page_review_new.php","meta":{"_acf_changed":false,"cwp_meta_box_check":"Yes","cwp_rev_product_name":"","cwp_rev_product_image":"","wppr_links":[],"cwp_rev_price":"","wppr_options":[],"wppr_pros":[],"wppr_cons":[],"_monsterinsights_skip_tracking":false,"_monsterinsights_sitenote_active":false,"_monsterinsights_sitenote_note":"","_monsterinsights_sitenote_category":0,"footnotes":""},"categories":[3163],"tags":[396,3263,3260,3166,3254,3164,3253,3165],"features":[],"class_list":{"0":"post-28593","1":"page","2":"type-page","3":"status-publish","4":"has-post-thumbnail","6":"category-software-formazione-online","7":"tag-cloud","8":"tag-mindflash","9":"tag-programma-apprendimento-online","10":"tag-programma-formazione-online","11":"tag-software-apprendimento-online","12":"tag-software-formazione-online","13":"tag-soluzione-apprendimento-online","14":"tag-soluzione-formazione-online"},"wppr_data":{"cwp_meta_box_check":"Yes","cwp_rev_product_name":"","cwp_rev_product_image":"","cwp_image_link":"image","cwp_rev_price":"","wppr_rating":"0.00"},"acf":[],"yoast_head":"<!-- This site is optimized with the Yoast SEO plugin v27.4 - https:\/\/yoast.com\/product\/yoast-seo-wordpress\/ -->\n<title>Mindflash: recensione software formazione online - Accurate Reviews<\/title>\n<meta name=\"description\" content=\"Mindflash: recensione sistema di gestione dell&#039;apprendimento basato sul cloud (LMS) che semplifica i processi di formazione dei dipendenti delle aziende.\" \/>\n<meta name=\"robots\" content=\"index, follow, max-snippet:-1, max-image-preview:large, max-video-preview:-1\" \/>\n<link rel=\"canonical\" href=\"https:\/\/www.accuratereviews.com\/it\/software-formazione-online\/mindflash-recensione\/\" \/>\n<meta property=\"og:locale\" content=\"it_IT\" \/>\n<meta property=\"og:type\" content=\"article\" \/>\n<meta property=\"og:title\" content=\"Mindflash: recensione software formazione online - Accurate Reviews\" \/>\n<meta property=\"og:description\" content=\"Mindflash: recensione sistema di gestione dell&#039;apprendimento basato sul cloud (LMS) che semplifica i processi di formazione dei dipendenti delle aziende.\" \/>\n<meta property=\"og:url\" content=\"https:\/\/www.accuratereviews.com\/it\/software-formazione-online\/mindflash-recensione\/\" \/>\n<meta property=\"og:site_name\" content=\"Accurate Reviews\" \/>\n<meta property=\"og:image\" content=\"https:\/\/www.accuratereviews.com\/wp-content\/uploads\/2020\/07\/MINDFLASH.png\" \/>\n\t<meta property=\"og:image:width\" content=\"640\" \/>\n\t<meta property=\"og:image:height\" content=\"360\" \/>\n\t<meta property=\"og:image:type\" content=\"image\/png\" \/>\n<meta name=\"twitter:card\" content=\"summary_large_image\" \/>\n<meta name=\"twitter:label1\" content=\"Tempo di lettura stimato\" \/>\n\t<meta name=\"twitter:data1\" content=\"4 minuti\" \/>\n<script type=\"application\/ld+json\" class=\"yoast-schema-graph\">{\"@context\":\"https:\\\/\\\/schema.org\",\"@graph\":[{\"@type\":\"WebPage\",\"@id\":\"https:\\\/\\\/www.accuratereviews.com\\\/it\\\/software-formazione-online\\\/mindflash-recensione\\\/\",\"url\":\"https:\\\/\\\/www.accuratereviews.com\\\/it\\\/software-formazione-online\\\/mindflash-recensione\\\/\",\"name\":\"Mindflash: recensione software formazione online - Accurate Reviews\",\"isPartOf\":{\"@id\":\"https:\\\/\\\/www.accuratereviews.com\\\/it\\\/#website\"},\"primaryImageOfPage\":{\"@id\":\"https:\\\/\\\/www.accuratereviews.com\\\/it\\\/software-formazione-online\\\/mindflash-recensione\\\/#primaryimage\"},\"image\":{\"@id\":\"https:\\\/\\\/www.accuratereviews.com\\\/it\\\/software-formazione-online\\\/mindflash-recensione\\\/#primaryimage\"},\"thumbnailUrl\":\"https:\\\/\\\/www.accuratereviews.com\\\/wp-content\\\/uploads\\\/2020\\\/07\\\/MINDFLASH.png\",\"datePublished\":\"2020-07-16T13:01:29+00:00\",\"description\":\"Mindflash: recensione sistema di gestione dell'apprendimento basato sul cloud (LMS) che semplifica i processi di formazione dei dipendenti delle aziende.\",\"breadcrumb\":{\"@id\":\"https:\\\/\\\/www.accuratereviews.com\\\/it\\\/software-formazione-online\\\/mindflash-recensione\\\/#breadcrumb\"},\"inLanguage\":\"it-IT\",\"potentialAction\":[{\"@type\":\"ReadAction\",\"target\":[\"https:\\\/\\\/www.accuratereviews.com\\\/it\\\/software-formazione-online\\\/mindflash-recensione\\\/\"]}]},{\"@type\":\"ImageObject\",\"inLanguage\":\"it-IT\",\"@id\":\"https:\\\/\\\/www.accuratereviews.com\\\/it\\\/software-formazione-online\\\/mindflash-recensione\\\/#primaryimage\",\"url\":\"https:\\\/\\\/www.accuratereviews.com\\\/wp-content\\\/uploads\\\/2020\\\/07\\\/MINDFLASH.png\",\"contentUrl\":\"https:\\\/\\\/www.accuratereviews.com\\\/wp-content\\\/uploads\\\/2020\\\/07\\\/MINDFLASH.png\",\"width\":640,\"height\":360},{\"@type\":\"BreadcrumbList\",\"@id\":\"https:\\\/\\\/www.accuratereviews.com\\\/it\\\/software-formazione-online\\\/mindflash-recensione\\\/#breadcrumb\",\"itemListElement\":[{\"@type\":\"ListItem\",\"position\":1,\"name\":\"Home\",\"item\":\"https:\\\/\\\/www.accuratereviews.com\\\/it\\\/\"},{\"@type\":\"ListItem\",\"position\":2,\"name\":\"Software formazione online\",\"item\":\"https:\\\/\\\/www.accuratereviews.com\\\/it\\\/software-formazione-online\\\/\"},{\"@type\":\"ListItem\",\"position\":3,\"name\":\"Mindflash\"}]},{\"@type\":\"WebSite\",\"@id\":\"https:\\\/\\\/www.accuratereviews.com\\\/it\\\/#website\",\"url\":\"https:\\\/\\\/www.accuratereviews.com\\\/it\\\/\",\"name\":\"Accurate Reviews\",\"description\":\"\",\"potentialAction\":[{\"@type\":\"SearchAction\",\"target\":{\"@type\":\"EntryPoint\",\"urlTemplate\":\"https:\\\/\\\/www.accuratereviews.com\\\/it\\\/?s={search_term_string}\"},\"query-input\":{\"@type\":\"PropertyValueSpecification\",\"valueRequired\":true,\"valueName\":\"search_term_string\"}}],\"inLanguage\":\"it-IT\"}]}<\/script>\n<!-- \/ Yoast SEO plugin. -->","yoast_head_json":{"title":"Mindflash: recensione software formazione online - Accurate Reviews","description":"Mindflash: recensione sistema di gestione dell'apprendimento basato sul cloud (LMS) che semplifica i processi di formazione dei dipendenti delle aziende.","robots":{"index":"index","follow":"follow","max-snippet":"max-snippet:-1","max-image-preview":"max-image-preview:large","max-video-preview":"max-video-preview:-1"},"canonical":"https:\/\/www.accuratereviews.com\/it\/software-formazione-online\/mindflash-recensione\/","og_locale":"it_IT","og_type":"article","og_title":"Mindflash: recensione software formazione online - Accurate Reviews","og_description":"Mindflash: recensione sistema di gestione dell'apprendimento basato sul cloud (LMS) che semplifica i processi di formazione dei dipendenti delle aziende.","og_url":"https:\/\/www.accuratereviews.com\/it\/software-formazione-online\/mindflash-recensione\/","og_site_name":"Accurate Reviews","og_image":[{"width":640,"height":360,"url":"https:\/\/www.accuratereviews.com\/wp-content\/uploads\/2020\/07\/MINDFLASH.png","type":"image\/png"}],"twitter_card":"summary_large_image","twitter_misc":{"Tempo di lettura stimato":"4 minuti"},"schema":{"@context":"https:\/\/schema.org","@graph":[{"@type":"WebPage","@id":"https:\/\/www.accuratereviews.com\/it\/software-formazione-online\/mindflash-recensione\/","url":"https:\/\/www.accuratereviews.com\/it\/software-formazione-online\/mindflash-recensione\/","name":"Mindflash: recensione software formazione online - Accurate Reviews","isPartOf":{"@id":"https:\/\/www.accuratereviews.com\/it\/#website"},"primaryImageOfPage":{"@id":"https:\/\/www.accuratereviews.com\/it\/software-formazione-online\/mindflash-recensione\/#primaryimage"},"image":{"@id":"https:\/\/www.accuratereviews.com\/it\/software-formazione-online\/mindflash-recensione\/#primaryimage"},"thumbnailUrl":"https:\/\/www.accuratereviews.com\/wp-content\/uploads\/2020\/07\/MINDFLASH.png","datePublished":"2020-07-16T13:01:29+00:00","description":"Mindflash: recensione sistema di gestione dell'apprendimento basato sul cloud (LMS) che semplifica i processi di formazione dei dipendenti delle aziende.","breadcrumb":{"@id":"https:\/\/www.accuratereviews.com\/it\/software-formazione-online\/mindflash-recensione\/#breadcrumb"},"inLanguage":"it-IT","potentialAction":[{"@type":"ReadAction","target":["https:\/\/www.accuratereviews.com\/it\/software-formazione-online\/mindflash-recensione\/"]}]},{"@type":"ImageObject","inLanguage":"it-IT","@id":"https:\/\/www.accuratereviews.com\/it\/software-formazione-online\/mindflash-recensione\/#primaryimage","url":"https:\/\/www.accuratereviews.com\/wp-content\/uploads\/2020\/07\/MINDFLASH.png","contentUrl":"https:\/\/www.accuratereviews.com\/wp-content\/uploads\/2020\/07\/MINDFLASH.png","width":640,"height":360},{"@type":"BreadcrumbList","@id":"https:\/\/www.accuratereviews.com\/it\/software-formazione-online\/mindflash-recensione\/#breadcrumb","itemListElement":[{"@type":"ListItem","position":1,"name":"Home","item":"https:\/\/www.accuratereviews.com\/it\/"},{"@type":"ListItem","position":2,"name":"Software formazione online","item":"https:\/\/www.accuratereviews.com\/it\/software-formazione-online\/"},{"@type":"ListItem","position":3,"name":"Mindflash"}]},{"@type":"WebSite","@id":"https:\/\/www.accuratereviews.com\/it\/#website","url":"https:\/\/www.accuratereviews.com\/it\/","name":"Accurate Reviews","description":"","potentialAction":[{"@type":"SearchAction","target":{"@type":"EntryPoint","urlTemplate":"https:\/\/www.accuratereviews.com\/it\/?s={search_term_string}"},"query-input":{"@type":"PropertyValueSpecification","valueRequired":true,"valueName":"search_term_string"}}],"inLanguage":"it-IT"}]}},"_links":{"self":[{"href":"https:\/\/www.accuratereviews.com\/it\/wp-json\/wp\/v2\/pages\/28593","targetHints":{"allow":["GET"]}}],"collection":[{"href":"https:\/\/www.accuratereviews.com\/it\/wp-json\/wp\/v2\/pages"}],"about":[{"href":"https:\/\/www.accuratereviews.com\/it\/wp-json\/wp\/v2\/types\/page"}],"author":[{"embeddable":true,"href":"https:\/\/www.accuratereviews.com\/it\/wp-json\/wp\/v2\/users\/19"}],"replies":[{"embeddable":true,"href":"https:\/\/www.accuratereviews.com\/it\/wp-json\/wp\/v2\/comments?post=28593"}],"version-history":[{"count":7,"href":"https:\/\/www.accuratereviews.com\/it\/wp-json\/wp\/v2\/pages\/28593\/revisions"}],"predecessor-version":[{"id":28623,"href":"https:\/\/www.accuratereviews.com\/it\/wp-json\/wp\/v2\/pages\/28593\/revisions\/28623"}],"up":[{"embeddable":true,"href":"https:\/\/www.accuratereviews.com\/it\/wp-json\/wp\/v2\/pages\/28265"}],"wp:featuredmedia":[{"embeddable":true,"href":"https:\/\/www.accuratereviews.com\/it\/wp-json\/wp\/v2\/media\/28594"}],"wp:attachment":[{"href":"https:\/\/www.accuratereviews.com\/it\/wp-json\/wp\/v2\/media?parent=28593"}],"wp:term":[{"taxonomy":"category","embeddable":true,"href":"https:\/\/www.accuratereviews.com\/it\/wp-json\/wp\/v2\/categories?post=28593"},{"taxonomy":"post_tag","embeddable":true,"href":"https:\/\/www.accuratereviews.com\/it\/wp-json\/wp\/v2\/tags?post=28593"},{"taxonomy":"features","embeddable":true,"href":"https:\/\/www.accuratereviews.com\/it\/wp-json\/wp\/v2\/features?post=28593"}],"curies":[{"name":"wp","href":"https:\/\/api.w.org\/{rel}","templated":true}]}}