{"id":28608,"date":"2020-07-16T13:05:37","date_gmt":"2020-07-16T13:05:37","guid":{"rendered":"https:\/\/www.accuratereviews.com\/?page_id=28608"},"modified":"2020-07-16T13:05:37","modified_gmt":"2020-07-16T13:05:37","slug":"saba-cloud-recensione","status":"publish","type":"page","link":"https:\/\/www.accuratereviews.com\/it\/software-formazione-online\/saba-cloud-recensione\/","title":{"rendered":"Saba Cloud"},"content":{"rendered":"<p><strong>Saba Cloud<\/strong> offre alle aziende di tutto il mondo un&#8217;applicazione di <strong>cloud<\/strong> <strong>learning e talent management<\/strong> progettata per favorire il coinvolgimento dei dipendenti, elevare le competenze e migliorare la produttivit\u00e0 aziendale.\u00a0La soluzione offre funzionalit\u00e0 che includono la creazione di corsi, la <strong>gestione dell&#8217;apprendimento\u00a0<\/strong>e prestazioni, il monitoraggio degli obiettivi e il reclutamento. Le riunioni web e video sono integrate nei contenuti e aiutano gli studenti a collaborare con il tutor durante la formazione. Con la dashboard personalizzata, gli insegnanti possono monitorare i progressi dello studente, valutare i punteggi dei test e vedere come si comportano in termini di coinvolgimento. Le aziende possono anche integrare i propri KPI con le prestazioni di apprendimento e definire la struttura di promozione dei dipendenti.<\/p>\n<h2>SABA CLOUD &#8211; TUTORIAL<\/h2>\n<p>Questo video mostra come i dipendenti possono collaborare tra loro e seguire i <strong>corsi di formazione<\/strong>\u00a0creati con questo software:<\/p>\n<div id=\"fluid-wrapper-counter-1\" class=\"g1-fluid-wrapper \" style=\"width:686px;\">\n<div style=\"padding-bottom:56.268221574344%;\"><iframe loading=\"lazy\" title=\"Saba Cloud - Empower Your Employees with a Self-Driven Learning Environment\" width=\"686\" height=\"386\" src=\"https:\/\/www.youtube.com\/embed\/CeQFKt1uk-g?feature=oembed&amp;wmode=transparent&amp;autohide=1&amp;autoplay=0&amp;disablekb=0&amp;fs=1&amp;loop=0&amp;enablejsapi=1&amp;rel=0&amp;controls=2&amp;showinfo=0&amp;wmode=transparent&amp;autohide=2&amp;autoplay=0&amp;disablekb=0&amp;fs=1&amp;loop=0&amp;enablejsapi=1&amp;rel=0&amp;controls=2&amp;showinfo=1\" frameborder=\"0\" allow=\"accelerometer; autoplay; encrypted-media; gyroscope; picture-in-picture\" allowfullscreen><\/iframe><\/div>\n<\/div>\n<h3>SABA CLOUD &#8211; CARATTERISTICHE<\/h3>\n<ul>\n<li><strong>Allinea la tua forza lavoro su produttivit\u00e0 e qualit\u00e0<\/strong>: collega gli obiettivi individuali di ogni dipendente con gli obiettivi organizzativi dell&#8217;azienda. Personalizza i moduli per soddisfare le esigenze specifiche di ogni dipendente nel processo di produzione.<\/li>\n<li><strong>Requisiti di conformit\u00e0:<\/strong> garantire che ogni dipendente sia competente e qualificato per svolgere il proprio lavoro. Comunicare chiaramente i requisiti e le aspettative del lavoro. Identificare e soddisfare le esigenze di apprendimento, gestire le certificazioni e le licenze, i requisiti di formazione associati e tracciare la frequenza\/il completamento della formazione dei dipendenti.<\/li>\n<li><strong>Indirizza lo scorrimento delle competenze<\/strong>: tieni facilmente traccia delle specialit\u00e0 e dei certificati interni per supportare la mobilit\u00e0 interna dei talenti. Costruisci la tua pipeline con una pianificazione della successione pratica e basata sul pool di talenti.<\/li>\n<li><strong>Identifica e sviluppa il top talent<\/strong>: acquisisci conoscenze informali e istituzionali in modo che tutti possano condividere la propria esperienza.<\/li>\n<li><strong>Aumento della produttivit\u00e0 e diminuzione dei costi<\/strong>: riduci i tempi di inattivit\u00e0 fornendo formazione attraverso aule virtuali o tramite dispositivi mobile. Ottieni visibilit\u00e0 in tempo reale dello stato di conformit\u00e0 del tuo team. Fornire flussi di lavoro flessibili per studenti interni ed esterni.<\/li>\n<\/ul>\n<h4>LE RECENSIONI DEGLI UTENTI<\/h4>\n<h4 class=\"font-weight-bold my-1 d-flex align-items-center\">Tomas G.\u00a0&#8220;Il paradiso degli allenamenti&#8221;<\/h4>\n<p><strong>Commenti: <\/strong>ora tutti i dipartimenti hanno la sua formazione in un unico posto, rendendolo facile per tutti<\/p>\n<p><strong>Vantaggi: <\/strong>I corsi di formazione sono organizzati in modo tale che hai solo bisogno di tempo per cercare e selezionare i corsi che desideri completare.<\/p>\n<p><strong>Inconvenienti: <\/strong>Alcuni corsi di formazione richiedono Flash e in questo momento si tratta di un plug-in obsoleto e non supportato per alcuni browser web<\/p>\n<h4 class=\"font-weight-bold my-1 d-flex align-items-center\">Krishnamurthy P.\u00a0&#8220;Molto utile per studenti e manager&#8221;<\/h4>\n<p><strong>Commenti: <\/strong>L&#8217;usabilit\u00e0 di questo software \u00e8 sorprendente, sia dal punto di vista dello studente che dal punto di vista del manager<\/p>\n<p><strong>Vantaggi: <\/strong>&#8211; Mi piace l&#8217;interfaccia utente amichevole, posso tenere traccia dei miei corsi obbligatori e dei corsi che mi sono stati assegnati nella home page.\u00a0Inoltre, mi consente di conoscere i corsi le cui scadenze sono prossime .\u00a0In qualit\u00e0 di manager, posso creare una query di rapporto sul completamento del corso per i dipendenti e pianificarne l&#8217;invio come email<\/p>\n<p><strong>Inconvenienti: <\/strong>Non riesco a pensare ad alcun inconveniente di questo strumento. \u00c8 uno straordinario strumento di gestione dell&#8217;apprendimento. Sarebbe stato fantastico se fossi stato in grado di collegare il mio Excel al database Saba.<\/p>\n<h4 class=\"font-weight-bold my-1 d-flex align-items-center\">Russell K.\u00a0&#8220;Saba LMS&#8221;<\/h4>\n<p><strong>Commenti: <\/strong>Ci ha reso facile pubblicare il nostro e-learning, organizzare e gestire la formazione in classe e fornire rapporti.<\/p>\n<p><strong>Vantaggi: <\/strong>Mi piace la configurabilit\u00e0 e le diverse opzioni disponibili, la possibilit\u00e0 di personalizzare l&#8217;aspetto della home page e la potenza del reporting<\/p>\n<p><strong>Inconvenienti: <\/strong>Saba pu\u00f2 essere un po &#8216;travolgente fino a quando non ti accontenti delle funzioni che effettivamente usi, il reporting \u00e8 potente ma pu\u00f2 essere difficile da capire<\/p>\n","protected":false},"excerpt":{"rendered":"<p>Saba Cloud offre alle aziende di tutto il mondo un&#8217;applicazione di cloud learning e talent management progettata per favorire il coinvolgimento dei dipendenti, elevare le competenze e migliorare la produttivit\u00e0 aziendale.\u00a0La soluzione offre funzionalit\u00e0 che includono la creazione di corsi, la gestione dell&#8217;apprendimento\u00a0e prestazioni, il monitoraggio degli obiettivi e il reclutamento.<\/p>\n","protected":false},"author":19,"featured_media":28609,"parent":28265,"menu_order":0,"comment_status":"open","ping_status":"closed","template":"g1_template_page_review_new.php","meta":{"_acf_changed":false,"cwp_meta_box_check":"Yes","cwp_rev_product_name":"","cwp_rev_product_image":"","wppr_links":[],"cwp_rev_price":"","wppr_options":[],"wppr_pros":[],"wppr_cons":[],"_monsterinsights_skip_tracking":false,"_monsterinsights_sitenote_active":false,"_monsterinsights_sitenote_note":"","_monsterinsights_sitenote_category":0,"footnotes":""},"categories":[3163],"tags":[396,3261,3167,3260,3166,3264,3254,3164,3253,3165],"features":[],"class_list":{"0":"post-28608","1":"page","2":"type-page","3":"status-publish","4":"has-post-thumbnail","6":"category-software-formazione-online","7":"tag-cloud","8":"tag-piattaforma-apprendimento-online","9":"tag-piattaforma-formazione-online","10":"tag-programma-apprendimento-online","11":"tag-programma-formazione-online","12":"tag-saba-cloud","13":"tag-software-apprendimento-online","14":"tag-software-formazione-online","15":"tag-soluzione-apprendimento-online","16":"tag-soluzione-formazione-online"},"wppr_data":{"cwp_meta_box_check":"Yes","cwp_rev_product_name":"","cwp_rev_product_image":"","cwp_image_link":"image","cwp_rev_price":"","wppr_rating":"0.00"},"acf":[],"yoast_head":"<!-- This site is optimized with the Yoast SEO plugin v27.4 - https:\/\/yoast.com\/product\/yoast-seo-wordpress\/ -->\n<title>Saba Cloud: recensione software formazione online - Accurate Reviews<\/title>\n<meta name=\"description\" content=\"Saba Cloud: recensione applicazione di formazione online per favorire il coinvolgimento dei dipendenti, elevare le competenze e migliorare la produttivit\u00e0.\u00a0\" \/>\n<meta name=\"robots\" content=\"index, follow, max-snippet:-1, max-image-preview:large, max-video-preview:-1\" \/>\n<link rel=\"canonical\" href=\"https:\/\/www.accuratereviews.com\/it\/software-formazione-online\/saba-cloud-recensione\/\" \/>\n<meta property=\"og:locale\" content=\"it_IT\" \/>\n<meta property=\"og:type\" content=\"article\" \/>\n<meta property=\"og:title\" content=\"Saba Cloud: recensione software formazione online - Accurate Reviews\" \/>\n<meta property=\"og:description\" content=\"Saba Cloud: recensione applicazione di formazione online per favorire il coinvolgimento dei dipendenti, elevare le competenze e migliorare la produttivit\u00e0.\u00a0\" \/>\n<meta property=\"og:url\" content=\"https:\/\/www.accuratereviews.com\/it\/software-formazione-online\/saba-cloud-recensione\/\" \/>\n<meta property=\"og:site_name\" content=\"Accurate Reviews\" \/>\n<meta property=\"og:image\" content=\"https:\/\/www.accuratereviews.com\/wp-content\/uploads\/2020\/07\/Saba-Cloud-Logo-3.png\" \/>\n\t<meta property=\"og:image:width\" content=\"1025\" \/>\n\t<meta property=\"og:image:height\" content=\"400\" \/>\n\t<meta property=\"og:image:type\" content=\"image\/png\" \/>\n<meta name=\"twitter:card\" content=\"summary_large_image\" \/>\n<meta name=\"twitter:label1\" content=\"Tempo di lettura stimato\" \/>\n\t<meta name=\"twitter:data1\" content=\"3 minuti\" \/>\n<script type=\"application\/ld+json\" class=\"yoast-schema-graph\">{\"@context\":\"https:\\\/\\\/schema.org\",\"@graph\":[{\"@type\":\"WebPage\",\"@id\":\"https:\\\/\\\/www.accuratereviews.com\\\/it\\\/software-formazione-online\\\/saba-cloud-recensione\\\/\",\"url\":\"https:\\\/\\\/www.accuratereviews.com\\\/it\\\/software-formazione-online\\\/saba-cloud-recensione\\\/\",\"name\":\"Saba Cloud: recensione software formazione online - Accurate Reviews\",\"isPartOf\":{\"@id\":\"https:\\\/\\\/www.accuratereviews.com\\\/it\\\/#website\"},\"primaryImageOfPage\":{\"@id\":\"https:\\\/\\\/www.accuratereviews.com\\\/it\\\/software-formazione-online\\\/saba-cloud-recensione\\\/#primaryimage\"},\"image\":{\"@id\":\"https:\\\/\\\/www.accuratereviews.com\\\/it\\\/software-formazione-online\\\/saba-cloud-recensione\\\/#primaryimage\"},\"thumbnailUrl\":\"https:\\\/\\\/www.accuratereviews.com\\\/wp-content\\\/uploads\\\/2020\\\/07\\\/Saba-Cloud-Logo-3.png\",\"datePublished\":\"2020-07-16T13:05:37+00:00\",\"description\":\"Saba Cloud: recensione applicazione di formazione online per favorire il coinvolgimento dei dipendenti, elevare le competenze e migliorare la produttivit\u00e0.\u00a0\",\"breadcrumb\":{\"@id\":\"https:\\\/\\\/www.accuratereviews.com\\\/it\\\/software-formazione-online\\\/saba-cloud-recensione\\\/#breadcrumb\"},\"inLanguage\":\"it-IT\",\"potentialAction\":[{\"@type\":\"ReadAction\",\"target\":[\"https:\\\/\\\/www.accuratereviews.com\\\/it\\\/software-formazione-online\\\/saba-cloud-recensione\\\/\"]}]},{\"@type\":\"ImageObject\",\"inLanguage\":\"it-IT\",\"@id\":\"https:\\\/\\\/www.accuratereviews.com\\\/it\\\/software-formazione-online\\\/saba-cloud-recensione\\\/#primaryimage\",\"url\":\"https:\\\/\\\/www.accuratereviews.com\\\/wp-content\\\/uploads\\\/2020\\\/07\\\/Saba-Cloud-Logo-3.png\",\"contentUrl\":\"https:\\\/\\\/www.accuratereviews.com\\\/wp-content\\\/uploads\\\/2020\\\/07\\\/Saba-Cloud-Logo-3.png\",\"width\":1025,\"height\":400},{\"@type\":\"BreadcrumbList\",\"@id\":\"https:\\\/\\\/www.accuratereviews.com\\\/it\\\/software-formazione-online\\\/saba-cloud-recensione\\\/#breadcrumb\",\"itemListElement\":[{\"@type\":\"ListItem\",\"position\":1,\"name\":\"Home\",\"item\":\"https:\\\/\\\/www.accuratereviews.com\\\/it\\\/\"},{\"@type\":\"ListItem\",\"position\":2,\"name\":\"Software formazione online\",\"item\":\"https:\\\/\\\/www.accuratereviews.com\\\/it\\\/software-formazione-online\\\/\"},{\"@type\":\"ListItem\",\"position\":3,\"name\":\"Saba Cloud\"}]},{\"@type\":\"WebSite\",\"@id\":\"https:\\\/\\\/www.accuratereviews.com\\\/it\\\/#website\",\"url\":\"https:\\\/\\\/www.accuratereviews.com\\\/it\\\/\",\"name\":\"Accurate Reviews\",\"description\":\"\",\"potentialAction\":[{\"@type\":\"SearchAction\",\"target\":{\"@type\":\"EntryPoint\",\"urlTemplate\":\"https:\\\/\\\/www.accuratereviews.com\\\/it\\\/?s={search_term_string}\"},\"query-input\":{\"@type\":\"PropertyValueSpecification\",\"valueRequired\":true,\"valueName\":\"search_term_string\"}}],\"inLanguage\":\"it-IT\"}]}<\/script>\n<!-- \/ Yoast SEO plugin. -->","yoast_head_json":{"title":"Saba Cloud: recensione software formazione online - Accurate Reviews","description":"Saba Cloud: recensione applicazione di formazione online per favorire il coinvolgimento dei dipendenti, elevare le competenze e migliorare la produttivit\u00e0.\u00a0","robots":{"index":"index","follow":"follow","max-snippet":"max-snippet:-1","max-image-preview":"max-image-preview:large","max-video-preview":"max-video-preview:-1"},"canonical":"https:\/\/www.accuratereviews.com\/it\/software-formazione-online\/saba-cloud-recensione\/","og_locale":"it_IT","og_type":"article","og_title":"Saba Cloud: recensione software formazione online - Accurate Reviews","og_description":"Saba Cloud: recensione applicazione di formazione online per favorire il coinvolgimento dei dipendenti, elevare le competenze e migliorare la produttivit\u00e0.\u00a0","og_url":"https:\/\/www.accuratereviews.com\/it\/software-formazione-online\/saba-cloud-recensione\/","og_site_name":"Accurate Reviews","og_image":[{"width":1025,"height":400,"url":"https:\/\/www.accuratereviews.com\/wp-content\/uploads\/2020\/07\/Saba-Cloud-Logo-3.png","type":"image\/png"}],"twitter_card":"summary_large_image","twitter_misc":{"Tempo di lettura stimato":"3 minuti"},"schema":{"@context":"https:\/\/schema.org","@graph":[{"@type":"WebPage","@id":"https:\/\/www.accuratereviews.com\/it\/software-formazione-online\/saba-cloud-recensione\/","url":"https:\/\/www.accuratereviews.com\/it\/software-formazione-online\/saba-cloud-recensione\/","name":"Saba Cloud: recensione software formazione online - Accurate Reviews","isPartOf":{"@id":"https:\/\/www.accuratereviews.com\/it\/#website"},"primaryImageOfPage":{"@id":"https:\/\/www.accuratereviews.com\/it\/software-formazione-online\/saba-cloud-recensione\/#primaryimage"},"image":{"@id":"https:\/\/www.accuratereviews.com\/it\/software-formazione-online\/saba-cloud-recensione\/#primaryimage"},"thumbnailUrl":"https:\/\/www.accuratereviews.com\/wp-content\/uploads\/2020\/07\/Saba-Cloud-Logo-3.png","datePublished":"2020-07-16T13:05:37+00:00","description":"Saba Cloud: recensione applicazione di formazione online per favorire il coinvolgimento dei dipendenti, elevare le competenze e migliorare la produttivit\u00e0.\u00a0","breadcrumb":{"@id":"https:\/\/www.accuratereviews.com\/it\/software-formazione-online\/saba-cloud-recensione\/#breadcrumb"},"inLanguage":"it-IT","potentialAction":[{"@type":"ReadAction","target":["https:\/\/www.accuratereviews.com\/it\/software-formazione-online\/saba-cloud-recensione\/"]}]},{"@type":"ImageObject","inLanguage":"it-IT","@id":"https:\/\/www.accuratereviews.com\/it\/software-formazione-online\/saba-cloud-recensione\/#primaryimage","url":"https:\/\/www.accuratereviews.com\/wp-content\/uploads\/2020\/07\/Saba-Cloud-Logo-3.png","contentUrl":"https:\/\/www.accuratereviews.com\/wp-content\/uploads\/2020\/07\/Saba-Cloud-Logo-3.png","width":1025,"height":400},{"@type":"BreadcrumbList","@id":"https:\/\/www.accuratereviews.com\/it\/software-formazione-online\/saba-cloud-recensione\/#breadcrumb","itemListElement":[{"@type":"ListItem","position":1,"name":"Home","item":"https:\/\/www.accuratereviews.com\/it\/"},{"@type":"ListItem","position":2,"name":"Software formazione online","item":"https:\/\/www.accuratereviews.com\/it\/software-formazione-online\/"},{"@type":"ListItem","position":3,"name":"Saba Cloud"}]},{"@type":"WebSite","@id":"https:\/\/www.accuratereviews.com\/it\/#website","url":"https:\/\/www.accuratereviews.com\/it\/","name":"Accurate Reviews","description":"","potentialAction":[{"@type":"SearchAction","target":{"@type":"EntryPoint","urlTemplate":"https:\/\/www.accuratereviews.com\/it\/?s={search_term_string}"},"query-input":{"@type":"PropertyValueSpecification","valueRequired":true,"valueName":"search_term_string"}}],"inLanguage":"it-IT"}]}},"_links":{"self":[{"href":"https:\/\/www.accuratereviews.com\/it\/wp-json\/wp\/v2\/pages\/28608","targetHints":{"allow":["GET"]}}],"collection":[{"href":"https:\/\/www.accuratereviews.com\/it\/wp-json\/wp\/v2\/pages"}],"about":[{"href":"https:\/\/www.accuratereviews.com\/it\/wp-json\/wp\/v2\/types\/page"}],"author":[{"embeddable":true,"href":"https:\/\/www.accuratereviews.com\/it\/wp-json\/wp\/v2\/users\/19"}],"replies":[{"embeddable":true,"href":"https:\/\/www.accuratereviews.com\/it\/wp-json\/wp\/v2\/comments?post=28608"}],"version-history":[{"count":9,"href":"https:\/\/www.accuratereviews.com\/it\/wp-json\/wp\/v2\/pages\/28608\/revisions"}],"predecessor-version":[{"id":28624,"href":"https:\/\/www.accuratereviews.com\/it\/wp-json\/wp\/v2\/pages\/28608\/revisions\/28624"}],"up":[{"embeddable":true,"href":"https:\/\/www.accuratereviews.com\/it\/wp-json\/wp\/v2\/pages\/28265"}],"wp:featuredmedia":[{"embeddable":true,"href":"https:\/\/www.accuratereviews.com\/it\/wp-json\/wp\/v2\/media\/28609"}],"wp:attachment":[{"href":"https:\/\/www.accuratereviews.com\/it\/wp-json\/wp\/v2\/media?parent=28608"}],"wp:term":[{"taxonomy":"category","embeddable":true,"href":"https:\/\/www.accuratereviews.com\/it\/wp-json\/wp\/v2\/categories?post=28608"},{"taxonomy":"post_tag","embeddable":true,"href":"https:\/\/www.accuratereviews.com\/it\/wp-json\/wp\/v2\/tags?post=28608"},{"taxonomy":"features","embeddable":true,"href":"https:\/\/www.accuratereviews.com\/it\/wp-json\/wp\/v2\/features?post=28608"}],"curies":[{"name":"wp","href":"https:\/\/api.w.org\/{rel}","templated":true}]}}