{"id":28662,"date":"2020-07-17T10:52:09","date_gmt":"2020-07-17T10:52:09","guid":{"rendered":"https:\/\/www.accuratereviews.com\/?page_id=28662"},"modified":"2020-07-17T10:52:09","modified_gmt":"2020-07-17T10:52:09","slug":"digitalchalk-recensione","status":"publish","type":"page","link":"https:\/\/www.accuratereviews.com\/it\/software-formazione-online\/digitalchalk-recensione\/","title":{"rendered":"DigitalChalk"},"content":{"rendered":"<p><strong>DigitalChalk<\/strong> \u00e8 una <strong>piattaforma di formazione<\/strong> basata su <strong>cloud <\/strong>per la gestione dell&#8217;apprendimento (LMS). Consente agli utenti di produrre corsi con diapositive PowerPoint animate, contenuti SCORM, video HD, audio, quiz, esami e altro. Questa applicazione sicura, cloud-based, garantisce ai tirocinanti l&#8217;accesso sempre e ovunque dai loro telefoni cellulari e tablet. <strong>DigitalChalk<\/strong> consente a tutti gli studenti e i dipendenti di accedere facilmente ai materiali didattici di cui hanno bisogno per il loro apprendimento. Questo LMS aiuta le aziende a fornire contenuti coinvolgenti e significativi. Puoi utilizzare questa piattaforma economica e flessibile per creare soluzioni di ecommerce ed educare tutti i tuoi dipendenti. Dopo aver creato i tuoi corsi online, la soluzione li distribuisce agli studenti su laptop, desktop e dispositivi mobili Android e iOS.<\/p>\n<h2>DIGITALCHALK &#8211; TUTORIAL<\/h2>\n<p>Aggiungi facilmente qualsiasi link ai tuoi webinar dal vivo direttamente all&#8217;interno del tuo corso online. Guarda il video dimostrativo per vedere l&#8217;elemento ILT in azione:<\/p>\n<div id=\"fluid-wrapper-counter-1\" class=\"g1-fluid-wrapper \" style=\"width:686px;\">\n<div style=\"padding-bottom:56.268221574344%;\"><iframe loading=\"lazy\" title=\"Digitalchalk: Instructor-Led Training\" width=\"515\" height=\"386\" src=\"https:\/\/www.youtube.com\/embed\/0PQ-a71Ee1g?feature=oembed&amp;wmode=transparent&amp;autohide=1&amp;autoplay=0&amp;disablekb=0&amp;fs=1&amp;loop=0&amp;enablejsapi=1&amp;rel=0&amp;controls=2&amp;showinfo=0&amp;wmode=transparent&amp;autohide=2&amp;autoplay=0&amp;disablekb=0&amp;fs=1&amp;loop=0&amp;enablejsapi=1&amp;rel=0&amp;controls=2&amp;showinfo=1\" frameborder=\"0\" allow=\"accelerometer; autoplay; encrypted-media; gyroscope; picture-in-picture\" allowfullscreen><\/iframe><\/div>\n<\/div>\n<h3>DIGITALCHALK &#8211; CARATTERISTICHE<\/h3>\n<ul>\n<li><strong>Basato su cloud<\/strong>: fornisci corsi online sempre disponibili ovunque con questa soluzione.<\/li>\n<li><strong>Partner oltre la vendita<\/strong>: dall&#8217;installazione iniziale al lancio, il team di supporto LMS di livello mondiale \u00e8 disponibile via telefono, chat o email.<\/li>\n<li><strong>Archiviazione e scalabilit\u00e0 illimitate<\/strong>: crea tutti i corsi e aggiungi tutti gli utenti che desideri. La piattaforma cresce man mano che cresci anche tu.<\/li>\n<li><strong>Migrazione guidata<\/strong>:\u00a0collabora con uno specialista dell&#8217;integrazione per eseguire la migrazione sicura dei dati aziendali.<\/li>\n<li><strong>Marchio personalizzato<\/strong>: personalizzazione e flessibilit\u00e0 consentono al tuo marchio di spiccare rispetto ad altre aziende. Progetta e costruisci corsi online che mostrano la tua immagine e fai sentire la tua voce.<\/li>\n<li><strong>Analisi semplice<\/strong>: dashboard e report personalizzati forniscono tutto il necessario per misurare i risultati di business e la comprensione degli studenti.<\/li>\n<\/ul>\n<h4>LE RECENSIONI DEGLI UTENTI<\/h4>\n<h4 class=\"font-weight-bold my-1 d-flex align-items-center\">Stephen G.\u00a0&#8220;Facile da usare ed eseguire&#8221;<\/h4>\n<p><strong>Commenti: <\/strong>Ottima esperienza, altamente raccomandato.<\/p>\n<p><strong>Vantaggi: <\/strong>Mi \u00e8 piaciuta la facilit\u00e0 d&#8217;uso, il fatto di poter costruire il programma da solo. Esiste una curva di apprendimento, ma l&#8217;ho fatto tutto da solo senza esperienza in ambito IT.<\/p>\n<p><strong>Inconvenienti: <\/strong>Vorrei che ci fossero un paio di caratteristiche uniche che desidero per la mia azienda specifica, ma non la fine del mondo.<\/p>\n<div class=\"ml-4 pl-4 border-left border-left__dotted i18n-translation_vendor_container\" data-translation-id=\"2155852\" data-translation-vendor-target=\"original\">\n<div class=\"d-flex flex-wrap flex-md-nowrap align-items-center\">\n<h4 class=\"font-weight-bold my-1 d-flex align-items-center\">W H.\u00a0&#8220;Il miglior prodotto, in questa categoria, sul mercato&#8221;<\/h4>\n<p><strong>Commenti: <\/strong>DC \u00e8 di gran lunga il migliore della sua categoria. \u00c8 progettato (secondo me) per corsi online completamente automatizzati. Se questo \u00e8 quello che vuoi fare &#8230; Non riesco a pensare a niente di meglio. Sono uno strano utente del programma e ho esigenze elevate (insegnare software con file di grandi dimensioni). DC \u00e8 ottimo per distribuire (e proteggere) le mie lezioni, ma per i miei requisiti particolari, avevo bisogno di accoppiare DC con Moodle. Digital Chalk \u00e8 stata una delle migliori aziende con cui abbia mai lavorato. Hanno anche citato per creare applicazioni personalizzate per lavorare con i nostri sistemi interni. Sono stati completamente onesti con me e hanno notevolmente migliorato la qualit\u00e0 e il piacere del mio lavoro. Uso il programma da 2 anni. L&#8217;aggiornamento \u00e8 stato drammatico. Mi aspetto grandi novit\u00e0 con i futuri aggiornamenti e sono sicuro che questa azienda si adatter\u00e0 ai propri utenti. Lavoro eccellente.<\/p>\n<p><strong>Vantaggi: <\/strong>Configurazione istantanea, inizia a caricare il tuo corso in pochi secondi. Molto veloce e raramente inattivo (utilizzo il sito ogni giorno da quasi 2 anni). OTTIMO supporto clienti &#8211; mai visto nulla di simile. Le domande ricevono immediatamente una risposta, i bug vengono corretti e talvolta lo fanno proprio per te. Uso file da 400 a 500 MB: i video si caricano rapidamente e registrano le notifiche. Non posso dire abbastanza cose positive sull&#8217;assistenza clienti. Persone molto simpatiche, molto disponibili &#8211; motivate ed energiche. Quando faccio cadere gli studenti, si occupano dei rimborsi e risolvono i problemi molto rapidamente Offro 3 stelle DC per soddisfare le mie esigenze, ma 5 stelle per proteggere il mio lavoro come membro di facolt\u00e0 non regolare presso un&#8217;universit\u00e0. Mi sento motivato a migliorare le mie lezioni sapendo che sono protette e controllate da me<\/p>\n<p><strong>Inconvenienti: <\/strong>nessuna opzione per la sola pubblicazione come eBook (per un&#8217;aggiunta a una classe reale) &#8230; ma uso DC per una vera classe universitaria, non un corso puramente online. Non ha funzionalit\u00e0 integrate di BlackBoard \/ Moodle (chat video, blog, forum, ecc.). Nessuna possibilit\u00e0 di modificare documenti online &#8230; ma ancora una volta, questo non \u00e8 ci\u00f2 per cui DC \u00e8 stato progettato. Non ha la diversit\u00e0 di testare le domande come fa Blackboard. Limiti video di 500 MB &#8230; Insegno software e ho bisogno di alta risoluzione. Gli studenti si lamentano di tanto in tanto che \u00e8 difficile vedere alcuni dettagli. Per i miei corsi basati su power point \/ video &#8230; nessuna lamentela.<\/p>\n<h4 class=\"font-weight-bold my-1 d-flex align-items-center\">Kimberly M.&#8221;Lms user-friendly con un eccellente servizio clienti e supporto tecnico.&#8221;<\/h4>\n<p><strong>Vantaggi: <\/strong>Team di supporto tecnico eccezionale. Pu\u00f2 caricare pi\u00f9 utenti contemporaneamente. Pu\u00f2 assegnare un tag di corso a un utente invece di registrarsi direttamente al corso.<\/p>\n<p><strong>Inconvenienti: <\/strong>\u00c8 possibile assegnare un solo &#8220;tag corso&#8221; per utente. Sarebbe utile essere in grado di organizzare \/ salvare corsi in elenchi di gruppi diversi \/ separati.<\/p>\n<\/div>\n<\/div>\n","protected":false},"excerpt":{"rendered":"<p>DigitalChalk \u00e8 una piattaforma software di formazione basata su cloud per la\u00a0gestione dell&#8217;apprendimento (LMS). Consente agli utenti di produrre corsi con diapositive PowerPoint animate, contenuti SCORM, video HD, audio, quiz, esami e altro. Questa applicazione sicura basata su cloud garantisce ai tirocinanti l&#8217;accesso sempre e ovunque dai loro telefoni cellulari e tablet.\u00a0<\/p>\n","protected":false},"author":19,"featured_media":28663,"parent":28265,"menu_order":0,"comment_status":"open","ping_status":"closed","template":"g1_template_page_review_new.php","meta":{"_acf_changed":false,"cwp_meta_box_check":"Yes","cwp_rev_product_name":"","cwp_rev_product_image":"","wppr_links":[],"cwp_rev_price":"","wppr_options":[],"wppr_pros":[],"wppr_cons":[],"_monsterinsights_skip_tracking":false,"_monsterinsights_sitenote_active":false,"_monsterinsights_sitenote_note":"","_monsterinsights_sitenote_category":0,"footnotes":""},"categories":[3163],"tags":[396,3277,3256,3261,3167,3260,3166,3254,3164,3253,3165],"features":[],"class_list":{"0":"post-28662","1":"page","2":"type-page","3":"status-publish","4":"has-post-thumbnail","6":"category-software-formazione-online","7":"tag-cloud","8":"tag-digitalchalk","9":"tag-learning-management-system","10":"tag-piattaforma-apprendimento-online","11":"tag-piattaforma-formazione-online","12":"tag-programma-apprendimento-online","13":"tag-programma-formazione-online","14":"tag-software-apprendimento-online","15":"tag-software-formazione-online","16":"tag-soluzione-apprendimento-online","17":"tag-soluzione-formazione-online"},"wppr_data":{"cwp_meta_box_check":"Yes","cwp_rev_product_name":"","cwp_rev_product_image":"","cwp_image_link":"image","cwp_rev_price":"","wppr_rating":"0.00"},"acf":[],"yoast_head":"<!-- This site is optimized with the Yoast SEO plugin v27.4 - https:\/\/yoast.com\/product\/yoast-seo-wordpress\/ -->\n<title>DigitalChalk: recensione software formazione online - Accurate Reviews<\/title>\n<meta name=\"description\" content=\"DigitalChalk: recensione della piattaforma di formazione basata su cloud per la\u00a0gestione dell&#039;apprendimento (Learnig Management System).\" \/>\n<meta name=\"robots\" content=\"index, follow, max-snippet:-1, max-image-preview:large, max-video-preview:-1\" \/>\n<link rel=\"canonical\" href=\"https:\/\/www.accuratereviews.com\/it\/software-formazione-online\/digitalchalk-recensione\/\" \/>\n<meta property=\"og:locale\" content=\"it_IT\" \/>\n<meta property=\"og:type\" content=\"article\" \/>\n<meta property=\"og:title\" content=\"DigitalChalk: recensione software formazione online - Accurate Reviews\" \/>\n<meta property=\"og:description\" content=\"DigitalChalk: recensione della piattaforma di formazione basata su cloud per la\u00a0gestione dell&#039;apprendimento (Learnig Management System).\" \/>\n<meta property=\"og:url\" content=\"https:\/\/www.accuratereviews.com\/it\/software-formazione-online\/digitalchalk-recensione\/\" \/>\n<meta property=\"og:site_name\" content=\"Accurate Reviews\" \/>\n<meta property=\"og:image\" content=\"https:\/\/www.accuratereviews.com\/wp-content\/uploads\/2020\/07\/digitalchalk-.gif\" \/>\n\t<meta property=\"og:image:width\" content=\"200\" \/>\n\t<meta property=\"og:image:height\" content=\"200\" \/>\n\t<meta property=\"og:image:type\" content=\"image\/gif\" \/>\n<meta name=\"twitter:card\" content=\"summary_large_image\" \/>\n<meta name=\"twitter:label1\" content=\"Tempo di lettura stimato\" \/>\n\t<meta name=\"twitter:data1\" content=\"4 minuti\" \/>\n<script type=\"application\/ld+json\" class=\"yoast-schema-graph\">{\"@context\":\"https:\\\/\\\/schema.org\",\"@graph\":[{\"@type\":\"WebPage\",\"@id\":\"https:\\\/\\\/www.accuratereviews.com\\\/it\\\/software-formazione-online\\\/digitalchalk-recensione\\\/\",\"url\":\"https:\\\/\\\/www.accuratereviews.com\\\/it\\\/software-formazione-online\\\/digitalchalk-recensione\\\/\",\"name\":\"DigitalChalk: recensione software formazione online - Accurate Reviews\",\"isPartOf\":{\"@id\":\"https:\\\/\\\/www.accuratereviews.com\\\/it\\\/#website\"},\"primaryImageOfPage\":{\"@id\":\"https:\\\/\\\/www.accuratereviews.com\\\/it\\\/software-formazione-online\\\/digitalchalk-recensione\\\/#primaryimage\"},\"image\":{\"@id\":\"https:\\\/\\\/www.accuratereviews.com\\\/it\\\/software-formazione-online\\\/digitalchalk-recensione\\\/#primaryimage\"},\"thumbnailUrl\":\"https:\\\/\\\/www.accuratereviews.com\\\/wp-content\\\/uploads\\\/2020\\\/07\\\/digitalchalk-.gif\",\"datePublished\":\"2020-07-17T10:52:09+00:00\",\"description\":\"DigitalChalk: recensione della piattaforma di formazione basata su cloud per la\u00a0gestione dell'apprendimento (Learnig Management System).\",\"breadcrumb\":{\"@id\":\"https:\\\/\\\/www.accuratereviews.com\\\/it\\\/software-formazione-online\\\/digitalchalk-recensione\\\/#breadcrumb\"},\"inLanguage\":\"it-IT\",\"potentialAction\":[{\"@type\":\"ReadAction\",\"target\":[\"https:\\\/\\\/www.accuratereviews.com\\\/it\\\/software-formazione-online\\\/digitalchalk-recensione\\\/\"]}]},{\"@type\":\"ImageObject\",\"inLanguage\":\"it-IT\",\"@id\":\"https:\\\/\\\/www.accuratereviews.com\\\/it\\\/software-formazione-online\\\/digitalchalk-recensione\\\/#primaryimage\",\"url\":\"https:\\\/\\\/www.accuratereviews.com\\\/wp-content\\\/uploads\\\/2020\\\/07\\\/digitalchalk-.gif\",\"contentUrl\":\"https:\\\/\\\/www.accuratereviews.com\\\/wp-content\\\/uploads\\\/2020\\\/07\\\/digitalchalk-.gif\",\"width\":200,\"height\":200},{\"@type\":\"BreadcrumbList\",\"@id\":\"https:\\\/\\\/www.accuratereviews.com\\\/it\\\/software-formazione-online\\\/digitalchalk-recensione\\\/#breadcrumb\",\"itemListElement\":[{\"@type\":\"ListItem\",\"position\":1,\"name\":\"Home\",\"item\":\"https:\\\/\\\/www.accuratereviews.com\\\/it\\\/\"},{\"@type\":\"ListItem\",\"position\":2,\"name\":\"Software formazione online\",\"item\":\"https:\\\/\\\/www.accuratereviews.com\\\/it\\\/software-formazione-online\\\/\"},{\"@type\":\"ListItem\",\"position\":3,\"name\":\"DigitalChalk\"}]},{\"@type\":\"WebSite\",\"@id\":\"https:\\\/\\\/www.accuratereviews.com\\\/it\\\/#website\",\"url\":\"https:\\\/\\\/www.accuratereviews.com\\\/it\\\/\",\"name\":\"Accurate Reviews\",\"description\":\"\",\"potentialAction\":[{\"@type\":\"SearchAction\",\"target\":{\"@type\":\"EntryPoint\",\"urlTemplate\":\"https:\\\/\\\/www.accuratereviews.com\\\/it\\\/?s={search_term_string}\"},\"query-input\":{\"@type\":\"PropertyValueSpecification\",\"valueRequired\":true,\"valueName\":\"search_term_string\"}}],\"inLanguage\":\"it-IT\"}]}<\/script>\n<!-- \/ Yoast SEO plugin. -->","yoast_head_json":{"title":"DigitalChalk: recensione software formazione online - Accurate Reviews","description":"DigitalChalk: recensione della piattaforma di formazione basata su cloud per la\u00a0gestione dell'apprendimento (Learnig Management System).","robots":{"index":"index","follow":"follow","max-snippet":"max-snippet:-1","max-image-preview":"max-image-preview:large","max-video-preview":"max-video-preview:-1"},"canonical":"https:\/\/www.accuratereviews.com\/it\/software-formazione-online\/digitalchalk-recensione\/","og_locale":"it_IT","og_type":"article","og_title":"DigitalChalk: recensione software formazione online - Accurate Reviews","og_description":"DigitalChalk: recensione della piattaforma di formazione basata su cloud per la\u00a0gestione dell'apprendimento (Learnig Management System).","og_url":"https:\/\/www.accuratereviews.com\/it\/software-formazione-online\/digitalchalk-recensione\/","og_site_name":"Accurate Reviews","og_image":[{"width":200,"height":200,"url":"https:\/\/www.accuratereviews.com\/wp-content\/uploads\/2020\/07\/digitalchalk-.gif","type":"image\/gif"}],"twitter_card":"summary_large_image","twitter_misc":{"Tempo di lettura stimato":"4 minuti"},"schema":{"@context":"https:\/\/schema.org","@graph":[{"@type":"WebPage","@id":"https:\/\/www.accuratereviews.com\/it\/software-formazione-online\/digitalchalk-recensione\/","url":"https:\/\/www.accuratereviews.com\/it\/software-formazione-online\/digitalchalk-recensione\/","name":"DigitalChalk: recensione software formazione online - Accurate Reviews","isPartOf":{"@id":"https:\/\/www.accuratereviews.com\/it\/#website"},"primaryImageOfPage":{"@id":"https:\/\/www.accuratereviews.com\/it\/software-formazione-online\/digitalchalk-recensione\/#primaryimage"},"image":{"@id":"https:\/\/www.accuratereviews.com\/it\/software-formazione-online\/digitalchalk-recensione\/#primaryimage"},"thumbnailUrl":"https:\/\/www.accuratereviews.com\/wp-content\/uploads\/2020\/07\/digitalchalk-.gif","datePublished":"2020-07-17T10:52:09+00:00","description":"DigitalChalk: recensione della piattaforma di formazione basata su cloud per la\u00a0gestione dell'apprendimento (Learnig Management System).","breadcrumb":{"@id":"https:\/\/www.accuratereviews.com\/it\/software-formazione-online\/digitalchalk-recensione\/#breadcrumb"},"inLanguage":"it-IT","potentialAction":[{"@type":"ReadAction","target":["https:\/\/www.accuratereviews.com\/it\/software-formazione-online\/digitalchalk-recensione\/"]}]},{"@type":"ImageObject","inLanguage":"it-IT","@id":"https:\/\/www.accuratereviews.com\/it\/software-formazione-online\/digitalchalk-recensione\/#primaryimage","url":"https:\/\/www.accuratereviews.com\/wp-content\/uploads\/2020\/07\/digitalchalk-.gif","contentUrl":"https:\/\/www.accuratereviews.com\/wp-content\/uploads\/2020\/07\/digitalchalk-.gif","width":200,"height":200},{"@type":"BreadcrumbList","@id":"https:\/\/www.accuratereviews.com\/it\/software-formazione-online\/digitalchalk-recensione\/#breadcrumb","itemListElement":[{"@type":"ListItem","position":1,"name":"Home","item":"https:\/\/www.accuratereviews.com\/it\/"},{"@type":"ListItem","position":2,"name":"Software formazione online","item":"https:\/\/www.accuratereviews.com\/it\/software-formazione-online\/"},{"@type":"ListItem","position":3,"name":"DigitalChalk"}]},{"@type":"WebSite","@id":"https:\/\/www.accuratereviews.com\/it\/#website","url":"https:\/\/www.accuratereviews.com\/it\/","name":"Accurate Reviews","description":"","potentialAction":[{"@type":"SearchAction","target":{"@type":"EntryPoint","urlTemplate":"https:\/\/www.accuratereviews.com\/it\/?s={search_term_string}"},"query-input":{"@type":"PropertyValueSpecification","valueRequired":true,"valueName":"search_term_string"}}],"inLanguage":"it-IT"}]}},"_links":{"self":[{"href":"https:\/\/www.accuratereviews.com\/it\/wp-json\/wp\/v2\/pages\/28662","targetHints":{"allow":["GET"]}}],"collection":[{"href":"https:\/\/www.accuratereviews.com\/it\/wp-json\/wp\/v2\/pages"}],"about":[{"href":"https:\/\/www.accuratereviews.com\/it\/wp-json\/wp\/v2\/types\/page"}],"author":[{"embeddable":true,"href":"https:\/\/www.accuratereviews.com\/it\/wp-json\/wp\/v2\/users\/19"}],"replies":[{"embeddable":true,"href":"https:\/\/www.accuratereviews.com\/it\/wp-json\/wp\/v2\/comments?post=28662"}],"version-history":[{"count":5,"href":"https:\/\/www.accuratereviews.com\/it\/wp-json\/wp\/v2\/pages\/28662\/revisions"}],"predecessor-version":[{"id":28672,"href":"https:\/\/www.accuratereviews.com\/it\/wp-json\/wp\/v2\/pages\/28662\/revisions\/28672"}],"up":[{"embeddable":true,"href":"https:\/\/www.accuratereviews.com\/it\/wp-json\/wp\/v2\/pages\/28265"}],"wp:featuredmedia":[{"embeddable":true,"href":"https:\/\/www.accuratereviews.com\/it\/wp-json\/wp\/v2\/media\/28663"}],"wp:attachment":[{"href":"https:\/\/www.accuratereviews.com\/it\/wp-json\/wp\/v2\/media?parent=28662"}],"wp:term":[{"taxonomy":"category","embeddable":true,"href":"https:\/\/www.accuratereviews.com\/it\/wp-json\/wp\/v2\/categories?post=28662"},{"taxonomy":"post_tag","embeddable":true,"href":"https:\/\/www.accuratereviews.com\/it\/wp-json\/wp\/v2\/tags?post=28662"},{"taxonomy":"features","embeddable":true,"href":"https:\/\/www.accuratereviews.com\/it\/wp-json\/wp\/v2\/features?post=28662"}],"curies":[{"name":"wp","href":"https:\/\/api.w.org\/{rel}","templated":true}]}}