{"id":28688,"date":"2020-07-20T14:53:10","date_gmt":"2020-07-20T14:53:10","guid":{"rendered":"https:\/\/www.accuratereviews.com\/?page_id=28688"},"modified":"2020-07-20T14:53:10","modified_gmt":"2020-07-20T14:53:10","slug":"teachable-recensione","status":"publish","type":"page","link":"https:\/\/www.accuratereviews.com\/it\/software-formazione-online\/teachable-recensione\/","title":{"rendered":"Teachable"},"content":{"rendered":"<p><strong>Teachable<\/strong> \u00e8 una <strong>soluzione di gestione dell&#8217;apprendimento<\/strong> basata su <strong>cloud<\/strong> utilizzata da piccole e medie imprese. La soluzione consente agli utenti di creare e condividere corsi online aggiungendo file audio, video, immagini, testo e PDF. Gli studenti possono accedere a questi corsi su dispositivi come computer, tablet e smartphone.\u00a0Il software \u00a0consente agli amministratori di creare quiz e certificati online per valutare i progressi degli studenti. I moduli di Google sono inclusi per raccogliere feedback sui corsi. Le email mirate possono essere inviate in base a filtri come iscrizione, completamento del corso e riscatto del codice.\u00a0La soluzione si integra con Zapier per fornire accesso a strumenti come Intercom, Olark, MailChimp e Zendesk. L&#8217;efficacia della pubblicit\u00e0 pu\u00f2 essere monitorata aggiungendo pixel di conversione al proprio sito web.<\/p>\n<h2>TEACHABLE &#8211; TUTORIAL<\/h2>\n<p>Il tutorial in italiano che segue mostra come vendere online i corsi che crei con questo<strong> software di formazione online<\/strong>:<\/p>\n<div id=\"fluid-wrapper-counter-1\" class=\"g1-fluid-wrapper \" style=\"width:686px;\">\n<div style=\"padding-bottom:56.268221574344%;\"><iframe loading=\"lazy\" title=\"Teachable: Come Vendere Corsi Online\" width=\"686\" height=\"386\" src=\"https:\/\/www.youtube.com\/embed\/1Q-BUuy_eVM?feature=oembed&amp;wmode=transparent&amp;autohide=1&amp;autoplay=0&amp;disablekb=0&amp;fs=1&amp;loop=0&amp;enablejsapi=1&amp;rel=0&amp;controls=2&amp;showinfo=0&amp;wmode=transparent&amp;autohide=2&amp;autoplay=0&amp;disablekb=0&amp;fs=1&amp;loop=0&amp;enablejsapi=1&amp;rel=0&amp;controls=2&amp;showinfo=1\" frameborder=\"0\" allow=\"accelerometer; autoplay; encrypted-media; gyroscope; picture-in-picture\" allowfullscreen><\/iframe><\/div>\n<\/div>\n<h3>TEACHABLE &#8211; CARATTERISTICHE<\/h3>\n<ul>\n<li><strong>Personalizza la tua esperienza scolastica online<\/strong>: usa il power editor per creare coinvolgenti lezioni multimediali, video e sessioni di coaching.<\/li>\n<li><strong>Conosci i tuoi numeri<\/strong>: tieni traccia delle vendite e degli approfondimenti degli studenti con le dashboard complete.<\/li>\n<li><strong>Vendi<\/strong>: crea splendide pagine di vendita redditizie con l&#8217;editor di pagine flessibile.<\/li>\n<li><strong>Fai uno sforzo di squadra<\/strong>: assumi autori, membri del team e collaboratori e personalizza le loro autorizzazioni e ruoli; possiamo supportarli e pagarli per te.<\/li>\n<li><strong>Parla con i tuoi studenti dal vivo<\/strong>: esegui sessioni di coaching one-to-one o di gruppo con milestone di facile creazione, hosting delle chiamate e funzionalit\u00e0 delle attivit\u00e0.<\/li>\n<li><strong>Crea storie di successo<\/strong>: coinvolgi i tuoi studenti con quiz e certificati di completamento del corso e assicurati la trasformazione con controlli di conformit\u00e0 che richiedono il completamento del corso per andare avanti.<\/li>\n<li><strong>Feedback<\/strong>:\u00a0utilizza moduli e sondaggi di terze parti per raccogliere facilmente feedback degli studenti.<\/li>\n<li><strong>Supporto per spin up<\/strong>: integra facilmente con Zapier per portare il supporto al livello successivo con Zendesk, Olark, Intercom e altri.<\/li>\n<li><strong>Spargi la voce<\/strong>: utilizza i nostri strumenti di marketing di affiliazione per aiutare gli altri a spargere la voce sulla tua attivit\u00e0.<\/li>\n<li><strong>Pagamenti con pi\u00f9 valute<\/strong>: accetta pagamenti internazionali in oltre 130 valute. Inoltre, potrai accettare pagamenti con PayPal e pagamenti mobili per la tua scuola online e servizi di coaching.<\/li>\n<\/ul>\n<h4>LE RECENSIONI DEGLI UTENTI<\/h4>\n<h4 class=\"font-weight-bold my-1 d-flex align-items-center\">Jessica A.&#8221;\u00c8 un&#8217;ottima piattaforma per il mio corso&#8221;<\/h4>\n<p><strong>Commenti: <\/strong>Finora mi sono divertito con Teachable e penso che sia una delle migliori piattaforme in circolazione. Mi sto godendo il processo intuitivo.<\/p>\n<p><strong>Vantaggi: <\/strong>Ero entusiasta di trovare un prodotto che fosse facile da usare. Mi piace anche il fatto che posso registrare gli studenti senza registrarsi per il loro piano mensile. Ovviamente le commissioni sono un po &#8216;pi\u00f9 alte con quella versione, ma mi piace l&#8217;aspetto &#8220;prova prima di acquistare&#8221;. Mi piace l&#8217;aspetto e che sarai in grado di creare certificati e consentire agli studenti di monitorare i loro progressi. Una delle mie funzionalit\u00e0 preferite \u00e8 la possibilit\u00e0 di creare codici sconto \/ speciali quando vuoi.<\/p>\n<p><strong>Inconvenienti: <\/strong>Non mi piace che devo pubblicare un URL di YouTube se i miei video sono un po &#8216;pi\u00f9 grandi. Questo aggiunge una piccola complicazione visto che non sono un tecnico, ma non \u00e8 insormontabile.<\/p>\n<h4 class=\"font-weight-bold my-1 d-flex align-items-center\">Filip N.&#8221;Ottima piattaforma didattica&#8221;<\/h4>\n<p><strong>Commenti: <\/strong>Uso Teachable per creare lezioni e quiz per testare i nostri clienti sulla conoscenza dei servizi finanziari<\/p>\n<p><strong>Vantaggi: <\/strong>Quello che mi piace di pi\u00f9 di questo prodotto \u00e8 la facilit\u00e0 di aggiungere nuovi capitoli, creare quiz e modificare i contenuti.<\/p>\n<p><strong>Inconvenienti: <\/strong>Quello che mi piace di meno \u00e8 che ho due account con Teachable e quando eseguo l&#8217;accesso, prova sempre a connettere l&#8217;altro mio accesso con l&#8217;account sbagliato.<\/p>\n<h4 class=\"font-weight-bold my-1 d-flex align-items-center\">Latasha P.&#8221;Teachable \u00e8 ottimo per i creatori di contenuti!&#8221;<\/h4>\n<p><strong>Commenti: <\/strong>Nel complesso, la mia esperienza \u00e8 stata fantastica! Il loro team di assistenza clienti \u00e8 estremamente utile quando ne hai bisogno e la piattaforma \u00e8 molto familiare a molti altri blogger e proprietari di attivit\u00e0 online.<\/p>\n<p><strong>Vantaggi: <\/strong>Se stai cercando di creare corsi o far crescere il tuo business online Teachable \u00e8 il software giusto. Ho usato questa piattaforma per ospitare i miei corsi ed \u00e8 stato fantastico. Adoro il modo in cui puoi creare pagine di vendita per ciascuno dei tuoi corsi per aumentare le vendite.<\/p>\n<p><strong>Inconvenienti: <\/strong>L&#8217;unico svantaggio di Teachable \u00e8 che recentemente hanno cambiato il modo in cui i loro creatori possono progettare le loro pagine di vendita per i loro corsi. Questa pu\u00f2 essere una curva di apprendimento se non sai molto sul web design.<\/p>\n","protected":false},"excerpt":{"rendered":"<p>Teachable \u00e8 una soluzione di gestione dell&#8217;apprendimento basata su cloud utilizzata da piccole e medie imprese. La soluzione consente agli utenti di creare e condividere corsi online aggiungendo file audio, video, immagini, testo e PDF. Gli studenti possono accedere a questi corsi su dispositivi come computer, tablet e smartphone.\u00a0<\/p>\n","protected":false},"author":19,"featured_media":28689,"parent":28265,"menu_order":0,"comment_status":"open","ping_status":"closed","template":"g1_template_page_review_new.php","meta":{"_acf_changed":false,"cwp_meta_box_check":"Yes","cwp_rev_product_name":"","cwp_rev_product_image":"","wppr_links":[],"cwp_rev_price":"","wppr_options":[],"wppr_pros":[],"wppr_cons":[],"_monsterinsights_skip_tracking":false,"_monsterinsights_sitenote_active":false,"_monsterinsights_sitenote_note":"","_monsterinsights_sitenote_category":0,"footnotes":""},"categories":[3163],"tags":[396,2904,495,3280,3261,3167,3260,3166,3254,3164,3253,3165,3246,3281],"features":[],"class_list":{"0":"post-28688","1":"page","2":"type-page","3":"status-publish","4":"has-post-thumbnail","6":"category-software-formazione-online","7":"tag-cloud","8":"tag-intercom","9":"tag-mailchimp","10":"tag-olark","11":"tag-piattaforma-apprendimento-online","12":"tag-piattaforma-formazione-online","13":"tag-programma-apprendimento-online","14":"tag-programma-formazione-online","15":"tag-software-apprendimento-online","16":"tag-software-formazione-online","17":"tag-soluzione-apprendimento-online","18":"tag-soluzione-formazione-online","19":"tag-zapier","20":"tag-zendesk"},"wppr_data":{"cwp_meta_box_check":"Yes","cwp_rev_product_name":"","cwp_rev_product_image":"","cwp_image_link":"image","cwp_rev_price":"","wppr_rating":"0.00"},"acf":[],"yoast_head":"<!-- This site is optimized with the Yoast SEO plugin v27.4 - https:\/\/yoast.com\/product\/yoast-seo-wordpress\/ -->\n<title>Teachable: recensione software formazione online - Accurate Reviews<\/title>\n<meta name=\"description\" content=\"Teachable: recensione della soluzione di gestione dell&#039;apprendimento basata su cloud utilizzata da piccole e medie imprese di qualsiasi settore.\" \/>\n<meta name=\"robots\" content=\"index, follow, max-snippet:-1, max-image-preview:large, max-video-preview:-1\" \/>\n<link rel=\"canonical\" href=\"https:\/\/www.accuratereviews.com\/it\/software-formazione-online\/teachable-recensione\/\" \/>\n<meta property=\"og:locale\" content=\"it_IT\" \/>\n<meta property=\"og:type\" content=\"article\" \/>\n<meta property=\"og:title\" content=\"Teachable: recensione software formazione online - Accurate Reviews\" \/>\n<meta property=\"og:description\" content=\"Teachable: recensione della soluzione di gestione dell&#039;apprendimento basata su cloud utilizzata da piccole e medie imprese di qualsiasi settore.\" \/>\n<meta property=\"og:url\" content=\"https:\/\/www.accuratereviews.com\/it\/software-formazione-online\/teachable-recensione\/\" \/>\n<meta property=\"og:site_name\" content=\"Accurate Reviews\" \/>\n<meta property=\"og:image\" content=\"https:\/\/www.accuratereviews.com\/wp-content\/uploads\/2020\/07\/teachable.jpg\" \/>\n\t<meta property=\"og:image:width\" content=\"574\" \/>\n\t<meta property=\"og:image:height\" content=\"278\" \/>\n\t<meta property=\"og:image:type\" content=\"image\/jpeg\" \/>\n<meta name=\"twitter:card\" content=\"summary_large_image\" \/>\n<meta name=\"twitter:label1\" content=\"Tempo di lettura stimato\" \/>\n\t<meta name=\"twitter:data1\" content=\"4 minuti\" \/>\n<script type=\"application\/ld+json\" class=\"yoast-schema-graph\">{\"@context\":\"https:\\\/\\\/schema.org\",\"@graph\":[{\"@type\":\"WebPage\",\"@id\":\"https:\\\/\\\/www.accuratereviews.com\\\/it\\\/software-formazione-online\\\/teachable-recensione\\\/\",\"url\":\"https:\\\/\\\/www.accuratereviews.com\\\/it\\\/software-formazione-online\\\/teachable-recensione\\\/\",\"name\":\"Teachable: recensione software formazione online - Accurate Reviews\",\"isPartOf\":{\"@id\":\"https:\\\/\\\/www.accuratereviews.com\\\/it\\\/#website\"},\"primaryImageOfPage\":{\"@id\":\"https:\\\/\\\/www.accuratereviews.com\\\/it\\\/software-formazione-online\\\/teachable-recensione\\\/#primaryimage\"},\"image\":{\"@id\":\"https:\\\/\\\/www.accuratereviews.com\\\/it\\\/software-formazione-online\\\/teachable-recensione\\\/#primaryimage\"},\"thumbnailUrl\":\"https:\\\/\\\/www.accuratereviews.com\\\/wp-content\\\/uploads\\\/2020\\\/07\\\/teachable.jpg\",\"datePublished\":\"2020-07-20T14:53:10+00:00\",\"description\":\"Teachable: recensione della soluzione di gestione dell'apprendimento basata su cloud utilizzata da piccole e medie imprese di qualsiasi settore.\",\"breadcrumb\":{\"@id\":\"https:\\\/\\\/www.accuratereviews.com\\\/it\\\/software-formazione-online\\\/teachable-recensione\\\/#breadcrumb\"},\"inLanguage\":\"it-IT\",\"potentialAction\":[{\"@type\":\"ReadAction\",\"target\":[\"https:\\\/\\\/www.accuratereviews.com\\\/it\\\/software-formazione-online\\\/teachable-recensione\\\/\"]}]},{\"@type\":\"ImageObject\",\"inLanguage\":\"it-IT\",\"@id\":\"https:\\\/\\\/www.accuratereviews.com\\\/it\\\/software-formazione-online\\\/teachable-recensione\\\/#primaryimage\",\"url\":\"https:\\\/\\\/www.accuratereviews.com\\\/wp-content\\\/uploads\\\/2020\\\/07\\\/teachable.jpg\",\"contentUrl\":\"https:\\\/\\\/www.accuratereviews.com\\\/wp-content\\\/uploads\\\/2020\\\/07\\\/teachable.jpg\",\"width\":574,\"height\":278},{\"@type\":\"BreadcrumbList\",\"@id\":\"https:\\\/\\\/www.accuratereviews.com\\\/it\\\/software-formazione-online\\\/teachable-recensione\\\/#breadcrumb\",\"itemListElement\":[{\"@type\":\"ListItem\",\"position\":1,\"name\":\"Home\",\"item\":\"https:\\\/\\\/www.accuratereviews.com\\\/it\\\/\"},{\"@type\":\"ListItem\",\"position\":2,\"name\":\"Software formazione online\",\"item\":\"https:\\\/\\\/www.accuratereviews.com\\\/it\\\/software-formazione-online\\\/\"},{\"@type\":\"ListItem\",\"position\":3,\"name\":\"Teachable\"}]},{\"@type\":\"WebSite\",\"@id\":\"https:\\\/\\\/www.accuratereviews.com\\\/it\\\/#website\",\"url\":\"https:\\\/\\\/www.accuratereviews.com\\\/it\\\/\",\"name\":\"Accurate Reviews\",\"description\":\"\",\"potentialAction\":[{\"@type\":\"SearchAction\",\"target\":{\"@type\":\"EntryPoint\",\"urlTemplate\":\"https:\\\/\\\/www.accuratereviews.com\\\/it\\\/?s={search_term_string}\"},\"query-input\":{\"@type\":\"PropertyValueSpecification\",\"valueRequired\":true,\"valueName\":\"search_term_string\"}}],\"inLanguage\":\"it-IT\"}]}<\/script>\n<!-- \/ Yoast SEO plugin. -->","yoast_head_json":{"title":"Teachable: recensione software formazione online - Accurate Reviews","description":"Teachable: recensione della soluzione di gestione dell'apprendimento basata su cloud utilizzata da piccole e medie imprese di qualsiasi settore.","robots":{"index":"index","follow":"follow","max-snippet":"max-snippet:-1","max-image-preview":"max-image-preview:large","max-video-preview":"max-video-preview:-1"},"canonical":"https:\/\/www.accuratereviews.com\/it\/software-formazione-online\/teachable-recensione\/","og_locale":"it_IT","og_type":"article","og_title":"Teachable: recensione software formazione online - Accurate Reviews","og_description":"Teachable: recensione della soluzione di gestione dell'apprendimento basata su cloud utilizzata da piccole e medie imprese di qualsiasi settore.","og_url":"https:\/\/www.accuratereviews.com\/it\/software-formazione-online\/teachable-recensione\/","og_site_name":"Accurate Reviews","og_image":[{"width":574,"height":278,"url":"https:\/\/www.accuratereviews.com\/wp-content\/uploads\/2020\/07\/teachable.jpg","type":"image\/jpeg"}],"twitter_card":"summary_large_image","twitter_misc":{"Tempo di lettura stimato":"4 minuti"},"schema":{"@context":"https:\/\/schema.org","@graph":[{"@type":"WebPage","@id":"https:\/\/www.accuratereviews.com\/it\/software-formazione-online\/teachable-recensione\/","url":"https:\/\/www.accuratereviews.com\/it\/software-formazione-online\/teachable-recensione\/","name":"Teachable: recensione software formazione online - Accurate Reviews","isPartOf":{"@id":"https:\/\/www.accuratereviews.com\/it\/#website"},"primaryImageOfPage":{"@id":"https:\/\/www.accuratereviews.com\/it\/software-formazione-online\/teachable-recensione\/#primaryimage"},"image":{"@id":"https:\/\/www.accuratereviews.com\/it\/software-formazione-online\/teachable-recensione\/#primaryimage"},"thumbnailUrl":"https:\/\/www.accuratereviews.com\/wp-content\/uploads\/2020\/07\/teachable.jpg","datePublished":"2020-07-20T14:53:10+00:00","description":"Teachable: recensione della soluzione di gestione dell'apprendimento basata su cloud utilizzata da piccole e medie imprese di qualsiasi settore.","breadcrumb":{"@id":"https:\/\/www.accuratereviews.com\/it\/software-formazione-online\/teachable-recensione\/#breadcrumb"},"inLanguage":"it-IT","potentialAction":[{"@type":"ReadAction","target":["https:\/\/www.accuratereviews.com\/it\/software-formazione-online\/teachable-recensione\/"]}]},{"@type":"ImageObject","inLanguage":"it-IT","@id":"https:\/\/www.accuratereviews.com\/it\/software-formazione-online\/teachable-recensione\/#primaryimage","url":"https:\/\/www.accuratereviews.com\/wp-content\/uploads\/2020\/07\/teachable.jpg","contentUrl":"https:\/\/www.accuratereviews.com\/wp-content\/uploads\/2020\/07\/teachable.jpg","width":574,"height":278},{"@type":"BreadcrumbList","@id":"https:\/\/www.accuratereviews.com\/it\/software-formazione-online\/teachable-recensione\/#breadcrumb","itemListElement":[{"@type":"ListItem","position":1,"name":"Home","item":"https:\/\/www.accuratereviews.com\/it\/"},{"@type":"ListItem","position":2,"name":"Software formazione online","item":"https:\/\/www.accuratereviews.com\/it\/software-formazione-online\/"},{"@type":"ListItem","position":3,"name":"Teachable"}]},{"@type":"WebSite","@id":"https:\/\/www.accuratereviews.com\/it\/#website","url":"https:\/\/www.accuratereviews.com\/it\/","name":"Accurate Reviews","description":"","potentialAction":[{"@type":"SearchAction","target":{"@type":"EntryPoint","urlTemplate":"https:\/\/www.accuratereviews.com\/it\/?s={search_term_string}"},"query-input":{"@type":"PropertyValueSpecification","valueRequired":true,"valueName":"search_term_string"}}],"inLanguage":"it-IT"}]}},"_links":{"self":[{"href":"https:\/\/www.accuratereviews.com\/it\/wp-json\/wp\/v2\/pages\/28688","targetHints":{"allow":["GET"]}}],"collection":[{"href":"https:\/\/www.accuratereviews.com\/it\/wp-json\/wp\/v2\/pages"}],"about":[{"href":"https:\/\/www.accuratereviews.com\/it\/wp-json\/wp\/v2\/types\/page"}],"author":[{"embeddable":true,"href":"https:\/\/www.accuratereviews.com\/it\/wp-json\/wp\/v2\/users\/19"}],"replies":[{"embeddable":true,"href":"https:\/\/www.accuratereviews.com\/it\/wp-json\/wp\/v2\/comments?post=28688"}],"version-history":[{"count":3,"href":"https:\/\/www.accuratereviews.com\/it\/wp-json\/wp\/v2\/pages\/28688\/revisions"}],"predecessor-version":[{"id":28695,"href":"https:\/\/www.accuratereviews.com\/it\/wp-json\/wp\/v2\/pages\/28688\/revisions\/28695"}],"up":[{"embeddable":true,"href":"https:\/\/www.accuratereviews.com\/it\/wp-json\/wp\/v2\/pages\/28265"}],"wp:featuredmedia":[{"embeddable":true,"href":"https:\/\/www.accuratereviews.com\/it\/wp-json\/wp\/v2\/media\/28689"}],"wp:attachment":[{"href":"https:\/\/www.accuratereviews.com\/it\/wp-json\/wp\/v2\/media?parent=28688"}],"wp:term":[{"taxonomy":"category","embeddable":true,"href":"https:\/\/www.accuratereviews.com\/it\/wp-json\/wp\/v2\/categories?post=28688"},{"taxonomy":"post_tag","embeddable":true,"href":"https:\/\/www.accuratereviews.com\/it\/wp-json\/wp\/v2\/tags?post=28688"},{"taxonomy":"features","embeddable":true,"href":"https:\/\/www.accuratereviews.com\/it\/wp-json\/wp\/v2\/features?post=28688"}],"curies":[{"name":"wp","href":"https:\/\/api.w.org\/{rel}","templated":true}]}}