{"id":28699,"date":"2020-07-21T11:16:09","date_gmt":"2020-07-21T11:16:09","guid":{"rendered":"https:\/\/www.accuratereviews.com\/?page_id=28699"},"modified":"2020-11-04T10:18:15","modified_gmt":"2020-11-04T10:18:15","slug":"ispring-learn-recensione","status":"publish","type":"page","link":"https:\/\/www.accuratereviews.com\/it\/software-formazione-online\/ispring-learn-recensione\/","title":{"rendered":"iSpring Learn"},"content":{"rendered":"<p><strong>iSpring Learn<\/strong> \u00e8 un <strong>sistema di gestione dell&#8217;apprendimento<\/strong> (LMS) semplice e intuitivo che ti consente di accedere ai tuoi contenuti di e-learning in un&#8217;interfaccia molto familiare e pulita. La soluzione ti permette di accedere ai tuoi contenuti dove e quando vuoi tramite tablet o smartphone. L&#8217;organizzazione dei tuoi contenuti \u00e8 semplicissima, grazie all&#8217;interfaccia intuitiva e logica basata su cartelle per organizzare i tuoi video di e-learning. Per migliorare ulteriormente l&#8217;esperienza e l&#8217;organizzazione degli utenti, \u00e8 possibile etichettare e classificare i propri utenti in gruppi e impostare le autorizzazioni di accesso e ottenere report pi\u00f9 chiari. Inoltre, il software \u00e8 cos\u00ec facile da usare che gli utenti non dovranno possedere competenze tecniche avanzate per caricare contenuti e creare percorsi di apprendimento. <strong>iSpring Learn<\/strong>\u00a0si integra completamente con gli strumenti PayPal, Authorize.Net e WordPress.<\/p>\n<h2>ISPRING LEARN &#8211; TUTORIAL<\/h2>\n<p>Con questo video guardiamo come costruire un progetto su questo <strong>software per la formazione online<\/strong> e come ottenere tutti i vantaggi di lavorare in collaborazione:<\/p>\n<div id=\"fluid-wrapper-counter-1\" class=\"g1-fluid-wrapper \" style=\"width:686px;\">\n<div style=\"padding-bottom:56.268221574344%;\"><iframe loading=\"lazy\" title=\"How to Work with Projects\" width=\"686\" height=\"386\" src=\"https:\/\/www.youtube.com\/embed\/Qa052N2j_Co?feature=oembed&amp;wmode=transparent&amp;autohide=1&amp;autoplay=0&amp;disablekb=0&amp;fs=1&amp;loop=0&amp;enablejsapi=1&amp;rel=0&amp;controls=2&amp;showinfo=0&amp;wmode=transparent&amp;autohide=2&amp;autoplay=0&amp;disablekb=0&amp;fs=1&amp;loop=0&amp;enablejsapi=1&amp;rel=0&amp;controls=2&amp;showinfo=1\" frameborder=\"0\" allow=\"accelerometer; autoplay; clipboard-write; encrypted-media; gyroscope; picture-in-picture\" allowfullscreen><\/iframe><\/div>\n<\/div>\n<h3>ISPRING LEARN &#8211; CARATTERISTICHE<\/h3>\n<div class=\"col_md_4\">\n<div class=\"gray_background_wrapper columns_of_equal_height\">\n<div class=\"title_highlight_min_bottom_left_green_wrapper \">\n<ul>\n<li class=\"text-left h4\"><strong>Strumento di authoring completamente integrato<\/strong>: crea in modo veloce e con pochi clic corsi eLearning, quiz, videolezioni e simulazioni.<\/li>\n<li class=\"text-left h4\"><strong>Spazio di archiviazione illimitato<\/strong>: utilizza lo spazio che vuoi e carica contenuti illimitati.<\/li>\n<li class=\"text-left h4\"><strong>Percorsi di formazione<\/strong>: ti permetto di gestire\u00a0un percorso di formazione personalizzato per ciascun dipartimento e tracciare i progressi dei dipendenti mentre acquisiscono nuove competenze.<\/li>\n<li class=\"text-left h4\"><strong>Webinar<\/strong>:\u00a0in tempo reale puoi formare i tuoi \u00a0dipendenti di diversi dipartimenti, contemporaneamente. Chi salta la lezione potr\u00e0 usare la registrazione per recuperare.<\/li>\n<li class=\"text-left h4\"><strong>Calendario degli eventi<\/strong>:\u00a0pianifica e gestisci live training, workshop e webinar in una schermata unica della soluzione. Tutte le tue attivit\u00e0 sono ben organizzate in un unico posto<\/li>\n<li class=\"text-left h4\"><strong>Gamification<\/strong>: aggiungi degli elementi di gioco al tuo training per coinvolgere gli studenti e dare loro la motivazione giusta. Crea punteggi e badge quando gli studenti completano i compiti e incoraggiali a ottenere di pi\u00f9 con il sistema di rating.<\/li>\n<li class=\"text-left h4\"><strong>Gestione utenti semplificata<\/strong>: crea\u00a0un account temporaneo per un dipendente che segue un corso di formazione oppure creare su due piedi un gruppo di studio inviando un link di registrazione ai membri.<\/li>\n<li class=\"text-left h4\"><strong>White-labeling<\/strong>: personalizza il software con il tuo\u00a0stile aziendale. Puoi cambiare colori, logo e URL con pochi clic sulla dashboard.<\/li>\n<li class=\"text-left h4\"><strong>Reporting avanzato<\/strong>: la soluzione\u00a0ti permette di monitorare il processo di apprendimento di ogni singolo membro e analizzare l&#8217;efficacia della tua strategia di formazione.<\/li>\n<li class=\"text-left h4\"><strong>Valutazione online<\/strong>:\u00a0testa in poco tempo le conoscenze degli studenti con quiz interattivi e sondaggi.<\/li>\n<li class=\"text-left h4\"><strong>Certificati<\/strong>: imposta i certificati che gli utenti riceveranno dopo aver completato un corso o superato un quiz.<\/li>\n<\/ul>\n<h4>LE RECENSIONI DEGLI UTENTI<\/h4>\n<h4 class=\"font-weight-bold my-1 d-flex align-items-center\">Russell D.&#8221;Configurazione iniziale e funzionalit\u00e0 di ispring Learn e iSpring suite&#8221;<\/h4>\n<p><strong>Commenti: <\/strong>In questi tempi attuali di isolamento, la formazione basata sul web \u00e8 in prima linea. Sto ancora imparando il pacchetto e so se ho bisogno di assistenza, \u00e8 l\u00ec per me.<\/p>\n<p><strong>Vantaggi: <\/strong>Tutto il materiale di formazione dal Giappone \u00e8 in formato power point. Ispring suit si integra perfettamente con i miei software.<\/p>\n<p><strong>Inconvenienti: <\/strong>Le note di aiuto non affrontano sempre &#8220;How to&#8221; Finora ho avuto due problemi principali ed \u00e8 stato risolto dall&#8217;help desk. Come insegnante mi piace lavorare da solo, ma in entrambi i casi ho colpito un muro di mattoni. Entrambi i problemi sono stati facilmente corretti quando \u00e8 stata evidenziata la soluzione.<\/p>\n<h4 class=\"font-weight-bold my-1 d-flex align-items-center\">Kate S.&#8221;Facile da usare&#8221;<\/h4>\n<p><strong>Commenti: <\/strong>La mia esperienza complessiva \u00e8 stata molto positiva. Il processo di caricamento e assegnazione della formazione \u00e8 molto semplice e la raccolta di rapporti \u00e8 migliorata con gli aggiornamenti recenti.<\/p>\n<p><strong>Vantaggi: <\/strong>Questo LMS \u00e8 cos\u00ec facile da usare. Caricare la formazione e distribuire ai dipendenti \u00e8 un processo continuo. I rapporti sono stati recentemente aggiornati per fornire ulteriori dettagli sul completamento del corso degli studenti.<\/p>\n<p><strong>Inconvenienti: <\/strong>Non c&#8217;\u00e8 niente che non mi piace di questo software.<\/p>\n<div class=\"ml-4 pl-4 border-left border-left__dotted i18n-translation_vendor_container\" data-translation-id=\"2157098\" data-translation-vendor-target=\"original\">\n<div class=\"d-flex flex-wrap flex-md-nowrap align-items-center\">\n<h4 class=\"font-weight-bold my-1 d-flex align-items-center\">Jo\u00e3o R.&#8221;iSpring Learn | Migliora notevolmente la qualit\u00e0 del modo di lavorare&#8221;<\/h4>\n<p><strong>Commenti: <\/strong>iSpring Learn \u00e8 stata una delle mie migliori esperienze con servizi di questo tipo e tutto ci\u00f2 che \u00e8 incluso qui \u00e8 la migliore esperienza possibile che puoi avere se sei nel mercato per migliorare la tua azienda.<\/p>\n<p><strong>Vantaggi: <\/strong>iSpring Learn \u00e8 l&#8217;ideale per convincere i nuovi dipendenti o anche quelli pi\u00f9 anziani a conoscere le sfumature di qualsiasi attivit\u00e0 che offra strumenti che ti consentano di utilizzare corsi personalizzati e immense forme di formazione, dal reparto vendite e comunicazione al lavoro con nuovi prodotti e strumenti. \u00c8 davvero un ottimo servizio se hai bisogno di qualcosa che ti permetta di migliorare la conoscenza e la capacit\u00e0 del tuo lavoratore di svolgere un lavoro migliore.<\/p>\n<p><strong>Inconvenienti: <\/strong>Non c&#8217;\u00e8 nulla da non apprezzare qui, la formazione \u00e8 facile e intuitiva ed \u00e8 presentata in modo pulito e metodico per essere sempre a portata di mano delle informazioni e dei dati di cui hai bisogno.<\/p>\n<\/div>\n<\/div>\n<\/div>\n<\/div>\n<\/div>\n","protected":false},"excerpt":{"rendered":"<p>iSpring Learn \u00e8 un sistema di gestione dell&#8217;apprendimento (LMS) semplice e intuitivo che ti consente di accedere ai tuoi contenuti di e-learning in un&#8217;interfaccia molto familiare e pulita. La soluzione ti permette di accedere ai tuoi contenuti dove e quando vuoi tramite tablet o smartphone.\u00a0L&#8217;organizzazione dei tuoi contenuti \u00e8 semplicissima, grazie all&#8217;interfaccia semplice e logica basata su cartelle per organizzare i tuoi video di e-learning.<\/p>\n","protected":false},"author":19,"featured_media":28700,"parent":28265,"menu_order":0,"comment_status":"open","ping_status":"closed","template":"g1_template_page_review_new.php","meta":{"_acf_changed":false,"cwp_meta_box_check":"Yes","cwp_rev_product_name":"","cwp_rev_product_image":"","wppr_links":[],"cwp_rev_price":"","wppr_options":[],"wppr_pros":[],"wppr_cons":[],"_monsterinsights_skip_tracking":false,"_monsterinsights_sitenote_active":false,"_monsterinsights_sitenote_note":"","_monsterinsights_sitenote_category":0,"footnotes":""},"categories":[3163],"tags":[3282,3261,3167,3260,3166,3254,3164,3253,3165],"features":[],"class_list":{"0":"post-28699","1":"page","2":"type-page","3":"status-publish","4":"has-post-thumbnail","6":"category-software-formazione-online","7":"tag-ispring-learn","8":"tag-piattaforma-apprendimento-online","9":"tag-piattaforma-formazione-online","10":"tag-programma-apprendimento-online","11":"tag-programma-formazione-online","12":"tag-software-apprendimento-online","13":"tag-software-formazione-online","14":"tag-soluzione-apprendimento-online","15":"tag-soluzione-formazione-online"},"wppr_data":{"cwp_meta_box_check":"Yes","cwp_rev_product_name":"","cwp_rev_product_image":"","cwp_image_link":"image","cwp_rev_price":"","wppr_rating":"0.00"},"acf":[],"yoast_head":"<!-- This site is optimized with the Yoast SEO plugin v27.4 - https:\/\/yoast.com\/product\/yoast-seo-wordpress\/ -->\n<title>iSpring Learn: recensione software formazione online - Accurate Reviews<\/title>\n<meta name=\"description\" content=\"iSpring Learn: recensione sistema di gestione dell&#039;apprendimento semplice e intuitivo che ti consente di accedere ai contenuti con un&#039;interfaccia familiare.\" \/>\n<meta name=\"robots\" content=\"index, follow, max-snippet:-1, max-image-preview:large, max-video-preview:-1\" \/>\n<link rel=\"canonical\" href=\"https:\/\/www.accuratereviews.com\/it\/software-formazione-online\/ispring-learn-recensione\/\" \/>\n<meta property=\"og:locale\" content=\"it_IT\" \/>\n<meta property=\"og:type\" content=\"article\" \/>\n<meta property=\"og:title\" content=\"iSpring Learn: recensione software formazione online - Accurate Reviews\" \/>\n<meta property=\"og:description\" content=\"iSpring Learn: recensione sistema di gestione dell&#039;apprendimento semplice e intuitivo che ti consente di accedere ai contenuti con un&#039;interfaccia familiare.\" \/>\n<meta property=\"og:url\" content=\"https:\/\/www.accuratereviews.com\/it\/software-formazione-online\/ispring-learn-recensione\/\" \/>\n<meta property=\"og:site_name\" content=\"Accurate Reviews\" \/>\n<meta property=\"article:modified_time\" content=\"2020-11-04T10:18:15+00:00\" \/>\n<meta property=\"og:image\" content=\"https:\/\/www.accuratereviews.com\/wp-content\/uploads\/2020\/07\/iSpring-Learn.jpg\" \/>\n\t<meta property=\"og:image:width\" content=\"240\" \/>\n\t<meta property=\"og:image:height\" content=\"240\" \/>\n\t<meta property=\"og:image:type\" content=\"image\/jpeg\" \/>\n<meta name=\"twitter:card\" content=\"summary_large_image\" \/>\n<meta name=\"twitter:label1\" content=\"Tempo di lettura stimato\" \/>\n\t<meta name=\"twitter:data1\" content=\"4 minuti\" \/>\n<script type=\"application\/ld+json\" class=\"yoast-schema-graph\">{\"@context\":\"https:\\\/\\\/schema.org\",\"@graph\":[{\"@type\":\"WebPage\",\"@id\":\"https:\\\/\\\/www.accuratereviews.com\\\/it\\\/software-formazione-online\\\/ispring-learn-recensione\\\/\",\"url\":\"https:\\\/\\\/www.accuratereviews.com\\\/it\\\/software-formazione-online\\\/ispring-learn-recensione\\\/\",\"name\":\"iSpring Learn: recensione software formazione online - Accurate Reviews\",\"isPartOf\":{\"@id\":\"https:\\\/\\\/www.accuratereviews.com\\\/it\\\/#website\"},\"primaryImageOfPage\":{\"@id\":\"https:\\\/\\\/www.accuratereviews.com\\\/it\\\/software-formazione-online\\\/ispring-learn-recensione\\\/#primaryimage\"},\"image\":{\"@id\":\"https:\\\/\\\/www.accuratereviews.com\\\/it\\\/software-formazione-online\\\/ispring-learn-recensione\\\/#primaryimage\"},\"thumbnailUrl\":\"https:\\\/\\\/www.accuratereviews.com\\\/wp-content\\\/uploads\\\/2020\\\/07\\\/iSpring-Learn.jpg\",\"datePublished\":\"2020-07-21T11:16:09+00:00\",\"dateModified\":\"2020-11-04T10:18:15+00:00\",\"description\":\"iSpring Learn: recensione sistema di gestione dell'apprendimento semplice e intuitivo che ti consente di accedere ai contenuti con un'interfaccia familiare.\",\"breadcrumb\":{\"@id\":\"https:\\\/\\\/www.accuratereviews.com\\\/it\\\/software-formazione-online\\\/ispring-learn-recensione\\\/#breadcrumb\"},\"inLanguage\":\"it-IT\",\"potentialAction\":[{\"@type\":\"ReadAction\",\"target\":[\"https:\\\/\\\/www.accuratereviews.com\\\/it\\\/software-formazione-online\\\/ispring-learn-recensione\\\/\"]}]},{\"@type\":\"ImageObject\",\"inLanguage\":\"it-IT\",\"@id\":\"https:\\\/\\\/www.accuratereviews.com\\\/it\\\/software-formazione-online\\\/ispring-learn-recensione\\\/#primaryimage\",\"url\":\"https:\\\/\\\/www.accuratereviews.com\\\/wp-content\\\/uploads\\\/2020\\\/07\\\/iSpring-Learn.jpg\",\"contentUrl\":\"https:\\\/\\\/www.accuratereviews.com\\\/wp-content\\\/uploads\\\/2020\\\/07\\\/iSpring-Learn.jpg\",\"width\":240,\"height\":240},{\"@type\":\"BreadcrumbList\",\"@id\":\"https:\\\/\\\/www.accuratereviews.com\\\/it\\\/software-formazione-online\\\/ispring-learn-recensione\\\/#breadcrumb\",\"itemListElement\":[{\"@type\":\"ListItem\",\"position\":1,\"name\":\"Home\",\"item\":\"https:\\\/\\\/www.accuratereviews.com\\\/it\\\/\"},{\"@type\":\"ListItem\",\"position\":2,\"name\":\"Software formazione online\",\"item\":\"https:\\\/\\\/www.accuratereviews.com\\\/it\\\/software-formazione-online\\\/\"},{\"@type\":\"ListItem\",\"position\":3,\"name\":\"iSpring Learn\"}]},{\"@type\":\"WebSite\",\"@id\":\"https:\\\/\\\/www.accuratereviews.com\\\/it\\\/#website\",\"url\":\"https:\\\/\\\/www.accuratereviews.com\\\/it\\\/\",\"name\":\"Accurate Reviews\",\"description\":\"\",\"potentialAction\":[{\"@type\":\"SearchAction\",\"target\":{\"@type\":\"EntryPoint\",\"urlTemplate\":\"https:\\\/\\\/www.accuratereviews.com\\\/it\\\/?s={search_term_string}\"},\"query-input\":{\"@type\":\"PropertyValueSpecification\",\"valueRequired\":true,\"valueName\":\"search_term_string\"}}],\"inLanguage\":\"it-IT\"}]}<\/script>\n<!-- \/ Yoast SEO plugin. -->","yoast_head_json":{"title":"iSpring Learn: recensione software formazione online - Accurate Reviews","description":"iSpring Learn: recensione sistema di gestione dell'apprendimento semplice e intuitivo che ti consente di accedere ai contenuti con un'interfaccia familiare.","robots":{"index":"index","follow":"follow","max-snippet":"max-snippet:-1","max-image-preview":"max-image-preview:large","max-video-preview":"max-video-preview:-1"},"canonical":"https:\/\/www.accuratereviews.com\/it\/software-formazione-online\/ispring-learn-recensione\/","og_locale":"it_IT","og_type":"article","og_title":"iSpring Learn: recensione software formazione online - Accurate Reviews","og_description":"iSpring Learn: recensione sistema di gestione dell'apprendimento semplice e intuitivo che ti consente di accedere ai contenuti con un'interfaccia familiare.","og_url":"https:\/\/www.accuratereviews.com\/it\/software-formazione-online\/ispring-learn-recensione\/","og_site_name":"Accurate Reviews","article_modified_time":"2020-11-04T10:18:15+00:00","og_image":[{"width":240,"height":240,"url":"https:\/\/www.accuratereviews.com\/wp-content\/uploads\/2020\/07\/iSpring-Learn.jpg","type":"image\/jpeg"}],"twitter_card":"summary_large_image","twitter_misc":{"Tempo di lettura stimato":"4 minuti"},"schema":{"@context":"https:\/\/schema.org","@graph":[{"@type":"WebPage","@id":"https:\/\/www.accuratereviews.com\/it\/software-formazione-online\/ispring-learn-recensione\/","url":"https:\/\/www.accuratereviews.com\/it\/software-formazione-online\/ispring-learn-recensione\/","name":"iSpring Learn: recensione software formazione online - Accurate Reviews","isPartOf":{"@id":"https:\/\/www.accuratereviews.com\/it\/#website"},"primaryImageOfPage":{"@id":"https:\/\/www.accuratereviews.com\/it\/software-formazione-online\/ispring-learn-recensione\/#primaryimage"},"image":{"@id":"https:\/\/www.accuratereviews.com\/it\/software-formazione-online\/ispring-learn-recensione\/#primaryimage"},"thumbnailUrl":"https:\/\/www.accuratereviews.com\/wp-content\/uploads\/2020\/07\/iSpring-Learn.jpg","datePublished":"2020-07-21T11:16:09+00:00","dateModified":"2020-11-04T10:18:15+00:00","description":"iSpring Learn: recensione sistema di gestione dell'apprendimento semplice e intuitivo che ti consente di accedere ai contenuti con un'interfaccia familiare.","breadcrumb":{"@id":"https:\/\/www.accuratereviews.com\/it\/software-formazione-online\/ispring-learn-recensione\/#breadcrumb"},"inLanguage":"it-IT","potentialAction":[{"@type":"ReadAction","target":["https:\/\/www.accuratereviews.com\/it\/software-formazione-online\/ispring-learn-recensione\/"]}]},{"@type":"ImageObject","inLanguage":"it-IT","@id":"https:\/\/www.accuratereviews.com\/it\/software-formazione-online\/ispring-learn-recensione\/#primaryimage","url":"https:\/\/www.accuratereviews.com\/wp-content\/uploads\/2020\/07\/iSpring-Learn.jpg","contentUrl":"https:\/\/www.accuratereviews.com\/wp-content\/uploads\/2020\/07\/iSpring-Learn.jpg","width":240,"height":240},{"@type":"BreadcrumbList","@id":"https:\/\/www.accuratereviews.com\/it\/software-formazione-online\/ispring-learn-recensione\/#breadcrumb","itemListElement":[{"@type":"ListItem","position":1,"name":"Home","item":"https:\/\/www.accuratereviews.com\/it\/"},{"@type":"ListItem","position":2,"name":"Software formazione online","item":"https:\/\/www.accuratereviews.com\/it\/software-formazione-online\/"},{"@type":"ListItem","position":3,"name":"iSpring Learn"}]},{"@type":"WebSite","@id":"https:\/\/www.accuratereviews.com\/it\/#website","url":"https:\/\/www.accuratereviews.com\/it\/","name":"Accurate Reviews","description":"","potentialAction":[{"@type":"SearchAction","target":{"@type":"EntryPoint","urlTemplate":"https:\/\/www.accuratereviews.com\/it\/?s={search_term_string}"},"query-input":{"@type":"PropertyValueSpecification","valueRequired":true,"valueName":"search_term_string"}}],"inLanguage":"it-IT"}]}},"_links":{"self":[{"href":"https:\/\/www.accuratereviews.com\/it\/wp-json\/wp\/v2\/pages\/28699","targetHints":{"allow":["GET"]}}],"collection":[{"href":"https:\/\/www.accuratereviews.com\/it\/wp-json\/wp\/v2\/pages"}],"about":[{"href":"https:\/\/www.accuratereviews.com\/it\/wp-json\/wp\/v2\/types\/page"}],"author":[{"embeddable":true,"href":"https:\/\/www.accuratereviews.com\/it\/wp-json\/wp\/v2\/users\/19"}],"replies":[{"embeddable":true,"href":"https:\/\/www.accuratereviews.com\/it\/wp-json\/wp\/v2\/comments?post=28699"}],"version-history":[{"count":11,"href":"https:\/\/www.accuratereviews.com\/it\/wp-json\/wp\/v2\/pages\/28699\/revisions"}],"predecessor-version":[{"id":31819,"href":"https:\/\/www.accuratereviews.com\/it\/wp-json\/wp\/v2\/pages\/28699\/revisions\/31819"}],"up":[{"embeddable":true,"href":"https:\/\/www.accuratereviews.com\/it\/wp-json\/wp\/v2\/pages\/28265"}],"wp:featuredmedia":[{"embeddable":true,"href":"https:\/\/www.accuratereviews.com\/it\/wp-json\/wp\/v2\/media\/28700"}],"wp:attachment":[{"href":"https:\/\/www.accuratereviews.com\/it\/wp-json\/wp\/v2\/media?parent=28699"}],"wp:term":[{"taxonomy":"category","embeddable":true,"href":"https:\/\/www.accuratereviews.com\/it\/wp-json\/wp\/v2\/categories?post=28699"},{"taxonomy":"post_tag","embeddable":true,"href":"https:\/\/www.accuratereviews.com\/it\/wp-json\/wp\/v2\/tags?post=28699"},{"taxonomy":"features","embeddable":true,"href":"https:\/\/www.accuratereviews.com\/it\/wp-json\/wp\/v2\/features?post=28699"}],"curies":[{"name":"wp","href":"https:\/\/api.w.org\/{rel}","templated":true}]}}