{"id":28711,"date":"2020-07-21T11:13:32","date_gmt":"2020-07-21T11:13:32","guid":{"rendered":"https:\/\/www.accuratereviews.com\/?page_id=28711"},"modified":"2020-07-21T11:13:32","modified_gmt":"2020-07-21T11:13:32","slug":"360learning-recensione","status":"publish","type":"page","link":"https:\/\/www.accuratereviews.com\/it\/software-formazione-online\/360learning-recensione\/","title":{"rendered":"360Learning"},"content":{"rendered":"<p><strong>360Learning<\/strong> \u00e8 un <strong>sistema di gestione dell&#8217;apprendimento<\/strong> basato su <strong>cloud<\/strong>, adatto a organizzazioni di ogni dimensione in qualsiasi settore. \u00c8 stato sviluppato con strumenti di monitoraggio dell&#8217;amministratore, tracciamento e report dei tirocinanti, contenuto del corso personalizzabile e avvisi automatici. La soluzione offre 7 tipi di domande integrate e un&#8217;API aperta per consentire agli utenti di creare tipi di domande personalizzate. Gli amministratori riceveranno avvisi quando le domande sono completate e i tirocinanti verranno avvisati quando si apportano correzioni. I modelli di correzione aiutano i formatori a correggere pi\u00f9 risposte in formato libero e personalizzare i commenti. Gli utenti possono caricare documenti in formato <strong>Word, PowerPoint e PDF o da Youtube, Prezi e Slideshare<\/strong>. I certificati personalizzabili hanno numeri di identificazione per l&#8217;autenticazione. Gli amministratori possono tenere traccia dell&#8217;attivit\u00e0 del trainer per vedere quali stanno contribuendo maggiormente ai loro corsi.<\/p>\n<h2>360 LEARNING &#8211; TUTORIAL<\/h2>\n<p>Ecco un tutorial che illustra come creare un percorso di formazione usando questo <strong>software d&#8217;apprendimento<\/strong>:<\/p>\n<div id=\"fluid-wrapper-counter-1\" class=\"g1-fluid-wrapper \" style=\"width:686px;\">\n<div style=\"padding-bottom:56.268221574344%;\"><iframe loading=\"lazy\" title=\"Cr\u00e9er un parcours de formation avec le LMS 360 Learning\" width=\"686\" height=\"386\" src=\"https:\/\/www.youtube.com\/embed\/S6e6Ss-85ks?feature=oembed&amp;wmode=transparent&amp;autohide=1&amp;autoplay=0&amp;disablekb=0&amp;fs=1&amp;loop=0&amp;enablejsapi=1&amp;rel=0&amp;controls=2&amp;showinfo=0&amp;wmode=transparent&amp;autohide=2&amp;autoplay=0&amp;disablekb=0&amp;fs=1&amp;loop=0&amp;enablejsapi=1&amp;rel=0&amp;controls=2&amp;showinfo=1\" frameborder=\"0\" allow=\"accelerometer; autoplay; encrypted-media; gyroscope; picture-in-picture\" allowfullscreen><\/iframe><\/div>\n<\/div>\n<h3>360 LEARNING &#8211; CARATTERISTICHE<\/h3>\n<ul>\n<li><strong>Comprendi le esigenze del tuo team<\/strong>: analizza le\u00a0esigenze di apprendimento di ogni membro del team per identificare le maggiori lacune di conoscenza.<\/li>\n<li><strong>Abbina gli esperti alle esigenze:<\/strong> collegare esigenze di apprendimento con esperti interni per facilitare l&#8217;apprendimento.<\/li>\n<li><strong>Semplifica la condivisione delle conoscenze<\/strong>:\u00a0strumento di creazione e forum che ogni membro del team pu\u00f2 condividere rapidamente.<\/li>\n<li><strong>Assicurati che i corsi siano efficaci<\/strong>: sfrutta valutazioni tra pari e concorsi per valutare quanto sia chiaro il contenuto del corso.<\/li>\n<li><strong>Promuovi l&#8217;allenamento con i dati<\/strong>:\u00a0Crunch feedback e dati di valutazione per tenere traccia di quali corsi funzionano e quali corsi hanno bisogno di modifiche.<\/li>\n<li><strong>Monitora i progressi della tua squadra<\/strong>: misura se i dipendenti stanno imparando e vedi come puoi aiutarli a crescere.<\/li>\n<li><strong>Dimostra che l&#8217;apprendimento stimola la crescita<\/strong>:\u00a0calcola l&#8217;impatto dell&#8217;apprendimento sulla tua azienda integrando l&#8217;analisi dell&#8217;apprendimento in Salesforce e nel tuo sistema HR.<\/li>\n<\/ul>\n<h4>LE RECENSIONI DEGLI UTENTI<\/h4>\n<h4 class=\"font-weight-bold my-1 d-flex align-items-center\">Valerie C.&#8221;Consenti ai tuoi migliori talenti di preservare e condividere le migliori pratiche&#8221;<\/h4>\n<p><strong>Commenti: <\/strong>Il team di 360Learning \u00e8 stato eccezionale con cui lavorare e molto utile durante tutto il processo di implementazione. Forniscono vari canali per ottenere supporto, oltre alle funzionalit\u00e0 gi\u00e0 intuitive.<\/p>\n<p><strong>Vantaggi: <\/strong>360Learning consente ai dipendenti di migliorare le competenze dell&#8217;organizzazione condividendo le loro competenze. Lo strumento di creazione \u00e8 molto intuitivo. Con una formazione minima su come rendere i contenuti validi, chiunque pu\u00f2 creare corsi coinvolgenti per gli studenti. Le caratteristiche social sono anche un aspetto importante; introdurre nuove tecnologie \u00e8 di per s\u00e9 una sfida, ma la capacit\u00e0 degli studenti di discutere tra loro e interagire con l&#8217;istruttore del contenuto rende l&#8217;esperienza unica con la formazione di persona a cui sono abituati.<\/p>\n<p><strong>Inconvenienti: <\/strong>Ci sono alcune funzioni nella piattaforma che possono usare il lavoro, come la funzione di apprendimento misto. Tuttavia, dalla mia esperienza, 360Learning ha dimostrato il suo impegno a migliorare continuamente la piattaforma con aggiornamenti frequenti e pronta risposta al feedback degli utenti. Le funzionalit\u00e0 che trovo potrebbero essere migliorate non sono essenziali per il mio utilizzo del software, ma spero di essere affrontato presto.<\/p>\n<h4 class=\"font-weight-bold my-1 d-flex align-items-center\">Shana B.&#8221;Utente LMS per la prima volta&#8221;<\/h4>\n<p><strong>Commenti: <\/strong>Il personale \u00e8 molto utile Dopo aver appeso la piattaforma, \u00e8 possibile creare contenuti in modo relativamente rapido. Alcune parti della piattaforma non sono intuitive. Mi ritrovo a dover &#8220;cliccare in giro&#8221; per capire cosa fare.<\/p>\n<p><strong>Vantaggi: <\/strong>Possibilit\u00e0 di creare rapidamente contenuti e collegarsi ad altre piattaforme di contenuti (ad esempio YouTube).<br \/>\nQuesto \u00e8 il primo LMS che abbia mai usato. \u00c8 relativamente intuitivo, tuttavia non ho nulla con cui confrontarlo.<\/p>\n<p><strong>Inconvenienti: <\/strong>Incapacit\u00e0 di connettersi rapidamente a qualcuno per ottenere aiuto. Il nostro contratto \u00e8 impostato in modo tale che dobbiamo inviare una richiesta di aiuto. Questa operazione potrebbe richiedere fino a 24 ore per una risposta, sebbene in genere sia inferiore a 6 ore.<\/p>\n<h4 class=\"font-weight-bold my-1 d-flex align-items-center\">Jaya K.&#8221;Strumento interessante da utilizzare per l&#8217;apprendimento e lo sviluppo&#8221;<\/h4>\n<p><strong>Commenti: <\/strong>\u00c8 stato bello, e la formazione per diventare anche Admin \u00e8 stata molto chiara e si \u00e8 quasi conclusa in soli 2 incontri, e partecipare ad alcune sessioni, \u00e8 cos\u00ec veloce e facile da capire.<\/p>\n<p><strong>Vantaggi: <\/strong>Come studente, puoi utilizzare lo strumento per migliorare le tue conoscenze ovunque e in qualsiasi momento e ogni modulo \u00e8 molto breve e interattivo<\/p>\n<p><strong>Inconvenienti: <\/strong>Come amministratore, non mi piace l&#8217;opzione per fare una copia duplicata e quindi anche i contenuti devono essere copiati se devo apportare ulteriori modifiche. Piuttosto deve essere un modulo indipendente separato quando lo duplicate per la prima volta stesso. In questo modo, nel caso in cui la persona che ha copiato abbia dimenticato di apportare le modifiche al contenuto senza copiare non influir\u00e0 sul modulo principale principale.<\/p>\n<p>&nbsp;<\/p>\n","protected":false},"excerpt":{"rendered":"<p>360Learning \u00e8 un sistema di gestione dell&#8217;apprendimento basato su cloud adatto a organizzazioni di ogni dimensione in qualsiasi settore. Sviluppato con strumenti di monitoraggio dell&#8217;amministratore, tracciamento e report dei tirocinanti, contenuto del corso personalizzabile e avvisi automatici.<\/p>\n","protected":false},"author":19,"featured_media":28713,"parent":28265,"menu_order":0,"comment_status":"open","ping_status":"closed","template":"g1_template_page_review_new.php","meta":{"_acf_changed":false,"cwp_meta_box_check":"Yes","cwp_rev_product_name":"","cwp_rev_product_image":"","wppr_links":[],"cwp_rev_price":"","wppr_options":[],"wppr_pros":[],"wppr_cons":[],"_monsterinsights_skip_tracking":false,"_monsterinsights_sitenote_active":false,"_monsterinsights_sitenote_note":"","_monsterinsights_sitenote_category":0,"footnotes":""},"categories":[3163],"tags":[3283,396,3261,3167,3260,3166,3254,3164,3253,3165],"features":[],"class_list":{"0":"post-28711","1":"page","2":"type-page","3":"status-publish","4":"has-post-thumbnail","6":"category-software-formazione-online","7":"tag-360learning","8":"tag-cloud","9":"tag-piattaforma-apprendimento-online","10":"tag-piattaforma-formazione-online","11":"tag-programma-apprendimento-online","12":"tag-programma-formazione-online","13":"tag-software-apprendimento-online","14":"tag-software-formazione-online","15":"tag-soluzione-apprendimento-online","16":"tag-soluzione-formazione-online"},"wppr_data":{"cwp_meta_box_check":"Yes","cwp_rev_product_name":"","cwp_rev_product_image":"","cwp_image_link":"image","cwp_rev_price":"","wppr_rating":"0.00"},"acf":[],"yoast_head":"<!-- This site is optimized with the Yoast SEO plugin v27.4 - https:\/\/yoast.com\/product\/yoast-seo-wordpress\/ -->\n<title>360 Learning: recensione software formazione online - Accurate Reviews<\/title>\n<meta name=\"description\" content=\"360Learning: recensione del sistema di gestione dell&#039;apprendimento basato su cloud adatto a organizzazioni di ogni dimensione in qualsiasi settore.\" \/>\n<meta name=\"robots\" content=\"index, follow, max-snippet:-1, max-image-preview:large, max-video-preview:-1\" \/>\n<link rel=\"canonical\" href=\"https:\/\/www.accuratereviews.com\/it\/software-formazione-online\/360learning-recensione\/\" \/>\n<meta property=\"og:locale\" content=\"it_IT\" \/>\n<meta property=\"og:type\" content=\"article\" \/>\n<meta property=\"og:title\" content=\"360 Learning: recensione software formazione online - Accurate Reviews\" \/>\n<meta property=\"og:description\" content=\"360Learning: recensione del sistema di gestione dell&#039;apprendimento basato su cloud adatto a organizzazioni di ogni dimensione in qualsiasi settore.\" \/>\n<meta property=\"og:url\" content=\"https:\/\/www.accuratereviews.com\/it\/software-formazione-online\/360learning-recensione\/\" \/>\n<meta property=\"og:site_name\" content=\"Accurate Reviews\" \/>\n<meta property=\"og:image\" content=\"https:\/\/www.accuratereviews.com\/wp-content\/uploads\/2020\/07\/360Learning.png\" \/>\n\t<meta property=\"og:image:width\" content=\"1167\" \/>\n\t<meta property=\"og:image:height\" content=\"271\" \/>\n\t<meta property=\"og:image:type\" content=\"image\/png\" \/>\n<meta name=\"twitter:card\" content=\"summary_large_image\" \/>\n<meta name=\"twitter:label1\" content=\"Tempo di lettura stimato\" \/>\n\t<meta name=\"twitter:data1\" content=\"4 minuti\" \/>\n<script type=\"application\/ld+json\" class=\"yoast-schema-graph\">{\"@context\":\"https:\\\/\\\/schema.org\",\"@graph\":[{\"@type\":\"WebPage\",\"@id\":\"https:\\\/\\\/www.accuratereviews.com\\\/it\\\/software-formazione-online\\\/360learning-recensione\\\/\",\"url\":\"https:\\\/\\\/www.accuratereviews.com\\\/it\\\/software-formazione-online\\\/360learning-recensione\\\/\",\"name\":\"360 Learning: recensione software formazione online - Accurate Reviews\",\"isPartOf\":{\"@id\":\"https:\\\/\\\/www.accuratereviews.com\\\/it\\\/#website\"},\"primaryImageOfPage\":{\"@id\":\"https:\\\/\\\/www.accuratereviews.com\\\/it\\\/software-formazione-online\\\/360learning-recensione\\\/#primaryimage\"},\"image\":{\"@id\":\"https:\\\/\\\/www.accuratereviews.com\\\/it\\\/software-formazione-online\\\/360learning-recensione\\\/#primaryimage\"},\"thumbnailUrl\":\"https:\\\/\\\/www.accuratereviews.com\\\/wp-content\\\/uploads\\\/2020\\\/07\\\/360Learning.png\",\"datePublished\":\"2020-07-21T11:13:32+00:00\",\"description\":\"360Learning: recensione del sistema di gestione dell'apprendimento basato su cloud adatto a organizzazioni di ogni dimensione in qualsiasi settore.\",\"breadcrumb\":{\"@id\":\"https:\\\/\\\/www.accuratereviews.com\\\/it\\\/software-formazione-online\\\/360learning-recensione\\\/#breadcrumb\"},\"inLanguage\":\"it-IT\",\"potentialAction\":[{\"@type\":\"ReadAction\",\"target\":[\"https:\\\/\\\/www.accuratereviews.com\\\/it\\\/software-formazione-online\\\/360learning-recensione\\\/\"]}]},{\"@type\":\"ImageObject\",\"inLanguage\":\"it-IT\",\"@id\":\"https:\\\/\\\/www.accuratereviews.com\\\/it\\\/software-formazione-online\\\/360learning-recensione\\\/#primaryimage\",\"url\":\"https:\\\/\\\/www.accuratereviews.com\\\/wp-content\\\/uploads\\\/2020\\\/07\\\/360Learning.png\",\"contentUrl\":\"https:\\\/\\\/www.accuratereviews.com\\\/wp-content\\\/uploads\\\/2020\\\/07\\\/360Learning.png\",\"width\":1167,\"height\":271},{\"@type\":\"BreadcrumbList\",\"@id\":\"https:\\\/\\\/www.accuratereviews.com\\\/it\\\/software-formazione-online\\\/360learning-recensione\\\/#breadcrumb\",\"itemListElement\":[{\"@type\":\"ListItem\",\"position\":1,\"name\":\"Home\",\"item\":\"https:\\\/\\\/www.accuratereviews.com\\\/it\\\/\"},{\"@type\":\"ListItem\",\"position\":2,\"name\":\"Software formazione online\",\"item\":\"https:\\\/\\\/www.accuratereviews.com\\\/it\\\/software-formazione-online\\\/\"},{\"@type\":\"ListItem\",\"position\":3,\"name\":\"360Learning\"}]},{\"@type\":\"WebSite\",\"@id\":\"https:\\\/\\\/www.accuratereviews.com\\\/it\\\/#website\",\"url\":\"https:\\\/\\\/www.accuratereviews.com\\\/it\\\/\",\"name\":\"Accurate Reviews\",\"description\":\"\",\"potentialAction\":[{\"@type\":\"SearchAction\",\"target\":{\"@type\":\"EntryPoint\",\"urlTemplate\":\"https:\\\/\\\/www.accuratereviews.com\\\/it\\\/?s={search_term_string}\"},\"query-input\":{\"@type\":\"PropertyValueSpecification\",\"valueRequired\":true,\"valueName\":\"search_term_string\"}}],\"inLanguage\":\"it-IT\"}]}<\/script>\n<!-- \/ Yoast SEO plugin. -->","yoast_head_json":{"title":"360 Learning: recensione software formazione online - Accurate Reviews","description":"360Learning: recensione del sistema di gestione dell'apprendimento basato su cloud adatto a organizzazioni di ogni dimensione in qualsiasi settore.","robots":{"index":"index","follow":"follow","max-snippet":"max-snippet:-1","max-image-preview":"max-image-preview:large","max-video-preview":"max-video-preview:-1"},"canonical":"https:\/\/www.accuratereviews.com\/it\/software-formazione-online\/360learning-recensione\/","og_locale":"it_IT","og_type":"article","og_title":"360 Learning: recensione software formazione online - Accurate Reviews","og_description":"360Learning: recensione del sistema di gestione dell'apprendimento basato su cloud adatto a organizzazioni di ogni dimensione in qualsiasi settore.","og_url":"https:\/\/www.accuratereviews.com\/it\/software-formazione-online\/360learning-recensione\/","og_site_name":"Accurate Reviews","og_image":[{"width":1167,"height":271,"url":"https:\/\/www.accuratereviews.com\/wp-content\/uploads\/2020\/07\/360Learning.png","type":"image\/png"}],"twitter_card":"summary_large_image","twitter_misc":{"Tempo di lettura stimato":"4 minuti"},"schema":{"@context":"https:\/\/schema.org","@graph":[{"@type":"WebPage","@id":"https:\/\/www.accuratereviews.com\/it\/software-formazione-online\/360learning-recensione\/","url":"https:\/\/www.accuratereviews.com\/it\/software-formazione-online\/360learning-recensione\/","name":"360 Learning: recensione software formazione online - Accurate Reviews","isPartOf":{"@id":"https:\/\/www.accuratereviews.com\/it\/#website"},"primaryImageOfPage":{"@id":"https:\/\/www.accuratereviews.com\/it\/software-formazione-online\/360learning-recensione\/#primaryimage"},"image":{"@id":"https:\/\/www.accuratereviews.com\/it\/software-formazione-online\/360learning-recensione\/#primaryimage"},"thumbnailUrl":"https:\/\/www.accuratereviews.com\/wp-content\/uploads\/2020\/07\/360Learning.png","datePublished":"2020-07-21T11:13:32+00:00","description":"360Learning: recensione del sistema di gestione dell'apprendimento basato su cloud adatto a organizzazioni di ogni dimensione in qualsiasi settore.","breadcrumb":{"@id":"https:\/\/www.accuratereviews.com\/it\/software-formazione-online\/360learning-recensione\/#breadcrumb"},"inLanguage":"it-IT","potentialAction":[{"@type":"ReadAction","target":["https:\/\/www.accuratereviews.com\/it\/software-formazione-online\/360learning-recensione\/"]}]},{"@type":"ImageObject","inLanguage":"it-IT","@id":"https:\/\/www.accuratereviews.com\/it\/software-formazione-online\/360learning-recensione\/#primaryimage","url":"https:\/\/www.accuratereviews.com\/wp-content\/uploads\/2020\/07\/360Learning.png","contentUrl":"https:\/\/www.accuratereviews.com\/wp-content\/uploads\/2020\/07\/360Learning.png","width":1167,"height":271},{"@type":"BreadcrumbList","@id":"https:\/\/www.accuratereviews.com\/it\/software-formazione-online\/360learning-recensione\/#breadcrumb","itemListElement":[{"@type":"ListItem","position":1,"name":"Home","item":"https:\/\/www.accuratereviews.com\/it\/"},{"@type":"ListItem","position":2,"name":"Software formazione online","item":"https:\/\/www.accuratereviews.com\/it\/software-formazione-online\/"},{"@type":"ListItem","position":3,"name":"360Learning"}]},{"@type":"WebSite","@id":"https:\/\/www.accuratereviews.com\/it\/#website","url":"https:\/\/www.accuratereviews.com\/it\/","name":"Accurate Reviews","description":"","potentialAction":[{"@type":"SearchAction","target":{"@type":"EntryPoint","urlTemplate":"https:\/\/www.accuratereviews.com\/it\/?s={search_term_string}"},"query-input":{"@type":"PropertyValueSpecification","valueRequired":true,"valueName":"search_term_string"}}],"inLanguage":"it-IT"}]}},"_links":{"self":[{"href":"https:\/\/www.accuratereviews.com\/it\/wp-json\/wp\/v2\/pages\/28711","targetHints":{"allow":["GET"]}}],"collection":[{"href":"https:\/\/www.accuratereviews.com\/it\/wp-json\/wp\/v2\/pages"}],"about":[{"href":"https:\/\/www.accuratereviews.com\/it\/wp-json\/wp\/v2\/types\/page"}],"author":[{"embeddable":true,"href":"https:\/\/www.accuratereviews.com\/it\/wp-json\/wp\/v2\/users\/19"}],"replies":[{"embeddable":true,"href":"https:\/\/www.accuratereviews.com\/it\/wp-json\/wp\/v2\/comments?post=28711"}],"version-history":[{"count":8,"href":"https:\/\/www.accuratereviews.com\/it\/wp-json\/wp\/v2\/pages\/28711\/revisions"}],"predecessor-version":[{"id":28752,"href":"https:\/\/www.accuratereviews.com\/it\/wp-json\/wp\/v2\/pages\/28711\/revisions\/28752"}],"up":[{"embeddable":true,"href":"https:\/\/www.accuratereviews.com\/it\/wp-json\/wp\/v2\/pages\/28265"}],"wp:featuredmedia":[{"embeddable":true,"href":"https:\/\/www.accuratereviews.com\/it\/wp-json\/wp\/v2\/media\/28713"}],"wp:attachment":[{"href":"https:\/\/www.accuratereviews.com\/it\/wp-json\/wp\/v2\/media?parent=28711"}],"wp:term":[{"taxonomy":"category","embeddable":true,"href":"https:\/\/www.accuratereviews.com\/it\/wp-json\/wp\/v2\/categories?post=28711"},{"taxonomy":"post_tag","embeddable":true,"href":"https:\/\/www.accuratereviews.com\/it\/wp-json\/wp\/v2\/tags?post=28711"},{"taxonomy":"features","embeddable":true,"href":"https:\/\/www.accuratereviews.com\/it\/wp-json\/wp\/v2\/features?post=28711"}],"curies":[{"name":"wp","href":"https:\/\/api.w.org\/{rel}","templated":true}]}}