{"id":28770,"date":"2020-07-22T12:10:51","date_gmt":"2020-07-22T12:10:51","guid":{"rendered":"https:\/\/www.accuratereviews.com\/?page_id=28770"},"modified":"2020-11-04T10:41:01","modified_gmt":"2020-11-04T10:41:01","slug":"bridge-recensione","status":"publish","type":"page","link":"https:\/\/www.accuratereviews.com\/it\/software-formazione-online\/bridge-recensione\/","title":{"rendered":"Bridge"},"content":{"rendered":"<p><strong>Bridge<\/strong> \u00e8 una <strong>piattaforma di formazione online<\/strong> creata appositamente per dipendenti e manager. Fornisce pratica peer-to-peer, formazione dal vivo di persona, apprendimento esterno, corsi online, tutoraggio, monitoraggio degli obiettivi e valutazione tra pari. Altre caratteristiche includono corsi standardizzati, conservazione delle conoscenze, video interattivi, gestione continua delle prestazioni, valutazione delle competenze e reportistica.\u00a0Con <strong>Bridge<\/strong>, i percorsi di apprendimento e le offerte di corsi possono essere personalizzati in base ai singoli profili utente. La soluzione offre inoltre la possibilit\u00e0 di fermarsi nel mezzo dei corsi e ricominciare nello stesso punto, anche se accedono al sistema da un dispositivo diverso.\u00a0Per amministratori e creatori di corsi, Bridge offre strumenti per la creazione di quiz basati su pratiche di progettazione didattica, analisi delle prestazioni, logica personalizzabile e capacit\u00e0 di creare e gestire gruppi di studenti. I corsi possono essere creati all&#8217;interno del sistema stesso o gli utenti possono importare contenuti SCORM.<\/p>\n<h2>BRIDGE &#8211; TUTORIAL<\/h2>\n<p>Ecco un tutorial in cui illustra i principali strumenti di questo <strong>software di formazione online<\/strong>:<\/p>\n<div id=\"fluid-wrapper-counter-1\" class=\"g1-fluid-wrapper \" style=\"width:686px;\">\n<div style=\"padding-bottom:56.268221574344%;\"><iframe loading=\"lazy\" title=\"002 - Creating and Managing Courses\" src=\"https:\/\/player.vimeo.com\/video\/291779706?dnt=1&amp;app_id=122963?title=0&amp;byline=0&amp;portrait=0\" width=\"686\" height=\"386\" frameborder=\"0\" allow=\"autoplay; fullscreen\" allowfullscreen><\/iframe><\/div>\n<\/div>\n<h3>BRIDGE &#8211; CARATTERISTICHE<\/h3>\n<ul>\n<li>Sviluppa il personale in modo da supportare la crescita aziendale allineando le aspirazioni dei dipendenti alla tua strategia di talento<\/li>\n<li>Crea manager efficaci che rispecchino le esigenze dei dipendenti agli obiettivi aziendali attraverso conversazioni e feedback<\/li>\n<li>Dati, rapporti e approfondimenti attuabili su coinvolgimento dei dipendenti, conversazioni sulle prestazioni e padronanza delle competenze<\/li>\n<li>Rendi felici i dirigenti mostrando risultati in termini di coinvolgimento, turnover, sviluppo delle competenze e prestazioni dell&#8217;azienda<\/li>\n<li>Sviluppo di carriera, crescita delle competenze, manager efficaci. Queste sono le cose che guidano il coinvolgimento, la fidelizzazione e l&#8217;impatto dei dipendenti<\/li>\n<\/ul>\n<h4>LE RECENSIONI DEGLI UTENTI<\/h4>\n<h4 class=\"font-weight-bold my-1 d-flex align-items-center\">Mike H.&#8221;Una buona opzione per la formazione professionale con margini di miglioramento&#8221;<\/h4>\n<p><strong>Commenti: <\/strong>Nel complesso la nostra esperienza \u00e8 positiva ma con margini di miglioramento. Penso che Bridge sappia cosa deve essere migliorato, ma non si muovono rapidamente come vorremmo.<\/p>\n<p><strong>Vantaggi: <\/strong>L&#8217;interfaccia utente \u00e8 semplice e facile da imparare ed \u00e8 facile costruire i tuoi contenuti all&#8217;interno della piattaforma. Le funzionalit\u00e0 di authoring e Insight sono utili per l&#8217;utilizzo del nostro team.<\/p>\n<p><strong>Inconvenienti: <\/strong>La velocit\u00e0 dell&#8217;app varia ampiamente, essendo veloce per accedere e spostarsi tra le pagine un giorno e molto pi\u00f9 lentamente il giorno successivo. Sembra anche che vengano promessi molti aggiornamenti del prodotto e nuove funzionalit\u00e0 che non vengono visualizzate. Il supporto non \u00e8 molto reattivo.<\/p>\n<h4 class=\"font-weight-bold my-1 d-flex align-items-center\">Samantha R.&#8221;Software perfettamente semplice&#8221;<\/h4>\n<p><strong>Commenti: <\/strong>Nel complesso ho avuto un&#8217;ottima esperienza con Bridge. Consiglio vivamente ai colleghi del settore!<\/p>\n<p><strong>Vantaggi: <\/strong>Uso Bridge per i corsi di formazione della nostra azienda su base settimanale e da quel punto di vista \u00e8 fantastico. Davvero facile da usare e ha una UX davvero bella.<\/p>\n<p><strong>Inconvenienti: <\/strong>Anche dopo 2 anni non ho mai avuto problemi con Bridge. \u00c8 stato un ottimo strumento per l&#8217;e-learning nella mia azienda e non ho lamentele.<\/p>\n<h4 class=\"font-weight-bold my-1 d-flex align-items-center\">Greg M.&#8221;Recensione Bridge LMS&#8221;<\/h4>\n<p><strong>Commenti: <\/strong>Ottima esperienza a partire da un team di vendita che ha agito come veri consulenti per aiutarci a prendere la decisione giusta per la nostra organizzazione fornendo al contempo un sacco di supporto e competenza prima, durante e dopo l&#8217;acquisto<\/p>\n<p><strong>Vantaggi: <\/strong>Piattaforma robusta con memoria dati illimitata e facilit\u00e0 di scalabilit\u00e0, software facile da usare sia dal punto di vista della creazione e dello sviluppo, sia dal lato dello studente insieme a una solida reportistica<\/p>\n<p><strong>Inconvenienti: <\/strong>Non c&#8217;\u00e8 molto da dire qui &#8211; molto robusto, quindi tonnellate di capacit\u00e0 e il team di supporto \u00e8 stato proattivo e reattivo!<\/p>\n","protected":false},"excerpt":{"rendered":"<p>Bridge \u00e8 una piattaforma di formazione online creata appositamente per dipendenti e manager. Fornisce pratica peer-to-peer, formazione dal vivo di persona, apprendimento esterno, corsi online, tutoraggio, monitoraggio degli obiettivi e valutazione tra pari. Altre caratteristiche includono corsi standardizzati, conservazione delle conoscenze, video interattivi, gestione continua delle prestazioni, valutazione delle competenze e reportistica.\u00a0<\/p>\n","protected":false},"author":19,"featured_media":28771,"parent":28265,"menu_order":0,"comment_status":"open","ping_status":"closed","template":"g1_template_page_review_new.php","meta":{"_acf_changed":false,"cwp_meta_box_check":"Yes","cwp_rev_product_name":"","cwp_rev_product_image":"","wppr_links":[],"cwp_rev_price":"","wppr_options":[],"wppr_pros":[],"wppr_cons":[],"_monsterinsights_skip_tracking":false,"_monsterinsights_sitenote_active":false,"_monsterinsights_sitenote_note":"","_monsterinsights_sitenote_category":0,"footnotes":""},"categories":[3163],"tags":[3287,3257,3261,3167,3260,3166,3254,3164,3286,3165],"features":[],"class_list":{"0":"post-28770","1":"page","2":"type-page","3":"status-publish","4":"has-post-thumbnail","6":"category-software-formazione-online","7":"tag-bridge","8":"tag-lms","9":"tag-piattaforma-apprendimento-online","10":"tag-piattaforma-formazione-online","11":"tag-programma-apprendimento-online","12":"tag-programma-formazione-online","13":"tag-software-apprendimento-online","14":"tag-software-formazione-online","15":"tag-soluzione-amministrazione-online","16":"tag-soluzione-formazione-online"},"wppr_data":{"cwp_meta_box_check":"Yes","cwp_rev_product_name":"","cwp_rev_product_image":"","cwp_image_link":"image","cwp_rev_price":"","wppr_rating":"0.00"},"acf":[],"yoast_head":"<!-- This site is optimized with the Yoast SEO plugin v27.4 - https:\/\/yoast.com\/product\/yoast-seo-wordpress\/ -->\n<title>Bridge: recensione software formazione online - Accurate Reviews<\/title>\n<meta name=\"description\" content=\"Bridge: recensione piattaforma di formazione online creata appositamente per dipendenti e manager per qualsiasi tipo di attivita.\" \/>\n<meta name=\"robots\" content=\"index, follow, max-snippet:-1, max-image-preview:large, max-video-preview:-1\" \/>\n<link rel=\"canonical\" href=\"https:\/\/www.accuratereviews.com\/it\/software-formazione-online\/bridge-recensione\/\" \/>\n<meta property=\"og:locale\" content=\"it_IT\" \/>\n<meta property=\"og:type\" content=\"article\" \/>\n<meta property=\"og:title\" content=\"Bridge: recensione software formazione online - Accurate Reviews\" \/>\n<meta property=\"og:description\" content=\"Bridge: recensione piattaforma di formazione online creata appositamente per dipendenti e manager per qualsiasi tipo di attivita.\" \/>\n<meta property=\"og:url\" content=\"https:\/\/www.accuratereviews.com\/it\/software-formazione-online\/bridge-recensione\/\" \/>\n<meta property=\"og:site_name\" content=\"Accurate Reviews\" \/>\n<meta property=\"article:modified_time\" content=\"2020-11-04T10:41:01+00:00\" \/>\n<meta property=\"og:image\" content=\"https:\/\/www.accuratereviews.com\/wp-content\/uploads\/2020\/07\/bridge.png\" \/>\n\t<meta property=\"og:image:width\" content=\"600\" \/>\n\t<meta property=\"og:image:height\" content=\"315\" \/>\n\t<meta property=\"og:image:type\" content=\"image\/png\" \/>\n<meta name=\"twitter:card\" content=\"summary_large_image\" \/>\n<meta name=\"twitter:label1\" content=\"Tempo di lettura stimato\" \/>\n\t<meta name=\"twitter:data1\" content=\"3 minuti\" \/>\n<script type=\"application\/ld+json\" class=\"yoast-schema-graph\">{\"@context\":\"https:\\\/\\\/schema.org\",\"@graph\":[{\"@type\":\"WebPage\",\"@id\":\"https:\\\/\\\/www.accuratereviews.com\\\/it\\\/software-formazione-online\\\/bridge-recensione\\\/\",\"url\":\"https:\\\/\\\/www.accuratereviews.com\\\/it\\\/software-formazione-online\\\/bridge-recensione\\\/\",\"name\":\"Bridge: recensione software formazione online - Accurate Reviews\",\"isPartOf\":{\"@id\":\"https:\\\/\\\/www.accuratereviews.com\\\/it\\\/#website\"},\"primaryImageOfPage\":{\"@id\":\"https:\\\/\\\/www.accuratereviews.com\\\/it\\\/software-formazione-online\\\/bridge-recensione\\\/#primaryimage\"},\"image\":{\"@id\":\"https:\\\/\\\/www.accuratereviews.com\\\/it\\\/software-formazione-online\\\/bridge-recensione\\\/#primaryimage\"},\"thumbnailUrl\":\"https:\\\/\\\/www.accuratereviews.com\\\/wp-content\\\/uploads\\\/2020\\\/07\\\/bridge.png\",\"datePublished\":\"2020-07-22T12:10:51+00:00\",\"dateModified\":\"2020-11-04T10:41:01+00:00\",\"description\":\"Bridge: recensione piattaforma di formazione online creata appositamente per dipendenti e manager per qualsiasi tipo di attivita.\",\"breadcrumb\":{\"@id\":\"https:\\\/\\\/www.accuratereviews.com\\\/it\\\/software-formazione-online\\\/bridge-recensione\\\/#breadcrumb\"},\"inLanguage\":\"it-IT\",\"potentialAction\":[{\"@type\":\"ReadAction\",\"target\":[\"https:\\\/\\\/www.accuratereviews.com\\\/it\\\/software-formazione-online\\\/bridge-recensione\\\/\"]}]},{\"@type\":\"ImageObject\",\"inLanguage\":\"it-IT\",\"@id\":\"https:\\\/\\\/www.accuratereviews.com\\\/it\\\/software-formazione-online\\\/bridge-recensione\\\/#primaryimage\",\"url\":\"https:\\\/\\\/www.accuratereviews.com\\\/wp-content\\\/uploads\\\/2020\\\/07\\\/bridge.png\",\"contentUrl\":\"https:\\\/\\\/www.accuratereviews.com\\\/wp-content\\\/uploads\\\/2020\\\/07\\\/bridge.png\",\"width\":600,\"height\":315},{\"@type\":\"BreadcrumbList\",\"@id\":\"https:\\\/\\\/www.accuratereviews.com\\\/it\\\/software-formazione-online\\\/bridge-recensione\\\/#breadcrumb\",\"itemListElement\":[{\"@type\":\"ListItem\",\"position\":1,\"name\":\"Home\",\"item\":\"https:\\\/\\\/www.accuratereviews.com\\\/it\\\/\"},{\"@type\":\"ListItem\",\"position\":2,\"name\":\"Software formazione online\",\"item\":\"https:\\\/\\\/www.accuratereviews.com\\\/it\\\/software-formazione-online\\\/\"},{\"@type\":\"ListItem\",\"position\":3,\"name\":\"Bridge\"}]},{\"@type\":\"WebSite\",\"@id\":\"https:\\\/\\\/www.accuratereviews.com\\\/it\\\/#website\",\"url\":\"https:\\\/\\\/www.accuratereviews.com\\\/it\\\/\",\"name\":\"Accurate Reviews\",\"description\":\"\",\"potentialAction\":[{\"@type\":\"SearchAction\",\"target\":{\"@type\":\"EntryPoint\",\"urlTemplate\":\"https:\\\/\\\/www.accuratereviews.com\\\/it\\\/?s={search_term_string}\"},\"query-input\":{\"@type\":\"PropertyValueSpecification\",\"valueRequired\":true,\"valueName\":\"search_term_string\"}}],\"inLanguage\":\"it-IT\"}]}<\/script>\n<!-- \/ Yoast SEO plugin. -->","yoast_head_json":{"title":"Bridge: recensione software formazione online - Accurate Reviews","description":"Bridge: recensione piattaforma di formazione online creata appositamente per dipendenti e manager per qualsiasi tipo di attivita.","robots":{"index":"index","follow":"follow","max-snippet":"max-snippet:-1","max-image-preview":"max-image-preview:large","max-video-preview":"max-video-preview:-1"},"canonical":"https:\/\/www.accuratereviews.com\/it\/software-formazione-online\/bridge-recensione\/","og_locale":"it_IT","og_type":"article","og_title":"Bridge: recensione software formazione online - Accurate Reviews","og_description":"Bridge: recensione piattaforma di formazione online creata appositamente per dipendenti e manager per qualsiasi tipo di attivita.","og_url":"https:\/\/www.accuratereviews.com\/it\/software-formazione-online\/bridge-recensione\/","og_site_name":"Accurate Reviews","article_modified_time":"2020-11-04T10:41:01+00:00","og_image":[{"width":600,"height":315,"url":"https:\/\/www.accuratereviews.com\/wp-content\/uploads\/2020\/07\/bridge.png","type":"image\/png"}],"twitter_card":"summary_large_image","twitter_misc":{"Tempo di lettura stimato":"3 minuti"},"schema":{"@context":"https:\/\/schema.org","@graph":[{"@type":"WebPage","@id":"https:\/\/www.accuratereviews.com\/it\/software-formazione-online\/bridge-recensione\/","url":"https:\/\/www.accuratereviews.com\/it\/software-formazione-online\/bridge-recensione\/","name":"Bridge: recensione software formazione online - Accurate Reviews","isPartOf":{"@id":"https:\/\/www.accuratereviews.com\/it\/#website"},"primaryImageOfPage":{"@id":"https:\/\/www.accuratereviews.com\/it\/software-formazione-online\/bridge-recensione\/#primaryimage"},"image":{"@id":"https:\/\/www.accuratereviews.com\/it\/software-formazione-online\/bridge-recensione\/#primaryimage"},"thumbnailUrl":"https:\/\/www.accuratereviews.com\/wp-content\/uploads\/2020\/07\/bridge.png","datePublished":"2020-07-22T12:10:51+00:00","dateModified":"2020-11-04T10:41:01+00:00","description":"Bridge: recensione piattaforma di formazione online creata appositamente per dipendenti e manager per qualsiasi tipo di attivita.","breadcrumb":{"@id":"https:\/\/www.accuratereviews.com\/it\/software-formazione-online\/bridge-recensione\/#breadcrumb"},"inLanguage":"it-IT","potentialAction":[{"@type":"ReadAction","target":["https:\/\/www.accuratereviews.com\/it\/software-formazione-online\/bridge-recensione\/"]}]},{"@type":"ImageObject","inLanguage":"it-IT","@id":"https:\/\/www.accuratereviews.com\/it\/software-formazione-online\/bridge-recensione\/#primaryimage","url":"https:\/\/www.accuratereviews.com\/wp-content\/uploads\/2020\/07\/bridge.png","contentUrl":"https:\/\/www.accuratereviews.com\/wp-content\/uploads\/2020\/07\/bridge.png","width":600,"height":315},{"@type":"BreadcrumbList","@id":"https:\/\/www.accuratereviews.com\/it\/software-formazione-online\/bridge-recensione\/#breadcrumb","itemListElement":[{"@type":"ListItem","position":1,"name":"Home","item":"https:\/\/www.accuratereviews.com\/it\/"},{"@type":"ListItem","position":2,"name":"Software formazione online","item":"https:\/\/www.accuratereviews.com\/it\/software-formazione-online\/"},{"@type":"ListItem","position":3,"name":"Bridge"}]},{"@type":"WebSite","@id":"https:\/\/www.accuratereviews.com\/it\/#website","url":"https:\/\/www.accuratereviews.com\/it\/","name":"Accurate Reviews","description":"","potentialAction":[{"@type":"SearchAction","target":{"@type":"EntryPoint","urlTemplate":"https:\/\/www.accuratereviews.com\/it\/?s={search_term_string}"},"query-input":{"@type":"PropertyValueSpecification","valueRequired":true,"valueName":"search_term_string"}}],"inLanguage":"it-IT"}]}},"_links":{"self":[{"href":"https:\/\/www.accuratereviews.com\/it\/wp-json\/wp\/v2\/pages\/28770","targetHints":{"allow":["GET"]}}],"collection":[{"href":"https:\/\/www.accuratereviews.com\/it\/wp-json\/wp\/v2\/pages"}],"about":[{"href":"https:\/\/www.accuratereviews.com\/it\/wp-json\/wp\/v2\/types\/page"}],"author":[{"embeddable":true,"href":"https:\/\/www.accuratereviews.com\/it\/wp-json\/wp\/v2\/users\/19"}],"replies":[{"embeddable":true,"href":"https:\/\/www.accuratereviews.com\/it\/wp-json\/wp\/v2\/comments?post=28770"}],"version-history":[{"count":8,"href":"https:\/\/www.accuratereviews.com\/it\/wp-json\/wp\/v2\/pages\/28770\/revisions"}],"predecessor-version":[{"id":31833,"href":"https:\/\/www.accuratereviews.com\/it\/wp-json\/wp\/v2\/pages\/28770\/revisions\/31833"}],"up":[{"embeddable":true,"href":"https:\/\/www.accuratereviews.com\/it\/wp-json\/wp\/v2\/pages\/28265"}],"wp:featuredmedia":[{"embeddable":true,"href":"https:\/\/www.accuratereviews.com\/it\/wp-json\/wp\/v2\/media\/28771"}],"wp:attachment":[{"href":"https:\/\/www.accuratereviews.com\/it\/wp-json\/wp\/v2\/media?parent=28770"}],"wp:term":[{"taxonomy":"category","embeddable":true,"href":"https:\/\/www.accuratereviews.com\/it\/wp-json\/wp\/v2\/categories?post=28770"},{"taxonomy":"post_tag","embeddable":true,"href":"https:\/\/www.accuratereviews.com\/it\/wp-json\/wp\/v2\/tags?post=28770"},{"taxonomy":"features","embeddable":true,"href":"https:\/\/www.accuratereviews.com\/it\/wp-json\/wp\/v2\/features?post=28770"}],"curies":[{"name":"wp","href":"https:\/\/api.w.org\/{rel}","templated":true}]}}