{"id":28795,"date":"2020-07-23T09:55:51","date_gmt":"2020-07-23T09:55:51","guid":{"rendered":"https:\/\/www.accuratereviews.com\/?page_id=28795"},"modified":"2020-11-04T15:29:07","modified_gmt":"2020-11-04T15:29:07","slug":"looop-recensione","status":"publish","type":"page","link":"https:\/\/www.accuratereviews.com\/it\/software-formazione-online\/looop-recensione\/","title":{"rendered":"Looop"},"content":{"rendered":"<p><strong>Looop<\/strong> \u00e8 un <strong>sistema di formazione online<\/strong> (LMS) robusto e di facile utilizzo creato per aiutarti a progettare l&#8217;ambiente di apprendimento perfetto per il tuo posto di lavoro. Con questa soluzione, puoi creare facilmente librerie di informazioni a cui \u00e8 possibile accedere e ricercare quando ne hanno bisogno. Puoi pubblicare questionari e quiz per valutare le conoscenze dei tuoi dipendenti e determinare le aree in cui richiedono attenzione e assistenza. Generare automaticamente report in base ai loro risultati. Non vedi solo ci\u00f2 che sa il tuo team e non lo sa, ma sei anche in grado di comprendere ci\u00f2 di cui hanno bisogno per migliorare ulteriormente le loro prestazioni. Il software offre anche funzionalit\u00e0 faccia a faccia online per offrire loro una migliore esperienza di apprendimento.<\/p>\n<h2>LOOOP &#8211; TUTORIAL<\/h2>\n<p>Guarda questo tutorial per capire come funziona questo <strong>software di formazione online<\/strong>:<\/p>\n<div id=\"fluid-wrapper-counter-1\" class=\"g1-fluid-wrapper \" style=\"width:686px;\">\n<div style=\"padding-bottom:56.268221574344%;\"><iframe loading=\"lazy\" title=\"Looop - get where your learners are\" width=\"686\" height=\"386\" src=\"https:\/\/www.youtube.com\/embed\/yzS5WxFh1_Q?feature=oembed&amp;wmode=transparent&amp;autohide=1&amp;autoplay=0&amp;disablekb=0&amp;fs=1&amp;loop=0&amp;enablejsapi=1&amp;rel=0&amp;controls=2&amp;showinfo=0&amp;wmode=transparent&amp;autohide=2&amp;autoplay=0&amp;disablekb=0&amp;fs=1&amp;loop=0&amp;enablejsapi=1&amp;rel=0&amp;controls=2&amp;showinfo=1\" frameborder=\"0\" allow=\"accelerometer; autoplay; clipboard-write; encrypted-media; gyroscope; picture-in-picture\" allowfullscreen><\/iframe><\/div>\n<\/div>\n<h3>LOOOP &#8211; CARATTERISTICHE<\/h3>\n<ul>\n<li>Gestione della valutazione e delle assegnazioni<\/li>\n<li>Tracciamento delle assegnazioni<\/li>\n<li>Import \/ export di contenuti<\/li>\n<li>Business aziendale<\/li>\n<li>Pubblicazione del corso<\/li>\n<li>Marchio personalizzabile<\/li>\n<li>Conversione del documento<\/li>\n<li>Drag &amp; drop\u00a0l&#8217;interfaccia<\/li>\n<li>Gestione dei dipendenti<\/li>\n<li>Raccolta e organizzazione di feedback<\/li>\n<li>Formazione di gruppo<\/li>\n<li>Gestione dell&#8217;apprendimento<\/li>\n<li>Apprendimento mobile<\/li>\n<li>Rapporti di avanzamento<\/li>\n<li>Funzionalit\u00e0 di ricerca<\/li>\n<li>Corsi autodidattici<\/li>\n<li>Apprendimento social<\/li>\n<li>Portale studentesco<\/li>\n<li>Rapporti di sintesi<\/li>\n<li>Creazione di test \/ quiz<\/li>\n<li>Societ\u00e0 di formazione<\/li>\n<li>Gestione della formazione e dei\u00a0video<\/li>\n<li>Supporto video<\/li>\n<\/ul>\n<h4>LE RECENSIONI DEGLI UTENTI<\/h4>\n<h4 class=\"font-weight-bold my-1 d-flex align-items-center\">Lexie H.&#8221;Looop ci aiuta a soddisfare le esigenze dei nostri studenti moderni con il suo semplice design di esperienza utente&#8221;<\/h4>\n<p><strong>Commenti: <\/strong>Looop \u00e8 stato fantastico con cui lavorare e sono dei veri sostenitori del loro prodotto &#8211; anche l&#8217;esperienza di onboarding per gli amministratori, \u00e8 costruita usando Looop. Il team di Looop fornisce un eccellente supporto clienti ogni volta che \u00e8 necessario: sono ben informati, chiacchieroni e cordiali.<\/p>\n<p><strong>Vantaggi: <\/strong>L&#8217;interfaccia utente di Looop \u00e8 costruita come dovrebbe essere una moderna piattaforma di apprendimento: semplice e intuitiva sia per le persone che creano il contenuto, sia per le persone che lo usano nei loro ruoli quotidiani. In aggiunta, avere la capacit\u00e0 di costruire risorse all&#8217;interno della piattaforma significa che possiamo rispondere rapidamente alle esigenze aziendali, senza compromettere la qualit\u00e0. Combina questo con una potente funzione di ricerca sul lato utente ed \u00e8 facile per le persone trovare le informazioni o l&#8217;aiuto di cui hanno bisogno, ovunque e quando ne hanno bisogno.<\/p>\n<p><strong>Inconvenienti: <\/strong>Looop \u00e8 sensibile al dispositivo, quindi quando si creano risorse all&#8217;interno di Looop sarebbe utile avere la possibilit\u00e0 di visualizzare in anteprima il contenuto con dimensioni dello schermo diverse. Ci\u00f2 contribuirebbe a garantire agli studenti un&#8217;esperienza di qualit\u00e0 altrettanto elevata su tutti i dispositivi.<\/p>\n<h5 class=\"font-weight-bold my-1 d-flex align-items-center\">Saskia G.&#8221;Piattaforma moderna che fornisce esperienza di apprendimento all&#8217;avanguardia&#8221;<\/h5>\n<p><strong>Commenti: <\/strong>Abbiamo cercato di realizzare un caso relativamente insolito con Looop poich\u00e9 stiamo utilizzando la piattaforma come estensione del nostro strumento statistico per fornire percorsi di apprendimento personalizzati. Siamo pi\u00f9 che felici di aver scelto Looop poich\u00e9 ci hanno fornito un eccellente aiuto per impostare e capire quale sarebbe il modo migliore per andare e migliorare continuamente la piattaforma per soddisfare ulteriormente le nostre esigenze.<\/p>\n<p><strong>Vantaggi: <\/strong>Una delle cose pi\u00f9 belle di Looop \u00e8 la funzione della campagna che consente un elevato grado di automazione, personalizzazione e individualizzazione. Inoltre, la piattaforma offre una grande usabilit\u00e0, una vasta gamma di opzioni e strumenti integrali per la creazione di grandi esperienze di apprendimento.<\/p>\n<p><strong>Inconvenienti: <\/strong>La diversit\u00e0 dei media che possono essere inclusi potrebbe essere migliorata ad es. consentendo l&#8217;incorporamento di frame che consentirebbe un panorama multimediale pi\u00f9 ampio che potrebbe essere utilizzato. Inoltre alcune funzionalit\u00e0 di usabilit\u00e0 potrebbero essere migliorate come ad es. abilitando il trascinamento per i percorsi di riordino.<\/p>\n<h5 class=\"font-weight-bold my-1 d-flex align-items-center\">Nicole W.&#8221;Looop con amore&#8221;<\/h5>\n<p><strong>Commenti: <\/strong>Looop \u00e8 stato essenziale per la nostra forza lavoro durante COVID-19. Con moduli cos\u00ec facili da creare e flessibili da completare, l&#8217;incorporamento del programma \u00e8 stato accolto con entusiasmo e lode in tutta l&#8217;azienda.<\/p>\n<p><strong>Vantaggi: <\/strong>La campagna di Looop e le funzioni analitiche lo rendono estremamente utile per gestire e riferire sull&#8217;apprendimento quotidiano del personale. I moduli sono facili da creare e con la sua capacit\u00e0 mobile, facili da completare per l&#8217;utente.<\/p>\n<p><strong>Inconvenienti: <\/strong>Non ho ancora trovato nulla che non mi piace del software.<\/p>\n","protected":false},"excerpt":{"rendered":"<p>Looop \u00e8 un sistema di formazione online (LMS) robusto e di facile utilizzo \u00a0creato per aiutarti a progettare l&#8217;ambiente di apprendimento perfetto per il tuo posto di lavoro.\u00a0Con questa soluzione, puoi creare facilmente librerie di informazioni a cui \u00e8 possibile accedere e ricercare quando ne hanno bisogno.<\/p>\n","protected":false},"author":19,"featured_media":28800,"parent":28265,"menu_order":0,"comment_status":"open","ping_status":"closed","template":"g1_template_page_review_new.php","meta":{"_acf_changed":false,"cwp_meta_box_check":"Yes","cwp_rev_product_name":"","cwp_rev_product_image":"","wppr_links":[],"cwp_rev_price":"","wppr_options":[],"wppr_pros":[],"wppr_cons":[],"_monsterinsights_skip_tracking":false,"_monsterinsights_sitenote_active":false,"_monsterinsights_sitenote_note":"","_monsterinsights_sitenote_category":0,"footnotes":""},"categories":[3163],"tags":[3257,3292,3261,3167,3260,3166,3254,3164,3253,3165],"features":[],"class_list":{"0":"post-28795","1":"page","2":"type-page","3":"status-publish","4":"has-post-thumbnail","6":"category-software-formazione-online","7":"tag-lms","8":"tag-looop","9":"tag-piattaforma-apprendimento-online","10":"tag-piattaforma-formazione-online","11":"tag-programma-apprendimento-online","12":"tag-programma-formazione-online","13":"tag-software-apprendimento-online","14":"tag-software-formazione-online","15":"tag-soluzione-apprendimento-online","16":"tag-soluzione-formazione-online"},"wppr_data":{"cwp_meta_box_check":"Yes","cwp_rev_product_name":"","cwp_rev_product_image":"","cwp_image_link":"image","cwp_rev_price":"","wppr_rating":"0.00"},"acf":[],"yoast_head":"<!-- This site is optimized with the Yoast SEO plugin v27.4 - https:\/\/yoast.com\/product\/yoast-seo-wordpress\/ -->\n<title>Looop: recensione software formazione online - Accurate Reviews<\/title>\n<meta name=\"description\" content=\"Looop: recensione sistema di formazione online robusto e di facile utilizzo\u00a0creato per aiutarti a progettare l&#039;ambiente perfetto per il tuo posto di lavoro.\" \/>\n<meta name=\"robots\" content=\"index, follow, max-snippet:-1, max-image-preview:large, max-video-preview:-1\" \/>\n<link rel=\"canonical\" href=\"https:\/\/www.accuratereviews.com\/it\/software-formazione-online\/looop-recensione\/\" \/>\n<meta property=\"og:locale\" content=\"it_IT\" \/>\n<meta property=\"og:type\" content=\"article\" \/>\n<meta property=\"og:title\" content=\"Looop: recensione software formazione online - Accurate Reviews\" \/>\n<meta property=\"og:description\" content=\"Looop: recensione sistema di formazione online robusto e di facile utilizzo\u00a0creato per aiutarti a progettare l&#039;ambiente perfetto per il tuo posto di lavoro.\" \/>\n<meta property=\"og:url\" content=\"https:\/\/www.accuratereviews.com\/it\/software-formazione-online\/looop-recensione\/\" \/>\n<meta property=\"og:site_name\" content=\"Accurate Reviews\" \/>\n<meta property=\"article:modified_time\" content=\"2020-11-04T15:29:07+00:00\" \/>\n<meta property=\"og:image\" content=\"https:\/\/www.accuratereviews.com\/wp-content\/uploads\/2020\/07\/looop.png\" \/>\n\t<meta property=\"og:image:width\" content=\"1032\" \/>\n\t<meta property=\"og:image:height\" content=\"512\" \/>\n\t<meta property=\"og:image:type\" content=\"image\/png\" \/>\n<meta name=\"twitter:card\" content=\"summary_large_image\" \/>\n<meta name=\"twitter:label1\" content=\"Tempo di lettura stimato\" \/>\n\t<meta name=\"twitter:data1\" content=\"3 minuti\" \/>\n<script type=\"application\/ld+json\" class=\"yoast-schema-graph\">{\"@context\":\"https:\\\/\\\/schema.org\",\"@graph\":[{\"@type\":\"WebPage\",\"@id\":\"https:\\\/\\\/www.accuratereviews.com\\\/it\\\/software-formazione-online\\\/looop-recensione\\\/\",\"url\":\"https:\\\/\\\/www.accuratereviews.com\\\/it\\\/software-formazione-online\\\/looop-recensione\\\/\",\"name\":\"Looop: recensione software formazione online - Accurate Reviews\",\"isPartOf\":{\"@id\":\"https:\\\/\\\/www.accuratereviews.com\\\/it\\\/#website\"},\"primaryImageOfPage\":{\"@id\":\"https:\\\/\\\/www.accuratereviews.com\\\/it\\\/software-formazione-online\\\/looop-recensione\\\/#primaryimage\"},\"image\":{\"@id\":\"https:\\\/\\\/www.accuratereviews.com\\\/it\\\/software-formazione-online\\\/looop-recensione\\\/#primaryimage\"},\"thumbnailUrl\":\"https:\\\/\\\/www.accuratereviews.com\\\/wp-content\\\/uploads\\\/2020\\\/07\\\/looop.png\",\"datePublished\":\"2020-07-23T09:55:51+00:00\",\"dateModified\":\"2020-11-04T15:29:07+00:00\",\"description\":\"Looop: recensione sistema di formazione online robusto e di facile utilizzo\u00a0creato per aiutarti a progettare l'ambiente perfetto per il tuo posto di lavoro.\",\"breadcrumb\":{\"@id\":\"https:\\\/\\\/www.accuratereviews.com\\\/it\\\/software-formazione-online\\\/looop-recensione\\\/#breadcrumb\"},\"inLanguage\":\"it-IT\",\"potentialAction\":[{\"@type\":\"ReadAction\",\"target\":[\"https:\\\/\\\/www.accuratereviews.com\\\/it\\\/software-formazione-online\\\/looop-recensione\\\/\"]}]},{\"@type\":\"ImageObject\",\"inLanguage\":\"it-IT\",\"@id\":\"https:\\\/\\\/www.accuratereviews.com\\\/it\\\/software-formazione-online\\\/looop-recensione\\\/#primaryimage\",\"url\":\"https:\\\/\\\/www.accuratereviews.com\\\/wp-content\\\/uploads\\\/2020\\\/07\\\/looop.png\",\"contentUrl\":\"https:\\\/\\\/www.accuratereviews.com\\\/wp-content\\\/uploads\\\/2020\\\/07\\\/looop.png\",\"width\":1032,\"height\":512},{\"@type\":\"BreadcrumbList\",\"@id\":\"https:\\\/\\\/www.accuratereviews.com\\\/it\\\/software-formazione-online\\\/looop-recensione\\\/#breadcrumb\",\"itemListElement\":[{\"@type\":\"ListItem\",\"position\":1,\"name\":\"Home\",\"item\":\"https:\\\/\\\/www.accuratereviews.com\\\/it\\\/\"},{\"@type\":\"ListItem\",\"position\":2,\"name\":\"Software formazione online\",\"item\":\"https:\\\/\\\/www.accuratereviews.com\\\/it\\\/software-formazione-online\\\/\"},{\"@type\":\"ListItem\",\"position\":3,\"name\":\"Looop\"}]},{\"@type\":\"WebSite\",\"@id\":\"https:\\\/\\\/www.accuratereviews.com\\\/it\\\/#website\",\"url\":\"https:\\\/\\\/www.accuratereviews.com\\\/it\\\/\",\"name\":\"Accurate Reviews\",\"description\":\"\",\"potentialAction\":[{\"@type\":\"SearchAction\",\"target\":{\"@type\":\"EntryPoint\",\"urlTemplate\":\"https:\\\/\\\/www.accuratereviews.com\\\/it\\\/?s={search_term_string}\"},\"query-input\":{\"@type\":\"PropertyValueSpecification\",\"valueRequired\":true,\"valueName\":\"search_term_string\"}}],\"inLanguage\":\"it-IT\"}]}<\/script>\n<!-- \/ Yoast SEO plugin. -->","yoast_head_json":{"title":"Looop: recensione software formazione online - Accurate Reviews","description":"Looop: recensione sistema di formazione online robusto e di facile utilizzo\u00a0creato per aiutarti a progettare l'ambiente perfetto per il tuo posto di lavoro.","robots":{"index":"index","follow":"follow","max-snippet":"max-snippet:-1","max-image-preview":"max-image-preview:large","max-video-preview":"max-video-preview:-1"},"canonical":"https:\/\/www.accuratereviews.com\/it\/software-formazione-online\/looop-recensione\/","og_locale":"it_IT","og_type":"article","og_title":"Looop: recensione software formazione online - Accurate Reviews","og_description":"Looop: recensione sistema di formazione online robusto e di facile utilizzo\u00a0creato per aiutarti a progettare l'ambiente perfetto per il tuo posto di lavoro.","og_url":"https:\/\/www.accuratereviews.com\/it\/software-formazione-online\/looop-recensione\/","og_site_name":"Accurate Reviews","article_modified_time":"2020-11-04T15:29:07+00:00","og_image":[{"width":1032,"height":512,"url":"https:\/\/www.accuratereviews.com\/wp-content\/uploads\/2020\/07\/looop.png","type":"image\/png"}],"twitter_card":"summary_large_image","twitter_misc":{"Tempo di lettura stimato":"3 minuti"},"schema":{"@context":"https:\/\/schema.org","@graph":[{"@type":"WebPage","@id":"https:\/\/www.accuratereviews.com\/it\/software-formazione-online\/looop-recensione\/","url":"https:\/\/www.accuratereviews.com\/it\/software-formazione-online\/looop-recensione\/","name":"Looop: recensione software formazione online - Accurate Reviews","isPartOf":{"@id":"https:\/\/www.accuratereviews.com\/it\/#website"},"primaryImageOfPage":{"@id":"https:\/\/www.accuratereviews.com\/it\/software-formazione-online\/looop-recensione\/#primaryimage"},"image":{"@id":"https:\/\/www.accuratereviews.com\/it\/software-formazione-online\/looop-recensione\/#primaryimage"},"thumbnailUrl":"https:\/\/www.accuratereviews.com\/wp-content\/uploads\/2020\/07\/looop.png","datePublished":"2020-07-23T09:55:51+00:00","dateModified":"2020-11-04T15:29:07+00:00","description":"Looop: recensione sistema di formazione online robusto e di facile utilizzo\u00a0creato per aiutarti a progettare l'ambiente perfetto per il tuo posto di lavoro.","breadcrumb":{"@id":"https:\/\/www.accuratereviews.com\/it\/software-formazione-online\/looop-recensione\/#breadcrumb"},"inLanguage":"it-IT","potentialAction":[{"@type":"ReadAction","target":["https:\/\/www.accuratereviews.com\/it\/software-formazione-online\/looop-recensione\/"]}]},{"@type":"ImageObject","inLanguage":"it-IT","@id":"https:\/\/www.accuratereviews.com\/it\/software-formazione-online\/looop-recensione\/#primaryimage","url":"https:\/\/www.accuratereviews.com\/wp-content\/uploads\/2020\/07\/looop.png","contentUrl":"https:\/\/www.accuratereviews.com\/wp-content\/uploads\/2020\/07\/looop.png","width":1032,"height":512},{"@type":"BreadcrumbList","@id":"https:\/\/www.accuratereviews.com\/it\/software-formazione-online\/looop-recensione\/#breadcrumb","itemListElement":[{"@type":"ListItem","position":1,"name":"Home","item":"https:\/\/www.accuratereviews.com\/it\/"},{"@type":"ListItem","position":2,"name":"Software formazione online","item":"https:\/\/www.accuratereviews.com\/it\/software-formazione-online\/"},{"@type":"ListItem","position":3,"name":"Looop"}]},{"@type":"WebSite","@id":"https:\/\/www.accuratereviews.com\/it\/#website","url":"https:\/\/www.accuratereviews.com\/it\/","name":"Accurate Reviews","description":"","potentialAction":[{"@type":"SearchAction","target":{"@type":"EntryPoint","urlTemplate":"https:\/\/www.accuratereviews.com\/it\/?s={search_term_string}"},"query-input":{"@type":"PropertyValueSpecification","valueRequired":true,"valueName":"search_term_string"}}],"inLanguage":"it-IT"}]}},"_links":{"self":[{"href":"https:\/\/www.accuratereviews.com\/it\/wp-json\/wp\/v2\/pages\/28795","targetHints":{"allow":["GET"]}}],"collection":[{"href":"https:\/\/www.accuratereviews.com\/it\/wp-json\/wp\/v2\/pages"}],"about":[{"href":"https:\/\/www.accuratereviews.com\/it\/wp-json\/wp\/v2\/types\/page"}],"author":[{"embeddable":true,"href":"https:\/\/www.accuratereviews.com\/it\/wp-json\/wp\/v2\/users\/19"}],"replies":[{"embeddable":true,"href":"https:\/\/www.accuratereviews.com\/it\/wp-json\/wp\/v2\/comments?post=28795"}],"version-history":[{"count":8,"href":"https:\/\/www.accuratereviews.com\/it\/wp-json\/wp\/v2\/pages\/28795\/revisions"}],"predecessor-version":[{"id":28822,"href":"https:\/\/www.accuratereviews.com\/it\/wp-json\/wp\/v2\/pages\/28795\/revisions\/28822"}],"up":[{"embeddable":true,"href":"https:\/\/www.accuratereviews.com\/it\/wp-json\/wp\/v2\/pages\/28265"}],"wp:featuredmedia":[{"embeddable":true,"href":"https:\/\/www.accuratereviews.com\/it\/wp-json\/wp\/v2\/media\/28800"}],"wp:attachment":[{"href":"https:\/\/www.accuratereviews.com\/it\/wp-json\/wp\/v2\/media?parent=28795"}],"wp:term":[{"taxonomy":"category","embeddable":true,"href":"https:\/\/www.accuratereviews.com\/it\/wp-json\/wp\/v2\/categories?post=28795"},{"taxonomy":"post_tag","embeddable":true,"href":"https:\/\/www.accuratereviews.com\/it\/wp-json\/wp\/v2\/tags?post=28795"},{"taxonomy":"features","embeddable":true,"href":"https:\/\/www.accuratereviews.com\/it\/wp-json\/wp\/v2\/features?post=28795"}],"curies":[{"name":"wp","href":"https:\/\/api.w.org\/{rel}","templated":true}]}}