{"id":28808,"date":"2020-07-23T09:57:18","date_gmt":"2020-07-23T09:57:18","guid":{"rendered":"https:\/\/www.accuratereviews.com\/?page_id=28808"},"modified":"2020-07-23T09:57:18","modified_gmt":"2020-07-23T09:57:18","slug":"learnupon-recensione","status":"publish","type":"page","link":"https:\/\/www.accuratereviews.com\/it\/software-formazione-online\/learnupon-recensione\/","title":{"rendered":"LearnUpon"},"content":{"rendered":"<p><strong>LearnUpon<\/strong> \u00e8 un <strong>sistema di gestione dell&#8217;apprendimento online (LMS)<\/strong> progettato per soddisfare le esigenze di un&#8217;ampia gamma di aziende e istituti d&#8217;istituzioni. \u00c8 stato introdotto per mantenere aggiornati i propri dipendenti con tutte le informazioni necessarie.\u00a0Il software affronta alcuni problemi comuni e importanti che ostacolano l&#8217;esperienza di e-learning. Uno dei motivi per cui \u00e8 popolare \u00e8 che \u00e8 facile da usare e configurare, con un&#8217;interfaccia xAPI e SCORM intuitiva. Dietro il software ci sono strumenti educativi che rendono l&#8217;apprendimento online una soluzione avvincente. per le istituzioni e i loro dipendenti, nonch\u00e9 per studenti e fornitori di corsi.\u00a0L&#8217;applicazione semplifica la consegna di qualsiasi contenuto del corso, insieme agli esami. Ti consente di svolgere sondaggi per tenere traccia dei risultati e migliorare i progetti e le consegne dei corsi, oltre a rilasciare certificati e crediti.<\/p>\n<h2>LEARNUPON &#8211; TUTORIAL<\/h2>\n<p>Il tutorial illustra le principali funzioni di questo completo <strong>software di formazione online<\/strong>:<\/p>\n<div id=\"fluid-wrapper-counter-1\" class=\"g1-fluid-wrapper \" style=\"width:686px;\">\n<div style=\"padding-bottom:56.268221574344%;\"><iframe loading=\"lazy\" title=\"10 Considerations For Selecting an LMS\" width=\"686\" height=\"386\" src=\"https:\/\/www.youtube.com\/embed\/aa7-aZ4K4Ng?feature=oembed&amp;wmode=transparent&amp;autohide=1&amp;autoplay=0&amp;disablekb=0&amp;fs=1&amp;loop=0&amp;enablejsapi=1&amp;rel=0&amp;controls=2&amp;showinfo=0&amp;wmode=transparent&amp;autohide=2&amp;autoplay=0&amp;disablekb=0&amp;fs=1&amp;loop=0&amp;enablejsapi=1&amp;rel=0&amp;controls=2&amp;showinfo=1\" frameborder=\"0\" allow=\"accelerometer; autoplay; encrypted-media; gyroscope; picture-in-picture\" allowfullscreen><\/iframe><\/div>\n<\/div>\n<h3>LEARNUPON &#8211; CARATTERISTICHE<\/h3>\n<ul>\n<li><strong>Ambiente di apprendimento scalabile<\/strong>: la soluzione si impegna a darti l&#8217;apprendimento come dovrebbe essere. Il moderno LMS basato su cloud ti consente di formare dipendenti, partner e clienti utilizzando ambienti di apprendimento scalabili (multi-tenant), aiutandoti a raggiungere i tuoi obiettivi di apprendimento attraverso un&#8217;unica soluzione potente<\/li>\n<li><strong>Facile da configurare<\/strong>: a differenza di altre soluzioni LMS sul mercato, questo software \u00e8 appositamente progettato per essere potente e facile da usare<\/li>\n<li><strong>Supporto per pi\u00f9 formati:<\/strong> per i docenti, il programma offre un generatore di contenuti del corso fluido e facile da usare. Ospita diversi formati di file che semplificano la progettazione delle lezioni in modo pi\u00f9 efficace<\/li>\n<li><strong>LMS versatile e multifunzione:<\/strong> oltre al contenuto del corso online, ora gli utenti possono anche condurre esami, sondaggi e quiz online. Per gli istituti che offrono programmi di certificazione, ora possono progettare qualsiasi tipo di certificato grazie ai modelli pronti all&#8217;uso. Inoltre, \u00e8 possibile impostare le date di scadenza per i certificati<\/li>\n<li><strong>Segmentazione resa semplice<\/strong>: rende pi\u00f9 semplice che mai segmentare i tuoi studenti in diversi gruppi. \u00c8 possibile allocare cataloghi diversi a gruppi diversi e gestire i compiti. Inoltre, puoi assegnare ruoli diversi ai membri della tua facolt\u00e0 come istruttori, amministratore e manager, ecc&#8230;<\/li>\n<li><strong>Implementazione mobile senza problemi:<\/strong> per facilitare l&#8217;apprendimento per i tuoi studenti, fornisce un&#8217;interfaccia mobile reattiva. Il tuo sito web apparir\u00e0 altrettanto attraente su un dispositivo mobile come su un desktop<\/li>\n<li><strong>Mantieni il controllo delle tue operazioni con report accurati:<\/strong> tutte le informazioni nel tuo LMS sono presentate in rapporti accurati. Aiuta i tuoi manager a tenere d&#8217;occhio tutte le operazioni per garantire che tutto funzioni senza intoppi<\/li>\n<li><strong>Supporto per pi\u00f9 lingue<\/strong>: offre supporto multilingue. Ci\u00f2 garantisce che sia al servizio di istituti di diverse parti del mondo in modo equo ed efficace<\/li>\n<li><strong>Un portale unico per ogni cliente<\/strong>: puoi facilmente progettare sistemi di apprendimento personalizzati per ogni cliente, dipendente o rivenditore. Ci\u00f2 si ottiene attraverso un sottoportale reso unico per ogni cliente<\/li>\n<li><strong>Eccellente assistenza clienti<\/strong>: offre un solido supporto clienti supportato da personale cordiale che offre supporto 24 ore su 24, 7 giorni su 7, 365 giorni l&#8217;anno, nel caso in cui ne abbiate bisogno. Ha avviato la costituzione di un team di supporto globale in Australia, a Filadelfia e Dublino<\/li>\n<\/ul>\n<h4>LE RECENSIONI DEGLI UTENTI<\/h4>\n<h4 class=\"font-weight-bold my-1 d-flex align-items-center\">Margaret C.&#8221;Ottimo prodotto e servizio&#8221;<\/h4>\n<p><strong>Commenti: <\/strong>La mia esperienza complessiva con LearnUpon \u00e8 stata fantastica. Il team di supporto mi hanno aiutato a realizzare e costruire il nostro sito di formazione online da zero. Sono stati molto pazienti con me per quanto riguarda l&#8217;addestramento, la risposta alle mie domande e la risoluzione dei problemi che ho riscontrato.<\/p>\n<p><strong>Vantaggi: <\/strong>Il software \u00e8 molto facile da usare e versatile. Sono stato in grado di personalizzare la piattaforma per adattarla alle bande della nostra azienda e configurarla per le nostre esigenze molto specifiche. Mi piace anche il fatto che posso scegliere di creare un corso utilizzando un software di progettazione esterno, caricarlo facilmente e associarlo ad alcune delle funzionalit\u00e0 di progettazione gi\u00e0 integrate in LearnUpon come le funzioni di esame e sondaggio, oppure progettare l&#8217;intero corso completamente all&#8217;interno del Software.<\/p>\n<p><strong>Inconvenienti: <\/strong>L&#8217;unica necessit\u00e0 che ci manca \u00e8 la capacit\u00e0 di vendere prodotti tangibili tramite LearnUpon utilizzando la funzione di eCommerce integrata.<\/p>\n<h4 class=\"font-weight-bold my-1 d-flex align-items-center\">Tamara S.&#8221;Supporto intuitivo ed eccellente&#8221;<\/h4>\n<p><strong>Commenti: <\/strong>Dal momento che stiamo convertendo sessioni di formazione dal vivo in corsi digitali, LearnUpon ha reso facile la creazione di corsi di formazione standardizzati, professionali e approfonditi.<\/p>\n<p><strong>Vantaggi: <\/strong>LearnUpon \u00e8 estremamente intuitivo. Dopo pochi giorni di lavoro, mi sento gi\u00e0 competente e capace di creare corsi puliti e di alta qualit\u00e0. Alcuni dei suoi pi\u00f9 grandi appelli sono le ampie opportunit\u00e0 per amministratori e studenti di interagire attraverso compiti, feedback e notifiche. Inoltre, lo staff LU \u00e8 stato incredibilmente di supporto e piacevole con cui lavorare. Mi hanno indicato la direzione di molte risorse per aiutarmi a utilizzare appieno le funzionalit\u00e0 che LU ha da offrire.<\/p>\n<p><strong>Inconvenienti: <\/strong>Ci \u00e8 voluto uno sforzo maggiore per capire la relazione tra la libreria, il catalogo e i caricamenti delle risorse, ma nulla che non potesse essere facilmente spiegato o ricercato.<\/p>\n<h4 class=\"font-weight-bold my-1 d-flex align-items-center\">Stephen G.&#8221;Ottimo prodotto supportato da un super team di persone!&#8221;<\/h4>\n<p><strong>Commenti: <\/strong>Siamo stati uno dei primi clienti e l&#8217;unico fattore che ci consente costantemente di utilizzare la piattaforma, soprattutto, \u00e8 il fatto che il livello di servizio sin dal primo giorno (quando LearnUpon era solo all&#8217;inizio) era sorprendente. Dato che sono diventati leader nello spazio LMS, quel livello di servizio non \u00e8 mai cambiato.<\/p>\n<p><strong>Vantaggi: <\/strong>Abbiamo utilizzato e coinvolto (tramite i clienti) una vasta gamma di prodotti LMS. La soluzione LearnUpon \u00e8 di gran lunga una delle soluzioni pi\u00f9 semplici ed efficaci che abbiamo incontrato. Sono costantemente alla ricerca di aumentare la funzionalit\u00e0 e, a mio avviso, stanno lavorando ai margini degli ultimi sviluppi nelle soluzioni LMS.<\/p>\n<p><strong>Inconvenienti: <\/strong>Onestamente molto poco! Vorrei maggiore flessibilit\u00e0 riguardo alla messaggistica poich\u00e9 ci occupiamo sia del mercato B2B sia di B2C. Quest&#8217;ultimo richiede una maggiore frequenza per quanto riguarda la messaggistica, ma abbiamo trovato soluzioni semplici per lavorare insieme alla piattaforma LearnUpon.<\/p>\n","protected":false},"excerpt":{"rendered":"<p>LearnUpon \u00e8 un sistema di gestione dell&#8217;apprendimento online (LMS) progettato per soddisfare le esigenze di un&#8217;ampia gamma di aziende e istituti d&#8217;istituzioni. \u00c8 stato introdotto per mantenere aggiornati i propri dipendenti con tutte le informazioni necessarie.\u00a0Il software affronta alcuni problemi comuni e importanti che ostacolano l&#8217;esperienza di e-learning.<\/p>\n","protected":false},"author":19,"featured_media":0,"parent":28265,"menu_order":0,"comment_status":"open","ping_status":"closed","template":"g1_template_page_review_new.php","meta":{"_acf_changed":false,"cwp_meta_box_check":"Yes","cwp_rev_product_name":"","cwp_rev_product_image":"","wppr_links":[],"cwp_rev_price":"","wppr_options":[],"wppr_pros":[],"wppr_cons":[],"_monsterinsights_skip_tracking":false,"_monsterinsights_sitenote_active":false,"_monsterinsights_sitenote_note":"","_monsterinsights_sitenote_category":0,"footnotes":""},"categories":[3163],"tags":[3293,3257,3261,3167,3260,3166,3254,3164,3253,3165],"features":[],"class_list":{"0":"post-28808","1":"page","2":"type-page","3":"status-publish","5":"category-software-formazione-online","6":"tag-learnupon","7":"tag-lms","8":"tag-piattaforma-apprendimento-online","9":"tag-piattaforma-formazione-online","10":"tag-programma-apprendimento-online","11":"tag-programma-formazione-online","12":"tag-software-apprendimento-online","13":"tag-software-formazione-online","14":"tag-soluzione-apprendimento-online","15":"tag-soluzione-formazione-online"},"wppr_data":{"cwp_meta_box_check":"Yes","cwp_rev_product_name":"","cwp_rev_product_image":"","cwp_image_link":"image","cwp_rev_price":"","wppr_rating":"0.00"},"acf":[],"yoast_head":"<!-- This site is optimized with the Yoast SEO plugin v27.4 - https:\/\/yoast.com\/product\/yoast-seo-wordpress\/ -->\n<title>LearnUpon: recensione software formazione online- Accurate Reviews<\/title>\n<meta name=\"description\" content=\"LearnUpon: recensione sistema di gestione apprendimento online progettato per soddisfare le esigenze di un&#039;ampia gamma di aziende e istituti d&#039;istituzione.\" \/>\n<meta name=\"robots\" content=\"index, follow, max-snippet:-1, max-image-preview:large, max-video-preview:-1\" \/>\n<link rel=\"canonical\" href=\"https:\/\/www.accuratereviews.com\/it\/software-formazione-online\/learnupon-recensione\/\" \/>\n<meta property=\"og:locale\" content=\"it_IT\" \/>\n<meta property=\"og:type\" content=\"article\" \/>\n<meta property=\"og:title\" content=\"LearnUpon: recensione software formazione online- Accurate Reviews\" \/>\n<meta property=\"og:description\" content=\"LearnUpon: recensione sistema di gestione apprendimento online progettato per soddisfare le esigenze di un&#039;ampia gamma di aziende e istituti d&#039;istituzione.\" \/>\n<meta property=\"og:url\" content=\"https:\/\/www.accuratereviews.com\/it\/software-formazione-online\/learnupon-recensione\/\" \/>\n<meta property=\"og:site_name\" content=\"Accurate Reviews\" \/>\n<meta name=\"twitter:card\" content=\"summary_large_image\" \/>\n<meta name=\"twitter:label1\" content=\"Tempo di lettura stimato\" \/>\n\t<meta name=\"twitter:data1\" content=\"5 minuti\" \/>\n<script type=\"application\/ld+json\" class=\"yoast-schema-graph\">{\"@context\":\"https:\\\/\\\/schema.org\",\"@graph\":[{\"@type\":\"WebPage\",\"@id\":\"https:\\\/\\\/www.accuratereviews.com\\\/it\\\/software-formazione-online\\\/learnupon-recensione\\\/\",\"url\":\"https:\\\/\\\/www.accuratereviews.com\\\/it\\\/software-formazione-online\\\/learnupon-recensione\\\/\",\"name\":\"LearnUpon: recensione software formazione online- Accurate Reviews\",\"isPartOf\":{\"@id\":\"https:\\\/\\\/www.accuratereviews.com\\\/it\\\/#website\"},\"datePublished\":\"2020-07-23T09:57:18+00:00\",\"description\":\"LearnUpon: recensione sistema di gestione apprendimento online progettato per soddisfare le esigenze di un'ampia gamma di aziende e istituti d'istituzione.\",\"breadcrumb\":{\"@id\":\"https:\\\/\\\/www.accuratereviews.com\\\/it\\\/software-formazione-online\\\/learnupon-recensione\\\/#breadcrumb\"},\"inLanguage\":\"it-IT\",\"potentialAction\":[{\"@type\":\"ReadAction\",\"target\":[\"https:\\\/\\\/www.accuratereviews.com\\\/it\\\/software-formazione-online\\\/learnupon-recensione\\\/\"]}]},{\"@type\":\"BreadcrumbList\",\"@id\":\"https:\\\/\\\/www.accuratereviews.com\\\/it\\\/software-formazione-online\\\/learnupon-recensione\\\/#breadcrumb\",\"itemListElement\":[{\"@type\":\"ListItem\",\"position\":1,\"name\":\"Home\",\"item\":\"https:\\\/\\\/www.accuratereviews.com\\\/it\\\/\"},{\"@type\":\"ListItem\",\"position\":2,\"name\":\"Software formazione online\",\"item\":\"https:\\\/\\\/www.accuratereviews.com\\\/it\\\/software-formazione-online\\\/\"},{\"@type\":\"ListItem\",\"position\":3,\"name\":\"LearnUpon\"}]},{\"@type\":\"WebSite\",\"@id\":\"https:\\\/\\\/www.accuratereviews.com\\\/it\\\/#website\",\"url\":\"https:\\\/\\\/www.accuratereviews.com\\\/it\\\/\",\"name\":\"Accurate Reviews\",\"description\":\"\",\"potentialAction\":[{\"@type\":\"SearchAction\",\"target\":{\"@type\":\"EntryPoint\",\"urlTemplate\":\"https:\\\/\\\/www.accuratereviews.com\\\/it\\\/?s={search_term_string}\"},\"query-input\":{\"@type\":\"PropertyValueSpecification\",\"valueRequired\":true,\"valueName\":\"search_term_string\"}}],\"inLanguage\":\"it-IT\"}]}<\/script>\n<!-- \/ Yoast SEO plugin. -->","yoast_head_json":{"title":"LearnUpon: recensione software formazione online- Accurate Reviews","description":"LearnUpon: recensione sistema di gestione apprendimento online progettato per soddisfare le esigenze di un'ampia gamma di aziende e istituti d'istituzione.","robots":{"index":"index","follow":"follow","max-snippet":"max-snippet:-1","max-image-preview":"max-image-preview:large","max-video-preview":"max-video-preview:-1"},"canonical":"https:\/\/www.accuratereviews.com\/it\/software-formazione-online\/learnupon-recensione\/","og_locale":"it_IT","og_type":"article","og_title":"LearnUpon: recensione software formazione online- Accurate Reviews","og_description":"LearnUpon: recensione sistema di gestione apprendimento online progettato per soddisfare le esigenze di un'ampia gamma di aziende e istituti d'istituzione.","og_url":"https:\/\/www.accuratereviews.com\/it\/software-formazione-online\/learnupon-recensione\/","og_site_name":"Accurate Reviews","twitter_card":"summary_large_image","twitter_misc":{"Tempo di lettura stimato":"5 minuti"},"schema":{"@context":"https:\/\/schema.org","@graph":[{"@type":"WebPage","@id":"https:\/\/www.accuratereviews.com\/it\/software-formazione-online\/learnupon-recensione\/","url":"https:\/\/www.accuratereviews.com\/it\/software-formazione-online\/learnupon-recensione\/","name":"LearnUpon: recensione software formazione online- Accurate Reviews","isPartOf":{"@id":"https:\/\/www.accuratereviews.com\/it\/#website"},"datePublished":"2020-07-23T09:57:18+00:00","description":"LearnUpon: recensione sistema di gestione apprendimento online progettato per soddisfare le esigenze di un'ampia gamma di aziende e istituti d'istituzione.","breadcrumb":{"@id":"https:\/\/www.accuratereviews.com\/it\/software-formazione-online\/learnupon-recensione\/#breadcrumb"},"inLanguage":"it-IT","potentialAction":[{"@type":"ReadAction","target":["https:\/\/www.accuratereviews.com\/it\/software-formazione-online\/learnupon-recensione\/"]}]},{"@type":"BreadcrumbList","@id":"https:\/\/www.accuratereviews.com\/it\/software-formazione-online\/learnupon-recensione\/#breadcrumb","itemListElement":[{"@type":"ListItem","position":1,"name":"Home","item":"https:\/\/www.accuratereviews.com\/it\/"},{"@type":"ListItem","position":2,"name":"Software formazione online","item":"https:\/\/www.accuratereviews.com\/it\/software-formazione-online\/"},{"@type":"ListItem","position":3,"name":"LearnUpon"}]},{"@type":"WebSite","@id":"https:\/\/www.accuratereviews.com\/it\/#website","url":"https:\/\/www.accuratereviews.com\/it\/","name":"Accurate Reviews","description":"","potentialAction":[{"@type":"SearchAction","target":{"@type":"EntryPoint","urlTemplate":"https:\/\/www.accuratereviews.com\/it\/?s={search_term_string}"},"query-input":{"@type":"PropertyValueSpecification","valueRequired":true,"valueName":"search_term_string"}}],"inLanguage":"it-IT"}]}},"_links":{"self":[{"href":"https:\/\/www.accuratereviews.com\/it\/wp-json\/wp\/v2\/pages\/28808","targetHints":{"allow":["GET"]}}],"collection":[{"href":"https:\/\/www.accuratereviews.com\/it\/wp-json\/wp\/v2\/pages"}],"about":[{"href":"https:\/\/www.accuratereviews.com\/it\/wp-json\/wp\/v2\/types\/page"}],"author":[{"embeddable":true,"href":"https:\/\/www.accuratereviews.com\/it\/wp-json\/wp\/v2\/users\/19"}],"replies":[{"embeddable":true,"href":"https:\/\/www.accuratereviews.com\/it\/wp-json\/wp\/v2\/comments?post=28808"}],"version-history":[{"count":8,"href":"https:\/\/www.accuratereviews.com\/it\/wp-json\/wp\/v2\/pages\/28808\/revisions"}],"predecessor-version":[{"id":28824,"href":"https:\/\/www.accuratereviews.com\/it\/wp-json\/wp\/v2\/pages\/28808\/revisions\/28824"}],"up":[{"embeddable":true,"href":"https:\/\/www.accuratereviews.com\/it\/wp-json\/wp\/v2\/pages\/28265"}],"wp:attachment":[{"href":"https:\/\/www.accuratereviews.com\/it\/wp-json\/wp\/v2\/media?parent=28808"}],"wp:term":[{"taxonomy":"category","embeddable":true,"href":"https:\/\/www.accuratereviews.com\/it\/wp-json\/wp\/v2\/categories?post=28808"},{"taxonomy":"post_tag","embeddable":true,"href":"https:\/\/www.accuratereviews.com\/it\/wp-json\/wp\/v2\/tags?post=28808"},{"taxonomy":"features","embeddable":true,"href":"https:\/\/www.accuratereviews.com\/it\/wp-json\/wp\/v2\/features?post=28808"}],"curies":[{"name":"wp","href":"https:\/\/api.w.org\/{rel}","templated":true}]}}