{"id":28859,"date":"2020-07-24T11:50:58","date_gmt":"2020-07-24T11:50:58","guid":{"rendered":"https:\/\/www.accuratereviews.com\/?page_id=28859"},"modified":"2020-07-24T11:50:58","modified_gmt":"2020-07-24T11:50:58","slug":"eloomi-recensione","status":"publish","type":"page","link":"https:\/\/www.accuratereviews.com\/it\/software-formazione-online\/eloomi-recensione\/","title":{"rendered":"Eloomi"},"content":{"rendered":"<p><strong>Eloomi<\/strong> \u00e8 un <strong>sistema di gestione dell&#8217;apprendimento<\/strong> basato sul <strong>cloud<\/strong> (LMS) che offre alle aziende e alle organizzazioni una piattaforma semplice e amichevole che rende ogni strategia di apprendimento e ogni iniziativa un successo infallibile. Per i propri dipendenti offre una soluzione che consente loro di accedere facilmente a materiali, contenuti, notizie e istruzioni per garantire apprendimento e miglioramento continui.\u00a0Ottimizzato per desktop, laptop e dispositivi mobili, il programma \u00e8 uno strumento perfetto per la creazione e la distribuzione di istruzioni per l&#8217;apprendimento, programmi di formazione, moduli e linee guida tra l&#8217;altro per l&#8217;onboarding, lo sviluppo delle competenze, la formazione sulla conformit\u00e0 e altri scopi di apprendimento. Gli utenti sono in grado di raccogliere e analizzare informazioni per approfondimenti sulle loro strategie, nonch\u00e9 sulle prestazioni e sui progressi dei dipendenti.<\/p>\n<h2>ELOOMI &#8211; TUTORIAL<\/h2>\n<p>Guardiamo in pochi minuti cosa pu\u00f2 fare per te questo <strong>software di formazione online<\/strong>:<\/p>\n<div id=\"fluid-wrapper-counter-1\" class=\"g1-fluid-wrapper \" style=\"width:686px;\">\n<div style=\"padding-bottom:56.268221574344%;\"><iframe loading=\"lazy\" title=\"eloomi in 2 minutes\" width=\"686\" height=\"386\" src=\"https:\/\/www.youtube.com\/embed\/ac-Fb02HMq4?feature=oembed&amp;wmode=transparent&amp;autohide=1&amp;autoplay=0&amp;disablekb=0&amp;fs=1&amp;loop=0&amp;enablejsapi=1&amp;rel=0&amp;controls=2&amp;showinfo=0&amp;wmode=transparent&amp;autohide=2&amp;autoplay=0&amp;disablekb=0&amp;fs=1&amp;loop=0&amp;enablejsapi=1&amp;rel=0&amp;controls=2&amp;showinfo=1\" frameborder=\"0\" allow=\"accelerometer; autoplay; encrypted-media; gyroscope; picture-in-picture\" allowfullscreen><\/iframe><\/div>\n<\/div>\n<h3>ELOOMI &#8211; CARATTERISTICHE<\/h3>\n<ul>\n<li>Importa contenuti esistenti o creane di tuoi utilizzando il nostro generatore personalizzato<\/li>\n<li>Assegna i contenuti con pochi clic e avvisa automaticamente i dipendenti via email o SMS<\/li>\n<li>Mescola insieme diversi tipi di contenuti per creare un&#8217;esperienza di apprendimento unica<\/li>\n<li>Visualizza le statistiche a livello personale, dipartimentale o organizzativo<\/li>\n<li>Garantire il completamento della formazione con la fine del test del modulo<\/li>\n<li>Ottieni report standard predefiniti su conformit\u00e0, risultati dei test e altro<\/li>\n<li>Identifica e sviluppa talenti nella tua organizzazione<\/li>\n<li>Determinare le aree di miglioramento e agire immediatamente<\/li>\n<li>Crea report personalizzati filtrati per dati demografici, ruoli, apprendimento, competenze o conformit\u00e0<\/li>\n<li>I dipendenti possono accedere alla propria cronologia delle prestazioni per vedere fino a che punto si trovano nel processo di apprendimento e sviluppo<\/li>\n<li>Determina facilmente quali competenze possono essere migliorate e richiedi la formazione necessaria direttamente dalla piattaforma<\/li>\n<\/ul>\n<h4>LE RECENSIONI DEGLI UTENTI<\/h4>\n<h4 class=\"font-weight-bold my-1 d-flex align-items-center\">Elsa Z.&#8221;eloomi \u00e8 un&#8217;ottima esperienza di apprendimento!&#8221;<\/h4>\n<p><strong>Vantaggi: <\/strong>Il viaggio di allestimento con il team eloomi \u00e8 stata un&#8217;esperienza molto piacevole e divertente! Fin dall&#8217;inizio si ottiene un servizio personalizzato con una persona assegnata alla configurazione e alla distribuzione del sistema.<br \/>\nIl profilo dell&#8217;amministratore \u00e8 facile da usare e il team \u00e8 molto flessibile per personalizzare il sito come preferisci. Il software ti consente di visualizzare un processo di sviluppo completo e gestire il processo di apprendimento dei tuoi utenti in modo dinamico. Anche con la sezione gamification, gli utenti ottengono diversi badge per seguire l&#8217;apprendimento.<\/p>\n<p><strong>Inconvenienti: <\/strong>Sarebbe bello se gli utenti potessero scaricare un elenco completo o un catalogo di moduli disponibili.<\/p>\n<h4 class=\"font-weight-bold my-1 d-flex align-items-center\">Arianna M.&#8221;Fare il passaggio&#8221;<\/h4>\n<p><strong>Vantaggi: <\/strong>&#8211; API ragionevolmente aperte &#8211; buona integrazione con altri software HR\u00a0&#8211; Ottima interfaccia utente\u00a0&#8211; Facile da importare ed esportare contenuti\u00a0&#8211; In grado di personalizzare facilmente\u00a0&#8211; Buona funzionalit\u00e0 di costruzione del corso\u00a0&#8211; Ottimo supporto e servizio clienti<\/p>\n<p><strong>Inconvenienti: <\/strong>&#8211; Costo elevato, ma \u00e8 spiegato da un alto livello di funzionalit\u00e0<\/p>\n<h4 class=\"font-weight-bold my-1 d-flex align-items-center\">\u00d3lafur k\u00e1ri J.&#8221;La formazione resa semplice e su richiesta&#8221;<\/h4>\n<p><strong>Commenti: <\/strong>Dovevamo essere in grado di fornire materiale di formazione a un vasto pubblico all&#8217;interno della nostra organizzazione in modo semplice ed efficace. Finora Eloomi ha fornito un buon prodotto, permettendoci di impostare, implementare e assegnare la formazione in breve tempo. Il supporto fornito dal team Eloomi \u00e8 stato eccezionale e la loro disponibilit\u00e0 ad aiutarci a risolvere problemi \u00e8 eccellente. Se stai cercando una piattaforma di allenamento intuitiva, ti consiglio di provare Eloomi.<\/p>\n<p><strong>Vantaggi: <\/strong>Lavorare con Eloomi \u00e8 stato molto semplice. Quello che mi piace di pi\u00f9 del sistema \u00e8 la semplice interfaccia, la diversit\u00e0 e la capacit\u00e0 di gestire e monitorare le prestazioni attraverso un&#8217;ampia variet\u00e0 di tipi di allenamento. Configurare nuovi corsi, modificarli e assegnarli \u00e8 rapido, intuitivo e mi offre potenti opzioni per gestire ogni corso.<\/p>\n<p><strong>Inconvenienti: <\/strong>Assegnare corsi &#8220;dopo il fatto&#8221;, ad esempio rendere un corso obbligatorio per individui specifici dopo averlo gi\u00e0 assegnato a loro potrebbe essere pi\u00f9 malleabile e veloce.<\/p>\n","protected":false},"excerpt":{"rendered":"<p>Eloomi \u00e8 un sistema di gestione dell&#8217;apprendimento basato sul cloud (LMS) che offre alle aziende e alle organizzazioni una piattaforma semplice e amichevole che rende ogni strategia di apprendimento e ogni iniziativa un successo infallibile. Per i propri dipendenti offre una soluzione che consente loro di accedere facilmente a materiali, contenuti, notizie e istruzioni per garantire apprendimento e miglioramento continui.\u00a0<\/p>\n","protected":false},"author":19,"featured_media":28860,"parent":28265,"menu_order":0,"comment_status":"open","ping_status":"closed","template":"g1_template_page_review_new.php","meta":{"_acf_changed":false,"cwp_meta_box_check":"Yes","cwp_rev_product_name":"","cwp_rev_product_image":"","wppr_links":[],"cwp_rev_price":"","wppr_options":[],"wppr_pros":[],"wppr_cons":[],"_monsterinsights_skip_tracking":false,"_monsterinsights_sitenote_active":false,"_monsterinsights_sitenote_note":"","_monsterinsights_sitenote_category":0,"footnotes":""},"categories":[3163],"tags":[396,3298,3257,3297,3167,3260,3166,3254,3164,3253,3165],"features":[],"class_list":{"0":"post-28859","1":"page","2":"type-page","3":"status-publish","4":"has-post-thumbnail","6":"category-software-formazione-online","7":"tag-cloud","8":"tag-eloomi","9":"tag-lms","10":"tag-piattaforma-amministrazione-online","11":"tag-piattaforma-formazione-online","12":"tag-programma-apprendimento-online","13":"tag-programma-formazione-online","14":"tag-software-apprendimento-online","15":"tag-software-formazione-online","16":"tag-soluzione-apprendimento-online","17":"tag-soluzione-formazione-online"},"wppr_data":{"cwp_meta_box_check":"Yes","cwp_rev_product_name":"","cwp_rev_product_image":"","cwp_image_link":"image","cwp_rev_price":"","wppr_rating":"0.00"},"acf":[],"yoast_head":"<!-- This site is optimized with the Yoast SEO plugin v27.4 - https:\/\/yoast.com\/product\/yoast-seo-wordpress\/ -->\n<title>Eloomi: recensione software formazione online - Accurate Reviews<\/title>\n<meta name=\"description\" content=\"Eloomi: recensione sistema di formazione online basato sul cloud (LMS) che offre strategiene metodi efficaci di apprendimento.\" \/>\n<meta name=\"robots\" content=\"index, follow, max-snippet:-1, max-image-preview:large, max-video-preview:-1\" \/>\n<link rel=\"canonical\" href=\"https:\/\/www.accuratereviews.com\/it\/software-formazione-online\/eloomi-recensione\/\" \/>\n<meta property=\"og:locale\" content=\"it_IT\" \/>\n<meta property=\"og:type\" content=\"article\" \/>\n<meta property=\"og:title\" content=\"Eloomi: recensione software formazione online - Accurate Reviews\" \/>\n<meta property=\"og:description\" content=\"Eloomi: recensione sistema di formazione online basato sul cloud (LMS) che offre strategiene metodi efficaci di apprendimento.\" \/>\n<meta property=\"og:url\" content=\"https:\/\/www.accuratereviews.com\/it\/software-formazione-online\/eloomi-recensione\/\" \/>\n<meta property=\"og:site_name\" content=\"Accurate Reviews\" \/>\n<meta property=\"og:image\" content=\"https:\/\/www.accuratereviews.com\/wp-content\/uploads\/2020\/07\/eloomi.jpg\" \/>\n\t<meta property=\"og:image:width\" content=\"336\" \/>\n\t<meta property=\"og:image:height\" content=\"400\" \/>\n\t<meta property=\"og:image:type\" content=\"image\/jpeg\" \/>\n<meta name=\"twitter:card\" content=\"summary_large_image\" \/>\n<meta name=\"twitter:label1\" content=\"Tempo di lettura stimato\" \/>\n\t<meta name=\"twitter:data1\" content=\"3 minuti\" \/>\n<script type=\"application\/ld+json\" class=\"yoast-schema-graph\">{\"@context\":\"https:\\\/\\\/schema.org\",\"@graph\":[{\"@type\":\"WebPage\",\"@id\":\"https:\\\/\\\/www.accuratereviews.com\\\/it\\\/software-formazione-online\\\/eloomi-recensione\\\/\",\"url\":\"https:\\\/\\\/www.accuratereviews.com\\\/it\\\/software-formazione-online\\\/eloomi-recensione\\\/\",\"name\":\"Eloomi: recensione software formazione online - Accurate Reviews\",\"isPartOf\":{\"@id\":\"https:\\\/\\\/www.accuratereviews.com\\\/it\\\/#website\"},\"primaryImageOfPage\":{\"@id\":\"https:\\\/\\\/www.accuratereviews.com\\\/it\\\/software-formazione-online\\\/eloomi-recensione\\\/#primaryimage\"},\"image\":{\"@id\":\"https:\\\/\\\/www.accuratereviews.com\\\/it\\\/software-formazione-online\\\/eloomi-recensione\\\/#primaryimage\"},\"thumbnailUrl\":\"https:\\\/\\\/www.accuratereviews.com\\\/wp-content\\\/uploads\\\/2020\\\/07\\\/eloomi.jpg\",\"datePublished\":\"2020-07-24T11:50:58+00:00\",\"description\":\"Eloomi: recensione sistema di formazione online basato sul cloud (LMS) che offre strategiene metodi efficaci di apprendimento.\",\"breadcrumb\":{\"@id\":\"https:\\\/\\\/www.accuratereviews.com\\\/it\\\/software-formazione-online\\\/eloomi-recensione\\\/#breadcrumb\"},\"inLanguage\":\"it-IT\",\"potentialAction\":[{\"@type\":\"ReadAction\",\"target\":[\"https:\\\/\\\/www.accuratereviews.com\\\/it\\\/software-formazione-online\\\/eloomi-recensione\\\/\"]}]},{\"@type\":\"ImageObject\",\"inLanguage\":\"it-IT\",\"@id\":\"https:\\\/\\\/www.accuratereviews.com\\\/it\\\/software-formazione-online\\\/eloomi-recensione\\\/#primaryimage\",\"url\":\"https:\\\/\\\/www.accuratereviews.com\\\/wp-content\\\/uploads\\\/2020\\\/07\\\/eloomi.jpg\",\"contentUrl\":\"https:\\\/\\\/www.accuratereviews.com\\\/wp-content\\\/uploads\\\/2020\\\/07\\\/eloomi.jpg\",\"width\":336,\"height\":400},{\"@type\":\"BreadcrumbList\",\"@id\":\"https:\\\/\\\/www.accuratereviews.com\\\/it\\\/software-formazione-online\\\/eloomi-recensione\\\/#breadcrumb\",\"itemListElement\":[{\"@type\":\"ListItem\",\"position\":1,\"name\":\"Home\",\"item\":\"https:\\\/\\\/www.accuratereviews.com\\\/it\\\/\"},{\"@type\":\"ListItem\",\"position\":2,\"name\":\"Software formazione online\",\"item\":\"https:\\\/\\\/www.accuratereviews.com\\\/it\\\/software-formazione-online\\\/\"},{\"@type\":\"ListItem\",\"position\":3,\"name\":\"Eloomi\"}]},{\"@type\":\"WebSite\",\"@id\":\"https:\\\/\\\/www.accuratereviews.com\\\/it\\\/#website\",\"url\":\"https:\\\/\\\/www.accuratereviews.com\\\/it\\\/\",\"name\":\"Accurate Reviews\",\"description\":\"\",\"potentialAction\":[{\"@type\":\"SearchAction\",\"target\":{\"@type\":\"EntryPoint\",\"urlTemplate\":\"https:\\\/\\\/www.accuratereviews.com\\\/it\\\/?s={search_term_string}\"},\"query-input\":{\"@type\":\"PropertyValueSpecification\",\"valueRequired\":true,\"valueName\":\"search_term_string\"}}],\"inLanguage\":\"it-IT\"}]}<\/script>\n<!-- \/ Yoast SEO plugin. -->","yoast_head_json":{"title":"Eloomi: recensione software formazione online - Accurate Reviews","description":"Eloomi: recensione sistema di formazione online basato sul cloud (LMS) che offre strategiene metodi efficaci di apprendimento.","robots":{"index":"index","follow":"follow","max-snippet":"max-snippet:-1","max-image-preview":"max-image-preview:large","max-video-preview":"max-video-preview:-1"},"canonical":"https:\/\/www.accuratereviews.com\/it\/software-formazione-online\/eloomi-recensione\/","og_locale":"it_IT","og_type":"article","og_title":"Eloomi: recensione software formazione online - Accurate Reviews","og_description":"Eloomi: recensione sistema di formazione online basato sul cloud (LMS) che offre strategiene metodi efficaci di apprendimento.","og_url":"https:\/\/www.accuratereviews.com\/it\/software-formazione-online\/eloomi-recensione\/","og_site_name":"Accurate Reviews","og_image":[{"width":336,"height":400,"url":"https:\/\/www.accuratereviews.com\/wp-content\/uploads\/2020\/07\/eloomi.jpg","type":"image\/jpeg"}],"twitter_card":"summary_large_image","twitter_misc":{"Tempo di lettura stimato":"3 minuti"},"schema":{"@context":"https:\/\/schema.org","@graph":[{"@type":"WebPage","@id":"https:\/\/www.accuratereviews.com\/it\/software-formazione-online\/eloomi-recensione\/","url":"https:\/\/www.accuratereviews.com\/it\/software-formazione-online\/eloomi-recensione\/","name":"Eloomi: recensione software formazione online - Accurate Reviews","isPartOf":{"@id":"https:\/\/www.accuratereviews.com\/it\/#website"},"primaryImageOfPage":{"@id":"https:\/\/www.accuratereviews.com\/it\/software-formazione-online\/eloomi-recensione\/#primaryimage"},"image":{"@id":"https:\/\/www.accuratereviews.com\/it\/software-formazione-online\/eloomi-recensione\/#primaryimage"},"thumbnailUrl":"https:\/\/www.accuratereviews.com\/wp-content\/uploads\/2020\/07\/eloomi.jpg","datePublished":"2020-07-24T11:50:58+00:00","description":"Eloomi: recensione sistema di formazione online basato sul cloud (LMS) che offre strategiene metodi efficaci di apprendimento.","breadcrumb":{"@id":"https:\/\/www.accuratereviews.com\/it\/software-formazione-online\/eloomi-recensione\/#breadcrumb"},"inLanguage":"it-IT","potentialAction":[{"@type":"ReadAction","target":["https:\/\/www.accuratereviews.com\/it\/software-formazione-online\/eloomi-recensione\/"]}]},{"@type":"ImageObject","inLanguage":"it-IT","@id":"https:\/\/www.accuratereviews.com\/it\/software-formazione-online\/eloomi-recensione\/#primaryimage","url":"https:\/\/www.accuratereviews.com\/wp-content\/uploads\/2020\/07\/eloomi.jpg","contentUrl":"https:\/\/www.accuratereviews.com\/wp-content\/uploads\/2020\/07\/eloomi.jpg","width":336,"height":400},{"@type":"BreadcrumbList","@id":"https:\/\/www.accuratereviews.com\/it\/software-formazione-online\/eloomi-recensione\/#breadcrumb","itemListElement":[{"@type":"ListItem","position":1,"name":"Home","item":"https:\/\/www.accuratereviews.com\/it\/"},{"@type":"ListItem","position":2,"name":"Software formazione online","item":"https:\/\/www.accuratereviews.com\/it\/software-formazione-online\/"},{"@type":"ListItem","position":3,"name":"Eloomi"}]},{"@type":"WebSite","@id":"https:\/\/www.accuratereviews.com\/it\/#website","url":"https:\/\/www.accuratereviews.com\/it\/","name":"Accurate Reviews","description":"","potentialAction":[{"@type":"SearchAction","target":{"@type":"EntryPoint","urlTemplate":"https:\/\/www.accuratereviews.com\/it\/?s={search_term_string}"},"query-input":{"@type":"PropertyValueSpecification","valueRequired":true,"valueName":"search_term_string"}}],"inLanguage":"it-IT"}]}},"_links":{"self":[{"href":"https:\/\/www.accuratereviews.com\/it\/wp-json\/wp\/v2\/pages\/28859","targetHints":{"allow":["GET"]}}],"collection":[{"href":"https:\/\/www.accuratereviews.com\/it\/wp-json\/wp\/v2\/pages"}],"about":[{"href":"https:\/\/www.accuratereviews.com\/it\/wp-json\/wp\/v2\/types\/page"}],"author":[{"embeddable":true,"href":"https:\/\/www.accuratereviews.com\/it\/wp-json\/wp\/v2\/users\/19"}],"replies":[{"embeddable":true,"href":"https:\/\/www.accuratereviews.com\/it\/wp-json\/wp\/v2\/comments?post=28859"}],"version-history":[{"count":6,"href":"https:\/\/www.accuratereviews.com\/it\/wp-json\/wp\/v2\/pages\/28859\/revisions"}],"predecessor-version":[{"id":28906,"href":"https:\/\/www.accuratereviews.com\/it\/wp-json\/wp\/v2\/pages\/28859\/revisions\/28906"}],"up":[{"embeddable":true,"href":"https:\/\/www.accuratereviews.com\/it\/wp-json\/wp\/v2\/pages\/28265"}],"wp:featuredmedia":[{"embeddable":true,"href":"https:\/\/www.accuratereviews.com\/it\/wp-json\/wp\/v2\/media\/28860"}],"wp:attachment":[{"href":"https:\/\/www.accuratereviews.com\/it\/wp-json\/wp\/v2\/media?parent=28859"}],"wp:term":[{"taxonomy":"category","embeddable":true,"href":"https:\/\/www.accuratereviews.com\/it\/wp-json\/wp\/v2\/categories?post=28859"},{"taxonomy":"post_tag","embeddable":true,"href":"https:\/\/www.accuratereviews.com\/it\/wp-json\/wp\/v2\/tags?post=28859"},{"taxonomy":"features","embeddable":true,"href":"https:\/\/www.accuratereviews.com\/it\/wp-json\/wp\/v2\/features?post=28859"}],"curies":[{"name":"wp","href":"https:\/\/api.w.org\/{rel}","templated":true}]}}