{"id":28916,"date":"2020-07-27T08:45:11","date_gmt":"2020-07-27T08:45:11","guid":{"rendered":"https:\/\/www.accuratereviews.com\/?page_id=28916"},"modified":"2020-07-27T08:45:11","modified_gmt":"2020-07-27T08:45:11","slug":"kallidus-learn-recensione","status":"publish","type":"page","link":"https:\/\/www.accuratereviews.com\/it\/software-formazione-online\/kallidus-learn-recensione\/","title":{"rendered":"Kallidus Learn"},"content":{"rendered":"<p><strong>Kallidus Learn<\/strong> \u00e8 un <strong>sistema di gestione dell&#8217;apprendimento<\/strong> basato su <strong>cloud<\/strong> (LMS) con gestione della certificazione e della conformit\u00e0, una biblioteca di corsi integrata e conformit\u00e0 SCORM. Il sistema \u00e8 adatto a organizzazioni di grandi e medie dimensioni in svariati settori ed \u00e8 anche ottimizzato per i dispositivi mobili.\u00a0L&#8217;interfaccia del software\u00a0pu\u00f2 essere marchiata con colori e loghi aziendali e offre schede del corso preferito o della formazione di cui hai bisogno. \u00c8 possibile accedere al sistema in ufficio o fuori sede.\u00a0I manager hanno accesso al calendario, una breve panoramica dei progressi dei dipendenti, nonch\u00e9 dati pi\u00f9 dettagliati basati su individui o corsi. Il calendario mostra quali membri del team sono iscritti ai corsi, quando tali corsi devono essere completati e chi ha completato la maggior parte dei corsi. I manager possono anche inviare avvisi positivi ai dipendenti che hanno completato un numero significativo di corsi.<\/p>\n<h2>KALLIDUS LEARN &#8211; TUTORIAL<\/h2>\n<p>Guardiamo questo video con attenzione per vedere come utilizzare questo <strong>software di formazione online<\/strong>:<\/p>\n<div id=\"fluid-wrapper-counter-1\" class=\"g1-fluid-wrapper \" style=\"width:686px;\">\n<div style=\"padding-bottom:56.268221574344%;\"><iframe loading=\"lazy\" title=\"Kallidus Learn- An LMS designed for the modern learner\" width=\"686\" height=\"386\" src=\"https:\/\/www.youtube.com\/embed\/wySWy2cxtBk?feature=oembed&amp;wmode=transparent&amp;autohide=1&amp;autoplay=0&amp;disablekb=0&amp;fs=1&amp;loop=0&amp;enablejsapi=1&amp;rel=0&amp;controls=2&amp;showinfo=0&amp;wmode=transparent&amp;autohide=2&amp;autoplay=0&amp;disablekb=0&amp;fs=1&amp;loop=0&amp;enablejsapi=1&amp;rel=0&amp;controls=2&amp;showinfo=1\" frameborder=\"0\" allow=\"accelerometer; autoplay; encrypted-media; gyroscope; picture-in-picture\" allowfullscreen><\/iframe><\/div>\n<\/div>\n<h3>KALLIDUS LEARN &#8211; CARATTERISTICHE<\/h3>\n<ul>\n<li><strong>Esperienza utente:<\/strong> la soluzione \u00e8 leader del settore in termini di esperienza utente, con conseguente apprendimento approfondito e tassi di conformit\u00e0 elevati<\/li>\n<li><strong>Una vera partnership:<\/strong> dall&#8217;implementazione alla formazione per i tuoi studenti, il software ti guider\u00e0 in ogni fase come partner di apprendimento, non solo come societ\u00e0 di software<\/li>\n<li><strong>Sempre e ovunque:<\/strong> sia che tu stia guidando l&#8217;apprendimento tramite desktop, mobile o in classe, la soluzione \u00e8 sempre a disposizione<\/li>\n<li><strong>Apprendimento misto:<\/strong> ottieni il meglio da entrambi i mondi con un sistema di gestione della classe intuitivo e il meglio nella distribuzione di e-learning<\/li>\n<li><strong>Supporto illimitato:<\/strong> ricevi assistenza e competenza dal fantastico team di supporto con sede nel Regno Unito quando ne hai bisogno tramite live chat, telefono ed email<\/li>\n<li><strong>Rapporto per il successo:<\/strong> con dashboard di alto livello e rapporti approfonditi, consente di vedere facilmente quanto L&amp;D sta ottenendo nella tua organizzazione<\/li>\n<\/ul>\n<h4>LE RECENSIONI DEGLI UTENTI<\/h4>\n<h4 class=\"font-weight-bold my-1 d-flex align-items-center\">Matthew W.&#8221;Facile da usare&#8221;<\/h4>\n<p><strong>Commenti: <\/strong>Kallidus offre un eccellente servizio clienti con un rapido help desk e un&#8217;efficace gestione dell&#8217;account. Il prodotto \u00e8 stato un grande successo per noi e ci ha aiutato a rendere il nostro online pi\u00f9 accessibile per il personale.<\/p>\n<p><strong>Vantaggi: <\/strong>Gli utenti trovano che Learn sia facile da usare e non necessita di molte istruzioni. Il design della piattaforma consente agli utenti di trovare rapidamente i corsi che devono essere svolti e di prenotare corsi di formazione con facilit\u00e0. Il marchio personalizzato aiuta a far sembrare il sito un prodotto aziendale.<\/p>\n<p><strong>Inconvenienti: <\/strong>In termini di esigenze attuali, il sito li sta soddisfando e con aggiornamenti regolari promette di offrire di pi\u00f9.<\/p>\n<h4 class=\"font-weight-bold my-1 d-flex align-items-center\">George H.&#8221;LMS fantastico!&#8221;<\/h4>\n<p><strong>Vantaggi: <\/strong>Questo LMS \u00e8 geniale sia per un amministratore che per uno studente. Non solo il back-end ha tutte le funzionalit\u00e0 necessarie che sono facili da usare, ma dal punto di vista degli studenti il front-end ha un bell&#8217;aspetto ed \u00e8 migliorato enormemente rispetto alla versione precedente.<\/p>\n<p><strong>Inconvenienti: <\/strong>A volte ci sono troppi clic attraverso le funzioni per ottenere un compito semplice.<\/p>\n<h4 class=\"font-weight-bold my-1 d-flex align-items-center\">David D.&#8221;LMS: pratico e intuitivo&#8221;<\/h4>\n<p><strong>Commenti: <\/strong>Interfaccia dall&#8217;aspetto accattivante, ben accolta dagli utenti finali, &#8220;carte&#8221; di corso basate su tessere, descrizioni e informazioni sono davvero esatte<\/p>\n<p><strong>Vantaggi: <\/strong>facile da usare back-end e come studente, continua ricerca e sviluppo per provider (Kallidus) che offre nuove funzionalit\u00e0 e capacit\u00e0 mantenendole alla velocit\u00e0 del mercato<\/p>\n<p><strong>Inconvenienti: <\/strong>non c&#8217;\u00e8 molto da non gradire. Il reporting di Business Objects richiede una ragionevole serie di competenze se si desidera eseguire report di fascia alta, ma il report &#8220;di serie&#8221; copre il 99,9% di tutto ci\u00f2 di cui si avrebbe bisogno.<\/p>\n","protected":false},"excerpt":{"rendered":"<p>Kallidus Learn \u00e8 un sistema di gestione dell&#8217;apprendimento basato su cloud (LMS) con gestione della certificazione e della conformit\u00e0, una biblioteca di corsi integrata e conformit\u00e0 SCORM. Il sistema \u00e8 adatto a organizzazioni di grandi e medie dimensioni in svariati settori ed \u00e8 anche ottimizzato per i dispositivi mobili.\u00a0<\/p>\n","protected":false},"author":19,"featured_media":28921,"parent":28265,"menu_order":0,"comment_status":"open","ping_status":"closed","template":"g1_template_page_review_new.php","meta":{"_acf_changed":false,"cwp_meta_box_check":"Yes","cwp_rev_product_name":"","cwp_rev_product_image":"","wppr_links":[],"cwp_rev_price":"","wppr_options":[],"wppr_pros":[],"wppr_cons":[],"_monsterinsights_skip_tracking":false,"_monsterinsights_sitenote_active":false,"_monsterinsights_sitenote_note":"","_monsterinsights_sitenote_category":0,"footnotes":""},"categories":[3163],"tags":[396,3321,3257,3261,3167,3260,3166,3254,3164,3253,3165],"features":[],"class_list":{"0":"post-28916","1":"page","2":"type-page","3":"status-publish","4":"has-post-thumbnail","6":"category-software-formazione-online","7":"tag-cloud","8":"tag-kallidus-learn","9":"tag-lms","10":"tag-piattaforma-apprendimento-online","11":"tag-piattaforma-formazione-online","12":"tag-programma-apprendimento-online","13":"tag-programma-formazione-online","14":"tag-software-apprendimento-online","15":"tag-software-formazione-online","16":"tag-soluzione-apprendimento-online","17":"tag-soluzione-formazione-online"},"wppr_data":{"cwp_meta_box_check":"Yes","cwp_rev_product_name":"","cwp_rev_product_image":"","cwp_image_link":"image","cwp_rev_price":"","wppr_rating":"0.00"},"acf":[],"yoast_head":"<!-- This site is optimized with the Yoast SEO plugin v27.4 - https:\/\/yoast.com\/product\/yoast-seo-wordpress\/ -->\n<title>Kallidus Learn: recensione software formazione online - Accurate Reviews<\/title>\n<meta name=\"description\" content=\"Kallidus Learn: recensione sistema di gestione dell&#039;apprendimento basato su cloud (LMS) con gestione della certificazione e della conformit\u00e0.\" \/>\n<meta name=\"robots\" content=\"index, follow, max-snippet:-1, max-image-preview:large, max-video-preview:-1\" \/>\n<link rel=\"canonical\" href=\"https:\/\/www.accuratereviews.com\/it\/software-formazione-online\/kallidus-learn-recensione\/\" \/>\n<meta property=\"og:locale\" content=\"it_IT\" \/>\n<meta property=\"og:type\" content=\"article\" \/>\n<meta property=\"og:title\" content=\"Kallidus Learn: recensione software formazione online - Accurate Reviews\" \/>\n<meta property=\"og:description\" content=\"Kallidus Learn: recensione sistema di gestione dell&#039;apprendimento basato su cloud (LMS) con gestione della certificazione e della conformit\u00e0.\" \/>\n<meta property=\"og:url\" content=\"https:\/\/www.accuratereviews.com\/it\/software-formazione-online\/kallidus-learn-recensione\/\" \/>\n<meta property=\"og:site_name\" content=\"Accurate Reviews\" \/>\n<meta property=\"og:image\" content=\"https:\/\/www.accuratereviews.com\/wp-content\/uploads\/2020\/07\/Kallidus.jpg\" \/>\n\t<meta property=\"og:image:width\" content=\"301\" \/>\n\t<meta property=\"og:image:height\" content=\"320\" \/>\n\t<meta property=\"og:image:type\" content=\"image\/jpeg\" \/>\n<meta name=\"twitter:card\" content=\"summary_large_image\" \/>\n<meta name=\"twitter:label1\" content=\"Tempo di lettura stimato\" \/>\n\t<meta name=\"twitter:data1\" content=\"3 minuti\" \/>\n<script type=\"application\/ld+json\" class=\"yoast-schema-graph\">{\"@context\":\"https:\\\/\\\/schema.org\",\"@graph\":[{\"@type\":\"WebPage\",\"@id\":\"https:\\\/\\\/www.accuratereviews.com\\\/it\\\/software-formazione-online\\\/kallidus-learn-recensione\\\/\",\"url\":\"https:\\\/\\\/www.accuratereviews.com\\\/it\\\/software-formazione-online\\\/kallidus-learn-recensione\\\/\",\"name\":\"Kallidus Learn: recensione software formazione online - Accurate Reviews\",\"isPartOf\":{\"@id\":\"https:\\\/\\\/www.accuratereviews.com\\\/it\\\/#website\"},\"primaryImageOfPage\":{\"@id\":\"https:\\\/\\\/www.accuratereviews.com\\\/it\\\/software-formazione-online\\\/kallidus-learn-recensione\\\/#primaryimage\"},\"image\":{\"@id\":\"https:\\\/\\\/www.accuratereviews.com\\\/it\\\/software-formazione-online\\\/kallidus-learn-recensione\\\/#primaryimage\"},\"thumbnailUrl\":\"https:\\\/\\\/www.accuratereviews.com\\\/wp-content\\\/uploads\\\/2020\\\/07\\\/Kallidus.jpg\",\"datePublished\":\"2020-07-27T08:45:11+00:00\",\"description\":\"Kallidus Learn: recensione sistema di gestione dell'apprendimento basato su cloud (LMS) con gestione della certificazione e della conformit\u00e0.\",\"breadcrumb\":{\"@id\":\"https:\\\/\\\/www.accuratereviews.com\\\/it\\\/software-formazione-online\\\/kallidus-learn-recensione\\\/#breadcrumb\"},\"inLanguage\":\"it-IT\",\"potentialAction\":[{\"@type\":\"ReadAction\",\"target\":[\"https:\\\/\\\/www.accuratereviews.com\\\/it\\\/software-formazione-online\\\/kallidus-learn-recensione\\\/\"]}]},{\"@type\":\"ImageObject\",\"inLanguage\":\"it-IT\",\"@id\":\"https:\\\/\\\/www.accuratereviews.com\\\/it\\\/software-formazione-online\\\/kallidus-learn-recensione\\\/#primaryimage\",\"url\":\"https:\\\/\\\/www.accuratereviews.com\\\/wp-content\\\/uploads\\\/2020\\\/07\\\/Kallidus.jpg\",\"contentUrl\":\"https:\\\/\\\/www.accuratereviews.com\\\/wp-content\\\/uploads\\\/2020\\\/07\\\/Kallidus.jpg\",\"width\":301,\"height\":320},{\"@type\":\"BreadcrumbList\",\"@id\":\"https:\\\/\\\/www.accuratereviews.com\\\/it\\\/software-formazione-online\\\/kallidus-learn-recensione\\\/#breadcrumb\",\"itemListElement\":[{\"@type\":\"ListItem\",\"position\":1,\"name\":\"Home\",\"item\":\"https:\\\/\\\/www.accuratereviews.com\\\/it\\\/\"},{\"@type\":\"ListItem\",\"position\":2,\"name\":\"Software formazione online\",\"item\":\"https:\\\/\\\/www.accuratereviews.com\\\/it\\\/software-formazione-online\\\/\"},{\"@type\":\"ListItem\",\"position\":3,\"name\":\"Kallidus Learn\"}]},{\"@type\":\"WebSite\",\"@id\":\"https:\\\/\\\/www.accuratereviews.com\\\/it\\\/#website\",\"url\":\"https:\\\/\\\/www.accuratereviews.com\\\/it\\\/\",\"name\":\"Accurate Reviews\",\"description\":\"\",\"potentialAction\":[{\"@type\":\"SearchAction\",\"target\":{\"@type\":\"EntryPoint\",\"urlTemplate\":\"https:\\\/\\\/www.accuratereviews.com\\\/it\\\/?s={search_term_string}\"},\"query-input\":{\"@type\":\"PropertyValueSpecification\",\"valueRequired\":true,\"valueName\":\"search_term_string\"}}],\"inLanguage\":\"it-IT\"}]}<\/script>\n<!-- \/ Yoast SEO plugin. -->","yoast_head_json":{"title":"Kallidus Learn: recensione software formazione online - Accurate Reviews","description":"Kallidus Learn: recensione sistema di gestione dell'apprendimento basato su cloud (LMS) con gestione della certificazione e della conformit\u00e0.","robots":{"index":"index","follow":"follow","max-snippet":"max-snippet:-1","max-image-preview":"max-image-preview:large","max-video-preview":"max-video-preview:-1"},"canonical":"https:\/\/www.accuratereviews.com\/it\/software-formazione-online\/kallidus-learn-recensione\/","og_locale":"it_IT","og_type":"article","og_title":"Kallidus Learn: recensione software formazione online - Accurate Reviews","og_description":"Kallidus Learn: recensione sistema di gestione dell'apprendimento basato su cloud (LMS) con gestione della certificazione e della conformit\u00e0.","og_url":"https:\/\/www.accuratereviews.com\/it\/software-formazione-online\/kallidus-learn-recensione\/","og_site_name":"Accurate Reviews","og_image":[{"width":301,"height":320,"url":"https:\/\/www.accuratereviews.com\/wp-content\/uploads\/2020\/07\/Kallidus.jpg","type":"image\/jpeg"}],"twitter_card":"summary_large_image","twitter_misc":{"Tempo di lettura stimato":"3 minuti"},"schema":{"@context":"https:\/\/schema.org","@graph":[{"@type":"WebPage","@id":"https:\/\/www.accuratereviews.com\/it\/software-formazione-online\/kallidus-learn-recensione\/","url":"https:\/\/www.accuratereviews.com\/it\/software-formazione-online\/kallidus-learn-recensione\/","name":"Kallidus Learn: recensione software formazione online - Accurate Reviews","isPartOf":{"@id":"https:\/\/www.accuratereviews.com\/it\/#website"},"primaryImageOfPage":{"@id":"https:\/\/www.accuratereviews.com\/it\/software-formazione-online\/kallidus-learn-recensione\/#primaryimage"},"image":{"@id":"https:\/\/www.accuratereviews.com\/it\/software-formazione-online\/kallidus-learn-recensione\/#primaryimage"},"thumbnailUrl":"https:\/\/www.accuratereviews.com\/wp-content\/uploads\/2020\/07\/Kallidus.jpg","datePublished":"2020-07-27T08:45:11+00:00","description":"Kallidus Learn: recensione sistema di gestione dell'apprendimento basato su cloud (LMS) con gestione della certificazione e della conformit\u00e0.","breadcrumb":{"@id":"https:\/\/www.accuratereviews.com\/it\/software-formazione-online\/kallidus-learn-recensione\/#breadcrumb"},"inLanguage":"it-IT","potentialAction":[{"@type":"ReadAction","target":["https:\/\/www.accuratereviews.com\/it\/software-formazione-online\/kallidus-learn-recensione\/"]}]},{"@type":"ImageObject","inLanguage":"it-IT","@id":"https:\/\/www.accuratereviews.com\/it\/software-formazione-online\/kallidus-learn-recensione\/#primaryimage","url":"https:\/\/www.accuratereviews.com\/wp-content\/uploads\/2020\/07\/Kallidus.jpg","contentUrl":"https:\/\/www.accuratereviews.com\/wp-content\/uploads\/2020\/07\/Kallidus.jpg","width":301,"height":320},{"@type":"BreadcrumbList","@id":"https:\/\/www.accuratereviews.com\/it\/software-formazione-online\/kallidus-learn-recensione\/#breadcrumb","itemListElement":[{"@type":"ListItem","position":1,"name":"Home","item":"https:\/\/www.accuratereviews.com\/it\/"},{"@type":"ListItem","position":2,"name":"Software formazione online","item":"https:\/\/www.accuratereviews.com\/it\/software-formazione-online\/"},{"@type":"ListItem","position":3,"name":"Kallidus Learn"}]},{"@type":"WebSite","@id":"https:\/\/www.accuratereviews.com\/it\/#website","url":"https:\/\/www.accuratereviews.com\/it\/","name":"Accurate Reviews","description":"","potentialAction":[{"@type":"SearchAction","target":{"@type":"EntryPoint","urlTemplate":"https:\/\/www.accuratereviews.com\/it\/?s={search_term_string}"},"query-input":{"@type":"PropertyValueSpecification","valueRequired":true,"valueName":"search_term_string"}}],"inLanguage":"it-IT"}]}},"_links":{"self":[{"href":"https:\/\/www.accuratereviews.com\/it\/wp-json\/wp\/v2\/pages\/28916","targetHints":{"allow":["GET"]}}],"collection":[{"href":"https:\/\/www.accuratereviews.com\/it\/wp-json\/wp\/v2\/pages"}],"about":[{"href":"https:\/\/www.accuratereviews.com\/it\/wp-json\/wp\/v2\/types\/page"}],"author":[{"embeddable":true,"href":"https:\/\/www.accuratereviews.com\/it\/wp-json\/wp\/v2\/users\/19"}],"replies":[{"embeddable":true,"href":"https:\/\/www.accuratereviews.com\/it\/wp-json\/wp\/v2\/comments?post=28916"}],"version-history":[{"count":7,"href":"https:\/\/www.accuratereviews.com\/it\/wp-json\/wp\/v2\/pages\/28916\/revisions"}],"predecessor-version":[{"id":28977,"href":"https:\/\/www.accuratereviews.com\/it\/wp-json\/wp\/v2\/pages\/28916\/revisions\/28977"}],"up":[{"embeddable":true,"href":"https:\/\/www.accuratereviews.com\/it\/wp-json\/wp\/v2\/pages\/28265"}],"wp:featuredmedia":[{"embeddable":true,"href":"https:\/\/www.accuratereviews.com\/it\/wp-json\/wp\/v2\/media\/28921"}],"wp:attachment":[{"href":"https:\/\/www.accuratereviews.com\/it\/wp-json\/wp\/v2\/media?parent=28916"}],"wp:term":[{"taxonomy":"category","embeddable":true,"href":"https:\/\/www.accuratereviews.com\/it\/wp-json\/wp\/v2\/categories?post=28916"},{"taxonomy":"post_tag","embeddable":true,"href":"https:\/\/www.accuratereviews.com\/it\/wp-json\/wp\/v2\/tags?post=28916"},{"taxonomy":"features","embeddable":true,"href":"https:\/\/www.accuratereviews.com\/it\/wp-json\/wp\/v2\/features?post=28916"}],"curies":[{"name":"wp","href":"https:\/\/api.w.org\/{rel}","templated":true}]}}