{"id":28945,"date":"2020-07-27T08:49:28","date_gmt":"2020-07-27T08:49:28","guid":{"rendered":"https:\/\/www.accuratereviews.com\/?page_id=28945"},"modified":"2020-07-27T08:49:28","modified_gmt":"2020-07-27T08:49:28","slug":"accessplanit-recensione","status":"publish","type":"page","link":"https:\/\/www.accuratereviews.com\/it\/software-formazione-online\/accessplanit-recensione\/","title":{"rendered":"Accessplanit"},"content":{"rendered":"<p><strong>Accessplanit<\/strong> \u00e8 una <strong>soluzione di gestione della formazione<\/strong> basata su <strong>cloud<\/strong> che si rivolge ad aziende di tutte le dimensioni e le aiuta a gestire le sessioni e i corsi di apprendimento per il personale. La soluzione offre agli utenti opzioni per creare e gestire attivit\u00e0 quotidiane, cataloghi di corsi, amministrazione e altro. La piattaforma\u00a0automatizza i processi di fatturazione e integra le funzionalit\u00e0 di ecommerce per gestire le transazioni dei clienti. Le preferenze, le richieste dei clienti e altri elementi storici del cliente sono documentati e gestiti in un&#8217;unica interfaccia. Ci\u00f2 offre la possibilit\u00e0 di creare campagne di marketing personalizzate.\u00a0I report sono tutti automatizzati, cos\u00ec come i portali di e-Learning creati dall&#8217;utente in cui i dipendenti possono tenere traccia di tutti i loro corsi, webinar e altro. Inoltre, offre sondaggi e premi, funzionalit\u00e0 di CRM e gestione di corsi e risorse.<\/p>\n<h2>ACCESSPLANIT &#8211; TUTORIAL<\/h2>\n<p>Guardiamo il video per imparare come creare un video di formazione utilizzando questo software di apprendimento online:<\/p>\n<div id=\"fluid-wrapper-counter-1\" class=\"g1-fluid-wrapper \" style=\"width:686px;\">\n<div style=\"padding-bottom:56.268221574344%;\"><iframe loading=\"lazy\" title=\"Web Course setup in accessplanit for online training delivery\" width=\"686\" height=\"386\" src=\"https:\/\/www.youtube.com\/embed\/fuMUZgGul08?feature=oembed&amp;wmode=transparent&amp;autohide=1&amp;autoplay=0&amp;disablekb=0&amp;fs=1&amp;loop=0&amp;enablejsapi=1&amp;rel=0&amp;controls=2&amp;showinfo=0&amp;wmode=transparent&amp;autohide=2&amp;autoplay=0&amp;disablekb=0&amp;fs=1&amp;loop=0&amp;enablejsapi=1&amp;rel=0&amp;controls=2&amp;showinfo=1\" frameborder=\"0\" allow=\"accelerometer; autoplay; encrypted-media; gyroscope; picture-in-picture\" allowfullscreen><\/iframe><\/div>\n<\/div>\n<h3>ACCESSPLANIT &#8211; CARATTERISTICHE<\/h3>\n<ul>\n<li><strong>Gestione dei corsi<\/strong>: pianifica o modifica rapidamente i corsi con modelli riutilizzabili. Gestisci le cancellazioni, i trasferimenti e le liste di attesa e automatizza tutta la documentazione e le comunicazioni del corso con il semplice tocco di un pulsante<\/li>\n<li><strong>Risorse<\/strong>: un sistema di gestione della formazione ti aiuter\u00e0 a coordinare facilmente le risorse di cui hai bisogno, automatizzare le comunicazioni verso luoghi, formatori e studenti e fornir\u00e0 un&#8217;area di insegnamento personale per i tuoi istruttori, tutor e collaboratori per un evento di formazione<\/li>\n<li><strong>Finanza e fatturazione:<\/strong> gli strumenti finanziari e di fatturazione di facile utilizzo all&#8217;interno del software di gestione della formazione semplificano il controllo di tutte le questioni finanziarie. Esplora fatturazione automatizzata, prezzi promozionali e accetta pagamenti in pi\u00f9 valute<\/li>\n<li><strong>Comunicazioni<\/strong>: lascia che il potente motore del flusso di lavoro faccia il duro lavoro per te. Imposta regole e trigger e i flussi di lavoro automatizzeranno tutte le comunicazioni dalle email e le conferme di prenotazione ai promemoria delle attivit\u00e0<\/li>\n<li><strong>Vendite e marketing<\/strong>: cattura nuove prospettive di vendita e interagisci con i delegati esistenti, con campagne di marketing mirate. Quindi misura le tue prestazioni con Google Analytics completamente integrato nel sistema<\/li>\n<li><strong>Gestione clienti<\/strong>: potenzia la tua pipeline di vendita con una completa acquisizione dei dati dei clienti. Tieni traccia di tutto all&#8217;interno del tuo sistema di gestione della formazione, dalla frequenza dei corsi precedenti alla cronologia delle comunicazioni, per fornire un servizio sempre focalizzato sui tuoi clienti<\/li>\n<li><strong>Rapporti e approfondimenti<\/strong>: scopri approfondimenti senza precedenti nella tua attivit\u00e0 con strumenti di reporting di sistema intelligenti. Riceverai informazioni in tempo reale, statistiche e potenziali competenze e lacune di conformit\u00e0 a colpo d&#8217;occhio. Tutti i dati necessari per far crescere la tua attivit\u00e0 di formazione<\/li>\n<li><strong>Prenotazione e pagamento online<\/strong>: il software di gestione della formazione offre la prenotazione e il pagamento online dei corsi 24 ore su 24, 7 giorni su 7, cos\u00ec ora i tuoi studenti possono prenotare e pagare immediatamente la formazione<\/li>\n<\/ul>\n<h4>LE RECENSIONI DEGLI UTENTI<\/h4>\n<h5 class=\"font-weight-bold my-1 d-flex align-items-center\">Jo D.&#8221;Facile utilizzo di AccessPlanit&#8221;<\/h5>\n<p><strong>Commenti: <\/strong>Nel complesso sono soddisfatto del software, mi aiuta molto nel mio lavoro quotidiano.<\/p>\n<p><strong>Vantaggi: <\/strong>Lo trovo abbastanza facile da navigare e molto intuitivo.<br \/>\nI filtri indicano che le ricerche sono pi\u00f9 efficienti.<\/p>\n<p><strong>Inconvenienti: <\/strong>A volte pu\u00f2 andare in crash, il che pu\u00f2 rallentare le cose, ma tutto sommato \u00e8 abbastanza buono.<\/p>\n<h4 class=\"font-weight-bold my-1 d-flex align-items-center\">Katie B.&#8221;Sistema abbastanza buono per le aziende semplici&#8221;<\/h4>\n<p><strong>Commenti: <\/strong>La comunicazione potrebbe essere migliorata. Quando identificano un difetto, a volte siamo lasciati a noi stessi.\u00a0Nel complesso, il sistema \u00e8 buono. Ma poich\u00e9 abbiamo una gamma piuttosto complicata di prodotti nella nostra attivit\u00e0, non \u00e8 facile applicare il sistema a questo.<\/p>\n<p><strong>Vantaggi: <\/strong>La possibilit\u00e0 di disporre di un database ordinato in cui tutti gli utenti \/ aziende sono assegnati ai gruppi.<\/p>\n<p><strong>Inconvenienti: <\/strong>Nel corso dei tre anni in cui abbiamo avuto il software, il nostro Account Manager \u00e8 stato eccezionale. Tuttavia, ho recensioni contrastanti sull&#8217;assistenza clienti. Sebbene siano sempre molto pronti a rispondere, a volte sembra che non conoscano molto bene il sistema.<\/p>\n<h4 class=\"font-weight-bold my-1 d-flex align-items-center\">Chloe S.&#8221;Utente felice!&#8221;<\/h4>\n<p><strong>Commenti: <\/strong>Davvero buono ora \u00e8 tutto attivo e funzionante e abbiamo la maggior parte delle funzionalit\u00e0 in atto. In attesa di esplorare e utilizzare pi\u00f9 delle sue funzionalit\u00e0.<\/p>\n<p><strong>Vantaggi: <\/strong>La sostanziale differenza che ha fatto nel razionalizzare i processi e nel lavorare in modo pi\u00f9 efficiente permettendomi di effettuare prenotazioni. Segnalazione e avere tutte le informazioni sul corso in un unico posto.<\/p>\n<p><strong>Inconvenienti: <\/strong>Il tempo impiegato per implementare il vecchio sistema e quindi dover passare e ripetere le cose, ad es. trasferimento di elementi in flussi di lavoro. Difficile da inserire nel carico di lavoro corrente ecc.<\/p>\n<div class=\"ml-4 pl-4 border-left border-left__dotted i18n-translation_vendor_container\" data-translation-id=\"1788966\" data-translation-vendor-target=\"original\">\n<div class=\"d-flex flex-wrap flex-md-nowrap align-items-center\">\n<h4 class=\"h5 font-weight-bold\"><\/h4>\n<\/div>\n<\/div>\n","protected":false},"excerpt":{"rendered":"<p>Accessplanit \u00e8 una soluzione di gestione della formazione basata su cloud che si rivolge ad aziende di tutte le dimensioni e le aiuta a gestire le sessioni e i corsi di apprendimento per il personale. La soluzione offre agli utenti opzioni per creare e gestire attivit\u00e0 quotidiane, cataloghi di corsi, amministrazione e altro.<\/p>\n","protected":false},"author":19,"featured_media":28950,"parent":28265,"menu_order":0,"comment_status":"open","ping_status":"closed","template":"g1_template_page_review_new.php","meta":{"_acf_changed":false,"cwp_meta_box_check":"Yes","cwp_rev_product_name":"","cwp_rev_product_image":"","wppr_links":[],"cwp_rev_price":"","wppr_options":[],"wppr_pros":[],"wppr_cons":[],"_monsterinsights_skip_tracking":false,"_monsterinsights_sitenote_active":false,"_monsterinsights_sitenote_note":"","_monsterinsights_sitenote_category":0,"footnotes":""},"categories":[3163],"tags":[3336,396,3257,3261,3167,3254,3164,3253,3165],"features":[],"class_list":{"0":"post-28945","1":"page","2":"type-page","3":"status-publish","4":"has-post-thumbnail","6":"category-software-formazione-online","7":"tag-accessplanit","8":"tag-cloud","9":"tag-lms","10":"tag-piattaforma-apprendimento-online","11":"tag-piattaforma-formazione-online","12":"tag-software-apprendimento-online","13":"tag-software-formazione-online","14":"tag-soluzione-apprendimento-online","15":"tag-soluzione-formazione-online"},"wppr_data":{"cwp_meta_box_check":"Yes","cwp_rev_product_name":"","cwp_rev_product_image":"","cwp_image_link":"image","cwp_rev_price":"","wppr_rating":"0.00"},"acf":[],"yoast_head":"<!-- This site is optimized with the Yoast SEO plugin v27.4 - https:\/\/yoast.com\/product\/yoast-seo-wordpress\/ -->\n<title>Accessplanit: recensione software formazione online - Accurate Reviews<\/title>\n<meta name=\"description\" content=\"Accessplanit: recensione soluzione di gestione della formazione basata su cloud che si rivolge alle aziende e le aiuta a gestire i corsi di apprendimento.\" \/>\n<meta name=\"robots\" content=\"index, follow, max-snippet:-1, max-image-preview:large, max-video-preview:-1\" \/>\n<link rel=\"canonical\" href=\"https:\/\/www.accuratereviews.com\/it\/software-formazione-online\/accessplanit-recensione\/\" \/>\n<meta property=\"og:locale\" content=\"it_IT\" \/>\n<meta property=\"og:type\" content=\"article\" \/>\n<meta property=\"og:title\" content=\"Accessplanit: recensione software formazione online - Accurate Reviews\" \/>\n<meta property=\"og:description\" content=\"Accessplanit: recensione soluzione di gestione della formazione basata su cloud che si rivolge alle aziende e le aiuta a gestire i corsi di apprendimento.\" \/>\n<meta property=\"og:url\" content=\"https:\/\/www.accuratereviews.com\/it\/software-formazione-online\/accessplanit-recensione\/\" \/>\n<meta property=\"og:site_name\" content=\"Accurate Reviews\" \/>\n<meta property=\"og:image\" content=\"https:\/\/www.accuratereviews.com\/wp-content\/uploads\/2020\/07\/Accessplanit1.png\" \/>\n\t<meta property=\"og:image:width\" content=\"256\" \/>\n\t<meta property=\"og:image:height\" content=\"256\" \/>\n\t<meta property=\"og:image:type\" content=\"image\/png\" \/>\n<meta name=\"twitter:card\" content=\"summary_large_image\" \/>\n<meta name=\"twitter:label1\" content=\"Tempo di lettura stimato\" \/>\n\t<meta name=\"twitter:data1\" content=\"4 minuti\" \/>\n<script type=\"application\/ld+json\" class=\"yoast-schema-graph\">{\"@context\":\"https:\\\/\\\/schema.org\",\"@graph\":[{\"@type\":\"WebPage\",\"@id\":\"https:\\\/\\\/www.accuratereviews.com\\\/it\\\/software-formazione-online\\\/accessplanit-recensione\\\/\",\"url\":\"https:\\\/\\\/www.accuratereviews.com\\\/it\\\/software-formazione-online\\\/accessplanit-recensione\\\/\",\"name\":\"Accessplanit: recensione software formazione online - Accurate Reviews\",\"isPartOf\":{\"@id\":\"https:\\\/\\\/www.accuratereviews.com\\\/it\\\/#website\"},\"primaryImageOfPage\":{\"@id\":\"https:\\\/\\\/www.accuratereviews.com\\\/it\\\/software-formazione-online\\\/accessplanit-recensione\\\/#primaryimage\"},\"image\":{\"@id\":\"https:\\\/\\\/www.accuratereviews.com\\\/it\\\/software-formazione-online\\\/accessplanit-recensione\\\/#primaryimage\"},\"thumbnailUrl\":\"https:\\\/\\\/www.accuratereviews.com\\\/wp-content\\\/uploads\\\/2020\\\/07\\\/Accessplanit1.png\",\"datePublished\":\"2020-07-27T08:49:28+00:00\",\"description\":\"Accessplanit: recensione soluzione di gestione della formazione basata su cloud che si rivolge alle aziende e le aiuta a gestire i corsi di apprendimento.\",\"breadcrumb\":{\"@id\":\"https:\\\/\\\/www.accuratereviews.com\\\/it\\\/software-formazione-online\\\/accessplanit-recensione\\\/#breadcrumb\"},\"inLanguage\":\"it-IT\",\"potentialAction\":[{\"@type\":\"ReadAction\",\"target\":[\"https:\\\/\\\/www.accuratereviews.com\\\/it\\\/software-formazione-online\\\/accessplanit-recensione\\\/\"]}]},{\"@type\":\"ImageObject\",\"inLanguage\":\"it-IT\",\"@id\":\"https:\\\/\\\/www.accuratereviews.com\\\/it\\\/software-formazione-online\\\/accessplanit-recensione\\\/#primaryimage\",\"url\":\"https:\\\/\\\/www.accuratereviews.com\\\/wp-content\\\/uploads\\\/2020\\\/07\\\/Accessplanit1.png\",\"contentUrl\":\"https:\\\/\\\/www.accuratereviews.com\\\/wp-content\\\/uploads\\\/2020\\\/07\\\/Accessplanit1.png\",\"width\":256,\"height\":256},{\"@type\":\"BreadcrumbList\",\"@id\":\"https:\\\/\\\/www.accuratereviews.com\\\/it\\\/software-formazione-online\\\/accessplanit-recensione\\\/#breadcrumb\",\"itemListElement\":[{\"@type\":\"ListItem\",\"position\":1,\"name\":\"Home\",\"item\":\"https:\\\/\\\/www.accuratereviews.com\\\/it\\\/\"},{\"@type\":\"ListItem\",\"position\":2,\"name\":\"Software formazione online\",\"item\":\"https:\\\/\\\/www.accuratereviews.com\\\/it\\\/software-formazione-online\\\/\"},{\"@type\":\"ListItem\",\"position\":3,\"name\":\"Accessplanit\"}]},{\"@type\":\"WebSite\",\"@id\":\"https:\\\/\\\/www.accuratereviews.com\\\/it\\\/#website\",\"url\":\"https:\\\/\\\/www.accuratereviews.com\\\/it\\\/\",\"name\":\"Accurate Reviews\",\"description\":\"\",\"potentialAction\":[{\"@type\":\"SearchAction\",\"target\":{\"@type\":\"EntryPoint\",\"urlTemplate\":\"https:\\\/\\\/www.accuratereviews.com\\\/it\\\/?s={search_term_string}\"},\"query-input\":{\"@type\":\"PropertyValueSpecification\",\"valueRequired\":true,\"valueName\":\"search_term_string\"}}],\"inLanguage\":\"it-IT\"}]}<\/script>\n<!-- \/ Yoast SEO plugin. -->","yoast_head_json":{"title":"Accessplanit: recensione software formazione online - Accurate Reviews","description":"Accessplanit: recensione soluzione di gestione della formazione basata su cloud che si rivolge alle aziende e le aiuta a gestire i corsi di apprendimento.","robots":{"index":"index","follow":"follow","max-snippet":"max-snippet:-1","max-image-preview":"max-image-preview:large","max-video-preview":"max-video-preview:-1"},"canonical":"https:\/\/www.accuratereviews.com\/it\/software-formazione-online\/accessplanit-recensione\/","og_locale":"it_IT","og_type":"article","og_title":"Accessplanit: recensione software formazione online - Accurate Reviews","og_description":"Accessplanit: recensione soluzione di gestione della formazione basata su cloud che si rivolge alle aziende e le aiuta a gestire i corsi di apprendimento.","og_url":"https:\/\/www.accuratereviews.com\/it\/software-formazione-online\/accessplanit-recensione\/","og_site_name":"Accurate Reviews","og_image":[{"width":256,"height":256,"url":"https:\/\/www.accuratereviews.com\/wp-content\/uploads\/2020\/07\/Accessplanit1.png","type":"image\/png"}],"twitter_card":"summary_large_image","twitter_misc":{"Tempo di lettura stimato":"4 minuti"},"schema":{"@context":"https:\/\/schema.org","@graph":[{"@type":"WebPage","@id":"https:\/\/www.accuratereviews.com\/it\/software-formazione-online\/accessplanit-recensione\/","url":"https:\/\/www.accuratereviews.com\/it\/software-formazione-online\/accessplanit-recensione\/","name":"Accessplanit: recensione software formazione online - Accurate Reviews","isPartOf":{"@id":"https:\/\/www.accuratereviews.com\/it\/#website"},"primaryImageOfPage":{"@id":"https:\/\/www.accuratereviews.com\/it\/software-formazione-online\/accessplanit-recensione\/#primaryimage"},"image":{"@id":"https:\/\/www.accuratereviews.com\/it\/software-formazione-online\/accessplanit-recensione\/#primaryimage"},"thumbnailUrl":"https:\/\/www.accuratereviews.com\/wp-content\/uploads\/2020\/07\/Accessplanit1.png","datePublished":"2020-07-27T08:49:28+00:00","description":"Accessplanit: recensione soluzione di gestione della formazione basata su cloud che si rivolge alle aziende e le aiuta a gestire i corsi di apprendimento.","breadcrumb":{"@id":"https:\/\/www.accuratereviews.com\/it\/software-formazione-online\/accessplanit-recensione\/#breadcrumb"},"inLanguage":"it-IT","potentialAction":[{"@type":"ReadAction","target":["https:\/\/www.accuratereviews.com\/it\/software-formazione-online\/accessplanit-recensione\/"]}]},{"@type":"ImageObject","inLanguage":"it-IT","@id":"https:\/\/www.accuratereviews.com\/it\/software-formazione-online\/accessplanit-recensione\/#primaryimage","url":"https:\/\/www.accuratereviews.com\/wp-content\/uploads\/2020\/07\/Accessplanit1.png","contentUrl":"https:\/\/www.accuratereviews.com\/wp-content\/uploads\/2020\/07\/Accessplanit1.png","width":256,"height":256},{"@type":"BreadcrumbList","@id":"https:\/\/www.accuratereviews.com\/it\/software-formazione-online\/accessplanit-recensione\/#breadcrumb","itemListElement":[{"@type":"ListItem","position":1,"name":"Home","item":"https:\/\/www.accuratereviews.com\/it\/"},{"@type":"ListItem","position":2,"name":"Software formazione online","item":"https:\/\/www.accuratereviews.com\/it\/software-formazione-online\/"},{"@type":"ListItem","position":3,"name":"Accessplanit"}]},{"@type":"WebSite","@id":"https:\/\/www.accuratereviews.com\/it\/#website","url":"https:\/\/www.accuratereviews.com\/it\/","name":"Accurate Reviews","description":"","potentialAction":[{"@type":"SearchAction","target":{"@type":"EntryPoint","urlTemplate":"https:\/\/www.accuratereviews.com\/it\/?s={search_term_string}"},"query-input":{"@type":"PropertyValueSpecification","valueRequired":true,"valueName":"search_term_string"}}],"inLanguage":"it-IT"}]}},"_links":{"self":[{"href":"https:\/\/www.accuratereviews.com\/it\/wp-json\/wp\/v2\/pages\/28945","targetHints":{"allow":["GET"]}}],"collection":[{"href":"https:\/\/www.accuratereviews.com\/it\/wp-json\/wp\/v2\/pages"}],"about":[{"href":"https:\/\/www.accuratereviews.com\/it\/wp-json\/wp\/v2\/types\/page"}],"author":[{"embeddable":true,"href":"https:\/\/www.accuratereviews.com\/it\/wp-json\/wp\/v2\/users\/19"}],"replies":[{"embeddable":true,"href":"https:\/\/www.accuratereviews.com\/it\/wp-json\/wp\/v2\/comments?post=28945"}],"version-history":[{"count":8,"href":"https:\/\/www.accuratereviews.com\/it\/wp-json\/wp\/v2\/pages\/28945\/revisions"}],"predecessor-version":[{"id":31872,"href":"https:\/\/www.accuratereviews.com\/it\/wp-json\/wp\/v2\/pages\/28945\/revisions\/31872"}],"up":[{"embeddable":true,"href":"https:\/\/www.accuratereviews.com\/it\/wp-json\/wp\/v2\/pages\/28265"}],"wp:featuredmedia":[{"embeddable":true,"href":"https:\/\/www.accuratereviews.com\/it\/wp-json\/wp\/v2\/media\/28950"}],"wp:attachment":[{"href":"https:\/\/www.accuratereviews.com\/it\/wp-json\/wp\/v2\/media?parent=28945"}],"wp:term":[{"taxonomy":"category","embeddable":true,"href":"https:\/\/www.accuratereviews.com\/it\/wp-json\/wp\/v2\/categories?post=28945"},{"taxonomy":"post_tag","embeddable":true,"href":"https:\/\/www.accuratereviews.com\/it\/wp-json\/wp\/v2\/tags?post=28945"},{"taxonomy":"features","embeddable":true,"href":"https:\/\/www.accuratereviews.com\/it\/wp-json\/wp\/v2\/features?post=28945"}],"curies":[{"name":"wp","href":"https:\/\/api.w.org\/{rel}","templated":true}]}}