{"id":29043,"date":"2020-07-28T11:22:19","date_gmt":"2020-07-28T11:22:19","guid":{"rendered":"https:\/\/www.accuratereviews.com\/?page_id=29043"},"modified":"2020-11-05T14:29:26","modified_gmt":"2020-11-05T14:29:26","slug":"goskills-recensione","status":"publish","type":"page","link":"https:\/\/www.accuratereviews.com\/it\/software-formazione-online\/goskills-recensione\/","title":{"rendered":"GoSkills"},"content":{"rendered":"<p><strong>GoSkills<\/strong> offre a privati \u200b\u200be aziende le competenze e gli strumenti necessari per prosperare e avere successo in un panorama della forza lavoro in continua evoluzione.\u00a0La piattaforma un sistema di <strong>gestione dell&#8217;apprendimento<\/strong> basato su <strong>cloud<\/strong> altamente adattabile a cui \u00e8 possibile accedere in qualsiasi momento e ovunque.\u00a0Le aziende di qualsiasi dimensione possono creare, tracciare e assegnare senza soluzione di continuit\u00e0 webinar, corsi, risorse online e corsi in aula.\u00a0<strong>GoSkills<\/strong> offre anche una serie di corsi coinvolgenti, personalizzati e orientati a colmare le lacune nelle competenze.\u00a0La piattaforma offre diversi programmi per l&#8217;apprendimento e lo sviluppo, tra cui Microsoft Excel, Microsoft Office, Project Management, Soft Skills, Design, Finanza, Sviluppo, Produttivit\u00e0 e Corsi Lean Six Sigma.<\/p>\n<h2>GOSKILLS &#8211; TUTORIAL<\/h2>\n<p>Vediamo come creare un sommario in\u00a0 Microsoft Word\u00a0utilizzando questo software di formazione online:<\/p>\n<div id=\"fluid-wrapper-counter-1\" class=\"g1-fluid-wrapper \" style=\"width:686px;\">\n<div style=\"padding-bottom:56.268221574344%;\"><iframe loading=\"lazy\" title=\"Create a Table of Contents In Word - Microsoft Word Basic &amp; Advanced (lesson 43) - GoSkills.com\" width=\"686\" height=\"386\" src=\"https:\/\/www.youtube.com\/embed\/7nuyV7DFUCw?feature=oembed&amp;wmode=transparent&amp;autohide=1&amp;autoplay=0&amp;disablekb=0&amp;fs=1&amp;loop=0&amp;enablejsapi=1&amp;rel=0&amp;controls=2&amp;showinfo=0&amp;wmode=transparent&amp;autohide=2&amp;autoplay=0&amp;disablekb=0&amp;fs=1&amp;loop=0&amp;enablejsapi=1&amp;rel=0&amp;controls=2&amp;showinfo=1\" frameborder=\"0\" allow=\"accelerometer; autoplay; clipboard-write; encrypted-media; gyroscope; picture-in-picture\" allowfullscreen><\/iframe><\/div>\n<\/div>\n<h3>GOSKILLS &#8211; CARATTERISTICHE<\/h3>\n<ul>\n<li>Crea i tuoi corsi collegandoti a qualsiasi contenuto sul web<\/li>\n<li>Apprendimento flessibile e personalizzato che si adatta al tuo programma.<\/li>\n<li>Crea team e assegna loro dei corsi<\/li>\n<li>Gli studenti possono tenere traccia dei propri obiettivi<\/li>\n<li>Apprendimento social (vedi cosa stanno imparando gli altri all&#8217;interno della tua organizzazione)<\/li>\n<li>Gamification<\/li>\n<li>Rapporti e analisi<\/li>\n<li>Accelera il tuo apprendimento concentrandoti su ci\u00f2 che conta di pi\u00f9 per te.<\/li>\n<li>Identifica i tuoi punti di forza e di debolezza con un rapido test di abilit\u00e0<\/li>\n<li>Tieni facilmente traccia dei tuoi progressi per vedere quanto hai imparato<\/li>\n<li>Guadagna badge per ogni risultato del corso che sblocchi<\/li>\n<li>Mostra le tue abilit\u00e0 sul tuo curriculum e su LinkedIn\u00a0profilo.<\/li>\n<\/ul>\n<h4>LE RECENSIONI DEGLI UTENTI<\/h4>\n<h4 class=\"font-weight-bold my-1 d-flex align-items-center\">Patrick C.&#8221;Programma completo per la formazione Lean Six Sigma&#8221;<\/h4>\n<p><strong>Commenti: <\/strong>Il loro supporto \u00e8 eccellente. Ogni volta che ho riscontrato un problema o ho avuto una domanda sulle loro immagini, ho ricevuto una risposta entro 24-48 ore.<\/p>\n<p><strong>Vantaggi: <\/strong>Lezioni che durano di solito tra 4 e 8 minuti, di cui ciascuna scorre in un ordine topico. I corsi che ho seguito sono stati su Lean Six Sigma e quell&#8217;argomento si sviluppa da una lezione all&#8217;altra, esattamente come dovrebbe essere insegnato. Ci sono problemi di pratica alla fine di ogni sezione e fogli di lavoro di pratica da completare che aiutano a far rispettare il materiale.<br \/>\nL&#8217;istruttore fornisce un feedback personale sulle sue esperienze, il che \u00e8 bello.<\/p>\n<p><strong>Inconvenienti: <\/strong>Potrebbero esserci alcune domande pratiche aggiuntive e l&#8217;esame finale potrebbe includere alcune nuove domande piuttosto che ripetere semplicemente le domande del quiz di fine lezione<\/p>\n<h4 class=\"font-weight-bold my-1 d-flex align-items-center\">Laura H.&#8221;Excel di base&#8221;<\/h4>\n<p><strong>Commenti: <\/strong>Ho imparato molte nuove funzionalit\u00e0 di Excel.<\/p>\n<p><strong>Vantaggi: <\/strong>Sono cos\u00ec felice di conoscere la potenza di Excel e di apprendere nuove funzionalit\u00e0 che posso utilizzare ogni giorno nel mio lavoro.<\/p>\n<p><strong>Inconvenienti: <\/strong>Mi piacerebbe usare tutte le funzionalit\u00e0 che ho appreso, ma sono preoccupato che alcune siano molto complicate e che possano essere difficili da replicare.<\/p>\n<h4 class=\"font-weight-bold my-1 d-flex align-items-center\">Michelle N.&#8221;Competenze di apprendimento nei miei tempi di fermo&#8221;<\/h4>\n<p><strong>Commenti: <\/strong>10 su 10 raccomanderebbero soprattutto con tutto questo &#8220;tempo libero&#8221; che abbiamo in questi giorni. Sono un assistente della mia azienda ma sto cercando di diventare una posizione di analista. Questi corsi mi hanno dato un&#8217;idea dell&#8217;inizio della modellistica finanziaria. Ci sono un sacco di scorciatoie e conoscenze &#8220;in campo&#8221; inestimabili che non puoi battere per questo prezzo mensile. Vorrei anche raccomandare questo software a qualcuno che vuole aumentare il proprio curriculum.<\/p>\n<p><strong>Vantaggi: <\/strong>Questo \u00e8 stato incredibilmente facile da usare e ho adorato il fatto che ogni lezione fosse di dimensioni ridotte. Non mi \u00e8 sembrato scoraggiante iniziare una lezione perch\u00e9 sarebbero stati di 10 minuti. L&#8217;istruttore del corso che ho seguito \u00e8 stato coinvolgente ed esilarante, \u00e8 stato meglio di alcuni corsi che ho seguito in un&#8217;universit\u00e0 statale!<\/p>\n<p><strong>Inconvenienti: <\/strong>Non mi \u00e8 piaciuto che ho dovuto pubblicare manualmente il mio certificato su LinkedIn, ma non \u00e8 un problema di GoSkills \u00e8 LinkedIn. Non ho davvero nessuna lamentela &#8211; \u00e8 perfetto.<\/p>\n","protected":false},"excerpt":{"rendered":"<p>GoSkills offre a privati \u200b\u200be aziende le competenze e gli strumenti necessari per prosperare e avere successo in un panorama della forza lavoro in continua evoluzione.\u00a0La piattaforma un sistema di gestione dell&#8217;apprendimento basato su cloud altamente adattabile a cui \u00e8 possibile accedere in qualsiasi momento e ovunque.\u00a0<\/p>\n","protected":false},"author":19,"featured_media":29067,"parent":28265,"menu_order":0,"comment_status":"open","ping_status":"closed","template":"g1_template_page_review_new.php","meta":{"_acf_changed":false,"cwp_meta_box_check":"Yes","cwp_rev_product_name":"","cwp_rev_product_image":"","wppr_links":[],"cwp_rev_price":"","wppr_options":[],"wppr_pros":[],"wppr_cons":[],"_monsterinsights_skip_tracking":false,"_monsterinsights_sitenote_active":false,"_monsterinsights_sitenote_note":"","_monsterinsights_sitenote_category":0,"footnotes":""},"categories":[3163],"tags":[396,3372,3261,3167,3260,3166,3254,3164,3253,3165],"features":[],"class_list":{"0":"post-29043","1":"page","2":"type-page","3":"status-publish","4":"has-post-thumbnail","6":"category-software-formazione-online","7":"tag-cloud","8":"tag-goskills","9":"tag-piattaforma-apprendimento-online","10":"tag-piattaforma-formazione-online","11":"tag-programma-apprendimento-online","12":"tag-programma-formazione-online","13":"tag-software-apprendimento-online","14":"tag-software-formazione-online","15":"tag-soluzione-apprendimento-online","16":"tag-soluzione-formazione-online"},"wppr_data":{"cwp_meta_box_check":"Yes","cwp_rev_product_name":"","cwp_rev_product_image":"","cwp_image_link":"image","cwp_rev_price":"","wppr_rating":"0.00"},"acf":[],"yoast_head":"<!-- This site is optimized with the Yoast SEO plugin v27.4 - https:\/\/yoast.com\/product\/yoast-seo-wordpress\/ -->\n<title>GoSkills: recensione software formazione online - Accurate Reviews<\/title>\n<meta name=\"description\" content=\"GoSkills: recensione software formazione online che offre a privati \u200b\u200be aziende le competenze e gli strumenti necessari per prosperare e avere successo.\" \/>\n<meta name=\"robots\" content=\"index, follow, max-snippet:-1, max-image-preview:large, max-video-preview:-1\" \/>\n<link rel=\"canonical\" href=\"https:\/\/www.accuratereviews.com\/it\/software-formazione-online\/goskills-recensione\/\" \/>\n<meta property=\"og:locale\" content=\"it_IT\" \/>\n<meta property=\"og:type\" content=\"article\" \/>\n<meta property=\"og:title\" content=\"GoSkills: recensione software formazione online - Accurate Reviews\" \/>\n<meta property=\"og:description\" content=\"GoSkills: recensione software formazione online che offre a privati \u200b\u200be aziende le competenze e gli strumenti necessari per prosperare e avere successo.\" \/>\n<meta property=\"og:url\" content=\"https:\/\/www.accuratereviews.com\/it\/software-formazione-online\/goskills-recensione\/\" \/>\n<meta property=\"og:site_name\" content=\"Accurate Reviews\" \/>\n<meta property=\"article:modified_time\" content=\"2020-11-05T14:29:26+00:00\" \/>\n<meta property=\"og:image\" content=\"https:\/\/www.accuratereviews.com\/wp-content\/uploads\/2020\/07\/GoSkills2.jpg\" \/>\n\t<meta property=\"og:image:width\" content=\"1500\" \/>\n\t<meta property=\"og:image:height\" content=\"938\" \/>\n\t<meta property=\"og:image:type\" content=\"image\/jpeg\" \/>\n<meta name=\"twitter:card\" content=\"summary_large_image\" \/>\n<meta name=\"twitter:label1\" content=\"Tempo di lettura stimato\" \/>\n\t<meta name=\"twitter:data1\" content=\"3 minuti\" \/>\n<script type=\"application\/ld+json\" class=\"yoast-schema-graph\">{\"@context\":\"https:\\\/\\\/schema.org\",\"@graph\":[{\"@type\":\"WebPage\",\"@id\":\"https:\\\/\\\/www.accuratereviews.com\\\/it\\\/software-formazione-online\\\/goskills-recensione\\\/\",\"url\":\"https:\\\/\\\/www.accuratereviews.com\\\/it\\\/software-formazione-online\\\/goskills-recensione\\\/\",\"name\":\"GoSkills: recensione software formazione online - Accurate Reviews\",\"isPartOf\":{\"@id\":\"https:\\\/\\\/www.accuratereviews.com\\\/it\\\/#website\"},\"primaryImageOfPage\":{\"@id\":\"https:\\\/\\\/www.accuratereviews.com\\\/it\\\/software-formazione-online\\\/goskills-recensione\\\/#primaryimage\"},\"image\":{\"@id\":\"https:\\\/\\\/www.accuratereviews.com\\\/it\\\/software-formazione-online\\\/goskills-recensione\\\/#primaryimage\"},\"thumbnailUrl\":\"https:\\\/\\\/www.accuratereviews.com\\\/wp-content\\\/uploads\\\/2020\\\/07\\\/GoSkills2.jpg\",\"datePublished\":\"2020-07-28T11:22:19+00:00\",\"dateModified\":\"2020-11-05T14:29:26+00:00\",\"description\":\"GoSkills: recensione software formazione online che offre a privati \u200b\u200be aziende le competenze e gli strumenti necessari per prosperare e avere successo.\",\"breadcrumb\":{\"@id\":\"https:\\\/\\\/www.accuratereviews.com\\\/it\\\/software-formazione-online\\\/goskills-recensione\\\/#breadcrumb\"},\"inLanguage\":\"it-IT\",\"potentialAction\":[{\"@type\":\"ReadAction\",\"target\":[\"https:\\\/\\\/www.accuratereviews.com\\\/it\\\/software-formazione-online\\\/goskills-recensione\\\/\"]}]},{\"@type\":\"ImageObject\",\"inLanguage\":\"it-IT\",\"@id\":\"https:\\\/\\\/www.accuratereviews.com\\\/it\\\/software-formazione-online\\\/goskills-recensione\\\/#primaryimage\",\"url\":\"https:\\\/\\\/www.accuratereviews.com\\\/wp-content\\\/uploads\\\/2020\\\/07\\\/GoSkills2.jpg\",\"contentUrl\":\"https:\\\/\\\/www.accuratereviews.com\\\/wp-content\\\/uploads\\\/2020\\\/07\\\/GoSkills2.jpg\",\"width\":1500,\"height\":938},{\"@type\":\"BreadcrumbList\",\"@id\":\"https:\\\/\\\/www.accuratereviews.com\\\/it\\\/software-formazione-online\\\/goskills-recensione\\\/#breadcrumb\",\"itemListElement\":[{\"@type\":\"ListItem\",\"position\":1,\"name\":\"Home\",\"item\":\"https:\\\/\\\/www.accuratereviews.com\\\/it\\\/\"},{\"@type\":\"ListItem\",\"position\":2,\"name\":\"Software formazione online\",\"item\":\"https:\\\/\\\/www.accuratereviews.com\\\/it\\\/software-formazione-online\\\/\"},{\"@type\":\"ListItem\",\"position\":3,\"name\":\"GoSkills\"}]},{\"@type\":\"WebSite\",\"@id\":\"https:\\\/\\\/www.accuratereviews.com\\\/it\\\/#website\",\"url\":\"https:\\\/\\\/www.accuratereviews.com\\\/it\\\/\",\"name\":\"Accurate Reviews\",\"description\":\"\",\"potentialAction\":[{\"@type\":\"SearchAction\",\"target\":{\"@type\":\"EntryPoint\",\"urlTemplate\":\"https:\\\/\\\/www.accuratereviews.com\\\/it\\\/?s={search_term_string}\"},\"query-input\":{\"@type\":\"PropertyValueSpecification\",\"valueRequired\":true,\"valueName\":\"search_term_string\"}}],\"inLanguage\":\"it-IT\"}]}<\/script>\n<!-- \/ Yoast SEO plugin. -->","yoast_head_json":{"title":"GoSkills: recensione software formazione online - Accurate Reviews","description":"GoSkills: recensione software formazione online che offre a privati \u200b\u200be aziende le competenze e gli strumenti necessari per prosperare e avere successo.","robots":{"index":"index","follow":"follow","max-snippet":"max-snippet:-1","max-image-preview":"max-image-preview:large","max-video-preview":"max-video-preview:-1"},"canonical":"https:\/\/www.accuratereviews.com\/it\/software-formazione-online\/goskills-recensione\/","og_locale":"it_IT","og_type":"article","og_title":"GoSkills: recensione software formazione online - Accurate Reviews","og_description":"GoSkills: recensione software formazione online che offre a privati \u200b\u200be aziende le competenze e gli strumenti necessari per prosperare e avere successo.","og_url":"https:\/\/www.accuratereviews.com\/it\/software-formazione-online\/goskills-recensione\/","og_site_name":"Accurate Reviews","article_modified_time":"2020-11-05T14:29:26+00:00","og_image":[{"width":1500,"height":938,"url":"https:\/\/www.accuratereviews.com\/wp-content\/uploads\/2020\/07\/GoSkills2.jpg","type":"image\/jpeg"}],"twitter_card":"summary_large_image","twitter_misc":{"Tempo di lettura stimato":"3 minuti"},"schema":{"@context":"https:\/\/schema.org","@graph":[{"@type":"WebPage","@id":"https:\/\/www.accuratereviews.com\/it\/software-formazione-online\/goskills-recensione\/","url":"https:\/\/www.accuratereviews.com\/it\/software-formazione-online\/goskills-recensione\/","name":"GoSkills: recensione software formazione online - Accurate Reviews","isPartOf":{"@id":"https:\/\/www.accuratereviews.com\/it\/#website"},"primaryImageOfPage":{"@id":"https:\/\/www.accuratereviews.com\/it\/software-formazione-online\/goskills-recensione\/#primaryimage"},"image":{"@id":"https:\/\/www.accuratereviews.com\/it\/software-formazione-online\/goskills-recensione\/#primaryimage"},"thumbnailUrl":"https:\/\/www.accuratereviews.com\/wp-content\/uploads\/2020\/07\/GoSkills2.jpg","datePublished":"2020-07-28T11:22:19+00:00","dateModified":"2020-11-05T14:29:26+00:00","description":"GoSkills: recensione software formazione online che offre a privati \u200b\u200be aziende le competenze e gli strumenti necessari per prosperare e avere successo.","breadcrumb":{"@id":"https:\/\/www.accuratereviews.com\/it\/software-formazione-online\/goskills-recensione\/#breadcrumb"},"inLanguage":"it-IT","potentialAction":[{"@type":"ReadAction","target":["https:\/\/www.accuratereviews.com\/it\/software-formazione-online\/goskills-recensione\/"]}]},{"@type":"ImageObject","inLanguage":"it-IT","@id":"https:\/\/www.accuratereviews.com\/it\/software-formazione-online\/goskills-recensione\/#primaryimage","url":"https:\/\/www.accuratereviews.com\/wp-content\/uploads\/2020\/07\/GoSkills2.jpg","contentUrl":"https:\/\/www.accuratereviews.com\/wp-content\/uploads\/2020\/07\/GoSkills2.jpg","width":1500,"height":938},{"@type":"BreadcrumbList","@id":"https:\/\/www.accuratereviews.com\/it\/software-formazione-online\/goskills-recensione\/#breadcrumb","itemListElement":[{"@type":"ListItem","position":1,"name":"Home","item":"https:\/\/www.accuratereviews.com\/it\/"},{"@type":"ListItem","position":2,"name":"Software formazione online","item":"https:\/\/www.accuratereviews.com\/it\/software-formazione-online\/"},{"@type":"ListItem","position":3,"name":"GoSkills"}]},{"@type":"WebSite","@id":"https:\/\/www.accuratereviews.com\/it\/#website","url":"https:\/\/www.accuratereviews.com\/it\/","name":"Accurate Reviews","description":"","potentialAction":[{"@type":"SearchAction","target":{"@type":"EntryPoint","urlTemplate":"https:\/\/www.accuratereviews.com\/it\/?s={search_term_string}"},"query-input":{"@type":"PropertyValueSpecification","valueRequired":true,"valueName":"search_term_string"}}],"inLanguage":"it-IT"}]}},"_links":{"self":[{"href":"https:\/\/www.accuratereviews.com\/it\/wp-json\/wp\/v2\/pages\/29043","targetHints":{"allow":["GET"]}}],"collection":[{"href":"https:\/\/www.accuratereviews.com\/it\/wp-json\/wp\/v2\/pages"}],"about":[{"href":"https:\/\/www.accuratereviews.com\/it\/wp-json\/wp\/v2\/types\/page"}],"author":[{"embeddable":true,"href":"https:\/\/www.accuratereviews.com\/it\/wp-json\/wp\/v2\/users\/19"}],"replies":[{"embeddable":true,"href":"https:\/\/www.accuratereviews.com\/it\/wp-json\/wp\/v2\/comments?post=29043"}],"version-history":[{"count":6,"href":"https:\/\/www.accuratereviews.com\/it\/wp-json\/wp\/v2\/pages\/29043\/revisions"}],"predecessor-version":[{"id":31915,"href":"https:\/\/www.accuratereviews.com\/it\/wp-json\/wp\/v2\/pages\/29043\/revisions\/31915"}],"up":[{"embeddable":true,"href":"https:\/\/www.accuratereviews.com\/it\/wp-json\/wp\/v2\/pages\/28265"}],"wp:featuredmedia":[{"embeddable":true,"href":"https:\/\/www.accuratereviews.com\/it\/wp-json\/wp\/v2\/media\/29067"}],"wp:attachment":[{"href":"https:\/\/www.accuratereviews.com\/it\/wp-json\/wp\/v2\/media?parent=29043"}],"wp:term":[{"taxonomy":"category","embeddable":true,"href":"https:\/\/www.accuratereviews.com\/it\/wp-json\/wp\/v2\/categories?post=29043"},{"taxonomy":"post_tag","embeddable":true,"href":"https:\/\/www.accuratereviews.com\/it\/wp-json\/wp\/v2\/tags?post=29043"},{"taxonomy":"features","embeddable":true,"href":"https:\/\/www.accuratereviews.com\/it\/wp-json\/wp\/v2\/features?post=29043"}],"curies":[{"name":"wp","href":"https:\/\/api.w.org\/{rel}","templated":true}]}}