{"id":29105,"date":"2020-07-28T11:23:44","date_gmt":"2020-07-28T11:23:44","guid":{"rendered":"https:\/\/www.accuratereviews.com\/?page_id=29105"},"modified":"2020-11-05T14:29:12","modified_gmt":"2020-11-05T14:29:12","slug":"skillsoft-recensione","status":"publish","type":"page","link":"https:\/\/www.accuratereviews.com\/it\/software-formazione-online\/skillsoft-recensione\/","title":{"rendered":"Skillsoft"},"content":{"rendered":"<p><strong>SkillSoft<\/strong> \u00e8 una <strong>soluzione di gestione dell&#8217;apprendimento<\/strong> basata su <strong>cloud<\/strong> utilizzata da aziende di ogni dimensione in settori quali servizi finanziari, assistenza sanitaria e manifatturiera. Gli utenti possono sfogliare il catalogo dei corsi in base all&#8217;argomento, al ruolo o alla funzione.\u00a0La soluzione offre consigli di apprendimento personalizzati, argomenti focalizzati e piani di apprendimento per gli studenti. I contenuti in primo piano basati sugli interessi degli utenti sono evidenziati nella schermata principale. Sono disponibili opzioni di ricerca avanzata come la ricerca full-text tra i contenuti. \u00c8 possibile organizzare e aggiungere segnalibri ai corsi preferiti. Le notifiche automatizzate possono essere inviate ai dipendenti sui nuovi contenuti aggiunti.\u00a0<strong>SkillSoft\u00a0<\/strong>supporta gli standard di e-learning AICC e SCORM. Vengono offerti anche strumenti di reporting. Inoltre, la soluzione fornisce agli utenti una pagina della community per seguire gli esperti in materia.<\/p>\n<h2>SKILLSOFT &#8211; TUTORIAL<\/h2>\n<p>Guardiamo come creare una lezione utilizzando questo <strong>software di formazione online<\/strong>:<\/p>\n<div id=\"fluid-wrapper-counter-1\" class=\"g1-fluid-wrapper \" style=\"width:686px;\">\n<div style=\"padding-bottom:56.268221574344%;\"><iframe loading=\"lazy\" title=\"Creating A Learning Program in Skillsoft\" width=\"686\" height=\"386\" src=\"https:\/\/www.youtube.com\/embed\/kFCgVIXgRAM?feature=oembed&amp;wmode=transparent&amp;autohide=1&amp;autoplay=0&amp;disablekb=0&amp;fs=1&amp;loop=0&amp;enablejsapi=1&amp;rel=0&amp;controls=2&amp;showinfo=0&amp;wmode=transparent&amp;autohide=2&amp;autoplay=0&amp;disablekb=0&amp;fs=1&amp;loop=0&amp;enablejsapi=1&amp;rel=0&amp;controls=2&amp;showinfo=1\" frameborder=\"0\" allow=\"accelerometer; autoplay; clipboard-write; encrypted-media; gyroscope; picture-in-picture\" allowfullscreen><\/iframe><\/div>\n<\/div>\n<h3>SKILLSOFT &#8211; CARATTERISTICHE<\/h3>\n<ul>\n<li><strong>Esperienza Personalizzata:<\/strong> fornisci agli utenti una home page personalizzata, la possibilit\u00e0 di creare playlist, riprendere l&#8217;apprendimento da dove avevano interrotto e ricevere compiti<\/li>\n<li><strong>Design Centralizzato<\/strong>: consenti agli studenti di scegliere come vogliono imparare usando video, libri, audiolibri e altro<\/li>\n<li><strong>Trova velocemente i contenuti:<\/strong> elastic search rende facile agli utenti di scoprire rapidamente informazioni e contenuti utili in linea con i loro interessi<\/li>\n<li><strong>Dimostrazione del grado di apprendimento<\/strong>: mostra come l&#8217;attivit\u00e0 di apprendimento supporta gli obiettivi aziendali chiave con report preconfigurati utilizzando grafici e diagrammi<\/li>\n<li><strong>Apprendimento accelerato<\/strong>: questa applicazione basata su cloud viene continuamente aggiornata. Con accesso 24\/7 e persino un&#8217;app mobile, l&#8217;apprendimento pu\u00f2 avvenire ovunque, in qualsiasi momento e su qualsiasi dispositivo<\/li>\n<li><strong>Agevola l&#8217;apprendimento<\/strong>: motiva e premia gli studenti di tutta la tua organizzazione con badge digitali. Questi record di realizzazione visivi, condivisibili e portatili ispirano gli studenti a continuare il loro percorso professionale<\/li>\n<\/ul>\n<h4>LE RECENSIONI DEGLI UTENTI<\/h4>\n<h4 class=\"font-weight-bold my-1 d-flex align-items-center\">Peter S.\u00a0&#8220;Abbiamo usato Skillport per molti anni presso la mia azienda insieme alla formazione online di Skillsoft.&#8221;<\/h4>\n<p><strong>Commenti: <\/strong>Il vantaggio principale \u00e8 stato usarlo in combinazione con Skillsoft per la formazione online e riuscire a farlo in molte lingue diverse.<\/p>\n<p><strong>Vantaggi: <\/strong>Offre una vasta gamma di corsi di formazione e una piattaforma molto semplice da cui operare. Ha anche lingue straniere, quindi potrebbe essere usato in tutto il mondo.<\/p>\n<p><strong>Inconvenienti: <\/strong>Un po &#8216;troppo costoso ma vale la pena visto l&#8217;enorme vantaggio di risparmiare tempo e viaggi. \u00c8 in grado di comunicare in tutto il mondo<\/p>\n<h4 class=\"font-weight-bold my-1 d-flex align-items-center\">Billie O.&#8221;Skillsoft&#8221;<\/h4>\n<p><strong>Commenti: <\/strong>La formazione sulla conformit\u00e0 \u00e8 cos\u00ec semplice con questo software. Tutti i nuovi assunti che vengono impostati ottengono automaticamente la formazione sulla conformit\u00e0 richiesta che \u00e8 cruciale in questi tempi.<\/p>\n<p><strong>Vantaggi: <\/strong>Questo prodotto ha cos\u00ec tante opzioni da offrire in termini di formazione, conformit\u00e0. Un ottimo strumento LMS e il servizio clienti \u00e8 eccezionale.<\/p>\n<p><strong>Inconvenienti: <\/strong>All&#8217;inizio \u00e8 stato un po &#8216;intimidatorio imparare come navigare e impostare i dipendenti. Con il passare del tempo, \u00e8 sicuramente diventato molto pi\u00f9 facile da usare.<\/p>\n<h4 class=\"font-weight-bold my-1 d-flex align-items-center\">Sabrina P.&#8221;Ottimo per l&#8217;allenamento&#8221;<\/h4>\n<p><strong>Commenti: <\/strong>Nel complesso, \u00e8 un ottimo software. Una caratteristica che mi piace di pi\u00f9 \u00e8 la possibilit\u00e0 di riprendere un allenamento \/ video da dove avevi interrotto anche con giorni intermedi.<\/p>\n<p><strong>Vantaggi: <\/strong>Questo software \u00e8 facile da usare con tutte le funzionalit\u00e0 di cui hai bisogno come utente. L&#8217;ho usato come piattaforma per guardare video di allenamento. La compatibilit\u00e0 con vari tipi di tablet \/ desktop \u00e8 ottima per continuare l&#8217;allenamento con una risorsa affidabile. Inoltre, si blocca raramente.<\/p>\n<p><strong>Inconvenienti: <\/strong>Non ho lamentele al momento. Con cos\u00ec tante opzioni in primo piano, \u00e8 ottimo sia per gli utenti che caricano da un lato amministratore sia per gli utenti.<\/p>\n","protected":false},"excerpt":{"rendered":"<p>SkillSoft \u00e8 una soluzione di gestione dell&#8217;apprendimento basata su cloud utilizzata da aziende di ogni dimensione in settori quali servizi finanziari, assistenza sanitaria e manifatturiera. Gli utenti possono sfogliare il catalogo dei corsi in base all&#8217;argomento, al ruolo o alla funzione.\u00a0La soluzione offre consigli di apprendimento personalizzati, argomenti focalizzati e piani di apprendimento per gli studenti.<\/p>\n","protected":false},"author":19,"featured_media":29106,"parent":28265,"menu_order":0,"comment_status":"open","ping_status":"closed","template":"g1_template_page_review_new.php","meta":{"_acf_changed":false,"cwp_meta_box_check":"Yes","cwp_rev_product_name":"","cwp_rev_product_image":"","wppr_links":[],"cwp_rev_price":"","wppr_options":[],"wppr_pros":[],"wppr_cons":[],"_monsterinsights_skip_tracking":false,"_monsterinsights_sitenote_active":false,"_monsterinsights_sitenote_note":"","_monsterinsights_sitenote_category":0,"footnotes":""},"categories":[3163],"tags":[396,3261,3167,3260,3166,3374,3254,3164,3253,3165],"features":[],"class_list":{"0":"post-29105","1":"page","2":"type-page","3":"status-publish","4":"has-post-thumbnail","6":"category-software-formazione-online","7":"tag-cloud","8":"tag-piattaforma-apprendimento-online","9":"tag-piattaforma-formazione-online","10":"tag-programma-apprendimento-online","11":"tag-programma-formazione-online","12":"tag-skillsoft","13":"tag-software-apprendimento-online","14":"tag-software-formazione-online","15":"tag-soluzione-apprendimento-online","16":"tag-soluzione-formazione-online"},"wppr_data":{"cwp_meta_box_check":"Yes","cwp_rev_product_name":"","cwp_rev_product_image":"","cwp_image_link":"image","cwp_rev_price":"","wppr_rating":"0.00"},"acf":[],"yoast_head":"<!-- This site is optimized with the Yoast SEO plugin v27.4 - https:\/\/yoast.com\/product\/yoast-seo-wordpress\/ -->\n<title>SkillSoft: recensione software formazione online - Accurate Reviews<\/title>\n<meta name=\"description\" content=\"SkillSoft: recensione del software di formazione online basata su cloud utilizzata da aziende nei settori come servizi finanziari, assistenza sanitaria ecc\" \/>\n<meta name=\"robots\" content=\"index, follow, max-snippet:-1, max-image-preview:large, max-video-preview:-1\" \/>\n<link rel=\"canonical\" href=\"https:\/\/www.accuratereviews.com\/it\/software-formazione-online\/skillsoft-recensione\/\" \/>\n<meta property=\"og:locale\" content=\"it_IT\" \/>\n<meta property=\"og:type\" content=\"article\" \/>\n<meta property=\"og:title\" content=\"SkillSoft: recensione software formazione online - Accurate Reviews\" \/>\n<meta property=\"og:description\" content=\"SkillSoft: recensione del software di formazione online basata su cloud utilizzata da aziende nei settori come servizi finanziari, assistenza sanitaria ecc\" \/>\n<meta property=\"og:url\" content=\"https:\/\/www.accuratereviews.com\/it\/software-formazione-online\/skillsoft-recensione\/\" \/>\n<meta property=\"og:site_name\" content=\"Accurate Reviews\" \/>\n<meta property=\"article:modified_time\" content=\"2020-11-05T14:29:12+00:00\" \/>\n<meta property=\"og:image\" content=\"https:\/\/www.accuratereviews.com\/wp-content\/uploads\/2020\/07\/skillsoft.png\" \/>\n\t<meta property=\"og:image:width\" content=\"900\" \/>\n\t<meta property=\"og:image:height\" content=\"500\" \/>\n\t<meta property=\"og:image:type\" content=\"image\/png\" \/>\n<meta name=\"twitter:card\" content=\"summary_large_image\" \/>\n<meta name=\"twitter:label1\" content=\"Tempo di lettura stimato\" \/>\n\t<meta name=\"twitter:data1\" content=\"3 minuti\" \/>\n<script type=\"application\/ld+json\" class=\"yoast-schema-graph\">{\"@context\":\"https:\\\/\\\/schema.org\",\"@graph\":[{\"@type\":\"WebPage\",\"@id\":\"https:\\\/\\\/www.accuratereviews.com\\\/it\\\/software-formazione-online\\\/skillsoft-recensione\\\/\",\"url\":\"https:\\\/\\\/www.accuratereviews.com\\\/it\\\/software-formazione-online\\\/skillsoft-recensione\\\/\",\"name\":\"SkillSoft: recensione software formazione online - Accurate Reviews\",\"isPartOf\":{\"@id\":\"https:\\\/\\\/www.accuratereviews.com\\\/it\\\/#website\"},\"primaryImageOfPage\":{\"@id\":\"https:\\\/\\\/www.accuratereviews.com\\\/it\\\/software-formazione-online\\\/skillsoft-recensione\\\/#primaryimage\"},\"image\":{\"@id\":\"https:\\\/\\\/www.accuratereviews.com\\\/it\\\/software-formazione-online\\\/skillsoft-recensione\\\/#primaryimage\"},\"thumbnailUrl\":\"https:\\\/\\\/www.accuratereviews.com\\\/wp-content\\\/uploads\\\/2020\\\/07\\\/skillsoft.png\",\"datePublished\":\"2020-07-28T11:23:44+00:00\",\"dateModified\":\"2020-11-05T14:29:12+00:00\",\"description\":\"SkillSoft: recensione del software di formazione online basata su cloud utilizzata da aziende nei settori come servizi finanziari, assistenza sanitaria ecc\",\"breadcrumb\":{\"@id\":\"https:\\\/\\\/www.accuratereviews.com\\\/it\\\/software-formazione-online\\\/skillsoft-recensione\\\/#breadcrumb\"},\"inLanguage\":\"it-IT\",\"potentialAction\":[{\"@type\":\"ReadAction\",\"target\":[\"https:\\\/\\\/www.accuratereviews.com\\\/it\\\/software-formazione-online\\\/skillsoft-recensione\\\/\"]}]},{\"@type\":\"ImageObject\",\"inLanguage\":\"it-IT\",\"@id\":\"https:\\\/\\\/www.accuratereviews.com\\\/it\\\/software-formazione-online\\\/skillsoft-recensione\\\/#primaryimage\",\"url\":\"https:\\\/\\\/www.accuratereviews.com\\\/wp-content\\\/uploads\\\/2020\\\/07\\\/skillsoft.png\",\"contentUrl\":\"https:\\\/\\\/www.accuratereviews.com\\\/wp-content\\\/uploads\\\/2020\\\/07\\\/skillsoft.png\",\"width\":900,\"height\":500},{\"@type\":\"BreadcrumbList\",\"@id\":\"https:\\\/\\\/www.accuratereviews.com\\\/it\\\/software-formazione-online\\\/skillsoft-recensione\\\/#breadcrumb\",\"itemListElement\":[{\"@type\":\"ListItem\",\"position\":1,\"name\":\"Home\",\"item\":\"https:\\\/\\\/www.accuratereviews.com\\\/it\\\/\"},{\"@type\":\"ListItem\",\"position\":2,\"name\":\"Software formazione online\",\"item\":\"https:\\\/\\\/www.accuratereviews.com\\\/it\\\/software-formazione-online\\\/\"},{\"@type\":\"ListItem\",\"position\":3,\"name\":\"Skillsoft\"}]},{\"@type\":\"WebSite\",\"@id\":\"https:\\\/\\\/www.accuratereviews.com\\\/it\\\/#website\",\"url\":\"https:\\\/\\\/www.accuratereviews.com\\\/it\\\/\",\"name\":\"Accurate Reviews\",\"description\":\"\",\"potentialAction\":[{\"@type\":\"SearchAction\",\"target\":{\"@type\":\"EntryPoint\",\"urlTemplate\":\"https:\\\/\\\/www.accuratereviews.com\\\/it\\\/?s={search_term_string}\"},\"query-input\":{\"@type\":\"PropertyValueSpecification\",\"valueRequired\":true,\"valueName\":\"search_term_string\"}}],\"inLanguage\":\"it-IT\"}]}<\/script>\n<!-- \/ Yoast SEO plugin. -->","yoast_head_json":{"title":"SkillSoft: recensione software formazione online - Accurate Reviews","description":"SkillSoft: recensione del software di formazione online basata su cloud utilizzata da aziende nei settori come servizi finanziari, assistenza sanitaria ecc","robots":{"index":"index","follow":"follow","max-snippet":"max-snippet:-1","max-image-preview":"max-image-preview:large","max-video-preview":"max-video-preview:-1"},"canonical":"https:\/\/www.accuratereviews.com\/it\/software-formazione-online\/skillsoft-recensione\/","og_locale":"it_IT","og_type":"article","og_title":"SkillSoft: recensione software formazione online - Accurate Reviews","og_description":"SkillSoft: recensione del software di formazione online basata su cloud utilizzata da aziende nei settori come servizi finanziari, assistenza sanitaria ecc","og_url":"https:\/\/www.accuratereviews.com\/it\/software-formazione-online\/skillsoft-recensione\/","og_site_name":"Accurate Reviews","article_modified_time":"2020-11-05T14:29:12+00:00","og_image":[{"width":900,"height":500,"url":"https:\/\/www.accuratereviews.com\/wp-content\/uploads\/2020\/07\/skillsoft.png","type":"image\/png"}],"twitter_card":"summary_large_image","twitter_misc":{"Tempo di lettura stimato":"3 minuti"},"schema":{"@context":"https:\/\/schema.org","@graph":[{"@type":"WebPage","@id":"https:\/\/www.accuratereviews.com\/it\/software-formazione-online\/skillsoft-recensione\/","url":"https:\/\/www.accuratereviews.com\/it\/software-formazione-online\/skillsoft-recensione\/","name":"SkillSoft: recensione software formazione online - Accurate Reviews","isPartOf":{"@id":"https:\/\/www.accuratereviews.com\/it\/#website"},"primaryImageOfPage":{"@id":"https:\/\/www.accuratereviews.com\/it\/software-formazione-online\/skillsoft-recensione\/#primaryimage"},"image":{"@id":"https:\/\/www.accuratereviews.com\/it\/software-formazione-online\/skillsoft-recensione\/#primaryimage"},"thumbnailUrl":"https:\/\/www.accuratereviews.com\/wp-content\/uploads\/2020\/07\/skillsoft.png","datePublished":"2020-07-28T11:23:44+00:00","dateModified":"2020-11-05T14:29:12+00:00","description":"SkillSoft: recensione del software di formazione online basata su cloud utilizzata da aziende nei settori come servizi finanziari, assistenza sanitaria ecc","breadcrumb":{"@id":"https:\/\/www.accuratereviews.com\/it\/software-formazione-online\/skillsoft-recensione\/#breadcrumb"},"inLanguage":"it-IT","potentialAction":[{"@type":"ReadAction","target":["https:\/\/www.accuratereviews.com\/it\/software-formazione-online\/skillsoft-recensione\/"]}]},{"@type":"ImageObject","inLanguage":"it-IT","@id":"https:\/\/www.accuratereviews.com\/it\/software-formazione-online\/skillsoft-recensione\/#primaryimage","url":"https:\/\/www.accuratereviews.com\/wp-content\/uploads\/2020\/07\/skillsoft.png","contentUrl":"https:\/\/www.accuratereviews.com\/wp-content\/uploads\/2020\/07\/skillsoft.png","width":900,"height":500},{"@type":"BreadcrumbList","@id":"https:\/\/www.accuratereviews.com\/it\/software-formazione-online\/skillsoft-recensione\/#breadcrumb","itemListElement":[{"@type":"ListItem","position":1,"name":"Home","item":"https:\/\/www.accuratereviews.com\/it\/"},{"@type":"ListItem","position":2,"name":"Software formazione online","item":"https:\/\/www.accuratereviews.com\/it\/software-formazione-online\/"},{"@type":"ListItem","position":3,"name":"Skillsoft"}]},{"@type":"WebSite","@id":"https:\/\/www.accuratereviews.com\/it\/#website","url":"https:\/\/www.accuratereviews.com\/it\/","name":"Accurate Reviews","description":"","potentialAction":[{"@type":"SearchAction","target":{"@type":"EntryPoint","urlTemplate":"https:\/\/www.accuratereviews.com\/it\/?s={search_term_string}"},"query-input":{"@type":"PropertyValueSpecification","valueRequired":true,"valueName":"search_term_string"}}],"inLanguage":"it-IT"}]}},"_links":{"self":[{"href":"https:\/\/www.accuratereviews.com\/it\/wp-json\/wp\/v2\/pages\/29105","targetHints":{"allow":["GET"]}}],"collection":[{"href":"https:\/\/www.accuratereviews.com\/it\/wp-json\/wp\/v2\/pages"}],"about":[{"href":"https:\/\/www.accuratereviews.com\/it\/wp-json\/wp\/v2\/types\/page"}],"author":[{"embeddable":true,"href":"https:\/\/www.accuratereviews.com\/it\/wp-json\/wp\/v2\/users\/19"}],"replies":[{"embeddable":true,"href":"https:\/\/www.accuratereviews.com\/it\/wp-json\/wp\/v2\/comments?post=29105"}],"version-history":[{"count":5,"href":"https:\/\/www.accuratereviews.com\/it\/wp-json\/wp\/v2\/pages\/29105\/revisions"}],"predecessor-version":[{"id":29117,"href":"https:\/\/www.accuratereviews.com\/it\/wp-json\/wp\/v2\/pages\/29105\/revisions\/29117"}],"up":[{"embeddable":true,"href":"https:\/\/www.accuratereviews.com\/it\/wp-json\/wp\/v2\/pages\/28265"}],"wp:featuredmedia":[{"embeddable":true,"href":"https:\/\/www.accuratereviews.com\/it\/wp-json\/wp\/v2\/media\/29106"}],"wp:attachment":[{"href":"https:\/\/www.accuratereviews.com\/it\/wp-json\/wp\/v2\/media?parent=29105"}],"wp:term":[{"taxonomy":"category","embeddable":true,"href":"https:\/\/www.accuratereviews.com\/it\/wp-json\/wp\/v2\/categories?post=29105"},{"taxonomy":"post_tag","embeddable":true,"href":"https:\/\/www.accuratereviews.com\/it\/wp-json\/wp\/v2\/tags?post=29105"},{"taxonomy":"features","embeddable":true,"href":"https:\/\/www.accuratereviews.com\/it\/wp-json\/wp\/v2\/features?post=29105"}],"curies":[{"name":"wp","href":"https:\/\/api.w.org\/{rel}","templated":true}]}}