{"id":29126,"date":"2020-07-29T10:28:08","date_gmt":"2020-07-29T10:28:08","guid":{"rendered":"https:\/\/www.accuratereviews.com\/?page_id=29126"},"modified":"2020-07-29T10:28:08","modified_gmt":"2020-07-29T10:28:08","slug":"edubrite-recensione","status":"publish","type":"page","link":"https:\/\/www.accuratereviews.com\/it\/software-formazione-online\/edubrite-recensione\/","title":{"rendered":"EduBrite"},"content":{"rendered":"<p><strong>EduBrite<\/strong> \u00e8 una <strong>piattaforma di gestione dell&#8217;apprendimento<\/strong> basata su <strong>cloud<\/strong> che fornisce strumenti di formazione per aziende e istituti scolastici. Il software \u00e8 adatto a singoli educatori, team leader, fornitori di formazione continua e piccole e medie imprese.\u00a0Lo strumento di <strong>editor online<\/strong> di <strong>EduBrite<\/strong> consente agli utenti di creare quiz, corsi e sondaggi o importare file esistenti come presentazioni, video e documenti Word. La piattaforma consente agli utenti di creare valutazioni e programmi di certificazione. Gli utenti possono tenere traccia delle attivit\u00e0 e generare report. Inoltre i\u00a0contenuti della formazione possono essere tradotti in cinque lingue diverse.\u00a0Il supporto \u00e8 disponibile attraverso un portale online, una sezione FAQ e una knowledge base.<\/p>\n<h2>EDUBRITE &#8211; TUTORIAL<\/h2>\n<p>Guardiamo come creare report e quiz utilizzando questo <strong>software di apprendimento online<\/strong>:<\/p>\n<div id=\"fluid-wrapper-counter-1\" class=\"g1-fluid-wrapper \" style=\"width:686px;\">\n<div style=\"padding-bottom:56.268221574344%;\"><iframe loading=\"lazy\" title=\"EduBrite New Release and Features - Jun, 2020\" width=\"686\" height=\"386\" src=\"https:\/\/www.youtube.com\/embed\/6AneGqRgpK0?feature=oembed&amp;wmode=transparent&amp;autohide=1&amp;autoplay=0&amp;disablekb=0&amp;fs=1&amp;loop=0&amp;enablejsapi=1&amp;rel=0&amp;controls=2&amp;showinfo=0&amp;wmode=transparent&amp;autohide=2&amp;autoplay=0&amp;disablekb=0&amp;fs=1&amp;loop=0&amp;enablejsapi=1&amp;rel=0&amp;controls=2&amp;showinfo=1\" frameborder=\"0\" allow=\"accelerometer; autoplay; encrypted-media; gyroscope; picture-in-picture\" allowfullscreen><\/iframe><\/div>\n<\/div>\n<h3>EDUBRITE &#8211; CARATTERISTICHE<\/h3>\n<ul>\n<li><strong>Crea lezioni da qualsiasi file:<\/strong> basta trascinare e rilasciare qualsiasi presentazione, parola o file pdf nell&#8217;editor del corso. Puoi anche creare e modificare il contenuto utilizzando l&#8217;editor di contenuti della lezione integrato se non ti piace caricare i file. Facoltativamente, impostare i tempi per ciascuna diapositiva nella lezione<\/li>\n<li><strong>Video o audio<\/strong>: aggiungi lezione audio \/ video utilizzando qualsiasi file MP4, FLV o MP3 esistente. Oppure aggiungi audio \/ video a qualsiasi lezione di presentazione \/ documento in modo da riprodurlo<\/li>\n<li><strong>Comunit\u00e0 di apprendimento<\/strong>: formazione informale e condivisione delle risorse all&#8217;interno dei gruppi. Mappare la struttura organizzativa a gruppi gerarchici e consentire anche gruppi creati organicamente dagli utenti<\/li>\n<li><strong>Animazione \/ Transizione \/ Voice-over<\/strong>: se vuoi creare lezioni con animazioni in diapositive e voice over, basta caricare un powerpoint con narrazione, con file audio MP3, WAV o WMA incorporati o video. La soluzione esegue la conversione completa per rendere i tuoi contenuti compatibili per tutti i dispositivi<\/li>\n<li><strong>SCORM<\/strong>: prepara contenuti in editor esterni come articulate, adobe captivate o desideri utilizzare contenuti preconfezionati da un fornitore di contenuti<\/li>\n<li><strong>Quiz o sondaggio<\/strong>: incorpora qualsiasi quiz o sondaggio nel corso dopo una serie di lezioni per testare la conoscenza degli studenti o ricevere il loro feedback<\/li>\n<li><strong>Contenuto esterno:<\/strong> aggiungi facilmente video esterni da YouTube e Vimeo. Importa i file che hai gi\u00e0 in Dropbox senza dover ripetere il processo di caricamento. E se si utilizza Atlassian Confluence, \u00e8 possibile esportare il contenuto in PDF e importarlo nei tuoi corsi<\/li>\n<li><strong>Regole<\/strong>: rendi obbligatoria qualsiasi lezione o quiz per assicurarti che gli studenti comprendano e assorbano le conoscenze fornite in un modulo o argomento prima di passare a quello successivo<\/li>\n<li><strong>Proteggi i tuoi contenuti<\/strong>: puoi consentire o impedire specificamente il download e la stampa dei tuoi contenuti anche agli utenti che sono iscritti ai corsi<\/li>\n<li><strong>Migrazione da altre fonti<\/strong>: disponi di solidi strumenti per migrare i tuoi contenuti (documenti, presentazioni, audio, video, quiz) da altri LMS o dal filesystem<\/li>\n<\/ul>\n<h4>LE RECENSIONI DEGLI UTENTI<\/h4>\n<h4 class=\"font-weight-bold my-1 d-flex align-items-center\">David S.&#8221;5+ anni con Edubrite&#8221;<\/h4>\n<p><strong>Commenti: <\/strong>Il software ha consentito agli utenti registrati di accedere al materiale del corso di formazione al proprio ritmo. \u00c8 probabile che abbia maggior successo se impiegato con un gran numero di studenti.<\/p>\n<p><strong>Vantaggi: <\/strong>La creazione del corso \u00e8 semplice e sono supportati vari tipi di materiali supplementari (presentazioni, documenti) e formati. Prezzi ragionevoli per una piccola azienda con un utilizzo relativamente basso. Stabilire l&#8217;accesso per gli utenti \u00e8 stato facile e la loro attivit\u00e0 viene tracciata automaticamente. Un&#8217;area di cui abbiamo fatto ampio uso \u00e8 stata la sperimentazione; l&#8217;amministrazione degli esami \u00e8 semplice.<\/p>\n<p><strong>Inconvenienti: <\/strong>Comprendere le relazioni funzionali (il modello a oggetti del software) richiesto per costruire un curriculum non \u00e8 stato facile come avremmo voluto. Edubrite offre molte funzionalit\u00e0, ma sfruttarle per creare un sistema completo richiede dedizione.<\/p>\n<h4 class=\"font-weight-bold my-1 d-flex align-items-center\">Erika A.&#8221;\u00c8 stata una grande esperienza usare questa piattaforma!&#8221;<\/h4>\n<p><strong>Commenti: <\/strong>servizio, uso amichevole, supporto tecnico<\/p>\n<p><strong>Vantaggi: <\/strong>supporto tecnico durante l&#8217;implementazione, questo \u00e8 molto importante quando si utilizza una nuova piattaforma. ottimo servizio, ottimo supporto, buon sviluppo tecnologico<\/p>\n<p><strong>Inconvenienti: <\/strong>comprendere l&#8217;impostazione in modo specifico per i nostri contenuti, ma abbiamo avuto un grande supporto che ci ha aiutato durante la creazione. Inoltre, l&#8217;integrazione con Go To Meeting non \u00e8 la mia preferita, ma \u00e8 pi\u00f9 sul lato GTM di quella di Edubrite<\/p>\n<h4 class=\"font-weight-bold my-1 d-flex align-items-center\">Johnston B.&#8221;Usiamo EduBrite da diversi anni dopo che l&#8217;altra nostra piattaforma ha aumentato notevolmente le loro tariffe.&#8221;<\/h4>\n<p><strong>Commenti: <\/strong>Il software semplifica la certificazione dei nostri studenti per la loro licenza di stagista per investigatore privato.<\/p>\n<p><strong>Vantaggi: <\/strong>Prezzo e supporto sono i migliori in questo mercato. Hanno risolto tutto ci\u00f2 di cui avevo bisogno per risolverli in breve tempo. EduBrite \u00e8 un&#8217;esperienza molto pi\u00f9 fluida per i nostri studenti rispetto alla piattaforma precedente. Esistono diversi modi per apportare la modifica desiderata, il che \u00e8 interessante. Molto ricco di funzionalit\u00e0. Stanno sempre migliorando la piattaforma.<\/p>\n<p><strong>Inconvenienti: <\/strong>Perch\u00e9 ci sono diversi modi per fare lo stesso cambiamento, all&#8217;inizio ero un po &#8216;confuso. La sezione conoscenza \/ aiuto \u00e8 estremamente ben studiata con istruzioni dettagliate in modo da poter superare qualsiasi problema.<\/p>\n","protected":false},"excerpt":{"rendered":"<p>EduBrite \u00e8 una piattaforma di gestione dell&#8217;apprendimento basata su cloud che fornisce strumenti di formazione per aziende e istituti scolastici. Il software \u00e8 adatto a singoli educatori, team leader, fornitori di formazione continua e piccole e medie imprese.\u00a0Lo strumento di editor online di EduBrite consente agli utenti di creare quiz, corsi e sondaggi o importare file esistenti come presentazioni, video e documenti Word.<\/p>\n","protected":false},"author":19,"featured_media":29127,"parent":28265,"menu_order":0,"comment_status":"open","ping_status":"closed","template":"g1_template_page_review_new.php","meta":{"_acf_changed":false,"cwp_meta_box_check":"Yes","cwp_rev_product_name":"","cwp_rev_product_image":"","wppr_links":[],"cwp_rev_price":"","wppr_options":[],"wppr_pros":[],"wppr_cons":[],"_monsterinsights_skip_tracking":false,"_monsterinsights_sitenote_active":false,"_monsterinsights_sitenote_note":"","_monsterinsights_sitenote_category":0,"footnotes":""},"categories":[3163],"tags":[396,3375,3257,3261,3167,3260,3166,3254,3164,3253,3165],"features":[],"class_list":{"0":"post-29126","1":"page","2":"type-page","3":"status-publish","4":"has-post-thumbnail","6":"category-software-formazione-online","7":"tag-cloud","8":"tag-edubrite","9":"tag-lms","10":"tag-piattaforma-apprendimento-online","11":"tag-piattaforma-formazione-online","12":"tag-programma-apprendimento-online","13":"tag-programma-formazione-online","14":"tag-software-apprendimento-online","15":"tag-software-formazione-online","16":"tag-soluzione-apprendimento-online","17":"tag-soluzione-formazione-online"},"wppr_data":{"cwp_meta_box_check":"Yes","cwp_rev_product_name":"","cwp_rev_product_image":"","cwp_image_link":"image","cwp_rev_price":"","wppr_rating":"0.00"},"acf":[],"yoast_head":"<!-- This site is optimized with the Yoast SEO plugin v27.4 - https:\/\/yoast.com\/product\/yoast-seo-wordpress\/ -->\n<title>EduBrite: recensione software formazione online - Accurate Reviews<\/title>\n<meta name=\"description\" content=\"EduBrite: recensione software di gestione dell&#039;apprendimento basata su cloud che fornisce strumenti di formazione per aziende e istituti scolastici.\" \/>\n<meta name=\"robots\" content=\"index, follow, max-snippet:-1, max-image-preview:large, max-video-preview:-1\" \/>\n<link rel=\"canonical\" href=\"https:\/\/www.accuratereviews.com\/it\/software-formazione-online\/edubrite-recensione\/\" \/>\n<meta property=\"og:locale\" content=\"it_IT\" \/>\n<meta property=\"og:type\" content=\"article\" \/>\n<meta property=\"og:title\" content=\"EduBrite: recensione software formazione online - Accurate Reviews\" \/>\n<meta property=\"og:description\" content=\"EduBrite: recensione software di gestione dell&#039;apprendimento basata su cloud che fornisce strumenti di formazione per aziende e istituti scolastici.\" \/>\n<meta property=\"og:url\" content=\"https:\/\/www.accuratereviews.com\/it\/software-formazione-online\/edubrite-recensione\/\" \/>\n<meta property=\"og:site_name\" content=\"Accurate Reviews\" \/>\n<meta property=\"og:image\" content=\"https:\/\/www.accuratereviews.com\/wp-content\/uploads\/2020\/07\/edubrite-logo.png\" \/>\n\t<meta property=\"og:image:width\" content=\"285\" \/>\n\t<meta property=\"og:image:height\" content=\"270\" \/>\n\t<meta property=\"og:image:type\" content=\"image\/png\" \/>\n<meta name=\"twitter:card\" content=\"summary_large_image\" \/>\n<meta name=\"twitter:label1\" content=\"Tempo di lettura stimato\" \/>\n\t<meta name=\"twitter:data1\" content=\"4 minuti\" \/>\n<script type=\"application\/ld+json\" class=\"yoast-schema-graph\">{\"@context\":\"https:\\\/\\\/schema.org\",\"@graph\":[{\"@type\":\"WebPage\",\"@id\":\"https:\\\/\\\/www.accuratereviews.com\\\/it\\\/software-formazione-online\\\/edubrite-recensione\\\/\",\"url\":\"https:\\\/\\\/www.accuratereviews.com\\\/it\\\/software-formazione-online\\\/edubrite-recensione\\\/\",\"name\":\"EduBrite: recensione software formazione online - Accurate Reviews\",\"isPartOf\":{\"@id\":\"https:\\\/\\\/www.accuratereviews.com\\\/it\\\/#website\"},\"primaryImageOfPage\":{\"@id\":\"https:\\\/\\\/www.accuratereviews.com\\\/it\\\/software-formazione-online\\\/edubrite-recensione\\\/#primaryimage\"},\"image\":{\"@id\":\"https:\\\/\\\/www.accuratereviews.com\\\/it\\\/software-formazione-online\\\/edubrite-recensione\\\/#primaryimage\"},\"thumbnailUrl\":\"https:\\\/\\\/www.accuratereviews.com\\\/wp-content\\\/uploads\\\/2020\\\/07\\\/edubrite-logo.png\",\"datePublished\":\"2020-07-29T10:28:08+00:00\",\"description\":\"EduBrite: recensione software di gestione dell'apprendimento basata su cloud che fornisce strumenti di formazione per aziende e istituti scolastici.\",\"breadcrumb\":{\"@id\":\"https:\\\/\\\/www.accuratereviews.com\\\/it\\\/software-formazione-online\\\/edubrite-recensione\\\/#breadcrumb\"},\"inLanguage\":\"it-IT\",\"potentialAction\":[{\"@type\":\"ReadAction\",\"target\":[\"https:\\\/\\\/www.accuratereviews.com\\\/it\\\/software-formazione-online\\\/edubrite-recensione\\\/\"]}]},{\"@type\":\"ImageObject\",\"inLanguage\":\"it-IT\",\"@id\":\"https:\\\/\\\/www.accuratereviews.com\\\/it\\\/software-formazione-online\\\/edubrite-recensione\\\/#primaryimage\",\"url\":\"https:\\\/\\\/www.accuratereviews.com\\\/wp-content\\\/uploads\\\/2020\\\/07\\\/edubrite-logo.png\",\"contentUrl\":\"https:\\\/\\\/www.accuratereviews.com\\\/wp-content\\\/uploads\\\/2020\\\/07\\\/edubrite-logo.png\",\"width\":285,\"height\":270},{\"@type\":\"BreadcrumbList\",\"@id\":\"https:\\\/\\\/www.accuratereviews.com\\\/it\\\/software-formazione-online\\\/edubrite-recensione\\\/#breadcrumb\",\"itemListElement\":[{\"@type\":\"ListItem\",\"position\":1,\"name\":\"Home\",\"item\":\"https:\\\/\\\/www.accuratereviews.com\\\/it\\\/\"},{\"@type\":\"ListItem\",\"position\":2,\"name\":\"Software formazione online\",\"item\":\"https:\\\/\\\/www.accuratereviews.com\\\/it\\\/software-formazione-online\\\/\"},{\"@type\":\"ListItem\",\"position\":3,\"name\":\"EduBrite\"}]},{\"@type\":\"WebSite\",\"@id\":\"https:\\\/\\\/www.accuratereviews.com\\\/it\\\/#website\",\"url\":\"https:\\\/\\\/www.accuratereviews.com\\\/it\\\/\",\"name\":\"Accurate Reviews\",\"description\":\"\",\"potentialAction\":[{\"@type\":\"SearchAction\",\"target\":{\"@type\":\"EntryPoint\",\"urlTemplate\":\"https:\\\/\\\/www.accuratereviews.com\\\/it\\\/?s={search_term_string}\"},\"query-input\":{\"@type\":\"PropertyValueSpecification\",\"valueRequired\":true,\"valueName\":\"search_term_string\"}}],\"inLanguage\":\"it-IT\"}]}<\/script>\n<!-- \/ Yoast SEO plugin. -->","yoast_head_json":{"title":"EduBrite: recensione software formazione online - Accurate Reviews","description":"EduBrite: recensione software di gestione dell'apprendimento basata su cloud che fornisce strumenti di formazione per aziende e istituti scolastici.","robots":{"index":"index","follow":"follow","max-snippet":"max-snippet:-1","max-image-preview":"max-image-preview:large","max-video-preview":"max-video-preview:-1"},"canonical":"https:\/\/www.accuratereviews.com\/it\/software-formazione-online\/edubrite-recensione\/","og_locale":"it_IT","og_type":"article","og_title":"EduBrite: recensione software formazione online - Accurate Reviews","og_description":"EduBrite: recensione software di gestione dell'apprendimento basata su cloud che fornisce strumenti di formazione per aziende e istituti scolastici.","og_url":"https:\/\/www.accuratereviews.com\/it\/software-formazione-online\/edubrite-recensione\/","og_site_name":"Accurate Reviews","og_image":[{"width":285,"height":270,"url":"https:\/\/www.accuratereviews.com\/wp-content\/uploads\/2020\/07\/edubrite-logo.png","type":"image\/png"}],"twitter_card":"summary_large_image","twitter_misc":{"Tempo di lettura stimato":"4 minuti"},"schema":{"@context":"https:\/\/schema.org","@graph":[{"@type":"WebPage","@id":"https:\/\/www.accuratereviews.com\/it\/software-formazione-online\/edubrite-recensione\/","url":"https:\/\/www.accuratereviews.com\/it\/software-formazione-online\/edubrite-recensione\/","name":"EduBrite: recensione software formazione online - Accurate Reviews","isPartOf":{"@id":"https:\/\/www.accuratereviews.com\/it\/#website"},"primaryImageOfPage":{"@id":"https:\/\/www.accuratereviews.com\/it\/software-formazione-online\/edubrite-recensione\/#primaryimage"},"image":{"@id":"https:\/\/www.accuratereviews.com\/it\/software-formazione-online\/edubrite-recensione\/#primaryimage"},"thumbnailUrl":"https:\/\/www.accuratereviews.com\/wp-content\/uploads\/2020\/07\/edubrite-logo.png","datePublished":"2020-07-29T10:28:08+00:00","description":"EduBrite: recensione software di gestione dell'apprendimento basata su cloud che fornisce strumenti di formazione per aziende e istituti scolastici.","breadcrumb":{"@id":"https:\/\/www.accuratereviews.com\/it\/software-formazione-online\/edubrite-recensione\/#breadcrumb"},"inLanguage":"it-IT","potentialAction":[{"@type":"ReadAction","target":["https:\/\/www.accuratereviews.com\/it\/software-formazione-online\/edubrite-recensione\/"]}]},{"@type":"ImageObject","inLanguage":"it-IT","@id":"https:\/\/www.accuratereviews.com\/it\/software-formazione-online\/edubrite-recensione\/#primaryimage","url":"https:\/\/www.accuratereviews.com\/wp-content\/uploads\/2020\/07\/edubrite-logo.png","contentUrl":"https:\/\/www.accuratereviews.com\/wp-content\/uploads\/2020\/07\/edubrite-logo.png","width":285,"height":270},{"@type":"BreadcrumbList","@id":"https:\/\/www.accuratereviews.com\/it\/software-formazione-online\/edubrite-recensione\/#breadcrumb","itemListElement":[{"@type":"ListItem","position":1,"name":"Home","item":"https:\/\/www.accuratereviews.com\/it\/"},{"@type":"ListItem","position":2,"name":"Software formazione online","item":"https:\/\/www.accuratereviews.com\/it\/software-formazione-online\/"},{"@type":"ListItem","position":3,"name":"EduBrite"}]},{"@type":"WebSite","@id":"https:\/\/www.accuratereviews.com\/it\/#website","url":"https:\/\/www.accuratereviews.com\/it\/","name":"Accurate Reviews","description":"","potentialAction":[{"@type":"SearchAction","target":{"@type":"EntryPoint","urlTemplate":"https:\/\/www.accuratereviews.com\/it\/?s={search_term_string}"},"query-input":{"@type":"PropertyValueSpecification","valueRequired":true,"valueName":"search_term_string"}}],"inLanguage":"it-IT"}]}},"_links":{"self":[{"href":"https:\/\/www.accuratereviews.com\/it\/wp-json\/wp\/v2\/pages\/29126","targetHints":{"allow":["GET"]}}],"collection":[{"href":"https:\/\/www.accuratereviews.com\/it\/wp-json\/wp\/v2\/pages"}],"about":[{"href":"https:\/\/www.accuratereviews.com\/it\/wp-json\/wp\/v2\/types\/page"}],"author":[{"embeddable":true,"href":"https:\/\/www.accuratereviews.com\/it\/wp-json\/wp\/v2\/users\/19"}],"replies":[{"embeddable":true,"href":"https:\/\/www.accuratereviews.com\/it\/wp-json\/wp\/v2\/comments?post=29126"}],"version-history":[{"count":6,"href":"https:\/\/www.accuratereviews.com\/it\/wp-json\/wp\/v2\/pages\/29126\/revisions"}],"predecessor-version":[{"id":29148,"href":"https:\/\/www.accuratereviews.com\/it\/wp-json\/wp\/v2\/pages\/29126\/revisions\/29148"}],"up":[{"embeddable":true,"href":"https:\/\/www.accuratereviews.com\/it\/wp-json\/wp\/v2\/pages\/28265"}],"wp:featuredmedia":[{"embeddable":true,"href":"https:\/\/www.accuratereviews.com\/it\/wp-json\/wp\/v2\/media\/29127"}],"wp:attachment":[{"href":"https:\/\/www.accuratereviews.com\/it\/wp-json\/wp\/v2\/media?parent=29126"}],"wp:term":[{"taxonomy":"category","embeddable":true,"href":"https:\/\/www.accuratereviews.com\/it\/wp-json\/wp\/v2\/categories?post=29126"},{"taxonomy":"post_tag","embeddable":true,"href":"https:\/\/www.accuratereviews.com\/it\/wp-json\/wp\/v2\/tags?post=29126"},{"taxonomy":"features","embeddable":true,"href":"https:\/\/www.accuratereviews.com\/it\/wp-json\/wp\/v2\/features?post=29126"}],"curies":[{"name":"wp","href":"https:\/\/api.w.org\/{rel}","templated":true}]}}