{"id":29134,"date":"2020-07-29T10:26:05","date_gmt":"2020-07-29T10:26:05","guid":{"rendered":"https:\/\/www.accuratereviews.com\/?page_id=29134"},"modified":"2020-07-29T10:26:05","modified_gmt":"2020-07-29T10:26:05","slug":"bizlibrary-recensione","status":"publish","type":"page","link":"https:\/\/www.accuratereviews.com\/it\/software-formazione-online\/bizlibrary-recensione\/","title":{"rendered":"BizLibrary"},"content":{"rendered":"<p><strong>BizLibrary<\/strong> \u00e8 un <strong>software di apprendimento onlin<\/strong>e per le organizzazioni in crescita. La sua videoteca di microlearning coinvolge dipendenti di tutti i livelli e il loro sistema di gestione dalla formazione \u00e8 un catalizzatore progressivo per i risultati. Non importa se stai addestrando 100 dipendenti o 10.000, il contenuto di <strong>BizLibrary<\/strong> \u00e8 applicabile e la tecnologia \u00e8 scalabile per tutti i tipi di esigenze. Funzionalit\u00e0 come playlist condivisibili, gamification e un motore di raccomandazione dei contenuti rendono l&#8217;apprendimento coinvolgente e gratificante per gli studenti. In collaborazione con un team di esperti di apprendimento, la soluzione lavora a stretto contatto con i clienti per scoprire e risolvere le sfide aziendali e consentire ai clienti di influenzare il cambiamento all&#8217;interno delle loro organizzazione.<\/p>\n<h2>BIZLIBRARY &#8211; TUTORIAL<\/h2>\n<p>Il video che segue mostra come utilizzare le potenti funzioni di questo <strong>software di formazione online<\/strong>:<\/p>\n<div id=\"fluid-wrapper-counter-1\" class=\"g1-fluid-wrapper \" style=\"width:686px;\">\n<div style=\"padding-bottom:56.268221574344%;\"><iframe loading=\"lazy\" title=\"The Latest in Microlearning - New Additions to The BizLibrary Collection\" width=\"686\" height=\"386\" src=\"https:\/\/www.youtube.com\/embed\/gdZaU9AVtl4?feature=oembed&amp;wmode=transparent&amp;autohide=1&amp;autoplay=0&amp;disablekb=0&amp;fs=1&amp;loop=0&amp;enablejsapi=1&amp;rel=0&amp;controls=2&amp;showinfo=0&amp;wmode=transparent&amp;autohide=2&amp;autoplay=0&amp;disablekb=0&amp;fs=1&amp;loop=0&amp;enablejsapi=1&amp;rel=0&amp;controls=2&amp;showinfo=1\" frameborder=\"0\" allow=\"accelerometer; autoplay; clipboard-write; encrypted-media; gyroscope; picture-in-picture\" allowfullscreen><\/iframe><\/div>\n<\/div>\n<h3>BIZLIBRARY &#8211; CARATTERISTICHE<\/h3>\n<ul>\n<li><strong>Offri un&#8217;esperienza di apprendimento moderna<\/strong>: le soluzioni di apprendimento personalizzati mettono il contenuto in primo piano, aumentando il coinvolgimento dei dipendenti della tua organizzazione<\/li>\n<li><strong>Creazione e gestione di contenuti senza soluzione di continuit\u00e0:<\/strong> importa perfettamente i contenuti della tua organizzazione nel sistema di gestione dell&#8217;apprendimento. Con una vasta libreria e la possibilit\u00e0 di creare lezioni, tutto il tuo apprendimento diventa accessibile da un unico posto<\/li>\n<li><strong>Semplifica la formazione in classe<\/strong>: gestire riunioni in aula, programmi, presenze, istruttori, strutture e risorse non \u00e8 un compito facile. Facilita l&#8217;addestramento, la programmazione e la coordinazione dell&#8217;aula, mantenendola legata ai record di trascrizione generali del tuo studente con la funzione Classroom<\/li>\n<li><strong>Preparare la strada per il viaggio di sviluppo dei dipendenti<\/strong>: le iniziative di apprendimento consentono agli amministratori di creare e gestire facilmente i curricula sia per il nuovo assunto, la formazione di nuovi manager o la formazione annuale sulla conformit\u00e0. Ripristino automatico alla scadenza o addirittura vincolo alle qualifiche per una perfetta conservazione e gestione dei record da un unico posto<\/li>\n<li><strong>Tieni sotto controllo le prestazioni del tuo programma con rapporti affidabili<\/strong>: utilizza i nostri report e dashboard predefiniti per un&#8217;istantanea rapida o un&#8217;analisi pi\u00f9 approfondita dei KPI pi\u00f9 pertinenti al tuo programma<\/li>\n<\/ul>\n<h4>LE RECENSIONI DEGLI UTENTI<\/h4>\n<h4 class=\"font-weight-bold my-1 d-flex align-items-center\">Sarah C.&#8221;Biblioteca dei corsi e servizio clienti fantastici&#8221;<\/h4>\n<p><strong>Vantaggi: <\/strong>BizLibrary offre una vasta libreria di corsi che ti consente di accedere a opzioni private per tutti i membri della tua organizzazione. Il team mantiene freschi i loro contenuti, rilasciandone di nuovi ogni mese e ritirando anche corsi obsoleti. Il team \u00e8 anche incredibilmente disponibile e appassionato del proprio lavoro. My Client Success Manager,\u00a0\u00e8 eccezionale! Ci incontriamo mensilmente per discutere di come sta andando il piano di formazione della nostra azienda e cosa lei e il suo team possono fare per supportare i nostri sforzi. Abbiamo una grande collaborazione!<\/p>\n<p><strong>Inconvenienti: <\/strong>Non c&#8217;\u00e8 niente che mi piace di meno. Il contenuto \u00e8 facile per noi estrarre e caricare nel nostro LMS<\/p>\n<h4 class=\"font-weight-bold my-1 d-flex align-items-center\">Kory C.&#8221;Recensione&#8221;<\/h4>\n<p><strong>Vantaggi: <\/strong>Ci sono cos\u00ec tante aree \/ argomenti di contenuto diversi disponibili sia per i manager \/ supervisori che per i dipendenti. Anche il processo di registrazione \u00e8 molto semplice con alcune delle modifiche nuove \/ aggiornate apportate alla parte dell&#8217;aula.<\/p>\n<p><strong>Inconvenienti: <\/strong>In alcune visualizzazioni per visualizzare il resto del roster o l&#8217;elenco dei dipendenti \u00e8 necessario continuare a fare clic sul pulsante Espandi verso il basso. Vorrei davvero ci fosse un modo per espanderlo con un clic.<\/p>\n<h5 class=\"font-weight-bold my-1 d-flex align-items-center\">Joel R.&#8221;Piattaforma&#8221;<\/h5>\n<p><strong>Commenti: <\/strong>Biz \u00e8 stato bravo a tenere traccia dell&#8217;apprendimento. Lo usiamo principalmente per estrapolare l&#8217;apprendimento mensile e per l&#8217;onboarding di nuovi dipendenti. Ci consente di impostare iniziative di apprendimento nella sequenza desiderata, ma ci consente anche di deviare dalla sequenza.<\/p>\n<p><strong>Vantaggi: <\/strong>Mi piacciono tutte le opzioni di contenuto e il team di supporto. Sono veloci a rispondere a domande grandi o piccole.<\/p>\n<p><strong>Inconvenienti: <\/strong>La piattaforma sembra instabile a volte. Problemi anomali durante l&#8217;accesso. Molto comune per accedere a un nuovo utente, creare una password e quindi sono ancora registrati come chiunque fosse sul computer per ultimo. Quindi finiamo per disconnetterci e poi riconnetterci. Direi che questo accade il 75% delle volte quando si accede come nuovo utente. Altri problemi riguardano il riaggancio del sistema e la necessit\u00e0 di svuotare la cache o premere F5 o controllare F5.<\/p>\n","protected":false},"excerpt":{"rendered":"<p>BizLibrary \u00e8 un software di apprendimento online per le organizzazioni in crescita. La loro videoteca di microlearning coinvolge dipendenti di tutti i livelli e il loro sistema di gestione dalla formazione \u00e8 un catalizzatore progressivo per i risultati. Non importa se stai addestrando 100 dipendenti o 10.000, il contenuto di BizLibrary \u00e8 applicabile e la tecnologia \u00e8 scalabile per tutti i tipi di esigenze.<\/p>\n","protected":false},"author":19,"featured_media":29135,"parent":28265,"menu_order":0,"comment_status":"open","ping_status":"closed","template":"g1_template_page_review_new.php","meta":{"_acf_changed":false,"cwp_meta_box_check":"Yes","cwp_rev_product_name":"","cwp_rev_product_image":"","wppr_links":[],"cwp_rev_price":"","wppr_options":[],"wppr_pros":[],"wppr_cons":[],"_monsterinsights_skip_tracking":false,"_monsterinsights_sitenote_active":false,"_monsterinsights_sitenote_note":"","_monsterinsights_sitenote_category":0,"footnotes":""},"categories":[3163],"tags":[3376,396,3257,3261,3167,3260,3166,3254,3164,3253,3165],"features":[],"class_list":{"0":"post-29134","1":"page","2":"type-page","3":"status-publish","4":"has-post-thumbnail","6":"category-software-formazione-online","7":"tag-bizlibrary","8":"tag-cloud","9":"tag-lms","10":"tag-piattaforma-apprendimento-online","11":"tag-piattaforma-formazione-online","12":"tag-programma-apprendimento-online","13":"tag-programma-formazione-online","14":"tag-software-apprendimento-online","15":"tag-software-formazione-online","16":"tag-soluzione-apprendimento-online","17":"tag-soluzione-formazione-online"},"wppr_data":{"cwp_meta_box_check":"Yes","cwp_rev_product_name":"","cwp_rev_product_image":"","cwp_image_link":"image","cwp_rev_price":"","wppr_rating":"0.00"},"acf":[],"yoast_head":"<!-- This site is optimized with the Yoast SEO plugin v27.4 - https:\/\/yoast.com\/product\/yoast-seo-wordpress\/ -->\n<title>BizLibrary: recensione software formazione online - Accurate Reviews<\/title>\n<meta name=\"description\" content=\"BizLibrary: recensione software di apprendimento per le organizzazioni in crescita, la videoteca di microlearning coinvolge dipendenti di tutti i livelli.\" \/>\n<meta name=\"robots\" content=\"index, follow, max-snippet:-1, max-image-preview:large, max-video-preview:-1\" \/>\n<link rel=\"canonical\" href=\"https:\/\/www.accuratereviews.com\/it\/software-formazione-online\/bizlibrary-recensione\/\" \/>\n<meta property=\"og:locale\" content=\"it_IT\" \/>\n<meta property=\"og:type\" content=\"article\" \/>\n<meta property=\"og:title\" content=\"BizLibrary: recensione software formazione online - Accurate Reviews\" \/>\n<meta property=\"og:description\" content=\"BizLibrary: recensione software di apprendimento per le organizzazioni in crescita, la videoteca di microlearning coinvolge dipendenti di tutti i livelli.\" \/>\n<meta property=\"og:url\" content=\"https:\/\/www.accuratereviews.com\/it\/software-formazione-online\/bizlibrary-recensione\/\" \/>\n<meta property=\"og:site_name\" content=\"Accurate Reviews\" \/>\n<meta property=\"og:image\" content=\"https:\/\/www.accuratereviews.com\/wp-content\/uploads\/2020\/07\/BIZ.jpg\" \/>\n\t<meta property=\"og:image:width\" content=\"288\" \/>\n\t<meta property=\"og:image:height\" content=\"288\" \/>\n\t<meta property=\"og:image:type\" content=\"image\/jpeg\" \/>\n<meta name=\"twitter:card\" content=\"summary_large_image\" \/>\n<meta name=\"twitter:label1\" content=\"Tempo di lettura stimato\" \/>\n\t<meta name=\"twitter:data1\" content=\"3 minuti\" \/>\n<script type=\"application\/ld+json\" class=\"yoast-schema-graph\">{\"@context\":\"https:\\\/\\\/schema.org\",\"@graph\":[{\"@type\":\"WebPage\",\"@id\":\"https:\\\/\\\/www.accuratereviews.com\\\/it\\\/software-formazione-online\\\/bizlibrary-recensione\\\/\",\"url\":\"https:\\\/\\\/www.accuratereviews.com\\\/it\\\/software-formazione-online\\\/bizlibrary-recensione\\\/\",\"name\":\"BizLibrary: recensione software formazione online - Accurate Reviews\",\"isPartOf\":{\"@id\":\"https:\\\/\\\/www.accuratereviews.com\\\/it\\\/#website\"},\"primaryImageOfPage\":{\"@id\":\"https:\\\/\\\/www.accuratereviews.com\\\/it\\\/software-formazione-online\\\/bizlibrary-recensione\\\/#primaryimage\"},\"image\":{\"@id\":\"https:\\\/\\\/www.accuratereviews.com\\\/it\\\/software-formazione-online\\\/bizlibrary-recensione\\\/#primaryimage\"},\"thumbnailUrl\":\"https:\\\/\\\/www.accuratereviews.com\\\/wp-content\\\/uploads\\\/2020\\\/07\\\/BIZ.jpg\",\"datePublished\":\"2020-07-29T10:26:05+00:00\",\"description\":\"BizLibrary: recensione software di apprendimento per le organizzazioni in crescita, la videoteca di microlearning coinvolge dipendenti di tutti i livelli.\",\"breadcrumb\":{\"@id\":\"https:\\\/\\\/www.accuratereviews.com\\\/it\\\/software-formazione-online\\\/bizlibrary-recensione\\\/#breadcrumb\"},\"inLanguage\":\"it-IT\",\"potentialAction\":[{\"@type\":\"ReadAction\",\"target\":[\"https:\\\/\\\/www.accuratereviews.com\\\/it\\\/software-formazione-online\\\/bizlibrary-recensione\\\/\"]}]},{\"@type\":\"ImageObject\",\"inLanguage\":\"it-IT\",\"@id\":\"https:\\\/\\\/www.accuratereviews.com\\\/it\\\/software-formazione-online\\\/bizlibrary-recensione\\\/#primaryimage\",\"url\":\"https:\\\/\\\/www.accuratereviews.com\\\/wp-content\\\/uploads\\\/2020\\\/07\\\/BIZ.jpg\",\"contentUrl\":\"https:\\\/\\\/www.accuratereviews.com\\\/wp-content\\\/uploads\\\/2020\\\/07\\\/BIZ.jpg\",\"width\":288,\"height\":288},{\"@type\":\"BreadcrumbList\",\"@id\":\"https:\\\/\\\/www.accuratereviews.com\\\/it\\\/software-formazione-online\\\/bizlibrary-recensione\\\/#breadcrumb\",\"itemListElement\":[{\"@type\":\"ListItem\",\"position\":1,\"name\":\"Home\",\"item\":\"https:\\\/\\\/www.accuratereviews.com\\\/it\\\/\"},{\"@type\":\"ListItem\",\"position\":2,\"name\":\"Software formazione online\",\"item\":\"https:\\\/\\\/www.accuratereviews.com\\\/it\\\/software-formazione-online\\\/\"},{\"@type\":\"ListItem\",\"position\":3,\"name\":\"BizLibrary\"}]},{\"@type\":\"WebSite\",\"@id\":\"https:\\\/\\\/www.accuratereviews.com\\\/it\\\/#website\",\"url\":\"https:\\\/\\\/www.accuratereviews.com\\\/it\\\/\",\"name\":\"Accurate Reviews\",\"description\":\"\",\"potentialAction\":[{\"@type\":\"SearchAction\",\"target\":{\"@type\":\"EntryPoint\",\"urlTemplate\":\"https:\\\/\\\/www.accuratereviews.com\\\/it\\\/?s={search_term_string}\"},\"query-input\":{\"@type\":\"PropertyValueSpecification\",\"valueRequired\":true,\"valueName\":\"search_term_string\"}}],\"inLanguage\":\"it-IT\"}]}<\/script>\n<!-- \/ Yoast SEO plugin. -->","yoast_head_json":{"title":"BizLibrary: recensione software formazione online - Accurate Reviews","description":"BizLibrary: recensione software di apprendimento per le organizzazioni in crescita, la videoteca di microlearning coinvolge dipendenti di tutti i livelli.","robots":{"index":"index","follow":"follow","max-snippet":"max-snippet:-1","max-image-preview":"max-image-preview:large","max-video-preview":"max-video-preview:-1"},"canonical":"https:\/\/www.accuratereviews.com\/it\/software-formazione-online\/bizlibrary-recensione\/","og_locale":"it_IT","og_type":"article","og_title":"BizLibrary: recensione software formazione online - Accurate Reviews","og_description":"BizLibrary: recensione software di apprendimento per le organizzazioni in crescita, la videoteca di microlearning coinvolge dipendenti di tutti i livelli.","og_url":"https:\/\/www.accuratereviews.com\/it\/software-formazione-online\/bizlibrary-recensione\/","og_site_name":"Accurate Reviews","og_image":[{"width":288,"height":288,"url":"https:\/\/www.accuratereviews.com\/wp-content\/uploads\/2020\/07\/BIZ.jpg","type":"image\/jpeg"}],"twitter_card":"summary_large_image","twitter_misc":{"Tempo di lettura stimato":"3 minuti"},"schema":{"@context":"https:\/\/schema.org","@graph":[{"@type":"WebPage","@id":"https:\/\/www.accuratereviews.com\/it\/software-formazione-online\/bizlibrary-recensione\/","url":"https:\/\/www.accuratereviews.com\/it\/software-formazione-online\/bizlibrary-recensione\/","name":"BizLibrary: recensione software formazione online - Accurate Reviews","isPartOf":{"@id":"https:\/\/www.accuratereviews.com\/it\/#website"},"primaryImageOfPage":{"@id":"https:\/\/www.accuratereviews.com\/it\/software-formazione-online\/bizlibrary-recensione\/#primaryimage"},"image":{"@id":"https:\/\/www.accuratereviews.com\/it\/software-formazione-online\/bizlibrary-recensione\/#primaryimage"},"thumbnailUrl":"https:\/\/www.accuratereviews.com\/wp-content\/uploads\/2020\/07\/BIZ.jpg","datePublished":"2020-07-29T10:26:05+00:00","description":"BizLibrary: recensione software di apprendimento per le organizzazioni in crescita, la videoteca di microlearning coinvolge dipendenti di tutti i livelli.","breadcrumb":{"@id":"https:\/\/www.accuratereviews.com\/it\/software-formazione-online\/bizlibrary-recensione\/#breadcrumb"},"inLanguage":"it-IT","potentialAction":[{"@type":"ReadAction","target":["https:\/\/www.accuratereviews.com\/it\/software-formazione-online\/bizlibrary-recensione\/"]}]},{"@type":"ImageObject","inLanguage":"it-IT","@id":"https:\/\/www.accuratereviews.com\/it\/software-formazione-online\/bizlibrary-recensione\/#primaryimage","url":"https:\/\/www.accuratereviews.com\/wp-content\/uploads\/2020\/07\/BIZ.jpg","contentUrl":"https:\/\/www.accuratereviews.com\/wp-content\/uploads\/2020\/07\/BIZ.jpg","width":288,"height":288},{"@type":"BreadcrumbList","@id":"https:\/\/www.accuratereviews.com\/it\/software-formazione-online\/bizlibrary-recensione\/#breadcrumb","itemListElement":[{"@type":"ListItem","position":1,"name":"Home","item":"https:\/\/www.accuratereviews.com\/it\/"},{"@type":"ListItem","position":2,"name":"Software formazione online","item":"https:\/\/www.accuratereviews.com\/it\/software-formazione-online\/"},{"@type":"ListItem","position":3,"name":"BizLibrary"}]},{"@type":"WebSite","@id":"https:\/\/www.accuratereviews.com\/it\/#website","url":"https:\/\/www.accuratereviews.com\/it\/","name":"Accurate Reviews","description":"","potentialAction":[{"@type":"SearchAction","target":{"@type":"EntryPoint","urlTemplate":"https:\/\/www.accuratereviews.com\/it\/?s={search_term_string}"},"query-input":{"@type":"PropertyValueSpecification","valueRequired":true,"valueName":"search_term_string"}}],"inLanguage":"it-IT"}]}},"_links":{"self":[{"href":"https:\/\/www.accuratereviews.com\/it\/wp-json\/wp\/v2\/pages\/29134","targetHints":{"allow":["GET"]}}],"collection":[{"href":"https:\/\/www.accuratereviews.com\/it\/wp-json\/wp\/v2\/pages"}],"about":[{"href":"https:\/\/www.accuratereviews.com\/it\/wp-json\/wp\/v2\/types\/page"}],"author":[{"embeddable":true,"href":"https:\/\/www.accuratereviews.com\/it\/wp-json\/wp\/v2\/users\/19"}],"replies":[{"embeddable":true,"href":"https:\/\/www.accuratereviews.com\/it\/wp-json\/wp\/v2\/comments?post=29134"}],"version-history":[{"count":7,"href":"https:\/\/www.accuratereviews.com\/it\/wp-json\/wp\/v2\/pages\/29134\/revisions"}],"predecessor-version":[{"id":29146,"href":"https:\/\/www.accuratereviews.com\/it\/wp-json\/wp\/v2\/pages\/29134\/revisions\/29146"}],"up":[{"embeddable":true,"href":"https:\/\/www.accuratereviews.com\/it\/wp-json\/wp\/v2\/pages\/28265"}],"wp:featuredmedia":[{"embeddable":true,"href":"https:\/\/www.accuratereviews.com\/it\/wp-json\/wp\/v2\/media\/29135"}],"wp:attachment":[{"href":"https:\/\/www.accuratereviews.com\/it\/wp-json\/wp\/v2\/media?parent=29134"}],"wp:term":[{"taxonomy":"category","embeddable":true,"href":"https:\/\/www.accuratereviews.com\/it\/wp-json\/wp\/v2\/categories?post=29134"},{"taxonomy":"post_tag","embeddable":true,"href":"https:\/\/www.accuratereviews.com\/it\/wp-json\/wp\/v2\/tags?post=29134"},{"taxonomy":"features","embeddable":true,"href":"https:\/\/www.accuratereviews.com\/it\/wp-json\/wp\/v2\/features?post=29134"}],"curies":[{"name":"wp","href":"https:\/\/api.w.org\/{rel}","templated":true}]}}