{"id":29159,"date":"2020-07-30T09:52:57","date_gmt":"2020-07-30T09:52:57","guid":{"rendered":"https:\/\/www.accuratereviews.com\/?page_id=29159"},"modified":"2020-07-30T09:52:57","modified_gmt":"2020-07-30T09:52:57","slug":"accord-lms-recensione","status":"publish","type":"page","link":"https:\/\/www.accuratereviews.com\/it\/software-formazione-online\/accord-lms-recensione\/","title":{"rendered":"Accord LMS"},"content":{"rendered":"<p><strong>Accord LMS<\/strong> supporta corsi online, <strong>formazione con istruttore<\/strong>, gestione di certificazione e conformit\u00e0, gamification e altro. Creazione di contenuti HTML5, webinar, eCommerce e sincronizzazione HRIS sono completamente integrati. Le funzionalit\u00e0 drag-and-drop semplificano l&#8217;organizzazione del contenuto di apprendimento in cartelle e corsi per diversi gruppi di studenti. Risorse come video, documenti e documenti web possono anche essere presentate e tracciate. La configurazione personalizzata include la scelta di colori, marchio e layout. I modelli dell&#8217;interfaccia utente possono essere personalizzati per la tua azienda. I clienti aziendali possono sfruttare la gestione del sito web integrata e le funzionalit\u00e0 multi-tenant per implementare un numero qualsiasi di portali per dipendenti, clienti e partner di canale.<\/p>\n<h2>ACCORD LMS &#8211; TUTORIAL<\/h2>\n<p>Ecco un tutorial in cui allustra come creare corsi con questo<strong> software di formazione online<\/strong>:<\/p>\n<div id=\"fluid-wrapper-counter-1\" class=\"g1-fluid-wrapper \" style=\"width:686px;\">\n<div style=\"padding-bottom:56.268221574344%;\"><iframe loading=\"lazy\" title=\"Assessments Overview\" width=\"686\" height=\"386\" src=\"https:\/\/www.youtube.com\/embed\/G36qzrbtH_4?feature=oembed&amp;wmode=transparent&amp;autohide=1&amp;autoplay=0&amp;disablekb=0&amp;fs=1&amp;loop=0&amp;enablejsapi=1&amp;rel=0&amp;controls=2&amp;showinfo=0&amp;wmode=transparent&amp;autohide=2&amp;autoplay=0&amp;disablekb=0&amp;fs=1&amp;loop=0&amp;enablejsapi=1&amp;rel=0&amp;controls=2&amp;showinfo=1\" frameborder=\"0\" allow=\"accelerometer; autoplay; encrypted-media; gyroscope; picture-in-picture\" allowfullscreen><\/iframe><\/div>\n<\/div>\n<h3>ACCORD LMS &#8211; CARATTERISTICHE<\/h3>\n<ul>\n<li>Esperienza di apprendimento attraente e ben organizzata<\/li>\n<li>Accesso mobile da qualsiasi dispositivo, sempre e ovunque<\/li>\n<li>Punti, badge e classifiche di gamification<\/li>\n<li>Le funzionalit\u00e0 della community facilitano l&#8217;apprendimento tra pari<\/li>\n<li>L&#8217;apprendimento misto include online, aula, formazione virtuale e altro ancora<\/li>\n<li>I piani di formazione personalizzati si adattano automaticamente alle loro esigenze<\/li>\n<li>Dashboard per una rapida panoramica e accesso a formazione e risorse popolari<\/li>\n<li>La trascrizione include la cronologia dei corsi, i certificati e i badge<\/li>\n<li>Fornire formazione a dipendenti, partner, clienti e franchisee<\/li>\n<li>Potenti funzioni di gruppo per organizzare i tuoi studenti e distribuire l&#8217;amministrazione<\/li>\n<li>Le regole di appartenenza automatizzano il compito di formazione<\/li>\n<li>Crea rapidamente quiz e sondaggi reattivi<\/li>\n<li>Dashboard di amministrazione LMS con grafici informativi<\/li>\n<li>Rapporti personalizzati con raggruppamento, filtro e ordinamento<\/li>\n<li>Consegna programmata dei rapporti per i singoli manager<\/li>\n<li>Supporto e risorse online<\/li>\n<\/ul>\n<h4>LE RECENSIONI DEGLI UTENTI<\/h4>\n<h4 class=\"font-weight-bold my-1 d-flex align-items-center\">Alisa M.&#8221;Ottimo servizio clienti, un buon rapporto qualit\u00e0-prezzo&#8221;<\/h4>\n<p><strong>Commenti: <\/strong>ok<\/p>\n<p><strong>Vantaggi: <\/strong>Il servizio clienti \u00e8 molto reattivo, l&#8217;LMS ha tutte le funzionalit\u00e0 e abbastanza economico rispetto ad altre soluzioni.<\/p>\n<p><strong>Inconvenienti: <\/strong>Molto difficile capire come tutto funzioni. Nonostante abbia molte funzioni, a volte puoi passare ore a fare cose di base.<br \/>\nAnche se non appena sai come farlo, \u00e8 relativamente facile.<\/p>\n<h4 class=\"font-weight-bold my-1 d-flex align-items-center\">Mark T.&#8221;Accord LMS: un&#8217;ottima soluzione LMS per Dotnetnuke&#8221;<\/h4>\n<p><strong>Commenti: <\/strong>Abbiamo ricercato pi\u00f9 di alcuni LMS e Accord LMS era una miscela perfetta di funzionalit\u00e0 e rapporto qualit\u00e0-prezzo. Usiamo Accord LMS da diversi anni e l&#8217;esperienza \u00e8 stata fantastica. Probabilmente il miglior LMS Dotnetnuke l\u00e0 fuori. Funziona semplicemente ed \u00e8 molto facile da installare e configurare. La capacit\u00e0 di personalizzare l&#8217;aspetto dell&#8217;interfaccia client \u00e8 eccezionale e avere Interzoic Media come partner \u00e8 un vantaggio. Siamo un&#8217;azienda molto orientata al cliente e lavorare con un&#8217;azienda che si sente allo stesso modo \u00e8 un tale vantaggio. Siamo stati molto contenti sia del prodotto che del servizio.<\/p>\n<p><strong>Vantaggi: <\/strong>Facile da installare e configurare. Funziona molto bene con Dotnetnuke.<\/p>\n<p><strong>Inconvenienti: <\/strong>Niente ci piace l&#8217;intero prodotto.<\/p>\n<h4 class=\"font-weight-bold my-1 d-flex align-items-center\">Craig U.&#8221;Accord LMS &#8211; La mia prima scelta&#8221;<\/h4>\n<p><strong>Commenti: <\/strong>Uso Accord LMS da quasi un anno. Sono l&#8217;amministratore di LMS e sono incaricato di aggiungere e mantenere contenuti e accesso agli studenti. \u00c8 stato molto facile da configurare e gestire. Il supporto \u00e8 stato eccellente con risposte molto veloci a qualsiasi domanda, grande o piccola.<br \/>\nHo confrontato diversi altri provider LMS e ho selezionato Accord LMS in base a funzionalit\u00e0, facilit\u00e0 d&#8217;uso, supporto e prezzi.<br \/>\nLa mia esperienza con Accord LMS finora \u00e8 stata eccellente.<\/p>\n<p><strong>Vantaggi: <\/strong>L&#8217;applicazione, ospitata con Accord LMS, era facile da configurare. La manutenzione in corso \u00e8 anche molto semplice se aggiungere o aggiornare contenuti, creare report o aggiungere o aggiornare l&#8217;accesso degli studenti. Dovrei richiedere supporto, questo \u00e8 sempre prontamente disponibile.<\/p>\n<p><strong>Inconvenienti: <\/strong>La funzionalit\u00e0 di reporting, pur migliorando, non \u00e8 cos\u00ec semplice come il resto dell&#8217;interfaccia. La maggior parte dei rapporti si concentra sui rapporti degli studenti e cerco altri rapporti per l&#8217;amministratore di sistema. Il supporto LMS di Accord mi ha aiutato a creare i report di cui avevo bisogno.<\/p>\n","protected":false},"excerpt":{"rendered":"<p>Accord LMS supporta corsi online, formazione con istruttore, gestione di certificazione e conformit\u00e0, gamification e altro. Creazione di contenuti HTML5, webinar, eCommerce e sincronizzazione HRIS sono completamente integrati. Le funzionalit\u00e0 drag-and-drop semplificano l&#8217;organizzazione del contenuto di apprendimento in cartelle e corsi per diversi gruppi di studenti.<\/p>\n","protected":false},"author":19,"featured_media":29160,"parent":28265,"menu_order":0,"comment_status":"open","ping_status":"closed","template":"g1_template_page_review_new.php","meta":{"_acf_changed":false,"cwp_meta_box_check":"Yes","cwp_rev_product_name":"","cwp_rev_product_image":"","wppr_links":[],"cwp_rev_price":"","wppr_options":[],"wppr_pros":[],"wppr_cons":[],"_monsterinsights_skip_tracking":false,"_monsterinsights_sitenote_active":false,"_monsterinsights_sitenote_note":"","_monsterinsights_sitenote_category":0,"footnotes":""},"categories":[3163],"tags":[3257,3261,3167,3260,3166,3254,3164,3253,3165],"features":[],"class_list":{"0":"post-29159","1":"page","2":"type-page","3":"status-publish","4":"has-post-thumbnail","6":"category-software-formazione-online","7":"tag-lms","8":"tag-piattaforma-apprendimento-online","9":"tag-piattaforma-formazione-online","10":"tag-programma-apprendimento-online","11":"tag-programma-formazione-online","12":"tag-software-apprendimento-online","13":"tag-software-formazione-online","14":"tag-soluzione-apprendimento-online","15":"tag-soluzione-formazione-online"},"wppr_data":{"cwp_meta_box_check":"Yes","cwp_rev_product_name":"","cwp_rev_product_image":"","cwp_image_link":"image","cwp_rev_price":"","wppr_rating":"0.00"},"acf":[],"yoast_head":"<!-- This site is optimized with the Yoast SEO plugin v27.4 - https:\/\/yoast.com\/product\/yoast-seo-wordpress\/ -->\n<title>Accord LMS: recensione software formazione online - Accurate Reviews<\/title>\n<meta name=\"description\" content=\"Accord LMS: recensione software di formazione online che supporta corsi online, formazione con istruttore, gestione di certificazione, gamification e altro.\" \/>\n<meta name=\"robots\" content=\"index, follow, max-snippet:-1, max-image-preview:large, max-video-preview:-1\" \/>\n<link rel=\"canonical\" href=\"https:\/\/www.accuratereviews.com\/it\/software-formazione-online\/accord-lms-recensione\/\" \/>\n<meta property=\"og:locale\" content=\"it_IT\" \/>\n<meta property=\"og:type\" content=\"article\" \/>\n<meta property=\"og:title\" content=\"Accord LMS: recensione software formazione online - Accurate Reviews\" \/>\n<meta property=\"og:description\" content=\"Accord LMS: recensione software di formazione online che supporta corsi online, formazione con istruttore, gestione di certificazione, gamification e altro.\" \/>\n<meta property=\"og:url\" content=\"https:\/\/www.accuratereviews.com\/it\/software-formazione-online\/accord-lms-recensione\/\" \/>\n<meta property=\"og:site_name\" content=\"Accurate Reviews\" \/>\n<meta property=\"og:image\" content=\"https:\/\/www.accuratereviews.com\/wp-content\/uploads\/2020\/07\/accord-lms.jpg\" \/>\n\t<meta property=\"og:image:width\" content=\"786\" \/>\n\t<meta property=\"og:image:height\" content=\"441\" \/>\n\t<meta property=\"og:image:type\" content=\"image\/jpeg\" \/>\n<meta name=\"twitter:card\" content=\"summary_large_image\" \/>\n<meta name=\"twitter:label1\" content=\"Tempo di lettura stimato\" \/>\n\t<meta name=\"twitter:data1\" content=\"3 minuti\" \/>\n<script type=\"application\/ld+json\" class=\"yoast-schema-graph\">{\"@context\":\"https:\\\/\\\/schema.org\",\"@graph\":[{\"@type\":\"WebPage\",\"@id\":\"https:\\\/\\\/www.accuratereviews.com\\\/it\\\/software-formazione-online\\\/accord-lms-recensione\\\/\",\"url\":\"https:\\\/\\\/www.accuratereviews.com\\\/it\\\/software-formazione-online\\\/accord-lms-recensione\\\/\",\"name\":\"Accord LMS: recensione software formazione online - Accurate Reviews\",\"isPartOf\":{\"@id\":\"https:\\\/\\\/www.accuratereviews.com\\\/it\\\/#website\"},\"primaryImageOfPage\":{\"@id\":\"https:\\\/\\\/www.accuratereviews.com\\\/it\\\/software-formazione-online\\\/accord-lms-recensione\\\/#primaryimage\"},\"image\":{\"@id\":\"https:\\\/\\\/www.accuratereviews.com\\\/it\\\/software-formazione-online\\\/accord-lms-recensione\\\/#primaryimage\"},\"thumbnailUrl\":\"https:\\\/\\\/www.accuratereviews.com\\\/wp-content\\\/uploads\\\/2020\\\/07\\\/accord-lms.jpg\",\"datePublished\":\"2020-07-30T09:52:57+00:00\",\"description\":\"Accord LMS: recensione software di formazione online che supporta corsi online, formazione con istruttore, gestione di certificazione, gamification e altro.\",\"breadcrumb\":{\"@id\":\"https:\\\/\\\/www.accuratereviews.com\\\/it\\\/software-formazione-online\\\/accord-lms-recensione\\\/#breadcrumb\"},\"inLanguage\":\"it-IT\",\"potentialAction\":[{\"@type\":\"ReadAction\",\"target\":[\"https:\\\/\\\/www.accuratereviews.com\\\/it\\\/software-formazione-online\\\/accord-lms-recensione\\\/\"]}]},{\"@type\":\"ImageObject\",\"inLanguage\":\"it-IT\",\"@id\":\"https:\\\/\\\/www.accuratereviews.com\\\/it\\\/software-formazione-online\\\/accord-lms-recensione\\\/#primaryimage\",\"url\":\"https:\\\/\\\/www.accuratereviews.com\\\/wp-content\\\/uploads\\\/2020\\\/07\\\/accord-lms.jpg\",\"contentUrl\":\"https:\\\/\\\/www.accuratereviews.com\\\/wp-content\\\/uploads\\\/2020\\\/07\\\/accord-lms.jpg\",\"width\":786,\"height\":441},{\"@type\":\"BreadcrumbList\",\"@id\":\"https:\\\/\\\/www.accuratereviews.com\\\/it\\\/software-formazione-online\\\/accord-lms-recensione\\\/#breadcrumb\",\"itemListElement\":[{\"@type\":\"ListItem\",\"position\":1,\"name\":\"Home\",\"item\":\"https:\\\/\\\/www.accuratereviews.com\\\/it\\\/\"},{\"@type\":\"ListItem\",\"position\":2,\"name\":\"Software formazione online\",\"item\":\"https:\\\/\\\/www.accuratereviews.com\\\/it\\\/software-formazione-online\\\/\"},{\"@type\":\"ListItem\",\"position\":3,\"name\":\"Accord LMS\"}]},{\"@type\":\"WebSite\",\"@id\":\"https:\\\/\\\/www.accuratereviews.com\\\/it\\\/#website\",\"url\":\"https:\\\/\\\/www.accuratereviews.com\\\/it\\\/\",\"name\":\"Accurate Reviews\",\"description\":\"\",\"potentialAction\":[{\"@type\":\"SearchAction\",\"target\":{\"@type\":\"EntryPoint\",\"urlTemplate\":\"https:\\\/\\\/www.accuratereviews.com\\\/it\\\/?s={search_term_string}\"},\"query-input\":{\"@type\":\"PropertyValueSpecification\",\"valueRequired\":true,\"valueName\":\"search_term_string\"}}],\"inLanguage\":\"it-IT\"}]}<\/script>\n<!-- \/ Yoast SEO plugin. -->","yoast_head_json":{"title":"Accord LMS: recensione software formazione online - Accurate Reviews","description":"Accord LMS: recensione software di formazione online che supporta corsi online, formazione con istruttore, gestione di certificazione, gamification e altro.","robots":{"index":"index","follow":"follow","max-snippet":"max-snippet:-1","max-image-preview":"max-image-preview:large","max-video-preview":"max-video-preview:-1"},"canonical":"https:\/\/www.accuratereviews.com\/it\/software-formazione-online\/accord-lms-recensione\/","og_locale":"it_IT","og_type":"article","og_title":"Accord LMS: recensione software formazione online - Accurate Reviews","og_description":"Accord LMS: recensione software di formazione online che supporta corsi online, formazione con istruttore, gestione di certificazione, gamification e altro.","og_url":"https:\/\/www.accuratereviews.com\/it\/software-formazione-online\/accord-lms-recensione\/","og_site_name":"Accurate Reviews","og_image":[{"width":786,"height":441,"url":"https:\/\/www.accuratereviews.com\/wp-content\/uploads\/2020\/07\/accord-lms.jpg","type":"image\/jpeg"}],"twitter_card":"summary_large_image","twitter_misc":{"Tempo di lettura stimato":"3 minuti"},"schema":{"@context":"https:\/\/schema.org","@graph":[{"@type":"WebPage","@id":"https:\/\/www.accuratereviews.com\/it\/software-formazione-online\/accord-lms-recensione\/","url":"https:\/\/www.accuratereviews.com\/it\/software-formazione-online\/accord-lms-recensione\/","name":"Accord LMS: recensione software formazione online - Accurate Reviews","isPartOf":{"@id":"https:\/\/www.accuratereviews.com\/it\/#website"},"primaryImageOfPage":{"@id":"https:\/\/www.accuratereviews.com\/it\/software-formazione-online\/accord-lms-recensione\/#primaryimage"},"image":{"@id":"https:\/\/www.accuratereviews.com\/it\/software-formazione-online\/accord-lms-recensione\/#primaryimage"},"thumbnailUrl":"https:\/\/www.accuratereviews.com\/wp-content\/uploads\/2020\/07\/accord-lms.jpg","datePublished":"2020-07-30T09:52:57+00:00","description":"Accord LMS: recensione software di formazione online che supporta corsi online, formazione con istruttore, gestione di certificazione, gamification e altro.","breadcrumb":{"@id":"https:\/\/www.accuratereviews.com\/it\/software-formazione-online\/accord-lms-recensione\/#breadcrumb"},"inLanguage":"it-IT","potentialAction":[{"@type":"ReadAction","target":["https:\/\/www.accuratereviews.com\/it\/software-formazione-online\/accord-lms-recensione\/"]}]},{"@type":"ImageObject","inLanguage":"it-IT","@id":"https:\/\/www.accuratereviews.com\/it\/software-formazione-online\/accord-lms-recensione\/#primaryimage","url":"https:\/\/www.accuratereviews.com\/wp-content\/uploads\/2020\/07\/accord-lms.jpg","contentUrl":"https:\/\/www.accuratereviews.com\/wp-content\/uploads\/2020\/07\/accord-lms.jpg","width":786,"height":441},{"@type":"BreadcrumbList","@id":"https:\/\/www.accuratereviews.com\/it\/software-formazione-online\/accord-lms-recensione\/#breadcrumb","itemListElement":[{"@type":"ListItem","position":1,"name":"Home","item":"https:\/\/www.accuratereviews.com\/it\/"},{"@type":"ListItem","position":2,"name":"Software formazione online","item":"https:\/\/www.accuratereviews.com\/it\/software-formazione-online\/"},{"@type":"ListItem","position":3,"name":"Accord LMS"}]},{"@type":"WebSite","@id":"https:\/\/www.accuratereviews.com\/it\/#website","url":"https:\/\/www.accuratereviews.com\/it\/","name":"Accurate Reviews","description":"","potentialAction":[{"@type":"SearchAction","target":{"@type":"EntryPoint","urlTemplate":"https:\/\/www.accuratereviews.com\/it\/?s={search_term_string}"},"query-input":{"@type":"PropertyValueSpecification","valueRequired":true,"valueName":"search_term_string"}}],"inLanguage":"it-IT"}]}},"_links":{"self":[{"href":"https:\/\/www.accuratereviews.com\/it\/wp-json\/wp\/v2\/pages\/29159","targetHints":{"allow":["GET"]}}],"collection":[{"href":"https:\/\/www.accuratereviews.com\/it\/wp-json\/wp\/v2\/pages"}],"about":[{"href":"https:\/\/www.accuratereviews.com\/it\/wp-json\/wp\/v2\/types\/page"}],"author":[{"embeddable":true,"href":"https:\/\/www.accuratereviews.com\/it\/wp-json\/wp\/v2\/users\/19"}],"replies":[{"embeddable":true,"href":"https:\/\/www.accuratereviews.com\/it\/wp-json\/wp\/v2\/comments?post=29159"}],"version-history":[{"count":5,"href":"https:\/\/www.accuratereviews.com\/it\/wp-json\/wp\/v2\/pages\/29159\/revisions"}],"predecessor-version":[{"id":29231,"href":"https:\/\/www.accuratereviews.com\/it\/wp-json\/wp\/v2\/pages\/29159\/revisions\/29231"}],"up":[{"embeddable":true,"href":"https:\/\/www.accuratereviews.com\/it\/wp-json\/wp\/v2\/pages\/28265"}],"wp:featuredmedia":[{"embeddable":true,"href":"https:\/\/www.accuratereviews.com\/it\/wp-json\/wp\/v2\/media\/29160"}],"wp:attachment":[{"href":"https:\/\/www.accuratereviews.com\/it\/wp-json\/wp\/v2\/media?parent=29159"}],"wp:term":[{"taxonomy":"category","embeddable":true,"href":"https:\/\/www.accuratereviews.com\/it\/wp-json\/wp\/v2\/categories?post=29159"},{"taxonomy":"post_tag","embeddable":true,"href":"https:\/\/www.accuratereviews.com\/it\/wp-json\/wp\/v2\/tags?post=29159"},{"taxonomy":"features","embeddable":true,"href":"https:\/\/www.accuratereviews.com\/it\/wp-json\/wp\/v2\/features?post=29159"}],"curies":[{"name":"wp","href":"https:\/\/api.w.org\/{rel}","templated":true}]}}