{"id":29191,"date":"2020-07-30T09:51:10","date_gmt":"2020-07-30T09:51:10","guid":{"rendered":"https:\/\/www.accuratereviews.com\/?page_id=29191"},"modified":"2020-11-05T14:49:00","modified_gmt":"2020-11-05T14:49:00","slug":"essential-lms-recensione","status":"publish","type":"page","link":"https:\/\/www.accuratereviews.com\/it\/software-formazione-online\/essential-lms-recensione\/","title":{"rendered":"eSSential LMS"},"content":{"rendered":"<p><strong>eSSential LMS<\/strong> \u00e8 un <strong>sistema di gestione dell&#8217;apprendimento<\/strong> progettato per le grandi e medie imprese. Il sistema pu\u00f2 essere distribuito on-premise e attraverso una piattaforma software-as-a-service basata su cloud. Entrambi i metodi di distribuzione includono l&#8217;accesso alla piattaforma mobile di <strong>eSSential LMS.<\/strong> Il sistema include la creazione di corsi, strumenti di gamification e opzioni di branding aziendale.\u00a0Gli amministratori possono creare video di formazione da distribuire agli utenti tramite LMS. Il software offre servizi di sviluppo di corsi per costruire un corso personalizzato o riutilizzare i materiali di formazione esistenti, incluso l&#8217;aiuto per la creazione, lo scripting e la direzione di video di formazione. Gli amministratori possono anche organizzare gruppi di utenti, tenere traccia dell&#8217;apprendimento ed eseguire report.<\/p>\n<h2>ESSENTIAL LMS &#8211; TUTORIAL<\/h2>\n<p>Diamo un occhiata al video che mostra le principali funzioni di questo software di formazione online:<\/p>\n<div id=\"fluid-wrapper-counter-1\" class=\"g1-fluid-wrapper \" style=\"width:686px;\">\n<div style=\"padding-bottom:56.268221574344%;\"><iframe loading=\"lazy\" title=\"eLogic Learning - eSSential LMS Demo\" width=\"686\" height=\"386\" src=\"https:\/\/www.youtube.com\/embed\/bslp6u6hY8E?feature=oembed&amp;wmode=transparent&amp;autohide=1&amp;autoplay=0&amp;disablekb=0&amp;fs=1&amp;loop=0&amp;enablejsapi=1&amp;rel=0&amp;controls=2&amp;showinfo=0&amp;wmode=transparent&amp;autohide=2&amp;autoplay=0&amp;disablekb=0&amp;fs=1&amp;loop=0&amp;enablejsapi=1&amp;rel=0&amp;controls=2&amp;showinfo=1\" frameborder=\"0\" allow=\"accelerometer; autoplay; clipboard-write; encrypted-media; gyroscope; picture-in-picture\" allowfullscreen><\/iframe><\/div>\n<\/div>\n<h3>ESSENTIAL LMS &#8211; CARATTERISTICHE<\/h3>\n<ul>\n<li>Complessa funzionalit\u00e0 di monitoraggio e gestione CEU (Continuing Education Unit) multi-livello; definire organi \/ giurisdizioni governative per la formazione e le certificazioni<\/li>\n<li>Incoraggia la competizione amichevole tra gli studenti attraverso l&#8217;uso di oggetti gamificati come badge, classifiche, forum e altro ancora<\/li>\n<li>Crea percorsi di conformit\u00e0, fissa le scadenze, impegna la firma elettronica e, se necessario, rendi ricorrente la formazione. I report di conformit\u00e0 pronti per la verifica sono pronti in qualsiasi momento<\/li>\n<li>Genera automaticamente i certificati al termine della formazione, progetta i tuoi modelli di certificato, i quali sono accessibili in qualsiasi momento tramite l&#8217;area di trascrizione dello studente<\/li>\n<li>Gestisci i tuoi eventi di formazione dal vivo e virtuali dall&#8217;LMS (programma eventi, monitora le presenze e altro)<\/li>\n<li>Invia dati da e verso LMS per semplificare i flussi di lavoro (HRIS, Payroll, Active Directory, CRM, Portale web, ecc.)<\/li>\n<\/ul>\n<h4>LE RECENSIONI DEGLI UTENTI<\/h4>\n<h5 class=\"font-weight-bold my-1 d-flex align-items-center\">Christopher G.&#8221;Difficile da avviare, ottimo da eseguire&#8221;<\/h5>\n<p><strong>Commenti: <\/strong>Il software ci ha fornito un ottimo modo per interfacciarsi con membri del pubblico e delle organizzazioni sanitarie della comunit\u00e0. Abbiamo un sistema di gestione dell&#8217;apprendimento separato che non era un&#8217;opzione per utenti esterni. Avere questo sistema in funzione con i nostri partner esterni \u00e8 stato vitale per la nostra missione di proteggere, mantenere e migliorare la vita de dipendenti.<\/p>\n<p><strong>Vantaggi: <\/strong>Il software \u00e8 ALTAMENTE configurabile. Puoi collegarlo a quasi tutti i modelli di business (compresi quelli complessi come il governo statale) e farlo funzionare. Inoltre apprezzo i miglioramenti e la stabilit\u00e0 in corso. Anche quando il quartier generale di eSSential \u00e8 stato colpito da un uragano, hanno preso provvedimenti per garantire che il servizio non venisse interrotto.<\/p>\n<p><strong>Inconvenienti: <\/strong>Ci vuole una buona dose per ottenere la configurazione in atto. Avevano un team di bordo che ci ha aiutato a impostare le parti iniziali, ma \u00e8 difficile portarlo al livello operativo successivo. Poich\u00e9 il sistema \u00e8 cos\u00ec altamente configurabile, determinare quali opzioni di configurazione sono giuste per la tua organizzazione richiede tempo e pi\u00f9 di qualche tentativo fallito.<\/p>\n<h4 class=\"font-weight-bold my-1 d-flex align-items-center\">Ciara D.&#8221;Nel complesso, l&#8217;assistenza clienti che abbiamo ricevuto \u00e8 stata meravigliosa!&#8221;<\/h4>\n<p><strong>Commenti: <\/strong>Un veicolo per fornire i nostri pacchetti di apprendimento, la capacit\u00e0 di personalizzare il nostro aspetto della piattaforma per soddisfare le nostre aspettative come organizzazione, un alto livello di servizio al cliente.<\/p>\n<p><strong>Vantaggi: <\/strong>La gamma di funzionalit\u00e0 che offre ai nostri studenti! Non siamo mai stati in grado di fornire un&#8217;esperienza di apprendimento come adesso con l&#8217;LMS.<\/p>\n<p><strong>Inconvenienti: <\/strong>Adattare il software alle nostre esigenze \u00e8 stato un po &#8216;una sfida. Credo che ci\u00f2 accadr\u00e0 indipendentemente dal software che stiamo utilizzando. La curva di apprendimento di non usare mai un LMS e quindi di prendere i nostri sistemi \/ processi attuali e applicarli al modo in cui il software \u00e8 costruito ha richiesto ad entrambe le parti di pensare davvero fuori dagli schemi. eLogic \u00e8 stato fantastico lavorare con noi in termini di comprensione delle nostre esigenze e cercando di trovare la soluzione migliore sia per la nostra organizzazione che per la loro.<\/p>\n<h4 class=\"font-weight-bold my-1 d-flex align-items-center\">Lori R.&#8221;Consegna degli studenti, classificazione e sistema di gestione&#8221;<\/h4>\n<p><strong>Commenti: <\/strong>Dal primo incontro, sapevo che eLogic sarebbe stato adatto a noi. Mark Anderson \u00e8 un CEO esperto e pratico. Il suo team \u00e8 composto da persone davvero intelligenti e di talento che non rispettano le scadenze e gli accordi, ma sono anche divertenti con cui lavorare!<\/p>\n<p><strong>Vantaggi: <\/strong>Ampia gamma di funzionalit\u00e0<\/p>\n<p><strong>Inconvenienti: <\/strong>Opzioni di personalizzazione limitate (che pu\u00f2 anche essere un professionista!)<\/p>\n","protected":false},"excerpt":{"rendered":"<p>eSSential LMS \u00e8 un sistema di gestione dell&#8217;apprendimento progettato per le grandi e medie imprese. Il sistema pu\u00f2 essere distribuito on-premise e attraverso una piattaforma software-as-a-service basata su cloud. Entrambi i metodi di distribuzione includono l&#8217;accesso alla piattaforma mobile di eSSential LMS. Il sistema include la creazione di corsi, strumenti di gamification e opzioni di branding aziendale.\u00a0<\/p>\n","protected":false},"author":19,"featured_media":29192,"parent":28265,"menu_order":0,"comment_status":"open","ping_status":"closed","template":"g1_template_page_review_new.php","meta":{"_acf_changed":false,"cwp_meta_box_check":"Yes","cwp_rev_product_name":"","cwp_rev_product_image":"","wppr_links":[],"cwp_rev_price":"","wppr_options":[],"wppr_pros":[],"wppr_cons":[],"_monsterinsights_skip_tracking":false,"_monsterinsights_sitenote_active":false,"_monsterinsights_sitenote_note":"","_monsterinsights_sitenote_category":0,"footnotes":""},"categories":[3163],"tags":[396,3257,3261,3167,3260,3166,3254,3164,3253,3165],"features":[],"class_list":{"0":"post-29191","1":"page","2":"type-page","3":"status-publish","4":"has-post-thumbnail","6":"category-software-formazione-online","7":"tag-cloud","8":"tag-lms","9":"tag-piattaforma-apprendimento-online","10":"tag-piattaforma-formazione-online","11":"tag-programma-apprendimento-online","12":"tag-programma-formazione-online","13":"tag-software-apprendimento-online","14":"tag-software-formazione-online","15":"tag-soluzione-apprendimento-online","16":"tag-soluzione-formazione-online"},"wppr_data":{"cwp_meta_box_check":"Yes","cwp_rev_product_name":"","cwp_rev_product_image":"","cwp_image_link":"image","cwp_rev_price":"","wppr_rating":"0.00"},"acf":[],"yoast_head":"<!-- This site is optimized with the Yoast SEO plugin v27.4 - https:\/\/yoast.com\/product\/yoast-seo-wordpress\/ -->\n<title>eSSential LMS: recensione software formazione online - Accurate Reviews<\/title>\n<meta name=\"description\" content=\"eSSential LMS: recensione sistema di gestione dell&#039;apprendimento basato su cloud progettato per le grandi e medie imprese.\" \/>\n<meta name=\"robots\" content=\"index, follow, max-snippet:-1, max-image-preview:large, max-video-preview:-1\" \/>\n<link rel=\"canonical\" href=\"https:\/\/www.accuratereviews.com\/it\/software-formazione-online\/essential-lms-recensione\/\" \/>\n<meta property=\"og:locale\" content=\"it_IT\" \/>\n<meta property=\"og:type\" content=\"article\" \/>\n<meta property=\"og:title\" content=\"eSSential LMS: recensione software formazione online - Accurate Reviews\" \/>\n<meta property=\"og:description\" content=\"eSSential LMS: recensione sistema di gestione dell&#039;apprendimento basato su cloud progettato per le grandi e medie imprese.\" \/>\n<meta property=\"og:url\" content=\"https:\/\/www.accuratereviews.com\/it\/software-formazione-online\/essential-lms-recensione\/\" \/>\n<meta property=\"og:site_name\" content=\"Accurate Reviews\" \/>\n<meta property=\"article:modified_time\" content=\"2020-11-05T14:49:00+00:00\" \/>\n<meta property=\"og:image\" content=\"https:\/\/www.accuratereviews.com\/wp-content\/uploads\/2020\/07\/eLogicLogoColor.jpg\" \/>\n\t<meta property=\"og:image:width\" content=\"509\" \/>\n\t<meta property=\"og:image:height\" content=\"240\" \/>\n\t<meta property=\"og:image:type\" content=\"image\/jpeg\" \/>\n<meta name=\"twitter:card\" content=\"summary_large_image\" \/>\n<meta name=\"twitter:label1\" content=\"Tempo di lettura stimato\" \/>\n\t<meta name=\"twitter:data1\" content=\"4 minuti\" \/>\n<script type=\"application\/ld+json\" class=\"yoast-schema-graph\">{\"@context\":\"https:\\\/\\\/schema.org\",\"@graph\":[{\"@type\":\"WebPage\",\"@id\":\"https:\\\/\\\/www.accuratereviews.com\\\/it\\\/software-formazione-online\\\/essential-lms-recensione\\\/\",\"url\":\"https:\\\/\\\/www.accuratereviews.com\\\/it\\\/software-formazione-online\\\/essential-lms-recensione\\\/\",\"name\":\"eSSential LMS: recensione software formazione online - Accurate Reviews\",\"isPartOf\":{\"@id\":\"https:\\\/\\\/www.accuratereviews.com\\\/it\\\/#website\"},\"primaryImageOfPage\":{\"@id\":\"https:\\\/\\\/www.accuratereviews.com\\\/it\\\/software-formazione-online\\\/essential-lms-recensione\\\/#primaryimage\"},\"image\":{\"@id\":\"https:\\\/\\\/www.accuratereviews.com\\\/it\\\/software-formazione-online\\\/essential-lms-recensione\\\/#primaryimage\"},\"thumbnailUrl\":\"https:\\\/\\\/www.accuratereviews.com\\\/wp-content\\\/uploads\\\/2020\\\/07\\\/eLogicLogoColor.jpg\",\"datePublished\":\"2020-07-30T09:51:10+00:00\",\"dateModified\":\"2020-11-05T14:49:00+00:00\",\"description\":\"eSSential LMS: recensione sistema di gestione dell'apprendimento basato su cloud progettato per le grandi e medie imprese.\",\"breadcrumb\":{\"@id\":\"https:\\\/\\\/www.accuratereviews.com\\\/it\\\/software-formazione-online\\\/essential-lms-recensione\\\/#breadcrumb\"},\"inLanguage\":\"it-IT\",\"potentialAction\":[{\"@type\":\"ReadAction\",\"target\":[\"https:\\\/\\\/www.accuratereviews.com\\\/it\\\/software-formazione-online\\\/essential-lms-recensione\\\/\"]}]},{\"@type\":\"ImageObject\",\"inLanguage\":\"it-IT\",\"@id\":\"https:\\\/\\\/www.accuratereviews.com\\\/it\\\/software-formazione-online\\\/essential-lms-recensione\\\/#primaryimage\",\"url\":\"https:\\\/\\\/www.accuratereviews.com\\\/wp-content\\\/uploads\\\/2020\\\/07\\\/eLogicLogoColor.jpg\",\"contentUrl\":\"https:\\\/\\\/www.accuratereviews.com\\\/wp-content\\\/uploads\\\/2020\\\/07\\\/eLogicLogoColor.jpg\",\"width\":509,\"height\":240},{\"@type\":\"BreadcrumbList\",\"@id\":\"https:\\\/\\\/www.accuratereviews.com\\\/it\\\/software-formazione-online\\\/essential-lms-recensione\\\/#breadcrumb\",\"itemListElement\":[{\"@type\":\"ListItem\",\"position\":1,\"name\":\"Home\",\"item\":\"https:\\\/\\\/www.accuratereviews.com\\\/it\\\/\"},{\"@type\":\"ListItem\",\"position\":2,\"name\":\"Software formazione online\",\"item\":\"https:\\\/\\\/www.accuratereviews.com\\\/it\\\/software-formazione-online\\\/\"},{\"@type\":\"ListItem\",\"position\":3,\"name\":\"eSSential LMS\"}]},{\"@type\":\"WebSite\",\"@id\":\"https:\\\/\\\/www.accuratereviews.com\\\/it\\\/#website\",\"url\":\"https:\\\/\\\/www.accuratereviews.com\\\/it\\\/\",\"name\":\"Accurate Reviews\",\"description\":\"\",\"potentialAction\":[{\"@type\":\"SearchAction\",\"target\":{\"@type\":\"EntryPoint\",\"urlTemplate\":\"https:\\\/\\\/www.accuratereviews.com\\\/it\\\/?s={search_term_string}\"},\"query-input\":{\"@type\":\"PropertyValueSpecification\",\"valueRequired\":true,\"valueName\":\"search_term_string\"}}],\"inLanguage\":\"it-IT\"}]}<\/script>\n<!-- \/ Yoast SEO plugin. -->","yoast_head_json":{"title":"eSSential LMS: recensione software formazione online - Accurate Reviews","description":"eSSential LMS: recensione sistema di gestione dell'apprendimento basato su cloud progettato per le grandi e medie imprese.","robots":{"index":"index","follow":"follow","max-snippet":"max-snippet:-1","max-image-preview":"max-image-preview:large","max-video-preview":"max-video-preview:-1"},"canonical":"https:\/\/www.accuratereviews.com\/it\/software-formazione-online\/essential-lms-recensione\/","og_locale":"it_IT","og_type":"article","og_title":"eSSential LMS: recensione software formazione online - Accurate Reviews","og_description":"eSSential LMS: recensione sistema di gestione dell'apprendimento basato su cloud progettato per le grandi e medie imprese.","og_url":"https:\/\/www.accuratereviews.com\/it\/software-formazione-online\/essential-lms-recensione\/","og_site_name":"Accurate Reviews","article_modified_time":"2020-11-05T14:49:00+00:00","og_image":[{"width":509,"height":240,"url":"https:\/\/www.accuratereviews.com\/wp-content\/uploads\/2020\/07\/eLogicLogoColor.jpg","type":"image\/jpeg"}],"twitter_card":"summary_large_image","twitter_misc":{"Tempo di lettura stimato":"4 minuti"},"schema":{"@context":"https:\/\/schema.org","@graph":[{"@type":"WebPage","@id":"https:\/\/www.accuratereviews.com\/it\/software-formazione-online\/essential-lms-recensione\/","url":"https:\/\/www.accuratereviews.com\/it\/software-formazione-online\/essential-lms-recensione\/","name":"eSSential LMS: recensione software formazione online - Accurate Reviews","isPartOf":{"@id":"https:\/\/www.accuratereviews.com\/it\/#website"},"primaryImageOfPage":{"@id":"https:\/\/www.accuratereviews.com\/it\/software-formazione-online\/essential-lms-recensione\/#primaryimage"},"image":{"@id":"https:\/\/www.accuratereviews.com\/it\/software-formazione-online\/essential-lms-recensione\/#primaryimage"},"thumbnailUrl":"https:\/\/www.accuratereviews.com\/wp-content\/uploads\/2020\/07\/eLogicLogoColor.jpg","datePublished":"2020-07-30T09:51:10+00:00","dateModified":"2020-11-05T14:49:00+00:00","description":"eSSential LMS: recensione sistema di gestione dell'apprendimento basato su cloud progettato per le grandi e medie imprese.","breadcrumb":{"@id":"https:\/\/www.accuratereviews.com\/it\/software-formazione-online\/essential-lms-recensione\/#breadcrumb"},"inLanguage":"it-IT","potentialAction":[{"@type":"ReadAction","target":["https:\/\/www.accuratereviews.com\/it\/software-formazione-online\/essential-lms-recensione\/"]}]},{"@type":"ImageObject","inLanguage":"it-IT","@id":"https:\/\/www.accuratereviews.com\/it\/software-formazione-online\/essential-lms-recensione\/#primaryimage","url":"https:\/\/www.accuratereviews.com\/wp-content\/uploads\/2020\/07\/eLogicLogoColor.jpg","contentUrl":"https:\/\/www.accuratereviews.com\/wp-content\/uploads\/2020\/07\/eLogicLogoColor.jpg","width":509,"height":240},{"@type":"BreadcrumbList","@id":"https:\/\/www.accuratereviews.com\/it\/software-formazione-online\/essential-lms-recensione\/#breadcrumb","itemListElement":[{"@type":"ListItem","position":1,"name":"Home","item":"https:\/\/www.accuratereviews.com\/it\/"},{"@type":"ListItem","position":2,"name":"Software formazione online","item":"https:\/\/www.accuratereviews.com\/it\/software-formazione-online\/"},{"@type":"ListItem","position":3,"name":"eSSential LMS"}]},{"@type":"WebSite","@id":"https:\/\/www.accuratereviews.com\/it\/#website","url":"https:\/\/www.accuratereviews.com\/it\/","name":"Accurate Reviews","description":"","potentialAction":[{"@type":"SearchAction","target":{"@type":"EntryPoint","urlTemplate":"https:\/\/www.accuratereviews.com\/it\/?s={search_term_string}"},"query-input":{"@type":"PropertyValueSpecification","valueRequired":true,"valueName":"search_term_string"}}],"inLanguage":"it-IT"}]}},"_links":{"self":[{"href":"https:\/\/www.accuratereviews.com\/it\/wp-json\/wp\/v2\/pages\/29191","targetHints":{"allow":["GET"]}}],"collection":[{"href":"https:\/\/www.accuratereviews.com\/it\/wp-json\/wp\/v2\/pages"}],"about":[{"href":"https:\/\/www.accuratereviews.com\/it\/wp-json\/wp\/v2\/types\/page"}],"author":[{"embeddable":true,"href":"https:\/\/www.accuratereviews.com\/it\/wp-json\/wp\/v2\/users\/19"}],"replies":[{"embeddable":true,"href":"https:\/\/www.accuratereviews.com\/it\/wp-json\/wp\/v2\/comments?post=29191"}],"version-history":[{"count":7,"href":"https:\/\/www.accuratereviews.com\/it\/wp-json\/wp\/v2\/pages\/29191\/revisions"}],"predecessor-version":[{"id":31929,"href":"https:\/\/www.accuratereviews.com\/it\/wp-json\/wp\/v2\/pages\/29191\/revisions\/31929"}],"up":[{"embeddable":true,"href":"https:\/\/www.accuratereviews.com\/it\/wp-json\/wp\/v2\/pages\/28265"}],"wp:featuredmedia":[{"embeddable":true,"href":"https:\/\/www.accuratereviews.com\/it\/wp-json\/wp\/v2\/media\/29192"}],"wp:attachment":[{"href":"https:\/\/www.accuratereviews.com\/it\/wp-json\/wp\/v2\/media?parent=29191"}],"wp:term":[{"taxonomy":"category","embeddable":true,"href":"https:\/\/www.accuratereviews.com\/it\/wp-json\/wp\/v2\/categories?post=29191"},{"taxonomy":"post_tag","embeddable":true,"href":"https:\/\/www.accuratereviews.com\/it\/wp-json\/wp\/v2\/tags?post=29191"},{"taxonomy":"features","embeddable":true,"href":"https:\/\/www.accuratereviews.com\/it\/wp-json\/wp\/v2\/features?post=29191"}],"curies":[{"name":"wp","href":"https:\/\/api.w.org\/{rel}","templated":true}]}}