{"id":29252,"date":"2020-07-31T09:53:36","date_gmt":"2020-07-31T09:53:36","guid":{"rendered":"https:\/\/www.accuratereviews.com\/?page_id=29252"},"modified":"2020-07-31T09:53:36","modified_gmt":"2020-07-31T09:53:36","slug":"zoho-showtime-recensione","status":"publish","type":"page","link":"https:\/\/www.accuratereviews.com\/it\/software-formazione-online\/zoho-showtime-recensione\/","title":{"rendered":"Zoho ShowTime"},"content":{"rendered":"<p><strong>Zoho ShowTime<\/strong> \u00e8 uno <strong>strumento di videoconferenza<\/strong> che consente agli utenti di fornire <strong>video di formazione<\/strong> agli studenti remoti. Non \u00e8 richiesto alcun download o installazione per eseguire l&#8217;applicazione. Le caratteristiche principali includono registrazione, analisi del coinvolgimento, una biblioteca di corsi e programmazione. La soluzione\u00a0consente ai partecipanti di interagire durante la presentazione commentando, votando nei sondaggi e condividere lo schermo con gli studenti. Gli utenti possono pianificare le loro sessioni in modo corretto o in date successive. Il software ha una biblioteca di corsi, che memorizza tutti i contenuti di formazione in una posizione centralizzata e l&#8217;amministratore pu\u00f2\u00a0includere domande a scelta multipla, caselle di testo e voti. I tirocinanti possono interagire con i loro compagni di apprendimento e porre domande tramite la chat in-app o l&#8217;app mobile.<\/p>\n<h2>ZOHO SHOWTIME &#8211; TUTORIAL<\/h2>\n<p>Guadiamo insieme come personalizzare questo software di formazione online:<\/p>\n<div id=\"fluid-wrapper-counter-1\" class=\"g1-fluid-wrapper \" style=\"width:686px;\">\n<div style=\"padding-bottom:56.268221574344%;\"><iframe loading=\"lazy\" title=\"Getting started with Zoho ShowTime\" width=\"686\" height=\"386\" src=\"https:\/\/www.youtube.com\/embed\/OSJinpuXp5s?feature=oembed&amp;wmode=transparent&amp;autohide=1&amp;autoplay=0&amp;disablekb=0&amp;fs=1&amp;loop=0&amp;enablejsapi=1&amp;rel=0&amp;controls=2&amp;showinfo=0&amp;wmode=transparent&amp;autohide=2&amp;autoplay=0&amp;disablekb=0&amp;fs=1&amp;loop=0&amp;enablejsapi=1&amp;rel=0&amp;controls=2&amp;showinfo=1\" frameborder=\"0\" allow=\"accelerometer; autoplay; encrypted-media; gyroscope; picture-in-picture\" allowfullscreen><\/iframe><\/div>\n<\/div>\n<h4>ZOHO SHOWTIME &#8211; CARATTERISTICHE<\/h4>\n<ul>\n<li><strong>Pianificazione<\/strong>: organizza\u00a0una sessione in anticipo. Puoi scegliere di essere l&#8217;host o assegnare un allenatore dal tuo team. Componi inviti via email e invita i partecipanti con un clic di un pulsante.<\/li>\n<li><strong>Registrazione<\/strong>: acquisisci informazioni dettagliate sui tuoi allievi per creare connessioni personali. Incorpora il modulo di registrazione sul tuo sito web e su altre piattaforme e scopri quale fonte attrae il maggior numero di registrazioni<\/li>\n<li><strong>Sondaggi, chat e domande e risposte<\/strong>: effettua valutazioni durante la sessione e incoraggia i tirocinanti a porre domande. L&#8217;apprendimento diventa pi\u00f9 coinvolgente quando l&#8217;interazione avviene attraverso la chat in-app<\/li>\n<li><strong>Gestione del pubblico<\/strong>: mantieni la tua formazione sicura inserendo i candidati nella lista prescelta e limitando in anticipo il personale. Una volta che hai iniziato, puoi anche rimuovere i partecipanti, se necessario<\/li>\n<li><strong>Libreria dei contenuti<\/strong>: pubblica il tuo materiale di formazione online e crea una base di conoscenza per potenziare i tuoi studenti. Rendi i tuoi contenuti disponibili per il download e supporta l&#8217;apprendimento su richiesta<\/li>\n<\/ul>\n<h4>LE RECENSIONI DEGLI UTENTI<\/h4>\n<h4 class=\"font-weight-bold my-1 d-flex align-items-center\">Enrico B.&#8221;Zoho per il webinar \u00e8 una soluzione tutto in uno molto interessante&#8221;<\/h4>\n<p><strong>Commenti: <\/strong>Molto positivo<\/p>\n<p><strong>Vantaggi: <\/strong>Webinar facili da configurare e pianificarli. Anche il modo in cui funziona con prenotazione e widget Zoho \u00e8 fantastico.<\/p>\n<p><strong>Inconvenienti: <\/strong>Non ho ancora trovato la lavagna. Un po &#8216;confuso per gestire tutte le mie richieste per il mio caso d&#8217;uso in cui ho bisogno di 4 soluzioni Zoho ma ne vale la pena.<\/p>\n<h4 class=\"font-weight-bold my-1 d-flex align-items-center\">Juan B.&#8221;La mia esperienza nelle prime due settimane&#8221;<\/h4>\n<p><strong>Commenti: <\/strong>Devo ancora risolvere e valutare un paio di problemi importanti per la mia attivit\u00e0, per vedere se posso adattarlo o meno a Zoho One, non lo so ancora. Provo con un eccellente supporto del master-franchising<\/p>\n<p><strong>Vantaggi: <\/strong>Facile da gestire e il suo supporto.\u00a0Il menu e le opzioni delle chiamate remote<\/p>\n<p><strong>Inconvenienti: <\/strong>Alcune funzioni come i sondaggi sono un po &#8216;troppo strutturate\u00a0finora sto verificando se \u00e8 possibile organizzare in break room nelle chiamate remote dove partecipano pi\u00f9 di 15 persone a sessioni pi\u00f9 piccole di 3-5 persone.<\/p>\n<h4 class=\"font-weight-bold my-1 d-flex align-items-center\">Sreejith V.&#8221;Il miglior software per eseguire sessioni online&#8221;<\/h4>\n<p><strong>Commenti: <\/strong>Finora ho avuto una buona esperienza tranne la GUI del portale<\/p>\n<p><strong>Vantaggi: <\/strong>Questo software ha un gateway di pagamento integrato e non \u00e8 necessaria alcuna programmazione per l&#8217;installazione.\u00a0Siamo in grado di lanciare sessioni ondemand \/ faccia a faccia in pochi clic.\u00a0La gestione degli utenti \u00e8 una caratteristica interessante in cui possiamo gestire tutto il pubblico.<\/p>\n<p><strong>Inconvenienti: <\/strong>L&#8217;interfaccia utente del portale dovrebbe essere pi\u00f9 personalizzabile come un sito Web in cui \u00e8 possibile trasmettere pi\u00f9 informazioni. Non limitato a sessioni imminenti o passate o ondemand.<\/p>\n","protected":false},"excerpt":{"rendered":"<p>Zoho ShowTime \u00e8 uno strumento di videoconferenza che consente agli utenti di fornire video di formazione agli studenti remoti. Non \u00e8 richiesto alcun download o installazione per eseguire l&#8217;applicazione. Le caratteristiche principali includono registrazione, analisi del coinvolgimento, una biblioteca di corsi e programmazione.<\/p>\n","protected":false},"author":19,"featured_media":29254,"parent":28265,"menu_order":0,"comment_status":"open","ping_status":"closed","template":"g1_template_page_review_new.php","meta":{"_acf_changed":false,"cwp_meta_box_check":"Yes","cwp_rev_product_name":"","cwp_rev_product_image":"","wppr_links":[],"cwp_rev_price":"","wppr_options":[],"wppr_pros":[],"wppr_cons":[],"_monsterinsights_skip_tracking":false,"_monsterinsights_sitenote_active":false,"_monsterinsights_sitenote_note":"","_monsterinsights_sitenote_category":0,"footnotes":""},"categories":[3163],"tags":[396,3257,3261,3167,3260,3166,3254,3164,3253,3165],"features":[],"class_list":{"0":"post-29252","1":"page","2":"type-page","3":"status-publish","4":"has-post-thumbnail","6":"category-software-formazione-online","7":"tag-cloud","8":"tag-lms","9":"tag-piattaforma-apprendimento-online","10":"tag-piattaforma-formazione-online","11":"tag-programma-apprendimento-online","12":"tag-programma-formazione-online","13":"tag-software-apprendimento-online","14":"tag-software-formazione-online","15":"tag-soluzione-apprendimento-online","16":"tag-soluzione-formazione-online"},"wppr_data":{"cwp_meta_box_check":"Yes","cwp_rev_product_name":"","cwp_rev_product_image":"","cwp_image_link":"image","cwp_rev_price":"","wppr_rating":"0.00"},"acf":[],"yoast_head":"<!-- This site is optimized with the Yoast SEO plugin v27.4 - https:\/\/yoast.com\/product\/yoast-seo-wordpress\/ -->\n<title>Zoho ShowTime: recensione software formazione online-Accurate Reviews<\/title>\n<meta name=\"description\" content=\"Zoho ShowTime: recensione strumento di videoconferenza che consente agli utenti di fornire video di formazione agli studenti in remoto.\" \/>\n<meta name=\"robots\" content=\"index, follow, max-snippet:-1, max-image-preview:large, max-video-preview:-1\" \/>\n<link rel=\"canonical\" href=\"https:\/\/www.accuratereviews.com\/it\/software-formazione-online\/zoho-showtime-recensione\/\" \/>\n<meta property=\"og:locale\" content=\"it_IT\" \/>\n<meta property=\"og:type\" content=\"article\" \/>\n<meta property=\"og:title\" content=\"Zoho ShowTime: recensione software formazione online-Accurate Reviews\" \/>\n<meta property=\"og:description\" content=\"Zoho ShowTime: recensione strumento di videoconferenza che consente agli utenti di fornire video di formazione agli studenti in remoto.\" \/>\n<meta property=\"og:url\" content=\"https:\/\/www.accuratereviews.com\/it\/software-formazione-online\/zoho-showtime-recensione\/\" \/>\n<meta property=\"og:site_name\" content=\"Accurate Reviews\" \/>\n<meta property=\"og:image\" content=\"https:\/\/www.accuratereviews.com\/wp-content\/uploads\/2020\/07\/zoho-showtime.png\" \/>\n\t<meta property=\"og:image:width\" content=\"500\" \/>\n\t<meta property=\"og:image:height\" content=\"274\" \/>\n\t<meta property=\"og:image:type\" content=\"image\/png\" \/>\n<meta name=\"twitter:card\" content=\"summary_large_image\" \/>\n<meta name=\"twitter:label1\" content=\"Tempo di lettura stimato\" \/>\n\t<meta name=\"twitter:data1\" content=\"3 minuti\" \/>\n<script type=\"application\/ld+json\" class=\"yoast-schema-graph\">{\"@context\":\"https:\\\/\\\/schema.org\",\"@graph\":[{\"@type\":\"WebPage\",\"@id\":\"https:\\\/\\\/www.accuratereviews.com\\\/it\\\/software-formazione-online\\\/zoho-showtime-recensione\\\/\",\"url\":\"https:\\\/\\\/www.accuratereviews.com\\\/it\\\/software-formazione-online\\\/zoho-showtime-recensione\\\/\",\"name\":\"Zoho ShowTime: recensione software formazione online-Accurate Reviews\",\"isPartOf\":{\"@id\":\"https:\\\/\\\/www.accuratereviews.com\\\/it\\\/#website\"},\"primaryImageOfPage\":{\"@id\":\"https:\\\/\\\/www.accuratereviews.com\\\/it\\\/software-formazione-online\\\/zoho-showtime-recensione\\\/#primaryimage\"},\"image\":{\"@id\":\"https:\\\/\\\/www.accuratereviews.com\\\/it\\\/software-formazione-online\\\/zoho-showtime-recensione\\\/#primaryimage\"},\"thumbnailUrl\":\"https:\\\/\\\/www.accuratereviews.com\\\/wp-content\\\/uploads\\\/2020\\\/07\\\/zoho-showtime.png\",\"datePublished\":\"2020-07-31T09:53:36+00:00\",\"description\":\"Zoho ShowTime: recensione strumento di videoconferenza che consente agli utenti di fornire video di formazione agli studenti in remoto.\",\"breadcrumb\":{\"@id\":\"https:\\\/\\\/www.accuratereviews.com\\\/it\\\/software-formazione-online\\\/zoho-showtime-recensione\\\/#breadcrumb\"},\"inLanguage\":\"it-IT\",\"potentialAction\":[{\"@type\":\"ReadAction\",\"target\":[\"https:\\\/\\\/www.accuratereviews.com\\\/it\\\/software-formazione-online\\\/zoho-showtime-recensione\\\/\"]}]},{\"@type\":\"ImageObject\",\"inLanguage\":\"it-IT\",\"@id\":\"https:\\\/\\\/www.accuratereviews.com\\\/it\\\/software-formazione-online\\\/zoho-showtime-recensione\\\/#primaryimage\",\"url\":\"https:\\\/\\\/www.accuratereviews.com\\\/wp-content\\\/uploads\\\/2020\\\/07\\\/zoho-showtime.png\",\"contentUrl\":\"https:\\\/\\\/www.accuratereviews.com\\\/wp-content\\\/uploads\\\/2020\\\/07\\\/zoho-showtime.png\",\"width\":500,\"height\":274},{\"@type\":\"BreadcrumbList\",\"@id\":\"https:\\\/\\\/www.accuratereviews.com\\\/it\\\/software-formazione-online\\\/zoho-showtime-recensione\\\/#breadcrumb\",\"itemListElement\":[{\"@type\":\"ListItem\",\"position\":1,\"name\":\"Home\",\"item\":\"https:\\\/\\\/www.accuratereviews.com\\\/it\\\/\"},{\"@type\":\"ListItem\",\"position\":2,\"name\":\"Software formazione online\",\"item\":\"https:\\\/\\\/www.accuratereviews.com\\\/it\\\/software-formazione-online\\\/\"},{\"@type\":\"ListItem\",\"position\":3,\"name\":\"Zoho ShowTime\"}]},{\"@type\":\"WebSite\",\"@id\":\"https:\\\/\\\/www.accuratereviews.com\\\/it\\\/#website\",\"url\":\"https:\\\/\\\/www.accuratereviews.com\\\/it\\\/\",\"name\":\"Accurate Reviews\",\"description\":\"\",\"potentialAction\":[{\"@type\":\"SearchAction\",\"target\":{\"@type\":\"EntryPoint\",\"urlTemplate\":\"https:\\\/\\\/www.accuratereviews.com\\\/it\\\/?s={search_term_string}\"},\"query-input\":{\"@type\":\"PropertyValueSpecification\",\"valueRequired\":true,\"valueName\":\"search_term_string\"}}],\"inLanguage\":\"it-IT\"}]}<\/script>\n<!-- \/ Yoast SEO plugin. -->","yoast_head_json":{"title":"Zoho ShowTime: recensione software formazione online-Accurate Reviews","description":"Zoho ShowTime: recensione strumento di videoconferenza che consente agli utenti di fornire video di formazione agli studenti in remoto.","robots":{"index":"index","follow":"follow","max-snippet":"max-snippet:-1","max-image-preview":"max-image-preview:large","max-video-preview":"max-video-preview:-1"},"canonical":"https:\/\/www.accuratereviews.com\/it\/software-formazione-online\/zoho-showtime-recensione\/","og_locale":"it_IT","og_type":"article","og_title":"Zoho ShowTime: recensione software formazione online-Accurate Reviews","og_description":"Zoho ShowTime: recensione strumento di videoconferenza che consente agli utenti di fornire video di formazione agli studenti in remoto.","og_url":"https:\/\/www.accuratereviews.com\/it\/software-formazione-online\/zoho-showtime-recensione\/","og_site_name":"Accurate Reviews","og_image":[{"width":500,"height":274,"url":"https:\/\/www.accuratereviews.com\/wp-content\/uploads\/2020\/07\/zoho-showtime.png","type":"image\/png"}],"twitter_card":"summary_large_image","twitter_misc":{"Tempo di lettura stimato":"3 minuti"},"schema":{"@context":"https:\/\/schema.org","@graph":[{"@type":"WebPage","@id":"https:\/\/www.accuratereviews.com\/it\/software-formazione-online\/zoho-showtime-recensione\/","url":"https:\/\/www.accuratereviews.com\/it\/software-formazione-online\/zoho-showtime-recensione\/","name":"Zoho ShowTime: recensione software formazione online-Accurate Reviews","isPartOf":{"@id":"https:\/\/www.accuratereviews.com\/it\/#website"},"primaryImageOfPage":{"@id":"https:\/\/www.accuratereviews.com\/it\/software-formazione-online\/zoho-showtime-recensione\/#primaryimage"},"image":{"@id":"https:\/\/www.accuratereviews.com\/it\/software-formazione-online\/zoho-showtime-recensione\/#primaryimage"},"thumbnailUrl":"https:\/\/www.accuratereviews.com\/wp-content\/uploads\/2020\/07\/zoho-showtime.png","datePublished":"2020-07-31T09:53:36+00:00","description":"Zoho ShowTime: recensione strumento di videoconferenza che consente agli utenti di fornire video di formazione agli studenti in remoto.","breadcrumb":{"@id":"https:\/\/www.accuratereviews.com\/it\/software-formazione-online\/zoho-showtime-recensione\/#breadcrumb"},"inLanguage":"it-IT","potentialAction":[{"@type":"ReadAction","target":["https:\/\/www.accuratereviews.com\/it\/software-formazione-online\/zoho-showtime-recensione\/"]}]},{"@type":"ImageObject","inLanguage":"it-IT","@id":"https:\/\/www.accuratereviews.com\/it\/software-formazione-online\/zoho-showtime-recensione\/#primaryimage","url":"https:\/\/www.accuratereviews.com\/wp-content\/uploads\/2020\/07\/zoho-showtime.png","contentUrl":"https:\/\/www.accuratereviews.com\/wp-content\/uploads\/2020\/07\/zoho-showtime.png","width":500,"height":274},{"@type":"BreadcrumbList","@id":"https:\/\/www.accuratereviews.com\/it\/software-formazione-online\/zoho-showtime-recensione\/#breadcrumb","itemListElement":[{"@type":"ListItem","position":1,"name":"Home","item":"https:\/\/www.accuratereviews.com\/it\/"},{"@type":"ListItem","position":2,"name":"Software formazione online","item":"https:\/\/www.accuratereviews.com\/it\/software-formazione-online\/"},{"@type":"ListItem","position":3,"name":"Zoho ShowTime"}]},{"@type":"WebSite","@id":"https:\/\/www.accuratereviews.com\/it\/#website","url":"https:\/\/www.accuratereviews.com\/it\/","name":"Accurate Reviews","description":"","potentialAction":[{"@type":"SearchAction","target":{"@type":"EntryPoint","urlTemplate":"https:\/\/www.accuratereviews.com\/it\/?s={search_term_string}"},"query-input":{"@type":"PropertyValueSpecification","valueRequired":true,"valueName":"search_term_string"}}],"inLanguage":"it-IT"}]}},"_links":{"self":[{"href":"https:\/\/www.accuratereviews.com\/it\/wp-json\/wp\/v2\/pages\/29252","targetHints":{"allow":["GET"]}}],"collection":[{"href":"https:\/\/www.accuratereviews.com\/it\/wp-json\/wp\/v2\/pages"}],"about":[{"href":"https:\/\/www.accuratereviews.com\/it\/wp-json\/wp\/v2\/types\/page"}],"author":[{"embeddable":true,"href":"https:\/\/www.accuratereviews.com\/it\/wp-json\/wp\/v2\/users\/19"}],"replies":[{"embeddable":true,"href":"https:\/\/www.accuratereviews.com\/it\/wp-json\/wp\/v2\/comments?post=29252"}],"version-history":[{"count":5,"href":"https:\/\/www.accuratereviews.com\/it\/wp-json\/wp\/v2\/pages\/29252\/revisions"}],"predecessor-version":[{"id":29270,"href":"https:\/\/www.accuratereviews.com\/it\/wp-json\/wp\/v2\/pages\/29252\/revisions\/29270"}],"up":[{"embeddable":true,"href":"https:\/\/www.accuratereviews.com\/it\/wp-json\/wp\/v2\/pages\/28265"}],"wp:featuredmedia":[{"embeddable":true,"href":"https:\/\/www.accuratereviews.com\/it\/wp-json\/wp\/v2\/media\/29254"}],"wp:attachment":[{"href":"https:\/\/www.accuratereviews.com\/it\/wp-json\/wp\/v2\/media?parent=29252"}],"wp:term":[{"taxonomy":"category","embeddable":true,"href":"https:\/\/www.accuratereviews.com\/it\/wp-json\/wp\/v2\/categories?post=29252"},{"taxonomy":"post_tag","embeddable":true,"href":"https:\/\/www.accuratereviews.com\/it\/wp-json\/wp\/v2\/tags?post=29252"},{"taxonomy":"features","embeddable":true,"href":"https:\/\/www.accuratereviews.com\/it\/wp-json\/wp\/v2\/features?post=29252"}],"curies":[{"name":"wp","href":"https:\/\/api.w.org\/{rel}","templated":true}]}}