{"id":29259,"date":"2020-07-31T09:54:52","date_gmt":"2020-07-31T09:54:52","guid":{"rendered":"https:\/\/www.accuratereviews.com\/?page_id=29259"},"modified":"2020-07-31T09:54:52","modified_gmt":"2020-07-31T09:54:52","slug":"schoox-recensione","status":"publish","type":"page","link":"https:\/\/www.accuratereviews.com\/it\/software-formazione-online\/schoox-recensione\/","title":{"rendered":"Schoox"},"content":{"rendered":"<p><strong>Schoox<\/strong> \u00e8 un innovativo <strong>sistema di apprendimento<\/strong> basato su <strong>cloud<\/strong> e una piattaforma di sviluppo progettata per aziende di ogni tipo e dimensione. \u00c8 una soluzione di formazione completa e intelligente che gestisce il processo di apprendimento in un&#8217;organizzazione per favorire la crescita aziendale. La piattaforma offre strumenti potenti ma semplici per la condivisione di conoscenze e contenuti, la collaborazione, la creazione di corsi, la cura dei contenuti e la monetizzazione.\u00a0Schoox \u00e8 un&#8217;applicazione di e-learning affidabile sviluppata per assomigliare a una soluzione di apprendimento social. L&#8217;applicazione facilita l&#8217;apprendimento e lo sviluppo dei dipendenti e semplifica la misurazione dell&#8217;impatto della formazione sull&#8217;azienda. Alcune delle sue caratteristiche principali includono collaborazione, gestione dei contenuti e degli utenti, strumenti di reporting e gestione dei talenti.<\/p>\n<h2>SCHOOX &#8211; TUTORIAL<\/h2>\n<p>Vediamo, tramite il tutorial, i benefici di usare questo<strong> software di formazione online<\/strong>:<\/p>\n<div id=\"fluid-wrapper-counter-1\" class=\"g1-fluid-wrapper \" style=\"width:686px;\">\n<div style=\"padding-bottom:56.268221574344%;\"><iframe loading=\"lazy\" title=\"Schoox for Retail Stores\" width=\"686\" height=\"386\" src=\"https:\/\/www.youtube.com\/embed\/m4-UJ6WZd1I?feature=oembed&amp;wmode=transparent&amp;autohide=1&amp;autoplay=0&amp;disablekb=0&amp;fs=1&amp;loop=0&amp;enablejsapi=1&amp;rel=0&amp;controls=2&amp;showinfo=0&amp;wmode=transparent&amp;autohide=2&amp;autoplay=0&amp;disablekb=0&amp;fs=1&amp;loop=0&amp;enablejsapi=1&amp;rel=0&amp;controls=2&amp;showinfo=1\" frameborder=\"0\" allow=\"accelerometer; autoplay; encrypted-media; gyroscope; picture-in-picture\" allowfullscreen><\/iframe><\/div>\n<\/div>\n<h3>SCHOOX &#8211; CARATTERISTICHE<\/h3>\n<ul>\n<li><strong>Rivoluzionario<\/strong>: aiuta i dipendenti ad apprendere, sviluppare le proprie capacit\u00e0 e guidare la crescita del propio business<\/li>\n<li><strong>Mobile<\/strong>: con questa soluzione gli utenti possono apprendere ovunque, in qualsiasi momento e su qualsiasi dispositivo<\/li>\n<li><strong>Social<\/strong>: gli aspetti social della soluzione ti da la libert\u00e0 di collaborare e condividere le migliori pratiche<\/li>\n<li><strong>Incentrato sul cliente<\/strong>: l&#8217;onboarding \u00e8 solo il primo passo. L&#8217; obiettivo \u00e8 mantenere la soddisfazione del cliente del 97% con i nostri clienti garantendo il tasso di adozione pi\u00f9 elevato possibile per il vostro successo e la pi\u00f9 rapida implementazione possibile<\/li>\n<li><strong>Integrazione-friendly<\/strong>: si integra facilmente con il tuo HCMS. L&#8217; API aperta e favorevole allo sviluppo arricchisce le tue opzioni di integrazione in molti modi<\/li>\n<\/ul>\n<h4>LE RECENSIONI DEGLI UTENTI<\/h4>\n<h5 class=\"font-weight-bold my-1 d-flex align-items-center\">Shannon S.&#8221;Adoriamo Schoox e il supporto \u00e8 incredibile!&#8221;<\/h5>\n<p><strong>Vantaggi: <\/strong>Schoox ci ha aiutato con costanza nella formazione. Mi piace essere in grado di fornire materiale di formazione a tutta la nostra azienda o ad alcuni dipartimenti. Possiamo assegnare corsi a singoli o a gruppi. Siamo in grado di tenere traccia dei corsi di formazione e conformit\u00e0 per garantire che il nostro team stia completando i corsi.<\/p>\n<p><strong>Inconvenienti: <\/strong>La mia parte meno preferita di Schoox \u00e8 la gerarchia istituita. Mi confonde e traspare dalla regola di assegnazione automatica dei corsi.<\/p>\n<div class=\"ml-4 pl-4 border-left border-left__dotted i18n-translation_vendor_container\" data-translation-id=\"349463\" data-translation-vendor-target=\"original\">\n<div class=\"d-flex flex-wrap flex-md-nowrap align-items-center\">\n<h4 class=\"font-weight-bold my-1 d-flex align-items-center\">Todd C.\u00a0&#8220;La piattaforma \u00e8 fantastica&#8221;<\/h4>\n<p><strong>Commenti: <\/strong>\u00c8 fantastico lo consiglio vivamente. Lo uso settimanalmente!<\/p>\n<p><strong>Vantaggi: <\/strong>\u00c8 molto facile da usare dal punto di vista dell&#8217;utente. Mi piace il modo in cui le cose sono organizzate. Il sistema ha un&#8217;ottima struttura e un sistema di tracciamento facile da usare.<\/p>\n<p><strong>Inconvenienti: <\/strong>Parte della navigazione \u00e8 confusa in termini di nomenclatura. All&#8217;inizio, era difficile capire la differenza tra curricula, corsi e corsi di formazione<\/p>\n<h4 class=\"font-weight-bold my-1 d-flex align-items-center\">John C.&#8221;LMS eccezionale, ottimizzato per l&#8217;industria della ristorazione&#8221;<\/h4>\n<p><strong>Vantaggi: <\/strong>Schoox \u00e8 uno dei primi sistemi che utilizza il trascinamento. Ci\u00f2 semplifica lo spostamento dei contenuti dal desktop per creare corsi. Hanno anche un sistema che misura il KPI per dimostrare l&#8217;efficacia del tuo allenamento. Come altri sistemi, puoi creare un quiz internamente, hanno un elemento social media e un sistema di ricompensa, quindi \u00e8 ottimo per i millennial e i gen z. Consiglio vivamente<\/p>\n<p><strong>Inconvenienti: <\/strong>Molti dei loro elementi sono ancora un po &#8216;ingannevoli come la metrica KPI, ma a prescindere \u00e8 comunque bello. \u00c8 necessario esaminare le tue esigenze prima di decidere se questo funzioner\u00e0 per te.<\/p>\n<\/div>\n<\/div>\n<p>&nbsp;<\/p>\n","protected":false},"excerpt":{"rendered":"<p>Schoox \u00e8 un innovativo sistema di apprendimento basato su cloud e una piattaforma di sviluppo progettata per aziende di ogni tipo e dimensione. \u00c8 una soluzione di formazione completa e intelligente che gestisce il processo di apprendimento in un&#8217;organizzazione per favorire la crescita aziendale.<\/p>\n","protected":false},"author":19,"featured_media":29260,"parent":28265,"menu_order":0,"comment_status":"open","ping_status":"closed","template":"g1_template_page_review_new.php","meta":{"_acf_changed":false,"cwp_meta_box_check":"Yes","cwp_rev_product_name":"","cwp_rev_product_image":"","wppr_links":[],"cwp_rev_price":"","wppr_options":[],"wppr_pros":[],"wppr_cons":[],"_monsterinsights_skip_tracking":false,"_monsterinsights_sitenote_active":false,"_monsterinsights_sitenote_note":"","_monsterinsights_sitenote_category":0,"footnotes":""},"categories":[3163],"tags":[396,3257,3261,3167,3260,3166,3397,3254,3164,3253,3165],"features":[],"class_list":{"0":"post-29259","1":"page","2":"type-page","3":"status-publish","4":"has-post-thumbnail","6":"category-software-formazione-online","7":"tag-cloud","8":"tag-lms","9":"tag-piattaforma-apprendimento-online","10":"tag-piattaforma-formazione-online","11":"tag-programma-apprendimento-online","12":"tag-programma-formazione-online","13":"tag-schoox","14":"tag-software-apprendimento-online","15":"tag-software-formazione-online","16":"tag-soluzione-apprendimento-online","17":"tag-soluzione-formazione-online"},"wppr_data":{"cwp_meta_box_check":"Yes","cwp_rev_product_name":"","cwp_rev_product_image":"","cwp_image_link":"image","cwp_rev_price":"","wppr_rating":"0.00"},"acf":[],"yoast_head":"<!-- This site is optimized with the Yoast SEO plugin v27.4 - https:\/\/yoast.com\/product\/yoast-seo-wordpress\/ -->\n<title>Schoox: recensione software formazione online - Accurate Reviews<\/title>\n<meta name=\"description\" content=\"Schoox: recensione software innovativo di apprendimento basato su cloud e una piattaforma di sviluppo progettata per aziende di ogni tipo e dimensione.\" \/>\n<meta name=\"robots\" content=\"index, follow, max-snippet:-1, max-image-preview:large, max-video-preview:-1\" \/>\n<link rel=\"canonical\" href=\"https:\/\/www.accuratereviews.com\/it\/software-formazione-online\/schoox-recensione\/\" \/>\n<meta property=\"og:locale\" content=\"it_IT\" \/>\n<meta property=\"og:type\" content=\"article\" \/>\n<meta property=\"og:title\" content=\"Schoox: recensione software formazione online - Accurate Reviews\" \/>\n<meta property=\"og:description\" content=\"Schoox: recensione software innovativo di apprendimento basato su cloud e una piattaforma di sviluppo progettata per aziende di ogni tipo e dimensione.\" \/>\n<meta property=\"og:url\" content=\"https:\/\/www.accuratereviews.com\/it\/software-formazione-online\/schoox-recensione\/\" \/>\n<meta property=\"og:site_name\" content=\"Accurate Reviews\" \/>\n<meta property=\"og:image\" content=\"https:\/\/www.accuratereviews.com\/wp-content\/uploads\/2020\/07\/Schooxpng.png\" \/>\n\t<meta property=\"og:image:width\" content=\"256\" \/>\n\t<meta property=\"og:image:height\" content=\"256\" \/>\n\t<meta property=\"og:image:type\" content=\"image\/png\" \/>\n<meta name=\"twitter:card\" content=\"summary_large_image\" \/>\n<meta name=\"twitter:label1\" content=\"Tempo di lettura stimato\" \/>\n\t<meta name=\"twitter:data1\" content=\"3 minuti\" \/>\n<script type=\"application\/ld+json\" class=\"yoast-schema-graph\">{\"@context\":\"https:\\\/\\\/schema.org\",\"@graph\":[{\"@type\":\"WebPage\",\"@id\":\"https:\\\/\\\/www.accuratereviews.com\\\/it\\\/software-formazione-online\\\/schoox-recensione\\\/\",\"url\":\"https:\\\/\\\/www.accuratereviews.com\\\/it\\\/software-formazione-online\\\/schoox-recensione\\\/\",\"name\":\"Schoox: recensione software formazione online - Accurate Reviews\",\"isPartOf\":{\"@id\":\"https:\\\/\\\/www.accuratereviews.com\\\/it\\\/#website\"},\"primaryImageOfPage\":{\"@id\":\"https:\\\/\\\/www.accuratereviews.com\\\/it\\\/software-formazione-online\\\/schoox-recensione\\\/#primaryimage\"},\"image\":{\"@id\":\"https:\\\/\\\/www.accuratereviews.com\\\/it\\\/software-formazione-online\\\/schoox-recensione\\\/#primaryimage\"},\"thumbnailUrl\":\"https:\\\/\\\/www.accuratereviews.com\\\/wp-content\\\/uploads\\\/2020\\\/07\\\/Schooxpng.png\",\"datePublished\":\"2020-07-31T09:54:52+00:00\",\"description\":\"Schoox: recensione software innovativo di apprendimento basato su cloud e una piattaforma di sviluppo progettata per aziende di ogni tipo e dimensione.\",\"breadcrumb\":{\"@id\":\"https:\\\/\\\/www.accuratereviews.com\\\/it\\\/software-formazione-online\\\/schoox-recensione\\\/#breadcrumb\"},\"inLanguage\":\"it-IT\",\"potentialAction\":[{\"@type\":\"ReadAction\",\"target\":[\"https:\\\/\\\/www.accuratereviews.com\\\/it\\\/software-formazione-online\\\/schoox-recensione\\\/\"]}]},{\"@type\":\"ImageObject\",\"inLanguage\":\"it-IT\",\"@id\":\"https:\\\/\\\/www.accuratereviews.com\\\/it\\\/software-formazione-online\\\/schoox-recensione\\\/#primaryimage\",\"url\":\"https:\\\/\\\/www.accuratereviews.com\\\/wp-content\\\/uploads\\\/2020\\\/07\\\/Schooxpng.png\",\"contentUrl\":\"https:\\\/\\\/www.accuratereviews.com\\\/wp-content\\\/uploads\\\/2020\\\/07\\\/Schooxpng.png\",\"width\":256,\"height\":256},{\"@type\":\"BreadcrumbList\",\"@id\":\"https:\\\/\\\/www.accuratereviews.com\\\/it\\\/software-formazione-online\\\/schoox-recensione\\\/#breadcrumb\",\"itemListElement\":[{\"@type\":\"ListItem\",\"position\":1,\"name\":\"Home\",\"item\":\"https:\\\/\\\/www.accuratereviews.com\\\/it\\\/\"},{\"@type\":\"ListItem\",\"position\":2,\"name\":\"Software formazione online\",\"item\":\"https:\\\/\\\/www.accuratereviews.com\\\/it\\\/software-formazione-online\\\/\"},{\"@type\":\"ListItem\",\"position\":3,\"name\":\"Schoox\"}]},{\"@type\":\"WebSite\",\"@id\":\"https:\\\/\\\/www.accuratereviews.com\\\/it\\\/#website\",\"url\":\"https:\\\/\\\/www.accuratereviews.com\\\/it\\\/\",\"name\":\"Accurate Reviews\",\"description\":\"\",\"potentialAction\":[{\"@type\":\"SearchAction\",\"target\":{\"@type\":\"EntryPoint\",\"urlTemplate\":\"https:\\\/\\\/www.accuratereviews.com\\\/it\\\/?s={search_term_string}\"},\"query-input\":{\"@type\":\"PropertyValueSpecification\",\"valueRequired\":true,\"valueName\":\"search_term_string\"}}],\"inLanguage\":\"it-IT\"}]}<\/script>\n<!-- \/ Yoast SEO plugin. -->","yoast_head_json":{"title":"Schoox: recensione software formazione online - Accurate Reviews","description":"Schoox: recensione software innovativo di apprendimento basato su cloud e una piattaforma di sviluppo progettata per aziende di ogni tipo e dimensione.","robots":{"index":"index","follow":"follow","max-snippet":"max-snippet:-1","max-image-preview":"max-image-preview:large","max-video-preview":"max-video-preview:-1"},"canonical":"https:\/\/www.accuratereviews.com\/it\/software-formazione-online\/schoox-recensione\/","og_locale":"it_IT","og_type":"article","og_title":"Schoox: recensione software formazione online - Accurate Reviews","og_description":"Schoox: recensione software innovativo di apprendimento basato su cloud e una piattaforma di sviluppo progettata per aziende di ogni tipo e dimensione.","og_url":"https:\/\/www.accuratereviews.com\/it\/software-formazione-online\/schoox-recensione\/","og_site_name":"Accurate Reviews","og_image":[{"width":256,"height":256,"url":"https:\/\/www.accuratereviews.com\/wp-content\/uploads\/2020\/07\/Schooxpng.png","type":"image\/png"}],"twitter_card":"summary_large_image","twitter_misc":{"Tempo di lettura stimato":"3 minuti"},"schema":{"@context":"https:\/\/schema.org","@graph":[{"@type":"WebPage","@id":"https:\/\/www.accuratereviews.com\/it\/software-formazione-online\/schoox-recensione\/","url":"https:\/\/www.accuratereviews.com\/it\/software-formazione-online\/schoox-recensione\/","name":"Schoox: recensione software formazione online - Accurate Reviews","isPartOf":{"@id":"https:\/\/www.accuratereviews.com\/it\/#website"},"primaryImageOfPage":{"@id":"https:\/\/www.accuratereviews.com\/it\/software-formazione-online\/schoox-recensione\/#primaryimage"},"image":{"@id":"https:\/\/www.accuratereviews.com\/it\/software-formazione-online\/schoox-recensione\/#primaryimage"},"thumbnailUrl":"https:\/\/www.accuratereviews.com\/wp-content\/uploads\/2020\/07\/Schooxpng.png","datePublished":"2020-07-31T09:54:52+00:00","description":"Schoox: recensione software innovativo di apprendimento basato su cloud e una piattaforma di sviluppo progettata per aziende di ogni tipo e dimensione.","breadcrumb":{"@id":"https:\/\/www.accuratereviews.com\/it\/software-formazione-online\/schoox-recensione\/#breadcrumb"},"inLanguage":"it-IT","potentialAction":[{"@type":"ReadAction","target":["https:\/\/www.accuratereviews.com\/it\/software-formazione-online\/schoox-recensione\/"]}]},{"@type":"ImageObject","inLanguage":"it-IT","@id":"https:\/\/www.accuratereviews.com\/it\/software-formazione-online\/schoox-recensione\/#primaryimage","url":"https:\/\/www.accuratereviews.com\/wp-content\/uploads\/2020\/07\/Schooxpng.png","contentUrl":"https:\/\/www.accuratereviews.com\/wp-content\/uploads\/2020\/07\/Schooxpng.png","width":256,"height":256},{"@type":"BreadcrumbList","@id":"https:\/\/www.accuratereviews.com\/it\/software-formazione-online\/schoox-recensione\/#breadcrumb","itemListElement":[{"@type":"ListItem","position":1,"name":"Home","item":"https:\/\/www.accuratereviews.com\/it\/"},{"@type":"ListItem","position":2,"name":"Software formazione online","item":"https:\/\/www.accuratereviews.com\/it\/software-formazione-online\/"},{"@type":"ListItem","position":3,"name":"Schoox"}]},{"@type":"WebSite","@id":"https:\/\/www.accuratereviews.com\/it\/#website","url":"https:\/\/www.accuratereviews.com\/it\/","name":"Accurate Reviews","description":"","potentialAction":[{"@type":"SearchAction","target":{"@type":"EntryPoint","urlTemplate":"https:\/\/www.accuratereviews.com\/it\/?s={search_term_string}"},"query-input":{"@type":"PropertyValueSpecification","valueRequired":true,"valueName":"search_term_string"}}],"inLanguage":"it-IT"}]}},"_links":{"self":[{"href":"https:\/\/www.accuratereviews.com\/it\/wp-json\/wp\/v2\/pages\/29259","targetHints":{"allow":["GET"]}}],"collection":[{"href":"https:\/\/www.accuratereviews.com\/it\/wp-json\/wp\/v2\/pages"}],"about":[{"href":"https:\/\/www.accuratereviews.com\/it\/wp-json\/wp\/v2\/types\/page"}],"author":[{"embeddable":true,"href":"https:\/\/www.accuratereviews.com\/it\/wp-json\/wp\/v2\/users\/19"}],"replies":[{"embeddable":true,"href":"https:\/\/www.accuratereviews.com\/it\/wp-json\/wp\/v2\/comments?post=29259"}],"version-history":[{"count":6,"href":"https:\/\/www.accuratereviews.com\/it\/wp-json\/wp\/v2\/pages\/29259\/revisions"}],"predecessor-version":[{"id":29272,"href":"https:\/\/www.accuratereviews.com\/it\/wp-json\/wp\/v2\/pages\/29259\/revisions\/29272"}],"up":[{"embeddable":true,"href":"https:\/\/www.accuratereviews.com\/it\/wp-json\/wp\/v2\/pages\/28265"}],"wp:featuredmedia":[{"embeddable":true,"href":"https:\/\/www.accuratereviews.com\/it\/wp-json\/wp\/v2\/media\/29260"}],"wp:attachment":[{"href":"https:\/\/www.accuratereviews.com\/it\/wp-json\/wp\/v2\/media?parent=29259"}],"wp:term":[{"taxonomy":"category","embeddable":true,"href":"https:\/\/www.accuratereviews.com\/it\/wp-json\/wp\/v2\/categories?post=29259"},{"taxonomy":"post_tag","embeddable":true,"href":"https:\/\/www.accuratereviews.com\/it\/wp-json\/wp\/v2\/tags?post=29259"},{"taxonomy":"features","embeddable":true,"href":"https:\/\/www.accuratereviews.com\/it\/wp-json\/wp\/v2\/features?post=29259"}],"curies":[{"name":"wp","href":"https:\/\/api.w.org\/{rel}","templated":true}]}}