{"id":29298,"date":"2020-08-03T08:17:48","date_gmt":"2020-08-03T08:17:48","guid":{"rendered":"https:\/\/www.accuratereviews.com\/?page_id=29298"},"modified":"2020-08-12T10:31:23","modified_gmt":"2020-08-12T10:31:23","slug":"matrix-lms-recensione","status":"publish","type":"page","link":"https:\/\/www.accuratereviews.com\/it\/software-formazione-online\/matrix-lms-recensione\/","title":{"rendered":"Matrix Lms"},"content":{"rendered":"<p><strong>Matrix Lms<\/strong> \u00e8 un <strong>sistema di gestione dell&#8217;apprendimento<\/strong> pluripremiato e di livello mondiale progettato per le piccole, medie e grandi imprese. Il sistema si presenta con un&#8217;interfaccia accattivante e intuitiva, una serie completa di funzionalit\u00e0 come ad esempio uno strumento di authoring integrato per la creazione di corsi online. Gli studenti possono accedere ai contenuti della formazione ovunque e visualizzarli quando vogliono. <strong>Matrix Lms<\/strong> ha anche un design moderno e intuitivo che trasforma l&#8217;apprendimento in un&#8217;esperienza piacevole; attivit\u00e0 di allenamento avanzate e uniche per la tua squadra; un&#8217;architettura basata su <strong>cloud<\/strong> che \u00e8 facile da implementare in qualsiasi ambiente. La soluzione garantisce supporto tecnico 24\/5 per tutti gli utenti.\u00a0Gli utenti possono personalizzare facilmente il proprio portale di apprendimento con il proprio logo, la pagina dei visitatori personalizzata, la combinazione di colori, la terminologia, le app mobili con marchio per <strong>iOS, Android e Windows<\/strong> e altro ancora.<\/p>\n<h2>MATRIX LMS &#8211; TUTORIAL<\/h2>\n<p>Guardiamo come \u00e8 semplice creare un corso con questo <strong>software di formazione online<\/strong>:<\/p>\n<div id=\"fluid-wrapper-counter-1\" class=\"g1-fluid-wrapper \" style=\"width:686px;\">\n<div style=\"padding-bottom:56.268221574344%;\"><iframe loading=\"lazy\" title=\"MATRIX LMS - The world&#039;s best learning platform for Businesses\" width=\"686\" height=\"386\" src=\"https:\/\/www.youtube.com\/embed\/--FRQFP2p3E?start=2&#038;feature=oembed&amp;wmode=transparent&amp;autohide=1&amp;autoplay=0&amp;disablekb=0&amp;fs=1&amp;loop=0&amp;enablejsapi=1&amp;rel=0&amp;controls=2&amp;showinfo=0&amp;wmode=transparent&amp;autohide=2&amp;autoplay=0&amp;disablekb=0&amp;fs=1&amp;loop=0&amp;enablejsapi=1&amp;rel=0&amp;controls=2&amp;showinfo=1\" frameborder=\"0\" allow=\"accelerometer; autoplay; encrypted-media; gyroscope; picture-in-picture\" allowfullscreen><\/iframe><\/div>\n<\/div>\n<h3>MATRIX LMS &#8211; CARATTERISTICHE<\/h3>\n<ul>\n<li>Dashboard grafici<\/li>\n<li>Interfaccia bella, moderna e facile da usare<\/li>\n<li>Il design completamente reattivo funziona su tutti i dispositivi<\/li>\n<li>Trascina e rilascia widget della dashboard<\/li>\n<li>App mobili native per iOS, Android e Windows<\/li>\n<li>Pagine del profilo grafico<\/li>\n<li>Profili pubblici<\/li>\n<li>Avatar e immagini del profilo<\/li>\n<li>Funzioni di accessibilit\u00e0<\/li>\n<li>Supporto per oltre 40 lingue<\/li>\n<li>Indicatori e widget di attivit\u00e0 animati<\/li>\n<li>Corsi autodidattici o con istruttore<\/li>\n<li>Visualizza corsi, percorsi, pacchetti, abbonamenti e media digitali<\/li>\n<li>Supporto per categorie nidificate e elenchi incrociati<\/li>\n<li>Visualizzazione grafica di riquadri e testo<\/li>\n<li>Ordinamento alfabetico o personalizzazione mediante trascinamento della selezione<\/li>\n<li>Ricerca nel catalogo<\/li>\n<li>Opzioni per corsi in primo piano, collegamenti a categorie e contenuti personalizzati<\/li>\n<li>Definisci gli elementi che verranno visualizzati nel catalogo dei corsi utilizzando i filtri di visibilit\u00e0<\/li>\n<li>Visualizzazione del calendario dei corsi<\/li>\n<\/ul>\n<h4>LE RECENSIONI DEGLI UTENTI<\/h4>\n<h4 class=\"font-weight-bold my-1 d-flex align-items-center\">Tony P.&#8221;Fantastica soluzione a tutto tondo&#8221;<\/h4>\n<p><strong>Commenti: <\/strong>Matrix LMS ha sostituito pi\u00f9 siti e soluzioni precedenti con un unico sito principale per tutte le esigenze di apprendimento digitale, social ed ecommerce della nostra comunit\u00e0 &#8211; ci ha permesso di risparmiare tempo significativo per le persone nel vasto livello di automazione possibile, migliorando allo stesso tempo nuovi modelli di business e offerte di prodotti con le sue svariate funzionalit\u00e0 di ecommerce e prodotti digitali.<\/p>\n<p><strong>Vantaggi: <\/strong>Siamo passati da un&#8217;altra soluzione a Matrix LMS circa 18 mesi fa, poich\u00e9 desideravamo una soluzione ricca di funzionalit\u00e0 e di facile utilizzo per la nostra comunit\u00e0 digitale: Matrix ha superato tutte le aspettative in termini di facilit\u00e0 di installazione, vasta gamma di funzionalit\u00e0, capacit\u00e0 di automazione e assistenza clienti eccezionale.<\/p>\n<p><strong>Inconvenienti: <\/strong>Per coloro che cercano alti livelli di funzionalit\u00e0 di accessibilit\u00e0, Matrix LMS \u00e8 una buona soluzione con la necessit\u00e0 di fare attenzione come con qualsiasi tecnologia per quanto riguarda il contenuto caricato \/ progettato per supportare l&#8217;accessibilit\u00e0.<\/p>\n<h4 class=\"font-weight-bold my-1 d-flex align-items-center\">Phill B.&#8221;Fantastico apprendimento digitale di prossima generazione&#8221;<\/h4>\n<p><strong>Commenti: <\/strong>Con una soluzione di livello mondiale, la funzione di supporto super reattiva e focalizzata sul cliente rende Matrix LMS il migliore in assoluto!<\/p>\n<p><strong>Vantaggi: <\/strong>Bellissima interfaccia &#8211; facilit\u00e0 d&#8217;uso &#8211; reattivit\u00e0 mobile &#8211; gamification integrato &#8211; social community &#8211; App integrate &#8211; automazione di tutto con motore di regole innovativo &#8211; questa soluzione ha tutto!<\/p>\n<p><strong>Inconvenienti: <\/strong>La funzione di attribuzione del copyright aiuterebbe con le applicazioni incentrate sull&#8217;amministrazione.<\/p>\n<h4 class=\"font-weight-bold my-1 d-flex align-items-center\">Justin H.&#8221;Matrix LMS&#8221;<\/h4>\n<p><strong>Vantaggi: <\/strong>Matrix LMS \u00e8 un ottimo accesso agli approcci della piattaforma di apprendimento aziendale. Per il tipo di LMS, ci sono davvero una grande variet\u00e0 di funzionalit\u00e0. Anche l&#8217;automazione ha giocato un ruolo importante nella nostra considerazione di questo prodotto.<\/p>\n<p><strong>Inconvenienti: <\/strong>Ho avuto qualche difficolt\u00e0 a configurarlo in quanto mancava la documentazione (il forum di supporto sembrava essere una buona fonte di approfondimento).<\/p>\n<p>&nbsp;<\/p>\n","protected":false},"excerpt":{"rendered":"<p>Matrix Lms \u00e8 un sistema di gestione dell&#8217;apprendimento pluripremiato e di livello mondiale progettato per le piccole, medie e grandi imprese. Il sistema viene fornito con un&#8217;interfaccia accattivante e intuitiva, una serie completa di funzionalit\u00e0 come ad esempio uno strumento di authoring integrato per la creazione di corsi online.<\/p>\n","protected":false},"author":19,"featured_media":29299,"parent":28265,"menu_order":0,"comment_status":"open","ping_status":"closed","template":"g1_template_page_review_new.php","meta":{"_acf_changed":false,"cwp_meta_box_check":"Yes","cwp_rev_product_name":"","cwp_rev_product_image":"","wppr_links":[],"cwp_rev_price":"","wppr_options":[],"wppr_pros":[],"wppr_cons":[],"_monsterinsights_skip_tracking":false,"_monsterinsights_sitenote_active":false,"_monsterinsights_sitenote_note":"","_monsterinsights_sitenote_category":0,"footnotes":""},"categories":[3163],"tags":[3257,3412,3261,3167,3260,3166,3254,3164,3253,3165],"features":[],"class_list":{"0":"post-29298","1":"page","2":"type-page","3":"status-publish","4":"has-post-thumbnail","6":"category-software-formazione-online","7":"tag-lms","8":"tag-matrix-lms","9":"tag-piattaforma-apprendimento-online","10":"tag-piattaforma-formazione-online","11":"tag-programma-apprendimento-online","12":"tag-programma-formazione-online","13":"tag-software-apprendimento-online","14":"tag-software-formazione-online","15":"tag-soluzione-apprendimento-online","16":"tag-soluzione-formazione-online"},"wppr_data":{"cwp_meta_box_check":"Yes","cwp_rev_product_name":"","cwp_rev_product_image":"","cwp_image_link":"image","cwp_rev_price":"","wppr_rating":"0.00"},"acf":[],"yoast_head":"<!-- This site is optimized with the Yoast SEO plugin v27.4 - https:\/\/yoast.com\/product\/yoast-seo-wordpress\/ -->\n<title>Matrix Lms: recensione software formazione online - Accurate Reviews<\/title>\n<meta name=\"description\" content=\"Matrix Lms: recensione sistema di gestione dell&#039;apprendimento pluripremiato e di livello mondiale progettato per le piccole, medie e grandi imprese.\" \/>\n<meta name=\"robots\" content=\"index, follow, max-snippet:-1, max-image-preview:large, max-video-preview:-1\" \/>\n<link rel=\"canonical\" href=\"https:\/\/www.accuratereviews.com\/it\/software-formazione-online\/matrix-lms-recensione\/\" \/>\n<meta property=\"og:locale\" content=\"it_IT\" \/>\n<meta property=\"og:type\" content=\"article\" \/>\n<meta property=\"og:title\" content=\"Matrix Lms: recensione software formazione online - Accurate Reviews\" \/>\n<meta property=\"og:description\" content=\"Matrix Lms: recensione sistema di gestione dell&#039;apprendimento pluripremiato e di livello mondiale progettato per le piccole, medie e grandi imprese.\" \/>\n<meta property=\"og:url\" content=\"https:\/\/www.accuratereviews.com\/it\/software-formazione-online\/matrix-lms-recensione\/\" \/>\n<meta property=\"og:site_name\" content=\"Accurate Reviews\" \/>\n<meta property=\"article:modified_time\" content=\"2020-08-12T10:31:23+00:00\" \/>\n<meta property=\"og:image\" content=\"https:\/\/www.accuratereviews.com\/wp-content\/uploads\/2020\/08\/matrix.png\" \/>\n\t<meta property=\"og:image:width\" content=\"300\" \/>\n\t<meta property=\"og:image:height\" content=\"300\" \/>\n\t<meta property=\"og:image:type\" content=\"image\/png\" \/>\n<meta name=\"twitter:card\" content=\"summary_large_image\" \/>\n<meta name=\"twitter:label1\" content=\"Tempo di lettura stimato\" \/>\n\t<meta name=\"twitter:data1\" content=\"3 minuti\" \/>\n<script type=\"application\/ld+json\" class=\"yoast-schema-graph\">{\"@context\":\"https:\\\/\\\/schema.org\",\"@graph\":[{\"@type\":\"WebPage\",\"@id\":\"https:\\\/\\\/www.accuratereviews.com\\\/it\\\/software-formazione-online\\\/matrix-lms-recensione\\\/\",\"url\":\"https:\\\/\\\/www.accuratereviews.com\\\/it\\\/software-formazione-online\\\/matrix-lms-recensione\\\/\",\"name\":\"Matrix Lms: recensione software formazione online - Accurate Reviews\",\"isPartOf\":{\"@id\":\"https:\\\/\\\/www.accuratereviews.com\\\/it\\\/#website\"},\"primaryImageOfPage\":{\"@id\":\"https:\\\/\\\/www.accuratereviews.com\\\/it\\\/software-formazione-online\\\/matrix-lms-recensione\\\/#primaryimage\"},\"image\":{\"@id\":\"https:\\\/\\\/www.accuratereviews.com\\\/it\\\/software-formazione-online\\\/matrix-lms-recensione\\\/#primaryimage\"},\"thumbnailUrl\":\"https:\\\/\\\/www.accuratereviews.com\\\/wp-content\\\/uploads\\\/2020\\\/08\\\/matrix.png\",\"datePublished\":\"2020-08-03T08:17:48+00:00\",\"dateModified\":\"2020-08-12T10:31:23+00:00\",\"description\":\"Matrix Lms: recensione sistema di gestione dell'apprendimento pluripremiato e di livello mondiale progettato per le piccole, medie e grandi imprese.\",\"breadcrumb\":{\"@id\":\"https:\\\/\\\/www.accuratereviews.com\\\/it\\\/software-formazione-online\\\/matrix-lms-recensione\\\/#breadcrumb\"},\"inLanguage\":\"it-IT\",\"potentialAction\":[{\"@type\":\"ReadAction\",\"target\":[\"https:\\\/\\\/www.accuratereviews.com\\\/it\\\/software-formazione-online\\\/matrix-lms-recensione\\\/\"]}]},{\"@type\":\"ImageObject\",\"inLanguage\":\"it-IT\",\"@id\":\"https:\\\/\\\/www.accuratereviews.com\\\/it\\\/software-formazione-online\\\/matrix-lms-recensione\\\/#primaryimage\",\"url\":\"https:\\\/\\\/www.accuratereviews.com\\\/wp-content\\\/uploads\\\/2020\\\/08\\\/matrix.png\",\"contentUrl\":\"https:\\\/\\\/www.accuratereviews.com\\\/wp-content\\\/uploads\\\/2020\\\/08\\\/matrix.png\",\"width\":300,\"height\":300},{\"@type\":\"BreadcrumbList\",\"@id\":\"https:\\\/\\\/www.accuratereviews.com\\\/it\\\/software-formazione-online\\\/matrix-lms-recensione\\\/#breadcrumb\",\"itemListElement\":[{\"@type\":\"ListItem\",\"position\":1,\"name\":\"Home\",\"item\":\"https:\\\/\\\/www.accuratereviews.com\\\/it\\\/\"},{\"@type\":\"ListItem\",\"position\":2,\"name\":\"Software formazione online\",\"item\":\"https:\\\/\\\/www.accuratereviews.com\\\/it\\\/software-formazione-online\\\/\"},{\"@type\":\"ListItem\",\"position\":3,\"name\":\"Matrix Lms\"}]},{\"@type\":\"WebSite\",\"@id\":\"https:\\\/\\\/www.accuratereviews.com\\\/it\\\/#website\",\"url\":\"https:\\\/\\\/www.accuratereviews.com\\\/it\\\/\",\"name\":\"Accurate Reviews\",\"description\":\"\",\"potentialAction\":[{\"@type\":\"SearchAction\",\"target\":{\"@type\":\"EntryPoint\",\"urlTemplate\":\"https:\\\/\\\/www.accuratereviews.com\\\/it\\\/?s={search_term_string}\"},\"query-input\":{\"@type\":\"PropertyValueSpecification\",\"valueRequired\":true,\"valueName\":\"search_term_string\"}}],\"inLanguage\":\"it-IT\"}]}<\/script>\n<!-- \/ Yoast SEO plugin. -->","yoast_head_json":{"title":"Matrix Lms: recensione software formazione online - Accurate Reviews","description":"Matrix Lms: recensione sistema di gestione dell'apprendimento pluripremiato e di livello mondiale progettato per le piccole, medie e grandi imprese.","robots":{"index":"index","follow":"follow","max-snippet":"max-snippet:-1","max-image-preview":"max-image-preview:large","max-video-preview":"max-video-preview:-1"},"canonical":"https:\/\/www.accuratereviews.com\/it\/software-formazione-online\/matrix-lms-recensione\/","og_locale":"it_IT","og_type":"article","og_title":"Matrix Lms: recensione software formazione online - Accurate Reviews","og_description":"Matrix Lms: recensione sistema di gestione dell'apprendimento pluripremiato e di livello mondiale progettato per le piccole, medie e grandi imprese.","og_url":"https:\/\/www.accuratereviews.com\/it\/software-formazione-online\/matrix-lms-recensione\/","og_site_name":"Accurate Reviews","article_modified_time":"2020-08-12T10:31:23+00:00","og_image":[{"width":300,"height":300,"url":"https:\/\/www.accuratereviews.com\/wp-content\/uploads\/2020\/08\/matrix.png","type":"image\/png"}],"twitter_card":"summary_large_image","twitter_misc":{"Tempo di lettura stimato":"3 minuti"},"schema":{"@context":"https:\/\/schema.org","@graph":[{"@type":"WebPage","@id":"https:\/\/www.accuratereviews.com\/it\/software-formazione-online\/matrix-lms-recensione\/","url":"https:\/\/www.accuratereviews.com\/it\/software-formazione-online\/matrix-lms-recensione\/","name":"Matrix Lms: recensione software formazione online - Accurate Reviews","isPartOf":{"@id":"https:\/\/www.accuratereviews.com\/it\/#website"},"primaryImageOfPage":{"@id":"https:\/\/www.accuratereviews.com\/it\/software-formazione-online\/matrix-lms-recensione\/#primaryimage"},"image":{"@id":"https:\/\/www.accuratereviews.com\/it\/software-formazione-online\/matrix-lms-recensione\/#primaryimage"},"thumbnailUrl":"https:\/\/www.accuratereviews.com\/wp-content\/uploads\/2020\/08\/matrix.png","datePublished":"2020-08-03T08:17:48+00:00","dateModified":"2020-08-12T10:31:23+00:00","description":"Matrix Lms: recensione sistema di gestione dell'apprendimento pluripremiato e di livello mondiale progettato per le piccole, medie e grandi imprese.","breadcrumb":{"@id":"https:\/\/www.accuratereviews.com\/it\/software-formazione-online\/matrix-lms-recensione\/#breadcrumb"},"inLanguage":"it-IT","potentialAction":[{"@type":"ReadAction","target":["https:\/\/www.accuratereviews.com\/it\/software-formazione-online\/matrix-lms-recensione\/"]}]},{"@type":"ImageObject","inLanguage":"it-IT","@id":"https:\/\/www.accuratereviews.com\/it\/software-formazione-online\/matrix-lms-recensione\/#primaryimage","url":"https:\/\/www.accuratereviews.com\/wp-content\/uploads\/2020\/08\/matrix.png","contentUrl":"https:\/\/www.accuratereviews.com\/wp-content\/uploads\/2020\/08\/matrix.png","width":300,"height":300},{"@type":"BreadcrumbList","@id":"https:\/\/www.accuratereviews.com\/it\/software-formazione-online\/matrix-lms-recensione\/#breadcrumb","itemListElement":[{"@type":"ListItem","position":1,"name":"Home","item":"https:\/\/www.accuratereviews.com\/it\/"},{"@type":"ListItem","position":2,"name":"Software formazione online","item":"https:\/\/www.accuratereviews.com\/it\/software-formazione-online\/"},{"@type":"ListItem","position":3,"name":"Matrix Lms"}]},{"@type":"WebSite","@id":"https:\/\/www.accuratereviews.com\/it\/#website","url":"https:\/\/www.accuratereviews.com\/it\/","name":"Accurate Reviews","description":"","potentialAction":[{"@type":"SearchAction","target":{"@type":"EntryPoint","urlTemplate":"https:\/\/www.accuratereviews.com\/it\/?s={search_term_string}"},"query-input":{"@type":"PropertyValueSpecification","valueRequired":true,"valueName":"search_term_string"}}],"inLanguage":"it-IT"}]}},"_links":{"self":[{"href":"https:\/\/www.accuratereviews.com\/it\/wp-json\/wp\/v2\/pages\/29298","targetHints":{"allow":["GET"]}}],"collection":[{"href":"https:\/\/www.accuratereviews.com\/it\/wp-json\/wp\/v2\/pages"}],"about":[{"href":"https:\/\/www.accuratereviews.com\/it\/wp-json\/wp\/v2\/types\/page"}],"author":[{"embeddable":true,"href":"https:\/\/www.accuratereviews.com\/it\/wp-json\/wp\/v2\/users\/19"}],"replies":[{"embeddable":true,"href":"https:\/\/www.accuratereviews.com\/it\/wp-json\/wp\/v2\/comments?post=29298"}],"version-history":[{"count":10,"href":"https:\/\/www.accuratereviews.com\/it\/wp-json\/wp\/v2\/pages\/29298\/revisions"}],"predecessor-version":[{"id":29627,"href":"https:\/\/www.accuratereviews.com\/it\/wp-json\/wp\/v2\/pages\/29298\/revisions\/29627"}],"up":[{"embeddable":true,"href":"https:\/\/www.accuratereviews.com\/it\/wp-json\/wp\/v2\/pages\/28265"}],"wp:featuredmedia":[{"embeddable":true,"href":"https:\/\/www.accuratereviews.com\/it\/wp-json\/wp\/v2\/media\/29299"}],"wp:attachment":[{"href":"https:\/\/www.accuratereviews.com\/it\/wp-json\/wp\/v2\/media?parent=29298"}],"wp:term":[{"taxonomy":"category","embeddable":true,"href":"https:\/\/www.accuratereviews.com\/it\/wp-json\/wp\/v2\/categories?post=29298"},{"taxonomy":"post_tag","embeddable":true,"href":"https:\/\/www.accuratereviews.com\/it\/wp-json\/wp\/v2\/tags?post=29298"},{"taxonomy":"features","embeddable":true,"href":"https:\/\/www.accuratereviews.com\/it\/wp-json\/wp\/v2\/features?post=29298"}],"curies":[{"name":"wp","href":"https:\/\/api.w.org\/{rel}","templated":true}]}}