{"id":29307,"date":"2020-08-03T08:18:16","date_gmt":"2020-08-03T08:18:16","guid":{"rendered":"https:\/\/www.accuratereviews.com\/?page_id=29307"},"modified":"2020-11-06T09:02:30","modified_gmt":"2020-11-06T09:02:30","slug":"administrate-recensione","status":"publish","type":"page","link":"https:\/\/www.accuratereviews.com\/it\/software-formazione-online\/administrate-recensione\/","title":{"rendered":"Administrate"},"content":{"rendered":"<p class=\"h3 mb-1\"><strong>Administrate<\/strong> \u00e8 una <strong>piattaforma di gestione della formazione<\/strong> completa e configurabile che aiuta le organizzazioni a ottimizzare l&#8217;apprendimento e lo sviluppo aziendale. La piattaforma consente agli utenti di organizzare, distribuire, pianificare, automatizzare, analizzare e ridimensionare i programmi di formazione in modo efficace, tutto in un unico sistema.\u00a0Inoltre, con <strong>Administrate<\/strong>, le aziende possono offrire esperienze di apprendimento multi-modalit\u00e0, massimizzare le risorse di formazione e dimostrare i risultati di business con report approfonditi. Questo programma fornisce strumenti di e-learning di alta qualit\u00e0, ottimizzato per dispositivi mobili e conforme a SCORM. Puoi anche trasformare il tuo sito web in un sistema di prenotazione dei corsi.<\/p>\n<h2>ADMINISTRATE &#8211; VIDEO<\/h2>\n<p>Guardiamo insieme questo tutorial in qui illustre le principali funzioni di questo<strong> software di formazione online<\/strong>:<\/p>\n<div id=\"fluid-wrapper-counter-1\" class=\"g1-fluid-wrapper \" style=\"width:686px;\">\n<div style=\"padding-bottom:56.268221574344%;\"><iframe loading=\"lazy\" title=\"Administrate: Training Management Software to Drive Your Business\" width=\"686\" height=\"386\" src=\"https:\/\/www.youtube.com\/embed\/FeWR2Xz9WxY?feature=oembed&amp;wmode=transparent&amp;autohide=1&amp;autoplay=0&amp;disablekb=0&amp;fs=1&amp;loop=0&amp;enablejsapi=1&amp;rel=0&amp;controls=2&amp;showinfo=0&amp;wmode=transparent&amp;autohide=2&amp;autoplay=0&amp;disablekb=0&amp;fs=1&amp;loop=0&amp;enablejsapi=1&amp;rel=0&amp;controls=2&amp;showinfo=1\" frameborder=\"0\" allow=\"accelerometer; autoplay; clipboard-write; encrypted-media; gyroscope; picture-in-picture\" allowfullscreen><\/iframe><\/div>\n<\/div>\n<h3>ADMINISTRATE &#8211; CARATTERISTICHE<\/h3>\n<ul>\n<li>Effettua il backup dell&#8217;intera operazione online e mantieni i dati al sicuro<\/li>\n<li>Archivia e trova facilmente i tuoi documenti importanti<\/li>\n<li>D\u00ec addio alla carta e ai file condivisi<\/li>\n<li>Visualizza le tue operazioni con report e metriche<\/li>\n<li>Ridurre al minimo l&#8217;immissione di dati duplicati<\/li>\n<li>Elaborazione rapida di registrazioni e prenotazioni<\/li>\n<li>Conserva tutto in un unico posto<\/li>\n<li>Imposta email automatiche<\/li>\n<li>Aggiorna automaticamente il tuo CRM via email<\/li>\n<li>Genera certificati con un solo clic<\/li>\n<li>Tieni traccia dei compiti e degli eventi<\/li>\n<li>Crea rapporti rapidamente<\/li>\n<li>Fornisci contenuti a qualsiasi dispositivo, ovunque<\/li>\n<li>Tieni aggiornati gli elenchi dei corsi<\/li>\n<li>Accetta prenotazioni di corsi online<\/li>\n<li>Pagamento facile per i clienti<\/li>\n<li>Promuovi i tuoi corsi<\/li>\n<li>Configura promemoria automatici via email<\/li>\n<li>Ottieni un posizionamento pi\u00f9 elevato nei motori di ricerca<\/li>\n<li>Fornire e-learning di alta qualit\u00e0<\/li>\n<li>Personalizza l&#8217;esperienza dello studente<\/li>\n<\/ul>\n<h4>LE RECENSIONI DEGLI UTENTI<\/h4>\n<h4 class=\"font-weight-bold my-1 d-flex align-items-center\">Tammie W.&#8221;Adoro questo software&#8221;<\/h4>\n<p><strong>Commenti: <\/strong>Tutto in un unico posto &#8230; non \u00e8 necessario andare su diversi fogli di calcolo e su diversi programmi per gestire un evento! Lo adoro.<\/p>\n<p><strong>Vantaggi: <\/strong>Facilit\u00e0 d&#8217;uso, semplice da usare, tutte le informazioni in un unico posto.<\/p>\n<p><strong>Inconvenienti: <\/strong>Alcune funzionalit\u00e0 che attualmente utilizziamo non sono incluse in questo software, ma sono molto aperte ai suggerimenti e provano a incorporarli.<\/p>\n<h4>Rachele F.&#8221;Manager, operazioni di consegna globale&#8221;<\/h4>\n<p><strong>Commenti: <\/strong>Collaboro con Administrate dal 2014 e hanno rivoluzionato la nostra attivit\u00e0 di formazione. Siamo stati in grado di estendere la nostra portata globale e raggiungere i nostri obiettivi in costante crescita.<\/p>\n<p><strong>Vantaggi: <\/strong>Il loro supporto clienti \u00e8 eccellente. Il nostro account manager \u00e8 ancora meglio, sa come funziona la nostra attivit\u00e0 dentro e fuori. E il sistema stesso \u00e8 molto intuitivo e facile da usare.<\/p>\n<p><strong>Inconvenienti: <\/strong>Alcune funzionalit\u00e0 operative sono state rimosse nel loro aggiornamento, ma stanno lavorando per risolvere il problema.<\/p>\n<h4 class=\"font-weight-bold my-1 d-flex align-items-center\">Fiona G.&#8221;L&#8217;aiuto \u00e8 a portata di mano con Amministrare&#8221;<\/h4>\n<p><strong>Commenti: <\/strong>Prima di usare Administrate tutto era su un pezzo di carta, email separate, bacheche e fogli di calcolo, avevo troppo da fare e non abbastanza tempo e nessun sistema efficiente per organizzare la mia attivit\u00e0.\u00a0I vantaggi sono che ho pi\u00f9 tempo per parlare con i miei clienti e pianificare nuovi sviluppi.<\/p>\n<p><strong>Vantaggi: <\/strong>\u00c8 intuitivo e facile da usare, visivo e logico, ma non tutti i processi del cervello nello stesso modo. Tutto \u00e8 in un unico posto e disponibile da qualsiasi parte del mondo se hai accesso a Internet.<\/p>\n<p><strong>Inconvenienti: <\/strong>Il sistema di segnalazione \u00e8 complicato, \u00e8 uno strumento molto potente, ma pu\u00f2 essere frustrante uscirne da ci\u00f2 di cui hai bisogno<\/p>\n<p>&nbsp;<\/p>\n","protected":false},"excerpt":{"rendered":"<p>Administrate \u00e8 una piattaforma di gestione della formazione completa e configurabile che aiuta le organizzazioni a ottimizzare l&#8217;apprendimento e lo sviluppo aziendale. La piattaforma consente agli utenti di organizzare, distribuire, pianificare, automatizzare, analizzare e ridimensionare i programmi di formazione in modo efficace, tutto in un unico sistema.<\/p>\n","protected":false},"author":19,"featured_media":29308,"parent":28265,"menu_order":0,"comment_status":"open","ping_status":"closed","template":"g1_template_page_review_new.php","meta":{"_acf_changed":false,"cwp_meta_box_check":"Yes","cwp_rev_product_name":"","cwp_rev_product_image":"","wppr_links":[],"cwp_rev_price":"","wppr_options":[],"wppr_pros":[],"wppr_cons":[],"_monsterinsights_skip_tracking":false,"_monsterinsights_sitenote_active":false,"_monsterinsights_sitenote_note":"","_monsterinsights_sitenote_category":0,"footnotes":""},"categories":[3163],"tags":[3413,3257,3261,3167,3260,3166,3254,3164,3253,3165],"features":[],"class_list":{"0":"post-29307","1":"page","2":"type-page","3":"status-publish","4":"has-post-thumbnail","6":"category-software-formazione-online","7":"tag-administrate","8":"tag-lms","9":"tag-piattaforma-apprendimento-online","10":"tag-piattaforma-formazione-online","11":"tag-programma-apprendimento-online","12":"tag-programma-formazione-online","13":"tag-software-apprendimento-online","14":"tag-software-formazione-online","15":"tag-soluzione-apprendimento-online","16":"tag-soluzione-formazione-online"},"wppr_data":{"cwp_meta_box_check":"Yes","cwp_rev_product_name":"","cwp_rev_product_image":"","cwp_image_link":"image","cwp_rev_price":"","wppr_rating":"0.00"},"acf":[],"yoast_head":"<!-- This site is optimized with the Yoast SEO plugin v27.4 - https:\/\/yoast.com\/product\/yoast-seo-wordpress\/ -->\n<title>Administrate: recensione software formazione online - Accurate Reviews<\/title>\n<meta name=\"description\" content=\"Administrate: recensione software di gestione della formazione che aiuta le organizzazioni a ottimizzare l&#039;apprendimento e lo sviluppo aziendale.\" \/>\n<meta name=\"robots\" content=\"index, follow, max-snippet:-1, max-image-preview:large, max-video-preview:-1\" \/>\n<link rel=\"canonical\" href=\"https:\/\/www.accuratereviews.com\/it\/software-formazione-online\/administrate-recensione\/\" \/>\n<meta property=\"og:locale\" content=\"it_IT\" \/>\n<meta property=\"og:type\" content=\"article\" \/>\n<meta property=\"og:title\" content=\"Administrate: recensione software formazione online - Accurate Reviews\" \/>\n<meta property=\"og:description\" content=\"Administrate: recensione software di gestione della formazione che aiuta le organizzazioni a ottimizzare l&#039;apprendimento e lo sviluppo aziendale.\" \/>\n<meta property=\"og:url\" content=\"https:\/\/www.accuratereviews.com\/it\/software-formazione-online\/administrate-recensione\/\" \/>\n<meta property=\"og:site_name\" content=\"Accurate Reviews\" \/>\n<meta property=\"article:modified_time\" content=\"2020-11-06T09:02:30+00:00\" \/>\n<meta property=\"og:image\" content=\"https:\/\/www.accuratereviews.com\/wp-content\/uploads\/2020\/08\/Administrate.png\" \/>\n\t<meta property=\"og:image:width\" content=\"501\" \/>\n\t<meta property=\"og:image:height\" content=\"501\" \/>\n\t<meta property=\"og:image:type\" content=\"image\/png\" \/>\n<meta name=\"twitter:card\" content=\"summary_large_image\" \/>\n<meta name=\"twitter:label1\" content=\"Tempo di lettura stimato\" \/>\n\t<meta name=\"twitter:data1\" content=\"3 minuti\" \/>\n<script type=\"application\/ld+json\" class=\"yoast-schema-graph\">{\"@context\":\"https:\\\/\\\/schema.org\",\"@graph\":[{\"@type\":\"WebPage\",\"@id\":\"https:\\\/\\\/www.accuratereviews.com\\\/it\\\/software-formazione-online\\\/administrate-recensione\\\/\",\"url\":\"https:\\\/\\\/www.accuratereviews.com\\\/it\\\/software-formazione-online\\\/administrate-recensione\\\/\",\"name\":\"Administrate: recensione software formazione online - Accurate Reviews\",\"isPartOf\":{\"@id\":\"https:\\\/\\\/www.accuratereviews.com\\\/it\\\/#website\"},\"primaryImageOfPage\":{\"@id\":\"https:\\\/\\\/www.accuratereviews.com\\\/it\\\/software-formazione-online\\\/administrate-recensione\\\/#primaryimage\"},\"image\":{\"@id\":\"https:\\\/\\\/www.accuratereviews.com\\\/it\\\/software-formazione-online\\\/administrate-recensione\\\/#primaryimage\"},\"thumbnailUrl\":\"https:\\\/\\\/www.accuratereviews.com\\\/wp-content\\\/uploads\\\/2020\\\/08\\\/Administrate.png\",\"datePublished\":\"2020-08-03T08:18:16+00:00\",\"dateModified\":\"2020-11-06T09:02:30+00:00\",\"description\":\"Administrate: recensione software di gestione della formazione che aiuta le organizzazioni a ottimizzare l'apprendimento e lo sviluppo aziendale.\",\"breadcrumb\":{\"@id\":\"https:\\\/\\\/www.accuratereviews.com\\\/it\\\/software-formazione-online\\\/administrate-recensione\\\/#breadcrumb\"},\"inLanguage\":\"it-IT\",\"potentialAction\":[{\"@type\":\"ReadAction\",\"target\":[\"https:\\\/\\\/www.accuratereviews.com\\\/it\\\/software-formazione-online\\\/administrate-recensione\\\/\"]}]},{\"@type\":\"ImageObject\",\"inLanguage\":\"it-IT\",\"@id\":\"https:\\\/\\\/www.accuratereviews.com\\\/it\\\/software-formazione-online\\\/administrate-recensione\\\/#primaryimage\",\"url\":\"https:\\\/\\\/www.accuratereviews.com\\\/wp-content\\\/uploads\\\/2020\\\/08\\\/Administrate.png\",\"contentUrl\":\"https:\\\/\\\/www.accuratereviews.com\\\/wp-content\\\/uploads\\\/2020\\\/08\\\/Administrate.png\",\"width\":501,\"height\":501},{\"@type\":\"BreadcrumbList\",\"@id\":\"https:\\\/\\\/www.accuratereviews.com\\\/it\\\/software-formazione-online\\\/administrate-recensione\\\/#breadcrumb\",\"itemListElement\":[{\"@type\":\"ListItem\",\"position\":1,\"name\":\"Home\",\"item\":\"https:\\\/\\\/www.accuratereviews.com\\\/it\\\/\"},{\"@type\":\"ListItem\",\"position\":2,\"name\":\"Software formazione online\",\"item\":\"https:\\\/\\\/www.accuratereviews.com\\\/it\\\/software-formazione-online\\\/\"},{\"@type\":\"ListItem\",\"position\":3,\"name\":\"Administrate\"}]},{\"@type\":\"WebSite\",\"@id\":\"https:\\\/\\\/www.accuratereviews.com\\\/it\\\/#website\",\"url\":\"https:\\\/\\\/www.accuratereviews.com\\\/it\\\/\",\"name\":\"Accurate Reviews\",\"description\":\"\",\"potentialAction\":[{\"@type\":\"SearchAction\",\"target\":{\"@type\":\"EntryPoint\",\"urlTemplate\":\"https:\\\/\\\/www.accuratereviews.com\\\/it\\\/?s={search_term_string}\"},\"query-input\":{\"@type\":\"PropertyValueSpecification\",\"valueRequired\":true,\"valueName\":\"search_term_string\"}}],\"inLanguage\":\"it-IT\"}]}<\/script>\n<!-- \/ Yoast SEO plugin. -->","yoast_head_json":{"title":"Administrate: recensione software formazione online - Accurate Reviews","description":"Administrate: recensione software di gestione della formazione che aiuta le organizzazioni a ottimizzare l'apprendimento e lo sviluppo aziendale.","robots":{"index":"index","follow":"follow","max-snippet":"max-snippet:-1","max-image-preview":"max-image-preview:large","max-video-preview":"max-video-preview:-1"},"canonical":"https:\/\/www.accuratereviews.com\/it\/software-formazione-online\/administrate-recensione\/","og_locale":"it_IT","og_type":"article","og_title":"Administrate: recensione software formazione online - Accurate Reviews","og_description":"Administrate: recensione software di gestione della formazione che aiuta le organizzazioni a ottimizzare l'apprendimento e lo sviluppo aziendale.","og_url":"https:\/\/www.accuratereviews.com\/it\/software-formazione-online\/administrate-recensione\/","og_site_name":"Accurate Reviews","article_modified_time":"2020-11-06T09:02:30+00:00","og_image":[{"width":501,"height":501,"url":"https:\/\/www.accuratereviews.com\/wp-content\/uploads\/2020\/08\/Administrate.png","type":"image\/png"}],"twitter_card":"summary_large_image","twitter_misc":{"Tempo di lettura stimato":"3 minuti"},"schema":{"@context":"https:\/\/schema.org","@graph":[{"@type":"WebPage","@id":"https:\/\/www.accuratereviews.com\/it\/software-formazione-online\/administrate-recensione\/","url":"https:\/\/www.accuratereviews.com\/it\/software-formazione-online\/administrate-recensione\/","name":"Administrate: recensione software formazione online - Accurate Reviews","isPartOf":{"@id":"https:\/\/www.accuratereviews.com\/it\/#website"},"primaryImageOfPage":{"@id":"https:\/\/www.accuratereviews.com\/it\/software-formazione-online\/administrate-recensione\/#primaryimage"},"image":{"@id":"https:\/\/www.accuratereviews.com\/it\/software-formazione-online\/administrate-recensione\/#primaryimage"},"thumbnailUrl":"https:\/\/www.accuratereviews.com\/wp-content\/uploads\/2020\/08\/Administrate.png","datePublished":"2020-08-03T08:18:16+00:00","dateModified":"2020-11-06T09:02:30+00:00","description":"Administrate: recensione software di gestione della formazione che aiuta le organizzazioni a ottimizzare l'apprendimento e lo sviluppo aziendale.","breadcrumb":{"@id":"https:\/\/www.accuratereviews.com\/it\/software-formazione-online\/administrate-recensione\/#breadcrumb"},"inLanguage":"it-IT","potentialAction":[{"@type":"ReadAction","target":["https:\/\/www.accuratereviews.com\/it\/software-formazione-online\/administrate-recensione\/"]}]},{"@type":"ImageObject","inLanguage":"it-IT","@id":"https:\/\/www.accuratereviews.com\/it\/software-formazione-online\/administrate-recensione\/#primaryimage","url":"https:\/\/www.accuratereviews.com\/wp-content\/uploads\/2020\/08\/Administrate.png","contentUrl":"https:\/\/www.accuratereviews.com\/wp-content\/uploads\/2020\/08\/Administrate.png","width":501,"height":501},{"@type":"BreadcrumbList","@id":"https:\/\/www.accuratereviews.com\/it\/software-formazione-online\/administrate-recensione\/#breadcrumb","itemListElement":[{"@type":"ListItem","position":1,"name":"Home","item":"https:\/\/www.accuratereviews.com\/it\/"},{"@type":"ListItem","position":2,"name":"Software formazione online","item":"https:\/\/www.accuratereviews.com\/it\/software-formazione-online\/"},{"@type":"ListItem","position":3,"name":"Administrate"}]},{"@type":"WebSite","@id":"https:\/\/www.accuratereviews.com\/it\/#website","url":"https:\/\/www.accuratereviews.com\/it\/","name":"Accurate Reviews","description":"","potentialAction":[{"@type":"SearchAction","target":{"@type":"EntryPoint","urlTemplate":"https:\/\/www.accuratereviews.com\/it\/?s={search_term_string}"},"query-input":{"@type":"PropertyValueSpecification","valueRequired":true,"valueName":"search_term_string"}}],"inLanguage":"it-IT"}]}},"_links":{"self":[{"href":"https:\/\/www.accuratereviews.com\/it\/wp-json\/wp\/v2\/pages\/29307","targetHints":{"allow":["GET"]}}],"collection":[{"href":"https:\/\/www.accuratereviews.com\/it\/wp-json\/wp\/v2\/pages"}],"about":[{"href":"https:\/\/www.accuratereviews.com\/it\/wp-json\/wp\/v2\/types\/page"}],"author":[{"embeddable":true,"href":"https:\/\/www.accuratereviews.com\/it\/wp-json\/wp\/v2\/users\/19"}],"replies":[{"embeddable":true,"href":"https:\/\/www.accuratereviews.com\/it\/wp-json\/wp\/v2\/comments?post=29307"}],"version-history":[{"count":5,"href":"https:\/\/www.accuratereviews.com\/it\/wp-json\/wp\/v2\/pages\/29307\/revisions"}],"predecessor-version":[{"id":31978,"href":"https:\/\/www.accuratereviews.com\/it\/wp-json\/wp\/v2\/pages\/29307\/revisions\/31978"}],"up":[{"embeddable":true,"href":"https:\/\/www.accuratereviews.com\/it\/wp-json\/wp\/v2\/pages\/28265"}],"wp:featuredmedia":[{"embeddable":true,"href":"https:\/\/www.accuratereviews.com\/it\/wp-json\/wp\/v2\/media\/29308"}],"wp:attachment":[{"href":"https:\/\/www.accuratereviews.com\/it\/wp-json\/wp\/v2\/media?parent=29307"}],"wp:term":[{"taxonomy":"category","embeddable":true,"href":"https:\/\/www.accuratereviews.com\/it\/wp-json\/wp\/v2\/categories?post=29307"},{"taxonomy":"post_tag","embeddable":true,"href":"https:\/\/www.accuratereviews.com\/it\/wp-json\/wp\/v2\/tags?post=29307"},{"taxonomy":"features","embeddable":true,"href":"https:\/\/www.accuratereviews.com\/it\/wp-json\/wp\/v2\/features?post=29307"}],"curies":[{"name":"wp","href":"https:\/\/api.w.org\/{rel}","templated":true}]}}