{"id":29321,"date":"2020-08-04T08:29:30","date_gmt":"2020-08-04T08:29:30","guid":{"rendered":"https:\/\/www.accuratereviews.com\/?page_id=29321"},"modified":"2020-11-05T16:13:12","modified_gmt":"2020-11-05T16:13:12","slug":"travitor-recensione","status":"publish","type":"page","link":"https:\/\/www.accuratereviews.com\/it\/software-formazione-online\/travitor-recensione\/","title":{"rendered":"Travitor"},"content":{"rendered":"<p><strong>Travitor<\/strong> \u00e8 un<strong> sistema di gestione dell&#8217;apprendimento<\/strong> basato sul <strong>cloud<\/strong> (LMS) che aiuta le aziende di qualsiasi dimensione e settore a fornire formazione ai dipendenti. La piattaforma \u00e8 accessibile da computer Mac e Windows, nonch\u00e9 da dispositivi mobili Android e iOS.\u00a0La soluzione presenta una dashboard ai nuovi dipendenti statistiche di completamento della formazione insieme a cose da fare intelligenti. Gli utenti possono incorporare video e domande, aggiungere lezioni ed esercitazioni in tutti i corsi di formazione che progettano per offrire un ambiente di apprendimento coinvolgente. Il programma fornisce un forum della comunit\u00e0 per gli studenti in cui possono porre domande e discutere quiz e compiti con altri studenti.All&#8217;interno di Travitor \u00e8 possibile programmare eventi di apprendimento di persona e online. Fornisce grafici interattivi in modo che gli utenti possano visualizzare a colpo d&#8217;occhio i progressi della formazione a livello di organizzazione.<\/p>\n<h2>TRAVITOR &#8211; TUTORIAL<\/h2>\n<p>Diamo uno sguardo a questo tutorial che mostra come gli studenti possono accedere a questo<strong> software di formazione online<\/strong> e iniziare i corsi di apprendimento:<\/p>\n<div id=\"fluid-wrapper-counter-1\" class=\"g1-fluid-wrapper \" style=\"width:686px;\">\n<div style=\"padding-bottom:56.268221574344%;\"><iframe loading=\"lazy\" title=\"Student quick start guide\" width=\"686\" height=\"386\" src=\"https:\/\/www.youtube.com\/embed\/uLGInoIyxPw?feature=oembed&amp;wmode=transparent&amp;autohide=1&amp;autoplay=0&amp;disablekb=0&amp;fs=1&amp;loop=0&amp;enablejsapi=1&amp;rel=0&amp;controls=2&amp;showinfo=0&amp;wmode=transparent&amp;autohide=2&amp;autoplay=0&amp;disablekb=0&amp;fs=1&amp;loop=0&amp;enablejsapi=1&amp;rel=0&amp;controls=2&amp;showinfo=1\" frameborder=\"0\" allow=\"accelerometer; autoplay; clipboard-write; encrypted-media; gyroscope; picture-in-picture\" allowfullscreen><\/iframe><\/div>\n<\/div>\n<h3>TRAVITOR &#8211; CARATTERISTICHE<\/h3>\n<ul>\n<li><strong>Onboarding di nuovi dipendenti<\/strong>: fornisci ai nuovi dipendenti le panoramiche aziendali, formazione sui prodotti e altro ancora<br \/>\n<strong>Crea piani di apprendimento per i tuoi team: <\/strong>sviluppa i tuoi team e allenati per raggiungere i tuoi obiettivi. Crea piani di apprendimento con video, slide, documenti, quiz, compiti a casa e lezioni SCORM<\/li>\n<li><strong>Onboarding di nuovi clienti:<\/strong> fornisci supporto veloce e mantieni aggiornati i clienti con i tuoi prodotti e servizi in un unico posto. In questo modo puoi ridurre i costi di formazione e rendere felici i clienti<\/li>\n<li><strong>Politiche e procedure<\/strong>: la soluzione ti aiuter\u00e0 a fornire politiche aziendali e formazione sulla conformit\u00e0 in tutta la tua attivit\u00e0<\/li>\n<li><strong>Tieni sotto controllo tutti i livelli e le posizioni<\/strong>: con questo software puoi avere una visione dall&#8217;alto di importanti iniziative e raccogliere rapidamente informazioni, prendere decisioni e supportare il tuo team<\/li>\n<li><strong>Rendi il tuo allenamento dal vivo pi\u00f9 produttivo<\/strong>: collabora e dai la priorit\u00e0 a video, documenti, quiz e compiti a casa prima, durante e dopo le riunioni<\/li>\n<\/ul>\n<h4>LE RECENSIONI DEGLI UTENTI<\/h4>\n<h4 class=\"font-weight-bold my-1 d-flex align-items-center\">Michael L.&#8221;Un grande valore&#8221;<\/h4>\n<p><strong>Commenti: <\/strong>\u00c8 stato semplicissimo da avviare, il supporto \u00e8 fantastico e ad ogni aggiornamento migliora sempre di pi\u00f9.<\/p>\n<p><strong>Vantaggi: <\/strong>Sembra fantastico ed \u00e8 cos\u00ec facile da usare. Senza molto lavoro puoi navigare verso tutte le funzionalit\u00e0 (come utente o amministratore).<\/p>\n<p><strong>Inconvenienti: <\/strong>Il reporting potrebbe essere pi\u00f9 solido, ma tutti i dati di cui abbiamo bisogno sono l\u00ec.<\/p>\n<h4 class=\"font-weight-bold my-1 d-flex align-items-center\">James V.&#8221;Recensione Travitor&#8221;<\/h4>\n<p><strong>Commenti: <\/strong>Eccellente servizio clienti e supporto! Persone fantastiche con cui lavorare!<\/p>\n<p><strong>Vantaggi: <\/strong>La possibilit\u00e0 di aggiungere i tuoi corsi con questo programma \u00e8 estremamente facile da fare.<\/p>\n<p><strong>Inconvenienti: <\/strong>Il nuovo sistema non consente agli amministratori di rivedere i dati dettagliati durante la revisione del corso di una persona. Il vecchio sistema aveva questa capacit\u00e0.<\/p>\n<h4 class=\"font-weight-bold my-1 d-flex align-items-center\">Lindsay B.&#8221;Ottimo rapporto qualit\u00e0 prezzo e molto user friendly !!&#8221;<\/h4>\n<p><strong>Commenti: <\/strong>Questo ci far\u00e0 risparmiare tempo sulla formazione personalizzata. In una piccola organizzazione \u00e8 difficile stare con ogni individuo per fare uno su uno e continuare a svolgere i nostri compiti. Il viaggiatore consentir\u00e0 al personale di allenarsi da solo. Inoltre fornir\u00e0 opportunit\u00e0 di crescita per coloro che vogliono crescere e saperne di pi\u00f9. Saranno in grado di scegliere il percorso che vogliono intraprendere.<\/p>\n<p><strong>Vantaggi: <\/strong>Mi piace che fornir\u00e0 al mio staff molte diverse sfaccettature di formazione che possono svolgere nel loro tempo libero. Inoltre \u00e8 facile da navigare e utilizzare.<br \/>\nAnche la chat di supporto al servizio clienti \u00e8 veloce e molto utile.<\/p>\n<p><strong>Inconvenienti: <\/strong>Non ho trovato nulla che non mi piaccia di questo prodotto e dubito che lo far\u00f2.<\/p>\n","protected":false},"excerpt":{"rendered":"<p>Travitor \u00e8 un sistema di gestione dell&#8217;apprendimento basato sul cloud (LMS) che aiuta le aziende di qualsiasi dimensione e settore a fornire formazione ai dipendenti. La piattaforma \u00e8 accessibile da computer Mac e Windows, nonch\u00e9 da dispositivi mobili Android e iOS.\u00a0La soluzione presenta una dashboard ai nuovi dipendenti statistiche di completamento della formazione insieme a cose da fare intelligenti.<\/p>\n","protected":false},"author":19,"featured_media":29322,"parent":28265,"menu_order":0,"comment_status":"open","ping_status":"closed","template":"g1_template_page_review_new.php","meta":{"_acf_changed":false,"cwp_meta_box_check":"Yes","cwp_rev_product_name":"","cwp_rev_product_image":"","wppr_links":[],"cwp_rev_price":"","wppr_options":[],"wppr_pros":[],"wppr_cons":[],"_monsterinsights_skip_tracking":false,"_monsterinsights_sitenote_active":false,"_monsterinsights_sitenote_note":"","_monsterinsights_sitenote_category":0,"footnotes":""},"categories":[3163],"tags":[396,3257,3261,3167,3260,3166,3254,3164,3253,3165,3414],"features":[],"class_list":{"0":"post-29321","1":"page","2":"type-page","3":"status-publish","4":"has-post-thumbnail","6":"category-software-formazione-online","7":"tag-cloud","8":"tag-lms","9":"tag-piattaforma-apprendimento-online","10":"tag-piattaforma-formazione-online","11":"tag-programma-apprendimento-online","12":"tag-programma-formazione-online","13":"tag-software-apprendimento-online","14":"tag-software-formazione-online","15":"tag-soluzione-apprendimento-online","16":"tag-soluzione-formazione-online","17":"tag-travitor"},"wppr_data":{"cwp_meta_box_check":"Yes","cwp_rev_product_name":"","cwp_rev_product_image":"","cwp_image_link":"image","cwp_rev_price":"","wppr_rating":"0.00"},"acf":[],"yoast_head":"<!-- This site is optimized with the Yoast SEO plugin v27.4 - https:\/\/yoast.com\/product\/yoast-seo-wordpress\/ -->\n<title>Travitor: recensione software formazione online - Accurate Reviews<\/title>\n<meta name=\"description\" content=\"Travitor: recensione sistema di gestione della formazione basato sul cloud che aiuta le aziende di qualsiasi dimensione a fornire formazione ai dipendenti.\" \/>\n<meta name=\"robots\" content=\"index, follow, max-snippet:-1, max-image-preview:large, max-video-preview:-1\" \/>\n<link rel=\"canonical\" href=\"https:\/\/www.accuratereviews.com\/it\/software-formazione-online\/travitor-recensione\/\" \/>\n<meta property=\"og:locale\" content=\"it_IT\" \/>\n<meta property=\"og:type\" content=\"article\" \/>\n<meta property=\"og:title\" content=\"Travitor: recensione software formazione online - Accurate Reviews\" \/>\n<meta property=\"og:description\" content=\"Travitor: recensione sistema di gestione della formazione basato sul cloud che aiuta le aziende di qualsiasi dimensione a fornire formazione ai dipendenti.\" \/>\n<meta property=\"og:url\" content=\"https:\/\/www.accuratereviews.com\/it\/software-formazione-online\/travitor-recensione\/\" \/>\n<meta property=\"og:site_name\" content=\"Accurate Reviews\" \/>\n<meta property=\"article:modified_time\" content=\"2020-11-05T16:13:12+00:00\" \/>\n<meta property=\"og:image\" content=\"https:\/\/www.accuratereviews.com\/wp-content\/uploads\/2020\/08\/Travitor.jpg\" \/>\n\t<meta property=\"og:image:width\" content=\"320\" \/>\n\t<meta property=\"og:image:height\" content=\"320\" \/>\n\t<meta property=\"og:image:type\" content=\"image\/jpeg\" \/>\n<meta name=\"twitter:card\" content=\"summary_large_image\" \/>\n<meta name=\"twitter:label1\" content=\"Tempo di lettura stimato\" \/>\n\t<meta name=\"twitter:data1\" content=\"3 minuti\" \/>\n<script type=\"application\/ld+json\" class=\"yoast-schema-graph\">{\"@context\":\"https:\\\/\\\/schema.org\",\"@graph\":[{\"@type\":\"WebPage\",\"@id\":\"https:\\\/\\\/www.accuratereviews.com\\\/it\\\/software-formazione-online\\\/travitor-recensione\\\/\",\"url\":\"https:\\\/\\\/www.accuratereviews.com\\\/it\\\/software-formazione-online\\\/travitor-recensione\\\/\",\"name\":\"Travitor: recensione software formazione online - Accurate Reviews\",\"isPartOf\":{\"@id\":\"https:\\\/\\\/www.accuratereviews.com\\\/it\\\/#website\"},\"primaryImageOfPage\":{\"@id\":\"https:\\\/\\\/www.accuratereviews.com\\\/it\\\/software-formazione-online\\\/travitor-recensione\\\/#primaryimage\"},\"image\":{\"@id\":\"https:\\\/\\\/www.accuratereviews.com\\\/it\\\/software-formazione-online\\\/travitor-recensione\\\/#primaryimage\"},\"thumbnailUrl\":\"https:\\\/\\\/www.accuratereviews.com\\\/wp-content\\\/uploads\\\/2020\\\/08\\\/Travitor.jpg\",\"datePublished\":\"2020-08-04T08:29:30+00:00\",\"dateModified\":\"2020-11-05T16:13:12+00:00\",\"description\":\"Travitor: recensione sistema di gestione della formazione basato sul cloud che aiuta le aziende di qualsiasi dimensione a fornire formazione ai dipendenti.\",\"breadcrumb\":{\"@id\":\"https:\\\/\\\/www.accuratereviews.com\\\/it\\\/software-formazione-online\\\/travitor-recensione\\\/#breadcrumb\"},\"inLanguage\":\"it-IT\",\"potentialAction\":[{\"@type\":\"ReadAction\",\"target\":[\"https:\\\/\\\/www.accuratereviews.com\\\/it\\\/software-formazione-online\\\/travitor-recensione\\\/\"]}]},{\"@type\":\"ImageObject\",\"inLanguage\":\"it-IT\",\"@id\":\"https:\\\/\\\/www.accuratereviews.com\\\/it\\\/software-formazione-online\\\/travitor-recensione\\\/#primaryimage\",\"url\":\"https:\\\/\\\/www.accuratereviews.com\\\/wp-content\\\/uploads\\\/2020\\\/08\\\/Travitor.jpg\",\"contentUrl\":\"https:\\\/\\\/www.accuratereviews.com\\\/wp-content\\\/uploads\\\/2020\\\/08\\\/Travitor.jpg\",\"width\":320,\"height\":320},{\"@type\":\"BreadcrumbList\",\"@id\":\"https:\\\/\\\/www.accuratereviews.com\\\/it\\\/software-formazione-online\\\/travitor-recensione\\\/#breadcrumb\",\"itemListElement\":[{\"@type\":\"ListItem\",\"position\":1,\"name\":\"Home\",\"item\":\"https:\\\/\\\/www.accuratereviews.com\\\/it\\\/\"},{\"@type\":\"ListItem\",\"position\":2,\"name\":\"Software formazione online\",\"item\":\"https:\\\/\\\/www.accuratereviews.com\\\/it\\\/software-formazione-online\\\/\"},{\"@type\":\"ListItem\",\"position\":3,\"name\":\"Travitor\"}]},{\"@type\":\"WebSite\",\"@id\":\"https:\\\/\\\/www.accuratereviews.com\\\/it\\\/#website\",\"url\":\"https:\\\/\\\/www.accuratereviews.com\\\/it\\\/\",\"name\":\"Accurate Reviews\",\"description\":\"\",\"potentialAction\":[{\"@type\":\"SearchAction\",\"target\":{\"@type\":\"EntryPoint\",\"urlTemplate\":\"https:\\\/\\\/www.accuratereviews.com\\\/it\\\/?s={search_term_string}\"},\"query-input\":{\"@type\":\"PropertyValueSpecification\",\"valueRequired\":true,\"valueName\":\"search_term_string\"}}],\"inLanguage\":\"it-IT\"}]}<\/script>\n<!-- \/ Yoast SEO plugin. -->","yoast_head_json":{"title":"Travitor: recensione software formazione online - Accurate Reviews","description":"Travitor: recensione sistema di gestione della formazione basato sul cloud che aiuta le aziende di qualsiasi dimensione a fornire formazione ai dipendenti.","robots":{"index":"index","follow":"follow","max-snippet":"max-snippet:-1","max-image-preview":"max-image-preview:large","max-video-preview":"max-video-preview:-1"},"canonical":"https:\/\/www.accuratereviews.com\/it\/software-formazione-online\/travitor-recensione\/","og_locale":"it_IT","og_type":"article","og_title":"Travitor: recensione software formazione online - Accurate Reviews","og_description":"Travitor: recensione sistema di gestione della formazione basato sul cloud che aiuta le aziende di qualsiasi dimensione a fornire formazione ai dipendenti.","og_url":"https:\/\/www.accuratereviews.com\/it\/software-formazione-online\/travitor-recensione\/","og_site_name":"Accurate Reviews","article_modified_time":"2020-11-05T16:13:12+00:00","og_image":[{"width":320,"height":320,"url":"https:\/\/www.accuratereviews.com\/wp-content\/uploads\/2020\/08\/Travitor.jpg","type":"image\/jpeg"}],"twitter_card":"summary_large_image","twitter_misc":{"Tempo di lettura stimato":"3 minuti"},"schema":{"@context":"https:\/\/schema.org","@graph":[{"@type":"WebPage","@id":"https:\/\/www.accuratereviews.com\/it\/software-formazione-online\/travitor-recensione\/","url":"https:\/\/www.accuratereviews.com\/it\/software-formazione-online\/travitor-recensione\/","name":"Travitor: recensione software formazione online - Accurate Reviews","isPartOf":{"@id":"https:\/\/www.accuratereviews.com\/it\/#website"},"primaryImageOfPage":{"@id":"https:\/\/www.accuratereviews.com\/it\/software-formazione-online\/travitor-recensione\/#primaryimage"},"image":{"@id":"https:\/\/www.accuratereviews.com\/it\/software-formazione-online\/travitor-recensione\/#primaryimage"},"thumbnailUrl":"https:\/\/www.accuratereviews.com\/wp-content\/uploads\/2020\/08\/Travitor.jpg","datePublished":"2020-08-04T08:29:30+00:00","dateModified":"2020-11-05T16:13:12+00:00","description":"Travitor: recensione sistema di gestione della formazione basato sul cloud che aiuta le aziende di qualsiasi dimensione a fornire formazione ai dipendenti.","breadcrumb":{"@id":"https:\/\/www.accuratereviews.com\/it\/software-formazione-online\/travitor-recensione\/#breadcrumb"},"inLanguage":"it-IT","potentialAction":[{"@type":"ReadAction","target":["https:\/\/www.accuratereviews.com\/it\/software-formazione-online\/travitor-recensione\/"]}]},{"@type":"ImageObject","inLanguage":"it-IT","@id":"https:\/\/www.accuratereviews.com\/it\/software-formazione-online\/travitor-recensione\/#primaryimage","url":"https:\/\/www.accuratereviews.com\/wp-content\/uploads\/2020\/08\/Travitor.jpg","contentUrl":"https:\/\/www.accuratereviews.com\/wp-content\/uploads\/2020\/08\/Travitor.jpg","width":320,"height":320},{"@type":"BreadcrumbList","@id":"https:\/\/www.accuratereviews.com\/it\/software-formazione-online\/travitor-recensione\/#breadcrumb","itemListElement":[{"@type":"ListItem","position":1,"name":"Home","item":"https:\/\/www.accuratereviews.com\/it\/"},{"@type":"ListItem","position":2,"name":"Software formazione online","item":"https:\/\/www.accuratereviews.com\/it\/software-formazione-online\/"},{"@type":"ListItem","position":3,"name":"Travitor"}]},{"@type":"WebSite","@id":"https:\/\/www.accuratereviews.com\/it\/#website","url":"https:\/\/www.accuratereviews.com\/it\/","name":"Accurate Reviews","description":"","potentialAction":[{"@type":"SearchAction","target":{"@type":"EntryPoint","urlTemplate":"https:\/\/www.accuratereviews.com\/it\/?s={search_term_string}"},"query-input":{"@type":"PropertyValueSpecification","valueRequired":true,"valueName":"search_term_string"}}],"inLanguage":"it-IT"}]}},"_links":{"self":[{"href":"https:\/\/www.accuratereviews.com\/it\/wp-json\/wp\/v2\/pages\/29321","targetHints":{"allow":["GET"]}}],"collection":[{"href":"https:\/\/www.accuratereviews.com\/it\/wp-json\/wp\/v2\/pages"}],"about":[{"href":"https:\/\/www.accuratereviews.com\/it\/wp-json\/wp\/v2\/types\/page"}],"author":[{"embeddable":true,"href":"https:\/\/www.accuratereviews.com\/it\/wp-json\/wp\/v2\/users\/19"}],"replies":[{"embeddable":true,"href":"https:\/\/www.accuratereviews.com\/it\/wp-json\/wp\/v2\/comments?post=29321"}],"version-history":[{"count":9,"href":"https:\/\/www.accuratereviews.com\/it\/wp-json\/wp\/v2\/pages\/29321\/revisions"}],"predecessor-version":[{"id":31964,"href":"https:\/\/www.accuratereviews.com\/it\/wp-json\/wp\/v2\/pages\/29321\/revisions\/31964"}],"up":[{"embeddable":true,"href":"https:\/\/www.accuratereviews.com\/it\/wp-json\/wp\/v2\/pages\/28265"}],"wp:featuredmedia":[{"embeddable":true,"href":"https:\/\/www.accuratereviews.com\/it\/wp-json\/wp\/v2\/media\/29322"}],"wp:attachment":[{"href":"https:\/\/www.accuratereviews.com\/it\/wp-json\/wp\/v2\/media?parent=29321"}],"wp:term":[{"taxonomy":"category","embeddable":true,"href":"https:\/\/www.accuratereviews.com\/it\/wp-json\/wp\/v2\/categories?post=29321"},{"taxonomy":"post_tag","embeddable":true,"href":"https:\/\/www.accuratereviews.com\/it\/wp-json\/wp\/v2\/tags?post=29321"},{"taxonomy":"features","embeddable":true,"href":"https:\/\/www.accuratereviews.com\/it\/wp-json\/wp\/v2\/features?post=29321"}],"curies":[{"name":"wp","href":"https:\/\/api.w.org\/{rel}","templated":true}]}}