{"id":29832,"date":"2020-09-11T09:27:34","date_gmt":"2020-09-11T09:27:34","guid":{"rendered":"https:\/\/www.accuratereviews.com\/?page_id=29832"},"modified":"2024-03-11T10:58:42","modified_gmt":"2024-03-11T10:58:42","slug":"whatsapp-recensione","status":"publish","type":"page","link":"https:\/\/www.accuratereviews.com\/it\/chat-i-migliori-im-lista\/whatsapp-recensione\/","title":{"rendered":"WhatsApp"},"content":{"rendered":"<p><strong>WhatsApp<\/strong> \u00e8 un&#8217;<strong>app di messaggistica vocale e di testo<\/strong> lanciata nel 2009. Da allora \u00e8 diventata incredibilmente popolare, soprattutto grazie alle sue funzionalit\u00e0 e flessibilit\u00e0. Come servizio gratuito, la soluzione consente messaggi e chiamate sia su desktop che su dispositivi mobili. Esistono molti usi diversi ma alla fine funziona bene come app di messaggistica istantanea.\u00a0Non importa dove ti trovi nel mondo, puoi facilmente inviare l&#8217;equivalente di un messaggio SMS a un amico o un familiare <strong>gratuitamente<\/strong>.\u00a0\u00c8 facile da usare, anche se non sei particolarmente esperto di tecnologia. WhatsApp \u00e8 un modo molto sicuro per inviare messaggi. Offre la <strong>crittografia end-to-end<\/strong> tra gli utenti in modo che i tuoi dati siano protetti mentre vengono inviati tra te e il tuo contatto. Inoltre \u00e8\u00a0anche possibile creare chat di gruppo in modo da poter organizzare riunioni con i tuoi amici o semplicemente tenerti aggiornato su ci\u00f2 che sta facendo la tua famiglia, il tutto da un&#8217;unica fonte centralizzata anzich\u00e9 dover utilizzare app separate.<\/p>\n<h2>WHATSAPP &#8211; TUTORIAL<\/h2>\n<p>Scopriamo con questo tutorial alcuni trucchi per usare al meglio questa <strong>applicazione di messaggistica:<\/strong><\/p>\n<div id=\"fluid-wrapper-counter-1\" class=\"g1-fluid-wrapper \" style=\"width:686px;\">\n<div style=\"padding-bottom:56.268221574344%;\"><iframe loading=\"lazy\" title=\"15 Trucchi INCREDIBILI per WhatsApp che DOVRESTI PROVARE NEL 2020!\" width=\"686\" height=\"386\" src=\"https:\/\/www.youtube.com\/embed\/r5SfhE4DO3s?feature=oembed&amp;wmode=transparent&amp;autohide=1&amp;autoplay=0&amp;disablekb=0&amp;fs=1&amp;loop=0&amp;enablejsapi=1&amp;rel=0&amp;controls=2&amp;showinfo=0&amp;wmode=transparent&amp;autohide=2&amp;autoplay=0&amp;disablekb=0&amp;fs=1&amp;loop=0&amp;enablejsapi=1&amp;rel=0&amp;controls=2&amp;showinfo=1\" frameborder=\"0\" allow=\"accelerometer; autoplay; clipboard-write; encrypted-media; gyroscope; picture-in-picture; web-share\" allowfullscreen><\/iframe><\/div>\n<\/div>\n<h3><strong>WHATSAPP &#8211; CARATTERISTICHE<\/strong><\/h3>\n<ul>\n<li><strong>Messaggistica semplice e affidabile<\/strong>: scrivi messaggi a amici e familiari <span class=\"\">gratuitamente utilizzando<\/span>\u00a0la connessione Internet del telefono.<\/li>\n<li><strong>Chat di gruppo<\/strong>: resta in contatto con i gruppi di persone che contano di pi\u00f9, come la famiglia o i colleghi. Con le chat di gruppo, \u00e8 possibile condividere messaggi, foto e video con un massimo di 256 persone alla volta. \u00c8 inoltre possibile assegnare un nome al gruppo, silenziare o personalizzare le notifiche, e altro ancora.<\/li>\n<li><strong>Parlare gratuitamente<\/strong>: con le chiamate vocali puoi parlare con amici e familiari <span class=\"\">gratuitamente,<\/span> anche se si trovano in un altro Paese. E se la voce o i messaggi non bastano, con le videochiamate <span class=\"\">gratuite\u00a0<\/span>puoi avere conversazioni faccia a faccia.<\/li>\n<li><strong>Tenere viva la conversazione<\/strong>: \u00e8 possibile sincronizzare perfettamente tutte le chat sul computer in modo da poter chattare sul dispositivo pi\u00f9 conveniente.<\/li>\n<li><strong>Condivisione facile dei documenti<\/strong>: manda file PDF, documenti, fogli di calcolo, presentazioni e altro ancora, senza il fastidio della posta elettronica o delle app per la condivisione dei file. \u00c8 possibile inviare documenti fino a 100 MB, quindi \u00e8 facile inviare ci\u00f2 che serve a chi si desidera.<\/li>\n<li><strong>Sicurezza predefinita<\/strong>: basata sulla la crittografia end-to-end i messaggi e le chiamate sono protetti in modo tale che solo tu e la persona con cui stai comunicando possano leggerli o ascoltarli, e nessun altro.<\/li>\n<li><strong>Condividere i momenti che contano<\/strong>: invia foto e video istantaneamente. \u00c8 anche possibile catturare i momenti a cui si tiene di pi\u00f9 con la fotocamera integrata. Con WhatsApp, foto e video vengono inviati rapidamente anche con una connessione lenta.<\/li>\n<\/ul>\n<h4>LE RECENSIONI DEGLI UTENTI<\/h4>\n<h4 class=\"font-weight-bold my-1 d-flex align-items-center\">Maurizio C.&#8221;Indispensabile&#8221;<\/h4>\n<p><strong>Commenti: <\/strong>Consiglio WhatsApp a tutte le presone che vogliono stare in contatto con altre persone nella maniera che pi\u00f9 preferiscono, chiamate, videochiamate o semplicemente con messaggi istantanei, in pi\u00f9 puoi inviare file, condividere immagini, video, pdf e molto altro.<\/p>\n<p><strong>Vantaggi: <\/strong>La popolarit\u00e0 della piattaforma, milioni di persone in tutto il mondo la usano, posso tranquillamente inviare e ricevere messaggi da persone dall&#8217;altra parte del mondo, fare chiamate o videochiamate il tutto in una sola applicazione!<\/p>\n<p><strong>Inconvenienti: <\/strong>Ad essere onesti non ne ho riscontrati, uso WhatsApp anche sul mio Mac e non ho mai avuto nessun problema.<\/p>\n<h4 class=\"font-weight-bold my-1 d-flex align-items-center\">Mauro L.&#8221;La storia&#8221;<\/h4>\n<p><strong>Commenti: <\/strong>Nessun problema rilevato nell&#8217;uso, lo consiglio ed ho i backup da sempre<\/p>\n<p><strong>Vantaggi: <\/strong>La messaggistica di sempre, lo utilizzo da quando \u00e8 nato, all&#8217;epoca era anche a pagamento, si pagavano 0,89$.\u00a0Lo utilizzo da sempre, ogni giorno, anzi ogni 5 minuti mi guardo se ho messaggi<\/p>\n<p><strong>Inconvenienti: <\/strong>Non posso dire che c&#8217;\u00e8 qualcosa che non funzioni di questa messaggistica, da sempre il migliore. \u00a0Ho anche un account business e devo dire che \u00e8 molto utile.<\/p>\n<h4 class=\"font-weight-bold my-1 d-flex align-items-center\">Sarah H.\u00a0&#8220;WhatsApp per la comunicazione internazionale&#8221;<\/h4>\n<p><strong>Commenti: <\/strong>Uso WhatsApp tutti i giorni, a volte pi\u00f9 di iMessage e continuer\u00f2 a usarlo perch\u00e9 \u00e8 gratuito, eccellente per i viaggi e ci permette di rimanere in contatto con i nostri clienti internazionali.<\/p>\n<p><strong>Vantaggi: <\/strong>WhatsApp migliora continuamente le sue funzionalit\u00e0. Uso WhatsApp per comunicare a livello internazionale con i clienti da oltre tre anni ed \u00e8 stato un risparmio in tempo reale. \u00c8 gratuito, veloce e ha una grande capacit\u00e0 di ospitare contenuti multimediali (foto, file e collegamenti condivisi) in un unico posto facile da trovare. La caratteristica migliore \u00e8 la capacit\u00e0 di rispondere direttamente a un messaggio in un thread. Vorrei che questa fosse una funzionalit\u00e0 che Apple adottattasse per iMessage. \u00c8 molto potente poter rispondere direttamente a un commento, specialmente quando c&#8217;\u00e8 molta comunicazione in corso. Strumento molto avanzato. Estremamente veloce ed efficiente per la comunicazione internazionale.<\/p>\n<p><strong>Inconvenienti: <\/strong>Le funzionalit\u00e0 sono fantastiche, tuttavia, noto che le notifiche possono essere un po &#8216;opprimenti. Inoltre, ci sono un po &#8216;di account spam che cercano di inviarti messaggi che possono rendere la piattaforma un po&#8217; insicura quando si tratta di sicurezza e privacy dei dati<\/p>\n","protected":false},"excerpt":{"rendered":"<p>WhatsApp \u00e8 un&#8217;app di messaggistica vocale e di testo lanciata nel 2009. Da allora \u00e8 diventata incredibilmente popolare, soprattutto grazie alle sue funzionalit\u00e0 e flessibilit\u00e0. Come servizio gratuito, la soluzione consente messaggi e chiamate sia su desktop che su dispositivi mobili. Esistono molti usi diversi ma alla fine funziona bene come app di messaggistica istantanea.\u00a0<\/p>\n","protected":false},"author":19,"featured_media":29835,"parent":5386,"menu_order":0,"comment_status":"open","ping_status":"closed","template":"g1_template_page_review_new.php","meta":{"_acf_changed":false,"cwp_meta_box_check":"Yes","cwp_rev_product_name":"","cwp_rev_product_image":"","wppr_links":[],"cwp_rev_price":"","wppr_options":[{"name":"Usability","value":"0"},{"name":"Speed","value":"0"},{"name":"Features","value":"0"},{"name":"Support","value":"0"},{"name":"Pricing","value":"0"}],"wppr_pros":["","","","",""],"wppr_cons":["","","","",""],"_monsterinsights_skip_tracking":false,"_monsterinsights_sitenote_active":false,"_monsterinsights_sitenote_note":"","_monsterinsights_sitenote_category":0,"footnotes":""},"categories":[95],"tags":[1155,3539,3543,835,3538,3542,834,3536,3540,3537,3541,1017],"features":[],"class_list":{"0":"post-29832","1":"page","2":"type-page","3":"status-publish","4":"has-post-thumbnail","6":"category-chat-im","7":"tag-chat","8":"tag-piattaforma-di-messaggistica","9":"tag-piattaforma-di-messaggistica-gratuita","10":"tag-programma-chat","11":"tag-programma-di-messaggistica","12":"tag-programma-di-messaggistica-gratuita","13":"tag-software-chat","14":"tag-software-di-messaggistica","15":"tag-software-di-messaggistica-gratuita","16":"tag-soluzione-di-messaggistica","17":"tag-soluzione-di-messaggistica-gratuita","18":"tag-whatsapp"},"wppr_data":{"cwp_meta_box_check":"Yes","cwp_rev_product_name":"","_wppr_review_template":"default","cwp_rev_product_image":"","cwp_image_link":"image","wppr_links":[],"cwp_rev_price":"","wppr_pros":["","","","",""],"wppr_cons":["","","","",""],"wppr_rating":"0.00","wppr_options":{"1":{"name":"Usability","value":"0"},"2":{"name":"Speed","value":"0"},"3":{"name":"Features","value":"0"},"4":{"name":"Support","value":"0"},"5":{"name":"Pricing","value":"0"}},"wppr_review_type":"Product","wppr_review_custom_fields":{"additionalProperty":"","additionalType":"","aggregateRating":"","alternateName":"","audience":"","award":"","awards":"","brand":"","color":"","depth":"","description":"","disambiguatingDescription":"","gtin12":"","gtin13":"","gtin14":"","gtin8":"","height":"","identifier":"","image":"","isAccessoryOrSparePartFor":"","isConsumableFor":"","isRelatedTo":"","isSimilarTo":"","itemCondition":"","logo":"","mainEntityOfPage":"","manufacturer":"","material":"","model":"","mpn":"","name":"","offers":"","potentialAction":"","productID":"","productionDate":"","purchaseDate":"","releaseDate":"","review":"","reviews":"","sameAs":"","sku":"","slogan":"","subjectOf":"","url":"","weight":"","width":""}},"acf":[],"yoast_head":"<!-- This site is optimized with the Yoast SEO plugin v27.4 - https:\/\/yoast.com\/product\/yoast-seo-wordpress\/ -->\n<title>Whatsapp: recensione software di messaggistica - Accurate Reviews<\/title>\n<meta name=\"description\" content=\"WhatsApp: recensione app di messaggistica vocale e di testo lanciata nel 2009 diventata popolare in tutto il mondo.\" \/>\n<meta name=\"robots\" content=\"index, follow, max-snippet:-1, max-image-preview:large, max-video-preview:-1\" \/>\n<link rel=\"canonical\" href=\"https:\/\/www.accuratereviews.com\/it\/chat-i-migliori-im-lista\/whatsapp-recensione\/\" \/>\n<meta property=\"og:locale\" content=\"it_IT\" \/>\n<meta property=\"og:type\" content=\"article\" \/>\n<meta property=\"og:title\" content=\"Whatsapp: recensione software di messaggistica - Accurate Reviews\" \/>\n<meta property=\"og:description\" content=\"WhatsApp: recensione app di messaggistica vocale e di testo lanciata nel 2009 diventata popolare in tutto il mondo.\" \/>\n<meta property=\"og:url\" content=\"https:\/\/www.accuratereviews.com\/it\/chat-i-migliori-im-lista\/whatsapp-recensione\/\" \/>\n<meta property=\"og:site_name\" content=\"Accurate Reviews\" \/>\n<meta property=\"article:modified_time\" content=\"2024-03-11T10:58:42+00:00\" \/>\n<meta property=\"og:image\" content=\"https:\/\/www.accuratereviews.com\/wp-content\/uploads\/2020\/08\/240px-Whatsapp_logo_svg.png\" \/>\n\t<meta property=\"og:image:width\" content=\"240\" \/>\n\t<meta property=\"og:image:height\" content=\"240\" \/>\n\t<meta property=\"og:image:type\" content=\"image\/png\" \/>\n<meta name=\"twitter:card\" content=\"summary_large_image\" \/>\n<meta name=\"twitter:label1\" content=\"Tempo di lettura stimato\" \/>\n\t<meta name=\"twitter:data1\" content=\"6 minuti\" \/>\n<script type=\"application\/ld+json\" class=\"yoast-schema-graph\">{\"@context\":\"https:\\\/\\\/schema.org\",\"@graph\":[{\"@type\":\"WebPage\",\"@id\":\"https:\\\/\\\/www.accuratereviews.com\\\/it\\\/chat-i-migliori-im-lista\\\/whatsapp-recensione\\\/\",\"url\":\"https:\\\/\\\/www.accuratereviews.com\\\/it\\\/chat-i-migliori-im-lista\\\/whatsapp-recensione\\\/\",\"name\":\"Whatsapp: recensione software di messaggistica - Accurate Reviews\",\"isPartOf\":{\"@id\":\"https:\\\/\\\/www.accuratereviews.com\\\/it\\\/#website\"},\"primaryImageOfPage\":{\"@id\":\"https:\\\/\\\/www.accuratereviews.com\\\/it\\\/chat-i-migliori-im-lista\\\/whatsapp-recensione\\\/#primaryimage\"},\"image\":{\"@id\":\"https:\\\/\\\/www.accuratereviews.com\\\/it\\\/chat-i-migliori-im-lista\\\/whatsapp-recensione\\\/#primaryimage\"},\"thumbnailUrl\":\"https:\\\/\\\/www.accuratereviews.com\\\/wp-content\\\/uploads\\\/2020\\\/08\\\/240px-Whatsapp_logo_svg.png\",\"datePublished\":\"2020-09-11T09:27:34+00:00\",\"dateModified\":\"2024-03-11T10:58:42+00:00\",\"description\":\"WhatsApp: recensione app di messaggistica vocale e di testo lanciata nel 2009 diventata popolare in tutto il mondo.\",\"breadcrumb\":{\"@id\":\"https:\\\/\\\/www.accuratereviews.com\\\/it\\\/chat-i-migliori-im-lista\\\/whatsapp-recensione\\\/#breadcrumb\"},\"inLanguage\":\"it-IT\",\"potentialAction\":[{\"@type\":\"ReadAction\",\"target\":[\"https:\\\/\\\/www.accuratereviews.com\\\/it\\\/chat-i-migliori-im-lista\\\/whatsapp-recensione\\\/\"]}]},{\"@type\":\"ImageObject\",\"inLanguage\":\"it-IT\",\"@id\":\"https:\\\/\\\/www.accuratereviews.com\\\/it\\\/chat-i-migliori-im-lista\\\/whatsapp-recensione\\\/#primaryimage\",\"url\":\"https:\\\/\\\/www.accuratereviews.com\\\/wp-content\\\/uploads\\\/2020\\\/08\\\/240px-Whatsapp_logo_svg.png\",\"contentUrl\":\"https:\\\/\\\/www.accuratereviews.com\\\/wp-content\\\/uploads\\\/2020\\\/08\\\/240px-Whatsapp_logo_svg.png\",\"width\":240,\"height\":240},{\"@type\":\"BreadcrumbList\",\"@id\":\"https:\\\/\\\/www.accuratereviews.com\\\/it\\\/chat-i-migliori-im-lista\\\/whatsapp-recensione\\\/#breadcrumb\",\"itemListElement\":[{\"@type\":\"ListItem\",\"position\":1,\"name\":\"Home\",\"item\":\"https:\\\/\\\/www.accuratereviews.com\\\/it\\\/\"},{\"@type\":\"ListItem\",\"position\":2,\"name\":\"Chat: I migliori IM\",\"item\":\"https:\\\/\\\/www.accuratereviews.com\\\/it\\\/chat-i-migliori-im-lista\\\/\"},{\"@type\":\"ListItem\",\"position\":3,\"name\":\"WhatsApp\"}]},{\"@type\":\"WebSite\",\"@id\":\"https:\\\/\\\/www.accuratereviews.com\\\/it\\\/#website\",\"url\":\"https:\\\/\\\/www.accuratereviews.com\\\/it\\\/\",\"name\":\"Accurate Reviews\",\"description\":\"\",\"potentialAction\":[{\"@type\":\"SearchAction\",\"target\":{\"@type\":\"EntryPoint\",\"urlTemplate\":\"https:\\\/\\\/www.accuratereviews.com\\\/it\\\/?s={search_term_string}\"},\"query-input\":{\"@type\":\"PropertyValueSpecification\",\"valueRequired\":true,\"valueName\":\"search_term_string\"}}],\"inLanguage\":\"it-IT\"}]}<\/script>\n<!-- \/ Yoast SEO plugin. -->","yoast_head_json":{"title":"Whatsapp: recensione software di messaggistica - Accurate Reviews","description":"WhatsApp: recensione app di messaggistica vocale e di testo lanciata nel 2009 diventata popolare in tutto il mondo.","robots":{"index":"index","follow":"follow","max-snippet":"max-snippet:-1","max-image-preview":"max-image-preview:large","max-video-preview":"max-video-preview:-1"},"canonical":"https:\/\/www.accuratereviews.com\/it\/chat-i-migliori-im-lista\/whatsapp-recensione\/","og_locale":"it_IT","og_type":"article","og_title":"Whatsapp: recensione software di messaggistica - Accurate Reviews","og_description":"WhatsApp: recensione app di messaggistica vocale e di testo lanciata nel 2009 diventata popolare in tutto il mondo.","og_url":"https:\/\/www.accuratereviews.com\/it\/chat-i-migliori-im-lista\/whatsapp-recensione\/","og_site_name":"Accurate Reviews","article_modified_time":"2024-03-11T10:58:42+00:00","og_image":[{"width":240,"height":240,"url":"https:\/\/www.accuratereviews.com\/wp-content\/uploads\/2020\/08\/240px-Whatsapp_logo_svg.png","type":"image\/png"}],"twitter_card":"summary_large_image","twitter_misc":{"Tempo di lettura stimato":"6 minuti"},"schema":{"@context":"https:\/\/schema.org","@graph":[{"@type":"WebPage","@id":"https:\/\/www.accuratereviews.com\/it\/chat-i-migliori-im-lista\/whatsapp-recensione\/","url":"https:\/\/www.accuratereviews.com\/it\/chat-i-migliori-im-lista\/whatsapp-recensione\/","name":"Whatsapp: recensione software di messaggistica - Accurate Reviews","isPartOf":{"@id":"https:\/\/www.accuratereviews.com\/it\/#website"},"primaryImageOfPage":{"@id":"https:\/\/www.accuratereviews.com\/it\/chat-i-migliori-im-lista\/whatsapp-recensione\/#primaryimage"},"image":{"@id":"https:\/\/www.accuratereviews.com\/it\/chat-i-migliori-im-lista\/whatsapp-recensione\/#primaryimage"},"thumbnailUrl":"https:\/\/www.accuratereviews.com\/wp-content\/uploads\/2020\/08\/240px-Whatsapp_logo_svg.png","datePublished":"2020-09-11T09:27:34+00:00","dateModified":"2024-03-11T10:58:42+00:00","description":"WhatsApp: recensione app di messaggistica vocale e di testo lanciata nel 2009 diventata popolare in tutto il mondo.","breadcrumb":{"@id":"https:\/\/www.accuratereviews.com\/it\/chat-i-migliori-im-lista\/whatsapp-recensione\/#breadcrumb"},"inLanguage":"it-IT","potentialAction":[{"@type":"ReadAction","target":["https:\/\/www.accuratereviews.com\/it\/chat-i-migliori-im-lista\/whatsapp-recensione\/"]}]},{"@type":"ImageObject","inLanguage":"it-IT","@id":"https:\/\/www.accuratereviews.com\/it\/chat-i-migliori-im-lista\/whatsapp-recensione\/#primaryimage","url":"https:\/\/www.accuratereviews.com\/wp-content\/uploads\/2020\/08\/240px-Whatsapp_logo_svg.png","contentUrl":"https:\/\/www.accuratereviews.com\/wp-content\/uploads\/2020\/08\/240px-Whatsapp_logo_svg.png","width":240,"height":240},{"@type":"BreadcrumbList","@id":"https:\/\/www.accuratereviews.com\/it\/chat-i-migliori-im-lista\/whatsapp-recensione\/#breadcrumb","itemListElement":[{"@type":"ListItem","position":1,"name":"Home","item":"https:\/\/www.accuratereviews.com\/it\/"},{"@type":"ListItem","position":2,"name":"Chat: I migliori IM","item":"https:\/\/www.accuratereviews.com\/it\/chat-i-migliori-im-lista\/"},{"@type":"ListItem","position":3,"name":"WhatsApp"}]},{"@type":"WebSite","@id":"https:\/\/www.accuratereviews.com\/it\/#website","url":"https:\/\/www.accuratereviews.com\/it\/","name":"Accurate Reviews","description":"","potentialAction":[{"@type":"SearchAction","target":{"@type":"EntryPoint","urlTemplate":"https:\/\/www.accuratereviews.com\/it\/?s={search_term_string}"},"query-input":{"@type":"PropertyValueSpecification","valueRequired":true,"valueName":"search_term_string"}}],"inLanguage":"it-IT"}]}},"_links":{"self":[{"href":"https:\/\/www.accuratereviews.com\/it\/wp-json\/wp\/v2\/pages\/29832","targetHints":{"allow":["GET"]}}],"collection":[{"href":"https:\/\/www.accuratereviews.com\/it\/wp-json\/wp\/v2\/pages"}],"about":[{"href":"https:\/\/www.accuratereviews.com\/it\/wp-json\/wp\/v2\/types\/page"}],"author":[{"embeddable":true,"href":"https:\/\/www.accuratereviews.com\/it\/wp-json\/wp\/v2\/users\/19"}],"replies":[{"embeddable":true,"href":"https:\/\/www.accuratereviews.com\/it\/wp-json\/wp\/v2\/comments?post=29832"}],"version-history":[{"count":13,"href":"https:\/\/www.accuratereviews.com\/it\/wp-json\/wp\/v2\/pages\/29832\/revisions"}],"predecessor-version":[{"id":75091,"href":"https:\/\/www.accuratereviews.com\/it\/wp-json\/wp\/v2\/pages\/29832\/revisions\/75091"}],"up":[{"embeddable":true,"href":"https:\/\/www.accuratereviews.com\/it\/wp-json\/wp\/v2\/pages\/5386"}],"wp:featuredmedia":[{"embeddable":true,"href":"https:\/\/www.accuratereviews.com\/it\/wp-json\/wp\/v2\/media\/29835"}],"wp:attachment":[{"href":"https:\/\/www.accuratereviews.com\/it\/wp-json\/wp\/v2\/media?parent=29832"}],"wp:term":[{"taxonomy":"category","embeddable":true,"href":"https:\/\/www.accuratereviews.com\/it\/wp-json\/wp\/v2\/categories?post=29832"},{"taxonomy":"post_tag","embeddable":true,"href":"https:\/\/www.accuratereviews.com\/it\/wp-json\/wp\/v2\/tags?post=29832"},{"taxonomy":"features","embeddable":true,"href":"https:\/\/www.accuratereviews.com\/it\/wp-json\/wp\/v2\/features?post=29832"}],"curies":[{"name":"wp","href":"https:\/\/api.w.org\/{rel}","templated":true}]}}