{"id":29903,"date":"2020-09-11T09:27:47","date_gmt":"2020-09-11T09:27:47","guid":{"rendered":"https:\/\/www.accuratereviews.com\/?page_id=29903"},"modified":"2024-03-11T10:52:13","modified_gmt":"2024-03-11T10:52:13","slug":"telegram-recensione","status":"publish","type":"page","link":"https:\/\/www.accuratereviews.com\/it\/chat-i-migliori-im-lista\/telegram-recensione\/","title":{"rendered":"Telegram"},"content":{"rendered":"<p><strong>Telegram<\/strong> \u00e8 un<strong>&#8216;app di messaggistica online<\/strong> che funziona proprio come WhatsApp e Messenger. Ci\u00f2 significa che puoi usarlo per inviare messaggi ai tuoi amici o familiari basta avere una connessione internet attiva. Il programma \u00e8 basato su <strong>cloud<\/strong> e il suo obiettivo \u00e8 dare la priorit\u00e0 alla sicurezza (infatti \u00e8 possibile nascondere il propio numero di telefono e usare un nickname) e alla velocit\u00e0, rendendolo una buona alternativa ad altre popolari app di messaggistica. Il servizio \u00e8 stato lanciato nel 2013 e da allora ha raggiunto i 200 milioni di utenti mensili attivi. Puoi inviare messaggi istantanei ad altri utenti, creare conversazioni di gruppo, chiamare contatti e inviare file e adesivi e da oggi puoi effettuare <strong>videochiamate<\/strong>.<\/p>\n<h2>TELEGRAM &#8211; TUTORIAL<\/h2>\n<p>Guardiamo questo tutorial per installare e usare questa <strong>applicazione di messaggistica<\/strong>:<\/p>\n<div id=\"fluid-wrapper-counter-1\" class=\"g1-fluid-wrapper \" style=\"width:686px;\">\n<div style=\"padding-bottom:56.268221574344%;\"><iframe loading=\"lazy\" title=\"84 Come installare ed usare Telegram | Daniele Castelletti | Associazione Maggiolina\" width=\"686\" height=\"386\" src=\"https:\/\/www.youtube.com\/embed\/dazXwFieUeA?feature=oembed&amp;wmode=transparent&amp;autohide=1&amp;autoplay=0&amp;disablekb=0&amp;fs=1&amp;loop=0&amp;enablejsapi=1&amp;rel=0&amp;controls=2&amp;showinfo=0&amp;wmode=transparent&amp;autohide=2&amp;autoplay=0&amp;disablekb=0&amp;fs=1&amp;loop=0&amp;enablejsapi=1&amp;rel=0&amp;controls=2&amp;showinfo=1\" frameborder=\"0\" allow=\"accelerometer; autoplay; clipboard-write; encrypted-media; gyroscope; picture-in-picture; web-share\" allowfullscreen><\/iframe><\/div>\n<\/div>\n<h3>TELEGRAM &#8211; CARATTERISTICHE<\/h3>\n<ul>\n<li><strong>Veloce<\/strong>: \u00e8 la pi\u00f9 veloce app di messaggistica sul mercato, connettendo le persone con una rete, unica e distribuita, di data center in tutto il globo<\/li>\n<li><strong>Sincronizzato<\/strong>: puoi accedere ai tuoi messaggi da tutti i tuoi dispositivi in una volta sola. Inizia a scrivere sul tuo telefono e finisci il messaggio sul tuo tablet o il tuo laptop<\/li>\n<li><strong>Illimitato<\/strong>: invia media e file, senza alcun limite sul tipo o sulla dimensione. La tua intera cronologia della chat non richieder\u00e0 spazio sul tuo dispositivo, e sar\u00e0 archiviata in modo sicuro sul cloud<\/li>\n<li><strong>Sicuro<\/strong>: ogni cosa su questo programma, incluse le chat, i gruppi, i media, etc. \u00e8 crittografata usando una combinazione di crittografia simmetrica AES a 256-bit, crittografia RSA a 2048-bit e scambio di chiavi sicuro Diffie-Hellman<\/li>\n<li><strong>Potente<\/strong>: puoi creare chat di gruppo fino a 200.000 persone, condividere grandi video, documenti di qualsiasi tipo (.DOCX, .MP3, .ZIP, etc.), e addirittura impostare dei bot per dei compiti specifici. \u00c8 lo strumento perfetto per ospitare community online e coordinare il lavoro di squadra<\/li>\n<li><strong>Divertente<\/strong>: possiede potenti strumenti di modifica foto e video e una piattaforma aperta per sticker\/GIF<\/li>\n<li><strong>Semplice<\/strong>: con il suo design minimalista la soluzione \u00e8 leggera e facile da usare<\/li>\n<li><strong>Gratuito e privo di pubblicit\u00e0<\/strong>: \u00e8 gratis e lo sar\u00e0 per sempre<\/li>\n<li><strong>Privato<\/strong>: la tua privacy sar\u00e0 rispettata e non verranno mai forniti i tuoi dati a terzi<\/li>\n<\/ul>\n<h3>LE RECENSIONI DEGLI UTENTI<\/h3>\n<h4 class=\"font-weight-bold my-1 d-flex align-items-center\">Tigran H.&#8221;La migliore app di messaggistica&#8221;<\/h4>\n<p><strong>Commenti: <\/strong>Nel complesso \u00e8 un&#8217;ottima app per l&#8217;utilizzo nel web, desktop mobile con messaggistica super veloce e tutte le nuove funzionalit\u00e0.<\/p>\n<p><strong>Vantaggi: <\/strong>Ci sono un paio di cose che sono vantaggi di Telegram.\u00a0Uno \u00e8 che \u00e8 veloce rispetto ad altri, usando questo software sul vecchio telefono vedrai quanto \u00e8 veloce e leggero.\u00a0In secondo luogo, \u00e8 la prima app che ho incontrato che ha fornito l&#8217;eliminazione dei messaggi da ambo le parti quando hai scritto qualcosa di sbagliato.\u00a0Terzo \u00e8 la prima app che ha implementato la funzionalit\u00e0 di registrazione video velocemente.<\/p>\n<p><strong>Inconvenienti: <\/strong>Potrei menzionare un piccolo inconveniente che ho visto, ha videochiamate in passato ma ora non \u00e8 disponibile, nuove funzionalit\u00e0 stanno arrivando prima su iPhone che su telefoni Android, oltre a questo niente di niente perch\u00e9 questo \u00e8 il migliore.<\/p>\n<h4 class=\"font-weight-bold my-1 d-flex align-items-center\">Faiyaz T.&#8221;Ottimo per SMS e chiamate audio &#8230;&#8221;<\/h4>\n<p><strong>Commenti: <\/strong>Ottimo per la messaggistica ad essere onesti. Va bene anche il coinvolgimento delle persone. Ha bisogno di pi\u00f9 sviluppo ma va bene ..<br \/>\nOttimo per aziende e utenti di criptovaluta. Mi \u00e8 piaciuto molto usare Telegram!<\/p>\n<p><strong>Vantaggi: <\/strong>Veloce e sicuro! \u00c8 una piattaforma di comunicazione basata su cloud che consente capacit\u00e0 di messaggistica dettagliata. Le chiamate audio funzionano perfettamente! Ottimo per marketplace e business. Gli utenti di criptovaluta possono interagire facilmente con gli altri .. I bot di Telegram potrebbero essere utili per gli utenti inesperti per condurre affari!<\/p>\n<p><strong>Inconvenienti: <\/strong>Ancora nessuna videochiamata! Ha ancora bisogno di molto lavoro e sviluppo per essere stabile come Messenger o WhatsApp. La navigazione \u00e8 confusa e l&#8217;interfaccia utente sembra essere molto vecchia e semplice.<\/p>\n<h4 class=\"font-weight-bold my-1 d-flex align-items-center\">Timmy T.&#8221;L&#8217;app di messaggistica per comunicazioni dettagliate&#8221;<\/h4>\n<p><strong>Commenti: <\/strong>Ha avviato un gruppo di messaggi per comunicare tra loro domande specifiche, ma non lavorative, relative alla codifica e allo sviluppo. Strumento molto efficace per comunicazioni complesse in piccoli gruppi.<\/p>\n<p><strong>Vantaggi: <\/strong>I registri dei messaggi con individui o gruppi possono essere cercati per parole chiave o frasi, senza perdersi o gonfiare la memoria del telefono. Non dovrai pi\u00f9 scorrere per giorni per cercare una riga che dovevi rileggere.<\/p>\n<p><strong>Inconvenienti: <\/strong>Questo software era associato a gruppi sgradevoli che agivano in opposizione ai governi mondiali in Medio Oriente a causa della sua privacy e delle sue ampie funzionalit\u00e0, che mettevano a disagio gli utenti della mia azienda nell&#8217;usarlo.<\/p>\n","protected":false},"excerpt":{"rendered":"<p>Telegram \u00e8 un&#8217;app di messaggistica online che funziona proprio come WhatsApp e Messenger. Ci\u00f2 significa che puoi usarlo per inviare messaggi ai tuoi amici o familiari basta avere una connessione internet attiva. Il programma \u00e8 basato su cloud e il suo obiettivo \u00e8 dare la priorit\u00e0 alla sicurezza (infatti \u00e8 possibile nascondere il propio numero di telefono e usare un nickname) e alla velocit\u00e0<\/p>\n","protected":false},"author":19,"featured_media":29904,"parent":5386,"menu_order":0,"comment_status":"open","ping_status":"closed","template":"g1_template_page_review_new.php","meta":{"_acf_changed":false,"cwp_meta_box_check":"Yes","cwp_rev_product_name":"","cwp_rev_product_image":"","wppr_links":[],"cwp_rev_price":"","wppr_options":[{"name":"Usability","value":"0"},{"name":"Speed","value":"0"},{"name":"Features","value":"0"},{"name":"Support","value":"0"},{"name":"Pricing","value":"0"}],"wppr_pros":["","","","",""],"wppr_cons":["","","","",""],"_monsterinsights_skip_tracking":false,"_monsterinsights_sitenote_active":false,"_monsterinsights_sitenote_note":"","_monsterinsights_sitenote_category":0,"footnotes":""},"categories":[95],"tags":[3543,835,3542,834,3540,3544,3541,1154],"features":[],"class_list":{"0":"post-29903","1":"page","2":"type-page","3":"status-publish","4":"has-post-thumbnail","6":"category-chat-im","7":"tag-piattaforma-di-messaggistica-gratuita","8":"tag-programma-chat","9":"tag-programma-di-messaggistica-gratuita","10":"tag-software-chat","11":"tag-software-di-messaggistica-gratuita","12":"tag-soluzione-chat","13":"tag-soluzione-di-messaggistica-gratuita","14":"tag-telegram"},"wppr_data":{"cwp_meta_box_check":"Yes","cwp_rev_product_name":"","_wppr_review_template":"default","cwp_rev_product_image":"","cwp_image_link":"image","wppr_links":[],"cwp_rev_price":"","wppr_pros":["","","","",""],"wppr_cons":["","","","",""],"wppr_rating":"0.00","wppr_options":{"1":{"name":"Usability","value":"0"},"2":{"name":"Speed","value":"0"},"3":{"name":"Features","value":"0"},"4":{"name":"Support","value":"0"},"5":{"name":"Pricing","value":"0"}},"wppr_review_type":"Product","wppr_review_custom_fields":{"additionalProperty":"","additionalType":"","aggregateRating":"","alternateName":"","audience":"","award":"","awards":"","brand":"","color":"","depth":"","description":"","disambiguatingDescription":"","gtin12":"","gtin13":"","gtin14":"","gtin8":"","height":"","identifier":"","image":"","isAccessoryOrSparePartFor":"","isConsumableFor":"","isRelatedTo":"","isSimilarTo":"","itemCondition":"","logo":"","mainEntityOfPage":"","manufacturer":"","material":"","model":"","mpn":"","name":"","offers":"","potentialAction":"","productID":"","productionDate":"","purchaseDate":"","releaseDate":"","review":"","reviews":"","sameAs":"","sku":"","slogan":"","subjectOf":"","url":"","weight":"","width":""}},"acf":[],"yoast_head":"<!-- This site is optimized with the Yoast SEO plugin v27.4 - https:\/\/yoast.com\/product\/yoast-seo-wordpress\/ -->\n<title>Telegram: recensione software di messaggistica - Accurate Reviews<\/title>\n<meta name=\"description\" content=\"Telegram: recensione app di messaggistica online semplice da usare, affidabile e soprattutto sicuro per la crittografia end to end.\" \/>\n<meta name=\"robots\" content=\"index, follow, max-snippet:-1, max-image-preview:large, max-video-preview:-1\" \/>\n<link rel=\"canonical\" href=\"https:\/\/www.accuratereviews.com\/it\/chat-i-migliori-im-lista\/telegram-recensione\/\" \/>\n<meta property=\"og:locale\" content=\"it_IT\" \/>\n<meta property=\"og:type\" content=\"article\" \/>\n<meta property=\"og:title\" content=\"Telegram: recensione software di messaggistica - Accurate Reviews\" \/>\n<meta property=\"og:description\" content=\"Telegram: recensione app di messaggistica online semplice da usare, affidabile e soprattutto sicuro per la crittografia end to end.\" \/>\n<meta property=\"og:url\" content=\"https:\/\/www.accuratereviews.com\/it\/chat-i-migliori-im-lista\/telegram-recensione\/\" \/>\n<meta property=\"og:site_name\" content=\"Accurate Reviews\" \/>\n<meta property=\"article:modified_time\" content=\"2024-03-11T10:52:13+00:00\" \/>\n<meta property=\"og:image\" content=\"https:\/\/www.accuratereviews.com\/wp-content\/uploads\/2020\/08\/telegram.png\" \/>\n\t<meta property=\"og:image:width\" content=\"512\" \/>\n\t<meta property=\"og:image:height\" content=\"512\" \/>\n\t<meta property=\"og:image:type\" content=\"image\/png\" \/>\n<meta name=\"twitter:card\" content=\"summary_large_image\" \/>\n<meta name=\"twitter:label1\" content=\"Tempo di lettura stimato\" \/>\n\t<meta name=\"twitter:data1\" content=\"5 minuti\" \/>\n<script type=\"application\/ld+json\" class=\"yoast-schema-graph\">{\"@context\":\"https:\\\/\\\/schema.org\",\"@graph\":[{\"@type\":\"WebPage\",\"@id\":\"https:\\\/\\\/www.accuratereviews.com\\\/it\\\/chat-i-migliori-im-lista\\\/telegram-recensione\\\/\",\"url\":\"https:\\\/\\\/www.accuratereviews.com\\\/it\\\/chat-i-migliori-im-lista\\\/telegram-recensione\\\/\",\"name\":\"Telegram: recensione software di messaggistica - Accurate Reviews\",\"isPartOf\":{\"@id\":\"https:\\\/\\\/www.accuratereviews.com\\\/it\\\/#website\"},\"primaryImageOfPage\":{\"@id\":\"https:\\\/\\\/www.accuratereviews.com\\\/it\\\/chat-i-migliori-im-lista\\\/telegram-recensione\\\/#primaryimage\"},\"image\":{\"@id\":\"https:\\\/\\\/www.accuratereviews.com\\\/it\\\/chat-i-migliori-im-lista\\\/telegram-recensione\\\/#primaryimage\"},\"thumbnailUrl\":\"https:\\\/\\\/www.accuratereviews.com\\\/wp-content\\\/uploads\\\/2020\\\/08\\\/telegram.png\",\"datePublished\":\"2020-09-11T09:27:47+00:00\",\"dateModified\":\"2024-03-11T10:52:13+00:00\",\"description\":\"Telegram: recensione app di messaggistica online semplice da usare, affidabile e soprattutto sicuro per la crittografia end to end.\",\"breadcrumb\":{\"@id\":\"https:\\\/\\\/www.accuratereviews.com\\\/it\\\/chat-i-migliori-im-lista\\\/telegram-recensione\\\/#breadcrumb\"},\"inLanguage\":\"it-IT\",\"potentialAction\":[{\"@type\":\"ReadAction\",\"target\":[\"https:\\\/\\\/www.accuratereviews.com\\\/it\\\/chat-i-migliori-im-lista\\\/telegram-recensione\\\/\"]}]},{\"@type\":\"ImageObject\",\"inLanguage\":\"it-IT\",\"@id\":\"https:\\\/\\\/www.accuratereviews.com\\\/it\\\/chat-i-migliori-im-lista\\\/telegram-recensione\\\/#primaryimage\",\"url\":\"https:\\\/\\\/www.accuratereviews.com\\\/wp-content\\\/uploads\\\/2020\\\/08\\\/telegram.png\",\"contentUrl\":\"https:\\\/\\\/www.accuratereviews.com\\\/wp-content\\\/uploads\\\/2020\\\/08\\\/telegram.png\",\"width\":512,\"height\":512},{\"@type\":\"BreadcrumbList\",\"@id\":\"https:\\\/\\\/www.accuratereviews.com\\\/it\\\/chat-i-migliori-im-lista\\\/telegram-recensione\\\/#breadcrumb\",\"itemListElement\":[{\"@type\":\"ListItem\",\"position\":1,\"name\":\"Home\",\"item\":\"https:\\\/\\\/www.accuratereviews.com\\\/it\\\/\"},{\"@type\":\"ListItem\",\"position\":2,\"name\":\"Chat: I migliori IM\",\"item\":\"https:\\\/\\\/www.accuratereviews.com\\\/it\\\/chat-i-migliori-im-lista\\\/\"},{\"@type\":\"ListItem\",\"position\":3,\"name\":\"Telegram\"}]},{\"@type\":\"WebSite\",\"@id\":\"https:\\\/\\\/www.accuratereviews.com\\\/it\\\/#website\",\"url\":\"https:\\\/\\\/www.accuratereviews.com\\\/it\\\/\",\"name\":\"Accurate Reviews\",\"description\":\"\",\"potentialAction\":[{\"@type\":\"SearchAction\",\"target\":{\"@type\":\"EntryPoint\",\"urlTemplate\":\"https:\\\/\\\/www.accuratereviews.com\\\/it\\\/?s={search_term_string}\"},\"query-input\":{\"@type\":\"PropertyValueSpecification\",\"valueRequired\":true,\"valueName\":\"search_term_string\"}}],\"inLanguage\":\"it-IT\"}]}<\/script>\n<!-- \/ Yoast SEO plugin. -->","yoast_head_json":{"title":"Telegram: recensione software di messaggistica - Accurate Reviews","description":"Telegram: recensione app di messaggistica online semplice da usare, affidabile e soprattutto sicuro per la crittografia end to end.","robots":{"index":"index","follow":"follow","max-snippet":"max-snippet:-1","max-image-preview":"max-image-preview:large","max-video-preview":"max-video-preview:-1"},"canonical":"https:\/\/www.accuratereviews.com\/it\/chat-i-migliori-im-lista\/telegram-recensione\/","og_locale":"it_IT","og_type":"article","og_title":"Telegram: recensione software di messaggistica - Accurate Reviews","og_description":"Telegram: recensione app di messaggistica online semplice da usare, affidabile e soprattutto sicuro per la crittografia end to end.","og_url":"https:\/\/www.accuratereviews.com\/it\/chat-i-migliori-im-lista\/telegram-recensione\/","og_site_name":"Accurate Reviews","article_modified_time":"2024-03-11T10:52:13+00:00","og_image":[{"width":512,"height":512,"url":"https:\/\/www.accuratereviews.com\/wp-content\/uploads\/2020\/08\/telegram.png","type":"image\/png"}],"twitter_card":"summary_large_image","twitter_misc":{"Tempo di lettura stimato":"5 minuti"},"schema":{"@context":"https:\/\/schema.org","@graph":[{"@type":"WebPage","@id":"https:\/\/www.accuratereviews.com\/it\/chat-i-migliori-im-lista\/telegram-recensione\/","url":"https:\/\/www.accuratereviews.com\/it\/chat-i-migliori-im-lista\/telegram-recensione\/","name":"Telegram: recensione software di messaggistica - Accurate Reviews","isPartOf":{"@id":"https:\/\/www.accuratereviews.com\/it\/#website"},"primaryImageOfPage":{"@id":"https:\/\/www.accuratereviews.com\/it\/chat-i-migliori-im-lista\/telegram-recensione\/#primaryimage"},"image":{"@id":"https:\/\/www.accuratereviews.com\/it\/chat-i-migliori-im-lista\/telegram-recensione\/#primaryimage"},"thumbnailUrl":"https:\/\/www.accuratereviews.com\/wp-content\/uploads\/2020\/08\/telegram.png","datePublished":"2020-09-11T09:27:47+00:00","dateModified":"2024-03-11T10:52:13+00:00","description":"Telegram: recensione app di messaggistica online semplice da usare, affidabile e soprattutto sicuro per la crittografia end to end.","breadcrumb":{"@id":"https:\/\/www.accuratereviews.com\/it\/chat-i-migliori-im-lista\/telegram-recensione\/#breadcrumb"},"inLanguage":"it-IT","potentialAction":[{"@type":"ReadAction","target":["https:\/\/www.accuratereviews.com\/it\/chat-i-migliori-im-lista\/telegram-recensione\/"]}]},{"@type":"ImageObject","inLanguage":"it-IT","@id":"https:\/\/www.accuratereviews.com\/it\/chat-i-migliori-im-lista\/telegram-recensione\/#primaryimage","url":"https:\/\/www.accuratereviews.com\/wp-content\/uploads\/2020\/08\/telegram.png","contentUrl":"https:\/\/www.accuratereviews.com\/wp-content\/uploads\/2020\/08\/telegram.png","width":512,"height":512},{"@type":"BreadcrumbList","@id":"https:\/\/www.accuratereviews.com\/it\/chat-i-migliori-im-lista\/telegram-recensione\/#breadcrumb","itemListElement":[{"@type":"ListItem","position":1,"name":"Home","item":"https:\/\/www.accuratereviews.com\/it\/"},{"@type":"ListItem","position":2,"name":"Chat: I migliori IM","item":"https:\/\/www.accuratereviews.com\/it\/chat-i-migliori-im-lista\/"},{"@type":"ListItem","position":3,"name":"Telegram"}]},{"@type":"WebSite","@id":"https:\/\/www.accuratereviews.com\/it\/#website","url":"https:\/\/www.accuratereviews.com\/it\/","name":"Accurate Reviews","description":"","potentialAction":[{"@type":"SearchAction","target":{"@type":"EntryPoint","urlTemplate":"https:\/\/www.accuratereviews.com\/it\/?s={search_term_string}"},"query-input":{"@type":"PropertyValueSpecification","valueRequired":true,"valueName":"search_term_string"}}],"inLanguage":"it-IT"}]}},"_links":{"self":[{"href":"https:\/\/www.accuratereviews.com\/it\/wp-json\/wp\/v2\/pages\/29903","targetHints":{"allow":["GET"]}}],"collection":[{"href":"https:\/\/www.accuratereviews.com\/it\/wp-json\/wp\/v2\/pages"}],"about":[{"href":"https:\/\/www.accuratereviews.com\/it\/wp-json\/wp\/v2\/types\/page"}],"author":[{"embeddable":true,"href":"https:\/\/www.accuratereviews.com\/it\/wp-json\/wp\/v2\/users\/19"}],"replies":[{"embeddable":true,"href":"https:\/\/www.accuratereviews.com\/it\/wp-json\/wp\/v2\/comments?post=29903"}],"version-history":[{"count":9,"href":"https:\/\/www.accuratereviews.com\/it\/wp-json\/wp\/v2\/pages\/29903\/revisions"}],"predecessor-version":[{"id":75086,"href":"https:\/\/www.accuratereviews.com\/it\/wp-json\/wp\/v2\/pages\/29903\/revisions\/75086"}],"up":[{"embeddable":true,"href":"https:\/\/www.accuratereviews.com\/it\/wp-json\/wp\/v2\/pages\/5386"}],"wp:featuredmedia":[{"embeddable":true,"href":"https:\/\/www.accuratereviews.com\/it\/wp-json\/wp\/v2\/media\/29904"}],"wp:attachment":[{"href":"https:\/\/www.accuratereviews.com\/it\/wp-json\/wp\/v2\/media?parent=29903"}],"wp:term":[{"taxonomy":"category","embeddable":true,"href":"https:\/\/www.accuratereviews.com\/it\/wp-json\/wp\/v2\/categories?post=29903"},{"taxonomy":"post_tag","embeddable":true,"href":"https:\/\/www.accuratereviews.com\/it\/wp-json\/wp\/v2\/tags?post=29903"},{"taxonomy":"features","embeddable":true,"href":"https:\/\/www.accuratereviews.com\/it\/wp-json\/wp\/v2\/features?post=29903"}],"curies":[{"name":"wp","href":"https:\/\/api.w.org\/{rel}","templated":true}]}}