{"id":30033,"date":"2020-08-31T12:12:08","date_gmt":"2020-08-31T12:12:08","guid":{"rendered":"https:\/\/www.accuratereviews.com\/?page_id=30033"},"modified":"2020-08-31T12:12:08","modified_gmt":"2020-08-31T12:12:08","slug":"podium-recensione","status":"publish","type":"page","link":"https:\/\/www.accuratereviews.com\/it\/chat-i-migliori-im-lista\/podium-recensione\/","title":{"rendered":"Podium"},"content":{"rendered":"<p><strong>Podium<\/strong> \u00e8 una <strong>piattaforma di interazione e messaggistica<\/strong> con i clienti che utilizza messaggi di testo per aiutare le aziende a gestire le relazioni con i clienti e costruire una reputazione online su una variet\u00e0 di siti web.\u00a0La piattaforma consolida le interazioni con i clienti e le recensioni online in un&#8217;unica dashboard per aiutare gli utenti a gestire la gestione delle recensioni online. Dalla dashboard, gli utenti possono inviare inviti alla recensione, rispondere online in tempo reale e inviare e ricevere messaggi di testo con clienti e potenziali clienti.\u00a0Inoltre, <strong>Podium<\/strong> fornisce alle aziende rapporti sulle operazioni quotidiane dell&#8217;attivit\u00e0, inclusa l&#8217;analisi del sentiment e il benchmarking competitivo, che possono aiutare le aziende a identificare potenziali aree di miglioramento. Il supporto viene fornito tramite telefono, chat online ed email.<\/p>\n<h2>PODIUM &#8211; TUTORIAL<\/h2>\n<p>Guardiamo come \u00e8 semplice mandare un messaggio con questo software di chat:<\/p>\n<div id=\"fluid-wrapper-counter-1\" class=\"g1-fluid-wrapper \" style=\"width:686px;\">\n<div style=\"padding-bottom:56.268221574344%;\"><iframe loading=\"lazy\" title=\"Introducing Podium Starter\" width=\"686\" height=\"386\" src=\"https:\/\/www.youtube.com\/embed\/u1hrwQpqrEM?feature=oembed&amp;wmode=transparent&amp;autohide=1&amp;autoplay=0&amp;disablekb=0&amp;fs=1&amp;loop=0&amp;enablejsapi=1&amp;rel=0&amp;controls=2&amp;showinfo=0&amp;wmode=transparent&amp;autohide=2&amp;autoplay=0&amp;disablekb=0&amp;fs=1&amp;loop=0&amp;enablejsapi=1&amp;rel=0&amp;controls=2&amp;showinfo=1\" frameborder=\"0\" allow=\"accelerometer; autoplay; encrypted-media; gyroscope; picture-in-picture\" allowfullscreen><\/iframe><\/div>\n<\/div>\n<h3>PODIUM &#8211; CARATTERISTICHE<\/h3>\n<ul>\n<li><strong>Fatti trovare ovunque:<\/strong> con le recensioni dei clienti su Google, Facebook e tantissimi siti di recensioni specifici del settore, ti presenterai dove conta<\/li>\n<li><strong>Automatico:<\/strong> impostando gli inviti automatici alla revisione, raccogli automaticamente le recensioni online in modo da posizionarti pi\u00f9 in alto e i tuoi lead possono trovarti ancora pi\u00f9 facilmente<\/li>\n<li><strong>Ottieni una visione globale<\/strong>: i rapporti approfonditi per una visione completa della tua reputazione online, cos\u00ec puoi concentrarti su ci\u00f2 che funziona bene e correggere ci\u00f2 che non funziona<\/li>\n<li><strong>Notifiche<\/strong>: ricevi immediatamente un avviso e rispondi in-app quando viene pubblicata una recensione<\/li>\n<li><strong>Modelli<\/strong>: invia messaggi personalizzati o rendilo pi\u00f9 semplice con modelli personalizzabili.<\/li>\n<li><strong>Sentiment Analysis<\/strong>: identifica le tendenze dal contenuto delle recensioni dei clienti per migliorare la tua attivit\u00e0<\/li>\n<li><strong>Centralino<\/strong>: definisci quanti clienti vengono inviati a quali siti di recensioni per un ecosistema di recensioni valide<\/li>\n<li><strong>App mobile<\/strong>: raccogli recensioni e rispondi ai clienti ovunque ti trovi<\/li>\n<li><strong>Benchmark competitivi<\/strong>: confronta la valutazione a stelle, il conteggio delle recensioni e l&#8217;attualit\u00e0 per vedere come ti posizioni rispetto alla concorrenza<\/li>\n<\/ul>\n<h4>LE RECENSIONI DEGLI UTENTI<\/h4>\n<h4 class=\"font-weight-bold my-1 d-flex align-items-center\">Troy C.&#8221;Molto bravo in quello che fa&#8221;<\/h4>\n<p><strong>Commenti: <\/strong>Nel complesso sono molto soddisfatto di Podium. Nonostante le poche carenze, ci ha permesso di raggiungere i nostri obiettivi in un lasso di tempo relativamente breve e nel rispetto del budget.<\/p>\n<p><strong>Vantaggi: <\/strong>La possibilit\u00e0 di inviare richieste di revisione di Google direttamente ai clienti tramite SMS \u00e8 stata sorprendente. Era esattamente ci\u00f2 di cui avevamo bisogno per ottenere il nostro punteggio di recensione fino a, e oltre, il nostro punteggio obiettivo nel giro di pochi mesi. L&#8217;interfaccia \u00e8 incredibilmente intuitiva e la gestione dei team \u00e8 semplicissima.<\/p>\n<p><strong>Inconvenienti: <\/strong>Ho scoperto che la maggior parte delle volte non taggava correttamente chi all&#8217;interno del nostro team era responsabile della ricezione delle recensioni. Non \u00e8 inoltre possibile personalizzare i rapporti.\u00a0Sarebbe fantastico se potessero esserci anche pi\u00f9 integrazioni con piattaforme di recensione aggiuntive, dato che eravamo bloccati solo dalla possibilit\u00e0 di fornire l&#8217;opzione per le recensioni di Google poich\u00e9 non accettiamo le recensioni di Facebook. Questo ci ha fatto perdere alcune recensioni poich\u00e9 i clienti non avevano account Google.<\/p>\n<h4 class=\"font-weight-bold my-1 d-flex align-items-center\">Kate N.&#8221;Ottima piattaforma per facilitare le comunicazioni con i clienti&#8221;<\/h4>\n<p><strong>Commenti: <\/strong>Ottima esperienza con la configurazione, il servizio clienti e i risultati ottenuti dall&#8217;acquisizione di pi\u00f9 recensioni dei clienti.<\/p>\n<p><strong>Vantaggi: <\/strong>Questo programma consente ai nostri clienti di contattarci tramite testo e viceversa, il che sta aumentando il metodo di comunicazione preferito per la nostra clientela. Ci consente di memorizzare comunicazioni, assegnare conversazioni ai dipendenti e chiedere ai proprietari di case di scrivere recensioni sui social media. La funzione di richiesta di revisione si collega perfettamente ai nostri metodi di revisione preferiti, quindi \u00e8 necessario uno sforzo minimo da parte dei proprietari di casa. Abbiamo aumentato del 100% il numero di recensioni sulla nostra pagina Google da quando abbiamo utilizzato Podium.<\/p>\n<p><strong>Inconvenienti: <\/strong>Al momento non \u00e8 possibile creare conversazioni private tra il personale e le parti esterne, sarebbe bello avere modi per separare le conversazioni per reparto, con opzioni per riassegnare da un amministratore.<\/p>\n<h4 class=\"font-weight-bold my-1 d-flex align-items-center\">Kyle B.&#8221;Podium ti porta pi\u00f9 entrate.&#8221;<\/h4>\n<p><strong>Commenti: <\/strong>Ci ha generato quasi 10.000 conversazioni nell&#8217;arco di due anni. Ha aggiunto entrate considerevoli ed \u00e8 stato un canale aperto per sondaggi e feedback.<\/p>\n<p><strong>Vantaggi: <\/strong>I clienti chiamano, lasciano messaggi vocali e non rispondono mai. Continuano a chiamare altre societ\u00e0 fino a quando non ottengono una risposta dal vivo o alle loro domande. Podium ti consente di avere un widget di chat sul tuo sito web che converte la conversazione in testo. Ci\u00f2 rimuove le ingombranti interfacce grafiche e consente ai proprietari di casa e ai clienti di comunicare tramite testo nel modo che desiderano. Queste conversazioni ti portano entrate perch\u00e9 invece di un messaggio vocale che il membro del tuo team deve inseguire, questi sono punti di contatto validi con i clienti.<\/p>\n<p><strong>Inconvenienti: <\/strong>L&#8217;app mobile e il desktop hanno funzionalit\u00e0 limitate. Alcuni rapporti non sono disponibili sull&#8217;app mobile. Ci sono alcune incongruenze con l&#8217;app e il desktop sui tempi di consegna dei testi e ricezione degli stessi.<\/p>\n","protected":false},"excerpt":{"rendered":"<p>Podium \u00e8 una piattaforma di interazione e messaggistica con i clienti che utilizza messaggi di testo per aiutare le aziende a gestire le relazioni con i clienti e costruire una reputazione online su una variet\u00e0 di siti web.\u00a0La piattaforma consolida le interazioni con i clienti e le recensioni online in un&#8217;unica dashboard per aiutare gli utenti a gestire la gestione delle recensioni online.<\/p>\n","protected":false},"author":19,"featured_media":30057,"parent":5386,"menu_order":0,"comment_status":"open","ping_status":"closed","template":"g1_template_page_review_new.php","meta":{"_acf_changed":false,"cwp_meta_box_check":"Yes","cwp_rev_product_name":"","cwp_rev_product_image":"","wppr_links":[],"cwp_rev_price":"","wppr_options":[],"wppr_pros":[],"wppr_cons":[],"_monsterinsights_skip_tracking":false,"_monsterinsights_sitenote_active":false,"_monsterinsights_sitenote_note":"","_monsterinsights_sitenote_category":0,"footnotes":""},"categories":[95],"tags":[3550,3567,3571,835,3566,834,3569,3544,3548],"features":[],"class_list":{"0":"post-30033","1":"page","2":"type-page","3":"status-publish","4":"has-post-thumbnail","6":"category-chat-im","7":"tag-piattaforma-chat","8":"tag-piattaforma-messaggistica","9":"tag-podium","10":"tag-programma-chat","11":"tag-programma-messaggistica","12":"tag-software-chat","13":"tag-software-messaggistica","14":"tag-soluzione-chat","15":"tag-soluzione-messaggistica"},"wppr_data":{"cwp_meta_box_check":"Yes","cwp_rev_product_name":"","cwp_rev_product_image":"","cwp_image_link":"image","cwp_rev_price":"","wppr_rating":"0.00"},"acf":[],"yoast_head":"<!-- This site is optimized with the Yoast SEO plugin v27.4 - https:\/\/yoast.com\/product\/yoast-seo-wordpress\/ -->\n<title>Podium: recensione software messaggistica - Accurate Reviews<\/title>\n<meta name=\"description\" content=\"Podium: recensione piattaforma di interazione e chat con i clienti che utilizza messaggi di testo per aiutare le aziende a gestire i clienti.\" \/>\n<meta name=\"robots\" content=\"index, follow, max-snippet:-1, max-image-preview:large, max-video-preview:-1\" \/>\n<link rel=\"canonical\" href=\"https:\/\/www.accuratereviews.com\/it\/chat-i-migliori-im-lista\/podium-recensione\/\" \/>\n<meta property=\"og:locale\" content=\"it_IT\" \/>\n<meta property=\"og:type\" content=\"article\" \/>\n<meta property=\"og:title\" content=\"Podium: recensione software messaggistica - Accurate Reviews\" \/>\n<meta property=\"og:description\" content=\"Podium: recensione piattaforma di interazione e chat con i clienti che utilizza messaggi di testo per aiutare le aziende a gestire i clienti.\" \/>\n<meta property=\"og:url\" content=\"https:\/\/www.accuratereviews.com\/it\/chat-i-migliori-im-lista\/podium-recensione\/\" \/>\n<meta property=\"og:site_name\" content=\"Accurate Reviews\" \/>\n<meta property=\"og:image\" content=\"https:\/\/www.accuratereviews.com\/wp-content\/uploads\/2020\/08\/Podium.jpg\" \/>\n\t<meta property=\"og:image:width\" content=\"571\" \/>\n\t<meta property=\"og:image:height\" content=\"500\" \/>\n\t<meta property=\"og:image:type\" content=\"image\/jpeg\" \/>\n<meta name=\"twitter:card\" content=\"summary_large_image\" \/>\n<meta name=\"twitter:label1\" content=\"Tempo di lettura stimato\" \/>\n\t<meta name=\"twitter:data1\" content=\"4 minuti\" \/>\n<script type=\"application\/ld+json\" class=\"yoast-schema-graph\">{\"@context\":\"https:\\\/\\\/schema.org\",\"@graph\":[{\"@type\":\"WebPage\",\"@id\":\"https:\\\/\\\/www.accuratereviews.com\\\/it\\\/chat-i-migliori-im-lista\\\/podium-recensione\\\/\",\"url\":\"https:\\\/\\\/www.accuratereviews.com\\\/it\\\/chat-i-migliori-im-lista\\\/podium-recensione\\\/\",\"name\":\"Podium: recensione software messaggistica - Accurate Reviews\",\"isPartOf\":{\"@id\":\"https:\\\/\\\/www.accuratereviews.com\\\/it\\\/#website\"},\"primaryImageOfPage\":{\"@id\":\"https:\\\/\\\/www.accuratereviews.com\\\/it\\\/chat-i-migliori-im-lista\\\/podium-recensione\\\/#primaryimage\"},\"image\":{\"@id\":\"https:\\\/\\\/www.accuratereviews.com\\\/it\\\/chat-i-migliori-im-lista\\\/podium-recensione\\\/#primaryimage\"},\"thumbnailUrl\":\"https:\\\/\\\/www.accuratereviews.com\\\/wp-content\\\/uploads\\\/2020\\\/08\\\/Podium.jpg\",\"datePublished\":\"2020-08-31T12:12:08+00:00\",\"description\":\"Podium: recensione piattaforma di interazione e chat con i clienti che utilizza messaggi di testo per aiutare le aziende a gestire i clienti.\",\"breadcrumb\":{\"@id\":\"https:\\\/\\\/www.accuratereviews.com\\\/it\\\/chat-i-migliori-im-lista\\\/podium-recensione\\\/#breadcrumb\"},\"inLanguage\":\"it-IT\",\"potentialAction\":[{\"@type\":\"ReadAction\",\"target\":[\"https:\\\/\\\/www.accuratereviews.com\\\/it\\\/chat-i-migliori-im-lista\\\/podium-recensione\\\/\"]}]},{\"@type\":\"ImageObject\",\"inLanguage\":\"it-IT\",\"@id\":\"https:\\\/\\\/www.accuratereviews.com\\\/it\\\/chat-i-migliori-im-lista\\\/podium-recensione\\\/#primaryimage\",\"url\":\"https:\\\/\\\/www.accuratereviews.com\\\/wp-content\\\/uploads\\\/2020\\\/08\\\/Podium.jpg\",\"contentUrl\":\"https:\\\/\\\/www.accuratereviews.com\\\/wp-content\\\/uploads\\\/2020\\\/08\\\/Podium.jpg\",\"width\":571,\"height\":500},{\"@type\":\"BreadcrumbList\",\"@id\":\"https:\\\/\\\/www.accuratereviews.com\\\/it\\\/chat-i-migliori-im-lista\\\/podium-recensione\\\/#breadcrumb\",\"itemListElement\":[{\"@type\":\"ListItem\",\"position\":1,\"name\":\"Home\",\"item\":\"https:\\\/\\\/www.accuratereviews.com\\\/it\\\/\"},{\"@type\":\"ListItem\",\"position\":2,\"name\":\"Chat: I migliori IM\",\"item\":\"https:\\\/\\\/www.accuratereviews.com\\\/it\\\/chat-i-migliori-im-lista\\\/\"},{\"@type\":\"ListItem\",\"position\":3,\"name\":\"Podium\"}]},{\"@type\":\"WebSite\",\"@id\":\"https:\\\/\\\/www.accuratereviews.com\\\/it\\\/#website\",\"url\":\"https:\\\/\\\/www.accuratereviews.com\\\/it\\\/\",\"name\":\"Accurate Reviews\",\"description\":\"\",\"potentialAction\":[{\"@type\":\"SearchAction\",\"target\":{\"@type\":\"EntryPoint\",\"urlTemplate\":\"https:\\\/\\\/www.accuratereviews.com\\\/it\\\/?s={search_term_string}\"},\"query-input\":{\"@type\":\"PropertyValueSpecification\",\"valueRequired\":true,\"valueName\":\"search_term_string\"}}],\"inLanguage\":\"it-IT\"}]}<\/script>\n<!-- \/ Yoast SEO plugin. -->","yoast_head_json":{"title":"Podium: recensione software messaggistica - Accurate Reviews","description":"Podium: recensione piattaforma di interazione e chat con i clienti che utilizza messaggi di testo per aiutare le aziende a gestire i clienti.","robots":{"index":"index","follow":"follow","max-snippet":"max-snippet:-1","max-image-preview":"max-image-preview:large","max-video-preview":"max-video-preview:-1"},"canonical":"https:\/\/www.accuratereviews.com\/it\/chat-i-migliori-im-lista\/podium-recensione\/","og_locale":"it_IT","og_type":"article","og_title":"Podium: recensione software messaggistica - Accurate Reviews","og_description":"Podium: recensione piattaforma di interazione e chat con i clienti che utilizza messaggi di testo per aiutare le aziende a gestire i clienti.","og_url":"https:\/\/www.accuratereviews.com\/it\/chat-i-migliori-im-lista\/podium-recensione\/","og_site_name":"Accurate Reviews","og_image":[{"width":571,"height":500,"url":"https:\/\/www.accuratereviews.com\/wp-content\/uploads\/2020\/08\/Podium.jpg","type":"image\/jpeg"}],"twitter_card":"summary_large_image","twitter_misc":{"Tempo di lettura stimato":"4 minuti"},"schema":{"@context":"https:\/\/schema.org","@graph":[{"@type":"WebPage","@id":"https:\/\/www.accuratereviews.com\/it\/chat-i-migliori-im-lista\/podium-recensione\/","url":"https:\/\/www.accuratereviews.com\/it\/chat-i-migliori-im-lista\/podium-recensione\/","name":"Podium: recensione software messaggistica - Accurate Reviews","isPartOf":{"@id":"https:\/\/www.accuratereviews.com\/it\/#website"},"primaryImageOfPage":{"@id":"https:\/\/www.accuratereviews.com\/it\/chat-i-migliori-im-lista\/podium-recensione\/#primaryimage"},"image":{"@id":"https:\/\/www.accuratereviews.com\/it\/chat-i-migliori-im-lista\/podium-recensione\/#primaryimage"},"thumbnailUrl":"https:\/\/www.accuratereviews.com\/wp-content\/uploads\/2020\/08\/Podium.jpg","datePublished":"2020-08-31T12:12:08+00:00","description":"Podium: recensione piattaforma di interazione e chat con i clienti che utilizza messaggi di testo per aiutare le aziende a gestire i clienti.","breadcrumb":{"@id":"https:\/\/www.accuratereviews.com\/it\/chat-i-migliori-im-lista\/podium-recensione\/#breadcrumb"},"inLanguage":"it-IT","potentialAction":[{"@type":"ReadAction","target":["https:\/\/www.accuratereviews.com\/it\/chat-i-migliori-im-lista\/podium-recensione\/"]}]},{"@type":"ImageObject","inLanguage":"it-IT","@id":"https:\/\/www.accuratereviews.com\/it\/chat-i-migliori-im-lista\/podium-recensione\/#primaryimage","url":"https:\/\/www.accuratereviews.com\/wp-content\/uploads\/2020\/08\/Podium.jpg","contentUrl":"https:\/\/www.accuratereviews.com\/wp-content\/uploads\/2020\/08\/Podium.jpg","width":571,"height":500},{"@type":"BreadcrumbList","@id":"https:\/\/www.accuratereviews.com\/it\/chat-i-migliori-im-lista\/podium-recensione\/#breadcrumb","itemListElement":[{"@type":"ListItem","position":1,"name":"Home","item":"https:\/\/www.accuratereviews.com\/it\/"},{"@type":"ListItem","position":2,"name":"Chat: I migliori IM","item":"https:\/\/www.accuratereviews.com\/it\/chat-i-migliori-im-lista\/"},{"@type":"ListItem","position":3,"name":"Podium"}]},{"@type":"WebSite","@id":"https:\/\/www.accuratereviews.com\/it\/#website","url":"https:\/\/www.accuratereviews.com\/it\/","name":"Accurate Reviews","description":"","potentialAction":[{"@type":"SearchAction","target":{"@type":"EntryPoint","urlTemplate":"https:\/\/www.accuratereviews.com\/it\/?s={search_term_string}"},"query-input":{"@type":"PropertyValueSpecification","valueRequired":true,"valueName":"search_term_string"}}],"inLanguage":"it-IT"}]}},"_links":{"self":[{"href":"https:\/\/www.accuratereviews.com\/it\/wp-json\/wp\/v2\/pages\/30033","targetHints":{"allow":["GET"]}}],"collection":[{"href":"https:\/\/www.accuratereviews.com\/it\/wp-json\/wp\/v2\/pages"}],"about":[{"href":"https:\/\/www.accuratereviews.com\/it\/wp-json\/wp\/v2\/types\/page"}],"author":[{"embeddable":true,"href":"https:\/\/www.accuratereviews.com\/it\/wp-json\/wp\/v2\/users\/19"}],"replies":[{"embeddable":true,"href":"https:\/\/www.accuratereviews.com\/it\/wp-json\/wp\/v2\/comments?post=30033"}],"version-history":[{"count":5,"href":"https:\/\/www.accuratereviews.com\/it\/wp-json\/wp\/v2\/pages\/30033\/revisions"}],"predecessor-version":[{"id":30067,"href":"https:\/\/www.accuratereviews.com\/it\/wp-json\/wp\/v2\/pages\/30033\/revisions\/30067"}],"up":[{"embeddable":true,"href":"https:\/\/www.accuratereviews.com\/it\/wp-json\/wp\/v2\/pages\/5386"}],"wp:featuredmedia":[{"embeddable":true,"href":"https:\/\/www.accuratereviews.com\/it\/wp-json\/wp\/v2\/media\/30057"}],"wp:attachment":[{"href":"https:\/\/www.accuratereviews.com\/it\/wp-json\/wp\/v2\/media?parent=30033"}],"wp:term":[{"taxonomy":"category","embeddable":true,"href":"https:\/\/www.accuratereviews.com\/it\/wp-json\/wp\/v2\/categories?post=30033"},{"taxonomy":"post_tag","embeddable":true,"href":"https:\/\/www.accuratereviews.com\/it\/wp-json\/wp\/v2\/tags?post=30033"},{"taxonomy":"features","embeddable":true,"href":"https:\/\/www.accuratereviews.com\/it\/wp-json\/wp\/v2\/features?post=30033"}],"curies":[{"name":"wp","href":"https:\/\/api.w.org\/{rel}","templated":true}]}}