{"id":30046,"date":"2020-09-09T06:43:15","date_gmt":"2020-09-09T06:43:15","guid":{"rendered":"https:\/\/www.accuratereviews.com\/?page_id=30046"},"modified":"2024-03-11T11:59:47","modified_gmt":"2024-03-11T11:59:47","slug":"callingpost-recensione","status":"publish","type":"page","link":"https:\/\/www.accuratereviews.com\/it\/chat-i-migliori-im-lista\/callingpost-recensione\/","title":{"rendered":"CallingPost"},"content":{"rendered":"<p><strong>CallingPost<\/strong> \u00e8 una <strong>soluzione di gestione delle comunicazioni<\/strong> che aiuta le organizzazioni di tutte le dimensioni a creare, inviare e tenere traccia di trasmissioni di emergenza tramite chiamate vocali, messaggi di testo o email. Consente agli utenti di rilevare automaticamente i messaggi vocali e di lasciare messaggi preregistrati, assicurando che gli utenti finali ricevano gli aggiornamenti in un secondo momento. Il software\u00a0consente alle aziende di creare, modificare e mantenere un database di contatti dei membri su una piattaforma centralizzata. I professionisti possono utilizzare la tecnologia di sintesi vocale per registrare, visualizzare in anteprima e trasmettere messaggi vocali a individui o gruppi in pi\u00f9 lingue. Inoltre, viene fornito con un generatore di modelli, che consente agli utenti di creare modelli di email con etichetta bianca con logo dell&#8217;azienda, colori, caratteri e video incorporati all&#8217;interno di un&#8217;interfaccia drag-and-drop.<\/p>\n<h2>CALLINGPOST &#8211; \u00a0TUTORIAL<\/h2>\n<p>Guardiamo come \u00e8 semplice creare un numero telefonico con questo <strong>software di messaggistica<\/strong> e associarlo a un cliente o a un gruppo:<\/p>\n<div id=\"fluid-wrapper-counter-1\" class=\"g1-fluid-wrapper \" style=\"width:686px;\">\n<div style=\"padding-bottom:56.268221574344%;\"><iframe loading=\"lazy\" title=\"New Feature - Phone Assistant Creator\" width=\"686\" height=\"386\" src=\"https:\/\/www.youtube.com\/embed\/wEQyB1s_clU?feature=oembed&amp;wmode=transparent&amp;autohide=1&amp;autoplay=0&amp;disablekb=0&amp;fs=1&amp;loop=0&amp;enablejsapi=1&amp;rel=0&amp;controls=2&amp;showinfo=0&amp;wmode=transparent&amp;autohide=2&amp;autoplay=0&amp;disablekb=0&amp;fs=1&amp;loop=0&amp;enablejsapi=1&amp;rel=0&amp;controls=2&amp;showinfo=1\" frameborder=\"0\" allow=\"accelerometer; autoplay; clipboard-write; encrypted-media; gyroscope; picture-in-picture; web-share\" allowfullscreen><\/iframe><\/div>\n<\/div>\n<h3>CALLINGPOST &#8211; CARATTERISTICHE<\/h3>\n<ul>\n<li>Registra, visualizza in anteprima e invia messaggi con la tua voce dal tuo telefono, computer o tablet<\/li>\n<li>Invia un messaggio a tutto il tuo gruppo con una sola telefonata<\/li>\n<li>Usare la tua voce aiuta i destinatari a sapere chi li sta chiamando<\/li>\n<li>Programma messaggi di testo a tutti i tuoi membri contemporaneamente<\/li>\n<li>I messaggi di testo possono essere inviati dal tuo computer, tablet o smartphone<\/li>\n<li>Crea messaggi di posta elettronica personalizzati per i tuoi gruppi<\/li>\n<li>Includere allegati con volantini, documenti, immagini e altre informazioni<\/li>\n<li>La pianificazione delle email ti assicura di essere pronto quando il tuo messaggio deve essere consegnato<\/li>\n<li>Disponibile su smart device Apple e Android<\/li>\n<li>Aggiungi membri manualmente o dai tuoi contatti del telefono<\/li>\n<li>Offri ai tuoi membri un modo pi\u00f9 semplice per unirsi al tuo gruppo per rimanere aggiornati e informati<\/li>\n<li>I messaggi vocali, testo ed email possono essere programmati per un orario specifico<\/li>\n<li>Inserisci i membri manualmente o importandoli da un foglio di lavoro<\/li>\n<li>Individua e modifica rapidamente i membri con lo strumento di ricerca<\/li>\n<li>Personalizza il tuo numero ID chiamante sui tuoi messaggi telefonici<\/li>\n<li>Il sondaggio di testo \u00e8 un ottimo modo per vedere chi sta partecipando a un evento<\/li>\n<li>I risultati dei messaggi ti mostreranno chi ha ricevuto i tuoi messaggi<\/li>\n<li>Guarda i messaggi precedenti per vedere quando il tuo messaggio viene ricevuto meglio<\/li>\n<li>La revisione dei risultati dei messaggi consente ai leader di sapere quando e come inviare i messaggi in modo che vengano ricevuti dai loro membri<\/li>\n<\/ul>\n<h4>LE RECENSIONI DEGLI UTENTI<\/h4>\n<h4 class=\"font-weight-bold my-1 d-flex align-items-center\">Barbara j M.&#8221;Programma affidabile per trasmettere messaggi ai gruppi&#8221;<\/h4>\n<p><strong>Commenti: <\/strong>Il vantaggio di avere un account CallingPost \u00e8 il miglioramento delle comunicazioni di gruppo. Recentemente un amico di famiglia, marito e moglie, ora entrambi deceduti a causa del Covid-19, la loro figlia inviava messaggi o informazioni di testo sulle condizioni di suo padre, ecc. Quindi leggevo i loro messaggi e li inviavo immediatamente al mio gruppo, il Tampa Bay Posse, compreso l&#8217;annuncio della morte del padre. Grazie a CallingPost, le chiamate uscivano sempre immediatamente, a volte dopo le 21:00. Sono contento di questo aggiornamento nei tuoi servizi. La mia esperienza complessiva \u00e8 stata per la maggior parte molto positiva.<\/p>\n<p><strong>Vantaggi: <\/strong>Ora sono in pensione dal mio studio legale, tuttavia, come leader attivo di un&#8217;associazione civica, ho trovato CallingPost sempre disponibile, dopo aver rimosso il punto di sosta delle 21:00, consentendo l&#8217;invio di messaggi urgenti<br \/>\nin qualsiasi momento. Mi piace il record dei risultati per ogni messaggio inviato, che indica una risposta dal vivo o una chiamata ricevuta dalla segreteria telefonica.<\/p>\n<p><strong>Inconvenienti: <\/strong>Quello che meno mi piace di questo programma \u00e8 che nel mio tentativo di creare un account separato per la mia associazione civica, il programma ha continuato a confondere e integrare il mio account personale, comprese le 2 diverse password, quindi ho scelto di non creare l&#8217;account dell&#8217;associazione , annullandolo. Dal momento che il mio numero di telefono \u00e8 il numero di posta sia del mio account personale che dell&#8217;account dell&#8217;associazione &#8230; \u00e8 stata un&#8217;esperienza orribile, continuare a negarmi l&#8217;accesso, che sapevo essere corretto. Alcuni programmatori dovrebbero creare un modo in cui 1 numero di telefono va bene per essere il numero principale per pi\u00f9 di 1 account.<\/p>\n<h4 class=\"font-weight-bold my-1 d-flex align-items-center\">Nancy R.&#8221;Non potrei farne a meno&#8221;<\/h4>\n<p><strong>Commenti: <\/strong>Riteniamo tutti che ne valga la pena e non voglio pi\u00f9 farne a meno. \u00c8 perfetto per inviare chiamate se dobbiamo annullare una funzione all&#8217;ultimo minuto o se un membro della chiesa \u00e8 morto improvvisamente. Lo consiglio sempre a chiunque ritenga possa usare qualcosa del genere. Non sono davvero esperto di computer e l&#8217;ho trovato molto facile da usare e se avessi avuto un problema il servizio clienti era l\u00ec per aiutarmi.<\/p>\n<p><strong>Vantaggi: <\/strong>\u00c8 cos\u00ec bello non doversi preoccupare di cercare di raggiungere ogni membro della nostra chiesa. Prima di acquistare un posto di chiamata, avremmo dovuto dividere i nomi per le persone da chiamare e c&#8217;era sempre qualcuno che si perdeva. Mi piace che tutto si spenga in una volta, quindi tutti lo sanno allo stesso tempo. Posso controllare per assicurarmi che tutti lo abbiano ricevuto e posso controllare la cronologia per qualsiasi chiamata che \u00e8 stata effettuata. \u00c8 semplicissimo aggiungere nomi e numeri di telefono manualmente o caricarli.<\/p>\n<p><strong>Inconvenienti: <\/strong>L&#8217;unico svantaggio a cui riesco a pensare \u00e8 che la registrazione non pu\u00f2 iniziare subito per dare il tempo alla segreteria di qualcuno di rispondere e talvolta i membri pi\u00f9 anziani non lo capiscono e riattaccano prima che il messaggio arrivi.<\/p>\n<h4 class=\"font-weight-bold my-1 d-flex align-items-center\">Joyce R.&#8221;Utilizzo riuscito di CallingPost&#8221;<\/h4>\n<p><strong>Commenti: <\/strong>Uso questo software da pi\u00f9 di cinque anni e sono molto soddisfatto; al mio pubblico piace la facilit\u00e0 di comunicazione<\/p>\n<p><strong>Vantaggi: <\/strong>Ci\u00f2 consente alla mia organizzazione di comunicare in modo efficace con il mio pubblico, la facilit\u00e0 d&#8217;uso, la possibilit\u00e0 di aggiungere persone, chiamare per raggiungere molte persone contemporaneamente e ho convinto la mia chiesa e altri a iscriversi a CallingPost<\/p>\n<p><strong>Inconvenienti: <\/strong>A volte \u00e8 difficile caricare file e \u00e8 necessario ottenere il supporto dell&#8217;azienda per assistere<\/p>\n","protected":false},"excerpt":{"rendered":"<p>CallingPost \u00e8 una soluzione di gestione delle comunicazioni che aiuta le organizzazioni di tutte le dimensioni a creare, inviare e tenere traccia di trasmissioni di emergenza tramite chiamate vocali, messaggi di testo o email. Consente agli utenti di rilevare automaticamente i messaggi vocali e di lasciare messaggi preregistrati, assicurando che gli utenti finali ricevano gli aggiornamenti in un secondo momento.<\/p>\n","protected":false},"author":19,"featured_media":30047,"parent":5386,"menu_order":0,"comment_status":"open","ping_status":"closed","template":"g1_template_page_review_new.php","meta":{"_acf_changed":false,"cwp_meta_box_check":"Yes","cwp_rev_product_name":"","cwp_rev_product_image":"","wppr_links":[],"cwp_rev_price":"","wppr_options":[{"name":"Usability","value":"0"},{"name":"Speed","value":"0"},{"name":"Features","value":"0"},{"name":"Support","value":"0"},{"name":"Pricing","value":"0"}],"wppr_pros":["","","","",""],"wppr_cons":["","","","",""],"_monsterinsights_skip_tracking":false,"_monsterinsights_sitenote_active":false,"_monsterinsights_sitenote_note":"","_monsterinsights_sitenote_category":0,"footnotes":""},"categories":[95],"tags":[3550,3539,835,3538,834,3536,3544,3537],"features":[],"class_list":{"0":"post-30046","1":"page","2":"type-page","3":"status-publish","4":"has-post-thumbnail","6":"category-chat-im","7":"tag-piattaforma-chat","8":"tag-piattaforma-di-messaggistica","9":"tag-programma-chat","10":"tag-programma-di-messaggistica","11":"tag-software-chat","12":"tag-software-di-messaggistica","13":"tag-soluzione-chat","14":"tag-soluzione-di-messaggistica"},"wppr_data":{"cwp_meta_box_check":"Yes","cwp_rev_product_name":"","_wppr_review_template":"default","cwp_rev_product_image":"","cwp_image_link":"image","wppr_links":[],"cwp_rev_price":"","wppr_pros":["","","","",""],"wppr_cons":["","","","",""],"wppr_rating":"0.00","wppr_options":{"1":{"name":"Usability","value":"0"},"2":{"name":"Speed","value":"0"},"3":{"name":"Features","value":"0"},"4":{"name":"Support","value":"0"},"5":{"name":"Pricing","value":"0"}},"wppr_review_type":"Product","wppr_review_custom_fields":{"additionalProperty":"","additionalType":"","aggregateRating":"","alternateName":"","audience":"","award":"","awards":"","brand":"","color":"","depth":"","description":"","disambiguatingDescription":"","gtin12":"","gtin13":"","gtin14":"","gtin8":"","height":"","identifier":"","image":"","isAccessoryOrSparePartFor":"","isConsumableFor":"","isRelatedTo":"","isSimilarTo":"","itemCondition":"","logo":"","mainEntityOfPage":"","manufacturer":"","material":"","model":"","mpn":"","name":"","offers":"","potentialAction":"","productID":"","productionDate":"","purchaseDate":"","releaseDate":"","review":"","reviews":"","sameAs":"","sku":"","slogan":"","subjectOf":"","url":"","weight":"","width":""}},"acf":[],"yoast_head":"<!-- This site is optimized with the Yoast SEO plugin v27.4 - https:\/\/yoast.com\/product\/yoast-seo-wordpress\/ -->\n<title>CallingPost: recensione software messaggistica - Accurate Reviews<\/title>\n<meta name=\"description\" content=\"CallingPost: recensione software di chat che aiuta a creare e tenere traccia di trasmissioni tramite chiamate vocali, messaggi di testo, mail\" \/>\n<meta name=\"robots\" content=\"index, follow, max-snippet:-1, max-image-preview:large, max-video-preview:-1\" \/>\n<link rel=\"canonical\" href=\"https:\/\/www.accuratereviews.com\/it\/chat-i-migliori-im-lista\/callingpost-recensione\/\" \/>\n<meta property=\"og:locale\" content=\"it_IT\" \/>\n<meta property=\"og:type\" content=\"article\" \/>\n<meta property=\"og:title\" content=\"CallingPost: recensione software messaggistica - Accurate Reviews\" \/>\n<meta property=\"og:description\" content=\"CallingPost: recensione software di chat che aiuta a creare e tenere traccia di trasmissioni tramite chiamate vocali, messaggi di testo, mail\" \/>\n<meta property=\"og:url\" content=\"https:\/\/www.accuratereviews.com\/it\/chat-i-migliori-im-lista\/callingpost-recensione\/\" \/>\n<meta property=\"og:site_name\" content=\"Accurate Reviews\" \/>\n<meta property=\"article:modified_time\" content=\"2024-03-11T11:59:47+00:00\" \/>\n<meta property=\"og:image\" content=\"https:\/\/www.accuratereviews.com\/wp-content\/uploads\/2020\/08\/callingpost.jpg\" \/>\n\t<meta property=\"og:image:width\" content=\"288\" \/>\n\t<meta property=\"og:image:height\" content=\"288\" \/>\n\t<meta property=\"og:image:type\" content=\"image\/jpeg\" \/>\n<meta name=\"twitter:card\" content=\"summary_large_image\" \/>\n<meta name=\"twitter:label1\" content=\"Tempo di lettura stimato\" \/>\n\t<meta name=\"twitter:data1\" content=\"6 minuti\" \/>\n<script type=\"application\/ld+json\" class=\"yoast-schema-graph\">{\"@context\":\"https:\\\/\\\/schema.org\",\"@graph\":[{\"@type\":\"WebPage\",\"@id\":\"https:\\\/\\\/www.accuratereviews.com\\\/it\\\/chat-i-migliori-im-lista\\\/callingpost-recensione\\\/\",\"url\":\"https:\\\/\\\/www.accuratereviews.com\\\/it\\\/chat-i-migliori-im-lista\\\/callingpost-recensione\\\/\",\"name\":\"CallingPost: recensione software messaggistica - Accurate Reviews\",\"isPartOf\":{\"@id\":\"https:\\\/\\\/www.accuratereviews.com\\\/it\\\/#website\"},\"primaryImageOfPage\":{\"@id\":\"https:\\\/\\\/www.accuratereviews.com\\\/it\\\/chat-i-migliori-im-lista\\\/callingpost-recensione\\\/#primaryimage\"},\"image\":{\"@id\":\"https:\\\/\\\/www.accuratereviews.com\\\/it\\\/chat-i-migliori-im-lista\\\/callingpost-recensione\\\/#primaryimage\"},\"thumbnailUrl\":\"https:\\\/\\\/www.accuratereviews.com\\\/wp-content\\\/uploads\\\/2020\\\/08\\\/callingpost.jpg\",\"datePublished\":\"2020-09-09T06:43:15+00:00\",\"dateModified\":\"2024-03-11T11:59:47+00:00\",\"description\":\"CallingPost: recensione software di chat che aiuta a creare e tenere traccia di trasmissioni tramite chiamate vocali, messaggi di testo, mail\",\"breadcrumb\":{\"@id\":\"https:\\\/\\\/www.accuratereviews.com\\\/it\\\/chat-i-migliori-im-lista\\\/callingpost-recensione\\\/#breadcrumb\"},\"inLanguage\":\"it-IT\",\"potentialAction\":[{\"@type\":\"ReadAction\",\"target\":[\"https:\\\/\\\/www.accuratereviews.com\\\/it\\\/chat-i-migliori-im-lista\\\/callingpost-recensione\\\/\"]}]},{\"@type\":\"ImageObject\",\"inLanguage\":\"it-IT\",\"@id\":\"https:\\\/\\\/www.accuratereviews.com\\\/it\\\/chat-i-migliori-im-lista\\\/callingpost-recensione\\\/#primaryimage\",\"url\":\"https:\\\/\\\/www.accuratereviews.com\\\/wp-content\\\/uploads\\\/2020\\\/08\\\/callingpost.jpg\",\"contentUrl\":\"https:\\\/\\\/www.accuratereviews.com\\\/wp-content\\\/uploads\\\/2020\\\/08\\\/callingpost.jpg\",\"width\":288,\"height\":288},{\"@type\":\"BreadcrumbList\",\"@id\":\"https:\\\/\\\/www.accuratereviews.com\\\/it\\\/chat-i-migliori-im-lista\\\/callingpost-recensione\\\/#breadcrumb\",\"itemListElement\":[{\"@type\":\"ListItem\",\"position\":1,\"name\":\"Home\",\"item\":\"https:\\\/\\\/www.accuratereviews.com\\\/it\\\/\"},{\"@type\":\"ListItem\",\"position\":2,\"name\":\"Chat: I migliori IM\",\"item\":\"https:\\\/\\\/www.accuratereviews.com\\\/it\\\/chat-i-migliori-im-lista\\\/\"},{\"@type\":\"ListItem\",\"position\":3,\"name\":\"CallingPost\"}]},{\"@type\":\"WebSite\",\"@id\":\"https:\\\/\\\/www.accuratereviews.com\\\/it\\\/#website\",\"url\":\"https:\\\/\\\/www.accuratereviews.com\\\/it\\\/\",\"name\":\"Accurate Reviews\",\"description\":\"\",\"potentialAction\":[{\"@type\":\"SearchAction\",\"target\":{\"@type\":\"EntryPoint\",\"urlTemplate\":\"https:\\\/\\\/www.accuratereviews.com\\\/it\\\/?s={search_term_string}\"},\"query-input\":{\"@type\":\"PropertyValueSpecification\",\"valueRequired\":true,\"valueName\":\"search_term_string\"}}],\"inLanguage\":\"it-IT\"}]}<\/script>\n<!-- \/ Yoast SEO plugin. -->","yoast_head_json":{"title":"CallingPost: recensione software messaggistica - Accurate Reviews","description":"CallingPost: recensione software di chat che aiuta a creare e tenere traccia di trasmissioni tramite chiamate vocali, messaggi di testo, mail","robots":{"index":"index","follow":"follow","max-snippet":"max-snippet:-1","max-image-preview":"max-image-preview:large","max-video-preview":"max-video-preview:-1"},"canonical":"https:\/\/www.accuratereviews.com\/it\/chat-i-migliori-im-lista\/callingpost-recensione\/","og_locale":"it_IT","og_type":"article","og_title":"CallingPost: recensione software messaggistica - Accurate Reviews","og_description":"CallingPost: recensione software di chat che aiuta a creare e tenere traccia di trasmissioni tramite chiamate vocali, messaggi di testo, mail","og_url":"https:\/\/www.accuratereviews.com\/it\/chat-i-migliori-im-lista\/callingpost-recensione\/","og_site_name":"Accurate Reviews","article_modified_time":"2024-03-11T11:59:47+00:00","og_image":[{"width":288,"height":288,"url":"https:\/\/www.accuratereviews.com\/wp-content\/uploads\/2020\/08\/callingpost.jpg","type":"image\/jpeg"}],"twitter_card":"summary_large_image","twitter_misc":{"Tempo di lettura stimato":"6 minuti"},"schema":{"@context":"https:\/\/schema.org","@graph":[{"@type":"WebPage","@id":"https:\/\/www.accuratereviews.com\/it\/chat-i-migliori-im-lista\/callingpost-recensione\/","url":"https:\/\/www.accuratereviews.com\/it\/chat-i-migliori-im-lista\/callingpost-recensione\/","name":"CallingPost: recensione software messaggistica - Accurate Reviews","isPartOf":{"@id":"https:\/\/www.accuratereviews.com\/it\/#website"},"primaryImageOfPage":{"@id":"https:\/\/www.accuratereviews.com\/it\/chat-i-migliori-im-lista\/callingpost-recensione\/#primaryimage"},"image":{"@id":"https:\/\/www.accuratereviews.com\/it\/chat-i-migliori-im-lista\/callingpost-recensione\/#primaryimage"},"thumbnailUrl":"https:\/\/www.accuratereviews.com\/wp-content\/uploads\/2020\/08\/callingpost.jpg","datePublished":"2020-09-09T06:43:15+00:00","dateModified":"2024-03-11T11:59:47+00:00","description":"CallingPost: recensione software di chat che aiuta a creare e tenere traccia di trasmissioni tramite chiamate vocali, messaggi di testo, mail","breadcrumb":{"@id":"https:\/\/www.accuratereviews.com\/it\/chat-i-migliori-im-lista\/callingpost-recensione\/#breadcrumb"},"inLanguage":"it-IT","potentialAction":[{"@type":"ReadAction","target":["https:\/\/www.accuratereviews.com\/it\/chat-i-migliori-im-lista\/callingpost-recensione\/"]}]},{"@type":"ImageObject","inLanguage":"it-IT","@id":"https:\/\/www.accuratereviews.com\/it\/chat-i-migliori-im-lista\/callingpost-recensione\/#primaryimage","url":"https:\/\/www.accuratereviews.com\/wp-content\/uploads\/2020\/08\/callingpost.jpg","contentUrl":"https:\/\/www.accuratereviews.com\/wp-content\/uploads\/2020\/08\/callingpost.jpg","width":288,"height":288},{"@type":"BreadcrumbList","@id":"https:\/\/www.accuratereviews.com\/it\/chat-i-migliori-im-lista\/callingpost-recensione\/#breadcrumb","itemListElement":[{"@type":"ListItem","position":1,"name":"Home","item":"https:\/\/www.accuratereviews.com\/it\/"},{"@type":"ListItem","position":2,"name":"Chat: I migliori IM","item":"https:\/\/www.accuratereviews.com\/it\/chat-i-migliori-im-lista\/"},{"@type":"ListItem","position":3,"name":"CallingPost"}]},{"@type":"WebSite","@id":"https:\/\/www.accuratereviews.com\/it\/#website","url":"https:\/\/www.accuratereviews.com\/it\/","name":"Accurate Reviews","description":"","potentialAction":[{"@type":"SearchAction","target":{"@type":"EntryPoint","urlTemplate":"https:\/\/www.accuratereviews.com\/it\/?s={search_term_string}"},"query-input":{"@type":"PropertyValueSpecification","valueRequired":true,"valueName":"search_term_string"}}],"inLanguage":"it-IT"}]}},"_links":{"self":[{"href":"https:\/\/www.accuratereviews.com\/it\/wp-json\/wp\/v2\/pages\/30046","targetHints":{"allow":["GET"]}}],"collection":[{"href":"https:\/\/www.accuratereviews.com\/it\/wp-json\/wp\/v2\/pages"}],"about":[{"href":"https:\/\/www.accuratereviews.com\/it\/wp-json\/wp\/v2\/types\/page"}],"author":[{"embeddable":true,"href":"https:\/\/www.accuratereviews.com\/it\/wp-json\/wp\/v2\/users\/19"}],"replies":[{"embeddable":true,"href":"https:\/\/www.accuratereviews.com\/it\/wp-json\/wp\/v2\/comments?post=30046"}],"version-history":[{"count":8,"href":"https:\/\/www.accuratereviews.com\/it\/wp-json\/wp\/v2\/pages\/30046\/revisions"}],"predecessor-version":[{"id":75105,"href":"https:\/\/www.accuratereviews.com\/it\/wp-json\/wp\/v2\/pages\/30046\/revisions\/75105"}],"up":[{"embeddable":true,"href":"https:\/\/www.accuratereviews.com\/it\/wp-json\/wp\/v2\/pages\/5386"}],"wp:featuredmedia":[{"embeddable":true,"href":"https:\/\/www.accuratereviews.com\/it\/wp-json\/wp\/v2\/media\/30047"}],"wp:attachment":[{"href":"https:\/\/www.accuratereviews.com\/it\/wp-json\/wp\/v2\/media?parent=30046"}],"wp:term":[{"taxonomy":"category","embeddable":true,"href":"https:\/\/www.accuratereviews.com\/it\/wp-json\/wp\/v2\/categories?post=30046"},{"taxonomy":"post_tag","embeddable":true,"href":"https:\/\/www.accuratereviews.com\/it\/wp-json\/wp\/v2\/tags?post=30046"},{"taxonomy":"features","embeddable":true,"href":"https:\/\/www.accuratereviews.com\/it\/wp-json\/wp\/v2\/features?post=30046"}],"curies":[{"name":"wp","href":"https:\/\/api.w.org\/{rel}","templated":true}]}}