{"id":30070,"date":"2020-09-01T11:01:01","date_gmt":"2020-09-01T11:01:01","guid":{"rendered":"https:\/\/www.accuratereviews.com\/?page_id=30070"},"modified":"2024-03-11T14:34:05","modified_gmt":"2024-03-11T14:34:05","slug":"jivochat-recensione","status":"publish","type":"page","link":"https:\/\/www.accuratereviews.com\/it\/chat-i-migliori-im-lista\/jivochat-recensione\/","title":{"rendered":"JivoChat"},"content":{"rendered":"<p><strong>JivoChat<\/strong> \u00e8 uno <strong>strumento di comunicazione<\/strong> aziendale per le societ\u00e0 di ecommerce. Offre <strong>chat dal vivo, e-mail, chiamate<\/strong> e messaggi di Facebook in un&#8217;unica app omnicanale.\u00a0Gli utenti possono implementare la chat dal vivo sul proprio sito web, fornire supporto chat ai clienti sui social, gestire i messaggi all&#8217;indirizzo email di un&#8217;azienda e chiamare un numero di telefono in qualsiasi paese. Puoi trovare i tuoi messaggi e la cronologia chat in un&#8217;unica casella di posta, quindi non \u00e8 necessario registrarsi per pi\u00f9 strumenti di comunicazione. Il tuo team pu\u00f2 reagire rapidamente a tutte le richieste. Puoi aumentare i tassi di conversione del sito web e creare migliori esperienze di servizio clienti.\u00a0Utilizza funzioni professionali come registrazioni delle chiamate, trasferimenti, instradamento e altro ancora. Un&#8217;esclusiva funzione di richiamata istantanea incoraggia i tuoi potenziali clienti a chiamarti in modo da poter concludere pi\u00f9 affari.<\/p>\n<h2>JIVOCHAT &#8211; TUTORIAL<\/h2>\n<p>Guardiamo come \u00e8 semplice installare questa <strong>soluzione di messaggistica<\/strong> \u00a0sul tuo sito web in pochi minuti:<\/p>\n<div id=\"fluid-wrapper-counter-1\" class=\"g1-fluid-wrapper \" style=\"width:686px;\">\n<div style=\"padding-bottom:56.268221574344%;\"><iframe loading=\"lazy\" title=\"How to install JivoChat on your website?\" width=\"686\" height=\"386\" src=\"https:\/\/www.youtube.com\/embed\/ZkWb5MdAlOM?feature=oembed&amp;wmode=transparent&amp;autohide=1&amp;autoplay=0&amp;disablekb=0&amp;fs=1&amp;loop=0&amp;enablejsapi=1&amp;rel=0&amp;controls=2&amp;showinfo=0&amp;wmode=transparent&amp;autohide=2&amp;autoplay=0&amp;disablekb=0&amp;fs=1&amp;loop=0&amp;enablejsapi=1&amp;rel=0&amp;controls=2&amp;showinfo=1\" frameborder=\"0\" allow=\"accelerometer; autoplay; clipboard-write; encrypted-media; gyroscope; picture-in-picture; web-share\" allowfullscreen><\/iframe><\/div>\n<\/div>\n<h3>JIVOCHAT &#8211; CARATTERISTICHE<\/h3>\n<ul>\n<li>Il widget della soluzione si adatta\u00a0perfettamente in un pannello laterale sul tuo\u00a0sito web<\/li>\n<li>Ogni sistema operativo moderno,\u00a0browser e dispositivo mobile\u00a0\u00e8 supportato<\/li>\n<li>Le parole nel widget della chat\u00a0sono personalizzabili per essere comprensibile\u00a0nella tua lingua locale<\/li>\n<li>Ricevi dati demografici sui visitatori come la citt\u00e0 da cui stanno navigando<\/li>\n<li>Identifica il dispositivo che stanno utilizzando: app Android, desktop, ecc.<\/li>\n<li>Controlla l&#8217;origine dei clic del visitatore e altri dati del dominio di riferimento<\/li>\n<li>Costruisci e cresci in base\u00a0produttivit\u00e0 degli agenti.<\/li>\n<\/ul>\n<h4>LE RECENSIONI DEGLI UTENTI<\/h4>\n<h4 class=\"font-weight-bold my-1 d-flex align-items-center\">Laszlo leonardo B.&#8221;Dimentica i chatbot, JivoChat \u00e8 il vero affare&#8221;<\/h4>\n<p><strong>Commenti: <\/strong>Super facile da usare, ottima interfaccia, aspetto gradevole, installazione semplice, chiunque abbia una pagina web dovrebbe avere installato anche JivoChat.<\/p>\n<p><strong>Vantaggi: <\/strong>Ottieni una traccia gratuita di 14 giorni, quindi puoi controllare il prodotto e persino averlo come un&#8217;etichetta bianca. L&#8217;installazione \u00e8 semplicissima, \u00e8 come configurare il tuo account Google Analytics. Il software emette un suono quando un nuovo utente accede alla tua home page, puoi dire &#8220;Ciao, e digli se ha bisogno di qualcosa tu sarai qui!&#8221; Questo \u00e8 il futuro delle buone pagine in esecuzione, devi avere un ottimo supporto e le persone restano pi\u00f9 a lungo solo perch\u00e9 sanno che qualcuno \u00e8 qui per aiutarti se hai una domanda speciale su un prodotto o servizio. Quindi non hai bisogno di Facebook Messenger o qualcosa del genere, ottieni un ottimo software da JivoChat. Lo adoro!<\/p>\n<p><strong>Inconvenienti: <\/strong>Solo perch\u00e9 non \u00e8 disponibile alcun software tedesco perch\u00e9 i miei clienti non parlano inglese, ma non hanno problemi con il software.<\/p>\n<h4 class=\"font-weight-bold my-1 d-flex align-items-center\">Roberto M.&#8221;Uno strumento di cui non possiamo vivere senza&#8221;<\/h4>\n<p><strong>Commenti: <\/strong>Jivochat \u00e8 la nostra pi\u00f9 grande canalizzazione di comunicazione in questo momento, la maggior parte dei nostri lead ci contatter\u00e0 prima attraverso la nostra chat e la flessibilit\u00e0 di condividere e trasferire informazioni tra le nostre persone, non possiamo vederci senza di essa ora.<\/p>\n<p><strong>Vantaggi: <\/strong>Uso Jivochat gi\u00e0 da un paio d&#8217;anni e devo dire che \u00e8 diventato uno strumento essenziale per la nostra attivit\u00e0 quotidiana. Adoriamo le opzioni di vedere ci\u00f2 che l&#8217;utente sta digitando prima di premere invio, la connessione a molti strumenti di terze parti e i continui miglioramenti nelle funzionalit\u00e0 che Jivochat continua a portare sul tavolo, lo rende lo strumento di vendita perfetto.<\/p>\n<p><strong>Inconvenienti: <\/strong>Vorrei iniziare a vedere pi\u00f9 possibilit\u00e0 di integrazione con diverse piattaforme e condividere le informazioni.<\/p>\n<h4 class=\"font-weight-bold my-1 d-flex align-items-center\">Vitaly K.\u00a0&#8220;Ottima soluzione per il sito web&#8221;<\/h4>\n<p><strong>Commenti: <\/strong>Jivochat ci aiuta a ottenere pi\u00f9 contatti<\/p>\n<p><strong>Vantaggi: <\/strong>Integrazione con altre app aziendali CRM, posta ecc.<\/p>\n<p><strong>Inconvenienti: <\/strong>Vorrei pi\u00f9 opzioni di configurazione per alcune funzionalit\u00e0<\/p>\n","protected":false},"excerpt":{"rendered":"<p>JivoChat \u00e8 uno strumento di comunicazione aziendale per le societ\u00e0 di ecommerce. Offre chat dal vivo, e-mail, chiamate e messaggi di Facebook in un&#8217;unica app omnicanale.\u00a0Gli utenti possono implementare la chat dal vivo sul proprio sito web, fornire supporto chat ai clienti sui social, gestire i messaggi all&#8217;indirizzo email di un&#8217;azienda e chiamare un numero di telefono in qualsiasi paese.<\/p>\n","protected":false},"author":19,"featured_media":30075,"parent":5386,"menu_order":0,"comment_status":"open","ping_status":"closed","template":"g1_template_page_review_new.php","meta":{"_acf_changed":false,"cwp_meta_box_check":"Yes","cwp_rev_product_name":"","cwp_rev_product_image":"","wppr_links":[],"cwp_rev_price":"","wppr_options":[{"name":"Usability","value":"0"},{"name":"Speed","value":"0"},{"name":"Features","value":"0"},{"name":"Support","value":"0"},{"name":"Pricing","value":"0"}],"wppr_pros":["","","","",""],"wppr_cons":["","","","",""],"_monsterinsights_skip_tracking":false,"_monsterinsights_sitenote_active":false,"_monsterinsights_sitenote_note":"","_monsterinsights_sitenote_category":0,"footnotes":""},"categories":[95],"tags":[3572,3550,3567,835,3566,834,3569,3544,3548],"features":[],"class_list":{"0":"post-30070","1":"page","2":"type-page","3":"status-publish","4":"has-post-thumbnail","6":"category-chat-im","7":"tag-jivochat","8":"tag-piattaforma-chat","9":"tag-piattaforma-messaggistica","10":"tag-programma-chat","11":"tag-programma-messaggistica","12":"tag-software-chat","13":"tag-software-messaggistica","14":"tag-soluzione-chat","15":"tag-soluzione-messaggistica"},"wppr_data":{"cwp_meta_box_check":"Yes","cwp_rev_product_name":"","_wppr_review_template":"default","cwp_rev_product_image":"","cwp_image_link":"image","wppr_links":[],"cwp_rev_price":"","wppr_pros":["","","","",""],"wppr_cons":["","","","",""],"wppr_rating":"0.00","wppr_options":{"1":{"name":"Usability","value":"0"},"2":{"name":"Speed","value":"0"},"3":{"name":"Features","value":"0"},"4":{"name":"Support","value":"0"},"5":{"name":"Pricing","value":"0"}},"wppr_review_type":"Product","wppr_review_custom_fields":{"additionalProperty":"","additionalType":"","aggregateRating":"","alternateName":"","audience":"","award":"","awards":"","brand":"","color":"","depth":"","description":"","disambiguatingDescription":"","gtin12":"","gtin13":"","gtin14":"","gtin8":"","height":"","identifier":"","image":"","isAccessoryOrSparePartFor":"","isConsumableFor":"","isRelatedTo":"","isSimilarTo":"","itemCondition":"","logo":"","mainEntityOfPage":"","manufacturer":"","material":"","model":"","mpn":"","name":"","offers":"","potentialAction":"","productID":"","productionDate":"","purchaseDate":"","releaseDate":"","review":"","reviews":"","sameAs":"","sku":"","slogan":"","subjectOf":"","url":"","weight":"","width":""}},"acf":[],"yoast_head":"<!-- This site is optimized with the Yoast SEO plugin v27.4 - https:\/\/yoast.com\/product\/yoast-seo-wordpress\/ -->\n<title>Jivochat: recensione software messaggistica - Accurate Reviews<\/title>\n<meta name=\"description\" content=\"JivoChat: recensione strumento di comunicazione aziendale per le societ\u00e0 di ecommerce di qualsiasi dimensione.\" \/>\n<meta name=\"robots\" content=\"index, follow, max-snippet:-1, max-image-preview:large, max-video-preview:-1\" \/>\n<link rel=\"canonical\" href=\"https:\/\/www.accuratereviews.com\/it\/chat-i-migliori-im-lista\/jivochat-recensione\/\" \/>\n<meta property=\"og:locale\" content=\"it_IT\" \/>\n<meta property=\"og:type\" content=\"article\" \/>\n<meta property=\"og:title\" content=\"Jivochat: recensione software messaggistica - Accurate Reviews\" \/>\n<meta property=\"og:description\" content=\"JivoChat: recensione strumento di comunicazione aziendale per le societ\u00e0 di ecommerce di qualsiasi dimensione.\" \/>\n<meta property=\"og:url\" content=\"https:\/\/www.accuratereviews.com\/it\/chat-i-migliori-im-lista\/jivochat-recensione\/\" \/>\n<meta property=\"og:site_name\" content=\"Accurate Reviews\" \/>\n<meta property=\"article:modified_time\" content=\"2024-03-11T14:34:05+00:00\" \/>\n<meta property=\"og:image\" content=\"https:\/\/www.accuratereviews.com\/wp-content\/uploads\/2020\/09\/jivo.png\" \/>\n\t<meta property=\"og:image:width\" content=\"1200\" \/>\n\t<meta property=\"og:image:height\" content=\"1200\" \/>\n\t<meta property=\"og:image:type\" content=\"image\/png\" \/>\n<meta name=\"twitter:card\" content=\"summary_large_image\" \/>\n<meta name=\"twitter:label1\" content=\"Tempo di lettura stimato\" \/>\n\t<meta name=\"twitter:data1\" content=\"5 minuti\" \/>\n<script type=\"application\/ld+json\" class=\"yoast-schema-graph\">{\"@context\":\"https:\\\/\\\/schema.org\",\"@graph\":[{\"@type\":\"WebPage\",\"@id\":\"https:\\\/\\\/www.accuratereviews.com\\\/it\\\/chat-i-migliori-im-lista\\\/jivochat-recensione\\\/\",\"url\":\"https:\\\/\\\/www.accuratereviews.com\\\/it\\\/chat-i-migliori-im-lista\\\/jivochat-recensione\\\/\",\"name\":\"Jivochat: recensione software messaggistica - Accurate Reviews\",\"isPartOf\":{\"@id\":\"https:\\\/\\\/www.accuratereviews.com\\\/it\\\/#website\"},\"primaryImageOfPage\":{\"@id\":\"https:\\\/\\\/www.accuratereviews.com\\\/it\\\/chat-i-migliori-im-lista\\\/jivochat-recensione\\\/#primaryimage\"},\"image\":{\"@id\":\"https:\\\/\\\/www.accuratereviews.com\\\/it\\\/chat-i-migliori-im-lista\\\/jivochat-recensione\\\/#primaryimage\"},\"thumbnailUrl\":\"https:\\\/\\\/www.accuratereviews.com\\\/wp-content\\\/uploads\\\/2020\\\/09\\\/jivo.png\",\"datePublished\":\"2020-09-01T11:01:01+00:00\",\"dateModified\":\"2024-03-11T14:34:05+00:00\",\"description\":\"JivoChat: recensione strumento di comunicazione aziendale per le societ\u00e0 di ecommerce di qualsiasi dimensione.\",\"breadcrumb\":{\"@id\":\"https:\\\/\\\/www.accuratereviews.com\\\/it\\\/chat-i-migliori-im-lista\\\/jivochat-recensione\\\/#breadcrumb\"},\"inLanguage\":\"it-IT\",\"potentialAction\":[{\"@type\":\"ReadAction\",\"target\":[\"https:\\\/\\\/www.accuratereviews.com\\\/it\\\/chat-i-migliori-im-lista\\\/jivochat-recensione\\\/\"]}]},{\"@type\":\"ImageObject\",\"inLanguage\":\"it-IT\",\"@id\":\"https:\\\/\\\/www.accuratereviews.com\\\/it\\\/chat-i-migliori-im-lista\\\/jivochat-recensione\\\/#primaryimage\",\"url\":\"https:\\\/\\\/www.accuratereviews.com\\\/wp-content\\\/uploads\\\/2020\\\/09\\\/jivo.png\",\"contentUrl\":\"https:\\\/\\\/www.accuratereviews.com\\\/wp-content\\\/uploads\\\/2020\\\/09\\\/jivo.png\",\"width\":1200,\"height\":1200},{\"@type\":\"BreadcrumbList\",\"@id\":\"https:\\\/\\\/www.accuratereviews.com\\\/it\\\/chat-i-migliori-im-lista\\\/jivochat-recensione\\\/#breadcrumb\",\"itemListElement\":[{\"@type\":\"ListItem\",\"position\":1,\"name\":\"Home\",\"item\":\"https:\\\/\\\/www.accuratereviews.com\\\/it\\\/\"},{\"@type\":\"ListItem\",\"position\":2,\"name\":\"Chat: I migliori IM\",\"item\":\"https:\\\/\\\/www.accuratereviews.com\\\/it\\\/chat-i-migliori-im-lista\\\/\"},{\"@type\":\"ListItem\",\"position\":3,\"name\":\"JivoChat\"}]},{\"@type\":\"WebSite\",\"@id\":\"https:\\\/\\\/www.accuratereviews.com\\\/it\\\/#website\",\"url\":\"https:\\\/\\\/www.accuratereviews.com\\\/it\\\/\",\"name\":\"Accurate Reviews\",\"description\":\"\",\"potentialAction\":[{\"@type\":\"SearchAction\",\"target\":{\"@type\":\"EntryPoint\",\"urlTemplate\":\"https:\\\/\\\/www.accuratereviews.com\\\/it\\\/?s={search_term_string}\"},\"query-input\":{\"@type\":\"PropertyValueSpecification\",\"valueRequired\":true,\"valueName\":\"search_term_string\"}}],\"inLanguage\":\"it-IT\"}]}<\/script>\n<!-- \/ Yoast SEO plugin. -->","yoast_head_json":{"title":"Jivochat: recensione software messaggistica - Accurate Reviews","description":"JivoChat: recensione strumento di comunicazione aziendale per le societ\u00e0 di ecommerce di qualsiasi dimensione.","robots":{"index":"index","follow":"follow","max-snippet":"max-snippet:-1","max-image-preview":"max-image-preview:large","max-video-preview":"max-video-preview:-1"},"canonical":"https:\/\/www.accuratereviews.com\/it\/chat-i-migliori-im-lista\/jivochat-recensione\/","og_locale":"it_IT","og_type":"article","og_title":"Jivochat: recensione software messaggistica - Accurate Reviews","og_description":"JivoChat: recensione strumento di comunicazione aziendale per le societ\u00e0 di ecommerce di qualsiasi dimensione.","og_url":"https:\/\/www.accuratereviews.com\/it\/chat-i-migliori-im-lista\/jivochat-recensione\/","og_site_name":"Accurate Reviews","article_modified_time":"2024-03-11T14:34:05+00:00","og_image":[{"width":1200,"height":1200,"url":"https:\/\/www.accuratereviews.com\/wp-content\/uploads\/2020\/09\/jivo.png","type":"image\/png"}],"twitter_card":"summary_large_image","twitter_misc":{"Tempo di lettura stimato":"5 minuti"},"schema":{"@context":"https:\/\/schema.org","@graph":[{"@type":"WebPage","@id":"https:\/\/www.accuratereviews.com\/it\/chat-i-migliori-im-lista\/jivochat-recensione\/","url":"https:\/\/www.accuratereviews.com\/it\/chat-i-migliori-im-lista\/jivochat-recensione\/","name":"Jivochat: recensione software messaggistica - Accurate Reviews","isPartOf":{"@id":"https:\/\/www.accuratereviews.com\/it\/#website"},"primaryImageOfPage":{"@id":"https:\/\/www.accuratereviews.com\/it\/chat-i-migliori-im-lista\/jivochat-recensione\/#primaryimage"},"image":{"@id":"https:\/\/www.accuratereviews.com\/it\/chat-i-migliori-im-lista\/jivochat-recensione\/#primaryimage"},"thumbnailUrl":"https:\/\/www.accuratereviews.com\/wp-content\/uploads\/2020\/09\/jivo.png","datePublished":"2020-09-01T11:01:01+00:00","dateModified":"2024-03-11T14:34:05+00:00","description":"JivoChat: recensione strumento di comunicazione aziendale per le societ\u00e0 di ecommerce di qualsiasi dimensione.","breadcrumb":{"@id":"https:\/\/www.accuratereviews.com\/it\/chat-i-migliori-im-lista\/jivochat-recensione\/#breadcrumb"},"inLanguage":"it-IT","potentialAction":[{"@type":"ReadAction","target":["https:\/\/www.accuratereviews.com\/it\/chat-i-migliori-im-lista\/jivochat-recensione\/"]}]},{"@type":"ImageObject","inLanguage":"it-IT","@id":"https:\/\/www.accuratereviews.com\/it\/chat-i-migliori-im-lista\/jivochat-recensione\/#primaryimage","url":"https:\/\/www.accuratereviews.com\/wp-content\/uploads\/2020\/09\/jivo.png","contentUrl":"https:\/\/www.accuratereviews.com\/wp-content\/uploads\/2020\/09\/jivo.png","width":1200,"height":1200},{"@type":"BreadcrumbList","@id":"https:\/\/www.accuratereviews.com\/it\/chat-i-migliori-im-lista\/jivochat-recensione\/#breadcrumb","itemListElement":[{"@type":"ListItem","position":1,"name":"Home","item":"https:\/\/www.accuratereviews.com\/it\/"},{"@type":"ListItem","position":2,"name":"Chat: I migliori IM","item":"https:\/\/www.accuratereviews.com\/it\/chat-i-migliori-im-lista\/"},{"@type":"ListItem","position":3,"name":"JivoChat"}]},{"@type":"WebSite","@id":"https:\/\/www.accuratereviews.com\/it\/#website","url":"https:\/\/www.accuratereviews.com\/it\/","name":"Accurate Reviews","description":"","potentialAction":[{"@type":"SearchAction","target":{"@type":"EntryPoint","urlTemplate":"https:\/\/www.accuratereviews.com\/it\/?s={search_term_string}"},"query-input":{"@type":"PropertyValueSpecification","valueRequired":true,"valueName":"search_term_string"}}],"inLanguage":"it-IT"}]}},"_links":{"self":[{"href":"https:\/\/www.accuratereviews.com\/it\/wp-json\/wp\/v2\/pages\/30070","targetHints":{"allow":["GET"]}}],"collection":[{"href":"https:\/\/www.accuratereviews.com\/it\/wp-json\/wp\/v2\/pages"}],"about":[{"href":"https:\/\/www.accuratereviews.com\/it\/wp-json\/wp\/v2\/types\/page"}],"author":[{"embeddable":true,"href":"https:\/\/www.accuratereviews.com\/it\/wp-json\/wp\/v2\/users\/19"}],"replies":[{"embeddable":true,"href":"https:\/\/www.accuratereviews.com\/it\/wp-json\/wp\/v2\/comments?post=30070"}],"version-history":[{"count":6,"href":"https:\/\/www.accuratereviews.com\/it\/wp-json\/wp\/v2\/pages\/30070\/revisions"}],"predecessor-version":[{"id":75122,"href":"https:\/\/www.accuratereviews.com\/it\/wp-json\/wp\/v2\/pages\/30070\/revisions\/75122"}],"up":[{"embeddable":true,"href":"https:\/\/www.accuratereviews.com\/it\/wp-json\/wp\/v2\/pages\/5386"}],"wp:featuredmedia":[{"embeddable":true,"href":"https:\/\/www.accuratereviews.com\/it\/wp-json\/wp\/v2\/media\/30075"}],"wp:attachment":[{"href":"https:\/\/www.accuratereviews.com\/it\/wp-json\/wp\/v2\/media?parent=30070"}],"wp:term":[{"taxonomy":"category","embeddable":true,"href":"https:\/\/www.accuratereviews.com\/it\/wp-json\/wp\/v2\/categories?post=30070"},{"taxonomy":"post_tag","embeddable":true,"href":"https:\/\/www.accuratereviews.com\/it\/wp-json\/wp\/v2\/tags?post=30070"},{"taxonomy":"features","embeddable":true,"href":"https:\/\/www.accuratereviews.com\/it\/wp-json\/wp\/v2\/features?post=30070"}],"curies":[{"name":"wp","href":"https:\/\/api.w.org\/{rel}","templated":true}]}}