{"id":30082,"date":"2020-09-01T11:01:18","date_gmt":"2020-09-01T11:01:18","guid":{"rendered":"https:\/\/www.accuratereviews.com\/?page_id=30082"},"modified":"2024-03-25T21:18:03","modified_gmt":"2024-03-25T21:18:03","slug":"quiq-recensione","status":"publish","type":"page","link":"https:\/\/www.accuratereviews.com\/it\/chat-i-migliori-im-lista\/quiq-recensione\/","title":{"rendered":"Quiq"},"content":{"rendered":"<p><strong>Quiq<\/strong> \u00e8 una soluzione basata su <strong>cloud<\/strong> che aiuta le organizzazioni di piccole e grandi dimensioni ad automatizzare i <strong>processi di comunicazione<\/strong> con i clienti sui siti web utilizzando l&#8217;i<strong>ntelligenza artificiale (AI)<\/strong>. Fornisce un modulo di chat dal vivo, che consente ai professionisti IT di coinvolgere e risolvere le domande dei visitatori del sito instradando le richieste ai rispettivi membri del team. Gli agenti possono utilizzare il modulo di gestione dei moduli per acquisire le preferenze dei clienti e fornire risoluzioni in base ai requisiti. <strong>Quiq<\/strong> consente ai team di fornire supporto pre e post-vendita ai clienti su una dashboard unificata, migliorando la fidelizzazione dei clienti per le aziende. Il supporto viene esteso tramite telefono, email, chat dal vivo e altre misure online.<\/p>\n<h2>QUIQ &#8211; TUTORIAL<\/h2>\n<p>Scopri come i clienti possono ora inviare messaggi alla tua attivit\u00e0 tramite questo <strong>software di chat<\/strong>:<\/p>\n<div id=\"fluid-wrapper-counter-1\" class=\"g1-fluid-wrapper \" style=\"width:686px;\">\n<div style=\"padding-bottom:56.268221574344%;\"><iframe loading=\"lazy\" title=\"Quiq Messaging Preview\" width=\"686\" height=\"386\" src=\"https:\/\/www.youtube.com\/embed\/q2pfVpiEDNY?feature=oembed&amp;wmode=transparent&amp;autohide=1&amp;autoplay=0&amp;disablekb=0&amp;fs=1&amp;loop=0&amp;enablejsapi=1&amp;rel=0&amp;controls=2&amp;showinfo=0&amp;wmode=transparent&amp;autohide=2&amp;autoplay=0&amp;disablekb=0&amp;fs=1&amp;loop=0&amp;enablejsapi=1&amp;rel=0&amp;controls=2&amp;showinfo=1\" frameborder=\"0\" allow=\"accelerometer; autoplay; encrypted-media; gyroscope; picture-in-picture\" allowfullscreen><\/iframe><\/div>\n<\/div>\n<h3>QUIQ &#8211; CARATTERISTICHE<\/h3>\n<ul>\n<li>Notifiche sullo stato degli ordini in uscita<\/li>\n<li>Assistenza pre-vendita<\/li>\n<li>Posizionamento sicuro degli ordini<\/li>\n<li>Richieste di assistenza clienti<\/li>\n<li>Avvisi di promozione<\/li>\n<li>Conferme di appuntamento<\/li>\n<li>Servizi per i membri<\/li>\n<li>Elaborazione del prestito<\/li>\n<li>Collezioni<\/li>\n<li>Espandi la quota di portafoglio<\/li>\n<li>Interazioni pre-vendita<\/li>\n<li>Rinnovi dell&#8217;abbonamento<\/li>\n<li>Offerte di rinvio<\/li>\n<li>Servizio Clienti<\/li>\n<\/ul>\n<h4>LE RECENSIONI DEGLI UTENTI<\/h4>\n<h4 class=\"font-weight-bold my-1 d-flex align-items-center\">Ramil T.\u00a0&#8220;Il miglior portale di chat!&#8221;<\/h4>\n<p><strong>Commenti: <\/strong>Ho un&#8217;esperienza a cinque stelle con questo software, \u00e8 il migliore.<\/p>\n<p><strong>Vantaggi: <\/strong>Lavoro come supporto in chat nella nostra azienda, posso dire che questo portale di chat ha molto da offrire rispetto a qualsiasi altra piattaforma che avevamo. Abbiamo questa funzione di testo che i nostri clienti possono chattare con noi anche se non sono con i loro computer. Dare loro la migliore esperienza possibile con l&#8217;aiuto che vogliono sempre e ovunque. La dashboard in s\u00e9 \u00e8 davvero interessante, puoi vedere tutti i rapporti di chat come il tempo medio di gestione, il numero di conversazioni e molto altro che aiuta a calcolare le nostre statistiche mensili.<\/p>\n<p><strong>Inconvenienti: <\/strong>Finora, non riesco a vedere alcuna parte che non va su questo software. Posso dire che questo \u00e8 stato sviluppato perfettamente.<\/p>\n<h4 class=\"font-weight-bold my-1 d-flex align-items-center\">Jennifer B.\u00a0&#8220;Club Med&#8221;<\/h4>\n<p><strong>Commenti: <\/strong>Diventare multicanale. Dare ai nostri clienti pi\u00f9 opzioni per contattarci al di fuori del telefono.<\/p>\n<p><strong>Vantaggi: <\/strong>Facilit\u00e0 di utilizzo: strumento molto intuitivo. Siamo in grado di formare gli utenti in modo rapido ed efficiente senza problemi.<br \/>\nEccellente servizio clienti e supporto: il team Quiq \u00e8 sempre disponibile e pronto ad aiutarci ovunque sia necessario.<\/p>\n<p><strong>Inconvenienti: <\/strong>Siamo ancora relativamente nuovi sulla piattaforma e da quello che ho visto finora non ho riscontrato alcun contro. Questo potrebbe essere il caso di non sapere ci\u00f2 che non so perch\u00e9 sto ancora imparando tutto ci\u00f2 che Quiq ha da offrire; tuttavia, a questo punto non trovo alcun svantaggio.<\/p>\n<h4 class=\"font-weight-bold my-1 d-flex align-items-center\">Nicholas L.\u00a0&#8220;Prodotto straordinario per vendita \/ supporto e uno sviluppo fenomenale. squadra.&#8221;<\/h4>\n<p><strong>Vantaggi: <\/strong>Quiq \u00e8 un software altamente personalizzabile e l&#8217;integrazione con Zendesk consente molta automazione e personalizzazione sia sul lato vendite che su quello dell&#8217;assistenza. Con l&#8217;uso di Zendesk siamo in grado di automatizzare i flussi di SMS e di avere risposte a tempo nei casi in cui un utente non risponde al contatto iniziale. Ci ha aiutato a crescere in modo rapido ed efficiente attraverso l&#8217;uso di trigger, automazione e reportistica dettagliata dentro e fuori il software.<\/p>\n<p><strong>Inconvenienti: <\/strong>In periodi di elevata congestione (300-400 conversazioni attive simultanee), pu\u00f2 diventare un po &#8216;lento per gli agenti ma non \u00e8 un problema il 99% delle volte. Mancanza di esportazioni \/ e-mail di report giornalieri automatizzati nella dashboard. Mancanza di capacit\u00e0 di query per le conversazioni correnti \/ ricerca di conversazioni correnti aperte e in corso nella vista Manager \/ Report.<\/p>\n","protected":false},"excerpt":{"rendered":"<p>Quiq \u00e8 una soluzione basata su cloud che aiuta le organizzazioni di piccole e grandi dimensioni ad automatizzare i processi di comunicazione con i clienti sui siti web utilizzando l&#8217;intelligenza artificiale (AI). Fornisce un modulo di chat dal vivo, che consente ai professionisti IT di coinvolgere e risolvere le domande dei visitatori del sito instradando le richieste ai rispettivi membri del team.<\/p>\n","protected":false},"author":19,"featured_media":30083,"parent":5386,"menu_order":0,"comment_status":"open","ping_status":"closed","template":"g1_template_page_review_new.php","meta":{"_acf_changed":false,"cwp_meta_box_check":"Yes","cwp_rev_product_name":"","cwp_rev_product_image":"","wppr_links":[],"cwp_rev_price":"","wppr_options":[{"name":"Usability","value":"0"},{"name":"Speed","value":"0"},{"name":"Features","value":"0"},{"name":"Support","value":"0"},{"name":"Pricing","value":"0"}],"wppr_pros":["","","","",""],"wppr_cons":["","","","",""],"_monsterinsights_skip_tracking":false,"_monsterinsights_sitenote_active":false,"_monsterinsights_sitenote_note":"","_monsterinsights_sitenote_category":0,"footnotes":""},"categories":[95],"tags":[3550,3567,835,3566,3573,834,3569,3544,3548],"features":[],"class_list":{"0":"post-30082","1":"page","2":"type-page","3":"status-publish","4":"has-post-thumbnail","6":"category-chat-im","7":"tag-piattaforma-chat","8":"tag-piattaforma-messaggistica","9":"tag-programma-chat","10":"tag-programma-messaggistica","11":"tag-quiq","12":"tag-software-chat","13":"tag-software-messaggistica","14":"tag-soluzione-chat","15":"tag-soluzione-messaggistica"},"wppr_data":{"cwp_meta_box_check":"Yes","cwp_rev_product_name":"","_wppr_review_template":"default","cwp_rev_product_image":"","cwp_image_link":"image","wppr_links":[],"cwp_rev_price":"","wppr_pros":["","","","",""],"wppr_cons":["","","","",""],"wppr_rating":"0.00","wppr_options":{"1":{"name":"Usability","value":"0"},"2":{"name":"Speed","value":"0"},"3":{"name":"Features","value":"0"},"4":{"name":"Support","value":"0"},"5":{"name":"Pricing","value":"0"}},"wppr_review_type":"Product","wppr_review_custom_fields":{"additionalProperty":"","additionalType":"","aggregateRating":"","alternateName":"","audience":"","award":"","awards":"","brand":"","color":"","depth":"","description":"","disambiguatingDescription":"","gtin12":"","gtin13":"","gtin14":"","gtin8":"","height":"","identifier":"","image":"","isAccessoryOrSparePartFor":"","isConsumableFor":"","isRelatedTo":"","isSimilarTo":"","itemCondition":"","logo":"","mainEntityOfPage":"","manufacturer":"","material":"","model":"","mpn":"","name":"","offers":"","potentialAction":"","productID":"","productionDate":"","purchaseDate":"","releaseDate":"","review":"","reviews":"","sameAs":"","sku":"","slogan":"","subjectOf":"","url":"","weight":"","width":""}},"acf":[],"yoast_head":"<!-- This site is optimized with the Yoast SEO plugin v27.4 - https:\/\/yoast.com\/product\/yoast-seo-wordpress\/ -->\n<title>Quiq: recensione software messaggistica - Accurate Reviews<\/title>\n<meta name=\"description\" content=\"Quiq: recensione soluzione basata su cloud che aiuta le societ\u00e0 di piccole e grandi dimensioni ad automatizzare i processi di comunicazione.\" \/>\n<meta name=\"robots\" content=\"index, follow, max-snippet:-1, max-image-preview:large, max-video-preview:-1\" \/>\n<link rel=\"canonical\" href=\"https:\/\/www.accuratereviews.com\/it\/chat-i-migliori-im-lista\/quiq-recensione\/\" \/>\n<meta property=\"og:locale\" content=\"it_IT\" \/>\n<meta property=\"og:type\" content=\"article\" \/>\n<meta property=\"og:title\" content=\"Quiq: recensione software messaggistica - Accurate Reviews\" \/>\n<meta property=\"og:description\" content=\"Quiq: recensione soluzione basata su cloud che aiuta le societ\u00e0 di piccole e grandi dimensioni ad automatizzare i processi di comunicazione.\" \/>\n<meta property=\"og:url\" content=\"https:\/\/www.accuratereviews.com\/it\/chat-i-migliori-im-lista\/quiq-recensione\/\" \/>\n<meta property=\"og:site_name\" content=\"Accurate Reviews\" \/>\n<meta property=\"article:modified_time\" content=\"2024-03-25T21:18:03+00:00\" \/>\n<meta property=\"og:image\" content=\"https:\/\/www.accuratereviews.com\/wp-content\/uploads\/2020\/09\/Quiq.png\" \/>\n\t<meta property=\"og:image:width\" content=\"461\" \/>\n\t<meta property=\"og:image:height\" content=\"424\" \/>\n\t<meta property=\"og:image:type\" content=\"image\/png\" \/>\n<meta name=\"twitter:card\" content=\"summary_large_image\" \/>\n<meta name=\"twitter:label1\" content=\"Tempo di lettura stimato\" \/>\n\t<meta name=\"twitter:data1\" content=\"4 minuti\" \/>\n<script type=\"application\/ld+json\" class=\"yoast-schema-graph\">{\"@context\":\"https:\\\/\\\/schema.org\",\"@graph\":[{\"@type\":\"WebPage\",\"@id\":\"https:\\\/\\\/www.accuratereviews.com\\\/it\\\/chat-i-migliori-im-lista\\\/quiq-recensione\\\/\",\"url\":\"https:\\\/\\\/www.accuratereviews.com\\\/it\\\/chat-i-migliori-im-lista\\\/quiq-recensione\\\/\",\"name\":\"Quiq: recensione software messaggistica - Accurate Reviews\",\"isPartOf\":{\"@id\":\"https:\\\/\\\/www.accuratereviews.com\\\/it\\\/#website\"},\"primaryImageOfPage\":{\"@id\":\"https:\\\/\\\/www.accuratereviews.com\\\/it\\\/chat-i-migliori-im-lista\\\/quiq-recensione\\\/#primaryimage\"},\"image\":{\"@id\":\"https:\\\/\\\/www.accuratereviews.com\\\/it\\\/chat-i-migliori-im-lista\\\/quiq-recensione\\\/#primaryimage\"},\"thumbnailUrl\":\"https:\\\/\\\/www.accuratereviews.com\\\/wp-content\\\/uploads\\\/2020\\\/09\\\/Quiq.png\",\"datePublished\":\"2020-09-01T11:01:18+00:00\",\"dateModified\":\"2024-03-25T21:18:03+00:00\",\"description\":\"Quiq: recensione soluzione basata su cloud che aiuta le societ\u00e0 di piccole e grandi dimensioni ad automatizzare i processi di comunicazione.\",\"breadcrumb\":{\"@id\":\"https:\\\/\\\/www.accuratereviews.com\\\/it\\\/chat-i-migliori-im-lista\\\/quiq-recensione\\\/#breadcrumb\"},\"inLanguage\":\"it-IT\",\"potentialAction\":[{\"@type\":\"ReadAction\",\"target\":[\"https:\\\/\\\/www.accuratereviews.com\\\/it\\\/chat-i-migliori-im-lista\\\/quiq-recensione\\\/\"]}]},{\"@type\":\"ImageObject\",\"inLanguage\":\"it-IT\",\"@id\":\"https:\\\/\\\/www.accuratereviews.com\\\/it\\\/chat-i-migliori-im-lista\\\/quiq-recensione\\\/#primaryimage\",\"url\":\"https:\\\/\\\/www.accuratereviews.com\\\/wp-content\\\/uploads\\\/2020\\\/09\\\/Quiq.png\",\"contentUrl\":\"https:\\\/\\\/www.accuratereviews.com\\\/wp-content\\\/uploads\\\/2020\\\/09\\\/Quiq.png\",\"width\":461,\"height\":424},{\"@type\":\"BreadcrumbList\",\"@id\":\"https:\\\/\\\/www.accuratereviews.com\\\/it\\\/chat-i-migliori-im-lista\\\/quiq-recensione\\\/#breadcrumb\",\"itemListElement\":[{\"@type\":\"ListItem\",\"position\":1,\"name\":\"Home\",\"item\":\"https:\\\/\\\/www.accuratereviews.com\\\/it\\\/\"},{\"@type\":\"ListItem\",\"position\":2,\"name\":\"Chat: I migliori IM\",\"item\":\"https:\\\/\\\/www.accuratereviews.com\\\/it\\\/chat-i-migliori-im-lista\\\/\"},{\"@type\":\"ListItem\",\"position\":3,\"name\":\"Quiq\"}]},{\"@type\":\"WebSite\",\"@id\":\"https:\\\/\\\/www.accuratereviews.com\\\/it\\\/#website\",\"url\":\"https:\\\/\\\/www.accuratereviews.com\\\/it\\\/\",\"name\":\"Accurate Reviews\",\"description\":\"\",\"potentialAction\":[{\"@type\":\"SearchAction\",\"target\":{\"@type\":\"EntryPoint\",\"urlTemplate\":\"https:\\\/\\\/www.accuratereviews.com\\\/it\\\/?s={search_term_string}\"},\"query-input\":{\"@type\":\"PropertyValueSpecification\",\"valueRequired\":true,\"valueName\":\"search_term_string\"}}],\"inLanguage\":\"it-IT\"}]}<\/script>\n<!-- \/ Yoast SEO plugin. -->","yoast_head_json":{"title":"Quiq: recensione software messaggistica - Accurate Reviews","description":"Quiq: recensione soluzione basata su cloud che aiuta le societ\u00e0 di piccole e grandi dimensioni ad automatizzare i processi di comunicazione.","robots":{"index":"index","follow":"follow","max-snippet":"max-snippet:-1","max-image-preview":"max-image-preview:large","max-video-preview":"max-video-preview:-1"},"canonical":"https:\/\/www.accuratereviews.com\/it\/chat-i-migliori-im-lista\/quiq-recensione\/","og_locale":"it_IT","og_type":"article","og_title":"Quiq: recensione software messaggistica - Accurate Reviews","og_description":"Quiq: recensione soluzione basata su cloud che aiuta le societ\u00e0 di piccole e grandi dimensioni ad automatizzare i processi di comunicazione.","og_url":"https:\/\/www.accuratereviews.com\/it\/chat-i-migliori-im-lista\/quiq-recensione\/","og_site_name":"Accurate Reviews","article_modified_time":"2024-03-25T21:18:03+00:00","og_image":[{"width":461,"height":424,"url":"https:\/\/www.accuratereviews.com\/wp-content\/uploads\/2020\/09\/Quiq.png","type":"image\/png"}],"twitter_card":"summary_large_image","twitter_misc":{"Tempo di lettura stimato":"4 minuti"},"schema":{"@context":"https:\/\/schema.org","@graph":[{"@type":"WebPage","@id":"https:\/\/www.accuratereviews.com\/it\/chat-i-migliori-im-lista\/quiq-recensione\/","url":"https:\/\/www.accuratereviews.com\/it\/chat-i-migliori-im-lista\/quiq-recensione\/","name":"Quiq: recensione software messaggistica - Accurate Reviews","isPartOf":{"@id":"https:\/\/www.accuratereviews.com\/it\/#website"},"primaryImageOfPage":{"@id":"https:\/\/www.accuratereviews.com\/it\/chat-i-migliori-im-lista\/quiq-recensione\/#primaryimage"},"image":{"@id":"https:\/\/www.accuratereviews.com\/it\/chat-i-migliori-im-lista\/quiq-recensione\/#primaryimage"},"thumbnailUrl":"https:\/\/www.accuratereviews.com\/wp-content\/uploads\/2020\/09\/Quiq.png","datePublished":"2020-09-01T11:01:18+00:00","dateModified":"2024-03-25T21:18:03+00:00","description":"Quiq: recensione soluzione basata su cloud che aiuta le societ\u00e0 di piccole e grandi dimensioni ad automatizzare i processi di comunicazione.","breadcrumb":{"@id":"https:\/\/www.accuratereviews.com\/it\/chat-i-migliori-im-lista\/quiq-recensione\/#breadcrumb"},"inLanguage":"it-IT","potentialAction":[{"@type":"ReadAction","target":["https:\/\/www.accuratereviews.com\/it\/chat-i-migliori-im-lista\/quiq-recensione\/"]}]},{"@type":"ImageObject","inLanguage":"it-IT","@id":"https:\/\/www.accuratereviews.com\/it\/chat-i-migliori-im-lista\/quiq-recensione\/#primaryimage","url":"https:\/\/www.accuratereviews.com\/wp-content\/uploads\/2020\/09\/Quiq.png","contentUrl":"https:\/\/www.accuratereviews.com\/wp-content\/uploads\/2020\/09\/Quiq.png","width":461,"height":424},{"@type":"BreadcrumbList","@id":"https:\/\/www.accuratereviews.com\/it\/chat-i-migliori-im-lista\/quiq-recensione\/#breadcrumb","itemListElement":[{"@type":"ListItem","position":1,"name":"Home","item":"https:\/\/www.accuratereviews.com\/it\/"},{"@type":"ListItem","position":2,"name":"Chat: I migliori IM","item":"https:\/\/www.accuratereviews.com\/it\/chat-i-migliori-im-lista\/"},{"@type":"ListItem","position":3,"name":"Quiq"}]},{"@type":"WebSite","@id":"https:\/\/www.accuratereviews.com\/it\/#website","url":"https:\/\/www.accuratereviews.com\/it\/","name":"Accurate Reviews","description":"","potentialAction":[{"@type":"SearchAction","target":{"@type":"EntryPoint","urlTemplate":"https:\/\/www.accuratereviews.com\/it\/?s={search_term_string}"},"query-input":{"@type":"PropertyValueSpecification","valueRequired":true,"valueName":"search_term_string"}}],"inLanguage":"it-IT"}]}},"_links":{"self":[{"href":"https:\/\/www.accuratereviews.com\/it\/wp-json\/wp\/v2\/pages\/30082","targetHints":{"allow":["GET"]}}],"collection":[{"href":"https:\/\/www.accuratereviews.com\/it\/wp-json\/wp\/v2\/pages"}],"about":[{"href":"https:\/\/www.accuratereviews.com\/it\/wp-json\/wp\/v2\/types\/page"}],"author":[{"embeddable":true,"href":"https:\/\/www.accuratereviews.com\/it\/wp-json\/wp\/v2\/users\/19"}],"replies":[{"embeddable":true,"href":"https:\/\/www.accuratereviews.com\/it\/wp-json\/wp\/v2\/comments?post=30082"}],"version-history":[{"count":6,"href":"https:\/\/www.accuratereviews.com\/it\/wp-json\/wp\/v2\/pages\/30082\/revisions"}],"predecessor-version":[{"id":75483,"href":"https:\/\/www.accuratereviews.com\/it\/wp-json\/wp\/v2\/pages\/30082\/revisions\/75483"}],"up":[{"embeddable":true,"href":"https:\/\/www.accuratereviews.com\/it\/wp-json\/wp\/v2\/pages\/5386"}],"wp:featuredmedia":[{"embeddable":true,"href":"https:\/\/www.accuratereviews.com\/it\/wp-json\/wp\/v2\/media\/30083"}],"wp:attachment":[{"href":"https:\/\/www.accuratereviews.com\/it\/wp-json\/wp\/v2\/media?parent=30082"}],"wp:term":[{"taxonomy":"category","embeddable":true,"href":"https:\/\/www.accuratereviews.com\/it\/wp-json\/wp\/v2\/categories?post=30082"},{"taxonomy":"post_tag","embeddable":true,"href":"https:\/\/www.accuratereviews.com\/it\/wp-json\/wp\/v2\/tags?post=30082"},{"taxonomy":"features","embeddable":true,"href":"https:\/\/www.accuratereviews.com\/it\/wp-json\/wp\/v2\/features?post=30082"}],"curies":[{"name":"wp","href":"https:\/\/api.w.org\/{rel}","templated":true}]}}