{"id":30148,"date":"2020-09-03T10:33:14","date_gmt":"2020-09-03T10:33:14","guid":{"rendered":"https:\/\/www.accuratereviews.com\/?page_id=30148"},"modified":"2020-10-10T07:55:13","modified_gmt":"2020-10-10T07:55:13","slug":"moxtra-recensione","status":"publish","type":"page","link":"https:\/\/www.accuratereviews.com\/it\/chat-i-migliori-im-lista\/moxtra-recensione\/","title":{"rendered":"Moxtra"},"content":{"rendered":"<p><strong>Moxtra<\/strong> \u00e8 una<strong> soluzione di collaborazione e comunicazione<\/strong> in team mobile-first (SDK \/ API) che fornisce agli utenti e ai team un&#8217;app nativa che consente la comunicazione e il coinvolgimento in tempo reale sui contenuti condivisi. Consente a te e al tuo team di lavorare in modo pi\u00f9 intelligente e senza sforzo in un ambiente collaborativo a pi\u00f9 livelli che permette riunioni interattive, discussioni e contenuti on demand. Indipendentemente dalla durata del progetto o dalle dimensioni del tuo team, <strong>Moxtra<\/strong> rende la collaborazione su dispositivi mobili semplice ed efficiente. La soluzione vanta ricchi livelli di collaborazione che possono essere facilmente integrati nel contesto della tua app e ti consente di creare facilmente chat vocali e di testo, trasferire video, immagini e altri file senza alcun intoppo. \u00c8 possibile aggiungere facilmente annotazioni robuste, sia grafiche che vocali.<\/p>\n<h2>MOXTRA &#8211; TUTORIAL<\/h2>\n<p>Guardiamo insieme il tutorial su questo <strong>software di collaborazione e messaggistica<\/strong>:<\/p>\n<div id=\"fluid-wrapper-counter-1\" class=\"g1-fluid-wrapper \" style=\"width:686px;\">\n<div style=\"padding-bottom:56.268221574344%;\"><iframe loading=\"lazy\" title=\"MOXTRA TUTORIAL\" width=\"686\" height=\"386\" src=\"https:\/\/www.youtube.com\/embed\/PUDhwZufjxE?feature=oembed&amp;wmode=transparent&amp;autohide=1&amp;autoplay=0&amp;disablekb=0&amp;fs=1&amp;loop=0&amp;enablejsapi=1&amp;rel=0&amp;controls=2&amp;showinfo=0&amp;wmode=transparent&amp;autohide=2&amp;autoplay=0&amp;disablekb=0&amp;fs=1&amp;loop=0&amp;enablejsapi=1&amp;rel=0&amp;controls=2&amp;showinfo=1\" frameborder=\"0\" allow=\"accelerometer; autoplay; clipboard-write; encrypted-media; gyroscope; picture-in-picture\" allowfullscreen><\/iframe><\/div>\n<\/div>\n<h3>MOXTRA &#8211; CARATTERISTICHE<\/h3>\n<div class=\"platform-feature-heading-black\" data-preserve-html-node=\"true\">\n<div class=\"col sqs-col-5 span-5\">\n<div id=\"block-yui_3_17_2_1_1584519394829_15979\" class=\"sqs-block markdown-block sqs-block-markdown\" data-block-type=\"44\">\n<div class=\"sqs-block-content\">\n<div class=\"platform-feature-heading\" data-preserve-html-node=\"true\">\n<ul>\n<li><strong>Messaggistica sicura<\/strong>: Invia e ricevi messaggi di testo, voce e video da un centro di messaggistica sicura all&#8217;interno della tua app. Mantieni una rigorosa sicurezza, offrendo al contempo un&#8217;esperienza di messaggistica on-demand<\/li>\n<li><strong>Video Riunioni<\/strong>: ospitate e partecipate a riunioni video in tempo reale dalla vostra app, con annotazioni visive, condivisione di schermate e la possibilit\u00e0 di registrare qualsiasi conferenza per future revisioni e riferimenti<\/li>\n<li><strong>Firma digitale<\/strong>: condividete in modo semplice e sicuro documenti, contratti e documenti necessari attraverso la vostra applicazione che pu\u00f2 essere firmata e restituita in formato digitale, semplificando il servizio ed eliminando i tempi di attesa<\/li>\n<li><strong>Cloud Storage<\/strong>: offrite un&#8217;archiviazione sicura dei file all&#8217;interno della vostra app e di spazi di lavoro dati centralizzati. Mantenere i record di tutti i file condivisi, con la categorizzazione e l&#8217;organizzazione<\/li>\n<li><strong>Integrazioni<\/strong>: assicurate flussi di lavoro senza soluzione di continuit\u00e0 in tutta l&#8217;organizzazione, rendendo ancora pi\u00f9 semplice il servizio ai clienti. Utilizzate Webhooks per collegare le altre applicazioni e i sistemi aziendali a Moxtra.<\/li>\n<li><strong>Riflettori e annotazioni visive<\/strong>: create annotazioni visive, vocali e video illustrative su file condivisi, che vi aiutano a presentare i dettagli esatti per una comunicazione precisa e succinta.<\/li>\n<li><strong>Gestione dei compiti:<\/strong> gli elenchi delle cose da fare, i raccoglitori designati e la programmazione consentono il monitoraggio dettagliato del progetto e dei progressi per un sistema di gestione delle attivit\u00e0 semplificato &#8211; tutto in un unico posto.<\/li>\n<li><strong>Screensharing<\/strong>: comunicate digitalmente con la condivisione dello schermo e la co-browsing immersiva, creando un&#8217;esperienza completamente sincronizzata dall&#8217;interno della vostra app.<\/li>\n<li><strong>Transazioni<\/strong>: potenziate un transaction corner all&#8217;interno della vostra app, in modo che i vostri clienti e i vostri team possano elaborare le transazioni senza soluzione di continuit\u00e0, garantendo la sicurezza ai massimi requisiti di sicurezza, il tutto attraverso l&#8217;app<\/li>\n<li><strong>Connettori social<\/strong>: collegate WhatsApp e WeChat alla vostra applicazione one-stop, in modo che la vostra organizzazione possa gestire le interazioni che avvengono tra i vostri clienti e i vostri team aziendali su queste piattaforme<\/li>\n<\/ul>\n<h4>LE RECENSIONI DEGLI UTENTI<\/h4>\n<h4 class=\"font-weight-bold mb-1 d-flex align-items-center\">Katie R&#8221;Moxtra ha ottime caratteristiche ma potrebbe essere migliorato&#8221;<\/h4>\n<p><strong>Commenti: <\/strong>In generale, adoro il concetto e le caratteristiche di Moxtra. Forse una versione pi\u00f9 recente risolver\u00e0 i bug.<\/p>\n<p><strong>Vantaggi: <\/strong>Mi piace la possibilit\u00e0 di condividere qualsiasi tipo di file. Mi piace anche che tu possa registrare il tuo schermo e inviare quello che stai facendo.<\/p>\n<p><strong>Inconvenienti: <\/strong>Moxtra rallenta il mio computer quando utilizzo attivamente il programma. Sembra che ci siano alcuni bug e glitch nel sistema.<\/p>\n<h4 class=\"font-weight-bold mb-1 d-flex align-items-center\">Katelyn R.&#8221;Semplifica la chat di lavoro!&#8221;<\/h4>\n<p><strong>Commenti: <\/strong>Utile! Sicuramente ha cambiato il mio posto di lavoro e reso le cose pi\u00f9 facili.<\/p>\n<p><strong>Vantaggi: <\/strong>Adoro il fatto che non solo posso condividere documenti con altri dipendenti, ma posso anche condividere lo schermo e mostrare loro cosa sto facendo e guardando. Ha fatto una grande differenza sul lavoro perch\u00e9 non abbiamo pi\u00f9 mangiato alzarci e camminare fino ai banchi degli altri.<\/p>\n<p><strong>Inconvenienti: <\/strong>La mia collega ha detto che si blocca il suo computer e a volte sul mio \u00e8 in ritardo e non vedr\u00f2 cosa mi ha inviato un collega fino a dopo.<\/p>\n<h4 class=\"font-weight-bold mb-1 d-flex align-items-center\">Brittany B.&#8221;Comunicare meglio con Moxtra&#8221;<\/h4>\n<p><strong>Commenti: <\/strong>Con il nostro ampio team di operai edili, siamo in grado di utilizzare Moxtra per stare al passo con ogni lavoro a cui stiamo lavorando. Essendo nel settore della piscina, lavoriamo fino a 10 lavori alla volta. Potendo aggiungere immagini, file e chattare con il team, possiamo effettivamente trasmettere tutto ci\u00f2 che \u00e8 necessario a tutti senza dover utilizzare pi\u00f9 canali di comunicazione<\/p>\n<p><strong>Vantaggi: <\/strong>Questo software \u00e8 gratuito! La migliore caratteristica \u00e8 il fatto che \u00e8 possibile condividere documenti e immagini insieme alla conversazione. Con questo software, pi\u00f9 utenti sono in grado di comunicare comodamente dai loro telefoni cellulari.<\/p>\n<p><strong>Inconvenienti: <\/strong>L&#8217;unico aspetto negativo del software \u00e8 che ogni conversazione, &#8220;Group Chat&#8221;, ha una finestra di 90 giorni. Se qualcuno ha aggiunto un messaggio di oltre 90 giorni fa, quel messaggio non pu\u00f2 pi\u00f9 essere visualizzato da nessuno nel gruppo. I file rimangono, mentre la chat no.<\/p>\n<\/div>\n<\/div>\n<\/div>\n<\/div>\n<\/div>\n","protected":false},"excerpt":{"rendered":"<p>Moxtra \u00e8 una soluzione di collaborazione e comunicazione in team mobile-first (SDK \/ API) che fornisce agli utenti e ai team un&#8217;app nativa che consente la comunicazione e il coinvolgimento in tempo reale sui contenuti condivisi. Consente a te e al tuo team di lavorare in modo pi\u00f9 intelligente e senza sforzo in un ambiente collaborativo a pi\u00f9 livelli che permette riunioni interattive, discussioni e contenuti on demand.<\/p>\n","protected":false},"author":19,"featured_media":30150,"parent":5386,"menu_order":0,"comment_status":"open","ping_status":"closed","template":"g1_template_page_review_new.php","meta":{"_acf_changed":false,"cwp_meta_box_check":"Yes","cwp_rev_product_name":"","cwp_rev_product_image":"","wppr_links":[],"cwp_rev_price":"","wppr_options":[],"wppr_pros":[],"wppr_cons":[],"_monsterinsights_skip_tracking":false,"_monsterinsights_sitenote_active":false,"_monsterinsights_sitenote_note":"","_monsterinsights_sitenote_category":0,"footnotes":""},"categories":[95],"tags":[1156,850,3539,3538,3536],"features":[],"class_list":{"0":"post-30148","1":"page","2":"type-page","3":"status-publish","4":"has-post-thumbnail","6":"category-chat-im","7":"tag-messaggistica","8":"tag-messaggistica-istantanea","9":"tag-piattaforma-di-messaggistica","10":"tag-programma-di-messaggistica","11":"tag-software-di-messaggistica","12":"g1_relation_tag-moxtra","13":"g1_relation_tag-piattaforma-chat","14":"g1_relation_tag-piattaforma-messaggistica","15":"g1_relation_tag-programma-chat","16":"g1_relation_tag-programma-messaggistica","17":"g1_relation_tag-software-chat","18":"g1_relation_tag-software-messaggistica","19":"g1_relation_tag-soluzione-chat","20":"g1_relation_tag-soluzione-messaggistica"},"wppr_data":{"cwp_meta_box_check":"Yes","cwp_rev_product_name":"","cwp_rev_product_image":"","cwp_image_link":"image","cwp_rev_price":"","wppr_rating":"0.00"},"acf":[],"yoast_head":"<!-- This site is optimized with the Yoast SEO plugin v27.4 - https:\/\/yoast.com\/product\/yoast-seo-wordpress\/ -->\n<title>Moxtra: recensione software messaggistica - Accurate Reviews<\/title>\n<meta name=\"description\" content=\"Moxtra: recensione soluzione di collaborazione e comunicazione che permette riunioni interattive, discussioni e contenuti on demand.\" \/>\n<meta name=\"robots\" content=\"index, follow, max-snippet:-1, max-image-preview:large, max-video-preview:-1\" \/>\n<link rel=\"canonical\" href=\"https:\/\/www.accuratereviews.com\/it\/chat-i-migliori-im-lista\/moxtra-recensione\/\" \/>\n<meta property=\"og:locale\" content=\"it_IT\" \/>\n<meta property=\"og:type\" content=\"article\" \/>\n<meta property=\"og:title\" content=\"Moxtra: recensione software messaggistica - Accurate Reviews\" \/>\n<meta property=\"og:description\" content=\"Moxtra: recensione soluzione di collaborazione e comunicazione che permette riunioni interattive, discussioni e contenuti on demand.\" \/>\n<meta property=\"og:url\" content=\"https:\/\/www.accuratereviews.com\/it\/chat-i-migliori-im-lista\/moxtra-recensione\/\" \/>\n<meta property=\"og:site_name\" content=\"Accurate Reviews\" \/>\n<meta property=\"article:modified_time\" content=\"2020-10-10T07:55:13+00:00\" \/>\n<meta property=\"og:image\" content=\"https:\/\/www.accuratereviews.com\/wp-content\/uploads\/2020\/09\/moxtra.jpg\" \/>\n\t<meta property=\"og:image:width\" content=\"225\" \/>\n\t<meta property=\"og:image:height\" content=\"225\" \/>\n\t<meta property=\"og:image:type\" content=\"image\/jpeg\" \/>\n<meta name=\"twitter:card\" content=\"summary_large_image\" \/>\n<meta name=\"twitter:label1\" content=\"Tempo di lettura stimato\" \/>\n\t<meta name=\"twitter:data1\" content=\"4 minuti\" \/>\n<script type=\"application\/ld+json\" class=\"yoast-schema-graph\">{\"@context\":\"https:\\\/\\\/schema.org\",\"@graph\":[{\"@type\":\"WebPage\",\"@id\":\"https:\\\/\\\/www.accuratereviews.com\\\/it\\\/chat-i-migliori-im-lista\\\/moxtra-recensione\\\/\",\"url\":\"https:\\\/\\\/www.accuratereviews.com\\\/it\\\/chat-i-migliori-im-lista\\\/moxtra-recensione\\\/\",\"name\":\"Moxtra: recensione software messaggistica - Accurate Reviews\",\"isPartOf\":{\"@id\":\"https:\\\/\\\/www.accuratereviews.com\\\/it\\\/#website\"},\"primaryImageOfPage\":{\"@id\":\"https:\\\/\\\/www.accuratereviews.com\\\/it\\\/chat-i-migliori-im-lista\\\/moxtra-recensione\\\/#primaryimage\"},\"image\":{\"@id\":\"https:\\\/\\\/www.accuratereviews.com\\\/it\\\/chat-i-migliori-im-lista\\\/moxtra-recensione\\\/#primaryimage\"},\"thumbnailUrl\":\"https:\\\/\\\/www.accuratereviews.com\\\/wp-content\\\/uploads\\\/2020\\\/09\\\/moxtra.jpg\",\"datePublished\":\"2020-09-03T10:33:14+00:00\",\"dateModified\":\"2020-10-10T07:55:13+00:00\",\"description\":\"Moxtra: recensione soluzione di collaborazione e comunicazione che permette riunioni interattive, discussioni e contenuti on demand.\",\"breadcrumb\":{\"@id\":\"https:\\\/\\\/www.accuratereviews.com\\\/it\\\/chat-i-migliori-im-lista\\\/moxtra-recensione\\\/#breadcrumb\"},\"inLanguage\":\"it-IT\",\"potentialAction\":[{\"@type\":\"ReadAction\",\"target\":[\"https:\\\/\\\/www.accuratereviews.com\\\/it\\\/chat-i-migliori-im-lista\\\/moxtra-recensione\\\/\"]}]},{\"@type\":\"ImageObject\",\"inLanguage\":\"it-IT\",\"@id\":\"https:\\\/\\\/www.accuratereviews.com\\\/it\\\/chat-i-migliori-im-lista\\\/moxtra-recensione\\\/#primaryimage\",\"url\":\"https:\\\/\\\/www.accuratereviews.com\\\/wp-content\\\/uploads\\\/2020\\\/09\\\/moxtra.jpg\",\"contentUrl\":\"https:\\\/\\\/www.accuratereviews.com\\\/wp-content\\\/uploads\\\/2020\\\/09\\\/moxtra.jpg\",\"width\":225,\"height\":225},{\"@type\":\"BreadcrumbList\",\"@id\":\"https:\\\/\\\/www.accuratereviews.com\\\/it\\\/chat-i-migliori-im-lista\\\/moxtra-recensione\\\/#breadcrumb\",\"itemListElement\":[{\"@type\":\"ListItem\",\"position\":1,\"name\":\"Home\",\"item\":\"https:\\\/\\\/www.accuratereviews.com\\\/it\\\/\"},{\"@type\":\"ListItem\",\"position\":2,\"name\":\"Chat: I migliori IM\",\"item\":\"https:\\\/\\\/www.accuratereviews.com\\\/it\\\/chat-i-migliori-im-lista\\\/\"},{\"@type\":\"ListItem\",\"position\":3,\"name\":\"Moxtra\"}]},{\"@type\":\"WebSite\",\"@id\":\"https:\\\/\\\/www.accuratereviews.com\\\/it\\\/#website\",\"url\":\"https:\\\/\\\/www.accuratereviews.com\\\/it\\\/\",\"name\":\"Accurate Reviews\",\"description\":\"\",\"potentialAction\":[{\"@type\":\"SearchAction\",\"target\":{\"@type\":\"EntryPoint\",\"urlTemplate\":\"https:\\\/\\\/www.accuratereviews.com\\\/it\\\/?s={search_term_string}\"},\"query-input\":{\"@type\":\"PropertyValueSpecification\",\"valueRequired\":true,\"valueName\":\"search_term_string\"}}],\"inLanguage\":\"it-IT\"}]}<\/script>\n<!-- \/ Yoast SEO plugin. -->","yoast_head_json":{"title":"Moxtra: recensione software messaggistica - Accurate Reviews","description":"Moxtra: recensione soluzione di collaborazione e comunicazione che permette riunioni interattive, discussioni e contenuti on demand.","robots":{"index":"index","follow":"follow","max-snippet":"max-snippet:-1","max-image-preview":"max-image-preview:large","max-video-preview":"max-video-preview:-1"},"canonical":"https:\/\/www.accuratereviews.com\/it\/chat-i-migliori-im-lista\/moxtra-recensione\/","og_locale":"it_IT","og_type":"article","og_title":"Moxtra: recensione software messaggistica - Accurate Reviews","og_description":"Moxtra: recensione soluzione di collaborazione e comunicazione che permette riunioni interattive, discussioni e contenuti on demand.","og_url":"https:\/\/www.accuratereviews.com\/it\/chat-i-migliori-im-lista\/moxtra-recensione\/","og_site_name":"Accurate Reviews","article_modified_time":"2020-10-10T07:55:13+00:00","og_image":[{"width":225,"height":225,"url":"https:\/\/www.accuratereviews.com\/wp-content\/uploads\/2020\/09\/moxtra.jpg","type":"image\/jpeg"}],"twitter_card":"summary_large_image","twitter_misc":{"Tempo di lettura stimato":"4 minuti"},"schema":{"@context":"https:\/\/schema.org","@graph":[{"@type":"WebPage","@id":"https:\/\/www.accuratereviews.com\/it\/chat-i-migliori-im-lista\/moxtra-recensione\/","url":"https:\/\/www.accuratereviews.com\/it\/chat-i-migliori-im-lista\/moxtra-recensione\/","name":"Moxtra: recensione software messaggistica - Accurate Reviews","isPartOf":{"@id":"https:\/\/www.accuratereviews.com\/it\/#website"},"primaryImageOfPage":{"@id":"https:\/\/www.accuratereviews.com\/it\/chat-i-migliori-im-lista\/moxtra-recensione\/#primaryimage"},"image":{"@id":"https:\/\/www.accuratereviews.com\/it\/chat-i-migliori-im-lista\/moxtra-recensione\/#primaryimage"},"thumbnailUrl":"https:\/\/www.accuratereviews.com\/wp-content\/uploads\/2020\/09\/moxtra.jpg","datePublished":"2020-09-03T10:33:14+00:00","dateModified":"2020-10-10T07:55:13+00:00","description":"Moxtra: recensione soluzione di collaborazione e comunicazione che permette riunioni interattive, discussioni e contenuti on demand.","breadcrumb":{"@id":"https:\/\/www.accuratereviews.com\/it\/chat-i-migliori-im-lista\/moxtra-recensione\/#breadcrumb"},"inLanguage":"it-IT","potentialAction":[{"@type":"ReadAction","target":["https:\/\/www.accuratereviews.com\/it\/chat-i-migliori-im-lista\/moxtra-recensione\/"]}]},{"@type":"ImageObject","inLanguage":"it-IT","@id":"https:\/\/www.accuratereviews.com\/it\/chat-i-migliori-im-lista\/moxtra-recensione\/#primaryimage","url":"https:\/\/www.accuratereviews.com\/wp-content\/uploads\/2020\/09\/moxtra.jpg","contentUrl":"https:\/\/www.accuratereviews.com\/wp-content\/uploads\/2020\/09\/moxtra.jpg","width":225,"height":225},{"@type":"BreadcrumbList","@id":"https:\/\/www.accuratereviews.com\/it\/chat-i-migliori-im-lista\/moxtra-recensione\/#breadcrumb","itemListElement":[{"@type":"ListItem","position":1,"name":"Home","item":"https:\/\/www.accuratereviews.com\/it\/"},{"@type":"ListItem","position":2,"name":"Chat: I migliori IM","item":"https:\/\/www.accuratereviews.com\/it\/chat-i-migliori-im-lista\/"},{"@type":"ListItem","position":3,"name":"Moxtra"}]},{"@type":"WebSite","@id":"https:\/\/www.accuratereviews.com\/it\/#website","url":"https:\/\/www.accuratereviews.com\/it\/","name":"Accurate Reviews","description":"","potentialAction":[{"@type":"SearchAction","target":{"@type":"EntryPoint","urlTemplate":"https:\/\/www.accuratereviews.com\/it\/?s={search_term_string}"},"query-input":{"@type":"PropertyValueSpecification","valueRequired":true,"valueName":"search_term_string"}}],"inLanguage":"it-IT"}]}},"_links":{"self":[{"href":"https:\/\/www.accuratereviews.com\/it\/wp-json\/wp\/v2\/pages\/30148","targetHints":{"allow":["GET"]}}],"collection":[{"href":"https:\/\/www.accuratereviews.com\/it\/wp-json\/wp\/v2\/pages"}],"about":[{"href":"https:\/\/www.accuratereviews.com\/it\/wp-json\/wp\/v2\/types\/page"}],"author":[{"embeddable":true,"href":"https:\/\/www.accuratereviews.com\/it\/wp-json\/wp\/v2\/users\/19"}],"replies":[{"embeddable":true,"href":"https:\/\/www.accuratereviews.com\/it\/wp-json\/wp\/v2\/comments?post=30148"}],"version-history":[{"count":4,"href":"https:\/\/www.accuratereviews.com\/it\/wp-json\/wp\/v2\/pages\/30148\/revisions"}],"predecessor-version":[{"id":30163,"href":"https:\/\/www.accuratereviews.com\/it\/wp-json\/wp\/v2\/pages\/30148\/revisions\/30163"}],"up":[{"embeddable":true,"href":"https:\/\/www.accuratereviews.com\/it\/wp-json\/wp\/v2\/pages\/5386"}],"wp:featuredmedia":[{"embeddable":true,"href":"https:\/\/www.accuratereviews.com\/it\/wp-json\/wp\/v2\/media\/30150"}],"wp:attachment":[{"href":"https:\/\/www.accuratereviews.com\/it\/wp-json\/wp\/v2\/media?parent=30148"}],"wp:term":[{"taxonomy":"category","embeddable":true,"href":"https:\/\/www.accuratereviews.com\/it\/wp-json\/wp\/v2\/categories?post=30148"},{"taxonomy":"post_tag","embeddable":true,"href":"https:\/\/www.accuratereviews.com\/it\/wp-json\/wp\/v2\/tags?post=30148"},{"taxonomy":"features","embeddable":true,"href":"https:\/\/www.accuratereviews.com\/it\/wp-json\/wp\/v2\/features?post=30148"}],"curies":[{"name":"wp","href":"https:\/\/api.w.org\/{rel}","templated":true}]}}