{"id":30156,"date":"2020-09-07T06:28:08","date_gmt":"2020-09-07T06:28:08","guid":{"rendered":"https:\/\/www.accuratereviews.com\/?page_id=30156"},"modified":"2024-03-11T14:28:17","modified_gmt":"2024-03-11T14:28:17","slug":"wappblaster-recensione","status":"publish","type":"page","link":"https:\/\/www.accuratereviews.com\/it\/chat-i-migliori-im-lista\/wappblaster-recensione\/","title":{"rendered":"Wappblaster"},"content":{"rendered":"<p><strong>Wappblaster<\/strong> \u00e8 un<strong> programma di invio di messaggi di massa<\/strong>. Consente agli utenti di inviare messaggi personalizzati ai loro potenziali clienti in tempo reale senza essere bloccati o contrassegnati come spam. Gli utenti possono anche arricchire i propri messaggi allegando foto e video al loro interno. <strong>Wappblaster<\/strong> \u00a0\u00e8 dotato di un filtro integrato e fornisce report istantanei ai propri utenti, consentendo loro di visualizzare le prestazioni dei propri messaggi. Il software dispone di un&#8217;interfaccia utente intuitiva e pu\u00f2 essere personalizzato secondo le vostre esigenze. L&#8217;opzione di filtro del numero aiuta gli utenti a filtrare determinati numeri e inviare loro messaggi pertinenti. Inoltre, gli utenti possono persino caricare il proprio elenco di contatti secondo la loro scelta e necessit\u00e0.<\/p>\n<h2>WAPPBLASTER &#8211; TUTORIAL<\/h2>\n<p>Guardiamo insieme questo tutorial su come sfruttare le funzioni di questo<strong> software di messaggistica<\/strong>:<\/p>\n<div id=\"fluid-wrapper-counter-1\" class=\"g1-fluid-wrapper \" style=\"width:686px;\">\n<div style=\"padding-bottom:56.268221574344%;\"><iframe loading=\"lazy\" title=\"Desktop Whatsapp Marketing Software Wappblaster Best Whatsapp Bulk Sender Software whatsappmarketing\" width=\"686\" height=\"386\" src=\"https:\/\/www.youtube.com\/embed\/WgVySIbU6EE?feature=oembed&amp;wmode=transparent&amp;autohide=1&amp;autoplay=0&amp;disablekb=0&amp;fs=1&amp;loop=0&amp;enablejsapi=1&amp;rel=0&amp;controls=2&amp;showinfo=0&amp;wmode=transparent&amp;autohide=2&amp;autoplay=0&amp;disablekb=0&amp;fs=1&amp;loop=0&amp;enablejsapi=1&amp;rel=0&amp;controls=2&amp;showinfo=1\" frameborder=\"0\" allow=\"accelerometer; autoplay; clipboard-write; encrypted-media; gyroscope; picture-in-picture; web-share\" allowfullscreen><\/iframe><\/div>\n<\/div>\n<h2>WAPPBLASTER &#8211; CARATTERISTICHE<\/h2>\n<ul>\n<li><strong>Algoritmo anti-blocco<\/strong>: il software presenta un algoritmo anti-blocco avanzato, che consente ai suoi utenti di inviare messaggi personalizzati in blocco senza essere bloccati. Il software consente ai suoi utenti di personalizzare i messaggi secondo le loro esigenze<\/li>\n<li><strong>Filtrare i numeri:<\/strong> gli utenti possono filtrare i numeri da vari gruppi WhatsApp con l&#8217;aiuto del modulo Contacts Extractor fornito dal software. Possono persino caricare il proprio elenco di contatti<\/li>\n<li><strong>Personalizzazione<\/strong>: la soluzione consente ai suoi utenti di personalizzare i propri messaggi secondo le proprie esigenze aziendali. Possono anche aggiungere immagini, video e testi secondo la loro scelta<\/li>\n<li><strong>Modulo di verifica<\/strong>: il programma avvisa i suoi utenti sui numeri disponibili in un gruppo. In questo modo, impediscono loro di essere spam<\/li>\n<li><strong>Controlli:<\/strong> il software consente agli amministratori di controllare la velocit\u00e0, i tempi e l&#8217;oggetto dei messaggi di testo inviati ai potenziali clienti<\/li>\n<\/ul>\n<h4>LE RECENSIONI DEGLI UTENTI<\/h4>\n<h4>Leila M.&#8221;Software funzionale e relazionale&#8221;<\/h4>\n<p><strong>Commenti: <\/strong>Ce l&#8217;ho da tempo e non ho mai avuto problemi, compresa la sicurezza che per me era motivo di preoccupazione.<br \/>\nHo attivato la sicurezza in 2 passaggi e ho ancora un gruppo che gestisco<\/p>\n<p><strong>Vantaggi: <\/strong>Facilit\u00e0 di rapporti d&#8217;affari e professionali.<\/p>\n<p><strong>Inconvenienti: <\/strong>Ero spaventato dalla facilit\u00e0 di clonazione, ma ho attivato una maggiore sicurezza.<\/p>\n<h5 class=\"font-weight-bold mb-1 d-flex align-items-center\">Cleber M.\u00a0&#8220;Cleber valuta&#8221;<\/h5>\n<p><strong>Commenti: <\/strong>Raggiungi un gran numero di persone, essere in grado di inviare messaggi personalizzati per gruppo di persone \/ clienti.<\/p>\n<p><strong>Vantaggi: <\/strong>Facile da inviare molti messaggi<\/p>\n<p><strong>Inconvenienti: <\/strong>Personalizzazione di colore e aspetto<\/p>\n<h4 class=\"font-weight-bold mb-1 d-flex align-items-center\">Naveed A.&#8221;Come utente&#8221;<\/h4>\n<p><strong>Commenti: <\/strong>\u00e8 soprattutto uno strumento utile.<\/p>\n<p><strong>Vantaggi: <\/strong>\u00c8 il modo pi\u00f9 semplice per promuovere la tua attivit\u00e0. La cosa migliore che mi piace \u00e8 che tu possa inviare video promozionali e immagini allegate al tuo testo.<\/p>\n<p><strong>Inconvenienti: <\/strong>Mi piace questo strumento perch\u00e9 mi aiuta molto nel marketing online, quindi non c&#8217;\u00e8 niente da non amare.<\/p>\n","protected":false},"excerpt":{"rendered":"<p>Wappblaster \u00e8 un programma di invio di messaggi di massa. Consente agli utenti di inviare messaggi personalizzati ai loro potenziali clienti in tempo reale senza essere bloccati o contrassegnati come spam. Gli utenti possono anche arricchire i propri messaggi allegando foto e video al loro interno.<\/p>\n","protected":false},"author":19,"featured_media":30157,"parent":5386,"menu_order":0,"comment_status":"open","ping_status":"closed","template":"g1_template_page_review_new.php","meta":{"_acf_changed":false,"cwp_meta_box_check":"Yes","cwp_rev_product_name":"","cwp_rev_product_image":"","wppr_links":[],"cwp_rev_price":"","wppr_options":[{"name":"Usability","value":"0"},{"name":"Speed","value":"0"},{"name":"Features","value":"0"},{"name":"Support","value":"0"},{"name":"Pricing","value":"0"}],"wppr_pros":["","","","",""],"wppr_cons":["","","","",""],"_monsterinsights_skip_tracking":false,"_monsterinsights_sitenote_active":false,"_monsterinsights_sitenote_note":"","_monsterinsights_sitenote_category":0,"footnotes":""},"categories":[95],"tags":[1155,1156,3550,3567,835,3566,834,3569,3544,3548,3602],"features":[],"class_list":{"0":"post-30156","1":"page","2":"type-page","3":"status-publish","4":"has-post-thumbnail","6":"category-chat-im","7":"tag-chat","8":"tag-messaggistica","9":"tag-piattaforma-chat","10":"tag-piattaforma-messaggistica","11":"tag-programma-chat","12":"tag-programma-messaggistica","13":"tag-software-chat","14":"tag-software-messaggistica","15":"tag-soluzione-chat","16":"tag-soluzione-messaggistica","17":"tag-wappblaster"},"wppr_data":{"cwp_meta_box_check":"Yes","cwp_rev_product_name":"","_wppr_review_template":"default","cwp_rev_product_image":"","cwp_image_link":"image","wppr_links":[],"cwp_rev_price":"","wppr_pros":["","","","",""],"wppr_cons":["","","","",""],"wppr_rating":"0.00","wppr_options":{"1":{"name":"Usability","value":"0"},"2":{"name":"Speed","value":"0"},"3":{"name":"Features","value":"0"},"4":{"name":"Support","value":"0"},"5":{"name":"Pricing","value":"0"}},"wppr_review_type":"Product","wppr_review_custom_fields":{"additionalProperty":"","additionalType":"","aggregateRating":"","alternateName":"","audience":"","award":"","awards":"","brand":"","color":"","depth":"","description":"","disambiguatingDescription":"","gtin12":"","gtin13":"","gtin14":"","gtin8":"","height":"","identifier":"","image":"","isAccessoryOrSparePartFor":"","isConsumableFor":"","isRelatedTo":"","isSimilarTo":"","itemCondition":"","logo":"","mainEntityOfPage":"","manufacturer":"","material":"","model":"","mpn":"","name":"","offers":"","potentialAction":"","productID":"","productionDate":"","purchaseDate":"","releaseDate":"","review":"","reviews":"","sameAs":"","sku":"","slogan":"","subjectOf":"","url":"","weight":"","width":""}},"acf":[],"yoast_head":"<!-- This site is optimized with the Yoast SEO plugin v27.4 - https:\/\/yoast.com\/product\/yoast-seo-wordpress\/ -->\n<title>Wappblaster: recensione software di messaggistica - Accurate Reviews<\/title>\n<meta name=\"description\" content=\"Wappblaster: recensione programma di invio di messaggi di massa che consente di inviare messaggi personalizzati a potenziali clienti.\" \/>\n<meta name=\"robots\" content=\"index, follow, max-snippet:-1, max-image-preview:large, max-video-preview:-1\" \/>\n<link rel=\"canonical\" href=\"https:\/\/www.accuratereviews.com\/it\/chat-i-migliori-im-lista\/wappblaster-recensione\/\" \/>\n<meta property=\"og:locale\" content=\"it_IT\" \/>\n<meta property=\"og:type\" content=\"article\" \/>\n<meta property=\"og:title\" content=\"Wappblaster: recensione software di messaggistica - Accurate Reviews\" \/>\n<meta property=\"og:description\" content=\"Wappblaster: recensione programma di invio di messaggi di massa che consente di inviare messaggi personalizzati a potenziali clienti.\" \/>\n<meta property=\"og:url\" content=\"https:\/\/www.accuratereviews.com\/it\/chat-i-migliori-im-lista\/wappblaster-recensione\/\" \/>\n<meta property=\"og:site_name\" content=\"Accurate Reviews\" \/>\n<meta property=\"article:modified_time\" content=\"2024-03-11T14:28:17+00:00\" \/>\n<meta property=\"og:image\" content=\"https:\/\/www.accuratereviews.com\/wp-content\/uploads\/2020\/09\/Schermata-2020-09-03-alle-12.27.24.png\" \/>\n\t<meta property=\"og:image:width\" content=\"556\" \/>\n\t<meta property=\"og:image:height\" content=\"214\" \/>\n\t<meta property=\"og:image:type\" content=\"image\/png\" \/>\n<meta name=\"twitter:card\" content=\"summary_large_image\" \/>\n<meta name=\"twitter:label1\" content=\"Tempo di lettura stimato\" \/>\n\t<meta name=\"twitter:data1\" content=\"3 minuti\" \/>\n<script type=\"application\/ld+json\" class=\"yoast-schema-graph\">{\"@context\":\"https:\\\/\\\/schema.org\",\"@graph\":[{\"@type\":\"WebPage\",\"@id\":\"https:\\\/\\\/www.accuratereviews.com\\\/it\\\/chat-i-migliori-im-lista\\\/wappblaster-recensione\\\/\",\"url\":\"https:\\\/\\\/www.accuratereviews.com\\\/it\\\/chat-i-migliori-im-lista\\\/wappblaster-recensione\\\/\",\"name\":\"Wappblaster: recensione software di messaggistica - Accurate Reviews\",\"isPartOf\":{\"@id\":\"https:\\\/\\\/www.accuratereviews.com\\\/it\\\/#website\"},\"primaryImageOfPage\":{\"@id\":\"https:\\\/\\\/www.accuratereviews.com\\\/it\\\/chat-i-migliori-im-lista\\\/wappblaster-recensione\\\/#primaryimage\"},\"image\":{\"@id\":\"https:\\\/\\\/www.accuratereviews.com\\\/it\\\/chat-i-migliori-im-lista\\\/wappblaster-recensione\\\/#primaryimage\"},\"thumbnailUrl\":\"https:\\\/\\\/www.accuratereviews.com\\\/wp-content\\\/uploads\\\/2020\\\/09\\\/Schermata-2020-09-03-alle-12.27.24.png\",\"datePublished\":\"2020-09-07T06:28:08+00:00\",\"dateModified\":\"2024-03-11T14:28:17+00:00\",\"description\":\"Wappblaster: recensione programma di invio di messaggi di massa che consente di inviare messaggi personalizzati a potenziali clienti.\",\"breadcrumb\":{\"@id\":\"https:\\\/\\\/www.accuratereviews.com\\\/it\\\/chat-i-migliori-im-lista\\\/wappblaster-recensione\\\/#breadcrumb\"},\"inLanguage\":\"it-IT\",\"potentialAction\":[{\"@type\":\"ReadAction\",\"target\":[\"https:\\\/\\\/www.accuratereviews.com\\\/it\\\/chat-i-migliori-im-lista\\\/wappblaster-recensione\\\/\"]}]},{\"@type\":\"ImageObject\",\"inLanguage\":\"it-IT\",\"@id\":\"https:\\\/\\\/www.accuratereviews.com\\\/it\\\/chat-i-migliori-im-lista\\\/wappblaster-recensione\\\/#primaryimage\",\"url\":\"https:\\\/\\\/www.accuratereviews.com\\\/wp-content\\\/uploads\\\/2020\\\/09\\\/Schermata-2020-09-03-alle-12.27.24.png\",\"contentUrl\":\"https:\\\/\\\/www.accuratereviews.com\\\/wp-content\\\/uploads\\\/2020\\\/09\\\/Schermata-2020-09-03-alle-12.27.24.png\",\"width\":556,\"height\":214},{\"@type\":\"BreadcrumbList\",\"@id\":\"https:\\\/\\\/www.accuratereviews.com\\\/it\\\/chat-i-migliori-im-lista\\\/wappblaster-recensione\\\/#breadcrumb\",\"itemListElement\":[{\"@type\":\"ListItem\",\"position\":1,\"name\":\"Home\",\"item\":\"https:\\\/\\\/www.accuratereviews.com\\\/it\\\/\"},{\"@type\":\"ListItem\",\"position\":2,\"name\":\"Chat: I migliori IM\",\"item\":\"https:\\\/\\\/www.accuratereviews.com\\\/it\\\/chat-i-migliori-im-lista\\\/\"},{\"@type\":\"ListItem\",\"position\":3,\"name\":\"Wappblaster\"}]},{\"@type\":\"WebSite\",\"@id\":\"https:\\\/\\\/www.accuratereviews.com\\\/it\\\/#website\",\"url\":\"https:\\\/\\\/www.accuratereviews.com\\\/it\\\/\",\"name\":\"Accurate Reviews\",\"description\":\"\",\"potentialAction\":[{\"@type\":\"SearchAction\",\"target\":{\"@type\":\"EntryPoint\",\"urlTemplate\":\"https:\\\/\\\/www.accuratereviews.com\\\/it\\\/?s={search_term_string}\"},\"query-input\":{\"@type\":\"PropertyValueSpecification\",\"valueRequired\":true,\"valueName\":\"search_term_string\"}}],\"inLanguage\":\"it-IT\"}]}<\/script>\n<!-- \/ Yoast SEO plugin. -->","yoast_head_json":{"title":"Wappblaster: recensione software di messaggistica - Accurate Reviews","description":"Wappblaster: recensione programma di invio di messaggi di massa che consente di inviare messaggi personalizzati a potenziali clienti.","robots":{"index":"index","follow":"follow","max-snippet":"max-snippet:-1","max-image-preview":"max-image-preview:large","max-video-preview":"max-video-preview:-1"},"canonical":"https:\/\/www.accuratereviews.com\/it\/chat-i-migliori-im-lista\/wappblaster-recensione\/","og_locale":"it_IT","og_type":"article","og_title":"Wappblaster: recensione software di messaggistica - Accurate Reviews","og_description":"Wappblaster: recensione programma di invio di messaggi di massa che consente di inviare messaggi personalizzati a potenziali clienti.","og_url":"https:\/\/www.accuratereviews.com\/it\/chat-i-migliori-im-lista\/wappblaster-recensione\/","og_site_name":"Accurate Reviews","article_modified_time":"2024-03-11T14:28:17+00:00","og_image":[{"width":556,"height":214,"url":"https:\/\/www.accuratereviews.com\/wp-content\/uploads\/2020\/09\/Schermata-2020-09-03-alle-12.27.24.png","type":"image\/png"}],"twitter_card":"summary_large_image","twitter_misc":{"Tempo di lettura stimato":"3 minuti"},"schema":{"@context":"https:\/\/schema.org","@graph":[{"@type":"WebPage","@id":"https:\/\/www.accuratereviews.com\/it\/chat-i-migliori-im-lista\/wappblaster-recensione\/","url":"https:\/\/www.accuratereviews.com\/it\/chat-i-migliori-im-lista\/wappblaster-recensione\/","name":"Wappblaster: recensione software di messaggistica - Accurate Reviews","isPartOf":{"@id":"https:\/\/www.accuratereviews.com\/it\/#website"},"primaryImageOfPage":{"@id":"https:\/\/www.accuratereviews.com\/it\/chat-i-migliori-im-lista\/wappblaster-recensione\/#primaryimage"},"image":{"@id":"https:\/\/www.accuratereviews.com\/it\/chat-i-migliori-im-lista\/wappblaster-recensione\/#primaryimage"},"thumbnailUrl":"https:\/\/www.accuratereviews.com\/wp-content\/uploads\/2020\/09\/Schermata-2020-09-03-alle-12.27.24.png","datePublished":"2020-09-07T06:28:08+00:00","dateModified":"2024-03-11T14:28:17+00:00","description":"Wappblaster: recensione programma di invio di messaggi di massa che consente di inviare messaggi personalizzati a potenziali clienti.","breadcrumb":{"@id":"https:\/\/www.accuratereviews.com\/it\/chat-i-migliori-im-lista\/wappblaster-recensione\/#breadcrumb"},"inLanguage":"it-IT","potentialAction":[{"@type":"ReadAction","target":["https:\/\/www.accuratereviews.com\/it\/chat-i-migliori-im-lista\/wappblaster-recensione\/"]}]},{"@type":"ImageObject","inLanguage":"it-IT","@id":"https:\/\/www.accuratereviews.com\/it\/chat-i-migliori-im-lista\/wappblaster-recensione\/#primaryimage","url":"https:\/\/www.accuratereviews.com\/wp-content\/uploads\/2020\/09\/Schermata-2020-09-03-alle-12.27.24.png","contentUrl":"https:\/\/www.accuratereviews.com\/wp-content\/uploads\/2020\/09\/Schermata-2020-09-03-alle-12.27.24.png","width":556,"height":214},{"@type":"BreadcrumbList","@id":"https:\/\/www.accuratereviews.com\/it\/chat-i-migliori-im-lista\/wappblaster-recensione\/#breadcrumb","itemListElement":[{"@type":"ListItem","position":1,"name":"Home","item":"https:\/\/www.accuratereviews.com\/it\/"},{"@type":"ListItem","position":2,"name":"Chat: I migliori IM","item":"https:\/\/www.accuratereviews.com\/it\/chat-i-migliori-im-lista\/"},{"@type":"ListItem","position":3,"name":"Wappblaster"}]},{"@type":"WebSite","@id":"https:\/\/www.accuratereviews.com\/it\/#website","url":"https:\/\/www.accuratereviews.com\/it\/","name":"Accurate Reviews","description":"","potentialAction":[{"@type":"SearchAction","target":{"@type":"EntryPoint","urlTemplate":"https:\/\/www.accuratereviews.com\/it\/?s={search_term_string}"},"query-input":{"@type":"PropertyValueSpecification","valueRequired":true,"valueName":"search_term_string"}}],"inLanguage":"it-IT"}]}},"_links":{"self":[{"href":"https:\/\/www.accuratereviews.com\/it\/wp-json\/wp\/v2\/pages\/30156","targetHints":{"allow":["GET"]}}],"collection":[{"href":"https:\/\/www.accuratereviews.com\/it\/wp-json\/wp\/v2\/pages"}],"about":[{"href":"https:\/\/www.accuratereviews.com\/it\/wp-json\/wp\/v2\/types\/page"}],"author":[{"embeddable":true,"href":"https:\/\/www.accuratereviews.com\/it\/wp-json\/wp\/v2\/users\/19"}],"replies":[{"embeddable":true,"href":"https:\/\/www.accuratereviews.com\/it\/wp-json\/wp\/v2\/comments?post=30156"}],"version-history":[{"count":7,"href":"https:\/\/www.accuratereviews.com\/it\/wp-json\/wp\/v2\/pages\/30156\/revisions"}],"predecessor-version":[{"id":75118,"href":"https:\/\/www.accuratereviews.com\/it\/wp-json\/wp\/v2\/pages\/30156\/revisions\/75118"}],"up":[{"embeddable":true,"href":"https:\/\/www.accuratereviews.com\/it\/wp-json\/wp\/v2\/pages\/5386"}],"wp:featuredmedia":[{"embeddable":true,"href":"https:\/\/www.accuratereviews.com\/it\/wp-json\/wp\/v2\/media\/30157"}],"wp:attachment":[{"href":"https:\/\/www.accuratereviews.com\/it\/wp-json\/wp\/v2\/media?parent=30156"}],"wp:term":[{"taxonomy":"category","embeddable":true,"href":"https:\/\/www.accuratereviews.com\/it\/wp-json\/wp\/v2\/categories?post=30156"},{"taxonomy":"post_tag","embeddable":true,"href":"https:\/\/www.accuratereviews.com\/it\/wp-json\/wp\/v2\/tags?post=30156"},{"taxonomy":"features","embeddable":true,"href":"https:\/\/www.accuratereviews.com\/it\/wp-json\/wp\/v2\/features?post=30156"}],"curies":[{"name":"wp","href":"https:\/\/api.w.org\/{rel}","templated":true}]}}