{"id":30177,"date":"2020-09-07T06:30:13","date_gmt":"2020-09-07T06:30:13","guid":{"rendered":"https:\/\/www.accuratereviews.com\/?page_id=30177"},"modified":"2024-03-11T14:30:50","modified_gmt":"2024-03-11T14:30:50","slug":"eltropy-recensione","status":"publish","type":"page","link":"https:\/\/www.accuratereviews.com\/it\/chat-i-migliori-im-lista\/eltropy-recensione\/","title":{"rendered":"Eltropy"},"content":{"rendered":"<p><strong>Eltropy<\/strong> \u00e8 un<strong> software di gestione dei clienti<\/strong> che integra le funzionalit\u00e0 principali di servizi finanziari, vendite e marketing e acquisto in un&#8217;unica piattaforma completa. In qualit\u00e0 di fornitore di soluzioni di servizi finanziari, il software aiuta le aziende a fidelizzare i clienti approfondendo e migliorando le relazioni con i clienti attraverso una <strong>migliore comunicazione,<\/strong> gestione delle informazioni e automazione di attivit\u00e0 che richiedono molto tempo come chiamate telefoniche ed email di follow-up.\u00a0<strong>Eltropy<\/strong> aiuta a migliorare gli sforzi e i risultati di vendita e marketing semplificando la gestione e la diffusione delle informazioni all&#8217;interno dell&#8217;organizzazione e facilitando l&#8217;accesso di clienti e potenziali clienti a contenuti belli e accattivanti. Il software \u00e8 progettato per ridurre il tempo necessario per telefonate, email e riunioni e coinvolgere invece i clienti attraverso canali di comunicazione migliori e tracciabili.<\/p>\n<h2>ELTROPY &#8211; TUTORIAL<\/h2>\n<p>Ecco un video in cui mostra le principali funzioni di questo <strong>software di messaggistica<\/strong> e gestione clienti:<\/p>\n<div id=\"fluid-wrapper-counter-1\" class=\"g1-fluid-wrapper \" style=\"width:686px;\">\n<div style=\"padding-bottom:56.268221574344%;\"><iframe loading=\"lazy\" title=\"Text Messaging for Credit Unions\" width=\"686\" height=\"386\" src=\"https:\/\/www.youtube.com\/embed\/v8_p2GC-tyM?feature=oembed&amp;wmode=transparent&amp;autohide=1&amp;autoplay=0&amp;disablekb=0&amp;fs=1&amp;loop=0&amp;enablejsapi=1&amp;rel=0&amp;controls=2&amp;showinfo=0&amp;wmode=transparent&amp;autohide=2&amp;autoplay=0&amp;disablekb=0&amp;fs=1&amp;loop=0&amp;enablejsapi=1&amp;rel=0&amp;controls=2&amp;showinfo=1\" frameborder=\"0\" allow=\"accelerometer; autoplay; encrypted-media; gyroscope; picture-in-picture\" allowfullscreen><\/iframe><\/div>\n<\/div>\n<h3>ELTROPY &#8211; CARATTERISTICHE<\/h3>\n<ul>\n<li><strong>Testi a due vie<\/strong>: interagisci in modo rapido ed efficiente con i membri con conversazioni di testo 1: 1 sicure e conformi<\/li>\n<li><strong>Avvisi di testo<\/strong>: invia richieste di prestito e promemoria di pagamento del debito, aggiornamenti sullo stato del prestito e altro ancora<\/li>\n<li><strong>Risposta automatica<\/strong>: imposta risposte automatiche quando i dipendenti non sono disponibili o fuori sede<\/li>\n<li><strong>Facilit\u00e0 d&#8217;uso<\/strong>: ricevi avvisi istantanei e assegna conversazioni ai dipendenti quando vengono visualizzati nuovi messaggi<\/li>\n<li><strong>DocuSign<\/strong>: invia documenti tramite testo per una firma elettronica rapida e sicura<\/li>\n<li><strong>Testi di gruppo<\/strong>: avvia campagne di messaggi di testo \/ SMS di gruppo con membri che hanno aderito<\/li>\n<li><strong>Sicurezza<\/strong>: raccogli documenti di prestito, patenti di guida e altro con un link sicuro inviato tramite testo<\/li>\n<li><strong>Consenso registrato<\/strong>: registra tutti gli opt-in e opt-out per garantire la conformit\u00e0 per l&#8217;invio di messaggi di gruppo<\/li>\n<li><strong>Informazioni approfondite sui membri:<\/strong> scopri chi ha visualizzato i contenuti, per quanto tempo si sono impegnati, se li hanno inoltrati e altro ancora<\/li>\n<li><strong>Accessibilit\u00e0<\/strong>: tutti i team rivolti ai membri possono accedere ai rapporti e alle analisi sul coinvolgimento dei membri in qualsiasi momento<\/li>\n<li><strong>CMS integrato<\/strong>: condividi in modo semplice ed efficiente i contenuti pertinenti con i membri tramite testo. Ci\u00f2 pu\u00f2 aumentare la probabilit\u00e0 che il contenuto venga consumato<\/li>\n<li><strong>Integrazione<\/strong>: si integra facilmente con Google Drive, SharePoint e altri sistemi di repository di contenuti<\/li>\n<li><strong>Modelli<\/strong>: condividi rapidamente i contenuti pertinenti con modelli di testo personalizzati e modificabili<\/li>\n<\/ul>\n<h4>LE RECENSIONI DEGLI UTENTI<\/h4>\n<h4 class=\"font-weight-bold mb-1 d-flex align-items-center\">Tamara H.<span style=\"font-size: 16px;\">&#8220;Cliente estremamente soddisfatto&#8221;<\/span><\/h4>\n<div class=\"i18n-translation_container review-card pt-4 py-3 py-md-5 border-bottom border-primary i18n-translation_translated\" data-translation-id=\"2335423\" data-translation-target=\"original\" data-container-view=\"ca-review\">\n<div class=\"container\">\n<div class=\"row\">\n<div class=\"col-lg-6 pl-lg-5\">\n<p><strong>Commenti: <\/strong>\u00c8 meraviglioso lavorare con Eltropy. Sono davvero in cima alle cose, si preoccupano del loro prodotto e si preoccupano dei loro clienti. Sono ben informati e hanno idee molto creative. Una delle cose migliori del lavorare con Eltropy \u00e8 quanto sono aperti alle nostre idee per migliorare il loro prodotto. Hanno gi\u00e0 incorporato molte delle nostre idee e aggiornato il loro prodotto in base al nostro feedback. Sono di gran lunga il mio fornitore preferito con cui lavorare.<\/p>\n<p><strong>Vantaggi: <\/strong>Avere la possibilit\u00e0 di condividere i file in modo sicuro \u00e8 stato il loro principale punto di forza. Questo \u00e8 qualcosa che era importante per noi e altre opzioni che abbiamo esaminato non avevano questa funzione. Anche essere in grado di integrarsi con il nostro core \u00e8 stato fondamentale. Essere in grado di monitorare gli opt-in nel nostro core \u00e8 fondamentale. L&#8217;invio di messaggi di massa \u00e8 molto semplice, ed era anche qualcosa di cui avevamo bisogno che Eltropy facesse bene. Mi piace molto il fatto che tu possa salvare risposte basate su modelli affinch\u00e9 il nostro team possa utilizzarle. Questo aiuta con efficienza e coerenza nel rispondere ai nostri membri.<\/p>\n<p><strong>Inconvenienti: <\/strong>Ci auguriamo che possa funzionare con la nostra attuale soluzione per l&#8217;instradamento di chiamate e chat ai nostri rappresentanti del servizio membri. Questo \u00e8 qualcosa che speriamo di poter fare in futuro.<\/p>\n<h4 class=\"font-weight-bold mb-1 d-flex align-items-center\">Olivia W.&#8221;Grande!&#8221;<\/h4>\n<p><strong>Vantaggi: <\/strong>Mi piace che sia facile da usare e abbastanza facile da imparare. Ci consente di comunicare con i nostri clienti in un modo nuovo, fornendo risposte pi\u00f9 rapide con lo stesso livello di servizio del telefono.<\/p>\n<p><strong>Inconvenienti: <\/strong>Non sono sicuro che il software \u00a0oi nostri amministratori abbiano la capacit\u00e0, ma mi piacerebbe vedere i messaggi di spam filtrati meglio.<\/p>\n<\/div>\n<\/div>\n<\/div>\n<\/div>\n<div class=\"i18n-translation_container review-card pt-4 py-3 py-md-5 border-bottom border-primary\" data-translation-id=\"2332173\" data-translation-target=\"translated\" data-container-view=\"ca-review\">\n<div class=\"container\">\n<div class=\"row\">\n<div class=\"col-lg-6 pr-lg-5\">\n<div class=\"row mb-4\">\n<h4 class=\"col-auto\">Glizett D.&#8221;Recensione&#8221;<\/h4>\n<p><strong>Commenti: <\/strong>Nel complesso un ottimo programma. Problema minore elencato sopra.<\/p>\n<p><strong>Vantaggi: <\/strong>Mi piace l&#8217;opzione di risposte gi\u00e0 digitate. Ci rende tutto molto pi\u00f9 facile.<\/p>\n<p><strong>Inconvenienti: <\/strong>La mia parte meno preferita sarebbe che, quando apro per la prima volta il programma, ci vuole molto tempo per caricare le conversazioni<\/p>\n<\/div>\n<\/div>\n<\/div>\n<\/div>\n<\/div>\n","protected":false},"excerpt":{"rendered":"<p>Eltropy \u00e8 un software di gestione dei clienti che integra le funzionalit\u00e0 principali di servizi finanziari, vendite e marketing e acquisto in un&#8217;unica piattaforma completa. In qualit\u00e0 di fornitore di soluzioni di servizi finanziari, il software aiuta le aziende a fidelizzare i clienti approfondendo e migliorando le relazioni con i clienti attraverso una migliore comunicazione, gestione delle informazioni e automazione di attivit\u00e0 che richiedono molto tempo come chiamate telefoniche ed email di follow-up.\u00a0<\/p>\n","protected":false},"author":19,"featured_media":30178,"parent":5386,"menu_order":0,"comment_status":"open","ping_status":"closed","template":"g1_template_page_review_new.php","meta":{"_acf_changed":false,"cwp_meta_box_check":"Yes","cwp_rev_product_name":"","cwp_rev_product_image":"","wppr_links":[],"cwp_rev_price":"","wppr_options":[{"name":"Usability","value":"0"},{"name":"Speed","value":"0"},{"name":"Features","value":"0"},{"name":"Support","value":"0"},{"name":"Pricing","value":"0"}],"wppr_pros":["","","","",""],"wppr_cons":["","","","",""],"_monsterinsights_skip_tracking":false,"_monsterinsights_sitenote_active":false,"_monsterinsights_sitenote_note":"","_monsterinsights_sitenote_category":0,"footnotes":""},"categories":[95],"tags":[3600,3550,3567,835,3566,834,3569,3544,3548],"features":[],"class_list":{"0":"post-30177","1":"page","2":"type-page","3":"status-publish","4":"has-post-thumbnail","6":"category-chat-im","7":"tag-eltropy","8":"tag-piattaforma-chat","9":"tag-piattaforma-messaggistica","10":"tag-programma-chat","11":"tag-programma-messaggistica","12":"tag-software-chat","13":"tag-software-messaggistica","14":"tag-soluzione-chat","15":"tag-soluzione-messaggistica"},"wppr_data":{"cwp_meta_box_check":"Yes","cwp_rev_product_name":"","_wppr_review_template":"default","cwp_rev_product_image":"","cwp_image_link":"image","wppr_links":[],"cwp_rev_price":"","wppr_pros":["","","","",""],"wppr_cons":["","","","",""],"wppr_rating":"0.00","wppr_options":{"1":{"name":"Usability","value":"0"},"2":{"name":"Speed","value":"0"},"3":{"name":"Features","value":"0"},"4":{"name":"Support","value":"0"},"5":{"name":"Pricing","value":"0"}},"wppr_review_type":"Product","wppr_review_custom_fields":{"additionalProperty":"","additionalType":"","aggregateRating":"","alternateName":"","audience":"","award":"","awards":"","brand":"","color":"","depth":"","description":"","disambiguatingDescription":"","gtin12":"","gtin13":"","gtin14":"","gtin8":"","height":"","identifier":"","image":"","isAccessoryOrSparePartFor":"","isConsumableFor":"","isRelatedTo":"","isSimilarTo":"","itemCondition":"","logo":"","mainEntityOfPage":"","manufacturer":"","material":"","model":"","mpn":"","name":"","offers":"","potentialAction":"","productID":"","productionDate":"","purchaseDate":"","releaseDate":"","review":"","reviews":"","sameAs":"","sku":"","slogan":"","subjectOf":"","url":"","weight":"","width":""}},"acf":[],"yoast_head":"<!-- This site is optimized with the Yoast SEO plugin v27.4 - https:\/\/yoast.com\/product\/yoast-seo-wordpress\/ -->\n<title>Eltropy: recensione software di messaggistica - Accurate Reviews<\/title>\n<meta name=\"description\" content=\"Eltropy: recensione software di chat per fidelizzare i clienti approfondendo e migliorando le relazioni con essi attraverso la comunicazione.\u00a0\" \/>\n<meta name=\"robots\" content=\"index, follow, max-snippet:-1, max-image-preview:large, max-video-preview:-1\" \/>\n<link rel=\"canonical\" href=\"https:\/\/www.accuratereviews.com\/it\/chat-i-migliori-im-lista\/eltropy-recensione\/\" \/>\n<meta property=\"og:locale\" content=\"it_IT\" \/>\n<meta property=\"og:type\" content=\"article\" \/>\n<meta property=\"og:title\" content=\"Eltropy: recensione software di messaggistica - Accurate Reviews\" \/>\n<meta property=\"og:description\" content=\"Eltropy: recensione software di chat per fidelizzare i clienti approfondendo e migliorando le relazioni con essi attraverso la comunicazione.\u00a0\" \/>\n<meta property=\"og:url\" content=\"https:\/\/www.accuratereviews.com\/it\/chat-i-migliori-im-lista\/eltropy-recensione\/\" \/>\n<meta property=\"og:site_name\" content=\"Accurate Reviews\" \/>\n<meta property=\"article:modified_time\" content=\"2024-03-11T14:30:50+00:00\" \/>\n<meta property=\"og:image\" content=\"https:\/\/www.accuratereviews.com\/wp-content\/uploads\/2020\/09\/Eltropy-Logo.jpg\" \/>\n\t<meta property=\"og:image:width\" content=\"400\" \/>\n\t<meta property=\"og:image:height\" content=\"200\" \/>\n\t<meta property=\"og:image:type\" content=\"image\/jpeg\" \/>\n<meta name=\"twitter:card\" content=\"summary_large_image\" \/>\n<meta name=\"twitter:label1\" content=\"Tempo di lettura stimato\" \/>\n\t<meta name=\"twitter:data1\" content=\"5 minuti\" \/>\n<script type=\"application\/ld+json\" class=\"yoast-schema-graph\">{\"@context\":\"https:\\\/\\\/schema.org\",\"@graph\":[{\"@type\":\"WebPage\",\"@id\":\"https:\\\/\\\/www.accuratereviews.com\\\/it\\\/chat-i-migliori-im-lista\\\/eltropy-recensione\\\/\",\"url\":\"https:\\\/\\\/www.accuratereviews.com\\\/it\\\/chat-i-migliori-im-lista\\\/eltropy-recensione\\\/\",\"name\":\"Eltropy: recensione software di messaggistica - Accurate Reviews\",\"isPartOf\":{\"@id\":\"https:\\\/\\\/www.accuratereviews.com\\\/it\\\/#website\"},\"primaryImageOfPage\":{\"@id\":\"https:\\\/\\\/www.accuratereviews.com\\\/it\\\/chat-i-migliori-im-lista\\\/eltropy-recensione\\\/#primaryimage\"},\"image\":{\"@id\":\"https:\\\/\\\/www.accuratereviews.com\\\/it\\\/chat-i-migliori-im-lista\\\/eltropy-recensione\\\/#primaryimage\"},\"thumbnailUrl\":\"https:\\\/\\\/www.accuratereviews.com\\\/wp-content\\\/uploads\\\/2020\\\/09\\\/Eltropy-Logo.jpg\",\"datePublished\":\"2020-09-07T06:30:13+00:00\",\"dateModified\":\"2024-03-11T14:30:50+00:00\",\"description\":\"Eltropy: recensione software di chat per fidelizzare i clienti approfondendo e migliorando le relazioni con essi attraverso la comunicazione.\u00a0\",\"breadcrumb\":{\"@id\":\"https:\\\/\\\/www.accuratereviews.com\\\/it\\\/chat-i-migliori-im-lista\\\/eltropy-recensione\\\/#breadcrumb\"},\"inLanguage\":\"it-IT\",\"potentialAction\":[{\"@type\":\"ReadAction\",\"target\":[\"https:\\\/\\\/www.accuratereviews.com\\\/it\\\/chat-i-migliori-im-lista\\\/eltropy-recensione\\\/\"]}]},{\"@type\":\"ImageObject\",\"inLanguage\":\"it-IT\",\"@id\":\"https:\\\/\\\/www.accuratereviews.com\\\/it\\\/chat-i-migliori-im-lista\\\/eltropy-recensione\\\/#primaryimage\",\"url\":\"https:\\\/\\\/www.accuratereviews.com\\\/wp-content\\\/uploads\\\/2020\\\/09\\\/Eltropy-Logo.jpg\",\"contentUrl\":\"https:\\\/\\\/www.accuratereviews.com\\\/wp-content\\\/uploads\\\/2020\\\/09\\\/Eltropy-Logo.jpg\",\"width\":400,\"height\":200},{\"@type\":\"BreadcrumbList\",\"@id\":\"https:\\\/\\\/www.accuratereviews.com\\\/it\\\/chat-i-migliori-im-lista\\\/eltropy-recensione\\\/#breadcrumb\",\"itemListElement\":[{\"@type\":\"ListItem\",\"position\":1,\"name\":\"Home\",\"item\":\"https:\\\/\\\/www.accuratereviews.com\\\/it\\\/\"},{\"@type\":\"ListItem\",\"position\":2,\"name\":\"Chat: I migliori IM\",\"item\":\"https:\\\/\\\/www.accuratereviews.com\\\/it\\\/chat-i-migliori-im-lista\\\/\"},{\"@type\":\"ListItem\",\"position\":3,\"name\":\"Eltropy\"}]},{\"@type\":\"WebSite\",\"@id\":\"https:\\\/\\\/www.accuratereviews.com\\\/it\\\/#website\",\"url\":\"https:\\\/\\\/www.accuratereviews.com\\\/it\\\/\",\"name\":\"Accurate Reviews\",\"description\":\"\",\"potentialAction\":[{\"@type\":\"SearchAction\",\"target\":{\"@type\":\"EntryPoint\",\"urlTemplate\":\"https:\\\/\\\/www.accuratereviews.com\\\/it\\\/?s={search_term_string}\"},\"query-input\":{\"@type\":\"PropertyValueSpecification\",\"valueRequired\":true,\"valueName\":\"search_term_string\"}}],\"inLanguage\":\"it-IT\"}]}<\/script>\n<!-- \/ Yoast SEO plugin. -->","yoast_head_json":{"title":"Eltropy: recensione software di messaggistica - Accurate Reviews","description":"Eltropy: recensione software di chat per fidelizzare i clienti approfondendo e migliorando le relazioni con essi attraverso la comunicazione.\u00a0","robots":{"index":"index","follow":"follow","max-snippet":"max-snippet:-1","max-image-preview":"max-image-preview:large","max-video-preview":"max-video-preview:-1"},"canonical":"https:\/\/www.accuratereviews.com\/it\/chat-i-migliori-im-lista\/eltropy-recensione\/","og_locale":"it_IT","og_type":"article","og_title":"Eltropy: recensione software di messaggistica - Accurate Reviews","og_description":"Eltropy: recensione software di chat per fidelizzare i clienti approfondendo e migliorando le relazioni con essi attraverso la comunicazione.\u00a0","og_url":"https:\/\/www.accuratereviews.com\/it\/chat-i-migliori-im-lista\/eltropy-recensione\/","og_site_name":"Accurate Reviews","article_modified_time":"2024-03-11T14:30:50+00:00","og_image":[{"width":400,"height":200,"url":"https:\/\/www.accuratereviews.com\/wp-content\/uploads\/2020\/09\/Eltropy-Logo.jpg","type":"image\/jpeg"}],"twitter_card":"summary_large_image","twitter_misc":{"Tempo di lettura stimato":"5 minuti"},"schema":{"@context":"https:\/\/schema.org","@graph":[{"@type":"WebPage","@id":"https:\/\/www.accuratereviews.com\/it\/chat-i-migliori-im-lista\/eltropy-recensione\/","url":"https:\/\/www.accuratereviews.com\/it\/chat-i-migliori-im-lista\/eltropy-recensione\/","name":"Eltropy: recensione software di messaggistica - Accurate Reviews","isPartOf":{"@id":"https:\/\/www.accuratereviews.com\/it\/#website"},"primaryImageOfPage":{"@id":"https:\/\/www.accuratereviews.com\/it\/chat-i-migliori-im-lista\/eltropy-recensione\/#primaryimage"},"image":{"@id":"https:\/\/www.accuratereviews.com\/it\/chat-i-migliori-im-lista\/eltropy-recensione\/#primaryimage"},"thumbnailUrl":"https:\/\/www.accuratereviews.com\/wp-content\/uploads\/2020\/09\/Eltropy-Logo.jpg","datePublished":"2020-09-07T06:30:13+00:00","dateModified":"2024-03-11T14:30:50+00:00","description":"Eltropy: recensione software di chat per fidelizzare i clienti approfondendo e migliorando le relazioni con essi attraverso la comunicazione.\u00a0","breadcrumb":{"@id":"https:\/\/www.accuratereviews.com\/it\/chat-i-migliori-im-lista\/eltropy-recensione\/#breadcrumb"},"inLanguage":"it-IT","potentialAction":[{"@type":"ReadAction","target":["https:\/\/www.accuratereviews.com\/it\/chat-i-migliori-im-lista\/eltropy-recensione\/"]}]},{"@type":"ImageObject","inLanguage":"it-IT","@id":"https:\/\/www.accuratereviews.com\/it\/chat-i-migliori-im-lista\/eltropy-recensione\/#primaryimage","url":"https:\/\/www.accuratereviews.com\/wp-content\/uploads\/2020\/09\/Eltropy-Logo.jpg","contentUrl":"https:\/\/www.accuratereviews.com\/wp-content\/uploads\/2020\/09\/Eltropy-Logo.jpg","width":400,"height":200},{"@type":"BreadcrumbList","@id":"https:\/\/www.accuratereviews.com\/it\/chat-i-migliori-im-lista\/eltropy-recensione\/#breadcrumb","itemListElement":[{"@type":"ListItem","position":1,"name":"Home","item":"https:\/\/www.accuratereviews.com\/it\/"},{"@type":"ListItem","position":2,"name":"Chat: I migliori IM","item":"https:\/\/www.accuratereviews.com\/it\/chat-i-migliori-im-lista\/"},{"@type":"ListItem","position":3,"name":"Eltropy"}]},{"@type":"WebSite","@id":"https:\/\/www.accuratereviews.com\/it\/#website","url":"https:\/\/www.accuratereviews.com\/it\/","name":"Accurate Reviews","description":"","potentialAction":[{"@type":"SearchAction","target":{"@type":"EntryPoint","urlTemplate":"https:\/\/www.accuratereviews.com\/it\/?s={search_term_string}"},"query-input":{"@type":"PropertyValueSpecification","valueRequired":true,"valueName":"search_term_string"}}],"inLanguage":"it-IT"}]}},"_links":{"self":[{"href":"https:\/\/www.accuratereviews.com\/it\/wp-json\/wp\/v2\/pages\/30177","targetHints":{"allow":["GET"]}}],"collection":[{"href":"https:\/\/www.accuratereviews.com\/it\/wp-json\/wp\/v2\/pages"}],"about":[{"href":"https:\/\/www.accuratereviews.com\/it\/wp-json\/wp\/v2\/types\/page"}],"author":[{"embeddable":true,"href":"https:\/\/www.accuratereviews.com\/it\/wp-json\/wp\/v2\/users\/19"}],"replies":[{"embeddable":true,"href":"https:\/\/www.accuratereviews.com\/it\/wp-json\/wp\/v2\/comments?post=30177"}],"version-history":[{"count":7,"href":"https:\/\/www.accuratereviews.com\/it\/wp-json\/wp\/v2\/pages\/30177\/revisions"}],"predecessor-version":[{"id":75120,"href":"https:\/\/www.accuratereviews.com\/it\/wp-json\/wp\/v2\/pages\/30177\/revisions\/75120"}],"up":[{"embeddable":true,"href":"https:\/\/www.accuratereviews.com\/it\/wp-json\/wp\/v2\/pages\/5386"}],"wp:featuredmedia":[{"embeddable":true,"href":"https:\/\/www.accuratereviews.com\/it\/wp-json\/wp\/v2\/media\/30178"}],"wp:attachment":[{"href":"https:\/\/www.accuratereviews.com\/it\/wp-json\/wp\/v2\/media?parent=30177"}],"wp:term":[{"taxonomy":"category","embeddable":true,"href":"https:\/\/www.accuratereviews.com\/it\/wp-json\/wp\/v2\/categories?post=30177"},{"taxonomy":"post_tag","embeddable":true,"href":"https:\/\/www.accuratereviews.com\/it\/wp-json\/wp\/v2\/tags?post=30177"},{"taxonomy":"features","embeddable":true,"href":"https:\/\/www.accuratereviews.com\/it\/wp-json\/wp\/v2\/features?post=30177"}],"curies":[{"name":"wp","href":"https:\/\/api.w.org\/{rel}","templated":true}]}}