{"id":30275,"date":"2020-09-14T12:40:37","date_gmt":"2020-09-14T12:40:37","guid":{"rendered":"https:\/\/www.accuratereviews.com\/?page_id=30275"},"modified":"2021-02-03T16:30:48","modified_gmt":"2021-02-03T16:30:48","slug":"gotomeeting-recensione","status":"publish","type":"page","link":"https:\/\/www.accuratereviews.com\/it\/piattaforme-didattica-distanza\/gotomeeting-recensione\/","title":{"rendered":"GoToMeeting"},"content":{"rendered":"<p><strong>GoToMeeting<\/strong> \u00e8 uno strumento di <strong>web conferencing<\/strong> che consente agli utenti di ospitare una riunione online con un massimo di 250 partecipanti. Gli utenti possono condividere qualsiasi applicazione sul proprio computer in tempo reale. La soluzione offre videoconferenze ad alta definizione e riunioni illimitate con colleghi in remoto. I partecipanti possono connettersi alle riunioni dal proprio Mac, PC, iPad, iPhone o dispositivo Android.\u00a0I leader possono avviare una riunione immediatamente facendo clic su &#8220;Incontra ora&#8221;, pianificare una riunione in anticipo o creare una riunione ricorrente pronta per l&#8217;uso in qualsiasi momento. Ospiti e partecipanti si uniscono alle riunioni gratuitamente; e anche le app sono gratuite. I partecipanti devono semplicemente fare clic sul collegamento alla riunione fornito tramite email o messaggio istantaneo oppure immettere un ID riunione fornito loro tramite telefono. L&#8217;organizzatore della riunione pu\u00f2 condividere l&#8217;intero schermo o scegliere di mostrare solo un&#8217;applicazione specifica, comprese le videoconferenze ad alta definizione.<\/p>\n<h2>GOTOMEETING &#8211; TUTORIAL<\/h2>\n<p>Guardiamo come creare una riunione con questo <strong>software di didattica a distanza<\/strong>:<\/p>\n<div id=\"fluid-wrapper-counter-1\" class=\"g1-fluid-wrapper \" style=\"width:686px;\">\n<div style=\"padding-bottom:56.268221574344%;\"><iframe loading=\"lazy\" title=\"Come Creare riunioni e partecipare GoToMeeting\" width=\"515\" height=\"386\" src=\"https:\/\/www.youtube.com\/embed\/8IT-Lj-A0YI?feature=oembed&amp;wmode=transparent&amp;autohide=1&amp;autoplay=0&amp;disablekb=0&amp;fs=1&amp;loop=0&amp;enablejsapi=1&amp;rel=0&amp;controls=2&amp;showinfo=0&amp;wmode=transparent&amp;autohide=2&amp;autoplay=0&amp;disablekb=0&amp;fs=1&amp;loop=0&amp;enablejsapi=1&amp;rel=0&amp;controls=2&amp;showinfo=1\" frameborder=\"0\" allow=\"accelerometer; autoplay; clipboard-write; encrypted-media; gyroscope; picture-in-picture\" allowfullscreen><\/iframe><\/div>\n<\/div>\n<h3>GOTOMEETING &#8211; CARATTERISTICHE<\/h3>\n<div class=\"g2m-header__nav-drawer-column\">\n<div class=\"g2m-header__nav-drawer-content\">\n<div class=\"text-image__item\">\n<ul>\n<li class=\"text-image__subheadline\"><strong>Ideale per riunioni online<\/strong>: basta un PC, un Mac o un dispositivo mobile per tenere e gestire conferenze web, audio e video o parteciparvi da un ufficio, una sala conferenze o qualsiasi altra localit\u00e0 remota<\/li>\n<li class=\"text-image__subheadline\"><strong>Crea un\u2019area riunioni velocemente<\/strong>: bastano pochi minuti e la tua sala conferenze diventa un centro di collaborazione grazie a GoToRoom, la nostra soluzione conveniente e pronta all\u2019uso<\/li>\n<li class=\"text-image__subheadline\"><strong>Scalabilit\u00e0 in base alle dimensioni aziendali<\/strong>: trasforma i tuoi eventi online in esperienze coinvolgenti che tu e gli altri partecipanti non vedrete l\u2019ora di vivere<\/li>\n<li class=\"text-image__subheadline\"><strong>Modalit\u00e0 pendolare<\/strong>: tieni riunioni o partecipa in mobilit\u00e0 e salvarne i dati in tutta tranquillit\u00e0, grazie a un\u2019esperienza affidabile e priva di distrazioni<\/li>\n<li class=\"text-image__subheadline\"><strong>Comandi vocali<\/strong>: ti piacerebbe avviare una riunione online o prendere parte a una conferenza audio all\u2019istante? Basta chiederlo a Siri<\/li>\n<li class=\"text-image__subheadline\"><strong>Registrazioni nel cloud:<\/strong> non c\u2019\u00e8 bisogno di prendere appunti mentre tieni una riunione in mobilit\u00e0: la registrazione nel cloud adesso \u00e8 disponibile sull\u2019app per dispositivi mobili<\/li>\n<\/ul>\n<h4>LE RECENSIONI DEGLI UTENTI<\/h4>\n<h4 class=\"font-weight-bold mb-1 d-flex align-items-center\">Jorge B.&#8221;Buona soluzione per riunioni e presentazioni online&#8221;<\/h4>\n<p><strong>Commenti: <\/strong>Ho uffici, clienti, account manager, partner e persino sviluppatori in diversi paesi. Con questa soluzione posso tenere riunioni o presentazioni in tutto il mondo in cui ho una connessione a Internet.\u00a0La soluzione pu\u00f2 essere connessa tramite Internet o telefonata, posso condividere lo schermo della mia webcam e posso salvare la riunione, per tenerne traccia.<\/p>\n<p><strong>Vantaggi: <\/strong>Ho provato altre soluzioni e per me il meglio di questa soluzione \u00e8 quanto sia facile accedere alla conferenza per i miei clienti. Basta un clic e sono all&#8217;interno della conferenza.<\/p>\n<p><strong>Inconvenienti: <\/strong>Vorrei inviare inviti ai miei clienti dalla stessa interfaccia anzich\u00e9 copiare e incollare il contenuto dell&#8217;accesso. Ha plugin con le principali soluzioni di posta come Outlook e GMail, ma a volte perch\u00e9 sono in un cliente con regole di posta elettronica firewall che non mi permettono di accedere al mio server da outllok ma solo tramite webmail, devo creare la conferenza da un sito copia e incolla e invia gli inviti dalla mia webmail.<\/p>\n<h4 class=\"font-weight-bold mb-1 d-flex align-items-center\">Maurice M.&#8221;GoToMeeting per audio, video e conferenze Web&#8221;<\/h4>\n<p><strong>Commenti: <\/strong>Le conferenze audio, video e web sono state avanzate da GoToMeeting.<\/p>\n<p><strong>Vantaggi: <\/strong>Rendo omaggio al venditore per le grandi cose che hanno aggiornato su GTM.\u00a0Dispone di videoconferenze avanzate in tutti i dipartimenti della nostra agenzia.<\/p>\n<p><strong>Inconvenienti: <\/strong>GoToMeeting non ha nulla che non mi sia piaciuto.<\/p>\n<h4 class=\"font-weight-bold mb-1 d-flex align-items-center\">Christopher D.&#8221;Uno dei migliori strumenti di videoconferenza che ho usato&#8221;<\/h4>\n<p><strong>Commenti: <\/strong>Il tempo limitato che abbiamo usato GoToMeeting \u00e8 stato eccezionale e il prezzo lo ha reso un valore cos\u00ec grande.<\/p>\n<p><strong>Vantaggi: <\/strong>Il prezzo ha attratto e la qualit\u00e0 lo rende una delle migliori soluzioni di videoconferenza che ho usato.<\/p>\n<p><strong>Inconvenienti: <\/strong>Le funzionalit\u00e0 non erano davvero un problema, ma l&#8217;uso diffuso tra i colleghi non consentiva all&#8217;intero college di adottare questo programma.<\/p>\n<\/div>\n<\/div>\n<\/div>\n","protected":false},"excerpt":{"rendered":"<p>GoToMeeting \u00e8 uno strumento di web conferencing che consente agli utenti di ospitare una riunione online con un massimo di 250 partecipanti. Gli utenti possono condividere qualsiasi applicazione sul proprio computer in tempo reale. La soluzione offre videoconferenze ad alta definizione e riunioni illimitate con colleghi in remoto. I partecipanti possono connettersi alle riunioni dal proprio Mac, PC, iPad, iPhone o dispositivo Android.<\/p>\n","protected":false},"author":19,"featured_media":30281,"parent":30279,"menu_order":0,"comment_status":"open","ping_status":"closed","template":"g1_template_page_review_new.php","meta":{"_acf_changed":false,"cwp_meta_box_check":"Yes","cwp_rev_product_name":"","cwp_rev_product_image":"","wppr_links":[],"cwp_rev_price":"","wppr_options":[],"wppr_pros":[],"wppr_cons":[],"_monsterinsights_skip_tracking":false,"_monsterinsights_sitenote_active":false,"_monsterinsights_sitenote_note":"","_monsterinsights_sitenote_category":0,"footnotes":""},"categories":[3634],"tags":[3640,3636,3639,3637,3638,3635],"features":[],"class_list":{"0":"post-30275","1":"page","2":"type-page","3":"status-publish","4":"has-post-thumbnail","6":"category-piattaforme-per-la-didattica-a-distanza-categoria","7":"tag-gotomeeting","8":"tag-piattaforma-per-la-didattica-a-distanza","9":"tag-programma-di-didattica-a-distanza","10":"tag-software-di-didattica-a-distanza","11":"tag-soluzione-di-didattica-a-distanza","12":"tag-web-conferencing-software"},"wppr_data":{"cwp_meta_box_check":"Yes","cwp_rev_product_name":"","cwp_rev_product_image":"","cwp_image_link":"image","cwp_rev_price":"","wppr_rating":"0.00"},"acf":[],"yoast_head":"<!-- This site is optimized with the Yoast SEO plugin v27.4 - https:\/\/yoast.com\/product\/yoast-seo-wordpress\/ -->\n<title>GoToMeeting: recensione software formazione a distanza<\/title>\n<meta name=\"description\" content=\"GoToMeeting: recensione strumento di web conferencing che consente agli utenti di ospitare una riunione online con massimo di 250 studenti.\" \/>\n<meta name=\"robots\" content=\"index, follow, max-snippet:-1, max-image-preview:large, max-video-preview:-1\" \/>\n<link rel=\"canonical\" href=\"https:\/\/www.accuratereviews.com\/it\/piattaforme-didattica-distanza\/gotomeeting-recensione\/\" \/>\n<meta property=\"og:locale\" content=\"it_IT\" \/>\n<meta property=\"og:type\" content=\"article\" \/>\n<meta property=\"og:title\" content=\"GoToMeeting: recensione software formazione a distanza\" \/>\n<meta property=\"og:description\" content=\"GoToMeeting: recensione strumento di web conferencing che consente agli utenti di ospitare una riunione online con massimo di 250 studenti.\" \/>\n<meta property=\"og:url\" content=\"https:\/\/www.accuratereviews.com\/it\/piattaforme-didattica-distanza\/gotomeeting-recensione\/\" \/>\n<meta property=\"og:site_name\" content=\"Accurate Reviews\" \/>\n<meta property=\"article:modified_time\" content=\"2021-02-03T16:30:48+00:00\" \/>\n<meta property=\"og:image\" content=\"https:\/\/www.accuratereviews.com\/wp-content\/uploads\/2020\/09\/GoToMeeting.jpg\" \/>\n\t<meta property=\"og:image:width\" content=\"372\" \/>\n\t<meta property=\"og:image:height\" content=\"300\" \/>\n\t<meta property=\"og:image:type\" content=\"image\/jpeg\" \/>\n<meta name=\"twitter:card\" content=\"summary_large_image\" \/>\n<meta name=\"twitter:label1\" content=\"Tempo di lettura stimato\" \/>\n\t<meta name=\"twitter:data1\" content=\"3 minuti\" \/>\n<script type=\"application\/ld+json\" class=\"yoast-schema-graph\">{\"@context\":\"https:\\\/\\\/schema.org\",\"@graph\":[{\"@type\":\"WebPage\",\"@id\":\"https:\\\/\\\/www.accuratereviews.com\\\/it\\\/piattaforme-didattica-distanza\\\/gotomeeting-recensione\\\/\",\"url\":\"https:\\\/\\\/www.accuratereviews.com\\\/it\\\/piattaforme-didattica-distanza\\\/gotomeeting-recensione\\\/\",\"name\":\"GoToMeeting: recensione software formazione a distanza\",\"isPartOf\":{\"@id\":\"https:\\\/\\\/www.accuratereviews.com\\\/it\\\/#website\"},\"primaryImageOfPage\":{\"@id\":\"https:\\\/\\\/www.accuratereviews.com\\\/it\\\/piattaforme-didattica-distanza\\\/gotomeeting-recensione\\\/#primaryimage\"},\"image\":{\"@id\":\"https:\\\/\\\/www.accuratereviews.com\\\/it\\\/piattaforme-didattica-distanza\\\/gotomeeting-recensione\\\/#primaryimage\"},\"thumbnailUrl\":\"https:\\\/\\\/www.accuratereviews.com\\\/wp-content\\\/uploads\\\/2020\\\/09\\\/GoToMeeting.jpg\",\"datePublished\":\"2020-09-14T12:40:37+00:00\",\"dateModified\":\"2021-02-03T16:30:48+00:00\",\"description\":\"GoToMeeting: recensione strumento di web conferencing che consente agli utenti di ospitare una riunione online con massimo di 250 studenti.\",\"breadcrumb\":{\"@id\":\"https:\\\/\\\/www.accuratereviews.com\\\/it\\\/piattaforme-didattica-distanza\\\/gotomeeting-recensione\\\/#breadcrumb\"},\"inLanguage\":\"it-IT\",\"potentialAction\":[{\"@type\":\"ReadAction\",\"target\":[\"https:\\\/\\\/www.accuratereviews.com\\\/it\\\/piattaforme-didattica-distanza\\\/gotomeeting-recensione\\\/\"]}]},{\"@type\":\"ImageObject\",\"inLanguage\":\"it-IT\",\"@id\":\"https:\\\/\\\/www.accuratereviews.com\\\/it\\\/piattaforme-didattica-distanza\\\/gotomeeting-recensione\\\/#primaryimage\",\"url\":\"https:\\\/\\\/www.accuratereviews.com\\\/wp-content\\\/uploads\\\/2020\\\/09\\\/GoToMeeting.jpg\",\"contentUrl\":\"https:\\\/\\\/www.accuratereviews.com\\\/wp-content\\\/uploads\\\/2020\\\/09\\\/GoToMeeting.jpg\",\"width\":372,\"height\":300},{\"@type\":\"BreadcrumbList\",\"@id\":\"https:\\\/\\\/www.accuratereviews.com\\\/it\\\/piattaforme-didattica-distanza\\\/gotomeeting-recensione\\\/#breadcrumb\",\"itemListElement\":[{\"@type\":\"ListItem\",\"position\":1,\"name\":\"Home\",\"item\":\"https:\\\/\\\/www.accuratereviews.com\\\/it\\\/\"},{\"@type\":\"ListItem\",\"position\":2,\"name\":\"Piattaforme per la didattica a distanza\",\"item\":\"https:\\\/\\\/www.accuratereviews.com\\\/it\\\/piattaforme-didattica-distanza\\\/\"},{\"@type\":\"ListItem\",\"position\":3,\"name\":\"GoToMeeting\"}]},{\"@type\":\"WebSite\",\"@id\":\"https:\\\/\\\/www.accuratereviews.com\\\/it\\\/#website\",\"url\":\"https:\\\/\\\/www.accuratereviews.com\\\/it\\\/\",\"name\":\"Accurate Reviews\",\"description\":\"\",\"potentialAction\":[{\"@type\":\"SearchAction\",\"target\":{\"@type\":\"EntryPoint\",\"urlTemplate\":\"https:\\\/\\\/www.accuratereviews.com\\\/it\\\/?s={search_term_string}\"},\"query-input\":{\"@type\":\"PropertyValueSpecification\",\"valueRequired\":true,\"valueName\":\"search_term_string\"}}],\"inLanguage\":\"it-IT\"}]}<\/script>\n<!-- \/ Yoast SEO plugin. -->","yoast_head_json":{"title":"GoToMeeting: recensione software formazione a distanza","description":"GoToMeeting: recensione strumento di web conferencing che consente agli utenti di ospitare una riunione online con massimo di 250 studenti.","robots":{"index":"index","follow":"follow","max-snippet":"max-snippet:-1","max-image-preview":"max-image-preview:large","max-video-preview":"max-video-preview:-1"},"canonical":"https:\/\/www.accuratereviews.com\/it\/piattaforme-didattica-distanza\/gotomeeting-recensione\/","og_locale":"it_IT","og_type":"article","og_title":"GoToMeeting: recensione software formazione a distanza","og_description":"GoToMeeting: recensione strumento di web conferencing che consente agli utenti di ospitare una riunione online con massimo di 250 studenti.","og_url":"https:\/\/www.accuratereviews.com\/it\/piattaforme-didattica-distanza\/gotomeeting-recensione\/","og_site_name":"Accurate Reviews","article_modified_time":"2021-02-03T16:30:48+00:00","og_image":[{"width":372,"height":300,"url":"https:\/\/www.accuratereviews.com\/wp-content\/uploads\/2020\/09\/GoToMeeting.jpg","type":"image\/jpeg"}],"twitter_card":"summary_large_image","twitter_misc":{"Tempo di lettura stimato":"3 minuti"},"schema":{"@context":"https:\/\/schema.org","@graph":[{"@type":"WebPage","@id":"https:\/\/www.accuratereviews.com\/it\/piattaforme-didattica-distanza\/gotomeeting-recensione\/","url":"https:\/\/www.accuratereviews.com\/it\/piattaforme-didattica-distanza\/gotomeeting-recensione\/","name":"GoToMeeting: recensione software formazione a distanza","isPartOf":{"@id":"https:\/\/www.accuratereviews.com\/it\/#website"},"primaryImageOfPage":{"@id":"https:\/\/www.accuratereviews.com\/it\/piattaforme-didattica-distanza\/gotomeeting-recensione\/#primaryimage"},"image":{"@id":"https:\/\/www.accuratereviews.com\/it\/piattaforme-didattica-distanza\/gotomeeting-recensione\/#primaryimage"},"thumbnailUrl":"https:\/\/www.accuratereviews.com\/wp-content\/uploads\/2020\/09\/GoToMeeting.jpg","datePublished":"2020-09-14T12:40:37+00:00","dateModified":"2021-02-03T16:30:48+00:00","description":"GoToMeeting: recensione strumento di web conferencing che consente agli utenti di ospitare una riunione online con massimo di 250 studenti.","breadcrumb":{"@id":"https:\/\/www.accuratereviews.com\/it\/piattaforme-didattica-distanza\/gotomeeting-recensione\/#breadcrumb"},"inLanguage":"it-IT","potentialAction":[{"@type":"ReadAction","target":["https:\/\/www.accuratereviews.com\/it\/piattaforme-didattica-distanza\/gotomeeting-recensione\/"]}]},{"@type":"ImageObject","inLanguage":"it-IT","@id":"https:\/\/www.accuratereviews.com\/it\/piattaforme-didattica-distanza\/gotomeeting-recensione\/#primaryimage","url":"https:\/\/www.accuratereviews.com\/wp-content\/uploads\/2020\/09\/GoToMeeting.jpg","contentUrl":"https:\/\/www.accuratereviews.com\/wp-content\/uploads\/2020\/09\/GoToMeeting.jpg","width":372,"height":300},{"@type":"BreadcrumbList","@id":"https:\/\/www.accuratereviews.com\/it\/piattaforme-didattica-distanza\/gotomeeting-recensione\/#breadcrumb","itemListElement":[{"@type":"ListItem","position":1,"name":"Home","item":"https:\/\/www.accuratereviews.com\/it\/"},{"@type":"ListItem","position":2,"name":"Piattaforme per la didattica a distanza","item":"https:\/\/www.accuratereviews.com\/it\/piattaforme-didattica-distanza\/"},{"@type":"ListItem","position":3,"name":"GoToMeeting"}]},{"@type":"WebSite","@id":"https:\/\/www.accuratereviews.com\/it\/#website","url":"https:\/\/www.accuratereviews.com\/it\/","name":"Accurate Reviews","description":"","potentialAction":[{"@type":"SearchAction","target":{"@type":"EntryPoint","urlTemplate":"https:\/\/www.accuratereviews.com\/it\/?s={search_term_string}"},"query-input":{"@type":"PropertyValueSpecification","valueRequired":true,"valueName":"search_term_string"}}],"inLanguage":"it-IT"}]}},"_links":{"self":[{"href":"https:\/\/www.accuratereviews.com\/it\/wp-json\/wp\/v2\/pages\/30275","targetHints":{"allow":["GET"]}}],"collection":[{"href":"https:\/\/www.accuratereviews.com\/it\/wp-json\/wp\/v2\/pages"}],"about":[{"href":"https:\/\/www.accuratereviews.com\/it\/wp-json\/wp\/v2\/types\/page"}],"author":[{"embeddable":true,"href":"https:\/\/www.accuratereviews.com\/it\/wp-json\/wp\/v2\/users\/19"}],"replies":[{"embeddable":true,"href":"https:\/\/www.accuratereviews.com\/it\/wp-json\/wp\/v2\/comments?post=30275"}],"version-history":[{"count":8,"href":"https:\/\/www.accuratereviews.com\/it\/wp-json\/wp\/v2\/pages\/30275\/revisions"}],"predecessor-version":[{"id":36719,"href":"https:\/\/www.accuratereviews.com\/it\/wp-json\/wp\/v2\/pages\/30275\/revisions\/36719"}],"up":[{"embeddable":true,"href":"https:\/\/www.accuratereviews.com\/it\/wp-json\/wp\/v2\/pages\/30279"}],"wp:featuredmedia":[{"embeddable":true,"href":"https:\/\/www.accuratereviews.com\/it\/wp-json\/wp\/v2\/media\/30281"}],"wp:attachment":[{"href":"https:\/\/www.accuratereviews.com\/it\/wp-json\/wp\/v2\/media?parent=30275"}],"wp:term":[{"taxonomy":"category","embeddable":true,"href":"https:\/\/www.accuratereviews.com\/it\/wp-json\/wp\/v2\/categories?post=30275"},{"taxonomy":"post_tag","embeddable":true,"href":"https:\/\/www.accuratereviews.com\/it\/wp-json\/wp\/v2\/tags?post=30275"},{"taxonomy":"features","embeddable":true,"href":"https:\/\/www.accuratereviews.com\/it\/wp-json\/wp\/v2\/features?post=30275"}],"curies":[{"name":"wp","href":"https:\/\/api.w.org\/{rel}","templated":true}]}}