{"id":30288,"date":"2020-09-14T12:38:49","date_gmt":"2020-09-14T12:38:49","guid":{"rendered":"https:\/\/www.accuratereviews.com\/?page_id=30288"},"modified":"2021-02-03T15:43:35","modified_gmt":"2021-02-03T15:43:35","slug":"adobe-connect-recensione","status":"publish","type":"page","link":"https:\/\/www.accuratereviews.com\/it\/piattaforme-didattica-distanza\/adobe-connect-recensione\/","title":{"rendered":"Adobe Connect"},"content":{"rendered":"<p><strong>Adobe Connect<\/strong> \u00e8 una <strong>piattaforma per conferenze web<\/strong> utilizzata dalle aziende per condurre riunioni online, webinar e sessioni di formazione. La soluzione \u00e8 per la collaborazione ad hoc e per le riunioni online pianificate. Consente la collaborazione audio e video online su tutti i dispositivi (comprese le piattaforme mobili). I partecipanti che utilizzano i desktop possono partecipare alle riunioni senza installare alcun software.\u00a0I webinar di <strong>Adobe Connect<\/strong> offrono funzionalit\u00e0 come l&#8217;integrazione della posta elettronica e sale conferenze che possono essere personalizzate dagli utenti. L&#8217;applicazione include anche strumenti di visualizzazione come sondaggi, chat, lavagne e una console per mixare flussi video per aumentare il coinvolgimento dei partecipanti.\u00a0Funzionalit\u00e0 come quiz, test e sondaggi consentono alle aziende di utilizzare il software al posto del sistema di gestione dell&#8217;apprendimento (LMS).<\/p>\n<h2>ADOBE CONNECT &#8211; TUTORIAL<\/h2>\n<p>Guardiamo questo breve tutorial che illustra come personalizzare questo software di didattica a distanza:<\/p>\n<div id=\"fluid-wrapper-counter-1\" class=\"g1-fluid-wrapper \" style=\"width:686px;\">\n<div style=\"padding-bottom:56.268221574344%;\"><iframe loading=\"lazy\" title=\"Adobe Connect - Tutorial #1\" width=\"686\" height=\"386\" src=\"https:\/\/www.youtube.com\/embed\/I1XbAMYBPdo?feature=oembed&amp;wmode=transparent&amp;autohide=1&amp;autoplay=0&amp;disablekb=0&amp;fs=1&amp;loop=0&amp;enablejsapi=1&amp;rel=0&amp;controls=2&amp;showinfo=0&amp;wmode=transparent&amp;autohide=2&amp;autoplay=0&amp;disablekb=0&amp;fs=1&amp;loop=0&amp;enablejsapi=1&amp;rel=0&amp;controls=2&amp;showinfo=1\" frameborder=\"0\" allow=\"accelerometer; autoplay; encrypted-media; gyroscope; picture-in-picture\" allowfullscreen><\/iframe><\/div>\n<\/div>\n<h3>ADOBE CONNECT &#8211; CARATTERISTICHE<\/h3>\n<ul>\n<li><strong>Registrazioni nel browser HTML<\/strong>: visualizza le registrazioni e modificale direttamente in un browser HTML: modifica la sequenza temporale o l&#8217;indice o aggiungi i segnalibri. Puoi persino rimuovere i pod con informazioni di identificazione personale come chat o partecipanti<\/li>\n<li><strong>Preparare il ticker &#8220;live&#8221; della modalit\u00e0:<\/strong> oltre alla visualizzazione del colore, abbiamo aggiunto un nuovo ticker visivo e una visualizzazione dei suggerimenti per tutti i pod &#8220;live&#8221;<\/li>\n<li><strong>Lavagna bianca<\/strong>: miglioramento fino a 10 volte in termini di reattivit\u00e0 e velocit\u00e0, anche con pi\u00f9 partecipanti e disegni di modelli estesi<\/li>\n<li><strong>Menu pod semplificati<\/strong>: per un facile accesso e un design semplice, \u00e8 stato eliminato la nidificazione e creato menu a livello singolo<\/li>\n<li><strong>Video e GIF migliori:<\/strong> buffering MP4 automatizzato e supporto GIF per un&#8217;esperienza multimediale e prestazioni migliori nello Share Pod<\/li>\n<li><strong>Note<\/strong>: aggiungi collegamenti ipertestuali al contenitore Note<\/li>\n<li><strong>Chat<\/strong>: adatta pi\u00f9 messaggi nello stesso spazio sullo schermo con una migliore densit\u00e0 del testo. Le esportazioni di chat via email ora includono le trascrizioni da tutte le schede aperte insieme al nome del pod di chat<\/li>\n<li><strong>Drag &amp; drop<\/strong>: trascina e rilascia il contenuto nel contenitore di condivisione e nel contenitore di condivisione file<\/li>\n<\/ul>\n<h4>LE RECENSIONI DEGLI UTENTI<\/h4>\n<h4 class=\"font-weight-bold mb-1 d-flex align-items-center\">Ravindu N.<span style=\"font-size: 16px;\">&#8220;Adobe Connect per la videoconferenza&#8221;<\/span><\/h4>\n<div class=\"i18n-translation_container review-card pt-4 py-3 py-md-5 border-bottom border-primary i18n-translation_translated\" data-translation-id=\"2327781\" data-translation-target=\"original\" data-container-view=\"ca-review\">\n<div class=\"container\">\n<div class=\"row\">\n<div class=\"col-lg-6 pl-lg-5\">\n<p><strong>Commenti: <\/strong>Nella mia esperienza complessiva Adobe Connect \u00e8 il miglior software per la videoconferenza perch\u00e9 ha caratteristiche molto utili e uniche.<\/p>\n<p><strong>Vantaggi: <\/strong>Utilizzando Adobe Connect, possiamo progettare la nostra stanza visiva e creare esperienze personalizzate. Ha la capacit\u00e0 di creare diversi layout. Dopo aver progettato la nostra stanza virtuale, possiamo salvarla come modello e questo \u00e8 davvero utile per le riunioni future. Adobe Connect include anche molte funzionalit\u00e0 avanzate. L&#8217;area solo presentatore e le modalit\u00e0 di preparazione sono le mie funzionalit\u00e0 preferite in Adobe Connect.<\/p>\n<p><strong>Inconvenienti: <\/strong>Bene, nella mia esperienza Adobe Connect non ha un&#8217;interfaccia user friendly ed \u00e8 pi\u00f9 complicato di altri strumenti. In effetti abbiamo bisogno di un po &#8216;di tempo per imparare queste caratteristiche. Altrimenti non ci sono grossi problemi con adobe connect.<\/p>\n<h4 class=\"font-weight-bold mb-1 d-flex align-items-center\">Robert C.&#8221;Ottimo servizio per la comunicazione durante la quarantena&#8221;<\/h4>\n<p><strong>Vantaggi: <\/strong>La nostra azienda ha un numero di dipendenti che lavorano a distanza; durante la quarantena, il numero di queste persone \u00e8 aumentato. Adobe Connect ci aiuta a stabilire comunicazioni efficaci, organizzare conferenze e condividere informazioni. Pi\u00f9 convenientemente, il software non ha bisogno di essere installato, perch\u00e9 funziona direttamente attraverso il web utilizzando la tecnologia Adobe Flash. Sebbene, se necessario, \u00e8 possibile installare il client desktop.<\/p>\n<p><strong>Inconvenienti: <\/strong>Questo software non ha inconvenienti significativi e non capisco perch\u00e9 poche persone lo usano.<\/p>\n<h4 class=\"font-weight-bold mb-1 d-flex align-items-center\">Gurpreet S.&#8221;Utilizzo di Adobe Connect&#8221;<\/h4>\n<p><strong>Commenti: <\/strong>Mi \u00e8 piaciuto usare Adobe Connect, una volta scoperte tutte le sfumature \u00e8 abbastanza facile da usare. L&#8217;unico motivo per cui ho smesso di usarlo era perch\u00e9 il mio datore di lavoro non ne avrebbe pi\u00f9 supportato l&#8217;uso.<\/p>\n<p><strong>Vantaggi: <\/strong>Al momento in cui ho utilizzato questo servizio, era completamente gratuito. Questo \u00e8 stato il motivo principale per cui l&#8217;ho usato. Non terribilmente difficile da usare, ma c&#8217;erano alcune sfide.<\/p>\n<p><strong>Inconvenienti: <\/strong>A volte era difficile ascoltare tutti durante la seduta. A volte chiedevo a tutti i partecipanti di silenziare i microfoni ad eccezione della persona che stava presentando.<\/p>\n<\/div>\n<\/div>\n<\/div>\n<\/div>\n<div class=\"i18n-translation_container review-card pt-4 py-3 py-md-5 border-bottom border-primary\" data-translation-id=\"2250589\" data-translation-target=\"translated\" data-container-view=\"ca-review\">\n<div class=\"container\">\n<div class=\"row\">\n<div class=\"col-lg-6 pr-lg-5\">\n<div class=\"row mb-4\">\n<div class=\"col-auto\"><\/div>\n<div class=\"col pl-0\"><\/div>\n<\/div>\n<\/div>\n<\/div>\n<\/div>\n<\/div>\n","protected":false},"excerpt":{"rendered":"<p>Adobe Connect \u00e8 una piattaforma per conferenze web utilizzata dalle aziende per condurre riunioni online, webinar e sessioni di formazione. La soluzione \u00e8 per la collaborazione ad hoc e per le riunioni online pianificate. Consente la collaborazione audio e video online su tutti i dispositivi (comprese le piattaforme mobili).<\/p>\n","protected":false},"author":19,"featured_media":30289,"parent":30279,"menu_order":0,"comment_status":"open","ping_status":"closed","template":"g1_template_page_review_new.php","meta":{"_acf_changed":false,"cwp_meta_box_check":"Yes","cwp_rev_product_name":"","cwp_rev_product_image":"","wppr_links":[],"cwp_rev_price":"","wppr_options":[],"wppr_pros":[],"wppr_cons":[],"_monsterinsights_skip_tracking":false,"_monsterinsights_sitenote_active":false,"_monsterinsights_sitenote_note":"","_monsterinsights_sitenote_category":0,"footnotes":""},"categories":[3634],"tags":[3642,3641,3639,3637,3638],"features":[],"class_list":{"0":"post-30288","1":"page","2":"type-page","3":"status-publish","4":"has-post-thumbnail","6":"category-piattaforme-per-la-didattica-a-distanza-categoria","7":"tag-adobe-connect","8":"tag-piattaforma-di-didattica-a-distanza","9":"tag-programma-di-didattica-a-distanza","10":"tag-software-di-didattica-a-distanza","11":"tag-soluzione-di-didattica-a-distanza"},"wppr_data":{"cwp_meta_box_check":"Yes","cwp_rev_product_name":"","cwp_rev_product_image":"","cwp_image_link":"image","cwp_rev_price":"","wppr_rating":"0.00"},"acf":[],"yoast_head":"<!-- This site is optimized with the Yoast SEO plugin v27.4 - https:\/\/yoast.com\/product\/yoast-seo-wordpress\/ -->\n<title>Adobe Connect: recensione software didattica a distanzaAccurate Reviews<\/title>\n<meta name=\"description\" content=\"Adobe Connect: recensione piattaforma per conferenze web utilizzata dalle aziende per condurre riunioni, webinar e sessioni di formazione.\" \/>\n<meta name=\"robots\" content=\"index, follow, max-snippet:-1, max-image-preview:large, max-video-preview:-1\" \/>\n<link rel=\"canonical\" href=\"https:\/\/www.accuratereviews.com\/it\/piattaforme-didattica-distanza\/adobe-connect-recensione\/\" \/>\n<meta property=\"og:locale\" content=\"it_IT\" \/>\n<meta property=\"og:type\" content=\"article\" \/>\n<meta property=\"og:title\" content=\"Adobe Connect: recensione software didattica a distanzaAccurate Reviews\" \/>\n<meta property=\"og:description\" content=\"Adobe Connect: recensione piattaforma per conferenze web utilizzata dalle aziende per condurre riunioni, webinar e sessioni di formazione.\" \/>\n<meta property=\"og:url\" content=\"https:\/\/www.accuratereviews.com\/it\/piattaforme-didattica-distanza\/adobe-connect-recensione\/\" \/>\n<meta property=\"og:site_name\" content=\"Accurate Reviews\" \/>\n<meta property=\"article:modified_time\" content=\"2021-02-03T15:43:35+00:00\" \/>\n<meta property=\"og:image\" content=\"https:\/\/www.accuratereviews.com\/wp-content\/uploads\/2020\/09\/Adobe-Connect.png\" \/>\n\t<meta property=\"og:image:width\" content=\"512\" \/>\n\t<meta property=\"og:image:height\" content=\"512\" \/>\n\t<meta property=\"og:image:type\" content=\"image\/png\" \/>\n<meta name=\"twitter:card\" content=\"summary_large_image\" \/>\n<meta name=\"twitter:label1\" content=\"Tempo di lettura stimato\" \/>\n\t<meta name=\"twitter:data1\" content=\"3 minuti\" \/>\n<script type=\"application\/ld+json\" class=\"yoast-schema-graph\">{\"@context\":\"https:\\\/\\\/schema.org\",\"@graph\":[{\"@type\":\"WebPage\",\"@id\":\"https:\\\/\\\/www.accuratereviews.com\\\/it\\\/piattaforme-didattica-distanza\\\/adobe-connect-recensione\\\/\",\"url\":\"https:\\\/\\\/www.accuratereviews.com\\\/it\\\/piattaforme-didattica-distanza\\\/adobe-connect-recensione\\\/\",\"name\":\"Adobe Connect: recensione software didattica a distanzaAccurate Reviews\",\"isPartOf\":{\"@id\":\"https:\\\/\\\/www.accuratereviews.com\\\/it\\\/#website\"},\"primaryImageOfPage\":{\"@id\":\"https:\\\/\\\/www.accuratereviews.com\\\/it\\\/piattaforme-didattica-distanza\\\/adobe-connect-recensione\\\/#primaryimage\"},\"image\":{\"@id\":\"https:\\\/\\\/www.accuratereviews.com\\\/it\\\/piattaforme-didattica-distanza\\\/adobe-connect-recensione\\\/#primaryimage\"},\"thumbnailUrl\":\"https:\\\/\\\/www.accuratereviews.com\\\/wp-content\\\/uploads\\\/2020\\\/09\\\/Adobe-Connect.png\",\"datePublished\":\"2020-09-14T12:38:49+00:00\",\"dateModified\":\"2021-02-03T15:43:35+00:00\",\"description\":\"Adobe Connect: recensione piattaforma per conferenze web utilizzata dalle aziende per condurre riunioni, webinar e sessioni di formazione.\",\"breadcrumb\":{\"@id\":\"https:\\\/\\\/www.accuratereviews.com\\\/it\\\/piattaforme-didattica-distanza\\\/adobe-connect-recensione\\\/#breadcrumb\"},\"inLanguage\":\"it-IT\",\"potentialAction\":[{\"@type\":\"ReadAction\",\"target\":[\"https:\\\/\\\/www.accuratereviews.com\\\/it\\\/piattaforme-didattica-distanza\\\/adobe-connect-recensione\\\/\"]}]},{\"@type\":\"ImageObject\",\"inLanguage\":\"it-IT\",\"@id\":\"https:\\\/\\\/www.accuratereviews.com\\\/it\\\/piattaforme-didattica-distanza\\\/adobe-connect-recensione\\\/#primaryimage\",\"url\":\"https:\\\/\\\/www.accuratereviews.com\\\/wp-content\\\/uploads\\\/2020\\\/09\\\/Adobe-Connect.png\",\"contentUrl\":\"https:\\\/\\\/www.accuratereviews.com\\\/wp-content\\\/uploads\\\/2020\\\/09\\\/Adobe-Connect.png\",\"width\":512,\"height\":512},{\"@type\":\"BreadcrumbList\",\"@id\":\"https:\\\/\\\/www.accuratereviews.com\\\/it\\\/piattaforme-didattica-distanza\\\/adobe-connect-recensione\\\/#breadcrumb\",\"itemListElement\":[{\"@type\":\"ListItem\",\"position\":1,\"name\":\"Home\",\"item\":\"https:\\\/\\\/www.accuratereviews.com\\\/it\\\/\"},{\"@type\":\"ListItem\",\"position\":2,\"name\":\"Piattaforme per la didattica a distanza\",\"item\":\"https:\\\/\\\/www.accuratereviews.com\\\/it\\\/piattaforme-didattica-distanza\\\/\"},{\"@type\":\"ListItem\",\"position\":3,\"name\":\"Adobe Connect\"}]},{\"@type\":\"WebSite\",\"@id\":\"https:\\\/\\\/www.accuratereviews.com\\\/it\\\/#website\",\"url\":\"https:\\\/\\\/www.accuratereviews.com\\\/it\\\/\",\"name\":\"Accurate Reviews\",\"description\":\"\",\"potentialAction\":[{\"@type\":\"SearchAction\",\"target\":{\"@type\":\"EntryPoint\",\"urlTemplate\":\"https:\\\/\\\/www.accuratereviews.com\\\/it\\\/?s={search_term_string}\"},\"query-input\":{\"@type\":\"PropertyValueSpecification\",\"valueRequired\":true,\"valueName\":\"search_term_string\"}}],\"inLanguage\":\"it-IT\"}]}<\/script>\n<!-- \/ Yoast SEO plugin. -->","yoast_head_json":{"title":"Adobe Connect: recensione software didattica a distanzaAccurate Reviews","description":"Adobe Connect: recensione piattaforma per conferenze web utilizzata dalle aziende per condurre riunioni, webinar e sessioni di formazione.","robots":{"index":"index","follow":"follow","max-snippet":"max-snippet:-1","max-image-preview":"max-image-preview:large","max-video-preview":"max-video-preview:-1"},"canonical":"https:\/\/www.accuratereviews.com\/it\/piattaforme-didattica-distanza\/adobe-connect-recensione\/","og_locale":"it_IT","og_type":"article","og_title":"Adobe Connect: recensione software didattica a distanzaAccurate Reviews","og_description":"Adobe Connect: recensione piattaforma per conferenze web utilizzata dalle aziende per condurre riunioni, webinar e sessioni di formazione.","og_url":"https:\/\/www.accuratereviews.com\/it\/piattaforme-didattica-distanza\/adobe-connect-recensione\/","og_site_name":"Accurate Reviews","article_modified_time":"2021-02-03T15:43:35+00:00","og_image":[{"width":512,"height":512,"url":"https:\/\/www.accuratereviews.com\/wp-content\/uploads\/2020\/09\/Adobe-Connect.png","type":"image\/png"}],"twitter_card":"summary_large_image","twitter_misc":{"Tempo di lettura stimato":"3 minuti"},"schema":{"@context":"https:\/\/schema.org","@graph":[{"@type":"WebPage","@id":"https:\/\/www.accuratereviews.com\/it\/piattaforme-didattica-distanza\/adobe-connect-recensione\/","url":"https:\/\/www.accuratereviews.com\/it\/piattaforme-didattica-distanza\/adobe-connect-recensione\/","name":"Adobe Connect: recensione software didattica a distanzaAccurate Reviews","isPartOf":{"@id":"https:\/\/www.accuratereviews.com\/it\/#website"},"primaryImageOfPage":{"@id":"https:\/\/www.accuratereviews.com\/it\/piattaforme-didattica-distanza\/adobe-connect-recensione\/#primaryimage"},"image":{"@id":"https:\/\/www.accuratereviews.com\/it\/piattaforme-didattica-distanza\/adobe-connect-recensione\/#primaryimage"},"thumbnailUrl":"https:\/\/www.accuratereviews.com\/wp-content\/uploads\/2020\/09\/Adobe-Connect.png","datePublished":"2020-09-14T12:38:49+00:00","dateModified":"2021-02-03T15:43:35+00:00","description":"Adobe Connect: recensione piattaforma per conferenze web utilizzata dalle aziende per condurre riunioni, webinar e sessioni di formazione.","breadcrumb":{"@id":"https:\/\/www.accuratereviews.com\/it\/piattaforme-didattica-distanza\/adobe-connect-recensione\/#breadcrumb"},"inLanguage":"it-IT","potentialAction":[{"@type":"ReadAction","target":["https:\/\/www.accuratereviews.com\/it\/piattaforme-didattica-distanza\/adobe-connect-recensione\/"]}]},{"@type":"ImageObject","inLanguage":"it-IT","@id":"https:\/\/www.accuratereviews.com\/it\/piattaforme-didattica-distanza\/adobe-connect-recensione\/#primaryimage","url":"https:\/\/www.accuratereviews.com\/wp-content\/uploads\/2020\/09\/Adobe-Connect.png","contentUrl":"https:\/\/www.accuratereviews.com\/wp-content\/uploads\/2020\/09\/Adobe-Connect.png","width":512,"height":512},{"@type":"BreadcrumbList","@id":"https:\/\/www.accuratereviews.com\/it\/piattaforme-didattica-distanza\/adobe-connect-recensione\/#breadcrumb","itemListElement":[{"@type":"ListItem","position":1,"name":"Home","item":"https:\/\/www.accuratereviews.com\/it\/"},{"@type":"ListItem","position":2,"name":"Piattaforme per la didattica a distanza","item":"https:\/\/www.accuratereviews.com\/it\/piattaforme-didattica-distanza\/"},{"@type":"ListItem","position":3,"name":"Adobe Connect"}]},{"@type":"WebSite","@id":"https:\/\/www.accuratereviews.com\/it\/#website","url":"https:\/\/www.accuratereviews.com\/it\/","name":"Accurate Reviews","description":"","potentialAction":[{"@type":"SearchAction","target":{"@type":"EntryPoint","urlTemplate":"https:\/\/www.accuratereviews.com\/it\/?s={search_term_string}"},"query-input":{"@type":"PropertyValueSpecification","valueRequired":true,"valueName":"search_term_string"}}],"inLanguage":"it-IT"}]}},"_links":{"self":[{"href":"https:\/\/www.accuratereviews.com\/it\/wp-json\/wp\/v2\/pages\/30288","targetHints":{"allow":["GET"]}}],"collection":[{"href":"https:\/\/www.accuratereviews.com\/it\/wp-json\/wp\/v2\/pages"}],"about":[{"href":"https:\/\/www.accuratereviews.com\/it\/wp-json\/wp\/v2\/types\/page"}],"author":[{"embeddable":true,"href":"https:\/\/www.accuratereviews.com\/it\/wp-json\/wp\/v2\/users\/19"}],"replies":[{"embeddable":true,"href":"https:\/\/www.accuratereviews.com\/it\/wp-json\/wp\/v2\/comments?post=30288"}],"version-history":[{"count":5,"href":"https:\/\/www.accuratereviews.com\/it\/wp-json\/wp\/v2\/pages\/30288\/revisions"}],"predecessor-version":[{"id":36677,"href":"https:\/\/www.accuratereviews.com\/it\/wp-json\/wp\/v2\/pages\/30288\/revisions\/36677"}],"up":[{"embeddable":true,"href":"https:\/\/www.accuratereviews.com\/it\/wp-json\/wp\/v2\/pages\/30279"}],"wp:featuredmedia":[{"embeddable":true,"href":"https:\/\/www.accuratereviews.com\/it\/wp-json\/wp\/v2\/media\/30289"}],"wp:attachment":[{"href":"https:\/\/www.accuratereviews.com\/it\/wp-json\/wp\/v2\/media?parent=30288"}],"wp:term":[{"taxonomy":"category","embeddable":true,"href":"https:\/\/www.accuratereviews.com\/it\/wp-json\/wp\/v2\/categories?post=30288"},{"taxonomy":"post_tag","embeddable":true,"href":"https:\/\/www.accuratereviews.com\/it\/wp-json\/wp\/v2\/tags?post=30288"},{"taxonomy":"features","embeddable":true,"href":"https:\/\/www.accuratereviews.com\/it\/wp-json\/wp\/v2\/features?post=30288"}],"curies":[{"name":"wp","href":"https:\/\/api.w.org\/{rel}","templated":true}]}}