{"id":30311,"date":"2020-09-15T11:17:02","date_gmt":"2020-09-15T11:17:02","guid":{"rendered":"https:\/\/www.accuratereviews.com\/?page_id=30311"},"modified":"2021-02-04T14:06:12","modified_gmt":"2021-02-04T14:06:12","slug":"zoho-meeting-recensione","status":"publish","type":"page","link":"https:\/\/www.accuratereviews.com\/it\/piattaforme-didattica-distanza\/zoho-meeting-recensione\/","title":{"rendered":"Zoho Meeting"},"content":{"rendered":"<p><strong>Zoho Meeting<\/strong> \u00e8 una <strong>soluzione di videoconferenza online<\/strong> adatta a singoli utenti e organizzazioni di piccole e grandi dimensioni. La piattaforma pu\u00f2 essere utilizzata per ospitare lanci di prodotti, presentazioni di vendita, webinar, formazione degli utenti e riunioni online.\u00a0Consente \u00a0di creare istantaneamente riunioni online sicure con un pubblico remoto utilizzando qualsiasi sistema operativo del computer o qualsiasi browser. Grazie alla sua tecnologia gli utenti non devono scaricare alcun software o eseguire alcuna installazione per partecipare alla riunione. Zoho Meeting consente al pubblico di partecipare alla riunione online direttamente dai siti web utilizzando il widget della riunione incorporato. Gli utenti possono anche creare conferenze audio tramite chiamate vocali in linea dal computer o chiamate in conferenza.<\/p>\n<h2>ZOHO MEETING &#8211; TUTORIAL<\/h2>\n<p>Il video mostra come utilizzare questo <strong>software di videoconferenza<\/strong>:<\/p>\n<div id=\"fluid-wrapper-counter-1\" class=\"g1-fluid-wrapper \" style=\"width:686px;\">\n<div style=\"padding-bottom:56.268221574344%;\"><iframe loading=\"lazy\" title=\"Zoho Meeting- [Zoho] Tutorial (2020)\" width=\"686\" height=\"386\" src=\"https:\/\/www.youtube.com\/embed\/dypv62pC43Q?feature=oembed&amp;wmode=transparent&amp;autohide=1&amp;autoplay=0&amp;disablekb=0&amp;fs=1&amp;loop=0&amp;enablejsapi=1&amp;rel=0&amp;controls=2&amp;showinfo=0&amp;wmode=transparent&amp;autohide=2&amp;autoplay=0&amp;disablekb=0&amp;fs=1&amp;loop=0&amp;enablejsapi=1&amp;rel=0&amp;controls=2&amp;showinfo=1\" frameborder=\"0\" allow=\"accelerometer; autoplay; clipboard-write; encrypted-media; gyroscope; picture-in-picture\" allowfullscreen><\/iframe><\/div>\n<\/div>\n<h3>ZOHO MEETING &#8211; CARATTERISTICHE<\/h3>\n<ul>\n<li><strong>Nessun download<\/strong>: avvia o partecipa a riunioni e webinar direttamente dal tuo browser. Dimentica i download che richiedono tempo e i firewall preventivi. Partecipa sempre alle sessioni in tempo con pochi clic<\/li>\n<li><strong>Condivisione di audio, video e schermo<\/strong>: aggiungi contesto al tuo discorso condividendo lo schermo, l&#8217;applicazione o un monitor connesso per fornire presentazioni e demo. Crea fiducia e connettiti meglio vedendo i tuoi collaboratori faccia a faccia attraverso i video<\/li>\n<li><strong>Audio del telefono<\/strong>: supera la scarsa qualit\u00e0 di Internet e partecipa alle sessioni chiamando. Utilizza pi\u00f9 di 100 numeri di accesso locali e pi\u00f9 di 55 numeri verdi per iscriverti da diversi paesi<\/li>\n<li><strong>Registrazione<\/strong>: rivedi qualsiasi argomento discusso durante una riunione o un webinar attraverso le registrazioni. Archivia e riproduci le registrazioni online, condividile con un link o scaricali per i tuoi record<\/li>\n<li><strong>Sincronizza le riunioni con il tuo calendario<\/strong>: aggiungi automaticamente eventi al tuo calendario email quando ricevi inviti a riunioni e notifiche di registrazione al webinar nella tua posta in arrivo. Abilita la sincronizzazione automatica delle sessioni che crei con i calendari Google<\/li>\n<li><strong>App mobili<\/strong>: apri l&#8217;app iOS o Android sul tuo dispositivo e partecipa subito alle sessioni. Inoltre, ospita riunioni dall&#8217;app iOS<\/li>\n<li><strong>Analisi dei webinar<\/strong>: analizza e documenta gli iscritti al webinar, i partecipanti, i risultati del sondaggio e le domande e risposte utilizzando i rapporti del webinar. Scarica i rapporti come file XLS o CSV<\/li>\n<li><strong>Personalizza i moduli di registrazione<\/strong>: aggiungi campi e domande personalizzabili al modulo di registrazione al webinar per comprendere meglio i tuoi contatti. Inoltre, aggiungi il nome e il logo della tua azienda nella pagina di registrazione per promuovere il tuo marchio<\/li>\n<li><strong>Incorpora modulo di registrazione<\/strong>: promuovi le registrazioni ai webinar incorporando il modulo di registrazione nelle pagine web e nei blog che il tuo pubblico di destinazione probabilmente visiter\u00e0<\/li>\n<li><strong>App desktop ed estensioni<\/strong>: aggiungi le nostre estensioni per app ai tuoi browser Chrome e Firefox per avviare e partecipare facilmente alle riunioni<\/li>\n<li><strong>Sondaggi, domande e risposte, alza la mano:<\/strong> conosci meglio i tuoi partecipanti attraverso sondaggi dal vivo che danno risultati immediati e rispondi alle domande dei partecipanti tramite domande e risposte. Entrambi possono essere scaricati come rapporti dopo il webinar. I partecipanti possono anche utilizzare la funzione Alza la mano per comunicare in silenzio con l&#8217;organizzatore e i co-organizzatori durante un webinar<\/li>\n<li><strong>Permetti di parlare<\/strong>: gli organizzatori possono consentire ai partecipanti di parlare in un webinar per porre domande o chiarire dubbi utilizzando la funzione Consenti di parlare. La voce dei partecipanti verr\u00e0 catturata nelle registrazioni del webinar<\/li>\n<li><strong>Riunioni istantanee e programmate<\/strong>: pianifica le riunioni in anticipo e invia inviti email ai partecipanti con l&#8217;agenda, la data e l&#8217;ora. Per una collaborazione immediata, avvia subito le riunioni e condividi il collegamento di partecipazione con i partecipanti tramite chat, SMS o email<\/li>\n<li><strong>RSVP e promemoria<\/strong>: ricevi RSVP dagli invitati e scopri chi sar\u00e0 presente in anticipo. Modifica o ripianifica la riunione in base a chi partecipa. Invia promemoria automatici tramite posta elettronica con collegamenti di partecipazione e dettagli della conferenza prima di una riunione o di un webinar<\/li>\n<li><strong>Riunioni private<\/strong>: blocca le riunioni riservate per proteggerle da partecipanti imprevisti. Ricevi una notifica quando qualcuno tenta di accedere alla riunione e lascialo entrare solo se lo desideri<\/li>\n<li><strong>Controlli del moderatore<\/strong>: riduci i disturbi e guida le discussioni nella giusta direzione. Utilizza i controlli del moderatore per disattivare l&#8217;audio di tutti o di singoli partecipanti. Inoltre, rimuovi i partecipanti quando non fanno pi\u00f9 parte della discussione<\/li>\n<\/ul>\n<h4>LE RECENSIONI DEGLI UTENTI<\/h4>\n<h4 class=\"font-weight-bold mb-1 d-flex align-items-center\">Simone A.&#8221;Immediato. semplice ed efficace&#8221;<\/h4>\n<p><strong>Vantaggi: <\/strong>Il prodotto \u00e8 immediato, semplice ed efficace. In linea con gli altri tools di zoho. Raccomandato<\/p>\n<p><strong>Inconvenienti: <\/strong>Avrei preferito fosse integrato con Hubspot<\/p>\n<h4 class=\"font-weight-bold mb-1 d-flex align-items-center\">Chris B.&#8221;Migliore ed economico rispetto alle altre piattaforme&#8221;<\/h4>\n<p><strong>Commenti: <\/strong>Nel complesso, adoro gli incontri con Zoho tanto quanto amo tutte le altre app di Zoho. Ho cambiato la mia azienda tecnologica pi\u00f9 di un anno fa e da allora abbiamo trasferito ogni azienda che possediamo a tutte le app zoho per gestire le nostre attivit\u00e0.<\/p>\n<p><strong>Vantaggi: <\/strong>Molto facile da navigare e da usare. La funzione webinar \u00e8 un grande vantaggio per una piattaforma gi\u00e0 buona.<\/p>\n<p><strong>Inconvenienti: <\/strong>Per poter utilizzare la funzione di registrazione devi essere nell&#8217;edizione pro.<\/p>\n<h4 class=\"font-weight-bold mb-1 d-flex align-items-center\">Elmen L.&#8221;Il miglior software per webinar sul mercato&#8221;<\/h4>\n<p><strong>Commenti: <\/strong>L&#8217;abbiamo usato per le demo dei prodotti e ha funzionato perfettamente. Abbiamo aumentato le vendite utilizzando i webinar ZOHO<\/p>\n<p><strong>Vantaggi: <\/strong>Di facile utilizzo. Grande supporto &#8211; hanno risposto alle mie domande in modo super veloce. Il miglior rapporto qualit\u00e0-prezzo.<\/p>\n<p><strong>Inconvenienti: <\/strong>Ho gi\u00e0 usato il software per 10 webinar. Non ha avuto problemi di sorta. I nostri delegati potevano accedere, non ho avuto problemi con il sistema.<\/p>\n<p>&nbsp;<\/p>\n","protected":false},"excerpt":{"rendered":"<p>Zoho Meeting \u00e8 una soluzione di videoconferenza online adatta a singoli utenti e organizzazioni di piccole e grandi dimensioni. La piattaforma pu\u00f2 essere utilizzata per ospitare lanci di prodotti, presentazioni di vendita, webinar, formazione degli utenti e riunioni online.\u00a0Consente \u00a0di creare istantaneamente riunioni online sicure con un pubblico remoto utilizzando qualsiasi sistema operativo del computer o qualsiasi browser.<\/p>\n","protected":false},"author":19,"featured_media":30313,"parent":30279,"menu_order":0,"comment_status":"open","ping_status":"closed","template":"g1_template_page_review_new.php","meta":{"_acf_changed":false,"cwp_meta_box_check":"Yes","cwp_rev_product_name":"","cwp_rev_product_image":"","wppr_links":[],"cwp_rev_price":"","wppr_options":[],"wppr_pros":[],"wppr_cons":[],"_monsterinsights_skip_tracking":false,"_monsterinsights_sitenote_active":false,"_monsterinsights_sitenote_note":"","_monsterinsights_sitenote_category":0,"footnotes":""},"categories":[3634],"tags":[3641,3639,3637,3646,3638,3645,3644],"features":[],"class_list":{"0":"post-30311","1":"page","2":"type-page","3":"status-publish","4":"has-post-thumbnail","6":"category-piattaforme-per-la-didattica-a-distanza-categoria","7":"tag-piattaforma-di-didattica-a-distanza","8":"tag-programma-di-didattica-a-distanza","9":"tag-software-di-didattica-a-distanza","10":"tag-software-videochiamate","11":"tag-soluzione-di-didattica-a-distanza","12":"tag-soluzione-videochiamate","13":"tag-zoho-meeting"},"wppr_data":{"cwp_meta_box_check":"Yes","cwp_rev_product_name":"","cwp_rev_product_image":"","cwp_image_link":"image","cwp_rev_price":"","wppr_rating":"0.00"},"acf":[],"yoast_head":"<!-- This site is optimized with the Yoast SEO plugin v27.4 - https:\/\/yoast.com\/product\/yoast-seo-wordpress\/ -->\n<title>Zoho Meeting: recensione software didattica a distanza - Accurate Reviews<\/title>\n<meta name=\"description\" content=\"Zoho Meeting: recensione soluzione di videoconferenza online adatta a singoli utenti e organizzazioni di piccole e grandi dimensioni.\" \/>\n<meta name=\"robots\" content=\"index, follow, max-snippet:-1, max-image-preview:large, max-video-preview:-1\" \/>\n<link rel=\"canonical\" href=\"https:\/\/www.accuratereviews.com\/it\/piattaforme-didattica-distanza\/zoho-meeting-recensione\/\" \/>\n<meta property=\"og:locale\" content=\"it_IT\" \/>\n<meta property=\"og:type\" content=\"article\" \/>\n<meta property=\"og:title\" content=\"Zoho Meeting: recensione software didattica a distanza - Accurate Reviews\" \/>\n<meta property=\"og:description\" content=\"Zoho Meeting: recensione soluzione di videoconferenza online adatta a singoli utenti e organizzazioni di piccole e grandi dimensioni.\" \/>\n<meta property=\"og:url\" content=\"https:\/\/www.accuratereviews.com\/it\/piattaforme-didattica-distanza\/zoho-meeting-recensione\/\" \/>\n<meta property=\"og:site_name\" content=\"Accurate Reviews\" \/>\n<meta property=\"article:modified_time\" content=\"2021-02-04T14:06:12+00:00\" \/>\n<meta property=\"og:image\" content=\"https:\/\/www.accuratereviews.com\/wp-content\/uploads\/2020\/09\/Zoho-Meeting.png\" \/>\n\t<meta property=\"og:image:width\" content=\"1024\" \/>\n\t<meta property=\"og:image:height\" content=\"512\" \/>\n\t<meta property=\"og:image:type\" content=\"image\/png\" \/>\n<meta name=\"twitter:card\" content=\"summary_large_image\" \/>\n<meta name=\"twitter:label1\" content=\"Tempo di lettura stimato\" \/>\n\t<meta name=\"twitter:data1\" content=\"5 minuti\" \/>\n<script type=\"application\/ld+json\" class=\"yoast-schema-graph\">{\"@context\":\"https:\\\/\\\/schema.org\",\"@graph\":[{\"@type\":\"WebPage\",\"@id\":\"https:\\\/\\\/www.accuratereviews.com\\\/it\\\/piattaforme-didattica-distanza\\\/zoho-meeting-recensione\\\/\",\"url\":\"https:\\\/\\\/www.accuratereviews.com\\\/it\\\/piattaforme-didattica-distanza\\\/zoho-meeting-recensione\\\/\",\"name\":\"Zoho Meeting: recensione software didattica a distanza - Accurate Reviews\",\"isPartOf\":{\"@id\":\"https:\\\/\\\/www.accuratereviews.com\\\/it\\\/#website\"},\"primaryImageOfPage\":{\"@id\":\"https:\\\/\\\/www.accuratereviews.com\\\/it\\\/piattaforme-didattica-distanza\\\/zoho-meeting-recensione\\\/#primaryimage\"},\"image\":{\"@id\":\"https:\\\/\\\/www.accuratereviews.com\\\/it\\\/piattaforme-didattica-distanza\\\/zoho-meeting-recensione\\\/#primaryimage\"},\"thumbnailUrl\":\"https:\\\/\\\/www.accuratereviews.com\\\/wp-content\\\/uploads\\\/2020\\\/09\\\/Zoho-Meeting.png\",\"datePublished\":\"2020-09-15T11:17:02+00:00\",\"dateModified\":\"2021-02-04T14:06:12+00:00\",\"description\":\"Zoho Meeting: recensione soluzione di videoconferenza online adatta a singoli utenti e organizzazioni di piccole e grandi dimensioni.\",\"breadcrumb\":{\"@id\":\"https:\\\/\\\/www.accuratereviews.com\\\/it\\\/piattaforme-didattica-distanza\\\/zoho-meeting-recensione\\\/#breadcrumb\"},\"inLanguage\":\"it-IT\",\"potentialAction\":[{\"@type\":\"ReadAction\",\"target\":[\"https:\\\/\\\/www.accuratereviews.com\\\/it\\\/piattaforme-didattica-distanza\\\/zoho-meeting-recensione\\\/\"]}]},{\"@type\":\"ImageObject\",\"inLanguage\":\"it-IT\",\"@id\":\"https:\\\/\\\/www.accuratereviews.com\\\/it\\\/piattaforme-didattica-distanza\\\/zoho-meeting-recensione\\\/#primaryimage\",\"url\":\"https:\\\/\\\/www.accuratereviews.com\\\/wp-content\\\/uploads\\\/2020\\\/09\\\/Zoho-Meeting.png\",\"contentUrl\":\"https:\\\/\\\/www.accuratereviews.com\\\/wp-content\\\/uploads\\\/2020\\\/09\\\/Zoho-Meeting.png\",\"width\":1024,\"height\":512},{\"@type\":\"BreadcrumbList\",\"@id\":\"https:\\\/\\\/www.accuratereviews.com\\\/it\\\/piattaforme-didattica-distanza\\\/zoho-meeting-recensione\\\/#breadcrumb\",\"itemListElement\":[{\"@type\":\"ListItem\",\"position\":1,\"name\":\"Home\",\"item\":\"https:\\\/\\\/www.accuratereviews.com\\\/it\\\/\"},{\"@type\":\"ListItem\",\"position\":2,\"name\":\"Piattaforme per la didattica a distanza\",\"item\":\"https:\\\/\\\/www.accuratereviews.com\\\/it\\\/piattaforme-didattica-distanza\\\/\"},{\"@type\":\"ListItem\",\"position\":3,\"name\":\"Zoho Meeting\"}]},{\"@type\":\"WebSite\",\"@id\":\"https:\\\/\\\/www.accuratereviews.com\\\/it\\\/#website\",\"url\":\"https:\\\/\\\/www.accuratereviews.com\\\/it\\\/\",\"name\":\"Accurate Reviews\",\"description\":\"\",\"potentialAction\":[{\"@type\":\"SearchAction\",\"target\":{\"@type\":\"EntryPoint\",\"urlTemplate\":\"https:\\\/\\\/www.accuratereviews.com\\\/it\\\/?s={search_term_string}\"},\"query-input\":{\"@type\":\"PropertyValueSpecification\",\"valueRequired\":true,\"valueName\":\"search_term_string\"}}],\"inLanguage\":\"it-IT\"}]}<\/script>\n<!-- \/ Yoast SEO plugin. -->","yoast_head_json":{"title":"Zoho Meeting: recensione software didattica a distanza - Accurate Reviews","description":"Zoho Meeting: recensione soluzione di videoconferenza online adatta a singoli utenti e organizzazioni di piccole e grandi dimensioni.","robots":{"index":"index","follow":"follow","max-snippet":"max-snippet:-1","max-image-preview":"max-image-preview:large","max-video-preview":"max-video-preview:-1"},"canonical":"https:\/\/www.accuratereviews.com\/it\/piattaforme-didattica-distanza\/zoho-meeting-recensione\/","og_locale":"it_IT","og_type":"article","og_title":"Zoho Meeting: recensione software didattica a distanza - Accurate Reviews","og_description":"Zoho Meeting: recensione soluzione di videoconferenza online adatta a singoli utenti e organizzazioni di piccole e grandi dimensioni.","og_url":"https:\/\/www.accuratereviews.com\/it\/piattaforme-didattica-distanza\/zoho-meeting-recensione\/","og_site_name":"Accurate Reviews","article_modified_time":"2021-02-04T14:06:12+00:00","og_image":[{"width":1024,"height":512,"url":"https:\/\/www.accuratereviews.com\/wp-content\/uploads\/2020\/09\/Zoho-Meeting.png","type":"image\/png"}],"twitter_card":"summary_large_image","twitter_misc":{"Tempo di lettura stimato":"5 minuti"},"schema":{"@context":"https:\/\/schema.org","@graph":[{"@type":"WebPage","@id":"https:\/\/www.accuratereviews.com\/it\/piattaforme-didattica-distanza\/zoho-meeting-recensione\/","url":"https:\/\/www.accuratereviews.com\/it\/piattaforme-didattica-distanza\/zoho-meeting-recensione\/","name":"Zoho Meeting: recensione software didattica a distanza - Accurate Reviews","isPartOf":{"@id":"https:\/\/www.accuratereviews.com\/it\/#website"},"primaryImageOfPage":{"@id":"https:\/\/www.accuratereviews.com\/it\/piattaforme-didattica-distanza\/zoho-meeting-recensione\/#primaryimage"},"image":{"@id":"https:\/\/www.accuratereviews.com\/it\/piattaforme-didattica-distanza\/zoho-meeting-recensione\/#primaryimage"},"thumbnailUrl":"https:\/\/www.accuratereviews.com\/wp-content\/uploads\/2020\/09\/Zoho-Meeting.png","datePublished":"2020-09-15T11:17:02+00:00","dateModified":"2021-02-04T14:06:12+00:00","description":"Zoho Meeting: recensione soluzione di videoconferenza online adatta a singoli utenti e organizzazioni di piccole e grandi dimensioni.","breadcrumb":{"@id":"https:\/\/www.accuratereviews.com\/it\/piattaforme-didattica-distanza\/zoho-meeting-recensione\/#breadcrumb"},"inLanguage":"it-IT","potentialAction":[{"@type":"ReadAction","target":["https:\/\/www.accuratereviews.com\/it\/piattaforme-didattica-distanza\/zoho-meeting-recensione\/"]}]},{"@type":"ImageObject","inLanguage":"it-IT","@id":"https:\/\/www.accuratereviews.com\/it\/piattaforme-didattica-distanza\/zoho-meeting-recensione\/#primaryimage","url":"https:\/\/www.accuratereviews.com\/wp-content\/uploads\/2020\/09\/Zoho-Meeting.png","contentUrl":"https:\/\/www.accuratereviews.com\/wp-content\/uploads\/2020\/09\/Zoho-Meeting.png","width":1024,"height":512},{"@type":"BreadcrumbList","@id":"https:\/\/www.accuratereviews.com\/it\/piattaforme-didattica-distanza\/zoho-meeting-recensione\/#breadcrumb","itemListElement":[{"@type":"ListItem","position":1,"name":"Home","item":"https:\/\/www.accuratereviews.com\/it\/"},{"@type":"ListItem","position":2,"name":"Piattaforme per la didattica a distanza","item":"https:\/\/www.accuratereviews.com\/it\/piattaforme-didattica-distanza\/"},{"@type":"ListItem","position":3,"name":"Zoho Meeting"}]},{"@type":"WebSite","@id":"https:\/\/www.accuratereviews.com\/it\/#website","url":"https:\/\/www.accuratereviews.com\/it\/","name":"Accurate Reviews","description":"","potentialAction":[{"@type":"SearchAction","target":{"@type":"EntryPoint","urlTemplate":"https:\/\/www.accuratereviews.com\/it\/?s={search_term_string}"},"query-input":{"@type":"PropertyValueSpecification","valueRequired":true,"valueName":"search_term_string"}}],"inLanguage":"it-IT"}]}},"_links":{"self":[{"href":"https:\/\/www.accuratereviews.com\/it\/wp-json\/wp\/v2\/pages\/30311","targetHints":{"allow":["GET"]}}],"collection":[{"href":"https:\/\/www.accuratereviews.com\/it\/wp-json\/wp\/v2\/pages"}],"about":[{"href":"https:\/\/www.accuratereviews.com\/it\/wp-json\/wp\/v2\/types\/page"}],"author":[{"embeddable":true,"href":"https:\/\/www.accuratereviews.com\/it\/wp-json\/wp\/v2\/users\/19"}],"replies":[{"embeddable":true,"href":"https:\/\/www.accuratereviews.com\/it\/wp-json\/wp\/v2\/comments?post=30311"}],"version-history":[{"count":7,"href":"https:\/\/www.accuratereviews.com\/it\/wp-json\/wp\/v2\/pages\/30311\/revisions"}],"predecessor-version":[{"id":36790,"href":"https:\/\/www.accuratereviews.com\/it\/wp-json\/wp\/v2\/pages\/30311\/revisions\/36790"}],"up":[{"embeddable":true,"href":"https:\/\/www.accuratereviews.com\/it\/wp-json\/wp\/v2\/pages\/30279"}],"wp:featuredmedia":[{"embeddable":true,"href":"https:\/\/www.accuratereviews.com\/it\/wp-json\/wp\/v2\/media\/30313"}],"wp:attachment":[{"href":"https:\/\/www.accuratereviews.com\/it\/wp-json\/wp\/v2\/media?parent=30311"}],"wp:term":[{"taxonomy":"category","embeddable":true,"href":"https:\/\/www.accuratereviews.com\/it\/wp-json\/wp\/v2\/categories?post=30311"},{"taxonomy":"post_tag","embeddable":true,"href":"https:\/\/www.accuratereviews.com\/it\/wp-json\/wp\/v2\/tags?post=30311"},{"taxonomy":"features","embeddable":true,"href":"https:\/\/www.accuratereviews.com\/it\/wp-json\/wp\/v2\/features?post=30311"}],"curies":[{"name":"wp","href":"https:\/\/api.w.org\/{rel}","templated":true}]}}