{"id":30339,"date":"2020-09-16T11:06:30","date_gmt":"2020-09-16T11:06:30","guid":{"rendered":"https:\/\/www.accuratereviews.com\/?page_id=30339"},"modified":"2021-02-03T15:47:02","modified_gmt":"2021-02-03T15:47:02","slug":"alma-recensione","status":"publish","type":"page","link":"https:\/\/www.accuratereviews.com\/it\/piattaforme-didattica-distanza\/alma-recensione\/","title":{"rendered":"Alma"},"content":{"rendered":"<p><strong>Alma<\/strong> \u00e8 una <strong>piattaforma di didattica a distanza<\/strong> basata su <strong>cloud<\/strong> progettata per facilitare la comunicazione, la collaborazione e il lavoro di squadra all&#8217;interno, delle scuole e delle imprese e con i clienti. \u00c8 adatto per aziende di grandi e medie dimensioni in una variet\u00e0 di settori. Le caratteristiche principali includono strumenti di comunicazione, un wiki builder, quiz, un feed di notizie e una chat integrata.\u00a0La soluzione consente agli utenti di inviare messaggi personali e di gruppo istantanei ai propri colleghi. Gli utenti possono creare gruppi di chat separati relativi a progetti e team e le attivit\u00e0 possono essere raggruppate in progetti e sottoprogetti. I gruppi di chat hanno controlli di accesso in modo che solo i membri di un gruppo o di un progetto possano vedere i messaggi inviati a quel gruppo.<\/p>\n<h2>ALMA &#8211; TUTORIAL<\/h2>\n<p>Il tutorial che segue illustra i principali strumenti di questo <strong>software di didattica a distanza<\/strong>:<\/p>\n<div id=\"fluid-wrapper-counter-1\" class=\"g1-fluid-wrapper \" style=\"width:686px;\">\n<div style=\"padding-bottom:56.268221574344%;\"><iframe loading=\"lazy\" title=\"Day to Day\" width=\"686\" height=\"386\" src=\"https:\/\/www.youtube.com\/embed\/S7duwuFBDhg?feature=oembed&amp;wmode=transparent&amp;autohide=1&amp;autoplay=0&amp;disablekb=0&amp;fs=1&amp;loop=0&amp;enablejsapi=1&amp;rel=0&amp;controls=2&amp;showinfo=0&amp;wmode=transparent&amp;autohide=2&amp;autoplay=0&amp;disablekb=0&amp;fs=1&amp;loop=0&amp;enablejsapi=1&amp;rel=0&amp;controls=2&amp;showinfo=1\" frameborder=\"0\" allow=\"accelerometer; autoplay; clipboard-write; encrypted-media; gyroscope; picture-in-picture\" allowfullscreen><\/iframe><\/div>\n<\/div>\n<h3>ALMA &#8211; CARATTERISTICHE<\/h3>\n<ul>\n<li>Gestione degli incarichi<\/li>\n<li>Progettazione curriculum<\/li>\n<li>Apprendimento basato sulle competenze<\/li>\n<li>Gestione degli standard personalizzati<\/li>\n<li>Dashboard didattico<\/li>\n<li>Rapporti sui progressi<\/li>\n<li>Pagelle<\/li>\n<li>Apprendimento basato sulle abilit\u00e0<\/li>\n<li>Registro dei voti<\/li>\n<li>Comunicazione tramite posta elettronica<\/li>\n<li>Messaggistica di gruppo per personale, studenti, genitori, clienti<\/li>\n<li>Note personali sicure<\/li>\n<li>Avvisi di testo<\/li>\n<li>Messaggistica vocale<\/li>\n<li>Report personalizzati avanzati per utenti esperti<\/li>\n<li>Visualizzazione dei dati per tutti gli utenti<\/li>\n<li>Report di stato affidabile, accurato e semplice<\/li>\n<li>Accesso basato sui ruoli<\/li>\n<li>Salva e pubblica per i membri del personale<\/li>\n<li>Creazione di rapporti personalizzati semplificata per tutti i membri del personale<\/li>\n<li>Registro delle attivit\u00e0<\/li>\n<li>Creazione di moduli personalizzati<\/li>\n<li>Flussi di lavoro<\/li>\n<li>Firma digitale<\/li>\n<li>Elenco di aggiornamenti \/ modifiche per la nuova registrazione<\/li>\n<li>Interfaccia mobile<\/li>\n<li>Classifiche e punteggi<\/li>\n<li>Caricamento sicuro dei documenti<\/li>\n<li>Visualizzazione di riepilogo<\/li>\n<\/ul>\n<h4>LE RECENSIONI DEGLI UTENTI<\/h4>\n<h4 class=\"font-weight-bold mb-1 d-flex align-items-center\">Barbara R.&#8221;ALMA \u00e8 quello che stavamo cercando &#8230;.&#8221;<\/h4>\n<p><strong>Commenti: <\/strong>Questo programma ha aiutato i nostri studenti, il personale e i genitori a utilizzare un unico sistema di gestione degli studenti e a utilizzarlo al massimo delle sue potenzialit\u00e0. Ogni gruppo di persone \u00e8 in grado di estrarre dal sistema le informazioni vitali di cui ha bisogno; alcuni hanno bisogno di pi\u00f9 di altri e il programma ha affrontato tutti i livelli di informazione e tutti i livelli di utente. Questo era importante per noi perch\u00e9 avevamo bisogno di qualcosa che il nostro personale potesse usare per tenere traccia dei dati demografici vitali, i nostri insegnanti potessero usare per tenere traccia dei voti e dei compiti degli studenti e tuttavia genitori e studenti potessero accedere e tenere traccia dei voti, delle valutazioni dei test e dei compiti mancanti . Soddisfa le esigenze di ogni livello.<\/p>\n<p><strong>Vantaggi: <\/strong>Questo prodotto \u00e8 molto facile da usare, in tempo reale e di facile comprensione. I nuovi utenti possono aprire questo programma SIS e navigare per trovare le informazioni che stanno cercando.<\/p>\n<p><strong>Inconvenienti: <\/strong>Siamo stati una delle prime scuole pubbliche ad aderire ad ALMA, quindi ci siamo evoluti con l&#8217;azienda. Ci sono stati dei dolori crescenti man mano che ci siamo evoluti. I team di supporto tecnico sono stati gentili e molto disponibili nel tenerci aggiornati.<\/p>\n<h4 class=\"font-weight-bold mb-1 d-flex align-items-center\">Monica M.&#8221;Ottimo SIS per piccole scuole&#8221;<\/h4>\n<p><strong>Vantaggi: <\/strong>Alma \u00e8 il SIS pi\u00f9 user-friendly che abbia mai usato. \u00c8 intuitivo per amministratori, insegnanti, studenti e famiglie. La sua semplicit\u00e0 lo rende molto facile da navigare. Tuttavia, la sua funzionalit\u00e0 \u00e8 completa, soprattutto per una piccola scuola. Ho esperienza con alcuni dei sistemi pi\u00f9 grandi e conosciuti e si sono sempre sentiti goffi e difficili da capire se non avessi un background tecnologico profondo. Amplify \u00e8 facile da usare fuori dagli schemi.<\/p>\n<p><strong>Inconvenienti: <\/strong>La mia pi\u00f9 grande lamentela \u00e8 che vorrei che l&#8217;ID studente fosse su ogni rapporto disponibile. A volte devo eseguire una ricerca v per queste informazioni, che \u00e8 un passaggio aggiuntivo. Inoltre, mi piace che il loro personale di supporto sia prontamente disponibile in chat. A volte rispondono anche di notte e nei fine settimana! A volte, per\u00f2, vorrei poter prendere il telefono e chiamarli per una domanda pi\u00f9 complicata.<\/p>\n<h4 class=\"font-weight-bold mb-1 d-flex align-items-center\">E. F.&#8221;Grande supporto!&#8221;<\/h4>\n<p><strong>Commenti: <\/strong>Abbiamo sempre avuto un grande successo con Alma. Sono solidali, amichevoli e reattivi.<\/p>\n<p><strong>Vantaggi: <\/strong>I rappresentanti del servizio clienti sono sempre gentili e di supporto. Sono pronti a rispondere e pronti ad aiutare. Cambiano persino il loro software in base ai suggerimenti.<\/p>\n<p><strong>Inconvenienti: <\/strong>Non c&#8217;\u00e8 niente che mi piaccia di meno in questo software. Sono sempre disponibili ad aiutare e aggiornare.<\/p>\n","protected":false},"excerpt":{"rendered":"<p>Alma \u00e8 una piattaforma di didattica a distanza basata su cloud progettata per facilitare la comunicazione, la collaborazione e il lavoro di squadra all&#8217;interno delle imprese e con i clienti. \u00c8 adatto per aziende di grandi e medie dimensioni in una variet\u00e0 di settori. Le caratteristiche principali includono strumenti di comunicazione, un wiki builder, quiz, un feed di notizie e una chat integrata.\u00a0<\/p>\n","protected":false},"author":19,"featured_media":30342,"parent":30279,"menu_order":0,"comment_status":"open","ping_status":"closed","template":"g1_template_page_review_new.php","meta":{"_acf_changed":false,"cwp_meta_box_check":"Yes","cwp_rev_product_name":"","cwp_rev_product_image":"","wppr_links":[],"cwp_rev_price":"","wppr_options":[],"wppr_pros":[],"wppr_cons":[],"_monsterinsights_skip_tracking":false,"_monsterinsights_sitenote_active":false,"_monsterinsights_sitenote_note":"","_monsterinsights_sitenote_category":0,"footnotes":""},"categories":[3634],"tags":[3654,396,3641,3639,3637,3638],"features":[],"class_list":{"0":"post-30339","1":"page","2":"type-page","3":"status-publish","4":"has-post-thumbnail","6":"category-piattaforme-per-la-didattica-a-distanza-categoria","7":"tag-alma","8":"tag-cloud","9":"tag-piattaforma-di-didattica-a-distanza","10":"tag-programma-di-didattica-a-distanza","11":"tag-software-di-didattica-a-distanza","12":"tag-soluzione-di-didattica-a-distanza"},"wppr_data":{"cwp_meta_box_check":"Yes","cwp_rev_product_name":"","cwp_rev_product_image":"","cwp_image_link":"image","cwp_rev_price":"","wppr_rating":"0.00"},"acf":[],"yoast_head":"<!-- This site is optimized with the Yoast SEO plugin v27.4 - https:\/\/yoast.com\/product\/yoast-seo-wordpress\/ -->\n<title>Alma: recensione software di didattica a distanza - Accurate Reviews<\/title>\n<meta name=\"description\" content=\"Alma: recensione software di didattica basata su cloud progettata per facilitare la comunicazione, la collaborazione e lavoro in team.\" \/>\n<meta name=\"robots\" content=\"index, follow, max-snippet:-1, max-image-preview:large, max-video-preview:-1\" \/>\n<link rel=\"canonical\" href=\"https:\/\/www.accuratereviews.com\/it\/piattaforme-didattica-distanza\/alma-recensione\/\" \/>\n<meta property=\"og:locale\" content=\"it_IT\" \/>\n<meta property=\"og:type\" content=\"article\" \/>\n<meta property=\"og:title\" content=\"Alma: recensione software di didattica a distanza - Accurate Reviews\" \/>\n<meta property=\"og:description\" content=\"Alma: recensione software di didattica basata su cloud progettata per facilitare la comunicazione, la collaborazione e lavoro in team.\" \/>\n<meta property=\"og:url\" content=\"https:\/\/www.accuratereviews.com\/it\/piattaforme-didattica-distanza\/alma-recensione\/\" \/>\n<meta property=\"og:site_name\" content=\"Accurate Reviews\" \/>\n<meta property=\"article:modified_time\" content=\"2021-02-03T15:47:02+00:00\" \/>\n<meta property=\"og:image\" content=\"https:\/\/www.accuratereviews.com\/wp-content\/uploads\/2020\/09\/alma.jpg\" \/>\n\t<meta property=\"og:image:width\" content=\"225\" \/>\n\t<meta property=\"og:image:height\" content=\"225\" \/>\n\t<meta property=\"og:image:type\" content=\"image\/jpeg\" \/>\n<meta name=\"twitter:card\" content=\"summary_large_image\" \/>\n<meta name=\"twitter:label1\" content=\"Tempo di lettura stimato\" \/>\n\t<meta name=\"twitter:data1\" content=\"4 minuti\" \/>\n<script type=\"application\/ld+json\" class=\"yoast-schema-graph\">{\"@context\":\"https:\\\/\\\/schema.org\",\"@graph\":[{\"@type\":\"WebPage\",\"@id\":\"https:\\\/\\\/www.accuratereviews.com\\\/it\\\/piattaforme-didattica-distanza\\\/alma-recensione\\\/\",\"url\":\"https:\\\/\\\/www.accuratereviews.com\\\/it\\\/piattaforme-didattica-distanza\\\/alma-recensione\\\/\",\"name\":\"Alma: recensione software di didattica a distanza - Accurate Reviews\",\"isPartOf\":{\"@id\":\"https:\\\/\\\/www.accuratereviews.com\\\/it\\\/#website\"},\"primaryImageOfPage\":{\"@id\":\"https:\\\/\\\/www.accuratereviews.com\\\/it\\\/piattaforme-didattica-distanza\\\/alma-recensione\\\/#primaryimage\"},\"image\":{\"@id\":\"https:\\\/\\\/www.accuratereviews.com\\\/it\\\/piattaforme-didattica-distanza\\\/alma-recensione\\\/#primaryimage\"},\"thumbnailUrl\":\"https:\\\/\\\/www.accuratereviews.com\\\/wp-content\\\/uploads\\\/2020\\\/09\\\/alma.jpg\",\"datePublished\":\"2020-09-16T11:06:30+00:00\",\"dateModified\":\"2021-02-03T15:47:02+00:00\",\"description\":\"Alma: recensione software di didattica basata su cloud progettata per facilitare la comunicazione, la collaborazione e lavoro in team.\",\"breadcrumb\":{\"@id\":\"https:\\\/\\\/www.accuratereviews.com\\\/it\\\/piattaforme-didattica-distanza\\\/alma-recensione\\\/#breadcrumb\"},\"inLanguage\":\"it-IT\",\"potentialAction\":[{\"@type\":\"ReadAction\",\"target\":[\"https:\\\/\\\/www.accuratereviews.com\\\/it\\\/piattaforme-didattica-distanza\\\/alma-recensione\\\/\"]}]},{\"@type\":\"ImageObject\",\"inLanguage\":\"it-IT\",\"@id\":\"https:\\\/\\\/www.accuratereviews.com\\\/it\\\/piattaforme-didattica-distanza\\\/alma-recensione\\\/#primaryimage\",\"url\":\"https:\\\/\\\/www.accuratereviews.com\\\/wp-content\\\/uploads\\\/2020\\\/09\\\/alma.jpg\",\"contentUrl\":\"https:\\\/\\\/www.accuratereviews.com\\\/wp-content\\\/uploads\\\/2020\\\/09\\\/alma.jpg\",\"width\":225,\"height\":225},{\"@type\":\"BreadcrumbList\",\"@id\":\"https:\\\/\\\/www.accuratereviews.com\\\/it\\\/piattaforme-didattica-distanza\\\/alma-recensione\\\/#breadcrumb\",\"itemListElement\":[{\"@type\":\"ListItem\",\"position\":1,\"name\":\"Home\",\"item\":\"https:\\\/\\\/www.accuratereviews.com\\\/it\\\/\"},{\"@type\":\"ListItem\",\"position\":2,\"name\":\"Piattaforme per la didattica a distanza\",\"item\":\"https:\\\/\\\/www.accuratereviews.com\\\/it\\\/piattaforme-didattica-distanza\\\/\"},{\"@type\":\"ListItem\",\"position\":3,\"name\":\"Alma\"}]},{\"@type\":\"WebSite\",\"@id\":\"https:\\\/\\\/www.accuratereviews.com\\\/it\\\/#website\",\"url\":\"https:\\\/\\\/www.accuratereviews.com\\\/it\\\/\",\"name\":\"Accurate Reviews\",\"description\":\"\",\"potentialAction\":[{\"@type\":\"SearchAction\",\"target\":{\"@type\":\"EntryPoint\",\"urlTemplate\":\"https:\\\/\\\/www.accuratereviews.com\\\/it\\\/?s={search_term_string}\"},\"query-input\":{\"@type\":\"PropertyValueSpecification\",\"valueRequired\":true,\"valueName\":\"search_term_string\"}}],\"inLanguage\":\"it-IT\"}]}<\/script>\n<!-- \/ Yoast SEO plugin. -->","yoast_head_json":{"title":"Alma: recensione software di didattica a distanza - Accurate Reviews","description":"Alma: recensione software di didattica basata su cloud progettata per facilitare la comunicazione, la collaborazione e lavoro in team.","robots":{"index":"index","follow":"follow","max-snippet":"max-snippet:-1","max-image-preview":"max-image-preview:large","max-video-preview":"max-video-preview:-1"},"canonical":"https:\/\/www.accuratereviews.com\/it\/piattaforme-didattica-distanza\/alma-recensione\/","og_locale":"it_IT","og_type":"article","og_title":"Alma: recensione software di didattica a distanza - Accurate Reviews","og_description":"Alma: recensione software di didattica basata su cloud progettata per facilitare la comunicazione, la collaborazione e lavoro in team.","og_url":"https:\/\/www.accuratereviews.com\/it\/piattaforme-didattica-distanza\/alma-recensione\/","og_site_name":"Accurate Reviews","article_modified_time":"2021-02-03T15:47:02+00:00","og_image":[{"width":225,"height":225,"url":"https:\/\/www.accuratereviews.com\/wp-content\/uploads\/2020\/09\/alma.jpg","type":"image\/jpeg"}],"twitter_card":"summary_large_image","twitter_misc":{"Tempo di lettura stimato":"4 minuti"},"schema":{"@context":"https:\/\/schema.org","@graph":[{"@type":"WebPage","@id":"https:\/\/www.accuratereviews.com\/it\/piattaforme-didattica-distanza\/alma-recensione\/","url":"https:\/\/www.accuratereviews.com\/it\/piattaforme-didattica-distanza\/alma-recensione\/","name":"Alma: recensione software di didattica a distanza - Accurate Reviews","isPartOf":{"@id":"https:\/\/www.accuratereviews.com\/it\/#website"},"primaryImageOfPage":{"@id":"https:\/\/www.accuratereviews.com\/it\/piattaforme-didattica-distanza\/alma-recensione\/#primaryimage"},"image":{"@id":"https:\/\/www.accuratereviews.com\/it\/piattaforme-didattica-distanza\/alma-recensione\/#primaryimage"},"thumbnailUrl":"https:\/\/www.accuratereviews.com\/wp-content\/uploads\/2020\/09\/alma.jpg","datePublished":"2020-09-16T11:06:30+00:00","dateModified":"2021-02-03T15:47:02+00:00","description":"Alma: recensione software di didattica basata su cloud progettata per facilitare la comunicazione, la collaborazione e lavoro in team.","breadcrumb":{"@id":"https:\/\/www.accuratereviews.com\/it\/piattaforme-didattica-distanza\/alma-recensione\/#breadcrumb"},"inLanguage":"it-IT","potentialAction":[{"@type":"ReadAction","target":["https:\/\/www.accuratereviews.com\/it\/piattaforme-didattica-distanza\/alma-recensione\/"]}]},{"@type":"ImageObject","inLanguage":"it-IT","@id":"https:\/\/www.accuratereviews.com\/it\/piattaforme-didattica-distanza\/alma-recensione\/#primaryimage","url":"https:\/\/www.accuratereviews.com\/wp-content\/uploads\/2020\/09\/alma.jpg","contentUrl":"https:\/\/www.accuratereviews.com\/wp-content\/uploads\/2020\/09\/alma.jpg","width":225,"height":225},{"@type":"BreadcrumbList","@id":"https:\/\/www.accuratereviews.com\/it\/piattaforme-didattica-distanza\/alma-recensione\/#breadcrumb","itemListElement":[{"@type":"ListItem","position":1,"name":"Home","item":"https:\/\/www.accuratereviews.com\/it\/"},{"@type":"ListItem","position":2,"name":"Piattaforme per la didattica a distanza","item":"https:\/\/www.accuratereviews.com\/it\/piattaforme-didattica-distanza\/"},{"@type":"ListItem","position":3,"name":"Alma"}]},{"@type":"WebSite","@id":"https:\/\/www.accuratereviews.com\/it\/#website","url":"https:\/\/www.accuratereviews.com\/it\/","name":"Accurate Reviews","description":"","potentialAction":[{"@type":"SearchAction","target":{"@type":"EntryPoint","urlTemplate":"https:\/\/www.accuratereviews.com\/it\/?s={search_term_string}"},"query-input":{"@type":"PropertyValueSpecification","valueRequired":true,"valueName":"search_term_string"}}],"inLanguage":"it-IT"}]}},"_links":{"self":[{"href":"https:\/\/www.accuratereviews.com\/it\/wp-json\/wp\/v2\/pages\/30339","targetHints":{"allow":["GET"]}}],"collection":[{"href":"https:\/\/www.accuratereviews.com\/it\/wp-json\/wp\/v2\/pages"}],"about":[{"href":"https:\/\/www.accuratereviews.com\/it\/wp-json\/wp\/v2\/types\/page"}],"author":[{"embeddable":true,"href":"https:\/\/www.accuratereviews.com\/it\/wp-json\/wp\/v2\/users\/19"}],"replies":[{"embeddable":true,"href":"https:\/\/www.accuratereviews.com\/it\/wp-json\/wp\/v2\/comments?post=30339"}],"version-history":[{"count":6,"href":"https:\/\/www.accuratereviews.com\/it\/wp-json\/wp\/v2\/pages\/30339\/revisions"}],"predecessor-version":[{"id":36679,"href":"https:\/\/www.accuratereviews.com\/it\/wp-json\/wp\/v2\/pages\/30339\/revisions\/36679"}],"up":[{"embeddable":true,"href":"https:\/\/www.accuratereviews.com\/it\/wp-json\/wp\/v2\/pages\/30279"}],"wp:featuredmedia":[{"embeddable":true,"href":"https:\/\/www.accuratereviews.com\/it\/wp-json\/wp\/v2\/media\/30342"}],"wp:attachment":[{"href":"https:\/\/www.accuratereviews.com\/it\/wp-json\/wp\/v2\/media?parent=30339"}],"wp:term":[{"taxonomy":"category","embeddable":true,"href":"https:\/\/www.accuratereviews.com\/it\/wp-json\/wp\/v2\/categories?post=30339"},{"taxonomy":"post_tag","embeddable":true,"href":"https:\/\/www.accuratereviews.com\/it\/wp-json\/wp\/v2\/tags?post=30339"},{"taxonomy":"features","embeddable":true,"href":"https:\/\/www.accuratereviews.com\/it\/wp-json\/wp\/v2\/features?post=30339"}],"curies":[{"name":"wp","href":"https:\/\/api.w.org\/{rel}","templated":true}]}}