{"id":30347,"date":"2020-09-16T11:07:50","date_gmt":"2020-09-16T11:07:50","guid":{"rendered":"https:\/\/www.accuratereviews.com\/?page_id=30347"},"modified":"2021-02-03T16:12:17","modified_gmt":"2021-02-03T16:12:17","slug":"edsby-recensione","status":"publish","type":"page","link":"https:\/\/www.accuratereviews.com\/it\/piattaforme-didattica-distanza\/edsby-recensione\/","title":{"rendered":"Edsby"},"content":{"rendered":"<p><strong>Edsby<\/strong> \u00e8 un<strong>\u00a0sistema di gestione dell&#8217;apprendimento (LMS)<\/strong> progettato specificamente per le scuole primarie private e pubbliche. Oltre alla funzionalit\u00e0 LMS, include i registri dei voti, funzionalit\u00e0 di test e valutazione. Il software fornisce agli insegnanti strumenti per gestire elettronicamente le presenze, inviare messaggi privati \u200b\u200bai genitori e collaborare con i colleghi. Gli insegnanti possono riutilizzare i contenuti per utilizzarli in tante classi o negli anni successivi. Le funzionalit\u00e0 di test supportano le valutazioni formative. I voti vengono calcolati e registrati automaticamente ed eventuali anomalie vengono segnalate. Inoltre, studenti e genitori possono visualizzare i voti una volta pubblicati e vengono informati sui compiti.<\/p>\n<h2>EDSBY &#8211; TUTORIAL<\/h2>\n<p>Vediamo insieme il tutorial che mostra come utilizzare questo <strong>software di didattica a distanza<\/strong>:<\/p>\n<div id=\"fluid-wrapper-counter-1\" class=\"g1-fluid-wrapper \" style=\"width:686px;\">\n<div style=\"padding-bottom:56.268221574344%;\"><iframe loading=\"lazy\" title=\"Edsby Teacher Training\" width=\"686\" height=\"386\" src=\"https:\/\/www.youtube.com\/embed\/Fps6-5CG6ag?feature=oembed&amp;wmode=transparent&amp;autohide=1&amp;autoplay=0&amp;disablekb=0&amp;fs=1&amp;loop=0&amp;enablejsapi=1&amp;rel=0&amp;controls=2&amp;showinfo=0&amp;wmode=transparent&amp;autohide=2&amp;autoplay=0&amp;disablekb=0&amp;fs=1&amp;loop=0&amp;enablejsapi=1&amp;rel=0&amp;controls=2&amp;showinfo=1\" frameborder=\"0\" allow=\"accelerometer; autoplay; clipboard-write; encrypted-media; gyroscope; picture-in-picture\" allowfullscreen><\/iframe><\/div>\n<\/div>\n<h3>EDSBY &#8211; CARATTERISTICHE<\/h3>\n<ul>\n<li><strong>Gestione della classe<\/strong>: crea uno spazio online privato e sicuro per ogni classe in un distretto scolastico e la soluzione fornisce agli educatori una frequenza di livello mondiale, la gestione dei contenuti dei corsi e altri strumenti<\/li>\n<li><strong>Valutazione e reportistica<\/strong>: consente agli insegnanti di acquisire prove dell&#8217;apprendimento, anche nei primi anni, rispetto agli standard utilizzando i pi\u00f9 recenti schemi di valutazione. Gli educatori possono triangolare e comunicare i progressi degli studenti in modo pi\u00f9 potente che con qualsiasi altro sistema<\/li>\n<li><strong>Collaborazione di gruppo<\/strong>: i gruppi della soluzione danno ai club scolastici e alle squadre i posti per organizzarsi. Possono essere utilizzati anche per lo sviluppo professionale distrettuale o regionale, i PLC e l&#8217;apprendimento guidato dagli studenti<\/li>\n<li><strong>Orario e calendario<\/strong>: il sistema di calendario e pianificazione \u00e8 stato creato per tutti i programmi speciali in K-12, inclusi i cicli giornalieri personalizzati, i programmi periodici e le vacanze<\/li>\n<li><strong>Coinvolgimento dei genitori<\/strong>: nella scuola primaria e secondaria, i genitori svolgono un ruolo fondamentale. Ma spesso viene chiesto loro di utilizzare diverse applicazioni per seguire l&#8217;istruzione dei propri figli a seconda di ci\u00f2 che i singoli insegnanti hanno selezionato. Il software consente alle famiglie di vedere cosa succede a scuola in un&#8217;unica app ufficiale e sicura<\/li>\n<li><strong>Registrazioni e flussi di lavoro<\/strong>: usa la piattaforma per le registrazioni, la pianificazione genitore-insegnante, l&#8217;ottenimento delle approvazioni di viaggi sul campo, l&#8217;invio dei dati della pagella all&#8217;ufficio e altro ancora<\/li>\n<li><strong>Notizie<\/strong>: condividi gli ultimi avvenimenti con studenti e genitori. Assicurati che tutti vedano cosa sta succedendo senza dover inviare note a casa. Anche le notizie a livello di distretto, regionale o nazionale possono essere condivise con tutti<\/li>\n<li><strong>Analytics<\/strong>: tutte le parti interessate in una scuola, distretto o regione dovrebbero essere in grado di utilizzare i dati per formare intuizioni e agire. Indipendentemente da dove risiedono i dati, il programma mette nelle mani degli educatori in tempo reale, non nella loro visuale posteriore<\/li>\n<li><strong>Consolidamento dei dati<\/strong>: la soluzione pu\u00f2 raccogliere e normalizzare i dati K-12 da molte posizioni diverse utilizzando protocolli diversi e renderli utilizzabili da altre applicazioni<\/li>\n<\/ul>\n<h4>LE RECENSIONI DEGLI UTENTI<\/h4>\n<h4 class=\"font-weight-bold mb-1 d-flex align-items-center\">Jeanne W.&#8221;Strumento di comunicazione Edsby&#8221;<\/h4>\n<p><strong>Commenti: <\/strong>L&#8217;uso quotidiano di Edsby \u00e8 coerente e tempestivo. Il personale di Edsby \u00e8 sempre pronto ad aiutare.<\/p>\n<p><strong>Vantaggi: <\/strong>Edsby offre alle scuole uno strumento di comunicazione di grande successo. Edsby collega, amministratori, insegnanti, studenti e genitori con una conoscenza quotidiana del progresso accademico e personale degli studenti.<\/p>\n<p><strong>Inconvenienti: <\/strong>Con COVID 19 sarebbe fantastico se Edsby potesse integrare Edusafe Screening con il proprio programma.<\/p>\n<h4 class=\"font-weight-bold mb-1 d-flex align-items-center\">Jennifer H.&#8221;Fa il lavoro, potrebbe essere meglio per\u00f2&#8221;<\/h4>\n<p><strong>Commenti: <\/strong>Nel complesso, Edsby \u00e8 un prodotto decente che ha gestito tutte le basi, ma c&#8217;\u00e8 molto che pu\u00f2 essere migliorato. Sarebbe opportuno che lo sviluppatore si sedesse con un insegnante che lavora attivamente nel tempo e veda come funziona il prodotto e trovi le lacune che potrebbero essere migliorate.<\/p>\n<p><strong>Vantaggi: <\/strong>Mi piace la possibilit\u00e0 di poter copiare un compito in pi\u00f9 classi piuttosto che crearlo pi\u00f9 volte. Mi piace anche la possibilit\u00e0 di creare compiti che gli studenti possono completare online con la valutazione automatica. Questo \u00e8 un enorme risparmio di tempo.<\/p>\n<p><strong>Inconvenienti: <\/strong>C&#8217;erano parecchie cose che potevano essere migliorate. La segnalazione degli avvisi di avanzamento non era delle migliori e la presentazione di un grafico a linee come prima visualizzazione per gli studenti invece di vedere effettivamente l&#8217;elenco delle valutazioni con i punteggi era sempre problematica. Molti studenti non capiscono mai di fare clic sulla scheda successiva e non hanno mai avuto una buona conoscenza dei loro punteggi. Inoltre, c&#8217;erano alcune funzionalit\u00e0 che erano davvero utili di cui non avevo mai sentito parlare in 3 anni di utilizzo di questo prodotto, fino a quando tutto l&#8217;e-learning non si \u00e8 svolto e non \u00e8 diventato un mare di informazioni da esaminare. Sebbene nel complesso un prodotto decente, potrei continuare &#8230;<\/p>\n<div class=\"ml-4 pl-4 border-left border-left__dotted i18n-translation_vendor_container\" data-translation-id=\"2241738\" data-translation-vendor-target=\"original\">\n<div class=\"d-flex flex-wrap flex-md-nowrap align-items-center\">\n<h4 class=\"font-weight-bold mb-1 d-flex align-items-center\">Farrell R.&#8221;Edsby per la scuola media&#8221;<\/h4>\n<p><strong>Commenti: <\/strong>Ottimo per online<\/p>\n<p><strong>Vantaggi: <\/strong>MOLTO studente amichevole. I bambini possono facilmente navigare e trovare lavoro<\/p>\n<p><strong>Inconvenienti: <\/strong>Vorrei la ponderazione degli incarichi e non solo i punti che potrebbero essere segnati.<\/p>\n<\/div>\n<\/div>\n","protected":false},"excerpt":{"rendered":"<p>Edsby \u00e8 un\u00a0sistema di gestione dell&#8217;apprendimento (LMS) progettato specificamente per le scuole primarie private e pubbliche. Oltre alla funzionalit\u00e0 LMS, include i registri dei voti, funzionalit\u00e0 di test e valutazione.\u00a0Il software fornisce agli insegnanti strumenti per gestire elettronicamente le presenze, inviare messaggi privati \u200b\u200bai genitori e collaborare con i colleghi.<\/p>\n","protected":false},"author":19,"featured_media":30348,"parent":30279,"menu_order":0,"comment_status":"open","ping_status":"closed","template":"g1_template_page_review_new.php","meta":{"_acf_changed":false,"cwp_meta_box_check":"Yes","cwp_rev_product_name":"","cwp_rev_product_image":"","wppr_links":[],"cwp_rev_price":"","wppr_options":[],"wppr_pros":[],"wppr_cons":[],"_monsterinsights_skip_tracking":false,"_monsterinsights_sitenote_active":false,"_monsterinsights_sitenote_note":"","_monsterinsights_sitenote_category":0,"footnotes":""},"categories":[3634],"tags":[396,3655,3641,3639,3637,3638],"features":[],"class_list":{"0":"post-30347","1":"page","2":"type-page","3":"status-publish","4":"has-post-thumbnail","6":"category-piattaforme-per-la-didattica-a-distanza-categoria","7":"tag-cloud","8":"tag-edsby","9":"tag-piattaforma-di-didattica-a-distanza","10":"tag-programma-di-didattica-a-distanza","11":"tag-software-di-didattica-a-distanza","12":"tag-soluzione-di-didattica-a-distanza"},"wppr_data":{"cwp_meta_box_check":"Yes","cwp_rev_product_name":"","cwp_rev_product_image":"","cwp_image_link":"image","cwp_rev_price":"","wppr_rating":"0.00"},"acf":[],"yoast_head":"<!-- This site is optimized with the Yoast SEO plugin v27.4 - https:\/\/yoast.com\/product\/yoast-seo-wordpress\/ -->\n<title>Edsby: recensione software di didattica a distanza - Accurate Reviews<\/title>\n<meta name=\"description\" content=\"Edsby: recensione sistema di gestione dell&#039;apprendimento (LMS) progettato specificamente per le scuole primarie private e pubbliche.\" \/>\n<meta name=\"robots\" content=\"index, follow, max-snippet:-1, max-image-preview:large, max-video-preview:-1\" \/>\n<link rel=\"canonical\" href=\"https:\/\/www.accuratereviews.com\/it\/piattaforme-didattica-distanza\/edsby-recensione\/\" \/>\n<meta property=\"og:locale\" content=\"it_IT\" \/>\n<meta property=\"og:type\" content=\"article\" \/>\n<meta property=\"og:title\" content=\"Edsby: recensione software di didattica a distanza - Accurate Reviews\" \/>\n<meta property=\"og:description\" content=\"Edsby: recensione sistema di gestione dell&#039;apprendimento (LMS) progettato specificamente per le scuole primarie private e pubbliche.\" \/>\n<meta property=\"og:url\" content=\"https:\/\/www.accuratereviews.com\/it\/piattaforme-didattica-distanza\/edsby-recensione\/\" \/>\n<meta property=\"og:site_name\" content=\"Accurate Reviews\" \/>\n<meta property=\"article:modified_time\" content=\"2021-02-03T16:12:17+00:00\" \/>\n<meta property=\"og:image\" content=\"https:\/\/www.accuratereviews.com\/wp-content\/uploads\/2020\/09\/EDSBY.jpg\" \/>\n\t<meta property=\"og:image:width\" content=\"225\" \/>\n\t<meta property=\"og:image:height\" content=\"225\" \/>\n\t<meta property=\"og:image:type\" content=\"image\/jpeg\" \/>\n<meta name=\"twitter:card\" content=\"summary_large_image\" \/>\n<meta name=\"twitter:label1\" content=\"Tempo di lettura stimato\" \/>\n\t<meta name=\"twitter:data1\" content=\"4 minuti\" \/>\n<script type=\"application\/ld+json\" class=\"yoast-schema-graph\">{\"@context\":\"https:\\\/\\\/schema.org\",\"@graph\":[{\"@type\":\"WebPage\",\"@id\":\"https:\\\/\\\/www.accuratereviews.com\\\/it\\\/piattaforme-didattica-distanza\\\/edsby-recensione\\\/\",\"url\":\"https:\\\/\\\/www.accuratereviews.com\\\/it\\\/piattaforme-didattica-distanza\\\/edsby-recensione\\\/\",\"name\":\"Edsby: recensione software di didattica a distanza - Accurate Reviews\",\"isPartOf\":{\"@id\":\"https:\\\/\\\/www.accuratereviews.com\\\/it\\\/#website\"},\"primaryImageOfPage\":{\"@id\":\"https:\\\/\\\/www.accuratereviews.com\\\/it\\\/piattaforme-didattica-distanza\\\/edsby-recensione\\\/#primaryimage\"},\"image\":{\"@id\":\"https:\\\/\\\/www.accuratereviews.com\\\/it\\\/piattaforme-didattica-distanza\\\/edsby-recensione\\\/#primaryimage\"},\"thumbnailUrl\":\"https:\\\/\\\/www.accuratereviews.com\\\/wp-content\\\/uploads\\\/2020\\\/09\\\/EDSBY.jpg\",\"datePublished\":\"2020-09-16T11:07:50+00:00\",\"dateModified\":\"2021-02-03T16:12:17+00:00\",\"description\":\"Edsby: recensione sistema di gestione dell'apprendimento (LMS) progettato specificamente per le scuole primarie private e pubbliche.\",\"breadcrumb\":{\"@id\":\"https:\\\/\\\/www.accuratereviews.com\\\/it\\\/piattaforme-didattica-distanza\\\/edsby-recensione\\\/#breadcrumb\"},\"inLanguage\":\"it-IT\",\"potentialAction\":[{\"@type\":\"ReadAction\",\"target\":[\"https:\\\/\\\/www.accuratereviews.com\\\/it\\\/piattaforme-didattica-distanza\\\/edsby-recensione\\\/\"]}]},{\"@type\":\"ImageObject\",\"inLanguage\":\"it-IT\",\"@id\":\"https:\\\/\\\/www.accuratereviews.com\\\/it\\\/piattaforme-didattica-distanza\\\/edsby-recensione\\\/#primaryimage\",\"url\":\"https:\\\/\\\/www.accuratereviews.com\\\/wp-content\\\/uploads\\\/2020\\\/09\\\/EDSBY.jpg\",\"contentUrl\":\"https:\\\/\\\/www.accuratereviews.com\\\/wp-content\\\/uploads\\\/2020\\\/09\\\/EDSBY.jpg\",\"width\":225,\"height\":225},{\"@type\":\"BreadcrumbList\",\"@id\":\"https:\\\/\\\/www.accuratereviews.com\\\/it\\\/piattaforme-didattica-distanza\\\/edsby-recensione\\\/#breadcrumb\",\"itemListElement\":[{\"@type\":\"ListItem\",\"position\":1,\"name\":\"Home\",\"item\":\"https:\\\/\\\/www.accuratereviews.com\\\/it\\\/\"},{\"@type\":\"ListItem\",\"position\":2,\"name\":\"Piattaforme per la didattica a distanza\",\"item\":\"https:\\\/\\\/www.accuratereviews.com\\\/it\\\/piattaforme-didattica-distanza\\\/\"},{\"@type\":\"ListItem\",\"position\":3,\"name\":\"Edsby\"}]},{\"@type\":\"WebSite\",\"@id\":\"https:\\\/\\\/www.accuratereviews.com\\\/it\\\/#website\",\"url\":\"https:\\\/\\\/www.accuratereviews.com\\\/it\\\/\",\"name\":\"Accurate Reviews\",\"description\":\"\",\"potentialAction\":[{\"@type\":\"SearchAction\",\"target\":{\"@type\":\"EntryPoint\",\"urlTemplate\":\"https:\\\/\\\/www.accuratereviews.com\\\/it\\\/?s={search_term_string}\"},\"query-input\":{\"@type\":\"PropertyValueSpecification\",\"valueRequired\":true,\"valueName\":\"search_term_string\"}}],\"inLanguage\":\"it-IT\"}]}<\/script>\n<!-- \/ Yoast SEO plugin. -->","yoast_head_json":{"title":"Edsby: recensione software di didattica a distanza - Accurate Reviews","description":"Edsby: recensione sistema di gestione dell'apprendimento (LMS) progettato specificamente per le scuole primarie private e pubbliche.","robots":{"index":"index","follow":"follow","max-snippet":"max-snippet:-1","max-image-preview":"max-image-preview:large","max-video-preview":"max-video-preview:-1"},"canonical":"https:\/\/www.accuratereviews.com\/it\/piattaforme-didattica-distanza\/edsby-recensione\/","og_locale":"it_IT","og_type":"article","og_title":"Edsby: recensione software di didattica a distanza - Accurate Reviews","og_description":"Edsby: recensione sistema di gestione dell'apprendimento (LMS) progettato specificamente per le scuole primarie private e pubbliche.","og_url":"https:\/\/www.accuratereviews.com\/it\/piattaforme-didattica-distanza\/edsby-recensione\/","og_site_name":"Accurate Reviews","article_modified_time":"2021-02-03T16:12:17+00:00","og_image":[{"width":225,"height":225,"url":"https:\/\/www.accuratereviews.com\/wp-content\/uploads\/2020\/09\/EDSBY.jpg","type":"image\/jpeg"}],"twitter_card":"summary_large_image","twitter_misc":{"Tempo di lettura stimato":"4 minuti"},"schema":{"@context":"https:\/\/schema.org","@graph":[{"@type":"WebPage","@id":"https:\/\/www.accuratereviews.com\/it\/piattaforme-didattica-distanza\/edsby-recensione\/","url":"https:\/\/www.accuratereviews.com\/it\/piattaforme-didattica-distanza\/edsby-recensione\/","name":"Edsby: recensione software di didattica a distanza - Accurate Reviews","isPartOf":{"@id":"https:\/\/www.accuratereviews.com\/it\/#website"},"primaryImageOfPage":{"@id":"https:\/\/www.accuratereviews.com\/it\/piattaforme-didattica-distanza\/edsby-recensione\/#primaryimage"},"image":{"@id":"https:\/\/www.accuratereviews.com\/it\/piattaforme-didattica-distanza\/edsby-recensione\/#primaryimage"},"thumbnailUrl":"https:\/\/www.accuratereviews.com\/wp-content\/uploads\/2020\/09\/EDSBY.jpg","datePublished":"2020-09-16T11:07:50+00:00","dateModified":"2021-02-03T16:12:17+00:00","description":"Edsby: recensione sistema di gestione dell'apprendimento (LMS) progettato specificamente per le scuole primarie private e pubbliche.","breadcrumb":{"@id":"https:\/\/www.accuratereviews.com\/it\/piattaforme-didattica-distanza\/edsby-recensione\/#breadcrumb"},"inLanguage":"it-IT","potentialAction":[{"@type":"ReadAction","target":["https:\/\/www.accuratereviews.com\/it\/piattaforme-didattica-distanza\/edsby-recensione\/"]}]},{"@type":"ImageObject","inLanguage":"it-IT","@id":"https:\/\/www.accuratereviews.com\/it\/piattaforme-didattica-distanza\/edsby-recensione\/#primaryimage","url":"https:\/\/www.accuratereviews.com\/wp-content\/uploads\/2020\/09\/EDSBY.jpg","contentUrl":"https:\/\/www.accuratereviews.com\/wp-content\/uploads\/2020\/09\/EDSBY.jpg","width":225,"height":225},{"@type":"BreadcrumbList","@id":"https:\/\/www.accuratereviews.com\/it\/piattaforme-didattica-distanza\/edsby-recensione\/#breadcrumb","itemListElement":[{"@type":"ListItem","position":1,"name":"Home","item":"https:\/\/www.accuratereviews.com\/it\/"},{"@type":"ListItem","position":2,"name":"Piattaforme per la didattica a distanza","item":"https:\/\/www.accuratereviews.com\/it\/piattaforme-didattica-distanza\/"},{"@type":"ListItem","position":3,"name":"Edsby"}]},{"@type":"WebSite","@id":"https:\/\/www.accuratereviews.com\/it\/#website","url":"https:\/\/www.accuratereviews.com\/it\/","name":"Accurate Reviews","description":"","potentialAction":[{"@type":"SearchAction","target":{"@type":"EntryPoint","urlTemplate":"https:\/\/www.accuratereviews.com\/it\/?s={search_term_string}"},"query-input":{"@type":"PropertyValueSpecification","valueRequired":true,"valueName":"search_term_string"}}],"inLanguage":"it-IT"}]}},"_links":{"self":[{"href":"https:\/\/www.accuratereviews.com\/it\/wp-json\/wp\/v2\/pages\/30347","targetHints":{"allow":["GET"]}}],"collection":[{"href":"https:\/\/www.accuratereviews.com\/it\/wp-json\/wp\/v2\/pages"}],"about":[{"href":"https:\/\/www.accuratereviews.com\/it\/wp-json\/wp\/v2\/types\/page"}],"author":[{"embeddable":true,"href":"https:\/\/www.accuratereviews.com\/it\/wp-json\/wp\/v2\/users\/19"}],"replies":[{"embeddable":true,"href":"https:\/\/www.accuratereviews.com\/it\/wp-json\/wp\/v2\/comments?post=30347"}],"version-history":[{"count":10,"href":"https:\/\/www.accuratereviews.com\/it\/wp-json\/wp\/v2\/pages\/30347\/revisions"}],"predecessor-version":[{"id":36703,"href":"https:\/\/www.accuratereviews.com\/it\/wp-json\/wp\/v2\/pages\/30347\/revisions\/36703"}],"up":[{"embeddable":true,"href":"https:\/\/www.accuratereviews.com\/it\/wp-json\/wp\/v2\/pages\/30279"}],"wp:featuredmedia":[{"embeddable":true,"href":"https:\/\/www.accuratereviews.com\/it\/wp-json\/wp\/v2\/media\/30348"}],"wp:attachment":[{"href":"https:\/\/www.accuratereviews.com\/it\/wp-json\/wp\/v2\/media?parent=30347"}],"wp:term":[{"taxonomy":"category","embeddable":true,"href":"https:\/\/www.accuratereviews.com\/it\/wp-json\/wp\/v2\/categories?post=30347"},{"taxonomy":"post_tag","embeddable":true,"href":"https:\/\/www.accuratereviews.com\/it\/wp-json\/wp\/v2\/tags?post=30347"},{"taxonomy":"features","embeddable":true,"href":"https:\/\/www.accuratereviews.com\/it\/wp-json\/wp\/v2\/features?post=30347"}],"curies":[{"name":"wp","href":"https:\/\/api.w.org\/{rel}","templated":true}]}}