{"id":30361,"date":"2020-09-17T11:47:31","date_gmt":"2020-09-17T11:47:31","guid":{"rendered":"https:\/\/www.accuratereviews.com\/?page_id=30361"},"modified":"2021-02-03T16:05:37","modified_gmt":"2021-02-03T16:05:37","slug":"dyknow-recensione","status":"publish","type":"page","link":"https:\/\/www.accuratereviews.com\/it\/piattaforme-didattica-distanza\/dyknow-recensione\/","title":{"rendered":"DyKnow"},"content":{"rendered":"<p><strong>DyKnow<\/strong> \u00e8 un <strong>software di gestione della classe<\/strong> basato su <strong>cloud<\/strong> che monitora i dispositivi degli studenti, inclusi PC, Chromebook, iPad e Macbook per generare approfondimenti sul loro comportamento in classe. Lo strumento aiuta gli insegnanti a controllare l&#8217;utilizzo di Internet da parte degli studenti nelle classi e a migliorare le loro prestazioni. L&#8217;applicazione offre agli insegnanti un&#8217;opzione per bloccare determinati siti web o altri contenuti che ritengono discutibili o che distraggono e non dovrebbero essere accessibili agli studenti. Aiuta gli insegnanti a preparare valutazioni e test per gli studenti selezionando le domande con diversi livelli di difficolt\u00e0 per ogni argomento trattato dal database del software. L&#8217;applicazione offre tutorial online per diversi argomenti con serie di domande di esempio e domande chiave di mark-up per gli studenti per prepararsi alle valutazioni annuali.<\/p>\n<h2>DYKNOW &#8211; TUTORIAL<\/h2>\n<p>Il tutorial illustra come monitorare l&#8217;andamento degli alunni con dashboard semplici da comprendere:<\/p>\n<div id=\"fluid-wrapper-counter-1\" class=\"g1-fluid-wrapper \" style=\"width:686px;\">\n<div style=\"padding-bottom:56.268221574344%;\"><iframe loading=\"lazy\" title=\"DyKnow Student Activity Data\" width=\"686\" height=\"386\" src=\"https:\/\/www.youtube.com\/embed\/hVrxeS8qD2Q?feature=oembed&amp;wmode=transparent&amp;autohide=1&amp;autoplay=0&amp;disablekb=0&amp;fs=1&amp;loop=0&amp;enablejsapi=1&amp;rel=0&amp;controls=2&amp;showinfo=0&amp;wmode=transparent&amp;autohide=2&amp;autoplay=0&amp;disablekb=0&amp;fs=1&amp;loop=0&amp;enablejsapi=1&amp;rel=0&amp;controls=2&amp;showinfo=1\" frameborder=\"0\" allow=\"accelerometer; autoplay; clipboard-write; encrypted-media; gyroscope; picture-in-picture\" allowfullscreen><\/iframe><\/div>\n<\/div>\n<h3>DYKNOW &#8211; CARATTERISTICHE<\/h3>\n<ul>\n<li><strong>Visualizza tutti gli schermi degli studenti in tempo reale<\/strong>: \u00e8 facile visualizzare le istantanee dell&#8217;attivit\u00e0 del dispositivo degli studenti sul computer. Quando sono fuori dall&#8217;attivit\u00e0, reindirizzali con un clic. Scegli cosa vuoi che gli studenti vedano e cosa no<\/li>\n<li><strong>Comunica con uno, pi\u00f9 o tutti gli studenti<\/strong>: invia una domanda o verifica la comprensione. I tuoi messaggi vengono visualizzati come notifiche push sui dispositivi degli studenti<\/li>\n<li><strong>Al termine della lezione, visualizza le statistiche sull&#8217;utilizzo del dispositivo degli studenti<\/strong>: accedi all&#8217;analisi dopo la lezione per vedere come gli studenti utilizzano i dispositivi. Visualizza l&#8217;attivit\u00e0 degli studenti in un arco di tempo per capire dove stanno sorgendo i problemi<\/li>\n<li><strong>Il tuo SIS, a modo tuo<\/strong>: con la selezione automatica dei turni progettata nel nostro software, la soluzione ti consente di utilizzare il tuo SIS per sincronizzare automaticamente i tuoi utenti e le liste. Tutto ci\u00f2 che gli insegnanti devono fare \u00e8 fare clic su Start e le loro sessioni funzioneranno ogni volta<\/li>\n<li><strong>Chat dal vivo con un esperto del programma<\/strong>: il software \u00e8 intuitivo, ma quando gli insegnanti hanno domande il team di supporto \u00a0\u00e8 pronto a offrire assistenza immediata<\/li>\n<li><strong>L&#8217;utilizzo del dispositivo viene monitorato senza alcuno sforzo aggiuntivo:<\/strong> gli insegnanti non devono pi\u00f9 rivolgersi all&#8217;IT per ottenere la cronologia degli studenti o i rapporti di navigazione avranno tutto a portata di mano<\/li>\n<\/ul>\n<h4>LE RECENSIONI DEGLI UTENTI<\/h4>\n<h4 class=\"font-weight-bold mb-1 d-flex align-items-center\">April B.&#8221;Sono stata facilmente in grado di monitorare i dispositivi dei miei studenti e bloccare determinate pagine web che non ho trovato adatte.&#8221;<\/h4>\n<p><strong>Commenti: <\/strong>Ho tratto vantaggio da questo software potendo facilmente far saltare i siti web che interferivano con i corsi dei miei studenti o li avrebbero distratti.<\/p>\n<p><strong>Vantaggi: <\/strong>Mi piace molto il fatto di poter monitorare gli studenti sui loro dispositivi utilizzando la funzionalit\u00e0 di analisi della classe che mi consente di visualizzare la cronologia dell&#8217;attivit\u00e0 degli studenti in un giorno specifico. Questo strumento mi permette anche di tornare indietro e vedere quali studenti erano disattenti e quali stavano effettivamente prestando attenzione.<\/p>\n<p><strong>Inconvenienti: <\/strong>Il problema pi\u00f9 grande che ho riscontrato con questo software \u00e8 il fatto che gli studenti possono aggirare facilmente il software scaricando estensioni all&#8217;interno del browser che consentiranno loro di giocare, ma non verranno visualizzate sul mio schermo di monitoraggio. Inoltre ricevo spesso errori dal software che dicono che non pu\u00f2 essere caricato in quel momento.<\/p>\n<h4 class=\"font-weight-bold mb-1 d-flex align-items-center\">Joshua F.&#8221;Dyknow \u00e8 stato di grande aiuto in un contesto 1 a 1 come insegnante&#8221;<\/h4>\n<p><strong>Commenti: <\/strong>Responsabilit\u00e0 e controllo dell&#8217;aula digitale<\/p>\n<p><strong>Vantaggi: <\/strong>Questo software consente di monitorare in modo completo e affidabile gli studenti, controllare i loro accessi, registrare le loro attivit\u00e0 e fornire responsabilit\u00e0 per le valutazioni online. Non so come potrei insegnare in un ambiente 1 a 1 senza dyknow o un programma simile. Dyknow controlla Internet e il tablet per l&#8217;apprendimento in una classe piena di bambini con i tablet. \u00c8 anche abbastanza facile da configurare ed eseguire con il minimo sforzo su base giornaliera.<\/p>\n<p><strong>Inconvenienti: <\/strong>Dipende dalla connessione Internet, quindi gli studenti possono comunque essere subdoli in qualche modo se testati. Gli studenti possono e troveranno modi per aggirarlo o creare mal di testa; sebbene questa sia una minoranza di studenti. Non \u00e8 perfetto, ma \u00e8 la cosa migliore che ho trovato l\u00e0 fuori per tutti gli scopi pratici, e funziona bene il 95% delle volte con il 90% degli studenti.<\/p>\n<h4>Angela P.&#8221;Aiuta a rendere pi\u00f9 facile l&#8217;insegnamento&#8221;<\/h4>\n<p><strong>Vantaggi: <\/strong>La capacit\u00e0 di monitorare l&#8217;utilizzo di Internet \u00e8 enorme per evitare di essere distratti dai social media e dai siti di streaming. Siamo un gruppo di insegnamento homeschool che utilizza il programma, quindi abbiamo la comodit\u00e0 di bloccare alcuni siti.<\/p>\n<p><strong>Inconvenienti: <\/strong>Poich\u00e9 siamo un gruppo di istruzione domiciliare, non tutti i genitori comprendono l&#8217;app cos\u00ec come qualcuno con una formazione pi\u00f9 formale sui computer. Ci siamo riusciti selezionando genitori che lo capissero per seguirlo.<\/p>\n","protected":false},"excerpt":{"rendered":"<p>DyKnow \u00e8 un software di gestione della classe basato su cloud che monitora i dispositivi degli studenti, inclusi PC, Chromebook, iPad e Macbook per generare approfondimenti sul loro comportamento in classe. Lo strumento aiuta gli insegnanti a controllare l&#8217;utilizzo di Internet da parte degli studenti nelle classi e a migliorare le loro prestazioni.<\/p>\n","protected":false},"author":19,"featured_media":30362,"parent":30279,"menu_order":0,"comment_status":"open","ping_status":"closed","template":"g1_template_page_review_new.php","meta":{"_acf_changed":false,"cwp_meta_box_check":"Yes","cwp_rev_product_name":"","cwp_rev_product_image":"","wppr_links":[],"cwp_rev_price":"","wppr_options":[],"wppr_pros":[],"wppr_cons":[],"_monsterinsights_skip_tracking":false,"_monsterinsights_sitenote_active":false,"_monsterinsights_sitenote_note":"","_monsterinsights_sitenote_category":0,"footnotes":""},"categories":[3634],"tags":[396,3656,3641,3639,3637,3638],"features":[],"class_list":{"0":"post-30361","1":"page","2":"type-page","3":"status-publish","4":"has-post-thumbnail","6":"category-piattaforme-per-la-didattica-a-distanza-categoria","7":"tag-cloud","8":"tag-dyknow","9":"tag-piattaforma-di-didattica-a-distanza","10":"tag-programma-di-didattica-a-distanza","11":"tag-software-di-didattica-a-distanza","12":"tag-soluzione-di-didattica-a-distanza"},"wppr_data":{"cwp_meta_box_check":"Yes","cwp_rev_product_name":"","cwp_rev_product_image":"","cwp_image_link":"image","cwp_rev_price":"","wppr_rating":"0.00"},"acf":[],"yoast_head":"<!-- This site is optimized with the Yoast SEO plugin v27.4 - https:\/\/yoast.com\/product\/yoast-seo-wordpress\/ -->\n<title>Dyknow: recensione software di didattica a distanza - Accurate Reviews<\/title>\n<meta name=\"description\" content=\"DyKnow: recensione software di gestione della classe che monitora i dispositivi degli studenti per controllare il loro andamento\" \/>\n<meta name=\"robots\" content=\"index, follow, max-snippet:-1, max-image-preview:large, max-video-preview:-1\" \/>\n<link rel=\"canonical\" href=\"https:\/\/www.accuratereviews.com\/it\/piattaforme-didattica-distanza\/dyknow-recensione\/\" \/>\n<meta property=\"og:locale\" content=\"it_IT\" \/>\n<meta property=\"og:type\" content=\"article\" \/>\n<meta property=\"og:title\" content=\"Dyknow: recensione software di didattica a distanza - Accurate Reviews\" \/>\n<meta property=\"og:description\" content=\"DyKnow: recensione software di gestione della classe che monitora i dispositivi degli studenti per controllare il loro andamento\" \/>\n<meta property=\"og:url\" content=\"https:\/\/www.accuratereviews.com\/it\/piattaforme-didattica-distanza\/dyknow-recensione\/\" \/>\n<meta property=\"og:site_name\" content=\"Accurate Reviews\" \/>\n<meta property=\"article:modified_time\" content=\"2021-02-03T16:05:37+00:00\" \/>\n<meta property=\"og:image\" content=\"https:\/\/www.accuratereviews.com\/wp-content\/uploads\/2020\/09\/dyknow.png\" \/>\n\t<meta property=\"og:image:width\" content=\"600\" \/>\n\t<meta property=\"og:image:height\" content=\"315\" \/>\n\t<meta property=\"og:image:type\" content=\"image\/png\" \/>\n<meta name=\"twitter:card\" content=\"summary_large_image\" \/>\n<meta name=\"twitter:label1\" content=\"Tempo di lettura stimato\" \/>\n\t<meta name=\"twitter:data1\" content=\"4 minuti\" \/>\n<script type=\"application\/ld+json\" class=\"yoast-schema-graph\">{\"@context\":\"https:\\\/\\\/schema.org\",\"@graph\":[{\"@type\":\"WebPage\",\"@id\":\"https:\\\/\\\/www.accuratereviews.com\\\/it\\\/piattaforme-didattica-distanza\\\/dyknow-recensione\\\/\",\"url\":\"https:\\\/\\\/www.accuratereviews.com\\\/it\\\/piattaforme-didattica-distanza\\\/dyknow-recensione\\\/\",\"name\":\"Dyknow: recensione software di didattica a distanza - Accurate Reviews\",\"isPartOf\":{\"@id\":\"https:\\\/\\\/www.accuratereviews.com\\\/it\\\/#website\"},\"primaryImageOfPage\":{\"@id\":\"https:\\\/\\\/www.accuratereviews.com\\\/it\\\/piattaforme-didattica-distanza\\\/dyknow-recensione\\\/#primaryimage\"},\"image\":{\"@id\":\"https:\\\/\\\/www.accuratereviews.com\\\/it\\\/piattaforme-didattica-distanza\\\/dyknow-recensione\\\/#primaryimage\"},\"thumbnailUrl\":\"https:\\\/\\\/www.accuratereviews.com\\\/wp-content\\\/uploads\\\/2020\\\/09\\\/dyknow.png\",\"datePublished\":\"2020-09-17T11:47:31+00:00\",\"dateModified\":\"2021-02-03T16:05:37+00:00\",\"description\":\"DyKnow: recensione software di gestione della classe che monitora i dispositivi degli studenti per controllare il loro andamento\",\"breadcrumb\":{\"@id\":\"https:\\\/\\\/www.accuratereviews.com\\\/it\\\/piattaforme-didattica-distanza\\\/dyknow-recensione\\\/#breadcrumb\"},\"inLanguage\":\"it-IT\",\"potentialAction\":[{\"@type\":\"ReadAction\",\"target\":[\"https:\\\/\\\/www.accuratereviews.com\\\/it\\\/piattaforme-didattica-distanza\\\/dyknow-recensione\\\/\"]}]},{\"@type\":\"ImageObject\",\"inLanguage\":\"it-IT\",\"@id\":\"https:\\\/\\\/www.accuratereviews.com\\\/it\\\/piattaforme-didattica-distanza\\\/dyknow-recensione\\\/#primaryimage\",\"url\":\"https:\\\/\\\/www.accuratereviews.com\\\/wp-content\\\/uploads\\\/2020\\\/09\\\/dyknow.png\",\"contentUrl\":\"https:\\\/\\\/www.accuratereviews.com\\\/wp-content\\\/uploads\\\/2020\\\/09\\\/dyknow.png\",\"width\":600,\"height\":315},{\"@type\":\"BreadcrumbList\",\"@id\":\"https:\\\/\\\/www.accuratereviews.com\\\/it\\\/piattaforme-didattica-distanza\\\/dyknow-recensione\\\/#breadcrumb\",\"itemListElement\":[{\"@type\":\"ListItem\",\"position\":1,\"name\":\"Home\",\"item\":\"https:\\\/\\\/www.accuratereviews.com\\\/it\\\/\"},{\"@type\":\"ListItem\",\"position\":2,\"name\":\"Piattaforme per la didattica a distanza\",\"item\":\"https:\\\/\\\/www.accuratereviews.com\\\/it\\\/piattaforme-didattica-distanza\\\/\"},{\"@type\":\"ListItem\",\"position\":3,\"name\":\"DyKnow\"}]},{\"@type\":\"WebSite\",\"@id\":\"https:\\\/\\\/www.accuratereviews.com\\\/it\\\/#website\",\"url\":\"https:\\\/\\\/www.accuratereviews.com\\\/it\\\/\",\"name\":\"Accurate Reviews\",\"description\":\"\",\"potentialAction\":[{\"@type\":\"SearchAction\",\"target\":{\"@type\":\"EntryPoint\",\"urlTemplate\":\"https:\\\/\\\/www.accuratereviews.com\\\/it\\\/?s={search_term_string}\"},\"query-input\":{\"@type\":\"PropertyValueSpecification\",\"valueRequired\":true,\"valueName\":\"search_term_string\"}}],\"inLanguage\":\"it-IT\"}]}<\/script>\n<!-- \/ Yoast SEO plugin. -->","yoast_head_json":{"title":"Dyknow: recensione software di didattica a distanza - Accurate Reviews","description":"DyKnow: recensione software di gestione della classe che monitora i dispositivi degli studenti per controllare il loro andamento","robots":{"index":"index","follow":"follow","max-snippet":"max-snippet:-1","max-image-preview":"max-image-preview:large","max-video-preview":"max-video-preview:-1"},"canonical":"https:\/\/www.accuratereviews.com\/it\/piattaforme-didattica-distanza\/dyknow-recensione\/","og_locale":"it_IT","og_type":"article","og_title":"Dyknow: recensione software di didattica a distanza - Accurate Reviews","og_description":"DyKnow: recensione software di gestione della classe che monitora i dispositivi degli studenti per controllare il loro andamento","og_url":"https:\/\/www.accuratereviews.com\/it\/piattaforme-didattica-distanza\/dyknow-recensione\/","og_site_name":"Accurate Reviews","article_modified_time":"2021-02-03T16:05:37+00:00","og_image":[{"width":600,"height":315,"url":"https:\/\/www.accuratereviews.com\/wp-content\/uploads\/2020\/09\/dyknow.png","type":"image\/png"}],"twitter_card":"summary_large_image","twitter_misc":{"Tempo di lettura stimato":"4 minuti"},"schema":{"@context":"https:\/\/schema.org","@graph":[{"@type":"WebPage","@id":"https:\/\/www.accuratereviews.com\/it\/piattaforme-didattica-distanza\/dyknow-recensione\/","url":"https:\/\/www.accuratereviews.com\/it\/piattaforme-didattica-distanza\/dyknow-recensione\/","name":"Dyknow: recensione software di didattica a distanza - Accurate Reviews","isPartOf":{"@id":"https:\/\/www.accuratereviews.com\/it\/#website"},"primaryImageOfPage":{"@id":"https:\/\/www.accuratereviews.com\/it\/piattaforme-didattica-distanza\/dyknow-recensione\/#primaryimage"},"image":{"@id":"https:\/\/www.accuratereviews.com\/it\/piattaforme-didattica-distanza\/dyknow-recensione\/#primaryimage"},"thumbnailUrl":"https:\/\/www.accuratereviews.com\/wp-content\/uploads\/2020\/09\/dyknow.png","datePublished":"2020-09-17T11:47:31+00:00","dateModified":"2021-02-03T16:05:37+00:00","description":"DyKnow: recensione software di gestione della classe che monitora i dispositivi degli studenti per controllare il loro andamento","breadcrumb":{"@id":"https:\/\/www.accuratereviews.com\/it\/piattaforme-didattica-distanza\/dyknow-recensione\/#breadcrumb"},"inLanguage":"it-IT","potentialAction":[{"@type":"ReadAction","target":["https:\/\/www.accuratereviews.com\/it\/piattaforme-didattica-distanza\/dyknow-recensione\/"]}]},{"@type":"ImageObject","inLanguage":"it-IT","@id":"https:\/\/www.accuratereviews.com\/it\/piattaforme-didattica-distanza\/dyknow-recensione\/#primaryimage","url":"https:\/\/www.accuratereviews.com\/wp-content\/uploads\/2020\/09\/dyknow.png","contentUrl":"https:\/\/www.accuratereviews.com\/wp-content\/uploads\/2020\/09\/dyknow.png","width":600,"height":315},{"@type":"BreadcrumbList","@id":"https:\/\/www.accuratereviews.com\/it\/piattaforme-didattica-distanza\/dyknow-recensione\/#breadcrumb","itemListElement":[{"@type":"ListItem","position":1,"name":"Home","item":"https:\/\/www.accuratereviews.com\/it\/"},{"@type":"ListItem","position":2,"name":"Piattaforme per la didattica a distanza","item":"https:\/\/www.accuratereviews.com\/it\/piattaforme-didattica-distanza\/"},{"@type":"ListItem","position":3,"name":"DyKnow"}]},{"@type":"WebSite","@id":"https:\/\/www.accuratereviews.com\/it\/#website","url":"https:\/\/www.accuratereviews.com\/it\/","name":"Accurate Reviews","description":"","potentialAction":[{"@type":"SearchAction","target":{"@type":"EntryPoint","urlTemplate":"https:\/\/www.accuratereviews.com\/it\/?s={search_term_string}"},"query-input":{"@type":"PropertyValueSpecification","valueRequired":true,"valueName":"search_term_string"}}],"inLanguage":"it-IT"}]}},"_links":{"self":[{"href":"https:\/\/www.accuratereviews.com\/it\/wp-json\/wp\/v2\/pages\/30361","targetHints":{"allow":["GET"]}}],"collection":[{"href":"https:\/\/www.accuratereviews.com\/it\/wp-json\/wp\/v2\/pages"}],"about":[{"href":"https:\/\/www.accuratereviews.com\/it\/wp-json\/wp\/v2\/types\/page"}],"author":[{"embeddable":true,"href":"https:\/\/www.accuratereviews.com\/it\/wp-json\/wp\/v2\/users\/19"}],"replies":[{"embeddable":true,"href":"https:\/\/www.accuratereviews.com\/it\/wp-json\/wp\/v2\/comments?post=30361"}],"version-history":[{"count":6,"href":"https:\/\/www.accuratereviews.com\/it\/wp-json\/wp\/v2\/pages\/30361\/revisions"}],"predecessor-version":[{"id":36698,"href":"https:\/\/www.accuratereviews.com\/it\/wp-json\/wp\/v2\/pages\/30361\/revisions\/36698"}],"up":[{"embeddable":true,"href":"https:\/\/www.accuratereviews.com\/it\/wp-json\/wp\/v2\/pages\/30279"}],"wp:featuredmedia":[{"embeddable":true,"href":"https:\/\/www.accuratereviews.com\/it\/wp-json\/wp\/v2\/media\/30362"}],"wp:attachment":[{"href":"https:\/\/www.accuratereviews.com\/it\/wp-json\/wp\/v2\/media?parent=30361"}],"wp:term":[{"taxonomy":"category","embeddable":true,"href":"https:\/\/www.accuratereviews.com\/it\/wp-json\/wp\/v2\/categories?post=30361"},{"taxonomy":"post_tag","embeddable":true,"href":"https:\/\/www.accuratereviews.com\/it\/wp-json\/wp\/v2\/tags?post=30361"},{"taxonomy":"features","embeddable":true,"href":"https:\/\/www.accuratereviews.com\/it\/wp-json\/wp\/v2\/features?post=30361"}],"curies":[{"name":"wp","href":"https:\/\/api.w.org\/{rel}","templated":true}]}}