{"id":30368,"date":"2020-09-17T11:48:07","date_gmt":"2020-09-17T11:48:07","guid":{"rendered":"https:\/\/www.accuratereviews.com\/?page_id=30368"},"modified":"2021-02-03T16:59:20","modified_gmt":"2021-02-03T16:59:20","slug":"remo-recensione","status":"publish","type":"page","link":"https:\/\/www.accuratereviews.com\/it\/piattaforme-didattica-distanza\/remo-recensione\/","title":{"rendered":"Remo"},"content":{"rendered":"<p><strong>Remo<\/strong> \u00e8 una <strong>piattaforma di eventi online<\/strong> dal vivo che si concentra sulla costruzione di relazioni autentiche fornendo uno spazio virtuale che simula l&#8217;esperienza del mondo reale di partecipare a eventi e conferenze nel modo pi\u00f9 efficace possibile. Le funzionalit\u00e0 includono collaborazione in team, lavagna, promemoria email, condivisione dello schermo, gestione della registrazione e personalizzazione del marchio. Gli utenti\u00a0possono partecipare agli eventi tramite link alle riunioni e interagire faccia a faccia con i membri del team in tempo reale. L&#8217;applicazione migliora anche il coinvolgimento tra i membri tramite chat in-app, sondaggi interattivi, votazioni e sessioni di domande e risposte. <strong>Remo<\/strong> aiuta i relatori a trasmettere presentazioni, invitare i partecipanti e registrare sessioni. I dipendenti possono chattare con i colleghi in singole stanze virtuali e impostare lo stato personale per mostrare la disponibilit\u00e0 ai membri del team.<\/p>\n<h2>REMO &#8211; TUTORIAL<\/h2>\n<p>Ecco un tutorial in cui mostra come utilizzare questo <strong>software di didattica a distanza<\/strong>:<\/p>\n<div id=\"fluid-wrapper-counter-1\" class=\"g1-fluid-wrapper \" style=\"width:686px;\">\n<div style=\"padding-bottom:56.268221574344%;\"><iframe loading=\"lazy\" title=\"How to use Remo Conference as an attendee\" width=\"686\" height=\"386\" src=\"https:\/\/www.youtube.com\/embed\/P01JxUBNU2Y?feature=oembed&amp;wmode=transparent&amp;autohide=1&amp;autoplay=0&amp;disablekb=0&amp;fs=1&amp;loop=0&amp;enablejsapi=1&amp;rel=0&amp;controls=2&amp;showinfo=0&amp;wmode=transparent&amp;autohide=2&amp;autoplay=0&amp;disablekb=0&amp;fs=1&amp;loop=0&amp;enablejsapi=1&amp;rel=0&amp;controls=2&amp;showinfo=1\" frameborder=\"0\" allow=\"accelerometer; autoplay; clipboard-write; encrypted-media; gyroscope; picture-in-picture\" allowfullscreen><\/iframe><\/div>\n<\/div>\n<h3>REMO &#8211; CARATTERISTICHE<\/h3>\n<ul>\n<li>Chat<\/li>\n<li>Strumenti di collaborazione<\/li>\n<li>Spazio di lavoro collaborativo<\/li>\n<li>Gestione della conformit\u00e0<\/li>\n<li>Conferenza<\/li>\n<li>Pagine di destinazione personalizzate<\/li>\n<li>Branding personalizzabile<\/li>\n<li>Avvisi email<\/li>\n<li>Inviti e promemoria via email<\/li>\n<li>Notifiche di posta elettronica<\/li>\n<li>Raccolta di feedback<\/li>\n<li>Conformit\u00e0 HIPAA<\/li>\n<li>Presentazione in streaming<\/li>\n<li>Accesso remoto<\/li>\n<li>Integrazione di terze parti<\/li>\n<li>Audio e video bidirezionale<\/li>\n<li>Videoconferenza<\/li>\n<li>Voto<\/li>\n<li>Video streaming<\/li>\n<li>Integrazione del sito web<\/li>\n<li>Lavagna bianca<\/li>\n<\/ul>\n<h4>LE RECENSIONI DEGLI UTENTI<\/h4>\n<h4 class=\"font-weight-bold mb-1 d-flex align-items-center\">Sue S.&#8221;Per me \u00e8 stato amore a prima vista!&#8221;<\/h4>\n<p><strong>Commenti: <\/strong>Si facilitano diversi incontri di networking con varie piattaforme virtuali e quelli che crescono in questa pandemia sono quelli di Remo.<\/p>\n<p><strong>Vantaggi: <\/strong>Quando vuoi far parlare le persone nel modo pi\u00f9 autentico possibile online non c&#8217;\u00e8 soluzione migliore di Remo. Niente pi\u00f9 schermi neri o mal di testa da gruppo brady, solo una conversazione fantastica che sembra buona quasi quanto la vita reale, tranne che non ricevi abbracci. Adoro il modo in cui i miei ospiti possono spostarsi liberamente da un tavolo all&#8217;altro come farebbero in un evento reale, che lo spazio sia completamente personalizzabile e rimandi al mio sito web e, naturalmente, le entrate che il banner pubblicitario porta. Remo \u00e8 la piattaforma di eventi virtuali pi\u00f9 flessibile e coinvolgente che utilizzerai mai.<\/p>\n<p><strong>Inconvenienti: <\/strong>All&#8217;inizio era buggy, ma ora \u00e8 cos\u00ec dolce! I miei ospiti lo adorano.<\/p>\n<h4 class=\"font-weight-bold mb-1 d-flex align-items-center\">Emily C.&#8221;Ottimo concetto, necessita di miglioramenti tecnologici \/ di sicurezza&#8221;<\/h4>\n<p><strong>Commenti: <\/strong>Ottimo per il networking e per far parlare le persone tra loro. Acquistato l&#8217;abbonamento premium da utilizzare potenzialmente per un programma di formazione, ma annullato dopo un mese a causa di problemi tecnici con audio e sicurezza insufficiente per i nostri scopi. Da allora ho utilizzato sale riunioni e riunioni di Zoom.<\/p>\n<p><strong>Vantaggi: <\/strong>Ottima interfaccia grafica, concetto di tabelle fa sentire i partecipanti pi\u00f9 connessi, ottimo per eventi di networking. Buona comunicazione da parte dell&#8217;azienda su aggiornamenti e nuove funzionalit\u00e0, guide utente di base condivise per la distribuzione. La societ\u00e0 sembra onesta, proporzioner\u00e0 il costo di un abbonamento se annulli in anticipo. In questo modo la licenza viene attribuita solo all&#8217;amministratore, altrimenti molte persone possono utilizzare il servizio senza una licenza designata, purch\u00e9 non superi il limite stabilito dal tuo piano.<\/p>\n<p><strong>Inconvenienti: <\/strong>Problemi tecnici comuni irrisolvibili per alcuni utenti: ad esempio, potevano sentire solo un&#8217;altra persona o non potevano essere ascoltati. Limita il gruppo a 6 &#8211; a volte voleva un&#8217;opzione pi\u00f9 grande. Non ho mai immaginato la configurazione anticipata per gli eventi o il concetto di gestori di eventi: un collega che ha contattato il supporto tecnico non ha ricevuto una risposta chiara. La sicurezza non \u00e8 cos\u00ec alta come dovrebbe essere per soddisfare le nostre esigenze organizzative.<\/p>\n<h4 class=\"font-weight-bold mb-1 d-flex align-items-center\">Jarrod G.&#8221;La piattaforma per conferenze virtuali Remo \u00e8 la migliore opzione sul mercato&#8221;<\/h4>\n<p><strong>Commenti: <\/strong>Il mio business eSAX ospitava grandi eventi di networking di persona per imprenditori e leader della comunit\u00e0. Ho trasformato il mio intero modello di business e adottato Remo per OSPITARE gli eventi di altre persone in tutto il mondo. Senza Remo avrei dovuto chiudere. \u00c8 stato un punto di svolta assoluto !!<\/p>\n<p><strong>Vantaggi: <\/strong>Ogni aspetto di questa piattaforma virtuale lungimirante e intuitiva \u00e8 eccellente! L&#8217;intero programma imita letteralmente una conferenza, una fiera e un evento di networking faccia a faccia. Le stanze per sottogruppi di lavoro sono visivamente accattivanti, rendono facile vedere tutti contemporaneamente, comunicare con gli altri e muoversi a discrezione degli utenti. Il palco o la modalit\u00e0 di presentazione \u00e8 eccezionalmente ben strutturato. Anche chi \u00e8 tecnologicamente avverso pu\u00f2 comunque utilizzare la piattaforma con facilit\u00e0!<\/p>\n<p><strong>Inconvenienti: <\/strong>Vorrei solo che fosse stato lanciato anni prima!<\/p>\n","protected":false},"excerpt":{"rendered":"<p>Remo \u00e8 una piattaforma di eventi online dal vivo che si concentra sulla costruzione di relazioni autentiche fornendo uno spazio virtuale che simula l&#8217;esperienza del mondo reale di partecipare a eventi e conferenze nel modo pi\u00f9 efficace possibile. Le funzionalit\u00e0 includono collaborazione in team, lavagna, promemoria email, condivisione dello schermo, gestione della registrazione e personalizzazione del marchio<\/p>\n","protected":false},"author":19,"featured_media":30369,"parent":30279,"menu_order":0,"comment_status":"open","ping_status":"closed","template":"g1_template_page_review_new.php","meta":{"_acf_changed":false,"cwp_meta_box_check":"Yes","cwp_rev_product_name":"","cwp_rev_product_image":"","wppr_links":[],"cwp_rev_price":"","wppr_options":[],"wppr_pros":[],"wppr_cons":[],"_monsterinsights_skip_tracking":false,"_monsterinsights_sitenote_active":false,"_monsterinsights_sitenote_note":"","_monsterinsights_sitenote_category":0,"footnotes":""},"categories":[3634],"tags":[3641,3639,3657,3637,3638],"features":[],"class_list":{"0":"post-30368","1":"page","2":"type-page","3":"status-publish","4":"has-post-thumbnail","6":"category-piattaforme-per-la-didattica-a-distanza-categoria","7":"tag-piattaforma-di-didattica-a-distanza","8":"tag-programma-di-didattica-a-distanza","9":"tag-remo","10":"tag-software-di-didattica-a-distanza","11":"tag-soluzione-di-didattica-a-distanza"},"wppr_data":{"cwp_meta_box_check":"Yes","cwp_rev_product_name":"","cwp_rev_product_image":"","cwp_image_link":"image","cwp_rev_price":"","wppr_rating":"0.00"},"acf":[],"yoast_head":"<!-- This site is optimized with the Yoast SEO plugin v27.4 - https:\/\/yoast.com\/product\/yoast-seo-wordpress\/ -->\n<title>Remo: recensione software di didattica a distanza - Accurate Reviews<\/title>\n<meta name=\"description\" content=\"Remo: recensione soluzione di didattica a distanza che si integra con varie applicazioni di terze parti come ScheduleOnce, SimplyBook.me, ecc\" \/>\n<meta name=\"robots\" content=\"index, follow, max-snippet:-1, max-image-preview:large, max-video-preview:-1\" \/>\n<link rel=\"canonical\" href=\"https:\/\/www.accuratereviews.com\/it\/piattaforme-didattica-distanza\/remo-recensione\/\" \/>\n<meta property=\"og:locale\" content=\"it_IT\" \/>\n<meta property=\"og:type\" content=\"article\" \/>\n<meta property=\"og:title\" content=\"Remo: recensione software di didattica a distanza - Accurate Reviews\" \/>\n<meta property=\"og:description\" content=\"Remo: recensione soluzione di didattica a distanza che si integra con varie applicazioni di terze parti come ScheduleOnce, SimplyBook.me, ecc\" \/>\n<meta property=\"og:url\" content=\"https:\/\/www.accuratereviews.com\/it\/piattaforme-didattica-distanza\/remo-recensione\/\" \/>\n<meta property=\"og:site_name\" content=\"Accurate Reviews\" \/>\n<meta property=\"article:modified_time\" content=\"2021-02-03T16:59:20+00:00\" \/>\n<meta property=\"og:image\" content=\"https:\/\/www.accuratereviews.com\/wp-content\/uploads\/2020\/09\/remo_logo.png\" \/>\n\t<meta property=\"og:image:width\" content=\"400\" \/>\n\t<meta property=\"og:image:height\" content=\"200\" \/>\n\t<meta property=\"og:image:type\" content=\"image\/png\" \/>\n<meta name=\"twitter:card\" content=\"summary_large_image\" \/>\n<meta name=\"twitter:label1\" content=\"Tempo di lettura stimato\" \/>\n\t<meta name=\"twitter:data1\" content=\"4 minuti\" \/>\n<script type=\"application\/ld+json\" class=\"yoast-schema-graph\">{\"@context\":\"https:\\\/\\\/schema.org\",\"@graph\":[{\"@type\":\"WebPage\",\"@id\":\"https:\\\/\\\/www.accuratereviews.com\\\/it\\\/piattaforme-didattica-distanza\\\/remo-recensione\\\/\",\"url\":\"https:\\\/\\\/www.accuratereviews.com\\\/it\\\/piattaforme-didattica-distanza\\\/remo-recensione\\\/\",\"name\":\"Remo: recensione software di didattica a distanza - Accurate Reviews\",\"isPartOf\":{\"@id\":\"https:\\\/\\\/www.accuratereviews.com\\\/it\\\/#website\"},\"primaryImageOfPage\":{\"@id\":\"https:\\\/\\\/www.accuratereviews.com\\\/it\\\/piattaforme-didattica-distanza\\\/remo-recensione\\\/#primaryimage\"},\"image\":{\"@id\":\"https:\\\/\\\/www.accuratereviews.com\\\/it\\\/piattaforme-didattica-distanza\\\/remo-recensione\\\/#primaryimage\"},\"thumbnailUrl\":\"https:\\\/\\\/www.accuratereviews.com\\\/wp-content\\\/uploads\\\/2020\\\/09\\\/remo_logo.png\",\"datePublished\":\"2020-09-17T11:48:07+00:00\",\"dateModified\":\"2021-02-03T16:59:20+00:00\",\"description\":\"Remo: recensione soluzione di didattica a distanza che si integra con varie applicazioni di terze parti come ScheduleOnce, SimplyBook.me, ecc\",\"breadcrumb\":{\"@id\":\"https:\\\/\\\/www.accuratereviews.com\\\/it\\\/piattaforme-didattica-distanza\\\/remo-recensione\\\/#breadcrumb\"},\"inLanguage\":\"it-IT\",\"potentialAction\":[{\"@type\":\"ReadAction\",\"target\":[\"https:\\\/\\\/www.accuratereviews.com\\\/it\\\/piattaforme-didattica-distanza\\\/remo-recensione\\\/\"]}]},{\"@type\":\"ImageObject\",\"inLanguage\":\"it-IT\",\"@id\":\"https:\\\/\\\/www.accuratereviews.com\\\/it\\\/piattaforme-didattica-distanza\\\/remo-recensione\\\/#primaryimage\",\"url\":\"https:\\\/\\\/www.accuratereviews.com\\\/wp-content\\\/uploads\\\/2020\\\/09\\\/remo_logo.png\",\"contentUrl\":\"https:\\\/\\\/www.accuratereviews.com\\\/wp-content\\\/uploads\\\/2020\\\/09\\\/remo_logo.png\",\"width\":400,\"height\":200},{\"@type\":\"BreadcrumbList\",\"@id\":\"https:\\\/\\\/www.accuratereviews.com\\\/it\\\/piattaforme-didattica-distanza\\\/remo-recensione\\\/#breadcrumb\",\"itemListElement\":[{\"@type\":\"ListItem\",\"position\":1,\"name\":\"Home\",\"item\":\"https:\\\/\\\/www.accuratereviews.com\\\/it\\\/\"},{\"@type\":\"ListItem\",\"position\":2,\"name\":\"Piattaforme per la didattica a distanza\",\"item\":\"https:\\\/\\\/www.accuratereviews.com\\\/it\\\/piattaforme-didattica-distanza\\\/\"},{\"@type\":\"ListItem\",\"position\":3,\"name\":\"Remo\"}]},{\"@type\":\"WebSite\",\"@id\":\"https:\\\/\\\/www.accuratereviews.com\\\/it\\\/#website\",\"url\":\"https:\\\/\\\/www.accuratereviews.com\\\/it\\\/\",\"name\":\"Accurate Reviews\",\"description\":\"\",\"potentialAction\":[{\"@type\":\"SearchAction\",\"target\":{\"@type\":\"EntryPoint\",\"urlTemplate\":\"https:\\\/\\\/www.accuratereviews.com\\\/it\\\/?s={search_term_string}\"},\"query-input\":{\"@type\":\"PropertyValueSpecification\",\"valueRequired\":true,\"valueName\":\"search_term_string\"}}],\"inLanguage\":\"it-IT\"}]}<\/script>\n<!-- \/ Yoast SEO plugin. -->","yoast_head_json":{"title":"Remo: recensione software di didattica a distanza - Accurate Reviews","description":"Remo: recensione soluzione di didattica a distanza che si integra con varie applicazioni di terze parti come ScheduleOnce, SimplyBook.me, ecc","robots":{"index":"index","follow":"follow","max-snippet":"max-snippet:-1","max-image-preview":"max-image-preview:large","max-video-preview":"max-video-preview:-1"},"canonical":"https:\/\/www.accuratereviews.com\/it\/piattaforme-didattica-distanza\/remo-recensione\/","og_locale":"it_IT","og_type":"article","og_title":"Remo: recensione software di didattica a distanza - Accurate Reviews","og_description":"Remo: recensione soluzione di didattica a distanza che si integra con varie applicazioni di terze parti come ScheduleOnce, SimplyBook.me, ecc","og_url":"https:\/\/www.accuratereviews.com\/it\/piattaforme-didattica-distanza\/remo-recensione\/","og_site_name":"Accurate Reviews","article_modified_time":"2021-02-03T16:59:20+00:00","og_image":[{"width":400,"height":200,"url":"https:\/\/www.accuratereviews.com\/wp-content\/uploads\/2020\/09\/remo_logo.png","type":"image\/png"}],"twitter_card":"summary_large_image","twitter_misc":{"Tempo di lettura stimato":"4 minuti"},"schema":{"@context":"https:\/\/schema.org","@graph":[{"@type":"WebPage","@id":"https:\/\/www.accuratereviews.com\/it\/piattaforme-didattica-distanza\/remo-recensione\/","url":"https:\/\/www.accuratereviews.com\/it\/piattaforme-didattica-distanza\/remo-recensione\/","name":"Remo: recensione software di didattica a distanza - Accurate Reviews","isPartOf":{"@id":"https:\/\/www.accuratereviews.com\/it\/#website"},"primaryImageOfPage":{"@id":"https:\/\/www.accuratereviews.com\/it\/piattaforme-didattica-distanza\/remo-recensione\/#primaryimage"},"image":{"@id":"https:\/\/www.accuratereviews.com\/it\/piattaforme-didattica-distanza\/remo-recensione\/#primaryimage"},"thumbnailUrl":"https:\/\/www.accuratereviews.com\/wp-content\/uploads\/2020\/09\/remo_logo.png","datePublished":"2020-09-17T11:48:07+00:00","dateModified":"2021-02-03T16:59:20+00:00","description":"Remo: recensione soluzione di didattica a distanza che si integra con varie applicazioni di terze parti come ScheduleOnce, SimplyBook.me, ecc","breadcrumb":{"@id":"https:\/\/www.accuratereviews.com\/it\/piattaforme-didattica-distanza\/remo-recensione\/#breadcrumb"},"inLanguage":"it-IT","potentialAction":[{"@type":"ReadAction","target":["https:\/\/www.accuratereviews.com\/it\/piattaforme-didattica-distanza\/remo-recensione\/"]}]},{"@type":"ImageObject","inLanguage":"it-IT","@id":"https:\/\/www.accuratereviews.com\/it\/piattaforme-didattica-distanza\/remo-recensione\/#primaryimage","url":"https:\/\/www.accuratereviews.com\/wp-content\/uploads\/2020\/09\/remo_logo.png","contentUrl":"https:\/\/www.accuratereviews.com\/wp-content\/uploads\/2020\/09\/remo_logo.png","width":400,"height":200},{"@type":"BreadcrumbList","@id":"https:\/\/www.accuratereviews.com\/it\/piattaforme-didattica-distanza\/remo-recensione\/#breadcrumb","itemListElement":[{"@type":"ListItem","position":1,"name":"Home","item":"https:\/\/www.accuratereviews.com\/it\/"},{"@type":"ListItem","position":2,"name":"Piattaforme per la didattica a distanza","item":"https:\/\/www.accuratereviews.com\/it\/piattaforme-didattica-distanza\/"},{"@type":"ListItem","position":3,"name":"Remo"}]},{"@type":"WebSite","@id":"https:\/\/www.accuratereviews.com\/it\/#website","url":"https:\/\/www.accuratereviews.com\/it\/","name":"Accurate Reviews","description":"","potentialAction":[{"@type":"SearchAction","target":{"@type":"EntryPoint","urlTemplate":"https:\/\/www.accuratereviews.com\/it\/?s={search_term_string}"},"query-input":{"@type":"PropertyValueSpecification","valueRequired":true,"valueName":"search_term_string"}}],"inLanguage":"it-IT"}]}},"_links":{"self":[{"href":"https:\/\/www.accuratereviews.com\/it\/wp-json\/wp\/v2\/pages\/30368","targetHints":{"allow":["GET"]}}],"collection":[{"href":"https:\/\/www.accuratereviews.com\/it\/wp-json\/wp\/v2\/pages"}],"about":[{"href":"https:\/\/www.accuratereviews.com\/it\/wp-json\/wp\/v2\/types\/page"}],"author":[{"embeddable":true,"href":"https:\/\/www.accuratereviews.com\/it\/wp-json\/wp\/v2\/users\/19"}],"replies":[{"embeddable":true,"href":"https:\/\/www.accuratereviews.com\/it\/wp-json\/wp\/v2\/comments?post=30368"}],"version-history":[{"count":8,"href":"https:\/\/www.accuratereviews.com\/it\/wp-json\/wp\/v2\/pages\/30368\/revisions"}],"predecessor-version":[{"id":36735,"href":"https:\/\/www.accuratereviews.com\/it\/wp-json\/wp\/v2\/pages\/30368\/revisions\/36735"}],"up":[{"embeddable":true,"href":"https:\/\/www.accuratereviews.com\/it\/wp-json\/wp\/v2\/pages\/30279"}],"wp:featuredmedia":[{"embeddable":true,"href":"https:\/\/www.accuratereviews.com\/it\/wp-json\/wp\/v2\/media\/30369"}],"wp:attachment":[{"href":"https:\/\/www.accuratereviews.com\/it\/wp-json\/wp\/v2\/media?parent=30368"}],"wp:term":[{"taxonomy":"category","embeddable":true,"href":"https:\/\/www.accuratereviews.com\/it\/wp-json\/wp\/v2\/categories?post=30368"},{"taxonomy":"post_tag","embeddable":true,"href":"https:\/\/www.accuratereviews.com\/it\/wp-json\/wp\/v2\/tags?post=30368"},{"taxonomy":"features","embeddable":true,"href":"https:\/\/www.accuratereviews.com\/it\/wp-json\/wp\/v2\/features?post=30368"}],"curies":[{"name":"wp","href":"https:\/\/api.w.org\/{rel}","templated":true}]}}