{"id":30383,"date":"2020-09-18T09:37:57","date_gmt":"2020-09-18T09:37:57","guid":{"rendered":"https:\/\/www.accuratereviews.com\/?page_id=30383"},"modified":"2021-02-03T15:58:36","modified_gmt":"2021-02-03T15:58:36","slug":"classe365-recensione","status":"publish","type":"page","link":"https:\/\/www.accuratereviews.com\/it\/piattaforme-didattica-distanza\/classe365-recensione\/","title":{"rendered":"Classe365"},"content":{"rendered":"<p><strong>Classe365<\/strong> \u00e8 un <strong>sistema di gestione dell&#8217;apprendimento<\/strong> basato su <strong>cloud<\/strong> (LMS) e sistema informativo degli studenti (SIS) adatto per gli istituti scolastici. Il software aiuta gli educatori a gestire i propri studenti e il contenuto del corso e offre strumenti di apprendimento misto, piattaforme di discussione e altro ancora.\u00a0I processi di pre-ammissione di <strong>Classe365<\/strong> consentono agli studenti di registrarsi alle lezioni in modo digitale. Gli strumenti di gestione delle relazioni con i clienti includono uno strumento click-to-call e la pianificazione di follow-up tramite posta elettronica. Le funzionalit\u00e0 di contabilit\u00e0 e finanza consentono agli amministratori di gestire sovvenzioni e borse di studio, mentre i rapporti di analisi includono il comportamento e i voti degli studenti. Le funzionalit\u00e0 di LMS includono corsi di autoapprendimento, quiz e test, aule video e forum di discussione.<\/p>\n<h2>CLASSE365 &#8211; TUTORIAL<\/h2>\n<p>Guardiamo come sfruttare gli strumenti di questo<strong> software di didattica a distanza<\/strong>:<\/p>\n<div id=\"fluid-wrapper-counter-1\" class=\"g1-fluid-wrapper \" style=\"width:686px;\">\n<div style=\"padding-bottom:56.268221574344%;\"><iframe loading=\"lazy\" title=\"Classe365 - Learning Management System (LMS)\" width=\"686\" height=\"386\" src=\"https:\/\/www.youtube.com\/embed\/3Zd1vgfaicU?feature=oembed&amp;wmode=transparent&amp;autohide=1&amp;autoplay=0&amp;disablekb=0&amp;fs=1&amp;loop=0&amp;enablejsapi=1&amp;rel=0&amp;controls=2&amp;showinfo=0&amp;wmode=transparent&amp;autohide=2&amp;autoplay=0&amp;disablekb=0&amp;fs=1&amp;loop=0&amp;enablejsapi=1&amp;rel=0&amp;controls=2&amp;showinfo=1\" frameborder=\"0\" allow=\"accelerometer; autoplay; clipboard-write; encrypted-media; gyroscope; picture-in-picture\" allowfullscreen><\/iframe><\/div>\n<\/div>\n<h3>CLASSE365 &#8211; CARATTERISTICHE<\/h3>\n<ul>\n<li><strong>Ammissione senza moduli cartacei<\/strong>: le funzionalit\u00e0 possono essere personalizzate per adattarsi al tuo processo di ammissione, fornendo un&#8217;esperienza senza interruzioni per l&#8217;iscrizione degli studenti<\/li>\n<li><strong>Domanda online<\/strong>: tieni traccia e controlla dove si trova uno studente nel processo di candidatura e gestisci l&#8217;ammissione con facilit\u00e0<\/li>\n<li><strong>Pagamento della quota online<\/strong>: fornisci a studenti e genitori l&#8217;opportunit\u00e0 di pagare le rette online, a loro piacimento<\/li>\n<li><strong>Mappatura dei moduli al SIS<\/strong>: gli studenti possono aggiornare il SIS compilando il modulo di domanda al momento dell&#8217;immatricolazione<\/li>\n<li><strong>Lead Management<\/strong>: gestisci potenziali contatti attraverso modelli di comportamento online, fornendoti le informazioni necessarie per convertire questi contatti in ammissioni<\/li>\n<li><strong>Gestione dei corsi<\/strong>: la gestione dei corsi e degli orari delle lezioni diventa semplice grazie all&#8217; interfaccia drag and drop di facile utilizzo<\/li>\n<li><strong>Lead Nurturing<\/strong>: gestisci la tua pipeline di ammissioni, registra le attivit\u00e0 di vendita e ottieni informazioni che il tuo team utilizzer\u00e0. L&#8217;importazione di un programma di corso esistente \u00e8 semplice, con le nostre funzionalit\u00e0 di importazione<\/li>\n<li><strong>Audit di laurea<\/strong>: tieni traccia dei progressi accademici di ogni studente per la durata del loro tempo presso il tuo istituto<\/li>\n<li><strong>Gestione elettivi<\/strong>: offri agli studenti l&#8217;opportunit\u00e0 di curare il proprio percorso di apprendimento selezionando i loro corsi elettivi online<\/li>\n<li><strong>Fatturazione<\/strong>: tieni traccia di tutte le transazioni, tasse di ammissione e qualsiasi altro pagamento. Studenti e genitori possono vedere facilmente i record delle transazioni che hanno effettuato all&#8217;istituto, tutti monitorati in un semplice posto<\/li>\n<li><strong>Gestione dei crediti<\/strong>: evita il lungo compito di assegnare crediti a ogni corso e per ogni classe<\/li>\n<li><strong>Analisi dell&#8217;istituto<\/strong>: elabora istantaneamente i numeri sul rendimento scolastico della tua scuola, in modo olistico e a livello di classe. Confronta facilmente i nostri grafici e grafici interattivi con le vecchie statistiche e fatti un&#8217;idea di dove si trova attualmente la tua scuola<\/li>\n<li><strong>Reporting avanzato<\/strong>: porta avanti i rapporti del tuo istituto e osserva le tendenze in termini di rendimento scolastico, comportamento e analisi della salute per ogni studente del tuo istituto<\/li>\n<\/ul>\n<h4>LE RECENSIONI DEGLI UTENTI<\/h4>\n<h5 class=\"font-weight-bold mb-1 d-flex align-items-center\">Gary S.&#8221;Valore fantastico.&#8221;<\/h5>\n<p><strong>Vantaggi: <\/strong>Applicazioni integrate e LMS.\u00a0Il supporto \u00e8 eccellente!\u00a0Facile da personalizzare, come se fosse basato su cloud e ospitato.\u00a0Anche l&#8217;app funziona bene, cos\u00ec come la funzione quiz.<\/p>\n<p><strong>Inconvenienti: <\/strong>Niente. Non ho avuto problemi, funziona bene, il costo \u00e8 ragionevole. Buoni video per la formazione. Soluzione ospitata.<\/p>\n<h4 class=\"font-weight-bold mb-1 d-flex align-items-center\">Dionnis P.&#8221;Grandi funzionalit\u00e0, ottima soluzione, grande valore!&#8221;<\/h4>\n<p><strong>Commenti: <\/strong>Nella nostra scuola siamo stati in grado di offrire a insegnanti, studenti e genitori uno strumento efficace per comunicare e lavorare insieme. Inoltre, i nostri amministratori hanno un modo per completare con successo ogni processo della scuola. Educatori, psicologi e quasi ogni personale possono trarre il meglio da Classe365<\/p>\n<p><strong>Vantaggi: <\/strong>Classe365 \u00e8 la soluzione totale per qualsiasi scuola che desideri essere efficiente ed efficace in questo nuovo mondo. Questa piattaforma multi-servizio offre un potente SIS, un LMS completo, un CRM molto utile e la cosa pi\u00f9 importante: collega l&#8217;intera comunit\u00e0 educativa (genitori, studenti, insegnanti e amministratori). Il fatto che sia basato sul Web, lo rende molto utile, sempre disponibile e molto conveniente. Il prezzo batte qualsiasi altro concorrente. Dal momento che \u00e8 modulare, puoi ottenere ci\u00f2 di cui hai bisogno e non devi pagare soldi extra. Lo stiamo usando in America Latina ed \u00e8 incredibile il modo in cui si adatta a quasi ogni situazione ed esigenza educativa. Senza dubbio \u00e8 un ottimo strumento per le scuole di oggi.<\/p>\n<p><strong>Inconvenienti: <\/strong>La personalizzazione specifica potrebbe non essere molto semplice e richiedere tempo e denaro.<\/p>\n<h4 class=\"font-weight-bold mb-1 d-flex align-items-center\">Hadley B.&#8221;Recensione Classe365&#8243;<\/h4>\n<p><strong>Commenti: <\/strong>Siamo stati in grado di automatizzare molti dei nostri processi manuali tra cui schede attivit\u00e0, presenze e rapporti degli studenti.<\/p>\n<p><strong>Vantaggi: <\/strong>Questo software \u00e8 ottimo per programmare e organizzare insegnanti e studenti. La configurazione flessibile di I ci consente di gestire con precisione il nostro corpo studentesco.<\/p>\n<p><strong>Inconvenienti: <\/strong>Penso che i rapporti potrebbero essere un po &#8216;pi\u00f9 facili da usare, ma il supporto \u00e8 ottimo e sono sempre disponibili a personalizzare i rapporti per soddisfare le nostre esigenze.<\/p>\n","protected":false},"excerpt":{"rendered":"<p>Classe365 \u00e8 un sistema di gestione dell&#8217;apprendimento basato su cloud (LMS) e sistema informativo degli studenti (SIS) adatto per le istituti scolastici. Il software aiuta gli educatori a gestire i propri studenti e il contenuto del corso e offre strumenti di apprendimento misto, piattaforme di discussione e altro ancora.\u00a0<\/p>\n","protected":false},"author":19,"featured_media":30384,"parent":30279,"menu_order":0,"comment_status":"open","ping_status":"closed","template":"g1_template_page_review_new.php","meta":{"_acf_changed":false,"cwp_meta_box_check":"Yes","cwp_rev_product_name":"","cwp_rev_product_image":"","wppr_links":[],"cwp_rev_price":"","wppr_options":[],"wppr_pros":[],"wppr_cons":[],"_monsterinsights_skip_tracking":false,"_monsterinsights_sitenote_active":false,"_monsterinsights_sitenote_note":"","_monsterinsights_sitenote_category":0,"footnotes":""},"categories":[3634],"tags":[3662,396,3661,3660,3659,3658],"features":[],"class_list":{"0":"post-30383","1":"page","2":"type-page","3":"status-publish","4":"has-post-thumbnail","6":"category-piattaforme-per-la-didattica-a-distanza-categoria","7":"tag-classe365","8":"tag-cloud","9":"tag-piattaforma-didattica-a-distanza","10":"tag-programma-didattica-a-distanza","11":"tag-software-didattica-a-distanza","12":"tag-soluzione-didattica-a-distanza"},"wppr_data":{"cwp_meta_box_check":"Yes","cwp_rev_product_name":"","cwp_rev_product_image":"","cwp_image_link":"image","cwp_rev_price":"","wppr_rating":"0.00"},"acf":[],"yoast_head":"<!-- This site is optimized with the Yoast SEO plugin v27.4 - https:\/\/yoast.com\/product\/yoast-seo-wordpress\/ -->\n<title>Classe365: recensione software di didattica a distanza - Accurate Reviews<\/title>\n<meta name=\"description\" content=\"Classe365: recensione sistema di gestione dell&#039;apprendimento basato su cloud e sistema informativo degli studenti adatto per le scuole.\" \/>\n<meta name=\"robots\" content=\"index, follow, max-snippet:-1, max-image-preview:large, max-video-preview:-1\" \/>\n<link rel=\"canonical\" href=\"https:\/\/www.accuratereviews.com\/it\/piattaforme-didattica-distanza\/classe365-recensione\/\" \/>\n<meta property=\"og:locale\" content=\"it_IT\" \/>\n<meta property=\"og:type\" content=\"article\" \/>\n<meta property=\"og:title\" content=\"Classe365: recensione software di didattica a distanza - Accurate Reviews\" \/>\n<meta property=\"og:description\" content=\"Classe365: recensione sistema di gestione dell&#039;apprendimento basato su cloud e sistema informativo degli studenti adatto per le scuole.\" \/>\n<meta property=\"og:url\" content=\"https:\/\/www.accuratereviews.com\/it\/piattaforme-didattica-distanza\/classe365-recensione\/\" \/>\n<meta property=\"og:site_name\" content=\"Accurate Reviews\" \/>\n<meta property=\"article:modified_time\" content=\"2021-02-03T15:58:36+00:00\" \/>\n<meta property=\"og:image\" content=\"https:\/\/www.accuratereviews.com\/wp-content\/uploads\/2020\/09\/classe365.png\" \/>\n\t<meta property=\"og:image:width\" content=\"256\" \/>\n\t<meta property=\"og:image:height\" content=\"256\" \/>\n\t<meta property=\"og:image:type\" content=\"image\/png\" \/>\n<meta name=\"twitter:card\" content=\"summary_large_image\" \/>\n<meta name=\"twitter:label1\" content=\"Tempo di lettura stimato\" \/>\n\t<meta name=\"twitter:data1\" content=\"4 minuti\" \/>\n<script type=\"application\/ld+json\" class=\"yoast-schema-graph\">{\"@context\":\"https:\\\/\\\/schema.org\",\"@graph\":[{\"@type\":\"WebPage\",\"@id\":\"https:\\\/\\\/www.accuratereviews.com\\\/it\\\/piattaforme-didattica-distanza\\\/classe365-recensione\\\/\",\"url\":\"https:\\\/\\\/www.accuratereviews.com\\\/it\\\/piattaforme-didattica-distanza\\\/classe365-recensione\\\/\",\"name\":\"Classe365: recensione software di didattica a distanza - Accurate Reviews\",\"isPartOf\":{\"@id\":\"https:\\\/\\\/www.accuratereviews.com\\\/it\\\/#website\"},\"primaryImageOfPage\":{\"@id\":\"https:\\\/\\\/www.accuratereviews.com\\\/it\\\/piattaforme-didattica-distanza\\\/classe365-recensione\\\/#primaryimage\"},\"image\":{\"@id\":\"https:\\\/\\\/www.accuratereviews.com\\\/it\\\/piattaforme-didattica-distanza\\\/classe365-recensione\\\/#primaryimage\"},\"thumbnailUrl\":\"https:\\\/\\\/www.accuratereviews.com\\\/wp-content\\\/uploads\\\/2020\\\/09\\\/classe365.png\",\"datePublished\":\"2020-09-18T09:37:57+00:00\",\"dateModified\":\"2021-02-03T15:58:36+00:00\",\"description\":\"Classe365: recensione sistema di gestione dell'apprendimento basato su cloud e sistema informativo degli studenti adatto per le scuole.\",\"breadcrumb\":{\"@id\":\"https:\\\/\\\/www.accuratereviews.com\\\/it\\\/piattaforme-didattica-distanza\\\/classe365-recensione\\\/#breadcrumb\"},\"inLanguage\":\"it-IT\",\"potentialAction\":[{\"@type\":\"ReadAction\",\"target\":[\"https:\\\/\\\/www.accuratereviews.com\\\/it\\\/piattaforme-didattica-distanza\\\/classe365-recensione\\\/\"]}]},{\"@type\":\"ImageObject\",\"inLanguage\":\"it-IT\",\"@id\":\"https:\\\/\\\/www.accuratereviews.com\\\/it\\\/piattaforme-didattica-distanza\\\/classe365-recensione\\\/#primaryimage\",\"url\":\"https:\\\/\\\/www.accuratereviews.com\\\/wp-content\\\/uploads\\\/2020\\\/09\\\/classe365.png\",\"contentUrl\":\"https:\\\/\\\/www.accuratereviews.com\\\/wp-content\\\/uploads\\\/2020\\\/09\\\/classe365.png\",\"width\":256,\"height\":256},{\"@type\":\"BreadcrumbList\",\"@id\":\"https:\\\/\\\/www.accuratereviews.com\\\/it\\\/piattaforme-didattica-distanza\\\/classe365-recensione\\\/#breadcrumb\",\"itemListElement\":[{\"@type\":\"ListItem\",\"position\":1,\"name\":\"Home\",\"item\":\"https:\\\/\\\/www.accuratereviews.com\\\/it\\\/\"},{\"@type\":\"ListItem\",\"position\":2,\"name\":\"Piattaforme per la didattica a distanza\",\"item\":\"https:\\\/\\\/www.accuratereviews.com\\\/it\\\/piattaforme-didattica-distanza\\\/\"},{\"@type\":\"ListItem\",\"position\":3,\"name\":\"Classe365\"}]},{\"@type\":\"WebSite\",\"@id\":\"https:\\\/\\\/www.accuratereviews.com\\\/it\\\/#website\",\"url\":\"https:\\\/\\\/www.accuratereviews.com\\\/it\\\/\",\"name\":\"Accurate Reviews\",\"description\":\"\",\"potentialAction\":[{\"@type\":\"SearchAction\",\"target\":{\"@type\":\"EntryPoint\",\"urlTemplate\":\"https:\\\/\\\/www.accuratereviews.com\\\/it\\\/?s={search_term_string}\"},\"query-input\":{\"@type\":\"PropertyValueSpecification\",\"valueRequired\":true,\"valueName\":\"search_term_string\"}}],\"inLanguage\":\"it-IT\"}]}<\/script>\n<!-- \/ Yoast SEO plugin. -->","yoast_head_json":{"title":"Classe365: recensione software di didattica a distanza - Accurate Reviews","description":"Classe365: recensione sistema di gestione dell'apprendimento basato su cloud e sistema informativo degli studenti adatto per le scuole.","robots":{"index":"index","follow":"follow","max-snippet":"max-snippet:-1","max-image-preview":"max-image-preview:large","max-video-preview":"max-video-preview:-1"},"canonical":"https:\/\/www.accuratereviews.com\/it\/piattaforme-didattica-distanza\/classe365-recensione\/","og_locale":"it_IT","og_type":"article","og_title":"Classe365: recensione software di didattica a distanza - Accurate Reviews","og_description":"Classe365: recensione sistema di gestione dell'apprendimento basato su cloud e sistema informativo degli studenti adatto per le scuole.","og_url":"https:\/\/www.accuratereviews.com\/it\/piattaforme-didattica-distanza\/classe365-recensione\/","og_site_name":"Accurate Reviews","article_modified_time":"2021-02-03T15:58:36+00:00","og_image":[{"width":256,"height":256,"url":"https:\/\/www.accuratereviews.com\/wp-content\/uploads\/2020\/09\/classe365.png","type":"image\/png"}],"twitter_card":"summary_large_image","twitter_misc":{"Tempo di lettura stimato":"4 minuti"},"schema":{"@context":"https:\/\/schema.org","@graph":[{"@type":"WebPage","@id":"https:\/\/www.accuratereviews.com\/it\/piattaforme-didattica-distanza\/classe365-recensione\/","url":"https:\/\/www.accuratereviews.com\/it\/piattaforme-didattica-distanza\/classe365-recensione\/","name":"Classe365: recensione software di didattica a distanza - Accurate Reviews","isPartOf":{"@id":"https:\/\/www.accuratereviews.com\/it\/#website"},"primaryImageOfPage":{"@id":"https:\/\/www.accuratereviews.com\/it\/piattaforme-didattica-distanza\/classe365-recensione\/#primaryimage"},"image":{"@id":"https:\/\/www.accuratereviews.com\/it\/piattaforme-didattica-distanza\/classe365-recensione\/#primaryimage"},"thumbnailUrl":"https:\/\/www.accuratereviews.com\/wp-content\/uploads\/2020\/09\/classe365.png","datePublished":"2020-09-18T09:37:57+00:00","dateModified":"2021-02-03T15:58:36+00:00","description":"Classe365: recensione sistema di gestione dell'apprendimento basato su cloud e sistema informativo degli studenti adatto per le scuole.","breadcrumb":{"@id":"https:\/\/www.accuratereviews.com\/it\/piattaforme-didattica-distanza\/classe365-recensione\/#breadcrumb"},"inLanguage":"it-IT","potentialAction":[{"@type":"ReadAction","target":["https:\/\/www.accuratereviews.com\/it\/piattaforme-didattica-distanza\/classe365-recensione\/"]}]},{"@type":"ImageObject","inLanguage":"it-IT","@id":"https:\/\/www.accuratereviews.com\/it\/piattaforme-didattica-distanza\/classe365-recensione\/#primaryimage","url":"https:\/\/www.accuratereviews.com\/wp-content\/uploads\/2020\/09\/classe365.png","contentUrl":"https:\/\/www.accuratereviews.com\/wp-content\/uploads\/2020\/09\/classe365.png","width":256,"height":256},{"@type":"BreadcrumbList","@id":"https:\/\/www.accuratereviews.com\/it\/piattaforme-didattica-distanza\/classe365-recensione\/#breadcrumb","itemListElement":[{"@type":"ListItem","position":1,"name":"Home","item":"https:\/\/www.accuratereviews.com\/it\/"},{"@type":"ListItem","position":2,"name":"Piattaforme per la didattica a distanza","item":"https:\/\/www.accuratereviews.com\/it\/piattaforme-didattica-distanza\/"},{"@type":"ListItem","position":3,"name":"Classe365"}]},{"@type":"WebSite","@id":"https:\/\/www.accuratereviews.com\/it\/#website","url":"https:\/\/www.accuratereviews.com\/it\/","name":"Accurate Reviews","description":"","potentialAction":[{"@type":"SearchAction","target":{"@type":"EntryPoint","urlTemplate":"https:\/\/www.accuratereviews.com\/it\/?s={search_term_string}"},"query-input":{"@type":"PropertyValueSpecification","valueRequired":true,"valueName":"search_term_string"}}],"inLanguage":"it-IT"}]}},"_links":{"self":[{"href":"https:\/\/www.accuratereviews.com\/it\/wp-json\/wp\/v2\/pages\/30383","targetHints":{"allow":["GET"]}}],"collection":[{"href":"https:\/\/www.accuratereviews.com\/it\/wp-json\/wp\/v2\/pages"}],"about":[{"href":"https:\/\/www.accuratereviews.com\/it\/wp-json\/wp\/v2\/types\/page"}],"author":[{"embeddable":true,"href":"https:\/\/www.accuratereviews.com\/it\/wp-json\/wp\/v2\/users\/19"}],"replies":[{"embeddable":true,"href":"https:\/\/www.accuratereviews.com\/it\/wp-json\/wp\/v2\/comments?post=30383"}],"version-history":[{"count":9,"href":"https:\/\/www.accuratereviews.com\/it\/wp-json\/wp\/v2\/pages\/30383\/revisions"}],"predecessor-version":[{"id":36694,"href":"https:\/\/www.accuratereviews.com\/it\/wp-json\/wp\/v2\/pages\/30383\/revisions\/36694"}],"up":[{"embeddable":true,"href":"https:\/\/www.accuratereviews.com\/it\/wp-json\/wp\/v2\/pages\/30279"}],"wp:featuredmedia":[{"embeddable":true,"href":"https:\/\/www.accuratereviews.com\/it\/wp-json\/wp\/v2\/media\/30384"}],"wp:attachment":[{"href":"https:\/\/www.accuratereviews.com\/it\/wp-json\/wp\/v2\/media?parent=30383"}],"wp:term":[{"taxonomy":"category","embeddable":true,"href":"https:\/\/www.accuratereviews.com\/it\/wp-json\/wp\/v2\/categories?post=30383"},{"taxonomy":"post_tag","embeddable":true,"href":"https:\/\/www.accuratereviews.com\/it\/wp-json\/wp\/v2\/tags?post=30383"},{"taxonomy":"features","embeddable":true,"href":"https:\/\/www.accuratereviews.com\/it\/wp-json\/wp\/v2\/features?post=30383"}],"curies":[{"name":"wp","href":"https:\/\/api.w.org\/{rel}","templated":true}]}}