{"id":30391,"date":"2020-09-18T09:36:50","date_gmt":"2020-09-18T09:36:50","guid":{"rendered":"https:\/\/www.accuratereviews.com\/?page_id=30391"},"modified":"2021-02-04T14:00:14","modified_gmt":"2021-02-04T14:00:14","slug":"vectera-recensione","status":"publish","type":"page","link":"https:\/\/www.accuratereviews.com\/it\/piattaforme-didattica-distanza\/vectera-recensione\/","title":{"rendered":"Vectera"},"content":{"rendered":"<p><strong>Vectera<\/strong> \u00e8 una <strong>soluzione per la gestione delle riunioni,<\/strong> che aiuta le aziende e le scuole a semplificare i processi relativi alla pianificazione degli appuntamenti, alle videoconferenze, alla gestione delle comunicazioni e altro ancora. La piattaforma consente alle organizzazioni di creare stanze video crittografate per i clienti, facilitando il monitoraggio delle interazioni, la condivisione e la registrazione dei documenti. Il programma\u00a0\u00e8 dotato di funzionalit\u00e0 white label, che consentono alle aziende di personalizzare l&#8217;interfaccia utilizzando un logo, colori e temi personalizzati per stabilire l&#8217;identit\u00e0 del marchio. Le caratteristiche della soluzione includono annotazioni, note e sincronizzazione dei contatti, esplorazione condivisa, lavagna bianca, registrazione video e conversazioni e altro ancora. Inoltre, gli utenti possono utilizzare la funzionalit\u00e0 di condivisione dello schermo per discutere presentazioni \/ contratti, fornire demo e prendere appunti come riferimento.<\/p>\n<h2>VECTERA &#8211; TUTORIAL<\/h2>\n<p>Guarda come organizzare riunioni interattive condividendo documenti, lavagna bianca, condivisione dello schermo, cobrowsing e molto altro:<\/p>\n<div id=\"fluid-wrapper-counter-1\" class=\"g1-fluid-wrapper \" style=\"width:686px;\">\n<div style=\"padding-bottom:56.268221574344%;\"><iframe loading=\"lazy\" title=\"Vectera meeting room, booking and whiteboard lifetime deal Appsumo\" width=\"686\" height=\"386\" src=\"https:\/\/www.youtube.com\/embed\/yUyF_i-dQmQ?feature=oembed&amp;wmode=transparent&amp;autohide=1&amp;autoplay=0&amp;disablekb=0&amp;fs=1&amp;loop=0&amp;enablejsapi=1&amp;rel=0&amp;controls=2&amp;showinfo=0&amp;wmode=transparent&amp;autohide=2&amp;autoplay=0&amp;disablekb=0&amp;fs=1&amp;loop=0&amp;enablejsapi=1&amp;rel=0&amp;controls=2&amp;showinfo=1\" frameborder=\"0\" allow=\"accelerometer; autoplay; clipboard-write; encrypted-media; gyroscope; picture-in-picture\" allowfullscreen><\/iframe><\/div>\n<\/div>\n<h3>VECTERA &#8211; CARATTERISTICHE<\/h3>\n<ul>\n<li>Conferenze audio e video<\/li>\n<li>Riunioni illimitate<\/li>\n<li>Nessun download e aggiornamenti da installare<\/li>\n<li>Sala d&#8217;attesa per i clienti<\/li>\n<li>Condivisione dello schermo (scheda, app, desktop completo)<\/li>\n<li>Co-annotazione del documento<\/li>\n<li>Registrazione<\/li>\n<li>Componente aggiuntivo Whitelabel (inclusi CNAME, logo e schermata di attesa personalizzata)<\/li>\n<li>Modalit\u00e0 relatore comprese note di riunioni private<\/li>\n<li>Accesso API Su richiesta<\/li>\n<li>Condivisione e download di file<\/li>\n<li>Integrazioni<\/li>\n<li>Pianificazione<\/li>\n<li>Ampio supporto del calendario (Outlook, Office 365, Google, Exchange, iCloud)<\/li>\n<li>Pagine di prenotazione personalizzate<\/li>\n<li>Sincronizzazione del calendario in tempo reale<\/li>\n<li>Rilevamento del fuso orario<\/li>\n<li>Aggiungi lo scheduler al tuo sito web<\/li>\n<li>Ricevi pagamenti quando i clienti prenotano una riunione<\/li>\n<li>Supporto<\/li>\n<li>Assistenza via email<\/li>\n<li>Accesso al centro assistenza<\/li>\n<li>Chat dal vivo<\/li>\n<\/ul>\n<h4>LE RECENSIONI DEGLI UTENTI<\/h4>\n<h4 class=\"font-weight-bold mb-1 d-flex align-items-center\">Raymond P.&#8221;Ha cambiato positivamente il modo in cui fornisco le consulenze!&#8221;<\/h4>\n<p><strong>Commenti: <\/strong>Nel complesso, fantastico! Nessuna lamentela! Vorrei che ci fossero pi\u00f9 opzioni di pagamento comunque. Altrimenti, lo consiglierei assolutamente a chiunque cerchi una solida piattaforma di prenotazione di consulenza.<\/p>\n<p><strong>Vantaggi: <\/strong>Amo la semplicit\u00e0 e la qualit\u00e0 delle chiamate. La condivisione dello schermo \u00e8 di gran lunga tra le funzionalit\u00e0 pi\u00f9 utili che molti servizi come questo non forniscono, questo era esattamente ci\u00f2 di cui avevo bisogno per condividere e spiegare meglio le cose ai clienti ea chiunque avesse bisogno di ulteriore aiuto che una semplice telefonata non pu\u00f2 fornire. La funzione di pagamento \u00e8 un vantaggio enorme! Molto semplice da configurare!<\/p>\n<p><strong>Inconvenienti: <\/strong>Amo tutto &#8230; tranne che c&#8217;\u00e8 il marchio Vectera, che non mi dispiace, non \u00e8 troppo invadente ma come agenzia di marketing, preferirei assolutamente che fosse White-Label. Vorrei anche che ci fossero Venmo, CashApp, Bonifico bancario o Paypal come opzione di pagamento.<\/p>\n<h5 class=\"font-weight-bold mb-1 d-flex align-items-center\">Vickie F.&#8221;Ottima alternativa a Zoom&#8221;<\/h5>\n<p><strong>Commenti: <\/strong>Sono quasi andato a zoomare un po &#8216;di tempo fa, finch\u00e9 non ho provato Vectera. L&#8217;esperienza complessiva \u00e8 molto positiva e ho due clienti che me lo chiedono perch\u00e9 a loro piace molto la facilit\u00e0 di accesso. Ha fatto un&#8217;enorme differenza nei miei affari prima del covid, ora che tutto \u00e8 remoto, \u00e8 una benedizione da avere. Il supporto mi viene subito in mente se ho domande e non con appena in scatola ecco la risposta della documentazione. Mi piace anche come si concentrano sui miglioramenti continui.<\/p>\n<p><strong>Vantaggi: <\/strong>Oltre all&#8217;ottimo servizio clienti, \u00e8 MOLTO facile per i clienti accedere alla sala riunioni. Cobrowse \u00e8 fantastico per la formazione e il supporto tecnico. Mi piace molto lo scheduler e la possibilit\u00e0 di etichettare l&#8217;URL. Rende la mia piccola impresa pi\u00f9 professionale.<\/p>\n<p><strong>Inconvenienti: <\/strong>Di tanto in tanto una chiamanta cade. La sfocatura dello sfondo richiede troppe risorse.<\/p>\n<h4 class=\"font-weight-bold mb-1 d-flex align-items-center\">Aaron O.&#8221;Ottimo software per videoconferenze!&#8221;<\/h4>\n<p><strong>Commenti: <\/strong>Fantastico prodotto! Lo usiamo tutti i giorni e ci ha aiutato a mantenere ottimi rapporti con i nostri clienti.<\/p>\n<p><strong>Vantaggi: <\/strong>Facilit\u00e0 di creare e avviare una sala riunioni.<\/p>\n<p><strong>Inconvenienti: <\/strong>L&#8217;interfaccia \u00e8 un po &#8216;datata e la connessione non \u00e8 sempre buona.<\/p>\n","protected":false},"excerpt":{"rendered":"<p>Vectera \u00e8 una soluzione per la gestione delle riunioni, che aiuta le aziende e le scuole a semplificare i processi relativi alla pianificazione degli appuntamenti, alle videoconferenze, alla gestione delle comunicazioni e altro ancora. La piattaforma consente alle organizzazioni di creare stanze video crittografate per i clienti, facilitando il monitoraggio delle interazioni, la condivisione e la registrazione dei documenti.<\/p>\n","protected":false},"author":19,"featured_media":30392,"parent":30279,"menu_order":0,"comment_status":"open","ping_status":"closed","template":"g1_template_page_review_new.php","meta":{"_acf_changed":false,"cwp_meta_box_check":"Yes","cwp_rev_product_name":"","cwp_rev_product_image":"","wppr_links":[],"cwp_rev_price":"","wppr_options":[],"wppr_pros":[],"wppr_cons":[],"_monsterinsights_skip_tracking":false,"_monsterinsights_sitenote_active":false,"_monsterinsights_sitenote_note":"","_monsterinsights_sitenote_category":0,"footnotes":""},"categories":[3634],"tags":[396,3641,3639,3637,3638,3663],"features":[],"class_list":{"0":"post-30391","1":"page","2":"type-page","3":"status-publish","4":"has-post-thumbnail","6":"category-piattaforme-per-la-didattica-a-distanza-categoria","7":"tag-cloud","8":"tag-piattaforma-di-didattica-a-distanza","9":"tag-programma-di-didattica-a-distanza","10":"tag-software-di-didattica-a-distanza","11":"tag-soluzione-di-didattica-a-distanza","12":"tag-vectera"},"wppr_data":{"cwp_meta_box_check":"Yes","cwp_rev_product_name":"","cwp_rev_product_image":"","cwp_image_link":"image","cwp_rev_price":"","wppr_rating":"0.00"},"acf":[],"yoast_head":"<!-- This site is optimized with the Yoast SEO plugin v27.4 - https:\/\/yoast.com\/product\/yoast-seo-wordpress\/ -->\n<title>Vectera: recensione software di didattica a distanza - Accurate Reviews<\/title>\n<meta name=\"description\" content=\"Vectera: recensione soluzione per la gestione delle riunioni, che aiuta le aziende e le scuole a semplificare i processi di videoconferenze.\" \/>\n<meta name=\"robots\" content=\"index, follow, max-snippet:-1, max-image-preview:large, max-video-preview:-1\" \/>\n<link rel=\"canonical\" href=\"https:\/\/www.accuratereviews.com\/it\/piattaforme-didattica-distanza\/vectera-recensione\/\" \/>\n<meta property=\"og:locale\" content=\"it_IT\" \/>\n<meta property=\"og:type\" content=\"article\" \/>\n<meta property=\"og:title\" content=\"Vectera: recensione software di didattica a distanza - Accurate Reviews\" \/>\n<meta property=\"og:description\" content=\"Vectera: recensione soluzione per la gestione delle riunioni, che aiuta le aziende e le scuole a semplificare i processi di videoconferenze.\" \/>\n<meta property=\"og:url\" content=\"https:\/\/www.accuratereviews.com\/it\/piattaforme-didattica-distanza\/vectera-recensione\/\" \/>\n<meta property=\"og:site_name\" content=\"Accurate Reviews\" \/>\n<meta property=\"article:modified_time\" content=\"2021-02-04T14:00:14+00:00\" \/>\n<meta property=\"og:image\" content=\"https:\/\/www.accuratereviews.com\/wp-content\/uploads\/2020\/09\/vectera-logo-Elnuevoempresario.jpg\" \/>\n\t<meta property=\"og:image:width\" content=\"600\" \/>\n\t<meta property=\"og:image:height\" content=\"400\" \/>\n\t<meta property=\"og:image:type\" content=\"image\/jpeg\" \/>\n<meta name=\"twitter:card\" content=\"summary_large_image\" \/>\n<meta name=\"twitter:label1\" content=\"Tempo di lettura stimato\" \/>\n\t<meta name=\"twitter:data1\" content=\"3 minuti\" \/>\n<script type=\"application\/ld+json\" class=\"yoast-schema-graph\">{\"@context\":\"https:\\\/\\\/schema.org\",\"@graph\":[{\"@type\":\"WebPage\",\"@id\":\"https:\\\/\\\/www.accuratereviews.com\\\/it\\\/piattaforme-didattica-distanza\\\/vectera-recensione\\\/\",\"url\":\"https:\\\/\\\/www.accuratereviews.com\\\/it\\\/piattaforme-didattica-distanza\\\/vectera-recensione\\\/\",\"name\":\"Vectera: recensione software di didattica a distanza - Accurate Reviews\",\"isPartOf\":{\"@id\":\"https:\\\/\\\/www.accuratereviews.com\\\/it\\\/#website\"},\"primaryImageOfPage\":{\"@id\":\"https:\\\/\\\/www.accuratereviews.com\\\/it\\\/piattaforme-didattica-distanza\\\/vectera-recensione\\\/#primaryimage\"},\"image\":{\"@id\":\"https:\\\/\\\/www.accuratereviews.com\\\/it\\\/piattaforme-didattica-distanza\\\/vectera-recensione\\\/#primaryimage\"},\"thumbnailUrl\":\"https:\\\/\\\/www.accuratereviews.com\\\/wp-content\\\/uploads\\\/2020\\\/09\\\/vectera-logo-Elnuevoempresario.jpg\",\"datePublished\":\"2020-09-18T09:36:50+00:00\",\"dateModified\":\"2021-02-04T14:00:14+00:00\",\"description\":\"Vectera: recensione soluzione per la gestione delle riunioni, che aiuta le aziende e le scuole a semplificare i processi di videoconferenze.\",\"breadcrumb\":{\"@id\":\"https:\\\/\\\/www.accuratereviews.com\\\/it\\\/piattaforme-didattica-distanza\\\/vectera-recensione\\\/#breadcrumb\"},\"inLanguage\":\"it-IT\",\"potentialAction\":[{\"@type\":\"ReadAction\",\"target\":[\"https:\\\/\\\/www.accuratereviews.com\\\/it\\\/piattaforme-didattica-distanza\\\/vectera-recensione\\\/\"]}]},{\"@type\":\"ImageObject\",\"inLanguage\":\"it-IT\",\"@id\":\"https:\\\/\\\/www.accuratereviews.com\\\/it\\\/piattaforme-didattica-distanza\\\/vectera-recensione\\\/#primaryimage\",\"url\":\"https:\\\/\\\/www.accuratereviews.com\\\/wp-content\\\/uploads\\\/2020\\\/09\\\/vectera-logo-Elnuevoempresario.jpg\",\"contentUrl\":\"https:\\\/\\\/www.accuratereviews.com\\\/wp-content\\\/uploads\\\/2020\\\/09\\\/vectera-logo-Elnuevoempresario.jpg\",\"width\":600,\"height\":400},{\"@type\":\"BreadcrumbList\",\"@id\":\"https:\\\/\\\/www.accuratereviews.com\\\/it\\\/piattaforme-didattica-distanza\\\/vectera-recensione\\\/#breadcrumb\",\"itemListElement\":[{\"@type\":\"ListItem\",\"position\":1,\"name\":\"Home\",\"item\":\"https:\\\/\\\/www.accuratereviews.com\\\/it\\\/\"},{\"@type\":\"ListItem\",\"position\":2,\"name\":\"Piattaforme per la didattica a distanza\",\"item\":\"https:\\\/\\\/www.accuratereviews.com\\\/it\\\/piattaforme-didattica-distanza\\\/\"},{\"@type\":\"ListItem\",\"position\":3,\"name\":\"Vectera\"}]},{\"@type\":\"WebSite\",\"@id\":\"https:\\\/\\\/www.accuratereviews.com\\\/it\\\/#website\",\"url\":\"https:\\\/\\\/www.accuratereviews.com\\\/it\\\/\",\"name\":\"Accurate Reviews\",\"description\":\"\",\"potentialAction\":[{\"@type\":\"SearchAction\",\"target\":{\"@type\":\"EntryPoint\",\"urlTemplate\":\"https:\\\/\\\/www.accuratereviews.com\\\/it\\\/?s={search_term_string}\"},\"query-input\":{\"@type\":\"PropertyValueSpecification\",\"valueRequired\":true,\"valueName\":\"search_term_string\"}}],\"inLanguage\":\"it-IT\"}]}<\/script>\n<!-- \/ Yoast SEO plugin. -->","yoast_head_json":{"title":"Vectera: recensione software di didattica a distanza - Accurate Reviews","description":"Vectera: recensione soluzione per la gestione delle riunioni, che aiuta le aziende e le scuole a semplificare i processi di videoconferenze.","robots":{"index":"index","follow":"follow","max-snippet":"max-snippet:-1","max-image-preview":"max-image-preview:large","max-video-preview":"max-video-preview:-1"},"canonical":"https:\/\/www.accuratereviews.com\/it\/piattaforme-didattica-distanza\/vectera-recensione\/","og_locale":"it_IT","og_type":"article","og_title":"Vectera: recensione software di didattica a distanza - Accurate Reviews","og_description":"Vectera: recensione soluzione per la gestione delle riunioni, che aiuta le aziende e le scuole a semplificare i processi di videoconferenze.","og_url":"https:\/\/www.accuratereviews.com\/it\/piattaforme-didattica-distanza\/vectera-recensione\/","og_site_name":"Accurate Reviews","article_modified_time":"2021-02-04T14:00:14+00:00","og_image":[{"width":600,"height":400,"url":"https:\/\/www.accuratereviews.com\/wp-content\/uploads\/2020\/09\/vectera-logo-Elnuevoempresario.jpg","type":"image\/jpeg"}],"twitter_card":"summary_large_image","twitter_misc":{"Tempo di lettura stimato":"3 minuti"},"schema":{"@context":"https:\/\/schema.org","@graph":[{"@type":"WebPage","@id":"https:\/\/www.accuratereviews.com\/it\/piattaforme-didattica-distanza\/vectera-recensione\/","url":"https:\/\/www.accuratereviews.com\/it\/piattaforme-didattica-distanza\/vectera-recensione\/","name":"Vectera: recensione software di didattica a distanza - Accurate Reviews","isPartOf":{"@id":"https:\/\/www.accuratereviews.com\/it\/#website"},"primaryImageOfPage":{"@id":"https:\/\/www.accuratereviews.com\/it\/piattaforme-didattica-distanza\/vectera-recensione\/#primaryimage"},"image":{"@id":"https:\/\/www.accuratereviews.com\/it\/piattaforme-didattica-distanza\/vectera-recensione\/#primaryimage"},"thumbnailUrl":"https:\/\/www.accuratereviews.com\/wp-content\/uploads\/2020\/09\/vectera-logo-Elnuevoempresario.jpg","datePublished":"2020-09-18T09:36:50+00:00","dateModified":"2021-02-04T14:00:14+00:00","description":"Vectera: recensione soluzione per la gestione delle riunioni, che aiuta le aziende e le scuole a semplificare i processi di videoconferenze.","breadcrumb":{"@id":"https:\/\/www.accuratereviews.com\/it\/piattaforme-didattica-distanza\/vectera-recensione\/#breadcrumb"},"inLanguage":"it-IT","potentialAction":[{"@type":"ReadAction","target":["https:\/\/www.accuratereviews.com\/it\/piattaforme-didattica-distanza\/vectera-recensione\/"]}]},{"@type":"ImageObject","inLanguage":"it-IT","@id":"https:\/\/www.accuratereviews.com\/it\/piattaforme-didattica-distanza\/vectera-recensione\/#primaryimage","url":"https:\/\/www.accuratereviews.com\/wp-content\/uploads\/2020\/09\/vectera-logo-Elnuevoempresario.jpg","contentUrl":"https:\/\/www.accuratereviews.com\/wp-content\/uploads\/2020\/09\/vectera-logo-Elnuevoempresario.jpg","width":600,"height":400},{"@type":"BreadcrumbList","@id":"https:\/\/www.accuratereviews.com\/it\/piattaforme-didattica-distanza\/vectera-recensione\/#breadcrumb","itemListElement":[{"@type":"ListItem","position":1,"name":"Home","item":"https:\/\/www.accuratereviews.com\/it\/"},{"@type":"ListItem","position":2,"name":"Piattaforme per la didattica a distanza","item":"https:\/\/www.accuratereviews.com\/it\/piattaforme-didattica-distanza\/"},{"@type":"ListItem","position":3,"name":"Vectera"}]},{"@type":"WebSite","@id":"https:\/\/www.accuratereviews.com\/it\/#website","url":"https:\/\/www.accuratereviews.com\/it\/","name":"Accurate Reviews","description":"","potentialAction":[{"@type":"SearchAction","target":{"@type":"EntryPoint","urlTemplate":"https:\/\/www.accuratereviews.com\/it\/?s={search_term_string}"},"query-input":{"@type":"PropertyValueSpecification","valueRequired":true,"valueName":"search_term_string"}}],"inLanguage":"it-IT"}]}},"_links":{"self":[{"href":"https:\/\/www.accuratereviews.com\/it\/wp-json\/wp\/v2\/pages\/30391","targetHints":{"allow":["GET"]}}],"collection":[{"href":"https:\/\/www.accuratereviews.com\/it\/wp-json\/wp\/v2\/pages"}],"about":[{"href":"https:\/\/www.accuratereviews.com\/it\/wp-json\/wp\/v2\/types\/page"}],"author":[{"embeddable":true,"href":"https:\/\/www.accuratereviews.com\/it\/wp-json\/wp\/v2\/users\/19"}],"replies":[{"embeddable":true,"href":"https:\/\/www.accuratereviews.com\/it\/wp-json\/wp\/v2\/comments?post=30391"}],"version-history":[{"count":5,"href":"https:\/\/www.accuratereviews.com\/it\/wp-json\/wp\/v2\/pages\/30391\/revisions"}],"predecessor-version":[{"id":36786,"href":"https:\/\/www.accuratereviews.com\/it\/wp-json\/wp\/v2\/pages\/30391\/revisions\/36786"}],"up":[{"embeddable":true,"href":"https:\/\/www.accuratereviews.com\/it\/wp-json\/wp\/v2\/pages\/30279"}],"wp:featuredmedia":[{"embeddable":true,"href":"https:\/\/www.accuratereviews.com\/it\/wp-json\/wp\/v2\/media\/30392"}],"wp:attachment":[{"href":"https:\/\/www.accuratereviews.com\/it\/wp-json\/wp\/v2\/media?parent=30391"}],"wp:term":[{"taxonomy":"category","embeddable":true,"href":"https:\/\/www.accuratereviews.com\/it\/wp-json\/wp\/v2\/categories?post=30391"},{"taxonomy":"post_tag","embeddable":true,"href":"https:\/\/www.accuratereviews.com\/it\/wp-json\/wp\/v2\/tags?post=30391"},{"taxonomy":"features","embeddable":true,"href":"https:\/\/www.accuratereviews.com\/it\/wp-json\/wp\/v2\/features?post=30391"}],"curies":[{"name":"wp","href":"https:\/\/api.w.org\/{rel}","templated":true}]}}